{"id":19377,"date":"2025-04-07T06:31:11","date_gmt":"2025-04-07T06:31:11","guid":{"rendered":"https:\/\/www.hydraulic-cylinders.net\/product\/boom-cylinder-for-sdlg-large-excavator-lg6360e\/"},"modified":"2025-04-07T06:31:14","modified_gmt":"2025-04-07T06:31:14","slug":"boom-cylinder-for-sdlg-large-excavator-lg6360e","status":"publish","type":"product","link":"https:\/\/www.hydraulic-cylinders.net\/sv\/produkt\/boom-cylinder-for-sdlg-large-excavator-lg6360e\/","title":{"rendered":"Bomcylinder f\u00f6r SDLG stor gr\u00e4vmaskin LG6360E"},"content":{"rendered":"<h1>Bomcylinder f\u00f6r SDLG stor gr\u00e4vmaskin LG6360E<\/h1>\n<h2>Introduktion till bomcylindrar<\/h2>\n<p>Bomcylindern \u00e4r en typ av hydraulcylinder som \u00e4r speciellt utformad f\u00f6r att styra bommens r\u00f6relse p\u00e5 olika tunga maskiner, s\u00e5som gr\u00e4vmaskiner, gr\u00e4vlastare och frontlastare. Denna viktiga komponent g\u00f6r att bommen kan lyftas, s\u00e4nkas och lutas, vilket underl\u00e4ttar materialhanteringsoperationer effektivt. I hydrauliska system spelar dessa cylindrar en avg\u00f6rande roll genom att omvandla hydraultryck till mekanisk kraft, vilket m\u00f6jligg\u00f6r exakt kontroll \u00f6ver maskinens r\u00f6relser. Bomcylindern \u00e4r konstruerad f\u00f6r att motst\u00e5 h\u00f6ga tryck och tunga belastningar, vilket g\u00f6r den oumb\u00e4rlig inom bygg, jordbruk och andra industriella till\u00e4mpningar.<\/p>\n<p><img decoding=\"async\" src=\"https:\/\/www.hydraulic-cylinders.net\/wp-content\/uploads\/2025\/04\/songte-company-1.webp\" alt=\"Bomcylinder f\u00f6r gr\u00e4vmaskin\"><\/p>\n<h2>Funktioner hos bomcylindern<\/h2>\n<ul>\n<li><strong>H\u00f6g styrka och h\u00e5llbarhet:<\/strong> Bomcylindern, som vanligtvis \u00e4r tillverkad av h\u00f6gh\u00e5llfast st\u00e5l eller aluminium, t\u00e5l h\u00f6ga tryck och tunga belastningar. Dess konstruktion tar h\u00e4nsyn till slitstyrka och korrosionsbest\u00e4ndighet, vilket s\u00e4kerst\u00e4ller l\u00e5ng livsl\u00e4ngd.<\/li>\n<li><strong>Effektiv hydraulisk drift:<\/strong> Genom att anv\u00e4nda hydrauloljetryck ger cylindern smidig ut- och indragning, och reagerar snabbt p\u00e5 kontrollkommandon samtidigt som den levererar kraftfulla tryck- och dragkrafter l\u00e4mpliga f\u00f6r hantering av tunga material och komplexa uppgifter.<\/li>\n<li><strong>Olika typer:<\/strong> Finns i enkelverkande (anv\u00e4nder hydraultryck i en riktning) eller dubbelverkande (anv\u00e4nder hydraultryck i b\u00e5da riktningarna) konfigurationer f\u00f6r att m\u00f6ta olika driftsbehov. Vissa modeller \u00e4r teleskopiska, vilket m\u00f6jligg\u00f6r st\u00f6rre utbyggnad utan att \u00f6ka de yttre m\u00e5tten, perfekt f\u00f6r utrymmesbegr\u00e4nsade till\u00e4mpningar.<\/li>\n<li><strong>Kompatibilitet:<\/strong> V\u00e5ra produkter ers\u00e4tter perfekt olika hydraulcylindrar och s\u00e4kerst\u00e4ller s\u00f6ml\u00f6s integration med befintliga maskiner.<\/li>\n<li><strong>Anpassad tillverkning:<\/strong> Vi kan skr\u00e4ddarsy bomcylindrar f\u00f6r att m\u00f6ta specifika krav, vilket f\u00f6rb\u00e4ttrar prestanda och l\u00e4mplighet f\u00f6r specifika till\u00e4mpningar.<\/li>\n<\/ul>\n<p><img decoding=\"async\" src=\"https:\/\/www.hydraulic-cylinders.net\/wp-content\/uploads\/2025\/04\/songte-cylinder-head-with-all-kinds-excavator-models.webp\" alt=\"Olika gr\u00e4vmaskinsmodeller\"><\/p>\n<h2>Anv\u00e4ndningsomr\u00e5den f\u00f6r bomcylindrar<\/h2>\n<h3>Byggutrustning<\/h3>\n<p>I gr\u00e4vmaskiner \u00e4r bomcylindrar avg\u00f6rande f\u00f6r gr\u00e4vning, lastning och f\u00f6rflyttning av jord eller skr\u00e4p. De g\u00f6r det m\u00f6jligt f\u00f6r f\u00f6raren att kontrollera gr\u00e4vningsdjupet och -vinkeln, vilket g\u00f6r dem viktiga f\u00f6r att uppn\u00e5 exakta resultat under byggprojekt. I gr\u00e4vlastare hj\u00e4lper de till b\u00e5de vid gr\u00e4vning och lyftning, vilket m\u00f6jligg\u00f6r m\u00e5ngsidiga operationer i olika milj\u00f6er.<\/p>\n<h3>Jordbruksmaskiner<\/h3>\n<p>Bomcylindrar, som anv\u00e4nds i frontlastare, \u00e4r viktiga f\u00f6r att skopa, lyfta och transportera jord, h\u00f6 och andra material. De underl\u00e4ttar effektiv jordbruksverksamhet genom att l\u00e5ta lantbrukare flytta material snabbt och med minimal anstr\u00e4ngning, vilket f\u00f6rb\u00e4ttrar produktiviteten och minskar belastningen p\u00e5 f\u00f6rarna.<\/p>\n<h3>Gr\u00e4varbete<\/h3>\n<p>I gr\u00e4vmaskiner g\u00f6r bomcylindern att skopan kan tr\u00e4nga ner i jorden, vilket m\u00f6jligg\u00f6r effektiva gr\u00e4vningsoperationer. Denna f\u00f6rm\u00e5ga \u00e4r avg\u00f6rande inom bygg och landskapsarkitektur, d\u00e4r exakt gr\u00e4vning kr\u00e4vs f\u00f6r grundl\u00e4ggning, diken och landskapselement.<\/p>\n<h3>Lastaroperationer<\/h3>\n<p>Hos frontlastare hj\u00e4lper bomcylindrar till att lyfta och dumpa laster effektivt. De \u00e4r konstruerade f\u00f6r att hantera betydande vikt, vilket g\u00f6r dem viktiga f\u00f6r materialhanteringsuppgifter inom bygg och avfallshantering, d\u00e4r effektivitet och kraft kr\u00e4vs.<\/p>\n<h2>Design\u00f6verv\u00e4ganden och urvalskriterier<\/h2>\n<h3>Lastkapacitet<\/h3>\n<p>N\u00e4r man v\u00e4ljer en bomcylinder \u00e4r det av st\u00f6rsta vikt att f\u00f6rst\u00e5 lastkapaciteten. Cylindern m\u00e5ste klara maximal belastning under drift utan risk f\u00f6r fel. Tillverkare anger ofta lastklassningar, och operat\u00f6rer b\u00f6r se till att den valda cylindern uppfyller eller \u00f6vertr\u00e4ffar de erforderliga specifikationerna f\u00f6r att f\u00f6rhindra olyckor eller skador p\u00e5 utrustningen.<\/p>\n<h3>T\u00e4tningsprestanda<\/h3>\n<p>T\u00e4tningssystemet \u00e4r avg\u00f6rande f\u00f6r hydraulcylindrarnas prestanda och livsl\u00e4ngd. Effektiva t\u00e4tningar f\u00f6rhindrar l\u00e4ckage av hydraulv\u00e4tska och s\u00e4kerst\u00e4ller att optimalt tryck bibeh\u00e5lls i systemet. H\u00f6gkvalitativa t\u00e4tningar tillverkade av slitstarka material, s\u00e5som polyuretan eller nitrilgummi, rekommenderas f\u00f6r att f\u00f6rb\u00e4ttra cylinderns tillf\u00f6rlitlighet och prestanda under varierande temperaturer och f\u00f6rh\u00e5llanden.<\/p>\n<h3>Varaktighet<\/h3>\n<p>H\u00e5llbarhet \u00e4r en viktig faktor vid konstruktionen av bomcylindrar. De uts\u00e4tts ofta f\u00f6r tuffa driftsmilj\u00f6er, inklusive exponering f\u00f6r smuts, fukt och extrema temperaturer. Cylinderns material och konstruktion b\u00f6r vara tillr\u00e4ckligt robust f\u00f6r att motst\u00e5 dessa f\u00f6rh\u00e5llanden, vilket minimerar slitage och f\u00f6rl\u00e4nger livsl\u00e4ngden.<\/p>\n<h3>S\u00e4kerhetsfunktioner<\/h3>\n<p>S\u00e4kerhet \u00e4r av st\u00f6rsta vikt vid anv\u00e4ndning av tunga maskiner. Bomcylindrar b\u00f6r ha s\u00e4kerhetsfunktioner f\u00f6r att f\u00f6rhindra oavsiktlig ut- eller indragning. S\u00e5dana funktioner kan inkludera tryckavlastningsventiler eller s\u00e4kerhetsmekanismer som s\u00e4kerst\u00e4ller att cylindern fungerar s\u00e4kert under olika f\u00f6rh\u00e5llanden.<\/p>\n<h3>Underh\u00e5llbarhet<\/h3>\n<p>Enkelt underh\u00e5ll \u00e4r en viktig faktor vid konstruktion av hydraulcylindrar. Konstruktionen b\u00f6r m\u00f6jligg\u00f6ra enkel \u00e5tkomst f\u00f6r att byta t\u00e4tningar eller utf\u00f6ra regelbundna underh\u00e5llskontroller utan att beh\u00f6va demontera omfattande komponenter. Denna funktion sparar inte bara tid utan minskar \u00e4ven stillest\u00e5ndstid och driftskostnader.<\/p>\n<p><img decoding=\"async\" src=\"https:\/\/www.hydraulic-cylinders.net\/wp-content\/uploads\/2025\/04\/songte-oil-pipes-and-spare-parts.webp\" alt=\"Hydrauliska delar och t\u00e4tningar\"><\/p>\n<h2>T\u00e4tning och sm\u00f6rjning<\/h2>\n<p>Effektiv t\u00e4tning och sm\u00f6rjning \u00e4r avg\u00f6rande f\u00f6r bomcylindrars prestanda och livsl\u00e4ngd. Olika t\u00e4tningar, s\u00e5som kolvt\u00e4tningar och st\u00e5ngt\u00e4tningar, b\u00f6r anv\u00e4ndas f\u00f6r att f\u00f6rhindra l\u00e4ckage av hydraulv\u00e4tska. Det \u00e4r viktigt att v\u00e4lja t\u00e4tningar tillverkade av slitstarka material som polyuretan och nitrilgummi f\u00f6r att f\u00f6rb\u00e4ttra h\u00e5llbarheten. Dessutom b\u00f6r cylinderhuset och de g\u00e4ngade \u00e4ndytorna finbearbetas f\u00f6r att f\u00f6rb\u00e4ttra slitstyrkan och t\u00e4tningsprestanda. Regelbunden sm\u00f6rjning med l\u00e4mplig hydraulolja \u00e4r n\u00f6dv\u00e4ndig f\u00f6r att uppr\u00e4tth\u00e5lla optimal drift, minska friktionen mellan r\u00f6rliga delar och f\u00f6rhindra \u00f6verhettning.<\/p>\n<h2>Regelbunden inspektion och f\u00f6rebyggande underh\u00e5ll<\/h2>\n<ul>\n<li><strong>Rutininspektioner:<\/strong> Regelbundna kontroller av l\u00e4ckor, sprickor och slitage \u00e4r avg\u00f6rande. Operat\u00f6rer b\u00f6r inspektera cylinderns utsida och noggrant kontrollera t\u00e4tningar och anslutningar f\u00f6r att s\u00e4kerst\u00e4lla att de \u00e4r intakta och inte uppvisar tecken p\u00e5 slitage.<\/li>\n<li><strong>Sm\u00f6rjning och underh\u00e5ll:<\/strong> Att s\u00e4kerst\u00e4lla korrekt sm\u00f6rjning \u00e4r avg\u00f6rande f\u00f6r cylinderns effektiva funktion. Regelbunden kontroll och p\u00e5fyllning av hydraulolja vid behov kan avsev\u00e4rt f\u00f6rb\u00e4ttra prestandan och f\u00f6rl\u00e4nga dess livsl\u00e4ngd.<\/li>\n<li><strong>Byte av t\u00e4tning:<\/strong> T\u00e4tningar \u00e4r slitagekomponenter som b\u00f6r inspekteras regelbundet och bytas ut vid behov. Att f\u00f6rsumma denna underh\u00e5llsuppgift kan leda till v\u00e4tskel\u00e4ckage, vilket minskar cylinderns prestanda och potentiellt kan leda till haveri.<\/li>\n<\/ul>\n<h2>Installationsriktlinjer<\/h2>\n<p>Korrekt installation av bomcylindrar \u00e4r avg\u00f6rande f\u00f6r att s\u00e4kerst\u00e4lla optimal prestanda och s\u00e4kerhet. B\u00f6rja med att noggrant l\u00e4sa tillverkarens installationsanvisningar. S\u00e4kerst\u00e4ll att cylindern \u00e4r korrekt inriktad med andra komponenter f\u00f6r att undvika on\u00f6dig belastning. Anv\u00e4nd l\u00e4mpliga monteringsf\u00e4sten f\u00f6r att f\u00e4sta cylindern ordentligt p\u00e5 maskinen. Det \u00e4r viktigt att kontrollera de hydrauliska anslutningarna f\u00f6r l\u00e4ckor efter installationen. Efter installationen, utf\u00f6r en testk\u00f6rning f\u00f6r att s\u00e4kerst\u00e4lla att cylindern fungerar smidigt och effektivt. \u00d6vervaka regelbundet installationen f\u00f6r eventuella tecken p\u00e5 feljustering eller slitage under drift.<\/p>\n<h2>Underh\u00e5llsuppgifter<\/h2>\n<ul>\n<li><strong>Regelbundna inspektioner:<\/strong> Regelbundna inspektioner hj\u00e4lper till att identifiera potentiella problem tidigt. Var uppm\u00e4rksam p\u00e5 l\u00e4ckor eller ovanliga ljud under drift, vilket kan tyda p\u00e5 underliggande problem.<\/li>\n<li><strong>L\u00e4mplig sm\u00f6rjning:<\/strong> Att regelbundet applicera r\u00e4tt m\u00e4ngd hydraulolja \u00e4r avg\u00f6rande. Denna metod minimerar slitage p\u00e5 de interna komponenterna och f\u00f6rb\u00e4ttrar driftseffektiviteten.<\/li>\n<li><strong>T\u00e4tningsbyte och kalibreringskontroller:<\/strong> Det \u00e4r viktigt att regelbundet kontrollera t\u00e4tningarna f\u00f6r slitage och byta ut dem vid behov. Dessutom s\u00e4kerst\u00e4ller kalibrering av cylindern att den fungerar inom sina avsedda parametrar, vilket f\u00f6rb\u00e4ttrar den \u00f6vergripande s\u00e4kerheten och prestandan.<\/li>\n<\/ul>\n<p>Under installationen, s\u00e4kerst\u00e4ll korrekt uppriktning av cylindern och anv\u00e4nd l\u00e4mpliga monteringsst\u00f6d. Vikten av korrekt installation kan inte nog betonas; feljustering kan leda till f\u00f6r tidigt slitage och fel. Utveckla dessutom ett program f\u00f6r rutinm\u00e4ssig kontroll och utbyte av kritiska komponenter f\u00f6r att bibeh\u00e5lla cylinderns funktionalitet och f\u00f6rl\u00e4nga dess livsl\u00e4ngd.<\/p>\n<p><img decoding=\"async\" src=\"https:\/\/www.hydraulic-cylinders.net\/wp-content\/uploads\/2025\/04\/songte-chushion-collar.webp\" alt=\"D\u00e4mpningskrage f\u00f6r bomcylinder\"><\/p>\n<h2>S\u00e4kerhetsaspekter och milj\u00f6faktorer<\/h2>\n<p>S\u00e4kerhets\u00e5tg\u00e4rder vid anv\u00e4ndning av bomcylindrar \u00e4r avg\u00f6rande f\u00f6r att minimera riskerna i samband med anv\u00e4ndning av tunga maskiner. Det \u00e4r viktigt att s\u00e4kerst\u00e4lla att operat\u00f6rerna \u00e4r tillr\u00e4ckligt utbildade och medvetna om de potentiella farorna. Korrekt personlig skyddsutrustning (PPE) b\u00f6r b\u00e4ras hela tiden och s\u00e4kerhetsprotokoll b\u00f6r f\u00f6ljas f\u00f6r att f\u00f6rhindra olyckor. Dessutom b\u00f6r milj\u00f6faktorer, s\u00e5som v\u00e4derf\u00f6rh\u00e5llanden, beaktas, eftersom de kan p\u00e5verka hydraulsystemens prestanda. Att s\u00e4kerst\u00e4lla att hydraulv\u00e4tskor uppfyller milj\u00f6f\u00f6reskrifter \u00e4r avg\u00f6rande f\u00f6r att minska ekologisk p\u00e5verkan och fr\u00e4mja s\u00e4kerheten.<\/p>\n<h2>Feldiagnos och vanliga problem<\/h2>\n<ul>\n<li><strong>L\u00e4ckage:<\/strong> L\u00e4ckage av hydraulv\u00e4tska kan uppst\u00e5 p\u00e5 grund av slitna t\u00e4tningar eller skadade komponenter. Att identifiera k\u00e4llan till l\u00e4ckan \u00e4r avg\u00f6rande f\u00f6r effektiva reparationer.<\/li>\n<li><strong>D\u00e5lig prestanda:<\/strong> Om bomcylindern inte fungerar smidigt kan det tyda p\u00e5 l\u00e5ga hydraulv\u00e4tskeniv\u00e5er eller en trasig pump. Regelbunden \u00f6vervakning och underh\u00e5ll kan bidra till att f\u00f6rhindra detta problem.<\/li>\n<li><strong>Konstiga ljud:<\/strong> Ovanliga ljud under drift kan tyda p\u00e5 inre skador eller felaktig sm\u00f6rjning. Dessa symtom b\u00f6r \u00e5tg\u00e4rdas omedelbart f\u00f6r att undvika ytterligare skador.<\/li>\n<\/ul>\n<h2>Fels\u00f6kningstips och l\u00f6sningar<\/h2>\n<p>Vid feldiagnostik i bomcylindrar \u00e4r det viktigt att f\u00f6lja en systematisk metod. Kontrollera f\u00f6rst v\u00e4tskeniv\u00e5erna och fyll p\u00e5 dem vid behov f\u00f6r att s\u00e4kerst\u00e4lla att hydraulsystemet fungerar optimalt. Inspektera sedan t\u00e4tningarna f\u00f6r tecken p\u00e5 slitage eller skador och byt ut dem vid behov. Vid prestandaproblem, kontrollera att hydraulpumpen fungerar korrekt och uppr\u00e4tth\u00e5ller l\u00e4mpliga tryckniv\u00e5er. Genom att implementera f\u00f6rebyggande \u00e5tg\u00e4rder, s\u00e5som regelbundna underh\u00e5llskontroller och anv\u00e4ndning av hydraulv\u00e4tskor av h\u00f6g kvalitet, kan sannolikheten f\u00f6r att st\u00f6ta p\u00e5 dessa vanliga problem avsev\u00e4rt minskas.<\/p>\n<p><img decoding=\"async\" src=\"https:\/\/www.hydraulic-cylinders.net\/wp-content\/uploads\/2025\/04\/songte-bushings-with-all-kinds-of-excavator-models.webp\" alt=\"Bussningar f\u00f6r gr\u00e4vmaskinsmodeller\"><\/p>\n<h2>Om v\u00e5rt f\u00f6retag<\/h2>\n<p>Vi \u00e4r en ledande tillverkare och grossist av hydraulcylindrar f\u00f6r reservdelar och erbjuder ett omfattande sortiment av produkter som betj\u00e4nar b\u00e5de inhemska och internationella marknader. V\u00e5rt engagemang f\u00f6r excellens st\u00f6ds av en sofistikerad tillverkningsstrategi, som inkluderar avancerad tillverkningsteknik, skicklig teknisk personal och ett rigor\u00f6st kvalitetskontrollsystem. Genom att kontinuerligt f\u00f6rb\u00e4ttra v\u00e5r tillverkningsplattform och v\u00e5ra produktionsv\u00e4gar s\u00e4kerst\u00e4ller vi h\u00f6g effektivitet, precision och kvalitet f\u00f6r att m\u00f6ta v\u00e5ra kunders olika behov. V\u00e5ra tj\u00e4nster str\u00e4cker sig bortom tillverkning och erbjuder professionell anpassning, internationella certifieringar och exceptionell eftermarknadssupport f\u00f6r att garantera kundn\u00f6jdhet.<\/p>\n<p><img decoding=\"async\" src=\"https:\/\/www.hydraulic-cylinders.net\/wp-content\/uploads\/2025\/04\/songte-company-4.webp\" alt=\"F\u00f6retags\u00f6versikt\"><br \/>\n<img decoding=\"async\" src=\"https:\/\/www.hydraulic-cylinders.net\/wp-content\/uploads\/2025\/04\/songte-company-3.webp\" alt=\"F\u00f6retagets produktionsanl\u00e4ggning\"><\/p>\n<p>F\u00f6rfattare: lyl<\/p>","protected":false},"excerpt":{"rendered":"<p>Boom Cylinder For SDLG Large Excavator LG6360E Introduction to Boom Cylinders The boom cylinder is a type of hydraulic cylinder specifically designed to control the movement of the boom on various heavy machinery, such as excavators, backhoe loaders, and front loaders. This essential component allows the boom to lift, lower, and tilt, facilitating material handling [&hellip;]<\/p>","protected":false},"featured_media":17867,"comment_status":"open","ping_status":"closed","template":"","meta":{"_et_pb_use_builder":"","_et_pb_old_content":"","_et_gb_content_width":""},"product_brand":[],"product_cat":[1546],"product_tag":[1547,1496],"class_list":{"0":"post-19377","1":"product","2":"type-product","3":"status-publish","4":"has-post-thumbnail","6":"product_cat-boom-cylinders","7":"product_tag-boom-cylinders","8":"product_tag-hydraulic-cylinders","10":"first","11":"instock","12":"shipping-taxable","13":"product-type-simple"},"amp_enabled":true,"_links":{"self":[{"href":"https:\/\/www.hydraulic-cylinders.net\/sv\/wp-json\/wp\/v2\/product\/19377","targetHints":{"allow":["GET"]}}],"collection":[{"href":"https:\/\/www.hydraulic-cylinders.net\/sv\/wp-json\/wp\/v2\/product"}],"about":[{"href":"https:\/\/www.hydraulic-cylinders.net\/sv\/wp-json\/wp\/v2\/types\/product"}],"replies":[{"embeddable":true,"href":"https:\/\/www.hydraulic-cylinders.net\/sv\/wp-json\/wp\/v2\/comments?post=19377"}],"wp:featuredmedia":[{"embeddable":true,"href":"https:\/\/www.hydraulic-cylinders.net\/sv\/wp-json\/wp\/v2\/media\/17867"}],"wp:attachment":[{"href":"https:\/\/www.hydraulic-cylinders.net\/sv\/wp-json\/wp\/v2\/media?parent=19377"}],"wp:term":[{"taxonomy":"product_brand","embeddable":true,"href":"https:\/\/www.hydraulic-cylinders.net\/sv\/wp-json\/wp\/v2\/product_brand?post=19377"},{"taxonomy":"product_cat","embeddable":true,"href":"https:\/\/www.hydraulic-cylinders.net\/sv\/wp-json\/wp\/v2\/product_cat?post=19377"},{"taxonomy":"product_tag","embeddable":true,"href":"https:\/\/www.hydraulic-cylinders.net\/sv\/wp-json\/wp\/v2\/product_tag?post=19377"}],"curies":[{"name":"wp","href":"https:\/\/api.w.org\/{rel}","templated":true}]}}