{"id":19407,"date":"2025-04-07T06:32:57","date_gmt":"2025-04-07T06:32:57","guid":{"rendered":"https:\/\/www.hydraulic-cylinders.net\/product\/boom-cylinder-for-bobcat-small-excavator-e42\/"},"modified":"2025-04-07T06:33:03","modified_gmt":"2025-04-07T06:33:03","slug":"boom-cylinder-for-bobcat-small-excavator-e42","status":"publish","type":"product","link":"https:\/\/www.hydraulic-cylinders.net\/sv\/produkt\/boom-cylinder-for-bobcat-small-excavator-e42\/","title":{"rendered":"Bomcylinder f\u00f6r Bobcat liten gr\u00e4vmaskin E42"},"content":{"rendered":"<h1>Bomcylinder f\u00f6r Bobcat liten gr\u00e4vmaskin E42<\/h1>\n<h2>Produkt\u00f6versikt<\/h2>\n<p>Bomcylindern f\u00f6r Bobcat liten gr\u00e4vmaskin E42 \u00e4r en avg\u00f6rande komponent i hydraulsystemet f\u00f6r tunga maskiner, s\u00e4rskilt gr\u00e4vmaskiner, traktorgr\u00e4vare och frontlastare. Denna hydraulcylinder \u00e4r speciellt utformad f\u00f6r att styra skopans r\u00f6relse, vilket g\u00f6r att den kan lyftas, s\u00e4nkas och lutas effektivt. S\u00e5dan funktionalitet \u00e4r avg\u00f6rande f\u00f6r materialhanteringsuppgifter, vilket s\u00e4kerst\u00e4ller att f\u00f6rare kan utf\u00f6ra gr\u00e4v-, lyft- och transportoperationer med l\u00e4tthet och precision.<\/p>\n<p><img decoding=\"async\" src=\"https:\/\/www.hydraulic-cylinders.net\/wp-content\/uploads\/2025\/04\/songte-company-1.webp\" alt=\"Bomcylinder f\u00f6r gr\u00e4vmaskiner\" \/><\/p>\n<h3>Funktion och till\u00e4mpningar av skopcylindrar<\/h3>\n<p>En skopcylinder \u00e4r en typ av hydraulcylinder som spelar en central roll i hydraulsystemen i olika tunga maskiner. Den g\u00f6r det m\u00f6jligt f\u00f6r skopan att utf\u00f6ra flera \u00e5tg\u00e4rder, inklusive:<\/p>\n<ul>\n<li><strong>Lyftning:<\/strong> Skopans cylinder g\u00f6r att skopan kan h\u00f6jas, vilket underl\u00e4ttar lastning av material p\u00e5 lastbilar eller annan utrustning.<\/li>\n<li><strong>S\u00e4nkning:<\/strong> Den ger kontroll \u00f6ver skopans s\u00e4nkning, vilket s\u00e4kerst\u00e4ller precision vid placering av material.<\/li>\n<li><strong>Lutning:<\/strong> M\u00f6jligheten att luta skopan f\u00f6rb\u00e4ttrar kontrollen vid skopning och t\u00f6mning.<\/li>\n<\/ul>\n<p>Dessa funktioner \u00e4r avg\u00f6rande f\u00f6r bygg-, gruv- och jordbruksverksamhet d\u00e4r tunga lyft och exakt materialhantering kr\u00e4vs.<\/p>\n<h2>Funktioner hos bomcylindern<\/h2>\n<p>Bomcylindern till Bobcat E42 har flera funktioner som f\u00f6rb\u00e4ttrar dess prestanda och h\u00e5llbarhet:<\/p>\n<ul>\n<li><strong>H\u00f6g styrka och h\u00e5llbarhet:<\/strong> Denna cylinder \u00e4r tillverkad av h\u00f6gh\u00e5llfast st\u00e5l eller aluminium och t\u00e5l h\u00f6ga tryck och tunga belastningar, vilket g\u00f6r den l\u00e4mplig f\u00f6r tuffa arbetsmilj\u00f6er.<\/li>\n<li><strong>Effektiv hydraulisk drift:<\/strong> Den anv\u00e4nder hydrauloljetryck f\u00f6r smidiga teleskopr\u00f6relser, vilket ger snabb respons p\u00e5 f\u00f6rarkommandon och levererar kraftfulla tryck- och dragfunktioner.<\/li>\n<li><strong>Olika typer:<\/strong> Beroende p\u00e5 driftsbehov kan anv\u00e4ndarna v\u00e4lja mellan enkelverkande (i en riktning) eller dubbelverkande (i tv\u00e5 riktningar) cylindrar, d\u00e4r vissa modeller erbjuder teleskopfunktioner f\u00f6r \u00f6kad r\u00e4ckvidd.<\/li>\n<li><strong>Korrosions- och slitstyrka:<\/strong> Utformade med material som motst\u00e5r slitage och korrosion, vilket s\u00e4kerst\u00e4ller l\u00e4ngre livsl\u00e4ngd \u00e4ven under kr\u00e4vande f\u00f6rh\u00e5llanden.<\/li>\n<li><strong>Enkelt utbyte:<\/strong> V\u00e5ra produkter \u00e4r konstruerade f\u00f6r att perfekt ers\u00e4tta befintliga hydraulcylindrar, vilket s\u00e4kerst\u00e4ller s\u00f6ml\u00f6s integration i din maskinpark.<\/li>\n<\/ul>\n<p><img decoding=\"async\" src=\"https:\/\/www.hydraulic-cylinders.net\/wp-content\/uploads\/2025\/04\/songte-cylinder-head-with-all-kinds-excavator-models.webp\" alt=\"Byte av hydraulcylinder\" \/><\/p>\n<h2>Applikationsscenarier<\/h2>\n<h3>Byggutrustning<\/h3>\n<p>I gr\u00e4vmaskiner \u00e4r bomcylindern avg\u00f6rande f\u00f6r gr\u00e4vning, lastning och f\u00f6rflyttning av jord eller skr\u00e4p. Den genererade hydrauliska kraften g\u00f6r det m\u00f6jligt f\u00f6r f\u00f6rare att effektivt gr\u00e4va h\u00e5rd mark och transportera material. Gr\u00e4vlastare drar nytta av skopcylinderns f\u00f6rm\u00e5ga att hj\u00e4lpa till med b\u00e5de gr\u00e4vning och lyftning, vilket g\u00f6r den m\u00e5ngsidig f\u00f6r olika uppgifter p\u00e5 en arbetsplats.<\/p>\n<h3>Jordbruksmaskiner<\/h3>\n<p>Frontlastare anv\u00e4nder bomcylindern f\u00f6r att skopa, lyfta och transportera jord, h\u00f6 och andra material. Denna funktion \u00e4r avg\u00f6rande inom jordbruksverksamhet och m\u00f6jligg\u00f6r snabb och effektiv materialhantering som \u00f6kar produktiviteten.<\/p>\n<h3>Gr\u00e4vmaskiner<\/h3>\n<p>Skopans cylinder m\u00f6jligg\u00f6r gr\u00e4vmaskinens gr\u00e4vning genom att l\u00e5ta skopan tr\u00e4nga ner i jorden effektivt. Denna funktion \u00e4r avg\u00f6rande f\u00f6r olika byggprojekt d\u00e4r exakt gr\u00e4vning kr\u00e4vs.<\/p>\n<h3>Lastare<\/h3>\n<p>P\u00e5 frontlastare hj\u00e4lper bomcylindern till att lyfta och dumpa laster effektivt. Denna funktion \u00e4r avg\u00f6rande vid materialhantering, d\u00e4r snabba leveranstider \u00e4r f\u00f6rdelaktiga f\u00f6r produktiviteten.<\/p>\n<h2>Design\u00f6verv\u00e4ganden<\/h2>\n<p>Utformningen av bomcylindern innefattar flera viktiga \u00f6verv\u00e4ganden:<\/p>\n<ul>\n<li><strong>Lastkapacitet:<\/strong> Att s\u00e4kerst\u00e4lla att cylindern kan hantera de f\u00f6rv\u00e4ntade belastningarna utan att haverera \u00e4r av yttersta vikt. Att ber\u00e4kna den erforderliga lastkapaciteten inneb\u00e4r att f\u00f6rst\u00e5 den maximala vikt som cylindern kommer att uts\u00e4ttas f\u00f6r under drift.<\/li>\n<li><strong>T\u00e4tning:<\/strong> Effektiv t\u00e4tning \u00e4r avg\u00f6rande f\u00f6r att f\u00f6rhindra l\u00e4ckage av hydraulv\u00e4tska och bibeh\u00e5lla systemtrycket. H\u00f6gkvalitativa t\u00e4tningar tillverkade av h\u00e5llbara material anv\u00e4nds f\u00f6r att s\u00e4kerst\u00e4lla l\u00e5ng livsl\u00e4ngd.<\/li>\n<li><strong>Varaktighet:<\/strong> Designen betonar material och teknik som t\u00e5l p\u00e5frestningarna i f\u00e4ltanv\u00e4ndning. Detta inkluderar motst\u00e5ndskraft mot slitage och korrosion.<\/li>\n<li><strong>S\u00e4kerhet:<\/strong> S\u00e4kerhetsfunktioner, inklusive tryckavlastningsventiler, \u00e4r integrerade f\u00f6r att f\u00f6rhindra \u00f6verbelastning och potentiella olyckor under drift.<\/li>\n<li><strong>Underh\u00e5ll:<\/strong> Design\u00f6verv\u00e4ganden fokuserar ocks\u00e5 p\u00e5 enkelt underh\u00e5ll, vilket m\u00f6jligg\u00f6r enkla kontroller och reparationer samtidigt som det s\u00e4kerst\u00e4ller att cylindern f\u00f6rblir funktionsduglig.<\/li>\n<\/ul>\n<p><img decoding=\"async\" src=\"https:\/\/www.hydraulic-cylinders.net\/wp-content\/uploads\/2025\/04\/songte-oil-pipes-and-spare-parts.webp\" alt=\"Hydrauliska cylinderdelar\" \/><\/p>\n<h2>T\u00e4tning och sm\u00f6rjning<\/h2>\n<p>Korrekt t\u00e4tning och sm\u00f6rjning \u00e4r avg\u00f6rande f\u00f6r effektiv drift av hydraulcylindrar. Anv\u00e4ndningen av olika t\u00e4tningskomponenter, s\u00e5som kolvt\u00e4tningar och kolvst\u00e5ngst\u00e4tningar, s\u00e4kerst\u00e4ller att hydraulv\u00e4tskan f\u00f6rblir kvar i cylindern. T\u00e4tningar tillverkade av polyuretan eller nitrilgummi ger utm\u00e4rkt slitstyrka. Cylinderhuset och de g\u00e4ngade \u00e4ndarna genomg\u00e5r precisionsbehandlingar f\u00f6r att f\u00f6rb\u00e4ttra h\u00e5llbarheten. Regelbunden sm\u00f6rjning med hydraulolja \u00e4r avg\u00f6rande f\u00f6r att minimera friktion och slitage, vilket s\u00e4kerst\u00e4ller smidig drift och f\u00f6rl\u00e4nger cylinderns livsl\u00e4ngd.<\/p>\n<h2>F\u00f6rebyggande underh\u00e5lls\u00e5tg\u00e4rder<\/h2>\n<p>Regelbundet underh\u00e5ll \u00e4r avg\u00f6rande f\u00f6r bomcylinderns livsl\u00e4ngd och effektivitet. H\u00e4r \u00e4r n\u00e5gra viktiga \u00e5tg\u00e4rder:<\/p>\n<ul>\n<li><strong>Regelbundna inspektioner:<\/strong> Utf\u00f6r regelbundna inspektioner f\u00f6r att identifiera slitage eller skador tidigt. Kontrollera l\u00e4ckor, b\u00f6jda st\u00e4nger och andra tecken p\u00e5 slitage.<\/li>\n<li><strong>L\u00e4mplig sm\u00f6rjning:<\/strong> Se till att cylindern \u00e4r ordentligt smord med hydraulolja f\u00f6r att minska friktion och f\u00f6rhindra \u00f6verhettning.<\/li>\n<li><strong>Byte av t\u00e4tning:<\/strong> Byt ut t\u00e4tningar vid behov f\u00f6r att bibeh\u00e5lla effektiviteten och f\u00f6rhindra l\u00e4ckage. Regelbundna kontroller kan hj\u00e4lpa till att identifiera n\u00e4r t\u00e4tningarna slits ut.<\/li>\n<\/ul>\n<h2>Installationsriktlinjer<\/h2>\n<p>Korrekt installation av bomcylindern \u00e4r avg\u00f6rande f\u00f6r optimal prestanda. F\u00f6lj dessa steg f\u00f6r att s\u00e4kerst\u00e4lla korrekt installation:<\/p>\n<ul>\n<li><strong>Inriktning:<\/strong> Se till att cylindern \u00e4r korrekt justerad med monteringspunkterna. Feljustering kan leda till f\u00f6r tidigt slitage och potentiellt haveri.<\/li>\n<li><strong>Anv\u00e4nd l\u00e4mpliga st\u00f6d:<\/strong> Anv\u00e4nd l\u00e4mpliga monteringsf\u00e4sten f\u00f6r att f\u00e4sta cylindern ordentligt p\u00e5 plats. Detta f\u00f6rhindrar r\u00f6relse under drift.<\/li>\n<li><strong>Kontrollera anslutningar:<\/strong> Kontrollera att alla hydrauliska anslutningar \u00e4r s\u00e4kra och fria fr\u00e5n l\u00e4ckor innan maskinen anv\u00e4nds.<\/li>\n<li><strong>Testfunktionalitet:<\/strong> Efter installationen, testa hydraulsystemet f\u00f6r att s\u00e4kerst\u00e4lla att cylindern fungerar smidigt och effektivt.<\/li>\n<\/ul>\n<p><img decoding=\"async\" src=\"https:\/\/www.hydraulic-cylinders.net\/wp-content\/uploads\/2025\/04\/songte-chushion-collar.webp\" alt=\"Cylinderinstallation\" \/><\/p>\n<h2>S\u00e4kerhets\u00f6verv\u00e4ganden<\/h2>\n<p>Vid arbete med hydraulcylindrar \u00e4r det viktigt att prioritera s\u00e4kerheten. Operat\u00f6rer b\u00f6r b\u00e4ra l\u00e4mplig personlig skyddsutrustning (PPE) och s\u00e4kerst\u00e4lla att alla s\u00e4kerhets\u00e5tg\u00e4rder f\u00f6ljs under drift. Utbildning i korrekt hantering och drift av hydraulsystem \u00e4r avg\u00f6rande f\u00f6r att f\u00f6rhindra olyckor och skador.<\/p>\n<h2>Fels\u00f6kning av vanliga problem<\/h2>\n<p>Vanliga problem med hydraulcylindrar kan ofta diagnostiseras med f\u00f6ljande punkter:<\/p>\n<ul>\n<li><strong>L\u00e4ckage:<\/strong> Identifiera k\u00e4llan till l\u00e4ckor, ofta orsakade av slitna t\u00e4tningar. Att \u00e5tg\u00e4rda l\u00e4ckor snabbt \u00e4r viktigt f\u00f6r att uppr\u00e4tth\u00e5lla trycket i systemet.<\/li>\n<li><strong>L\u00e5ngsam drift:<\/strong> Om cylindern g\u00e5r l\u00e5ngsamt, kontrollera hydraulv\u00e4tskeniv\u00e5erna och se till att det inte finns n\u00e5gra blockeringar i hydraulledningarna.<\/li>\n<li><strong>\u00d6verhettning:<\/strong> \u00d6verhettning kan vara ett tecken p\u00e5 otillr\u00e4cklig sm\u00f6rjning eller f\u00f6r h\u00f6g belastning. Regelbundna kontroller kan f\u00f6rhindra att dessa problem eskalerar.<\/li>\n<\/ul>\n<p>F\u00f6r effektiv fels\u00f6kning, f\u00f6r en detaljerad logg \u00f6ver eventuella problem och utf\u00f6rt underh\u00e5ll f\u00f6r att underl\u00e4tta diagnostisering av \u00e5terkommande problem.<\/p>\n<p><img decoding=\"async\" src=\"https:\/\/www.hydraulic-cylinders.net\/wp-content\/uploads\/2025\/04\/songte-bushings-with-all-kinds-of-excavator-models.webp\" alt=\"Vanliga problem med hydraulcylindrar\" \/><\/p>\n<h2>F\u00f6retags\u00f6versikt<\/h2>\n<p>Vi \u00e4r en tillverkare av hydraulcylindrar f\u00f6r reservdelar, med ett omfattande produktsortiment som g\u00f6r oss till en ledande tillverkare och grossist p\u00e5 b\u00e5de inhemska och internationella marknader. V\u00e5rt engagemang f\u00f6r excellens \u00e5terspeglas i v\u00e5ra f\u00f6rfinade tillverkningsstrategier, som utnyttjar avancerad teknik och skicklig personal. V\u00e5r starka kapacitet g\u00f6r det m\u00f6jligt f\u00f6r oss att m\u00f6ta olika kunders behov med h\u00f6g effektivitet, precision och kvalitet.<\/p>\n<p><strong>Specialisering:<\/strong> V\u00e5rt team best\u00e5r av experter p\u00e5 hydrauliska system, vilket s\u00e4kerst\u00e4ller att v\u00e5ra produkter uppfyller och \u00f6vertr\u00e4ffar branschstandarder.<\/p>\n<p><strong>Internationell certifiering:<\/strong> V\u00e5ra produkter \u00e4r certifierade f\u00f6r att uppfylla globala kvalitetsstandarder, vilket garanterar tillf\u00f6rlitlighet och s\u00e4kerhet.<\/p>\n<p><strong>Anpassade l\u00f6sningar:<\/strong> Vi erbjuder skr\u00e4ddarsydda l\u00f6sningar f\u00f6r att m\u00f6ta specifika operativa behov och ger kunderna flexibla alternativ f\u00f6r sina maskiner.<\/p>\n<p><strong>Avancerad tillverkningsutrustning:<\/strong> Genom att anv\u00e4nda den senaste tillverkningstekniken s\u00e4kerst\u00e4ller vi h\u00f6gkvalitativ produktion.<\/p>\n<p><strong>Eftermarknadsservice:<\/strong> V\u00e5rt engagerade kundtj\u00e4nstteam \u00e4r engagerat i att ge support och hj\u00e4lp f\u00f6r att s\u00e4kerst\u00e4lla kundn\u00f6jdhet och produktprestanda.<\/p>\n<p><img decoding=\"async\" src=\"https:\/\/www.hydraulic-cylinders.net\/wp-content\/uploads\/2025\/04\/songte-company-4.webp\" alt=\"F\u00f6retagstillverkning\" \/><br \/>\n<img decoding=\"async\" src=\"https:\/\/www.hydraulic-cylinders.net\/wp-content\/uploads\/2025\/04\/songte-company-3.webp\" alt=\"F\u00f6retagsprodukter\" \/><\/p>\n<p>F\u00f6rfattare: lyl<\/p>","protected":false},"excerpt":{"rendered":"<p>Boom Cylinder For Bobcat Small Excavator E42 Product Overview The Boom Cylinder for Bobcat Small Excavator E42 is a crucial component in the hydraulic system of heavy machinery, particularly in excavators, backhoes, and front loaders. This hydraulic cylinder is specifically designed to control the movement of the bucket, allowing it to lift, lower, and tilt [&hellip;]<\/p>","protected":false},"featured_media":17867,"comment_status":"open","ping_status":"closed","template":"","meta":{"_et_pb_use_builder":"","_et_pb_old_content":"","_et_gb_content_width":""},"product_brand":[],"product_cat":[1546],"product_tag":[1547,1496],"class_list":{"0":"post-19407","1":"product","2":"type-product","3":"status-publish","4":"has-post-thumbnail","6":"product_cat-boom-cylinders","7":"product_tag-boom-cylinders","8":"product_tag-hydraulic-cylinders","10":"first","11":"instock","12":"shipping-taxable","13":"product-type-simple"},"amp_enabled":true,"_links":{"self":[{"href":"https:\/\/www.hydraulic-cylinders.net\/sv\/wp-json\/wp\/v2\/product\/19407","targetHints":{"allow":["GET"]}}],"collection":[{"href":"https:\/\/www.hydraulic-cylinders.net\/sv\/wp-json\/wp\/v2\/product"}],"about":[{"href":"https:\/\/www.hydraulic-cylinders.net\/sv\/wp-json\/wp\/v2\/types\/product"}],"replies":[{"embeddable":true,"href":"https:\/\/www.hydraulic-cylinders.net\/sv\/wp-json\/wp\/v2\/comments?post=19407"}],"wp:featuredmedia":[{"embeddable":true,"href":"https:\/\/www.hydraulic-cylinders.net\/sv\/wp-json\/wp\/v2\/media\/17867"}],"wp:attachment":[{"href":"https:\/\/www.hydraulic-cylinders.net\/sv\/wp-json\/wp\/v2\/media?parent=19407"}],"wp:term":[{"taxonomy":"product_brand","embeddable":true,"href":"https:\/\/www.hydraulic-cylinders.net\/sv\/wp-json\/wp\/v2\/product_brand?post=19407"},{"taxonomy":"product_cat","embeddable":true,"href":"https:\/\/www.hydraulic-cylinders.net\/sv\/wp-json\/wp\/v2\/product_cat?post=19407"},{"taxonomy":"product_tag","embeddable":true,"href":"https:\/\/www.hydraulic-cylinders.net\/sv\/wp-json\/wp\/v2\/product_tag?post=19407"}],"curies":[{"name":"wp","href":"https:\/\/api.w.org\/{rel}","templated":true}]}}