{"id":19408,"date":"2025-04-07T06:33:03","date_gmt":"2025-04-07T06:33:03","guid":{"rendered":"https:\/\/www.hydraulic-cylinders.net\/product\/boom-cylinder-for-bobcat-small-excavator-e50\/"},"modified":"2025-04-07T06:33:06","modified_gmt":"2025-04-07T06:33:06","slug":"boom-cylinder-for-bobcat-small-excavator-e50","status":"publish","type":"product","link":"https:\/\/www.hydraulic-cylinders.net\/sv\/produkt\/boom-cylinder-for-bobcat-small-excavator-e50\/","title":{"rendered":"Bomcylinder f\u00f6r Bobcat liten gr\u00e4vmaskin E50"},"content":{"rendered":"<h1>Bomcylinder f\u00f6r Bobcat liten gr\u00e4vmaskin E50<\/h1>\n<h2>Produkt\u00f6versikt<\/h2>\n<p>Bomcylindern \u00e4r en viktig komponent i hydraulsystemet f\u00f6r tunga maskiner och \u00e4r speciellt utformad f\u00f6r att styra r\u00f6relsen av skopor. Denna hydraulcylinder m\u00f6jligg\u00f6r exakt lyftning, s\u00e4nkning och lutning av skopan, vilket underl\u00e4ttar effektiva materialhanteringsuppgifter inom olika branscher.<\/p>\n<p><img decoding=\"async\" src=\"https:\/\/www.hydraulic-cylinders.net\/wp-content\/uploads\/2025\/04\/songte-company-1.webp\" alt=\"Bomcylinder\"><\/p>\n<h3>Definition och funktion<\/h3>\n<p>Skopcylindern \u00e4r en typ av hydraulcylinder som spelar en avg\u00f6rande roll i gr\u00e4vmaskiner, traktorgr\u00e4vare och frontlastare. Den ansvarar f\u00f6r att generera den kraft som kr\u00e4vs f\u00f6r att f\u00f6rflytta skopan i olika riktningar, vilket g\u00f6r den oumb\u00e4rlig f\u00f6r gr\u00e4vning, lastning och materialtransport. Cylindern fungerar genom att anv\u00e4nda hydraulv\u00e4tska under tryck, vilket g\u00f6r det m\u00f6jligt f\u00f6r operat\u00f6rer att utf\u00f6ra komplexa uppgifter med l\u00e4tthet.<\/p>\n<h2>Funktioner hos bomcylindern<\/h2>\n<ul>\n<li><strong>H\u00f6g styrka och h\u00e5llbarhet:<\/strong> Dessa cylindrar \u00e4r vanligtvis tillverkade av h\u00f6gh\u00e5llfast st\u00e5l eller aluminium och t\u00e5l h\u00f6gt tryck och tunga belastningar, vilket g\u00f6r dem l\u00e4mpliga f\u00f6r tuffa arbetsmilj\u00f6er.<\/li>\n<li><strong>Effektiv hydraulisk drift:<\/strong> De utnyttjar hydrauloljetrycket f\u00f6r smidiga ut- och indragningsr\u00f6relser, vilket ger snabb respons p\u00e5 kontrollkommandon och erbjuder betydande tryck- och dragkraft.<\/li>\n<li><strong>Olika typer:<\/strong> Finns i b\u00e5de enkelverkande och dubbelverkande versioner, vilket kan tillgodose olika driftsbehov, med vissa modeller med teleskopisk design f\u00f6r ut\u00f6kad r\u00e4ckvidd utan att \u00f6ka de yttersta m\u00e5tten.<\/li>\n<li><strong>Korrosionsbest\u00e4ndig:<\/strong> Utformad med material som motst\u00e5r korrosion och slitage, vilket f\u00f6rl\u00e4nger cylinderns livsl\u00e4ngd \u00e4ven under kr\u00e4vande f\u00f6rh\u00e5llanden.<\/li>\n<li><strong>Anpassad tillverkning:<\/strong> Vi kan tillverka dessa cylindrar perfekt l\u00e4mpade f\u00f6r att ers\u00e4tta befintliga hydraulcylindrar i er utrustning.<\/li>\n<\/ul>\n<p><img decoding=\"async\" src=\"https:\/\/www.hydraulic-cylinders.net\/wp-content\/uploads\/2025\/04\/songte-cylinder-head-with-all-kinds-excavator-models.webp\" alt=\"Hydrauliska cylindermodeller\"><\/p>\n<h2>Anv\u00e4ndningsomr\u00e5den f\u00f6r bomcylindern<\/h2>\n<h3>Byggutrustning<\/h3>\n<p>I gr\u00e4vmaskiner \u00e4r bomcylindrar avg\u00f6rande f\u00f6r gr\u00e4vning, lastning och f\u00f6rflyttning av jord eller skr\u00e4p. De m\u00f6jligg\u00f6r exakt kontroll av skopans r\u00f6relse, vilket avsev\u00e4rt \u00f6kar produktiviteten p\u00e5 byggarbetsplatser.<\/p>\n<h3>Jordbruksmaskiner<\/h3>\n<p>Dessa cylindrar, som anv\u00e4nds i frontlastare, utf\u00f6r uppgifter som att skopa, lyfta och transportera jord, h\u00f6 och andra material som \u00e4r viktiga f\u00f6r jordbruksverksamhet, vilket f\u00f6rb\u00e4ttrar effektiviteten i jordbruksverksamheten.<\/p>\n<h3>Gr\u00e4vmaskiner<\/h3>\n<p>Bomcylindrar g\u00f6r att skopan kan tr\u00e4nga ner i jorden effektivt, vilket underl\u00e4ttar gr\u00e4vningen. Deras design g\u00f6r det m\u00f6jligt f\u00f6r f\u00f6raren att man\u00f6vrera skopan exakt, vilket g\u00f6r det enklare att gr\u00e4va material effektivt.<\/p>\n<h3>Lastare<\/h3>\n<p>P\u00e5 frontlastare hj\u00e4lper bomcylindrar till att lyfta och dumpa laster, vilket s\u00e4kerst\u00e4ller s\u00e4ker \u00f6verf\u00f6ring av material fr\u00e5n en plats till en annan med minimal anstr\u00e4ngning och maximal kontroll.<\/p>\n<h2>Design\u00f6verv\u00e4ganden och urvalsstandarder<\/h2>\n<h3>Lastkapacitet<\/h3>\n<p>Att v\u00e4lja r\u00e4tt bomcylinder b\u00f6rjar med att f\u00f6rst\u00e5 dess lastkapacitet, vilken m\u00e5ste \u00f6verensst\u00e4mma med kraven f\u00f6r den maskin den ska anv\u00e4ndas i. En cylinder m\u00e5ste kunna hantera den maximala vikten av de material den ska lyfta utan risk f\u00f6r fel.<\/p>\n<h3>T\u00e4tning och h\u00e5llbarhet<\/h3>\n<p>T\u00e4tningar \u00e4r avg\u00f6rande f\u00f6r att uppr\u00e4tth\u00e5lla trycket i cylindern och f\u00f6rhindra l\u00e4ckage. Valet av h\u00f6gkvalitativa t\u00e4tningar p\u00e5verkar cylinderns livsl\u00e4ngd och prestanda. Material som polyuretan eller nitrilgummi anv\u00e4nds ofta f\u00f6r sin slitstyrka.<\/p>\n<h3>S\u00e4kerhetsfunktioner<\/h3>\n<p>Konstruktioner b\u00f6r inneh\u00e5lla s\u00e4kerhetsfunktioner f\u00f6r att f\u00f6rhindra olyckor under drift. Detta inkluderar tryckavlastningsventiler och robust konstruktion f\u00f6r att motst\u00e5 ov\u00e4ntade belastningar.<\/p>\n<h3>Underh\u00e5lls\u00f6verv\u00e4ganden<\/h3>\n<p>Enkelt underh\u00e5ll \u00e4r en annan faktor att beakta. En v\u00e4lkonstruerad cylinder b\u00f6r underl\u00e4tta enkel \u00e5tkomst f\u00f6r inspektioner och reparationer, vilket minimerar driftstopp och driftst\u00f6rningar.<\/p>\n<p><img decoding=\"async\" src=\"https:\/\/www.hydraulic-cylinders.net\/wp-content\/uploads\/2025\/04\/songte-oil-pipes-and-spare-parts.webp\" alt=\"Hydrauliska delar\"><\/p>\n<h2>T\u00e4tning och sm\u00f6rjning<\/h2>\n<p>Effektiv t\u00e4tning och sm\u00f6rjning \u00e4r avg\u00f6rande f\u00f6r bomcylindrarnas livsl\u00e4ngd. Olika t\u00e4tningar, s\u00e5som kolvt\u00e4tningar och kolvst\u00e5ngst\u00e4tningar, anv\u00e4nder slitstarka material som polyuretan och nitrilgummi f\u00f6r att motst\u00e5 slitage. Cylinderhuset och de g\u00e4ngade \u00e4ndytorna genomg\u00e5r fin bearbetning f\u00f6r att f\u00f6rb\u00e4ttra slitstyrkan. Regelbunden sm\u00f6rjning med hydraulolja \u00e4r n\u00f6dv\u00e4ndig f\u00f6r att s\u00e4kerst\u00e4lla smidig drift och f\u00f6rhindra komponentslitage.<\/p>\n<h2>F\u00f6rebyggande underh\u00e5lls\u00e5tg\u00e4rder<\/h2>\n<ul>\n<li>Utf\u00f6r regelbundna inspektioner f\u00f6r att identifiera slitage.<\/li>\n<li>S\u00e4kerst\u00e4ll korrekt sm\u00f6rjning f\u00f6r att minimera friktion och v\u00e4rme.<\/li>\n<li>Byt ut t\u00e4tningar och utf\u00f6r kalibreringskontroller regelbundet.<\/li>\n<\/ul>\n<h2>Installationsriktlinjer<\/h2>\n<p>Korrekt installation av bomcylindern \u00e4r avg\u00f6rande f\u00f6r dess prestanda. S\u00e4kerst\u00e4ll att cylindern \u00e4r korrekt inriktad i f\u00f6rh\u00e5llande till maskineriet f\u00f6r att undvika on\u00f6dig belastning och potentiella skador. Anv\u00e4nd l\u00e4mpliga monteringsf\u00e4sten f\u00f6r att f\u00e4sta cylindern p\u00e5 plats och f\u00f6lj tillverkarens specifikationer f\u00f6r hydrauliska anslutningar. Efter installationen, testa systemet f\u00f6r l\u00e4ckor och funktion innan det tas i bruk regelbundet.<\/p>\n<h2>Vanliga underh\u00e5llsuppgifter<\/h2>\n<ul>\n<li><strong>Regelbundna inspektioner:<\/strong> Regelbundna inspektioner hj\u00e4lper till att uppt\u00e4cka potentiella problem tidigt, vilket m\u00f6jligg\u00f6r snabba reparationer innan de eskalerar till mer allvarliga problem.<\/li>\n<li><strong>L\u00e4mplig sm\u00f6rjning:<\/strong> Konsekvent sm\u00f6rjning \u00e4r avg\u00f6rande f\u00f6r att minska friktion och slitage p\u00e5 r\u00f6rliga delar, vilket s\u00e4kerst\u00e4ller att cylindern fungerar smidigt.<\/li>\n<li><strong>Byte av t\u00e4tningar:<\/strong> Regelbundet byte av t\u00e4tningar \u00e4r n\u00f6dv\u00e4ndigt f\u00f6r att bibeh\u00e5lla optimal prestanda och f\u00f6rhindra l\u00e4ckage av hydraulv\u00e4tska.<\/li>\n<\/ul>\n<h2>S\u00e4kerhetsaspekter och milj\u00f6faktorer<\/h2>\n<p>Vid anv\u00e4ndning av bomcylindrar \u00e4r det avg\u00f6rande att f\u00f6lja s\u00e4kerhetsprotokollen. Operat\u00f6rer b\u00f6r utbildas f\u00f6r att k\u00e4nna igen de potentiella farorna i samband med hydraulsystem, inklusive tryckuppbyggnad och eventuella l\u00e4ckor. Att implementera milj\u00f6h\u00e4nsyn, s\u00e5som korrekt v\u00e4tskehantering och spillhantering, \u00e4r avg\u00f6rande f\u00f6r att minimera den ekologiska p\u00e5verkan.<\/p>\n<h2>Fels\u00f6kning och vanliga problem<\/h2>\n<ul>\n<li><strong>L\u00e4ckage av hydraulv\u00e4tska:<\/strong> Kontrollera t\u00e4tningar och anslutningar f\u00f6r tecken p\u00e5 slitage eller skador; byt ut t\u00e4tningar vid behov.<\/li>\n<li><strong>D\u00e5lig prestanda:<\/strong> Kontrollera hydraulv\u00e4tskeniv\u00e5erna och filtrens skick; se till att korrekt sm\u00f6rjning uppr\u00e4tth\u00e5lls.<\/li>\n<li><strong>Ov\u00e4ntad f\u00f6rskjutning:<\/strong> Bed\u00f6m inriktning och montering; se till att cylindern \u00e4r ordentligt fastsatt och justerad.<\/li>\n<\/ul>\n<h2>Underh\u00e5llstips och l\u00f6sningar<\/h2>\n<p>F\u00f6r att effektivt diagnostisera och \u00e5tg\u00e4rda problem med bomcylindrar, anv\u00e4nd en proaktiv underh\u00e5llsmetod. Kontrollera regelbundet tecken p\u00e5 slitage och \u00e5tg\u00e4rda dem snabbt f\u00f6r att undvika kostsamma reparationer. Genom att implementera f\u00f6rebyggande \u00e5tg\u00e4rder, som att s\u00e4kerst\u00e4lla korrekt sm\u00f6rjning och regelbundna inspektioner, minimeras sannolikheten f\u00f6r komplikationer till f\u00f6ljd av f\u00f6rsummelse.<\/p>\n<p><img decoding=\"async\" src=\"https:\/\/www.hydraulic-cylinders.net\/wp-content\/uploads\/2025\/04\/songte-bushings-with-all-kinds-of-excavator-models.webp\" alt=\"Bussningsmodeller\"><\/p>\n<h2>F\u00f6retags\u00f6versikt<\/h2>\n<p>Vi \u00e4r en ledande tillverkare av hydraulcylindrar f\u00f6r reservdelar och erbjuder ett brett utbud av produkter f\u00f6r b\u00e5de inhemska och internationella marknader. Vi \u00e4r engagerade i excellens, implementerar f\u00f6rfinade tillverkningsstrategier och betonar kvalitet genom avancerade tekniska resurser och en kompetent arbetsstyrka. V\u00e5rt engagemang f\u00f6r h\u00f6g effektivitet, precision och kvalitet s\u00e4kerst\u00e4ller att vi effektivt m\u00f6ter olika kunders behov.<\/p>\n<p><img decoding=\"async\" src=\"https:\/\/www.hydraulic-cylinders.net\/wp-content\/uploads\/2025\/04\/songte-company-4.webp\" alt=\"F\u00f6retags\u00f6versikt 1\"><br \/>\n<img decoding=\"async\" src=\"https:\/\/www.hydraulic-cylinders.net\/wp-content\/uploads\/2025\/04\/songte-company-3.webp\" alt=\"F\u00f6retags\u00f6versikt 2\"><\/p>\n<p>F\u00f6rfattare: lyl<\/p>","protected":false},"excerpt":{"rendered":"<p>Boom Cylinder For Bobcat Small Excavator E50 Product Overview The boom cylinder is an essential component in the hydraulic system of heavy machinery, specifically designed for controlling the movement of equipment buckets. This hydraulic cylinder allows for precise lifting, lowering, and tilting of the bucket, facilitating efficient material handling tasks across various industries. Definition and [&hellip;]<\/p>","protected":false},"featured_media":17868,"comment_status":"open","ping_status":"closed","template":"","meta":{"_et_pb_use_builder":"","_et_pb_old_content":"","_et_gb_content_width":""},"product_brand":[],"product_cat":[1546],"product_tag":[1547,1496],"class_list":{"0":"post-19408","1":"product","2":"type-product","3":"status-publish","4":"has-post-thumbnail","6":"product_cat-boom-cylinders","7":"product_tag-boom-cylinders","8":"product_tag-hydraulic-cylinders","10":"first","11":"instock","12":"shipping-taxable","13":"product-type-simple"},"amp_enabled":true,"_links":{"self":[{"href":"https:\/\/www.hydraulic-cylinders.net\/sv\/wp-json\/wp\/v2\/product\/19408","targetHints":{"allow":["GET"]}}],"collection":[{"href":"https:\/\/www.hydraulic-cylinders.net\/sv\/wp-json\/wp\/v2\/product"}],"about":[{"href":"https:\/\/www.hydraulic-cylinders.net\/sv\/wp-json\/wp\/v2\/types\/product"}],"replies":[{"embeddable":true,"href":"https:\/\/www.hydraulic-cylinders.net\/sv\/wp-json\/wp\/v2\/comments?post=19408"}],"wp:featuredmedia":[{"embeddable":true,"href":"https:\/\/www.hydraulic-cylinders.net\/sv\/wp-json\/wp\/v2\/media\/17868"}],"wp:attachment":[{"href":"https:\/\/www.hydraulic-cylinders.net\/sv\/wp-json\/wp\/v2\/media?parent=19408"}],"wp:term":[{"taxonomy":"product_brand","embeddable":true,"href":"https:\/\/www.hydraulic-cylinders.net\/sv\/wp-json\/wp\/v2\/product_brand?post=19408"},{"taxonomy":"product_cat","embeddable":true,"href":"https:\/\/www.hydraulic-cylinders.net\/sv\/wp-json\/wp\/v2\/product_cat?post=19408"},{"taxonomy":"product_tag","embeddable":true,"href":"https:\/\/www.hydraulic-cylinders.net\/sv\/wp-json\/wp\/v2\/product_tag?post=19408"}],"curies":[{"name":"wp","href":"https:\/\/api.w.org\/{rel}","templated":true}]}}