{"id":19411,"date":"2025-04-07T06:33:12","date_gmt":"2025-04-07T06:33:12","guid":{"rendered":"https:\/\/www.hydraulic-cylinders.net\/product\/boom-cylinder-for-bobcat-small-excavator-e32\/"},"modified":"2025-04-07T06:33:14","modified_gmt":"2025-04-07T06:33:14","slug":"boom-cylinder-for-bobcat-small-excavator-e32","status":"publish","type":"product","link":"https:\/\/www.hydraulic-cylinders.net\/sv\/produkt\/boom-cylinder-for-bobcat-small-excavator-e32\/","title":{"rendered":"Bomcylinder f\u00f6r Bobcat liten gr\u00e4vmaskin E32"},"content":{"rendered":"<h1>Bomcylinder f\u00f6r Bobcat liten gr\u00e4vmaskin E32<\/h1>\n<h2>F\u00f6rst\u00e5 bomcylindern<\/h2>\n<p>Bomcylindern \u00e4r en viktig komponent i hydraulsystemen i tunga maskiner och \u00e4r speciellt utformad f\u00f6r att styra r\u00f6relsen hos skopor i gr\u00e4vmaskiner, gr\u00e4vmaskiner och frontlastare. Denna hydraulcylinder g\u00f6r att skopan kan lyftas, s\u00e4nkas och lutas, vilket g\u00f6r den avg\u00f6rande f\u00f6r effektiva materialhanteringsuppgifter.<\/p>\n<p>Som en typ av hydraulcylinder fungerar bomcylindern med hj\u00e4lp av trycksatt hydraulv\u00e4tska f\u00f6r att skapa r\u00f6relse. N\u00e4r f\u00f6raren skickar ett kommando r\u00f6r sig hydraulv\u00e4tskan in i cylindern, vilket f\u00e5r kolvst\u00e5ngen att f\u00f6rl\u00e4ngas eller dras in. Denna mekanism m\u00f6jligg\u00f6r exakt kontroll \u00f6ver skopans position, vilket f\u00f6rb\u00e4ttrar maskinens funktionalitet.<\/p>\n<p>Inom byggbranschen \u00e4r f\u00f6rm\u00e5gan att man\u00f6vrera tunga laster med precision och hastighet avg\u00f6rande. Bomcylinderns roll i att uppn\u00e5 detta g\u00f6r den till en oumb\u00e4rlig funktion i moderna gr\u00e4vmaskiner, s\u00e4rskilt i kr\u00e4vande arbetsmilj\u00f6er. Dess design fokuserar p\u00e5 h\u00e5llbarhet och effektivitet, vilket s\u00e4kerst\u00e4ller att f\u00f6rarna kan utf\u00f6ra uppgifter med maximal produktivitet.<\/p>\n<p><img decoding=\"async\" src=\"https:\/\/www.hydraulic-cylinders.net\/wp-content\/uploads\/2025\/04\/songte-company-1.webp\" alt=\"Bomcylinder\" \/><\/p>\n<h2>Viktiga funktioner hos bomcylindern<\/h2>\n<ul>\n<li><strong>H\u00f6g styrka och h\u00e5llbarhet:<\/strong> Bomcylindern, som vanligtvis \u00e4r tillverkad av h\u00f6gh\u00e5llfast st\u00e5l eller aluminium, \u00e4r konstruerad f\u00f6r att motst\u00e5 h\u00f6gt tryck och tunga belastningar, vilket g\u00f6r den l\u00e4mplig f\u00f6r tuffa arbetsf\u00f6rh\u00e5llanden.<\/li>\n<li><strong>Effektiv hydraulisk drift:<\/strong> Cylindern anv\u00e4nder hydrauliskt oljetryck f\u00f6r smidig ut- och indragning, vilket ger snabb respons p\u00e5 man\u00f6verkommandon och levererar betydande tryck- och dragkraft.<\/li>\n<li><strong>Olika typer:<\/strong> De finns i enkelverkande eller dubbelverkande konfigurationer, s\u00e5 anv\u00e4ndarna kan v\u00e4lja den typ som b\u00e4st passar deras operativa behov. Vissa modeller \u00e4r teleskopiska, vilket m\u00f6jligg\u00f6r ut\u00f6kad r\u00e4ckvidd utan att \u00f6ka de yttre m\u00e5tten.<\/li>\n<\/ul>\n<p>Vi specialiserar oss p\u00e5 tillverkning av bomcylindrar av h\u00f6gsta kvalitet som s\u00f6ml\u00f6st kan ers\u00e4tta befintliga hydraulcylindrar, vilket s\u00e4kerst\u00e4ller optimal prestanda i olika till\u00e4mpningar.<\/p>\n<p><img decoding=\"async\" src=\"https:\/\/www.hydraulic-cylinders.net\/wp-content\/uploads\/2025\/04\/songte-cylinder-head-with-all-kinds-excavator-models.webp\" alt=\"Hydrauliska cylindrar\" \/><\/p>\n<h2>Anv\u00e4ndningsomr\u00e5den f\u00f6r bomcylindern<\/h2>\n<h3>Byggutrustning<\/h3>\n<p>I gr\u00e4vmaskiner \u00e4r bomcylindrar avg\u00f6rande f\u00f6r gr\u00e4vning, lastning och transport av jord eller skr\u00e4p. De m\u00f6jligg\u00f6r exakta r\u00f6relser och s\u00e4kerst\u00e4ller att f\u00f6rare effektivt kan hantera gr\u00e4vuppgifter utan att kompromissa med s\u00e4kerhet eller prestanda.<\/p>\n<h3>Gr\u00e4vlastare<\/h3>\n<p>I gr\u00e4vlastare underl\u00e4ttar bomcylindern inte bara gr\u00e4vning utan hj\u00e4lper \u00e4ven till att lyfta tunga laster. Denna dubbla funktion \u00f6kar maskinens m\u00e5ngsidighet och g\u00f6r den till en v\u00e4rdefull tillg\u00e5ng p\u00e5 alla arbetsplatser, oavsett om det g\u00e4ller gr\u00e4vning eller materialhantering.<\/p>\n<h3>Jordbruksmaskiner<\/h3>\n<p>I frontlastare spelar bomcylindrar en avg\u00f6rande roll f\u00f6r att skopa, lyfta och transportera jord, h\u00f6 och andra material. Deras tillf\u00f6rlitliga prestanda hj\u00e4lper lantbrukare och jordbruksarbetare att optimera sin produktivitet under olika uppgifter.<\/p>\n<h3>Gr\u00e4vmaskiner<\/h3>\n<p>F\u00f6r gr\u00e4vmaskiner \u00e4r bomcylinderns f\u00f6rm\u00e5ga att l\u00e5ta skopan penetrera jorden avg\u00f6rande. Denna f\u00f6rm\u00e5ga \u00e4r avg\u00f6rande f\u00f6r effektiva gr\u00e4voperationer, vilket g\u00f6r bomcylindern till en integrerad del av maskinens hydraulsystem.<\/p>\n<h3>Lastare<\/h3>\n<p>Hos frontlastare hj\u00e4lper bomcylindrar till att lyfta och dumpa laster effektivt. Deras robusta design och tillf\u00f6rlitliga drift g\u00f6r det m\u00f6jligt f\u00f6r f\u00f6rare att hantera tunga material s\u00e4kert, vilket s\u00e4kerst\u00e4ller ett effektivt arbetsfl\u00f6de under lastningsuppgifter.<\/p>\n<h2>Design\u00f6verv\u00e4ganden och urvalskriterier<\/h2>\n<h3>Lastkapacitet<\/h3>\n<p>N\u00e4r man v\u00e4ljer en bomcylinder \u00e4r det avg\u00f6rande att f\u00f6rst\u00e5 dess lastkapacitet. Cylindern m\u00e5ste kunna hantera den maximala belastningen som f\u00f6rv\u00e4ntas under drift utan risk f\u00f6r fel. Tillverkare anger vanligtvis lastklassningar, och det \u00e4r viktigt att v\u00e4lja en cylinder som \u00f6vertr\u00e4ffar de f\u00f6rv\u00e4ntade belastningarna f\u00f6r att s\u00e4kerst\u00e4lla s\u00e4kerhet och livsl\u00e4ngd.<\/p>\n<h3>T\u00e4tningsmekanismer<\/h3>\n<p>Effektiv t\u00e4tning \u00e4r en annan kritisk faktor. T\u00e4tningarna m\u00e5ste f\u00f6rhindra l\u00e4ckage av hydraulv\u00e4tska samtidigt som de m\u00f6jligg\u00f6r smidig r\u00f6relse. H\u00f6gkvalitativa t\u00e4tningar minskar slitage p\u00e5 cylindern och f\u00f6rb\u00e4ttrar den totala effektiviteten. L\u00e4mpliga t\u00e4tningsmaterial, s\u00e5som polyuretan och nitrilgummi, \u00e4r avg\u00f6rande f\u00f6r optimal prestanda.<\/p>\n<h3>Varaktighet<\/h3>\n<p>H\u00e5llbarhet \u00e4r av st\u00f6rsta vikt, s\u00e4rskilt i tuffa arbetsmilj\u00f6er. En v\u00e4lkonstruerad bomcylinder b\u00f6r motst\u00e5 n\u00f6tning, korrosion och andra skadliga effekter av exponering f\u00f6r elementen. Material och bel\u00e4ggningar som f\u00f6rb\u00e4ttrar h\u00e5llbarheten kan avsev\u00e4rt f\u00f6rl\u00e4nga cylinderns livsl\u00e4ngd.<\/p>\n<h3>S\u00e4kerhetsfunktioner<\/h3>\n<p>S\u00e4kerhet \u00e4r en viktig faktor. Bomcylindrar b\u00f6r ha s\u00e4kerhetsfunktioner som \u00f6vertrycksventiler f\u00f6r att f\u00f6rhindra \u00f6vertryck, vilket kan leda till katastrofala fel. Regelbundna s\u00e4kerhetskontroller \u00e4r ocks\u00e5 viktiga f\u00f6r att uppr\u00e4tth\u00e5lla driftss\u00e4kerheten.<\/p>\n<h3>Tillg\u00e4nglighet f\u00f6r underh\u00e5ll<\/h3>\n<p>Slutligen \u00e4r tillg\u00e4ngligheten f\u00f6r underh\u00e5ll avg\u00f6rande f\u00f6r att s\u00e4kerst\u00e4lla bomcylinderns livsl\u00e4ngd. Designfunktioner som m\u00f6jligg\u00f6r enkel inspektion, sm\u00f6rjning och t\u00e4tningsbyte kan spara tid och minska arbetskostnaderna p\u00e5 l\u00e5ng sikt.<\/p>\n<p><img decoding=\"async\" src=\"https:\/\/www.hydraulic-cylinders.net\/wp-content\/uploads\/2025\/04\/songte-oil-pipes-and-spare-parts.webp\" alt=\"Hydrauliska delar\" \/><\/p>\n<h2>T\u00e4tning och sm\u00f6rjning av hydraulcylindern<\/h2>\n<p>Korrekt t\u00e4tning och sm\u00f6rjning \u00e4r avg\u00f6rande f\u00f6r bomcylinderns funktion. Olika t\u00e4tningselement, inklusive kolvt\u00e4tningar och st\u00e5ngt\u00e4tningar, m\u00e5ste v\u00e4ljas noggrant f\u00f6r att s\u00e4kerst\u00e4lla att de kan motst\u00e5 hydraulsystemets driftsf\u00f6rh\u00e5llanden. Material som polyuretan och nitrilgummi ger utm\u00e4rkt slitstyrka och f\u00f6rb\u00e4ttrar t\u00e4tningarnas h\u00e5llbarhet.<\/p>\n<p>Cylinderhuset och de g\u00e4ngade \u00e4ndytorna beh\u00f6ver precisionsbearbetas f\u00f6r att f\u00f6rb\u00e4ttra slitstyrkan och s\u00e4kerst\u00e4lla en t\u00e4t t\u00e4tning. Regelbundet underh\u00e5ll b\u00f6r innefatta kontroll av t\u00e4tningarna f\u00f6r slitage och byte av dem vid behov.<\/p>\n<p>Dessutom \u00e4r regelbunden tillf\u00f6rsel av hydraulolja avg\u00f6rande f\u00f6r sm\u00f6rjning. Operat\u00f6rer b\u00f6r regelbundet kontrollera oljeniv\u00e5erna och s\u00e4kerst\u00e4lla att r\u00e4tt typ av hydraulv\u00e4tska anv\u00e4nds f\u00f6r att bibeh\u00e5lla cylinderns prestanda.<\/p>\n<h2>F\u00f6rebyggande underh\u00e5lls\u00e5tg\u00e4rder<\/h2>\n<ul>\n<li><strong>Regelbundna inspektioner:<\/strong> Utf\u00f6r rutinm\u00e4ssiga inspektioner f\u00f6r att identifiera potentiella problem tidigt. Leta efter tecken p\u00e5 slitage, l\u00e4ckor eller skador och \u00e5tg\u00e4rda dem omedelbart f\u00f6r att f\u00f6rhindra ytterligare komplikationer.<\/li>\n<li><strong>L\u00e4mplig sm\u00f6rjning:<\/strong> Se till att bomcylindern \u00e4r ordentligt smord med rekommenderad hydraulolja. Otillr\u00e4cklig sm\u00f6rjning kan leda till \u00f6kat slitage, vilket p\u00e5verkar prestandan.<\/li>\n<li><strong>Byte av t\u00e4tning:<\/strong> Kontrollera regelbundet packningarnas skick och byt ut dem vid behov. Slitna packningar kan leda till oljel\u00e4ckage, vilket minskar effektiviteten och \u00f6kar risken f\u00f6r cylinderhaveri.<\/li>\n<\/ul>\n<h2>Installationsriktlinjer<\/h2>\n<p>Korrekt installation av bomcylindern \u00e4r avg\u00f6rande f\u00f6r optimal prestanda. B\u00f6rja med att se till att alla komponenter \u00e4r rena och fria fr\u00e5n skr\u00e4p. Rikta in cylindern korrekt med f\u00e4stpunkterna p\u00e5 gr\u00e4vmaskinen. Anv\u00e4nd l\u00e4mpliga monteringsf\u00e4sten f\u00f6r att s\u00e4kra cylindern p\u00e5 plats f\u00f6r att f\u00f6rhindra r\u00f6relse under drift.<\/p>\n<p>Kontrollera att hydraulledningarna \u00e4r ordentligt anslutna och att det inte finns n\u00e5gra b\u00f6jningar eller hinder i slangarna. N\u00e4r allt \u00e4r p\u00e5 plats \u00e4r det viktigt att fylla hydraulsystemet med r\u00e4tt v\u00e4tska och lufta systemet f\u00f6r att ta bort eventuella luftfickor. Regelbundna kontroller efter installationen kan bidra till att s\u00e4kerst\u00e4lla att allt sitter fast ordentligt och fungerar som avsett.<\/p>\n<h2>Vanliga underh\u00e5llsuppgifter<\/h2>\n<h3>Regelbundna inspektioner<\/h3>\n<p>Regelbundna inspektioner av bomcylindern \u00e4r avg\u00f6rande f\u00f6r att identifiera eventuella problem innan de blir allvarliga problem. Kontrollera om det finns tecken p\u00e5 slitage, l\u00e4ckor eller skador och \u00e5tg\u00e4rda eventuella problem omedelbart. Konsekvent tillsyn kan f\u00f6rhindra kostsamma reparationer och s\u00e4kerst\u00e4lla att hydraulsystemet fungerar smidigt.<\/p>\n<h3>L\u00e4mplig sm\u00f6rjning<\/h3>\n<p>Korrekt sm\u00f6rjning \u00e4r avg\u00f6rande f\u00f6r att bibeh\u00e5lla bomcylinderns prestanda. Se till att hydrauloljan har r\u00e4tt niv\u00e5 och att den uppfyller tillverkarens specifikationer. Otillr\u00e4cklig sm\u00f6rjning kan leda till \u00f6kad friktion och slitage, vilket kan f\u00f6rkorta cylinderns livsl\u00e4ngd.<\/p>\n<h3>Byte av t\u00e4tning<\/h3>\n<p>\u00d6vervaka t\u00e4tningarnas skick regelbundet. Slitna eller skadade t\u00e4tningar kan leda till l\u00e4ckage av hydraulv\u00e4tska, vilket minskar effektiviteten och potentiellt kan orsaka systemfel. Uppr\u00e4tta en rutin f\u00f6r t\u00e4tningsinspektioner och byten f\u00f6r att bibeh\u00e5lla optimal prestanda.<\/p>\n<p><img decoding=\"async\" src=\"https:\/\/www.hydraulic-cylinders.net\/wp-content\/uploads\/2025\/04\/songte-chushion-collar.webp\" alt=\"Hydrauliska cylinderdelar\" \/><\/p>\n<h2>S\u00e4kerhetsaspekter och milj\u00f6faktorer<\/h2>\n<p>Vid arbete med hydraulcylindrar \u00e4r s\u00e4kerhets\u00e5tg\u00e4rder av yttersta vikt. Operat\u00f6rer b\u00f6r alltid b\u00e4ra l\u00e4mplig personlig skyddsutrustning (PPE) och se till att arbetsomr\u00e5det \u00e4r s\u00e4kert fr\u00e5n faror. Att f\u00f6rst\u00e5 bomcylinderns driftstryck och f\u00f6lja det kan f\u00f6rhindra olyckor och utrustningsfel.<\/p>\n<p>Dessutom \u00e4r det viktigt att beakta milj\u00f6p\u00e5verkan fr\u00e5n hydraulv\u00e4tskor. Att anv\u00e4nda biologiskt nedbrytbara hydrauloljor kan minska milj\u00f6problem och s\u00e4kerst\u00e4lla att f\u00f6reskrifter f\u00f6ljs. Regelbundet underh\u00e5ll och korrekt kassering av v\u00e4tskor kan ocks\u00e5 bidra till att minimera ekologiska fotavtryck.<\/p>\n<h2>Fels\u00f6kning och vanliga problem<\/h2>\n<ul>\n<li><strong>S\u00e4nkt prestanda:<\/strong> Om bomcylindern inte lyfter som f\u00f6rv\u00e4ntat, kontrollera hydraulv\u00e4tskeniv\u00e5er och l\u00e4ckor i systemet. L\u00e5ga v\u00e4tskeniv\u00e5er kan f\u00f6rs\u00e4mra prestandan.<\/li>\n<li><strong>T\u00e4tningsl\u00e4ckor:<\/strong> Om hydraulv\u00e4tska l\u00e4cker, kontrollera t\u00e4tningarna f\u00f6r skador. Slitna t\u00e4tningar b\u00f6r bytas ut omedelbart f\u00f6r att f\u00f6rhindra v\u00e4tskef\u00f6rlust.<\/li>\n<li><strong>Buller under drift:<\/strong> Ovanliga ljud kan tyda p\u00e5 luft i hydraulsystemet eller l\u00e5ga v\u00e4tskeniv\u00e5er. Att lufta systemet och fylla p\u00e5 hydraulv\u00e4tska kan l\u00f6sa dessa problem.<\/li>\n<\/ul>\n<h2>Fels\u00f6kningstips<\/h2>\n<p>F\u00f6r att effektivt diagnostisera och l\u00f6sa problem med bomcylindern b\u00f6r operat\u00f6rer f\u00f6lja en systematisk metod. B\u00f6rja med att granska bruksanvisningar och fels\u00f6kningsguider f\u00f6r specifika symptom. F\u00f6r en organiserad logg \u00f6ver underh\u00e5llsaktiviteter och eventuella problem som uppst\u00e5tt, eftersom denna information kan hj\u00e4lpa till att identifiera \u00e5terkommande problem.<\/p>\n<p>F\u00f6rebyggande \u00e5tg\u00e4rder \u00e4r nyckeln. Regelbundet underh\u00e5ll, inklusive inspektioner och sm\u00f6rjning, kan bidra till att minska sannolikheten f\u00f6r problem. Operat\u00f6rer b\u00f6r ocks\u00e5 bekanta sig med systemets komponenter och funktioner f\u00f6r att b\u00e4ttre f\u00f6rst\u00e5 potentiella felpunkter.<\/p>\n<p><img decoding=\"async\" src=\"https:\/\/www.hydraulic-cylinders.net\/wp-content\/uploads\/2025\/04\/songte-bushings-with-all-kinds-of-excavator-models.webp\" alt=\"Gr\u00e4vmaskindelar\" \/><\/p>\n<h2>Om v\u00e5rt f\u00f6retag<\/h2>\n<p>Vi \u00e4r en ledande tillverkare av hydraulcylindrar f\u00f6r reservdelar och erbjuder ett brett utbud av produkter f\u00f6r att m\u00f6ta de olika behoven p\u00e5 den inhemska och internationella marknaden. V\u00e5rt engagemang f\u00f6r kvalitet \u00e4r tydligt i v\u00e5ra avancerade tillverkningsprocesser och toppmoderna utrustning.<\/p>\n<p>Vi f\u00f6ljer en strategi f\u00f6r excellens inom produktionsledning och anv\u00e4nder skickliga tekniker och digitala tillverkningssystem f\u00f6r att f\u00f6rb\u00e4ttra v\u00e5r produktionskapacitet. V\u00e5rt fokus p\u00e5 kvalitetskontroll s\u00e4kerst\u00e4ller att varje produkt uppfyller de h\u00f6gsta branschstandarderna, vilket g\u00f6r att vi kan tillgodose ett brett spektrum av kundkrav.<\/p>\n<p>V\u00e5rt f\u00f6retag \u00e4r ocks\u00e5 k\u00e4nt f\u00f6r sin omfattande erfarenhet, professionella expertis och engagemang f\u00f6r kundn\u00f6jdhet. Vi erbjuder skr\u00e4ddarsydda tj\u00e4nster och s\u00e4kerst\u00e4ller att v\u00e5ra produkter uppfyller specifika kunders behov samtidigt som vi uppr\u00e4tth\u00e5ller rigor\u00f6sa internationella certifieringar.<\/p>\n<p><img decoding=\"async\" src=\"https:\/\/www.hydraulic-cylinders.net\/wp-content\/uploads\/2025\/04\/songte-company-4.webp\" alt=\"V\u00e5rt f\u00f6retag\" \/><br \/>\n<img decoding=\"async\" src=\"https:\/\/www.hydraulic-cylinders.net\/wp-content\/uploads\/2025\/04\/songte-company-3.webp\" alt=\"Tillverkningsanl\u00e4ggning\" \/><\/p>\n<p>F\u00f6rfattare: lyl<\/p>","protected":false},"excerpt":{"rendered":"<p>Boom Cylinder For Bobcat Small Excavator E32 Understanding the Boom Cylinder The boom cylinder is a vital component in the hydraulic systems of heavy machinery, specifically designed to control the movement of buckets in excavators, backhoes, and front loaders. This hydraulic cylinder enables the bucket to lift, lower, and tilt, making it essential for efficient [&hellip;]<\/p>","protected":false},"featured_media":17871,"comment_status":"open","ping_status":"closed","template":"","meta":{"_et_pb_use_builder":"","_et_pb_old_content":"","_et_gb_content_width":""},"product_brand":[],"product_cat":[1546],"product_tag":[1547,1496],"class_list":{"0":"post-19411","1":"product","2":"type-product","3":"status-publish","4":"has-post-thumbnail","6":"product_cat-boom-cylinders","7":"product_tag-boom-cylinders","8":"product_tag-hydraulic-cylinders","10":"first","11":"instock","12":"shipping-taxable","13":"product-type-simple"},"amp_enabled":true,"_links":{"self":[{"href":"https:\/\/www.hydraulic-cylinders.net\/sv\/wp-json\/wp\/v2\/product\/19411","targetHints":{"allow":["GET"]}}],"collection":[{"href":"https:\/\/www.hydraulic-cylinders.net\/sv\/wp-json\/wp\/v2\/product"}],"about":[{"href":"https:\/\/www.hydraulic-cylinders.net\/sv\/wp-json\/wp\/v2\/types\/product"}],"replies":[{"embeddable":true,"href":"https:\/\/www.hydraulic-cylinders.net\/sv\/wp-json\/wp\/v2\/comments?post=19411"}],"wp:featuredmedia":[{"embeddable":true,"href":"https:\/\/www.hydraulic-cylinders.net\/sv\/wp-json\/wp\/v2\/media\/17871"}],"wp:attachment":[{"href":"https:\/\/www.hydraulic-cylinders.net\/sv\/wp-json\/wp\/v2\/media?parent=19411"}],"wp:term":[{"taxonomy":"product_brand","embeddable":true,"href":"https:\/\/www.hydraulic-cylinders.net\/sv\/wp-json\/wp\/v2\/product_brand?post=19411"},{"taxonomy":"product_cat","embeddable":true,"href":"https:\/\/www.hydraulic-cylinders.net\/sv\/wp-json\/wp\/v2\/product_cat?post=19411"},{"taxonomy":"product_tag","embeddable":true,"href":"https:\/\/www.hydraulic-cylinders.net\/sv\/wp-json\/wp\/v2\/product_tag?post=19411"}],"curies":[{"name":"wp","href":"https:\/\/api.w.org\/{rel}","templated":true}]}}