{"id":19412,"date":"2025-04-07T06:33:15","date_gmt":"2025-04-07T06:33:15","guid":{"rendered":"https:\/\/www.hydraulic-cylinders.net\/product\/boom-cylinder-for-bobcat-small-excavator-e35i\/"},"modified":"2025-04-07T06:33:17","modified_gmt":"2025-04-07T06:33:17","slug":"boom-cylinder-for-bobcat-small-excavator-e35i","status":"publish","type":"product","link":"https:\/\/www.hydraulic-cylinders.net\/sv\/produkt\/boom-cylinder-for-bobcat-small-excavator-e35i\/","title":{"rendered":"Bomcylinder f\u00f6r Bobcat liten gr\u00e4vmaskin E35i"},"content":{"rendered":"<h1>Bomcylinder f\u00f6r Bobcat liten gr\u00e4vmaskin E35i<\/h1>\n<h2>Introduktion till bomcylinder<\/h2>\n<p>De <strong>Bomcylinder<\/strong> \u00e4r en avg\u00f6rande komponent i hydrauliska system, s\u00e4rskilt i tunga maskiner som gr\u00e4vmaskiner, gr\u00e4vmaskiner och frontlastare. Denna hydraulcylinder styr skopans r\u00f6relse, vilket g\u00f6r att den kan lyftas, s\u00e4nkas och lutas, vilket underl\u00e4ttar olika materialhanteringsuppgifter. Skopscylindern, speciellt utformad f\u00f6r att f\u00f6rb\u00e4ttra driftseffektiviteten, spelar en viktig roll i dessa maskiners funktionalitet. Dess design s\u00e4kerst\u00e4ller att den t\u00e5l h\u00f6gt tryck och tunga belastningar, vilket g\u00f6r den l\u00e4mplig f\u00f6r tuffa arbetsmilj\u00f6er.<\/p>\n<p><img decoding=\"async\" src=\"https:\/\/www.hydraulic-cylinders.net\/wp-content\/uploads\/2025\/04\/songte-company-1.webp\" alt=\"Bomcylinder\"><\/p>\n<h2>Funktioner hos bomcylindern<\/h2>\n<ul>\n<li><strong>H\u00f6g styrka och h\u00e5llbarhet:<\/strong> Tillverkad av h\u00f6gh\u00e5llfast st\u00e5l eller aluminium, t\u00e5l den h\u00f6ga tryck och tunga belastningar, \u00e4r l\u00e4mplig f\u00f6r tuffa arbetsf\u00f6rh\u00e5llanden samtidigt som den s\u00e4kerst\u00e4ller f\u00f6rl\u00e4ngd livsl\u00e4ngd.<\/li>\n<li><strong>Effektiv hydraulisk drift:<\/strong> Anv\u00e4nder hydrauliskt oljetryck f\u00f6r smidig ut- och indragning, vilket ger snabb respons p\u00e5 kontrollkommandon och kraftfull tryck- och dragkraft, idealisk f\u00f6r tunga och komplexa uppgifter.<\/li>\n<li><strong>Olika typer:<\/strong> Finns som enkelverkande (arbetar i en riktning) eller dubbelverkande (arbetar i b\u00e5da riktningarna) cylindrar f\u00f6r att m\u00f6ta varierande driftsbehov, med vissa modeller konstruerade f\u00f6r teleskopisk funktion f\u00f6r att m\u00f6jligg\u00f6ra st\u00f6rre utbyggnad utan att \u00f6ka de yttersta m\u00e5tten, perfekt f\u00f6r applikationer med begr\u00e4nsat utrymme.<\/li>\n<li><strong>Anpassad tillverkning:<\/strong> V\u00e5r produktionskapacitet g\u00f6r det m\u00f6jligt f\u00f6r oss att skapa cylindrar som perfekt ers\u00e4tter befintliga hydraulcylindrar, vilket s\u00e4kerst\u00e4ller kompatibilitet och prestanda.<\/li>\n<\/ul>\n<p><img decoding=\"async\" src=\"https:\/\/www.hydraulic-cylinders.net\/wp-content\/uploads\/2025\/04\/songte-cylinder-head-with-all-kinds-excavator-models.webp\" alt=\"Specialtillverkning av bomcylinder\"><\/p>\n<h2>Applikationsscenarier<\/h2>\n<h3>Byggutrustning<\/h3>\n<p>In excavators, the boom cylinder is vital for digging, loading, and moving soil or debris. It enables precise control during excavation, allowing operators to perform tasks efficiently and effectively. In backhoe loaders, the cylinder contributes significantly to both digging and lifting, enhancing the machine&#8217;s versatility in various construction tasks.<\/p>\n<h3>Jordbruksmaskiner<\/h3>\n<p>I frontlastare anv\u00e4nds bomcylindrarna f\u00f6r att skopa, lyfta och transportera jord, h\u00f6 och andra material. De underl\u00e4ttar f\u00f6rflyttning av tunga laster och f\u00f6rb\u00e4ttrar produktiviteten i jordbruksverksamheter d\u00e4r tid och effektivitet \u00e4r avg\u00f6rande.<\/p>\n<h3>Gr\u00e4vmaskiner<\/h3>\n<p>Bomcylindern g\u00f6r att gr\u00e4vmaskiner kan tr\u00e4nga ner i marken effektivt. Detta g\u00f6r den viktig f\u00f6r olika gr\u00e4voperationer, vilket s\u00e4kerst\u00e4ller att skopan kan n\u00e5 \u00f6nskat djup samtidigt som stabilitet och kontroll bibeh\u00e5lls under hela processen.<\/p>\n<h3>Lastare<\/h3>\n<p>P\u00e5 frontlastare hj\u00e4lper bomcylindrar till att lyfta och dumpa material och spelar en avg\u00f6rande roll i materialhanteringen. De s\u00e4kerst\u00e4ller att maskinen kan utf\u00f6ra dessa uppgifter smidigt, vilket f\u00f6rb\u00e4ttrar den totala driftseffektiviteten.<\/p>\n<h2>Design\u00f6verv\u00e4ganden och urvalskriterier<\/h2>\n<h3>Lastkapacitet<\/h3>\n<p>N\u00e4r man v\u00e4ljer en bomcylinder \u00e4r lastkapaciteten en grundl\u00e4ggande aspekt att beakta. Den h\u00e4nvisar till den maximala vikt som cylindern kan hantera utan att kompromissa med dess integritet eller driftseffektivitet. En korrekt nominell lastkapacitet s\u00e4kerst\u00e4ller att cylindern fungerar optimalt under verkliga arbetsf\u00f6rh\u00e5llanden, vilket f\u00f6rhindrar fel som kan leda till driftstopp eller s\u00e4kerhetsrisker.<\/p>\n<h3>T\u00e4tningsprestanda<\/h3>\n<p>T\u00e4tningssystem i hydraulcylindrar \u00e4r avg\u00f6rande f\u00f6r att f\u00f6rhindra v\u00e4tskel\u00e4ckage och s\u00e4kerst\u00e4lla effektiv drift. Anv\u00e4ndningen av h\u00f6gkvalitativa t\u00e4tningar, s\u00e5som kolv- och st\u00e5ngt\u00e4tningar tillverkade av h\u00e5llbara material, \u00e4r avg\u00f6rande. Dessa t\u00e4tningar m\u00e5ste vara konstruerade f\u00f6r att motst\u00e5 h\u00f6ga tryck och f\u00f6rhindra kontaminering, vilket kan p\u00e5verka prestanda och livsl\u00e4ngd avsev\u00e4rt.<\/p>\n<h3>Varaktighet<\/h3>\n<p>H\u00e5llbarhet \u00e4r avg\u00f6rande f\u00f6r hydraulcylindrar, s\u00e4rskilt i kr\u00e4vande milj\u00f6er. Att v\u00e4lja material som \u00e4r motst\u00e5ndskraftiga mot slitage, korrosion och h\u00f6gt tryck \u00e4r avg\u00f6rande. Detta inkluderar bel\u00e4ggningar som ger ytterligare skydd mot milj\u00f6faktorer, vilket f\u00f6rl\u00e4nger cylinderns livsl\u00e4ngd och minskar underh\u00e5llsbehovet.<\/p>\n<h3>S\u00e4kerhetsfunktioner<\/h3>\n<p>S\u00e4kerhet \u00e4r av st\u00f6rsta vikt vid konstruktion av hydraulcylindrar. Funktioner som tryckavlastningsventiler och s\u00e4kerhetsmekanismer \u00e4r avg\u00f6rande f\u00f6r att f\u00f6rhindra of\u00f6rutsedda fel. Dessa s\u00e4kerhets\u00e5tg\u00e4rder skyddar b\u00e5de operat\u00f6ren och utrustningen och s\u00e4kerst\u00e4ller att systemet fungerar inom s\u00e4kra parametrar hela tiden.<\/p>\n<h3>Tillg\u00e4nglighet f\u00f6r underh\u00e5ll<\/h3>\n<p>Enkelt underh\u00e5ll b\u00f6r ocks\u00e5 vara en faktor att beakta vid val av cylinder. Konstruktioner som m\u00f6jligg\u00f6r enkel \u00e5tkomst till komponenter f\u00f6r inspektion, sm\u00f6rjning och reparationer kan spara tid och kostnader p\u00e5 l\u00e5ng sikt. Detta inkluderar funktioner som underl\u00e4ttar enkel demontering och \u00e5termontering, vilket s\u00e4kerst\u00e4ller att rutinunderh\u00e5ll kan utf\u00f6ras effektivt.<\/p>\n<p><img decoding=\"async\" src=\"https:\/\/www.hydraulic-cylinders.net\/wp-content\/uploads\/2025\/04\/songte-oil-pipes-and-spare-parts.webp\" alt=\"Hydrauliska komponenter\"><\/p>\n<h2>T\u00e4tning och sm\u00f6rjning<\/h2>\n<p>Effektiv t\u00e4tning och sm\u00f6rjning \u00e4r avg\u00f6rande f\u00f6r hydraulcylindrars funktion. Olika t\u00e4tningselement, s\u00e5som kolvt\u00e4tningar och kolvst\u00e5ngst\u00e4tningar, anv\u00e4nds f\u00f6r att f\u00f6rhindra l\u00e4ckage och s\u00e4kerst\u00e4lla effektiv tryckh\u00e5llning. T\u00e4tningar tillverkade av material som polyuretan och nitrilgummi anv\u00e4nds ofta p\u00e5 grund av deras slitstyrka och h\u00e5llbarhet. Dessutom \u00e4r cylinderhuset och de g\u00e4ngade \u00e4ndytorna finpolerade f\u00f6r att f\u00f6rb\u00e4ttra slitstyrkan. Regelbunden sm\u00f6rjning med tillr\u00e4cklig hydraulolja \u00e4r avg\u00f6rande f\u00f6r att uppr\u00e4tth\u00e5lla smidig drift och f\u00f6rhindra slitage.<\/p>\n<h2>Regelbunden inspektion och f\u00f6rebyggande underh\u00e5ll<\/h2>\n<ul>\n<li><strong>Rutininspektioner:<\/strong> Utf\u00f6r regelbundna inspektioner f\u00f6r att identifiera tecken p\u00e5 slitage eller skador tidigt. Leta efter l\u00e4ckor, ovanliga ljud eller prestandaproblem som kan tyda p\u00e5 underliggande problem.<\/li>\n<li><strong>Korrekt sm\u00f6rjning:<\/strong> Se till att hydrauloljan har optimala niv\u00e5er och att sm\u00f6rjningen appliceras korrekt p\u00e5 alla r\u00f6rliga delar. Detta f\u00f6rhindrar \u00f6verdriven friktion och slitage, vilket f\u00f6rl\u00e4nger cylinderns livsl\u00e4ngd.<\/li>\n<li><strong>Byte av t\u00e4tning:<\/strong> Kontrollera regelbundet t\u00e4tningarnas skick och byt ut dem vid behov. Slitna t\u00e4tningar kan leda till v\u00e4tskel\u00e4ckage, vilket minskar systemets effektivitet och \u00f6kar risken f\u00f6r fel.<\/li>\n<\/ul>\n<h2>Installationsriktlinjer<\/h2>\n<p>Proper installation of the boom cylinder is crucial for optimal performance. Start by ensuring that all components are clean and free from debris. Align the cylinder accurately with the mounting points, using appropriate brackets for support. Tighten all bolts to the manufacturer&#8217;s specifications to ensure stability. After installation, check the alignment to ensure that the cylinder operates smoothly. It&#8217;s also important to fill the system with hydraulic oil and perform a function test before putting the equipment into full operation.<\/p>\n<h2>Underh\u00e5llsuppgifter<\/h2>\n<ul>\n<li><strong>Regelbundna inspektioner:<\/strong> Regelbundna kontroller av tecken p\u00e5 slitage eller skador kan f\u00f6rhindra st\u00f6rre problem l\u00e4ngre fram. Leta efter l\u00e4ckor eller ovanliga ljud under drift.<\/li>\n<li><strong>L\u00e4mplig sm\u00f6rjning:<\/strong> Anv\u00e4nd rekommenderad hydraulolja och se till att niv\u00e5erna bibeh\u00e5lls f\u00f6r att f\u00f6rhindra on\u00f6digt slitage p\u00e5 komponenterna.<\/li>\n<li><strong>Byte och kalibrering av t\u00e4tning:<\/strong> Byt regelbundet ut slitna t\u00e4tningar och kalibrera systemet f\u00f6r att s\u00e4kerst\u00e4lla att det fungerar som avsett. Detta \u00e4r avg\u00f6rande f\u00f6r att uppr\u00e4tth\u00e5lla s\u00e4kerhet och effektivitet.<\/li>\n<\/ul>\n<h2>S\u00e4kerhetsaspekter och milj\u00f6faktorer<\/h2>\n<p>Vid hantering av hydraulcylindrar \u00e4r det viktigt att implementera s\u00e4kerhets\u00e5tg\u00e4rder. Operat\u00f6rer m\u00e5ste b\u00e4ra l\u00e4mplig personlig skyddsutrustning (PPE) och f\u00f6lja etablerade s\u00e4kerhetsprotokoll f\u00f6r att minimera riskerna. Regelbunden s\u00e4kerhetsutbildning kan bidra till att f\u00f6rhindra olyckor och s\u00e4kerst\u00e4lla att all personal \u00e4r medveten om de potentiella faror som \u00e4r f\u00f6rknippade med hydrauliska system.<\/p>\n<h2>Fels\u00f6kning och vanliga problem<\/h2>\n<ul>\n<li><strong>L\u00e4ckage:<\/strong> Om olja l\u00e4cker fr\u00e5n cylindern, kontrollera packningarna f\u00f6r slitage eller skador. Att byta ut packningarna kan l\u00f6sa problemet.<\/li>\n<li><strong>L\u00e5ngsam drift:<\/strong> Om cylindern arbetar l\u00e5ngsamt, kontrollera hydraulv\u00e4tskeniv\u00e5erna och eventuella blockeringar i ledningarna. Luft i hydraulsystemet kan ocks\u00e5 orsaka l\u00e5ngsam prestanda.<\/li>\n<li><strong>Ovanliga ljud:<\/strong> Ljud under drift kan tyda p\u00e5 slitage eller feljustering. Kontrollera cylindern och omgivande komponenter f\u00f6r problem som beh\u00f6ver \u00e5tg\u00e4rdas.<\/li>\n<\/ul>\n<h2>Fels\u00f6kningstips<\/h2>\n<p>F\u00f6r att effektivt diagnostisera och l\u00f6sa problem \u00e4r det viktigt att f\u00f6ra en logg \u00f6ver eventuella problem och deras l\u00f6sningar. Att regelbundet granska dessa loggar kan hj\u00e4lpa till att identifiera m\u00f6nster och f\u00f6rebygga framtida problem. Dessutom kan schemal\u00e4ggning av rutinm\u00e4ssigt underh\u00e5ll och inspektioner uppt\u00e4cka problem tidigt, vilket minskar sannolikheten f\u00f6r katastrofala fel och \u00f6kar utrustningens livsl\u00e4ngd.<\/p>\n<p><img decoding=\"async\" src=\"https:\/\/www.hydraulic-cylinders.net\/wp-content\/uploads\/2025\/04\/songte-bushings-with-all-kinds-of-excavator-models.webp\" alt=\"Hydrauliska delar\"><\/p>\n<h2>Om v\u00e5rt f\u00f6retag<\/h2>\n<p>Vi specialiserar oss p\u00e5 tillverkning av hydraulcylindrar f\u00f6r reservdelar och har blivit en av de ledande tillverkarna och grossisterna p\u00e5 den inhemska och internationella marknaden. V\u00e5rt engagemang f\u00f6r excellens st\u00f6ds av en sofistikerad tillverkningsstrategi, som inkluderar anv\u00e4ndning av h\u00f6gkvalificerad teknisk personal, digital avancerad tillverkningsutrustning och professionella testsystem. Vi f\u00f6rb\u00e4ttrar kontinuerligt v\u00e5r tillverkningsplattform f\u00f6r att f\u00f6rb\u00e4ttra produktkvaliteten och s\u00e4kerst\u00e4ller att vi m\u00f6ter olika kunders behov med effektivitet, precision och h\u00f6g kvalitet.<\/p>\n<p><img decoding=\"async\" src=\"https:\/\/www.hydraulic-cylinders.net\/wp-content\/uploads\/2025\/04\/songte-company-4.webp\" alt=\"F\u00f6retags\u00f6versikt\"><br \/>\n<img decoding=\"async\" src=\"https:\/\/www.hydraulic-cylinders.net\/wp-content\/uploads\/2025\/04\/songte-company-3.webp\" alt=\"Tillverkningsanl\u00e4ggningar\"><\/p>\n<p>V\u00e5rt f\u00f6retag \u00e4r stolta \u00f6ver professionalism, internationella certifieringar, skr\u00e4ddarsydda tj\u00e4nster, avancerad produktionsutrustning och exceptionell eftermarknadssupport. Vi \u00e4r dedikerade till att tillhandah\u00e5lla f\u00f6rstklassiga produkter och tj\u00e4nster som utm\u00e4rker sig inom hydraulcylindrar.<\/p>\n<p>F\u00f6rfattare: lyl<\/p>","protected":false},"excerpt":{"rendered":"<p>Boom Cylinder For Bobcat Small Excavator E35i Introduction to Boom Cylinder The Boom Cylinder is a crucial component in hydraulic systems, particularly in heavy machinery like excavators, backhoes, and front loaders. This hydraulic cylinder controls the movement of the bucket, allowing it to lift, lower, and tilt, thus facilitating various material handling tasks. The bucket [&hellip;]<\/p>","protected":false},"featured_media":17872,"comment_status":"open","ping_status":"closed","template":"","meta":{"_et_pb_use_builder":"","_et_pb_old_content":"","_et_gb_content_width":""},"product_brand":[],"product_cat":[1546],"product_tag":[1547,1496],"class_list":{"0":"post-19412","1":"product","2":"type-product","3":"status-publish","4":"has-post-thumbnail","6":"product_cat-boom-cylinders","7":"product_tag-boom-cylinders","8":"product_tag-hydraulic-cylinders","10":"first","11":"instock","12":"shipping-taxable","13":"product-type-simple"},"amp_enabled":true,"_links":{"self":[{"href":"https:\/\/www.hydraulic-cylinders.net\/sv\/wp-json\/wp\/v2\/product\/19412","targetHints":{"allow":["GET"]}}],"collection":[{"href":"https:\/\/www.hydraulic-cylinders.net\/sv\/wp-json\/wp\/v2\/product"}],"about":[{"href":"https:\/\/www.hydraulic-cylinders.net\/sv\/wp-json\/wp\/v2\/types\/product"}],"replies":[{"embeddable":true,"href":"https:\/\/www.hydraulic-cylinders.net\/sv\/wp-json\/wp\/v2\/comments?post=19412"}],"wp:featuredmedia":[{"embeddable":true,"href":"https:\/\/www.hydraulic-cylinders.net\/sv\/wp-json\/wp\/v2\/media\/17872"}],"wp:attachment":[{"href":"https:\/\/www.hydraulic-cylinders.net\/sv\/wp-json\/wp\/v2\/media?parent=19412"}],"wp:term":[{"taxonomy":"product_brand","embeddable":true,"href":"https:\/\/www.hydraulic-cylinders.net\/sv\/wp-json\/wp\/v2\/product_brand?post=19412"},{"taxonomy":"product_cat","embeddable":true,"href":"https:\/\/www.hydraulic-cylinders.net\/sv\/wp-json\/wp\/v2\/product_cat?post=19412"},{"taxonomy":"product_tag","embeddable":true,"href":"https:\/\/www.hydraulic-cylinders.net\/sv\/wp-json\/wp\/v2\/product_tag?post=19412"}],"curies":[{"name":"wp","href":"https:\/\/api.w.org\/{rel}","templated":true}]}}