{"id":19440,"date":"2025-04-07T06:47:38","date_gmt":"2025-04-07T06:47:38","guid":{"rendered":"https:\/\/www.hydraulic-cylinders.net\/product\/boom-cylinder-for-case-small-excavator-cx75\/"},"modified":"2025-04-07T06:47:41","modified_gmt":"2025-04-07T06:47:41","slug":"boom-cylinder-for-case-small-excavator-cx75","status":"publish","type":"product","link":"https:\/\/www.hydraulic-cylinders.net\/sv\/produkt\/boom-cylinder-for-case-small-excavator-cx75\/","title":{"rendered":"Bomcylinder f\u00f6r Case liten gr\u00e4vmaskin CX75"},"content":{"rendered":"<h1>Bomcylinder f\u00f6r Case liten gr\u00e4vmaskin CX75<\/h1>\n<h2>F\u00f6rst\u00e5 bomcylindern<\/h2>\n<p>Bomcylindern, \u00e4ven k\u00e4nd som skopcylindern, \u00e4r en viktig komponent i hydraulsystem, speciellt utformad f\u00f6r att styra r\u00f6relsen hos olika tunga maskinredskap, som de som finns p\u00e5 gr\u00e4vmaskiner, gr\u00e4vmaskiner och frontlastare. Denna hydraulcylinder g\u00f6r att skopan kan lyftas, s\u00e4nkas och lutas, vilket underl\u00e4ttar effektiva materialhanteringsuppgifter. Den spelar en avg\u00f6rande roll i driften av utrustning och m\u00f6jligg\u00f6r precisa r\u00f6relser som \u00e4r avg\u00f6rande vid byggarbeten och andra tunga till\u00e4mpningar.<\/p>\n<p>Bomcylindern \u00e4r viktig f\u00f6r uppgifter som gr\u00e4vning och lyft, d\u00e4r den omvandlar hydraultryck till mekanisk kraft. Dess konstruktion inkluderar vanligtvis kraftfulla t\u00e4tningar och robusta material f\u00f6r att motst\u00e5 betydande tryck och tunga belastningar. Bomcylinderns effektivitet p\u00e5verkar direkt effektiviteten och kapaciteten hos de maskiner den st\u00f6der.<\/p>\n<p><img decoding=\"async\" src=\"https:\/\/www.hydraulic-cylinders.net\/wp-content\/uploads\/2025\/04\/songte-company-1.webp\" alt=\"Bomcylinder\"><\/p>\n<h2>Viktiga funktioner hos bomcylindern<\/h2>\n<ul>\n<li><strong>H\u00f6g styrka och h\u00e5llbarhet:<\/strong> V\u00e5ra bomcylindrar \u00e4r tillverkade av h\u00f6gh\u00e5llfast st\u00e5l eller aluminium och t\u00e5l h\u00f6gt tryck och tunga belastningar, vilket g\u00f6r dem l\u00e4mpliga f\u00f6r tuffa arbetsmilj\u00f6er.<\/li>\n<li><strong>Effektiv hydraulisk drift:<\/strong> Genom att anv\u00e4nda hydrauloljetrycket ger bomcylindern smidiga ut- och inf\u00e4llningsr\u00f6relser och kan snabbt reagera p\u00e5 f\u00f6rarens kommandon.<\/li>\n<li><strong>Olika typer:<\/strong> Finns i enkelverkande (fungerar i en riktning) eller dubbelverkande (fungerar i b\u00e5da riktningarna) konfigurationer, vilket tillgodoser olika driftsbehov, med vissa modeller utformade f\u00f6r att vara teleskopiska f\u00f6r l\u00e4ngre r\u00e4ckvidd.<\/li>\n<li><strong>Underh\u00e5llsv\u00e4nlig design:<\/strong> V\u00e5ra cylindrar \u00e4r konstruerade f\u00f6r enkel \u00e5tkomst till komponenter f\u00f6r reparationer och underh\u00e5ll, vilket s\u00e4kerst\u00e4ller l\u00e5ng livsl\u00e4ngd och tillf\u00f6rlitlighet.<\/li>\n<li><strong>Kompatibilitet:<\/strong> Dessa bomcylindrar kan perfekt ers\u00e4tta befintliga hydraulcylindrar i olika maskinmodeller, vilket ger en smidig \u00f6verg\u00e5ng f\u00f6r anv\u00e4ndarna.<\/li>\n<\/ul>\n<p><img decoding=\"async\" src=\"https:\/\/www.hydraulic-cylinders.net\/wp-content\/uploads\/2025\/04\/songte-cylinder-head-with-all-kinds-excavator-models.webp\" alt=\"Kompatibilitet mellan bomcylindrar\"><\/p>\n<h2>Anv\u00e4ndningsomr\u00e5den f\u00f6r bomcylindern<\/h2>\n<h3>Byggutrustning<\/h3>\n<p>I gr\u00e4vmaskiner \u00e4r bomcylindrar avg\u00f6rande f\u00f6r gr\u00e4vning, lastning och flyttning av jord eller skr\u00e4p. De g\u00f6r att skopan kan tr\u00e4nga ner i marken effektivt, vilket underl\u00e4ttar arbete p\u00e5 byggarbetsplatser d\u00e4r schaktningsarbeten \u00e4r vanliga. F\u00f6rm\u00e5gan att kontrollera bommens h\u00f6jd och vinkel \u00e4r avg\u00f6rande f\u00f6r precision vid gr\u00e4varbete, vilket g\u00f6r dessa cylindrar oumb\u00e4rliga i moderna byggprojekt.<\/p>\n<h3>Jordbruksmaskiner<\/h3>\n<p>Frontlastare utrustade med bomcylindrar anv\u00e4nds f\u00f6r att skopa, lyfta och transportera jord, h\u00f6 och andra material. Dessa cylindrar g\u00f6r det m\u00f6jligt f\u00f6r lantbrukare att enkelt flytta stora m\u00e4ngder material, vilket f\u00f6rb\u00e4ttrar produktiviteten och effektiviteten i jordbruksverksamheten. Flexibiliteten i r\u00f6relse m\u00f6jligg\u00f6r olika uppgifter, fr\u00e5n lastning av lastbilar till att f\u00f6rbereda f\u00e4lt f\u00f6r plantering.<\/p>\n<h3>Gr\u00e4vmaskiner<\/h3>\n<p>I gr\u00e4vmaskiner spelar bomcylindern en viktig roll i gr\u00e4vprocessen. Den g\u00f6r att skopan kan tr\u00e4nga ner i jorden effektivt, vilket g\u00f6r det l\u00e4ttare att gr\u00e4va material. Den hydrauliska kraften som bomcylindern tillhandah\u00e5ller s\u00e4kerst\u00e4ller att gr\u00e4vmaskinen kan hantera tuffa gr\u00e4vuppgifter med minimal anstr\u00e4ngning.<\/p>\n<h3>Lastare<\/h3>\n<p>I frontlastare hj\u00e4lper bomcylindrar till att lyfta och dumpa laster effektivt. Den exakta kontrollen som dessa cylindrar ger g\u00f6r det m\u00f6jligt f\u00f6r f\u00f6rare att hantera material varsamt, f\u00f6rhindra spill och s\u00e4kerst\u00e4lla att laster placeras korrekt d\u00e4r det beh\u00f6vs. Denna effektivitet \u00e4r avg\u00f6rande b\u00e5de inom bygg- och materialhantering.<\/p>\n<h2>Design\u00f6verv\u00e4ganden och urvalskriterier<\/h2>\n<h3>Lastkapacitet<\/h3>\n<p>N\u00e4r man v\u00e4ljer en bomcylinder \u00e4r det viktigt att ta h\u00e4nsyn till dess lastkapacitet. Cylindern m\u00e5ste kunna hantera den maximala vikt den kommer att uts\u00e4ttas f\u00f6r under drift. Detta s\u00e4kerst\u00e4ller s\u00e4kerhet och effektivitet och f\u00f6rhindrar potentiella utrustningsfel som kan uppst\u00e5 vid \u00f6verbelastning.<\/p>\n<h3>T\u00e4tningsteknik<\/h3>\n<p>Effektiv t\u00e4tning \u00e4r avg\u00f6rande i hydraulcylindrar eftersom det f\u00f6rhindrar v\u00e4tskel\u00e4ckage som kan minska prestanda och tryck. Valet av t\u00e4tningar, inklusive kolvt\u00e4tningar och kolvst\u00e5ngst\u00e4tningar, avg\u00f6r cylinderns livsl\u00e4ngd och effektivitet. H\u00f6gkvalitativa t\u00e4tningar tillverkade av material som polyuretan eller nitril \u00e4r avg\u00f6rande f\u00f6r h\u00e5llbarhet och slitstyrka.<\/p>\n<h3>Varaktighet<\/h3>\n<p>Materialen som anv\u00e4nds vid konstruktionen av en bomcylinder m\u00e5ste vara tillr\u00e4ckligt h\u00e5llbara f\u00f6r att motst\u00e5 tuffa driftsf\u00f6rh\u00e5llanden. En cylinder som kan motst\u00e5 korrosion, n\u00f6tning och st\u00f6tar har en l\u00e4ngre livsl\u00e4ngd, vilket minskar underh\u00e5llskostnader och stillest\u00e5ndstid.<\/p>\n<h3>S\u00e4kerhetsfunktioner<\/h3>\n<p>S\u00e4kerhet \u00e4r av st\u00f6rsta vikt n\u00e4r man arbetar med hydrauliska system. Bomcylindrar b\u00f6r ha funktioner som f\u00f6rhindrar \u00f6vertryck, s\u00e5som tryckavlastningsventiler. Dessa s\u00e4kerhetsmekanismer skyddar f\u00f6rare och utrustning fr\u00e5n potentiella faror under drift.<\/p>\n<h3>Tillg\u00e4nglighet f\u00f6r underh\u00e5ll<\/h3>\n<p>Att konstruera f\u00f6r underh\u00e5ll \u00e4r avg\u00f6rande f\u00f6r att s\u00e4kerst\u00e4lla att cylindrar enkelt kan servas. Funktioner som avtagbara \u00e4ndk\u00e5por och tillg\u00e4ngliga sm\u00f6rjpunkter kan avsev\u00e4rt minska underh\u00e5llstid och -kostnader, vilket g\u00f6r att maskiner kan h\u00e5llas i drift under l\u00e4ngre perioder.<\/p>\n<p><img decoding=\"async\" src=\"https:\/\/www.hydraulic-cylinders.net\/wp-content\/uploads\/2025\/04\/songte-oil-pipes-and-spare-parts.webp\" alt=\"Underh\u00e5llsdelar f\u00f6r hydraulcylinder\"><\/p>\n<h2>T\u00e4tning och sm\u00f6rjning<\/h2>\n<p>Effektiv t\u00e4tning och sm\u00f6rjning \u00e4r avg\u00f6rande f\u00f6r bomcylindrars prestanda. Olika t\u00e4tningar, inklusive kolvt\u00e4tningar och st\u00e5ngt\u00e4tningar, \u00e4r viktiga f\u00f6r att f\u00f6rhindra l\u00e4ckage av hydraulv\u00e4tska. Anv\u00e4ndning av slitstarka material som polyuretan och nitrilgummi f\u00f6r t\u00e4tningar f\u00f6rb\u00e4ttrar deras slitstyrka, vilket bidrar till cylinderns livsl\u00e4ngd. Cylinderhuset och de g\u00e4ngade \u00e4ndytorna genomg\u00e5r precisionsbearbetning f\u00f6r att f\u00f6rb\u00e4ttra slitstyrkan, vilket s\u00e4kerst\u00e4ller optimal prestanda.<\/p>\n<p>Regelbunden sm\u00f6rjning \u00e4r n\u00f6dv\u00e4ndig f\u00f6r att bibeh\u00e5lla smidig drift. Hydraulolja b\u00f6r fyllas p\u00e5 regelbundet f\u00f6r att s\u00e4kerst\u00e4lla att alla r\u00f6rliga delar \u00e4r tillr\u00e4ckligt smorda, vilket minskar friktion och slitage. Korrekt sm\u00f6rjning hj\u00e4lper ocks\u00e5 till med v\u00e4rmeavledning, bibeh\u00e5ller optimala driftstemperaturer och f\u00f6rhindrar \u00f6verhettning.<\/p>\n<h2>Regelbundet underh\u00e5ll och f\u00f6rebyggande \u00e5tg\u00e4rder<\/h2>\n<ul>\n<li><strong>Regelbundna inspektioner:<\/strong> Att utf\u00f6ra regelbundna inspektioner kan hj\u00e4lpa till att identifiera slitage och potentiella felpunkter innan de blir allvarliga problem. Leta efter tecken p\u00e5 l\u00e4ckor, korrosion eller ovanliga slitagem\u00f6nster p\u00e5 t\u00e4tningar och st\u00e4nger.<\/li>\n<li><strong>L\u00e4mplig sm\u00f6rjning:<\/strong> Se till att cylindern sm\u00f6rjs regelbundet med l\u00e4mplig hydraulolja. \u00d6versm\u00f6rjning kan orsaka tryckuppbyggnad, medan undersm\u00f6rjning kan leda till \u00f6kat slitage och haverier.<\/li>\n<li><strong>Byte av t\u00e4tning:<\/strong> T\u00e4tningar b\u00f6r bytas vid f\u00f6rsta tecken p\u00e5 slitage. Anv\u00e4ndning av h\u00f6gkvalitativa reservt\u00e4tningar kan f\u00f6rhindra l\u00e4ckage och bibeh\u00e5lla hydraultrycket.<\/li>\n<\/ul>\n<h2>Installationsriktlinjer<\/h2>\n<p>Korrekt installation av bomcylindern \u00e4r avg\u00f6rande f\u00f6r dess prestanda och livsl\u00e4ngd. H\u00e4r \u00e4r viktiga steg att f\u00f6lja:<\/p>\n<ol>\n<li><strong>F\u00f6rberedelse:<\/strong> Se till att arbetsytan \u00e4r ren och fri fr\u00e5n skr\u00e4p. Kontrollera att alla komponenter \u00e4r kompatibla och i gott skick.<\/li>\n<li><strong>Inriktning:<\/strong> Rikta in cylindern korrekt i f\u00f6rh\u00e5llande till monteringspunkterna p\u00e5 maskinen. Feljustering kan leda till f\u00f6r tidigt slitage och haveri.<\/li>\n<li><strong>Montering:<\/strong> Anv\u00e4nd l\u00e4mpliga monteringsf\u00e4sten f\u00f6r att f\u00e4sta cylindern. Se till att bultarna \u00e4r \u00e5tdragna enligt tillverkarens specifikationer f\u00f6r att f\u00f6rhindra att de lossnar under drift.<\/li>\n<li><strong>Testning:<\/strong> Efter installationen, utf\u00f6r ett funktionstest f\u00f6r att s\u00e4kerst\u00e4lla att cylindern fungerar smidigt och effektivt.<\/li>\n<\/ol>\n<h2>Vanliga underh\u00e5llsuppgifter<\/h2>\n<h3>Regelbundna inspektioner<\/h3>\n<p>Regelbundna inspektioner av bomcylindern \u00e4r viktiga f\u00f6r att tidigt identifiera tecken p\u00e5 slitage eller skador. Leta efter synliga l\u00e4ckor, ovanliga ljud under drift och se till att alla anslutningar \u00e4r s\u00e4kra. Uppr\u00e4tta ett rutinm\u00e4ssigt inspektionsschema f\u00f6r att uppr\u00e4tth\u00e5lla optimal prestanda och f\u00f6rhindra ov\u00e4ntade fel.<\/p>\n<h3>Korrekt sm\u00f6rjning<\/h3>\n<p>Att bibeh\u00e5lla r\u00e4tt sm\u00f6rjniv\u00e5 \u00e4r avg\u00f6rande f\u00f6r hydraulsystemets effektivitet. Kontrollera regelbundet hydrauloljeniv\u00e5erna och se till att r\u00e4tt typ av olja anv\u00e4nds f\u00f6r att f\u00f6rhindra slitage p\u00e5 t\u00e4tningar och r\u00f6rliga delar. Ett effektivt sm\u00f6rjschema minskar risken f\u00f6r funktionsfel avsev\u00e4rt och f\u00f6rl\u00e4nger cylinderns livsl\u00e4ngd.<\/p>\n<h3>T\u00e4tningsbyte och kalibreringskontroller<\/h3>\n<p>T\u00e4tningar b\u00f6r kontrolleras ofta f\u00f6r tecken p\u00e5 slitage och b\u00f6r bytas ut vid behov f\u00f6r att bibeh\u00e5lla hydraulisk integritet. Kalibreringskontroller b\u00f6r utf\u00f6ras f\u00f6r att s\u00e4kerst\u00e4lla att cylindern arbetar inom r\u00e4tt tryckomr\u00e5den. Korrekt kalibrerade cylindrar f\u00f6rb\u00e4ttrar prestandan och f\u00f6rhindrar driftsrisker.<\/p>\n<h2>S\u00e4kerhetsaspekter och milj\u00f6faktorer<\/h2>\n<p>N\u00e4r det g\u00e4ller anv\u00e4ndning av hydraulcylindrar \u00e4r s\u00e4kerhets\u00e5tg\u00e4rder avg\u00f6rande. Operat\u00f6rer b\u00f6r alltid utbildas i s\u00e4ker anv\u00e4ndning av maskiner utrustade med hydrauliska system. Detta inkluderar att f\u00f6rst\u00e5 riskerna med h\u00f6gtryckssystem och implementera l\u00e4mpliga s\u00e4kerhetsprotokoll, s\u00e5som att b\u00e4ra skyddsutrustning och se till att arbetsomr\u00e5det \u00e4r fritt fr\u00e5n \u00e5sk\u00e5dare. Dessutom \u00e4r h\u00e4nsyn till milj\u00f6p\u00e5verkan avg\u00f6rande; att anv\u00e4nda hydraulv\u00e4tskor som \u00e4r milj\u00f6v\u00e4nliga kan minimera riskerna i samband med spill och l\u00e4ckor.<\/p>\n<h2>Fels\u00f6kning av vanliga problem<\/h2>\n<ul>\n<li><strong>Tryckf\u00f6rlust:<\/strong> Detta kan orsakas av l\u00e4ckor i hydraulsystemet, luft i ledningarna eller defekta t\u00e4tningar. Kontrollera om det finns synliga l\u00e4ckor och se till att v\u00e4tskan har r\u00e4tt niv\u00e5.<\/li>\n<li><strong>L\u00e5ngsam r\u00f6relse:<\/strong> Om cylindern reagerar l\u00e5ngsamt kan det tyda p\u00e5 att sm\u00f6rjning beh\u00f6vs eller att hydraulv\u00e4tskan \u00e4r f\u00f6rorenad. Kontrollera och byt v\u00e4tska vid behov.<\/li>\n<li><strong>Ovanliga ljud:<\/strong> Skrammande eller klirrande ljud kan signalera mekaniska problem i cylindern. Omedelbar inspektion \u00e4r n\u00f6dv\u00e4ndig f\u00f6r att f\u00f6rhindra ytterligare skador.<\/li>\n<\/ul>\n<p>F\u00f6r att \u00e5tg\u00e4rda dessa problem \u00e4r det viktigt att implementera f\u00f6rebyggande \u00e5tg\u00e4rder, inklusive regelbundna underh\u00e5llskontroller, korrekt v\u00e4tskehantering och utbildning av operat\u00f6rer i fels\u00f6kningstekniker.<\/p>\n<p><img decoding=\"async\" src=\"https:\/\/www.hydraulic-cylinders.net\/wp-content\/uploads\/2025\/04\/songte-bushings-with-all-kinds-of-excavator-models.webp\" alt=\"Vanliga problem med bomcylindrar\"><\/p>\n<h2>Om v\u00e5rt f\u00f6retag<\/h2>\n<p>Vi \u00e4r en ledande tillverkare och grossistdistribut\u00f6r av hydraulcylindrar f\u00f6r reservdelar, v\u00e4lk\u00e4nda b\u00e5de nationellt och internationellt. V\u00e5rt omfattande produktsortiment placerar oss bland de ledande tillverkarna p\u00e5 marknaden f\u00f6r hydraulcylindrar. Vi f\u00f6ljer en filosofi om h\u00f6gsta kvalitet och f\u00f6rlitar oss p\u00e5 f\u00f6rfinade produktionsledningsstrategier inom v\u00e5ra toppmoderna tillverkningsanl\u00e4ggningar.<\/p>\n<p>V\u00e5rt engagemang f\u00f6r att anv\u00e4nda kompetent personal, avancerad digital tillverkningsutrustning och omfattande testsystem g\u00f6r det m\u00f6jligt f\u00f6r oss att kontinuerligt f\u00f6rb\u00e4ttra v\u00e5r produktionskapacitet. Vi prioriterar h\u00f6g effektivitet, precision och kvalitet f\u00f6r att m\u00f6ta v\u00e5ra kunders olika behov.<\/p>\n<p><img decoding=\"async\" src=\"https:\/\/www.hydraulic-cylinders.net\/wp-content\/uploads\/2025\/04\/songte-company-4.webp\" alt=\"V\u00e5rt f\u00f6retag\"><br \/>\n<img decoding=\"async\" src=\"https:\/\/www.hydraulic-cylinders.net\/wp-content\/uploads\/2025\/04\/songte-company-3.webp\" alt=\"V\u00e5r tillverkningsanl\u00e4ggning\"><\/p>\n<p>F\u00f6rfattare: lyl<\/p>","protected":false},"excerpt":{"rendered":"<p>Boom Cylinder For Case Small Excavator CX75 Understanding the Boom Cylinder The boom cylinder, also known as the bucket cylinder, is a vital component in hydraulic systems, specifically designed to control the movement of various heavy machinery attachments like those found on excavators, backhoes, and front loaders. This hydraulic cylinder enables the bucket to lift, [&hellip;]<\/p>","protected":false},"featured_media":17869,"comment_status":"open","ping_status":"closed","template":"","meta":{"_et_pb_use_builder":"","_et_pb_old_content":"","_et_gb_content_width":""},"product_brand":[],"product_cat":[1546],"product_tag":[1547,1496],"class_list":{"0":"post-19440","1":"product","2":"type-product","3":"status-publish","4":"has-post-thumbnail","6":"product_cat-boom-cylinders","7":"product_tag-boom-cylinders","8":"product_tag-hydraulic-cylinders","10":"first","11":"instock","12":"shipping-taxable","13":"product-type-simple"},"amp_enabled":true,"_links":{"self":[{"href":"https:\/\/www.hydraulic-cylinders.net\/sv\/wp-json\/wp\/v2\/product\/19440","targetHints":{"allow":["GET"]}}],"collection":[{"href":"https:\/\/www.hydraulic-cylinders.net\/sv\/wp-json\/wp\/v2\/product"}],"about":[{"href":"https:\/\/www.hydraulic-cylinders.net\/sv\/wp-json\/wp\/v2\/types\/product"}],"replies":[{"embeddable":true,"href":"https:\/\/www.hydraulic-cylinders.net\/sv\/wp-json\/wp\/v2\/comments?post=19440"}],"wp:featuredmedia":[{"embeddable":true,"href":"https:\/\/www.hydraulic-cylinders.net\/sv\/wp-json\/wp\/v2\/media\/17869"}],"wp:attachment":[{"href":"https:\/\/www.hydraulic-cylinders.net\/sv\/wp-json\/wp\/v2\/media?parent=19440"}],"wp:term":[{"taxonomy":"product_brand","embeddable":true,"href":"https:\/\/www.hydraulic-cylinders.net\/sv\/wp-json\/wp\/v2\/product_brand?post=19440"},{"taxonomy":"product_cat","embeddable":true,"href":"https:\/\/www.hydraulic-cylinders.net\/sv\/wp-json\/wp\/v2\/product_cat?post=19440"},{"taxonomy":"product_tag","embeddable":true,"href":"https:\/\/www.hydraulic-cylinders.net\/sv\/wp-json\/wp\/v2\/product_tag?post=19440"}],"curies":[{"name":"wp","href":"https:\/\/api.w.org\/{rel}","templated":true}]}}