{"id":19441,"date":"2025-04-07T06:47:41","date_gmt":"2025-04-07T06:47:41","guid":{"rendered":"https:\/\/www.hydraulic-cylinders.net\/product\/boom-cylinder-for-case-small-excavator-cx130b\/"},"modified":"2025-04-07T06:47:44","modified_gmt":"2025-04-07T06:47:44","slug":"boom-cylinder-for-case-small-excavator-cx130b","status":"publish","type":"product","link":"https:\/\/www.hydraulic-cylinders.net\/sv\/produkt\/boom-cylinder-for-case-small-excavator-cx130b\/","title":{"rendered":"Bomcylinder f\u00f6r Case liten gr\u00e4vmaskin CX130B"},"content":{"rendered":"<h1>Bomcylinder f\u00f6r Case liten gr\u00e4vmaskin CX130B<\/h1>\n<h2>Produkt\u00f6versikt<\/h2>\n<p>Bomcylindern f\u00f6r Case Small Excavator CX130B \u00e4r en specialiserad hydraulcylinder konstruerad f\u00f6r att styra skopans r\u00f6relse i olika tunga maskiner, s\u00e5som gr\u00e4vmaskiner, gr\u00e4vlastare och frontlastare. Denna hydrauliska komponent g\u00f6r att skopan kan lyftas, s\u00e4nkas och lutas, vilket underl\u00e4ttar effektiva materialhanteringsuppgifter. Skopcylindern spelar en avg\u00f6rande roll i hydraulsystem och m\u00f6jligg\u00f6r smidiga och exakta r\u00f6relser som \u00e4r avg\u00f6rande f\u00f6r gr\u00e4v- och lastningsarbeten.<\/p>\n<p><img decoding=\"async\" src=\"https:\/\/www.hydraulic-cylinders.net\/wp-content\/uploads\/2025\/04\/songte-company-1.webp\" alt=\"Bomcylinder f\u00f6r gr\u00e4vmaskiner\" \/><\/p>\n<h2>Funktioner hos bomcylindern<\/h2>\n<ul>\n<li><strong>H\u00f6g styrka och h\u00e5llbarhet:<\/strong> Denna cylinder \u00e4r tillverkad av h\u00f6gh\u00e5llfast st\u00e5l eller aluminium och \u00e4r konstruerad f\u00f6r att motst\u00e5 h\u00f6gt tryck och tunga belastningar, vilket g\u00f6r den l\u00e4mplig f\u00f6r tuffa arbetsmilj\u00f6er.<\/li>\n<li><strong>Effektiv hydraulisk drift:<\/strong> Anv\u00e4nder hydrauloljetryck f\u00f6r smidig ut- och indragning, vilket m\u00f6jligg\u00f6r snabb respons p\u00e5 kontrollkommandon och ger kraftfull tryck- och dragkraft.<\/li>\n<li><strong>Olika typer tillg\u00e4ngliga:<\/strong> Alternativ f\u00f6r enkelverkande (med hydraultryck i en riktning) eller dubbelverkande (med hydraultryck i b\u00e5da riktningarna) cylindrar, d\u00e4r vissa modeller \u00e4r teleskopiska f\u00f6r att m\u00f6jligg\u00f6ra st\u00f6rre utdrag utan att \u00f6ka ytterm\u00e5tten.<\/li>\n<li><strong>Anpassningsbara l\u00f6sningar:<\/strong> V\u00e5ra produkter kan tillverkas f\u00f6r att perfekt ers\u00e4tta befintliga hydraulcylindrar, vilket s\u00e4kerst\u00e4ller kompatibilitet med olika gr\u00e4vmaskinsmodeller.<\/li>\n<li><strong>Kostnadseffektiv design:<\/strong> Konstruerad f\u00f6r minimalt underh\u00e5ll och optimal prestanda, vilket minskar de totala driftskostnaderna f\u00f6r maskiner.<\/li>\n<\/ul>\n<p><img decoding=\"async\" src=\"https:\/\/www.hydraulic-cylinders.net\/wp-content\/uploads\/2025\/04\/songte-cylinder-head-with-all-kinds-excavator-models.webp\" alt=\"Gr\u00e4vmaskinens cylindermodeller\" \/><\/p>\n<h2>Anv\u00e4ndningsomr\u00e5den f\u00f6r bomcylindern<\/h2>\n<h3>Byggutrustning<\/h3>\n<p>I entreprenadmaskiner spelar bomcylindrar en viktig roll i gr\u00e4vmaskiner genom att m\u00f6jligg\u00f6ra gr\u00e4vning, lastning och flyttning av jord eller skr\u00e4p. I gr\u00e4vlastare underl\u00e4ttar skopcylindern b\u00e5de gr\u00e4vnings- och lyftuppgifter, vilket fr\u00e4mjar effektiv drift p\u00e5 arbetsplatser.<\/p>\n<h3>Jordbruksmaskiner<\/h3>\n<p>Bomcylindrar, som anv\u00e4nds i frontlastare, underl\u00e4ttar skrapning, lyftning och transport av jord, h\u00f6 och andra material. Denna m\u00e5ngsidighet \u00e4r avg\u00f6rande f\u00f6r jordbruksverksamheter som kr\u00e4ver p\u00e5litlig utrustning f\u00f6r materialhantering.<\/p>\n<h3>Gr\u00e4vmaskiner<\/h3>\n<p>I gr\u00e4vmaskiner g\u00f6r bomcylindern att skopan kan penetrera marken effektivt, vilket m\u00f6jligg\u00f6r gr\u00e4vning. Dess design s\u00e4kerst\u00e4ller att skopan f\u00f6rblir stabil vid utf\u00f6rande av olika jordpenetreringsuppgifter.<\/p>\n<h3>Lastare<\/h3>\n<p>Hos frontlastare hj\u00e4lper bomcylindrar till att lyfta och dumpa material effektivt. Deras hydrauliska kraft \u00e4r avg\u00f6rande f\u00f6r att hantera tunga laster och \u00f6ka produktiviteten inom bygg- och jordbruksmilj\u00f6er.<\/p>\n<h2>Design\u00f6verv\u00e4ganden och urvalskriterier<\/h2>\n<h3>Lastkapacitet<\/h3>\n<p>Bomcylinderns lastkapacitet \u00e4r en grundl\u00e4ggande konstruktionsfaktor. Den m\u00e5ste kunna hantera vikten och krafterna som ut\u00f6vas under drift. Ingenj\u00f6rer bed\u00f6mer de belastningar som gr\u00e4vmaskinen kommer att m\u00f6ta f\u00f6r att fastst\u00e4lla l\u00e4mpliga specifikationer f\u00f6r cylindern.<\/p>\n<h3>T\u00e4tningsintegritet<\/h3>\n<p>T\u00e4tning \u00e4r avg\u00f6rande f\u00f6r att uppr\u00e4tth\u00e5lla hydraultrycket och f\u00f6rhindra v\u00e4tskel\u00e4ckage. Valet av h\u00f6gkvalitativa t\u00e4tningar, s\u00e5som kolvt\u00e4tningar och kolvst\u00e5ngst\u00e4tningar, s\u00e4kerst\u00e4ller optimal prestanda och livsl\u00e4ngd f\u00f6r hydraulcylindern. Regelbundna kontroller och underh\u00e5ll \u00e4r n\u00f6dv\u00e4ndiga f\u00f6r att uppr\u00e4tth\u00e5lla t\u00e4tningarnas integritet.<\/p>\n<h3>Varaktighet<\/h3>\n<p>H\u00e5llbarhet \u00e4r av st\u00f6rsta vikt vid konstruktion av hydraulcylindrar, eftersom dessa komponenter uts\u00e4tts f\u00f6r h\u00f6g belastning och varierande milj\u00f6f\u00f6rh\u00e5llanden. Material och bel\u00e4ggningar som motst\u00e5r slitage och korrosion \u00e4r avg\u00f6rande f\u00f6r att f\u00f6rl\u00e4nga bomcylinderns livsl\u00e4ngd.<\/p>\n<h3>S\u00e4kerhetsfunktioner<\/h3>\n<p>Att designa f\u00f6r s\u00e4kerhet inneb\u00e4r att integrera funktioner som minimerar risker under drift. Detta inkluderar tryckavlastningsventiler, som f\u00f6rhindrar \u00f6verbelastning, och robusta monteringspunkter f\u00f6r att f\u00f6rb\u00e4ttra stabiliteten under anv\u00e4ndning.<\/p>\n<h3>Underh\u00e5llbarhet<\/h3>\n<p>En v\u00e4lkonstruerad hydraulcylinder b\u00f6r underl\u00e4tta enkelt underh\u00e5ll. Detta inkluderar \u00e5tkomliga sm\u00f6rjpunkter, enkla procedurer f\u00f6r t\u00e4tningsbyte och tydliga riktlinjer f\u00f6r inspektion och service f\u00f6r att s\u00e4kerst\u00e4lla fortsatt driftseffektivitet.<\/p>\n<p><img decoding=\"async\" src=\"https:\/\/www.hydraulic-cylinders.net\/wp-content\/uploads\/2025\/04\/songte-oil-pipes-and-spare-parts.webp\" alt=\"Hydrauliska delar och tillbeh\u00f6r\" \/><\/p>\n<h2>T\u00e4tning och sm\u00f6rjning<\/h2>\n<p>T\u00e4tning och sm\u00f6rjning av bomcylindrar \u00e4r avg\u00f6rande f\u00f6r deras effektivitet och livsl\u00e4ngd. Olika t\u00e4tningskomponenter, s\u00e5som kolvt\u00e4tningar och st\u00e5ngt\u00e4tningar, anv\u00e4nds ofta. Valet av material som polyuretan och nitrilgummi \u00e4r avg\u00f6rande f\u00f6r deras slitstyrka. Dessutom f\u00f6rb\u00e4ttrar noggrann ytbehandling av cylinderhuset och g\u00e4ngade \u00e4ndar h\u00e5llbarheten mot slitage. Regelbunden sm\u00f6rjning med hydraulolja \u00e4r n\u00f6dv\u00e4ndig f\u00f6r att uppr\u00e4tth\u00e5lla smidig drift och f\u00f6rhindra f\u00f6r tidigt slitage av interna komponenter.<\/p>\n<h2>F\u00f6rebyggande underh\u00e5lls\u00e5tg\u00e4rder<\/h2>\n<ul>\n<li><strong>Regelbundna inspektioner:<\/strong> Rutinm\u00e4ssiga visuella och funktionella kontroller b\u00f6r utf\u00f6ras f\u00f6r att identifiera tecken p\u00e5 slitage, l\u00e4ckor eller skador. Tidig uppt\u00e4ckt hj\u00e4lper till att \u00e5tg\u00e4rda potentiella problem innan de eskalerar.<\/li>\n<li><strong>Korrekt sm\u00f6rjning:<\/strong> Att s\u00e4kerst\u00e4lla att hydraulcylindern \u00e4r tillr\u00e4ckligt smord med l\u00e4mplig hydraulolja minskar friktion och slitage, vilket f\u00f6rl\u00e4nger cylinderns livsl\u00e4ngd.<\/li>\n<li><strong>Byte av t\u00e4tning:<\/strong> T\u00e4tningar b\u00f6r inspekteras regelbundet, och eventuella slitna eller skadade t\u00e4tningar b\u00f6r bytas ut omedelbart f\u00f6r att f\u00f6rhindra l\u00e4ckage och bibeh\u00e5lla hydraultrycket.<\/li>\n<\/ul>\n<h2>Installationsriktlinjer<\/h2>\n<p>Korrekt installation av bomcylindern \u00e4r avg\u00f6rande f\u00f6r optimal prestanda. B\u00f6rja med att se till att cylindern \u00e4r korrekt inriktad med monteringsf\u00e4stena. Anv\u00e4nd l\u00e4mpliga installationsverktyg f\u00f6r att f\u00e4sta cylindern p\u00e5 plats och kontrollera att alla kopplingar \u00e4r \u00e5tdragna enligt tillverkarens specifikationer. Det \u00e4r viktigt att kontrollera om det finns n\u00e5gra hinder som kan hindra cylinderns r\u00f6relse under drift. Efter installationen, testa hydraulsystemet f\u00f6r att s\u00e4kerst\u00e4lla att cylindern fungerar smidigt utan l\u00e4ckor eller oj\u00e4mnheter.<\/p>\n<h2>Underh\u00e5llsuppgifter<\/h2>\n<ul>\n<li><strong>Regelbundna kontroller:<\/strong> Utf\u00f6r regelbundna kontroller av hydraulsystemet f\u00f6r att identifiera eventuella problem tidigt.<\/li>\n<li><strong>L\u00e4mplig sm\u00f6rjning:<\/strong> Se till att cylindern sm\u00f6rjs enligt tillverkarens rekommendationer f\u00f6r att bibeh\u00e5lla prestandan.<\/li>\n<li><strong>Byte av t\u00e4tning:<\/strong> \u00d6vervaka t\u00e4tningarnas skick och byt ut dem vid behov f\u00f6r att f\u00f6rhindra l\u00e4ckage och bibeh\u00e5lla hydraultrycket.<\/li>\n<\/ul>\n<h2>S\u00e4kerhetsaspekter och milj\u00f6faktorer<\/h2>\n<p>S\u00e4kerhets\u00e5tg\u00e4rder \u00e4r av st\u00f6rsta vikt vid hantering av hydrauliska system. Operat\u00f6rer b\u00f6r utbildas i korrekt hantering f\u00f6r att minimera risken under drift. Dessutom b\u00f6r uppm\u00e4rksamhet \u00e4gnas \u00e5t milj\u00f6faktorer, s\u00e5som att f\u00f6rhindra l\u00e4ckage av hydraulv\u00e4tska, vilket kan ha skadliga effekter p\u00e5 det omgivande ekosystemet.<\/p>\n<h2>Fels\u00f6kning och vanliga problem<\/h2>\n<ul>\n<li><strong>L\u00e4ckage:<\/strong> Orsakas ofta av slitna t\u00e4tningar. Kontrollera t\u00e4tningarna och byt ut dem vid behov.<\/li>\n<li><strong>D\u00e5lig prestanda:<\/strong> Kan tyda p\u00e5 otillr\u00e4cklig sm\u00f6rjning eller otillr\u00e4ckliga hydraulv\u00e4tskeniv\u00e5er. Kontrollera och fyll p\u00e5 hydraulolja vid behov.<\/li>\n<li><strong>Cylinderstopp:<\/strong> Ofta p\u00e5 grund av feljustering. S\u00e4kerst\u00e4ll korrekt justering under installation och regelbundna underh\u00e5llskontroller.<\/li>\n<\/ul>\n<h2>Tips f\u00f6r feldiagnos<\/h2>\n<p>F\u00f6r effektiv fels\u00f6kning b\u00f6r operat\u00f6rer f\u00f6ra en logg \u00f6ver prestandaproblem och \u00e5tg\u00e4rda vidtagna \u00e5tg\u00e4rder. Att f\u00f6rst\u00e5 vanliga fell\u00e4gen hj\u00e4lper till att snabbt diagnostisera problem. Regelbundet f\u00f6rebyggande underh\u00e5ll kan avsev\u00e4rt minska f\u00f6rekomsten av fel och f\u00f6rb\u00e4ttra hydraulsystemets \u00f6vergripande tillf\u00f6rlitlighet.<\/p>\n<p><img decoding=\"async\" src=\"https:\/\/www.hydraulic-cylinders.net\/wp-content\/uploads\/2025\/04\/songte-bushings-with-all-kinds-of-excavator-models.webp\" alt=\"Gr\u00e4vmaskinsbussningar\" \/><\/p>\n<h2>Om v\u00e5rt f\u00f6retag<\/h2>\n<p>Vi \u00e4r en ledande tillverkare och grossist av hydraulcylindrar och har \u00e5tagit oss att erbjuda ett omfattande sortiment av produkter som m\u00f6ter behoven p\u00e5 inhemska och internationella marknader. V\u00e5rt fokus p\u00e5 excellens st\u00f6ds av en f\u00f6rfinad tillverkningsstrategi som anv\u00e4nder avancerad teknik och h\u00f6gprecisionsprocesser. Vi f\u00f6rb\u00e4ttrar kontinuerligt v\u00e5r produktionskapacitet f\u00f6r att s\u00e4kerst\u00e4lla h\u00f6g produktkvalitet och effektivt m\u00f6ta olika kundkrav.<\/p>\n<p>V\u00e5r expertis omfattar:<\/p>\n<ul>\n<li><strong>Professionalism:<\/strong> V\u00e5rt team best\u00e5r av skickliga yrkesm\u00e4n som \u00e4r dedikerade till att producera h\u00f6gkvalitativa hydrauliska komponenter.<\/li>\n<li><strong>Internationella certifieringar:<\/strong> V\u00e5ra produkter uppfyller internationella kvalitetsstandarder, vilket garanterar tillf\u00f6rlitlighet och prestanda.<\/li>\n<li><strong>Anpassade tj\u00e4nster:<\/strong> Vi erbjuder skr\u00e4ddarsydda l\u00f6sningar f\u00f6r att m\u00f6ta specifika kunders krav.<\/li>\n<li><strong>Avancerad utrustning:<\/strong> Anv\u00e4ndning av toppmodern tillverkningsutrustning f\u00f6r precision och effektivitet.<\/li>\n<li><strong>Support efter f\u00f6rs\u00e4ljning:<\/strong> Vi erbjuder robusta eftermarknadstj\u00e4nster f\u00f6r att s\u00e4kerst\u00e4lla kundn\u00f6jdhet och support.<\/li>\n<\/ul>\n<p><img decoding=\"async\" src=\"https:\/\/www.hydraulic-cylinders.net\/wp-content\/uploads\/2025\/04\/songte-company-4.webp\" alt=\"V\u00e5rt f\u00f6retag\" \/><br \/>\n<img decoding=\"async\" src=\"https:\/\/www.hydraulic-cylinders.net\/wp-content\/uploads\/2025\/04\/songte-company-3.webp\" alt=\"Tillverkningsprocess\" \/><\/p>\n<p>F\u00f6rfattare: lyl<\/p>","protected":false},"excerpt":{"rendered":"<p>Boom Cylinder For Case Small Excavator CX130B Product Overview The Boom Cylinder for Case Small Excavator CX130B is a specialized hydraulic cylinder designed for controlling the movement of the bucket in various heavy machinery, such as excavators, backhoe loaders, and front loaders. This hydraulic component allows the bucket to lift, lower, and tilt, facilitating efficient [&hellip;]<\/p>","protected":false},"featured_media":17870,"comment_status":"open","ping_status":"closed","template":"","meta":{"_et_pb_use_builder":"","_et_pb_old_content":"","_et_gb_content_width":""},"product_brand":[],"product_cat":[1546],"product_tag":[1547,1496],"class_list":{"0":"post-19441","1":"product","2":"type-product","3":"status-publish","4":"has-post-thumbnail","6":"product_cat-boom-cylinders","7":"product_tag-boom-cylinders","8":"product_tag-hydraulic-cylinders","10":"first","11":"instock","12":"shipping-taxable","13":"product-type-simple"},"amp_enabled":true,"_links":{"self":[{"href":"https:\/\/www.hydraulic-cylinders.net\/sv\/wp-json\/wp\/v2\/product\/19441","targetHints":{"allow":["GET"]}}],"collection":[{"href":"https:\/\/www.hydraulic-cylinders.net\/sv\/wp-json\/wp\/v2\/product"}],"about":[{"href":"https:\/\/www.hydraulic-cylinders.net\/sv\/wp-json\/wp\/v2\/types\/product"}],"replies":[{"embeddable":true,"href":"https:\/\/www.hydraulic-cylinders.net\/sv\/wp-json\/wp\/v2\/comments?post=19441"}],"wp:featuredmedia":[{"embeddable":true,"href":"https:\/\/www.hydraulic-cylinders.net\/sv\/wp-json\/wp\/v2\/media\/17870"}],"wp:attachment":[{"href":"https:\/\/www.hydraulic-cylinders.net\/sv\/wp-json\/wp\/v2\/media?parent=19441"}],"wp:term":[{"taxonomy":"product_brand","embeddable":true,"href":"https:\/\/www.hydraulic-cylinders.net\/sv\/wp-json\/wp\/v2\/product_brand?post=19441"},{"taxonomy":"product_cat","embeddable":true,"href":"https:\/\/www.hydraulic-cylinders.net\/sv\/wp-json\/wp\/v2\/product_cat?post=19441"},{"taxonomy":"product_tag","embeddable":true,"href":"https:\/\/www.hydraulic-cylinders.net\/sv\/wp-json\/wp\/v2\/product_tag?post=19441"}],"curies":[{"name":"wp","href":"https:\/\/api.w.org\/{rel}","templated":true}]}}