{"id":19442,"date":"2025-04-07T06:47:44","date_gmt":"2025-04-07T06:47:44","guid":{"rendered":"https:\/\/www.hydraulic-cylinders.net\/product\/boom-cylinder-for-case-middle-excavator-cx210b\/"},"modified":"2025-04-07T06:47:47","modified_gmt":"2025-04-07T06:47:47","slug":"boom-cylinder-for-case-middle-excavator-cx210b","status":"publish","type":"product","link":"https:\/\/www.hydraulic-cylinders.net\/sv\/produkt\/boom-cylinder-for-case-middle-excavator-cx210b\/","title":{"rendered":"Bomcylinder f\u00f6r Case Middle Excavator CX210B"},"content":{"rendered":"<h1>Bomcylinder f\u00f6r Case Middle Excavator CX210B<\/h1>\n<h2>Introduktion till bomcylindern<\/h2>\n<p>Bomcylindern \u00e4r en viktig komponent i hydraulsystemet i tunga maskiner, s\u00e4rskilt i gr\u00e4vmaskiner som Case CX210B. Denna hydraulcylinder \u00e4r specifikt utformad f\u00f6r att styra skopans r\u00f6relse, vilket g\u00f6r att den kan lyftas, s\u00e4nkas och lutas effektivt. Genom att hantera dessa r\u00f6relser underl\u00e4ttar bomcylindern effektiva materialhanteringsuppgifter inom olika branscher, inklusive bygg och jordbruk.<\/p>\n<p><img decoding=\"async\" src=\"https:\/\/www.hydraulic-cylinders.net\/wp-content\/uploads\/2025\/04\/songte-company-1.webp\" alt=\"Bomcylinder\"><\/p>\n<h3>F\u00f6rst\u00e5 skopcylindern<\/h3>\n<p>Skopcylindrar \u00e4r hydraulcylindrar som \u00e4r speciellt konstruerade f\u00f6r tung utrustning som gr\u00e4vmaskiner, traktorgr\u00e4vare och frontlastare. Dessa cylindrar m\u00f6jligg\u00f6r skopans driftsmekanik, vilket \u00e4r avg\u00f6rande f\u00f6r gr\u00e4vning, lastning och transport av material. De omvandlar hydraulv\u00e4tsketryck till mekanisk kraft, vilket s\u00e4kerst\u00e4ller smidiga och kontrollerade r\u00f6relser. Funktionaliteten och tillf\u00f6rlitligheten hos en skopcylinder p\u00e5verkar direkt den totala effektiviteten hos de maskiner den anv\u00e4nder.<\/p>\n<h2>Funktioner hos bomcylindern<\/h2>\n<ul>\n<li><strong>H\u00f6g styrka och h\u00e5llbarhet:<\/strong> Dessa cylindrar \u00e4r tillverkade av h\u00f6gh\u00e5llfast st\u00e5l eller aluminium och \u00e4r byggda f\u00f6r att motst\u00e5 h\u00f6ga tryck och tunga belastningar, vilket g\u00f6r dem l\u00e4mpliga f\u00f6r tuffa arbetsmilj\u00f6er.<\/li>\n<li><strong>Effektiv hydraulisk drift:<\/strong> Genom att anv\u00e4nda hydrauloljetrycket ger bomcylindern smidig och responsiv ut- och ink\u00f6rning, vilket g\u00f6r att den kan hantera tunga lyft och komplicerade uppgifter.<\/li>\n<li><strong>Olika typer tillg\u00e4ngliga:<\/strong> Kunderna kan v\u00e4lja mellan enkelverkande (i en riktning) eller dubbelverkande (i b\u00e5da riktningarna) cylindrar f\u00f6r att m\u00f6ta olika driftskrav, d\u00e4r vissa modeller har teleskopiska designer f\u00f6r kompakta utrymmen.<\/li>\n<li><strong>Anpassad tillverkning:<\/strong> V\u00e5ra produkter kan perfekt ers\u00e4tta befintliga hydraulcylindrar, vilket s\u00e4kerst\u00e4ller kompatibilitet och optimal prestanda i din maskin.<\/li>\n<li><strong>F\u00f6rb\u00e4ttrad prestanda:<\/strong> Konstruktionen fokuserar p\u00e5 slitstyrka och korrosionsskydd, vilket f\u00f6rl\u00e4nger bomcylinderns livsl\u00e4ngd.<\/li>\n<\/ul>\n<p><img decoding=\"async\" src=\"https:\/\/www.hydraulic-cylinders.net\/wp-content\/uploads\/2025\/04\/songte-cylinder-head-with-all-kinds-excavator-models.webp\" alt=\"Gr\u00e4vmaskinsmodeller\"><\/p>\n<h2>Anv\u00e4ndningsomr\u00e5den f\u00f6r bomcylindern<\/h2>\n<h3>1. Byggutrustning<\/h3>\n<p>I gr\u00e4vmaskiner \u00e4r bomcylindrar avg\u00f6rande f\u00f6r gr\u00e4vning, lastning och f\u00f6rflyttning av jord eller skr\u00e4p. Deras kraftfulla mekanik g\u00f6r det m\u00f6jligt f\u00f6r f\u00f6rare att utf\u00f6ra uppgifter effektivt och \u00e4ndam\u00e5lsenligt, vilket m\u00f6jligg\u00f6r snabb projektavslutning.<\/p>\n<h3>2. Jordbruksmaskiner<\/h3>\n<p>Frontlastare anv\u00e4nder bomcylindrar f\u00f6r att skopa, lyfta och transportera jord, h\u00f6 och andra material. Den robusta designen m\u00f6jligg\u00f6r m\u00e5ngsidiga arbetsuppgifter inom jordbruket, vilket \u00f6kar produktiviteten.<\/p>\n<h3>3. Gr\u00e4vmaskiner<\/h3>\n<p>I gr\u00e4vmaskiner g\u00f6r skopcylindern att skopan kan tr\u00e4nga ner i marken effektivt, vilket underl\u00e4ttar djupgr\u00e4vning. Denna f\u00f6rm\u00e5ga \u00e4r avg\u00f6rande f\u00f6r grundarbeten och landskapsarkitekturprojekt.<\/p>\n<h3>4. Lastare<\/h3>\n<p>Hos frontlastare hj\u00e4lper bomcylindrar till att lyfta och dumpa laster effektivt. Deras styrka och tillf\u00f6rlitlighet g\u00f6r det m\u00f6jligt f\u00f6r f\u00f6rare att hantera bulkmaterial och slutf\u00f6ra uppgifter med minimal stillest\u00e5ndstid.<\/p>\n<h2>Design\u00f6verv\u00e4ganden och urvalskriterier<\/h2>\n<h3>Lastkapacitet<\/h3>\n<p>Bomcylinderns lastkapacitet \u00e4r en viktig faktor. Den avg\u00f6r hur mycket vikt cylindern s\u00e4kert kan lyfta och hantera. Att v\u00e4lja en cylinder med l\u00e4mplig lastkapacitet s\u00e4kerst\u00e4ller s\u00e4kerheten och f\u00f6rhindrar mekaniska fel under drift. \u00d6verbelastning kan leda till allvarliga skador, s\u00e5 det \u00e4r viktigt att bed\u00f6ma viktkraven f\u00f6r de utf\u00f6rda uppgifterna.<\/p>\n<h3>T\u00e4tningsintegritet<\/h3>\n<p>T\u00e4tning \u00e4r avg\u00f6rande f\u00f6r att uppr\u00e4tth\u00e5lla trycket i hydraulsystemet. H\u00f6gkvalitativa t\u00e4tningar f\u00f6rhindrar l\u00e4ckage och s\u00e4kerst\u00e4ller optimal prestanda. Olika t\u00e4tningstyper, s\u00e5som kolvt\u00e4tningar och kolvst\u00e5ngst\u00e4tningar, b\u00f6r v\u00e4ljas baserat p\u00e5 till\u00e4mpningen. Regelbundna inspektioner \u00e4r n\u00f6dv\u00e4ndiga f\u00f6r att bibeh\u00e5lla t\u00e4tningens integritet och \u00e5tg\u00e4rda slitage innan det leder till allvarliga problem.<\/p>\n<h3>Varaktighet<\/h3>\n<p>H\u00e5llbarhet \u00e4r en viktig designaspekt, eftersom bomcylindrar ofta anv\u00e4nds i kr\u00e4vande milj\u00f6er. Faktorer som materialval, tillverkningsprocesser och skyddande bel\u00e4ggningar bidrar till cylinderns \u00f6vergripande robusthet. En h\u00e5llbar design minimerar risken f\u00f6r fel och f\u00f6rl\u00e4nger livsl\u00e4ngden, vilket minskar utbyteskostnaderna.<\/p>\n<h3>S\u00e4kerhetsfunktioner<\/h3>\n<p>S\u00e4kerhet \u00e4r av st\u00f6rsta vikt vid anv\u00e4ndning av hydraulcylindrar. Att inf\u00f6rliva s\u00e4kerhetsfunktioner, s\u00e5som tryckavlastningsventiler och \u00f6verbelastningssensorer, kan f\u00f6rhindra olyckor och skador p\u00e5 utrustningen. Korrekt underh\u00e5ll och efterlevnad av s\u00e4kerhetsprotokoll f\u00f6rb\u00e4ttrar ytterligare driftss\u00e4kerheten.<\/p>\n<p><img decoding=\"async\" src=\"https:\/\/www.hydraulic-cylinders.net\/wp-content\/uploads\/2025\/04\/songte-oil-pipes-and-spare-parts.webp\" alt=\"Hydrauliska delar\"><\/p>\n<h2>T\u00e4tning och sm\u00f6rjning av bomcylindern<\/h2>\n<p>Effektiviteten hos ett hydraulsystem \u00e4r starkt beroende av effektiv t\u00e4tning och sm\u00f6rjning. Olika t\u00e4tningar, inklusive kolvt\u00e4tningar och kolvst\u00e5ngst\u00e4tningar, anv\u00e4nds f\u00f6r att uppr\u00e4tth\u00e5lla tryck och f\u00f6rhindra v\u00e4tskef\u00f6rlust. Material som polyuretan och nitrilgummi anv\u00e4nds ofta p\u00e5 grund av deras slitstarka egenskaper. Dessutom genomg\u00e5r cylindern och de g\u00e4ngade \u00e4ndytorna finbearbetning f\u00f6r att \u00f6ka h\u00e5llbarheten.<\/p>\n<p>Regelbunden sm\u00f6rjning \u00e4r avg\u00f6rande f\u00f6r att s\u00e4kerst\u00e4lla smidig drift. Hydraulolja b\u00f6r fyllas p\u00e5 vid behov och regelbundna kontroller b\u00f6r utf\u00f6ras f\u00f6r att bibeh\u00e5lla sm\u00f6rjsystemets integritet. F\u00f6rsummelse av sm\u00f6rjning kan leda till \u00f6kad friktion, f\u00f6r tidigt slitage och potentiellt systemfel.<\/p>\n<h2>F\u00f6rebyggande underh\u00e5lls\u00e5tg\u00e4rder<\/h2>\n<ul>\n<li><strong>Regelbundna inspektioner:<\/strong> Genom att genomf\u00f6ra regelbundna inspektioner kan tidiga tecken p\u00e5 slitage och potentiella problem identifieras, vilket m\u00f6jligg\u00f6r snabba insatser.<\/li>\n<li><strong>Korrekt sm\u00f6rjning:<\/strong> Att s\u00e4kerst\u00e4lla tillr\u00e4cklig sm\u00f6rjning genom regelbundna oljekontroller och p\u00e5fyllningar \u00e4r avg\u00f6rande f\u00f6r att bibeh\u00e5lla optimal prestanda.<\/li>\n<li><strong>Byte av t\u00e4tning:<\/strong> Att \u00f6vervaka t\u00e4tningarnas skick och byta ut dem vid behov kan f\u00f6rhindra l\u00e4ckor och bibeh\u00e5lla systemets effektivitet.<\/li>\n<\/ul>\n<h2>Installationsanvisningar f\u00f6r bomcylindern<\/h2>\n<p>Korrekt installation \u00e4r avg\u00f6rande f\u00f6r bomcylinderns prestanda och livsl\u00e4ngd. B\u00f6rja med att se till att alla komponenter \u00e4r rena och fria fr\u00e5n skr\u00e4p. Rikta in cylindern noggrant med monteringsf\u00e4stena och anv\u00e4nd l\u00e4mpliga verktyg f\u00f6r att f\u00e4sta den ordentligt. Det \u00e4r avg\u00f6rande att anv\u00e4nda de rekommenderade monteringsf\u00e4stena f\u00f6r att ge stabilitet och f\u00f6rhindra feljustering under drift.<\/p>\n<p>Anslut sedan hydraulledningarna noggrant och se till att de inte \u00e4r vridna eller b\u00f6jda. Kontrollera om det finns l\u00e4ckor efter anslutningen f\u00f6r att bekr\u00e4fta installationens integritet. G\u00f6r slutligen en provk\u00f6rning f\u00f6r att verifiera funktionen och g\u00f6r n\u00f6dv\u00e4ndiga justeringar f\u00f6r optimal prestanda.<\/p>\n<h2>Vanliga underh\u00e5llsuppgifter<\/h2>\n<h3>Regelbundna inspektioner<\/h3>\n<p>Regelbundna inspektioner \u00e4r viktiga f\u00f6r att identifiera slitage, skador eller potentiella fel innan de eskalerar till mer allvarliga problem. Inspektera hydraulledningar, t\u00e4tningar och anslutningar f\u00f6r tecken p\u00e5 l\u00e4ckor eller skador. Tidig uppt\u00e4ckt kan spara p\u00e5 kostsamma reparationer och driftstopp.<\/p>\n<h3>Korrekt sm\u00f6rjning<\/h3>\n<p>Sm\u00f6rjning spelar en avg\u00f6rande roll f\u00f6r hydraulsystemens prestanda. Se till att hydrauloljan har r\u00e4tt niv\u00e5 och byt ut den enligt tillverkarens rekommendationer. Korrekt sm\u00f6rjning minimerar friktion och slitage, vilket f\u00f6rl\u00e4nger bomcylinderns livsl\u00e4ngd.<\/p>\n<h3>T\u00e4tningsbyte och kalibreringskontroller<\/h3>\n<p>T\u00e4tningar b\u00f6r bytas ut vid behov f\u00f6r att f\u00f6rhindra v\u00e4tskel\u00e4ckage och bibeh\u00e5lla trycket. Dessutom \u00e4r kalibreringskontroller viktiga f\u00f6r att s\u00e4kerst\u00e4lla att cylindern fungerar inom de angivna toleranserna. Regelbundet underh\u00e5ll av t\u00e4tningar och kalibrering bidrar till hydraulsystemets \u00f6vergripande effektivitet och s\u00e4kerhet.<\/p>\n<p><img decoding=\"async\" src=\"https:\/\/www.hydraulic-cylinders.net\/wp-content\/uploads\/2025\/04\/songte-chushion-collar.webp\" alt=\"Kuddekrage\"><\/p>\n<h2>S\u00e4kerhetsaspekter och milj\u00f6faktorer<\/h2>\n<p>Vid arbete med hydraulcylindrar b\u00f6r s\u00e4kerhets\u00e5tg\u00e4rder prioriteras. Operat\u00f6rer m\u00e5ste f\u00f6rst\u00e5 riskerna med hydrauliska system och implementera s\u00e4kerhetsprotokoll f\u00f6r att minska olyckor. Korrekt utbildning i anv\u00e4ndning och underh\u00e5ll av dessa system \u00e4r avg\u00f6rande f\u00f6r att s\u00e4kerst\u00e4lla personalens och utrustningens s\u00e4kerhet.<\/p>\n<h2>Fels\u00f6kning av vanliga problem<\/h2>\n<h3>Vanliga problem<\/h3>\n<ul>\n<li><strong>V\u00e4tskel\u00e4ckage:<\/strong> Orsakas ofta av slitna t\u00e4tningar eller felaktiga anslutningar. Kontrollera t\u00e4tningar och anslutningar f\u00f6r skador eller feljustering.<\/li>\n<li><strong>L\u00e5ngsam drift:<\/strong> Detta kan tyda p\u00e5 l\u00e5ga hydraulv\u00e4tskeniv\u00e5er eller f\u00f6roreningar. \u00d6vervaka v\u00e4tskeniv\u00e5erna och se till att de \u00e4r r\u00e4nda.<\/li>\n<li><strong>Ingen r\u00f6relse:<\/strong> Kan bero p\u00e5 en trasig pump eller blockerade hydraulledningar. Kontrollera hydraulsystemet f\u00f6r blockeringar eller fel.<\/li>\n<\/ul>\n<h3>Diagnos och l\u00f6sningar<\/h3>\n<p>F\u00f6r att effektivt diagnostisera och l\u00f6sa problem b\u00f6r operat\u00f6rer f\u00f6lja en systematisk metod. B\u00f6rja med att kontrollera om det finns synliga tecken p\u00e5 l\u00e4ckor och se till att alla anslutningar \u00e4r s\u00e4kra. Om cylindern g\u00e5r l\u00e5ngsamt, bed\u00f6m v\u00e4tskeniv\u00e5er och kvalitet. Vid fullst\u00e4ndig inaktivitet, unders\u00f6k hydraulpumpen och ledningarna f\u00f6r potentiella blockeringar eller fel. Regelbundna f\u00f6rebyggande \u00e5tg\u00e4rder kan minimera f\u00f6rekomsten av dessa vanliga problem.<\/p>\n<p><img decoding=\"async\" src=\"https:\/\/www.hydraulic-cylinders.net\/wp-content\/uploads\/2025\/04\/songte-bushings-with-all-kinds-of-excavator-models.webp\" alt=\"Gr\u00e4vmaskinsbussningar\"><\/p>\n<h2>Om v\u00e5rt f\u00f6retag<\/h2>\n<p>Vi \u00e4r en ledande tillverkare och grossistdistribut\u00f6r av hydraulcylindrar, specialiserade p\u00e5 alternativ f\u00f6r olika industriella behov. V\u00e5rt omfattande produktsortiment positionerar oss som en nyckelakt\u00f6r p\u00e5 b\u00e5de inhemska och internationella marknader. Vi prioriterar h\u00f6gsta kvalitet och anv\u00e4nder avancerade produktionsstyrningsstrategier f\u00f6r att s\u00e4kerst\u00e4lla att v\u00e5ra erbjudanden uppfyller h\u00f6gsta standard.<\/p>\n<p>Med fokus p\u00e5 innovation anv\u00e4nder vi den senaste tillverkningsutrustningen och professionella testsystem f\u00f6r att f\u00f6rb\u00e4ttra v\u00e5r produktionskapacitet. V\u00e5rt engagerade team av tekniska experter f\u00f6rb\u00e4ttrar kontinuerligt v\u00e5r tillverkningsplattform och s\u00e4kerst\u00e4ller effektiva och precisa produktionsprocesser. Genom att f\u00f6lja principerna om h\u00f6g effektivitet, precision och kvalitet \u00e4r vi v\u00e4l rustade f\u00f6r att m\u00f6ta olika kunders krav.<\/p>\n<p><img decoding=\"async\" src=\"https:\/\/www.hydraulic-cylinders.net\/wp-content\/uploads\/2025\/04\/songte-company-4.webp\" alt=\"F\u00f6retags\u00f6versikt\"><br \/>\n<img decoding=\"async\" src=\"https:\/\/www.hydraulic-cylinders.net\/wp-content\/uploads\/2025\/04\/songte-company-3.webp\" alt=\"Tillverkningsanl\u00e4ggning\"><\/p>\n<h2>Slutsats<\/h2>\n<p>Sammanfattningsvis \u00e4r bomcylindern f\u00f6r Case Middle Excavator CX210B en oumb\u00e4rlig komponent i hydraulsystem som s\u00e4kerst\u00e4ller effektiv drift av tunga maskiner. Regelbundet underh\u00e5ll, korrekt installation och efterlevnad av s\u00e4kerhetsprotokoll kommer att f\u00f6rb\u00e4ttra dess livsl\u00e4ngd och prestanda. Genom att v\u00e4lja v\u00e5ra produkter garanteras du kvalitet och tillf\u00f6rlitlighet som uppfyller kraven f\u00f6r din verksamhet.<\/p>\n<p>F\u00f6rfattare: lyl<\/p>","protected":false},"excerpt":{"rendered":"<p>Boom Cylinder For Case Middle Excavator CX210B Introduction to the Boom Cylinder The Boom Cylinder is a critical component in the hydraulic system of heavy machinery, particularly in excavators like the Case CX210B. This hydraulic cylinder is specifically designed to control the movement of the bucket, allowing it to lift, lower, and tilt effectively. By [&hellip;]<\/p>","protected":false},"featured_media":17871,"comment_status":"open","ping_status":"closed","template":"","meta":{"_et_pb_use_builder":"","_et_pb_old_content":"","_et_gb_content_width":""},"product_brand":[],"product_cat":[1546],"product_tag":[1547,1496],"class_list":{"0":"post-19442","1":"product","2":"type-product","3":"status-publish","4":"has-post-thumbnail","6":"product_cat-boom-cylinders","7":"product_tag-boom-cylinders","8":"product_tag-hydraulic-cylinders","10":"first","11":"instock","12":"shipping-taxable","13":"product-type-simple"},"amp_enabled":true,"_links":{"self":[{"href":"https:\/\/www.hydraulic-cylinders.net\/sv\/wp-json\/wp\/v2\/product\/19442","targetHints":{"allow":["GET"]}}],"collection":[{"href":"https:\/\/www.hydraulic-cylinders.net\/sv\/wp-json\/wp\/v2\/product"}],"about":[{"href":"https:\/\/www.hydraulic-cylinders.net\/sv\/wp-json\/wp\/v2\/types\/product"}],"replies":[{"embeddable":true,"href":"https:\/\/www.hydraulic-cylinders.net\/sv\/wp-json\/wp\/v2\/comments?post=19442"}],"wp:featuredmedia":[{"embeddable":true,"href":"https:\/\/www.hydraulic-cylinders.net\/sv\/wp-json\/wp\/v2\/media\/17871"}],"wp:attachment":[{"href":"https:\/\/www.hydraulic-cylinders.net\/sv\/wp-json\/wp\/v2\/media?parent=19442"}],"wp:term":[{"taxonomy":"product_brand","embeddable":true,"href":"https:\/\/www.hydraulic-cylinders.net\/sv\/wp-json\/wp\/v2\/product_brand?post=19442"},{"taxonomy":"product_cat","embeddable":true,"href":"https:\/\/www.hydraulic-cylinders.net\/sv\/wp-json\/wp\/v2\/product_cat?post=19442"},{"taxonomy":"product_tag","embeddable":true,"href":"https:\/\/www.hydraulic-cylinders.net\/sv\/wp-json\/wp\/v2\/product_tag?post=19442"}],"curies":[{"name":"wp","href":"https:\/\/api.w.org\/{rel}","templated":true}]}}