{"id":19444,"date":"2025-04-07T06:47:49","date_gmt":"2025-04-07T06:47:49","guid":{"rendered":"https:\/\/www.hydraulic-cylinders.net\/product\/boom-cylinder-for-case-middle-excavator-cx220b\/"},"modified":"2025-04-07T06:47:52","modified_gmt":"2025-04-07T06:47:52","slug":"boom-cylinder-for-case-middle-excavator-cx220b","status":"publish","type":"product","link":"https:\/\/www.hydraulic-cylinders.net\/sv\/produkt\/boom-cylinder-for-case-middle-excavator-cx220b\/","title":{"rendered":"Bomcylinder f\u00f6r Case Middle Excavator CX220B"},"content":{"rendered":"<h1>Bomcylinder f\u00f6r Case Middle Excavator CX220B<\/h1>\n<h2>Produkt\u00f6versikt<\/h2>\n<p>Bomcylindern f\u00f6r Case Middle Excavator CX220B \u00e4r en specialiserad hydraulcylinder som \u00e4r utformad f\u00f6r att styra bommens r\u00f6relse p\u00e5 gr\u00e4vmaskiner. Denna viktiga komponent g\u00f6r att bommen kan lyftas, s\u00e4nkas och lutas, vilket underl\u00e4ttar olika materialhanteringsuppgifter inom bygg- och gr\u00e4varbeten.<\/p>\n<p>Hydraulcylindrar, s\u00e4rskilt skopcylindrar, spelar en avg\u00f6rande roll i hydraulsystemen i tunga maskiner. Genom att omvandla hydraulv\u00e4tsketryck till mekanisk kraft ger de den styrka och precision som beh\u00f6vs f\u00f6r tunga uppgifter. Bomcylindern s\u00e4kerst\u00e4ller att gr\u00e4vmaskinen kan utf\u00f6ra sina funktioner effektivt, oavsett om det g\u00e4ller att gr\u00e4va, lyfta eller flytta material.<\/p>\n<p><img decoding=\"async\" src=\"https:\/\/www.hydraulic-cylinders.net\/wp-content\/uploads\/2025\/04\/songte-company-1.webp\" alt=\"Bomcylinder\" \/><\/p>\n<h2>Viktiga funktioner<\/h2>\n<ul>\n<li><strong>H\u00f6g styrka och h\u00e5llbarhet:<\/strong> Denna cylinder \u00e4r tillverkad av h\u00f6gh\u00e5llfast st\u00e5l eller aluminium och \u00e4r byggd f\u00f6r att motst\u00e5 h\u00f6gt tryck och tunga belastningar, och anpassar sig till tuffa arbetsmilj\u00f6er samtidigt som den f\u00f6rl\u00e4nger dess livsl\u00e4ngd.<\/li>\n<li><strong>Effektiv hydraulisk drift:<\/strong> Cylindern anv\u00e4nder hydrauliskt oljetryck f\u00f6r smidig in- och utdragning, vilket ger snabba svar p\u00e5 kontrollkommandon och kraftfulla tryck-\/dragkrafter som \u00e4r idealiska f\u00f6r tunga och komplexa uppgifter.<\/li>\n<li><strong>Olika typer:<\/strong> Finns i enkelverkande och dubbelverkande konfigurationer f\u00f6r att m\u00f6ta olika driftsbehov. Vissa modeller har teleskopiska konstruktioner, vilket m\u00f6jligg\u00f6r st\u00f6rre utbyggnad utan att \u00f6ka de yttre m\u00e5tten, perfekt f\u00f6r utrymmesbegr\u00e4nsade till\u00e4mpningar.<\/li>\n<li><strong>Enkel integration:<\/strong> V\u00e5ra produkter kan s\u00f6ml\u00f6st ers\u00e4tta befintliga hydraulcylindrar, vilket s\u00e4kerst\u00e4ller kompatibilitet med olika gr\u00e4vmaskinsmodeller.<\/li>\n<\/ul>\n<p><img decoding=\"async\" src=\"https:\/\/www.hydraulic-cylinders.net\/wp-content\/uploads\/2025\/04\/songte-cylinder-head-with-all-kinds-excavator-models.webp\" alt=\"Gr\u00e4vmaskinsmodeller\" \/><\/p>\n<h2>Applikationer<\/h2>\n<h3>Byggutrustning<\/h3>\n<p>I gr\u00e4vmaskiner \u00e4r bomcylindrar avg\u00f6rande f\u00f6r att gr\u00e4va, lasta och flytta jord eller skr\u00e4p. De s\u00e4kerst\u00e4ller den exakta kontroll som beh\u00f6vs f\u00f6r effektiv gr\u00e4vning och lyftning, vilket g\u00f6r dem oumb\u00e4rliga i byggprojekt. Effektiviteten hos dessa hydraulcylindrar p\u00e5verkar direkt hastigheten och effektiviteten hos maskinens drift.<\/p>\n<h3>Jordbruksmaskiner<\/h3>\n<p>F\u00f6r frontlastare anv\u00e4nds bomcylindrar f\u00f6r att skopa, lyfta och transportera jord, h\u00f6 och andra material. Deras robusta design m\u00f6jligg\u00f6r effektiv hantering av tunga laster, vilket bidrar till \u00f6kad produktivitet inom jordbruket.<\/p>\n<h3>Gr\u00e4vningsarbeten<\/h3>\n<p>I gr\u00e4vmaskiner g\u00f6r skopcylindrar att bommen effektivt kan tr\u00e4nga ner i marken, vilket underl\u00e4ttar gr\u00e4vningsprocessen. Denna f\u00f6rm\u00e5ga \u00e4r avg\u00f6rande f\u00f6r bygg-, landskaps- och gruvindustrin, d\u00e4r precision och kraft kr\u00e4vs f\u00f6r framg\u00e5ngsrik drift.<\/p>\n<h3>Lastarapplikationer<\/h3>\n<p>P\u00e5 frontlastare hj\u00e4lper bomcylindrar till att lyfta och dumpa material effektivt. Deras design m\u00f6jligg\u00f6r maximal r\u00e4ckvidd och kontroll, vilket s\u00e4kerst\u00e4ller att lastaren enkelt kan hantera olika material, vilket f\u00f6rb\u00e4ttrar arbetsfl\u00f6det och produktiviteten.<\/p>\n<h2>Design\u00f6verv\u00e4ganden<\/h2>\n<h3>Lastkapacitet<\/h3>\n<p>Bomcylinderns konstruktion m\u00e5ste \u00e5terspegla dess lastkapacitet f\u00f6r att s\u00e4kerst\u00e4lla s\u00e4ker och effektiv drift. En v\u00e4lkonstruerad cylinder kommer att motst\u00e5 de krafter som uppst\u00e5r under drift utan risk f\u00f6r fel. Ingenj\u00f6rer beaktar faktorer som materialstyrka och cylinderdimensioner f\u00f6r att uppfylla specifika lastkrav.<\/p>\n<h3>T\u00e4tningsintegritet<\/h3>\n<p>T\u00e4tningarnas integritet \u00e4r avg\u00f6rande f\u00f6r hydraulcylindrar. T\u00e4tningarna m\u00e5ste f\u00f6rhindra l\u00e4ckage av hydraulv\u00e4tska samtidigt som de s\u00e4kerst\u00e4ller minimal friktion. Att v\u00e4lja r\u00e4tt material, s\u00e5som polyuretan och nitrilgummi, f\u00f6rb\u00e4ttrar h\u00e5llbarhet och prestanda under tryck, vilket bidrar till den totala effektiviteten hos hydraulsystem.<\/p>\n<h3>Varaktighet<\/h3>\n<p>H\u00e5llbarhet \u00e4r en avg\u00f6rande faktor vid konstruktionen av hydraulcylindrar. Materialen som anv\u00e4nds m\u00e5ste motst\u00e5 slitage och korrosion f\u00f6r att s\u00e4kerst\u00e4lla l\u00e5ng livsl\u00e4ngd, s\u00e4rskilt i tuffa milj\u00f6er. Konstruktioner b\u00f6r inneh\u00e5lla funktioner som f\u00f6rb\u00e4ttrar motst\u00e5ndskraften mot yttre element och mekanisk stress.<\/p>\n<h3>S\u00e4kerhetsfunktioner<\/h3>\n<p>S\u00e4kerhet \u00e4r av st\u00f6rsta vikt vid konstruktion av hydraulcylindrar. Funktioner som tryckavlastningsventiler och \u00f6verbelastningsskydd f\u00f6rhindrar potentiella faror under drift. Regelbundna underh\u00e5llskontroller bidrar ocks\u00e5 till s\u00e4ker funktionalitet och s\u00e4kerst\u00e4ller att cylindrarna fungerar inom sina angivna gr\u00e4nser.<\/p>\n<h3>Underh\u00e5llbarhet<\/h3>\n<p>Designaspekter b\u00f6r ocks\u00e5 fokusera p\u00e5 underh\u00e5llsv\u00e4nlighet. Detta inkluderar enkel \u00e5tkomst f\u00f6r inspektioner och reparationer, samt tillg\u00e5ngen till reservdelar. En v\u00e4lkonstruerad cylinder m\u00f6jligg\u00f6r enkel service, vilket s\u00e4kerst\u00e4ller att driftstopp minimeras och produktiviteten maximeras.<\/p>\n<p><img decoding=\"async\" src=\"https:\/\/www.hydraulic-cylinders.net\/wp-content\/uploads\/2025\/04\/songte-oil-pipes-and-spare-parts.webp\" alt=\"Oljer\u00f6r och reservdelar\" \/><\/p>\n<h2>T\u00e4tning och sm\u00f6rjning<\/h2>\n<p>Effektiv t\u00e4tning och sm\u00f6rjning \u00e4r avg\u00f6rande f\u00f6r hydraulcylindrars prestanda och livsl\u00e4ngd. Olika t\u00e4tningar, inklusive kolvt\u00e4tningar och kolvst\u00e5ngst\u00e4tningar, anv\u00e4nds f\u00f6r att f\u00f6rhindra v\u00e4tskel\u00e4ckage. T\u00e4tningar tillverkade av slitstarka material, s\u00e5som polyuretan och nitrilgummi, s\u00e4kerst\u00e4ller tillf\u00f6rlitlig prestanda \u00f6ver tid.<\/p>\n<p>Cylinderhuset och de g\u00e4ngade \u00e4ndytorna genomg\u00e5r en exakt ytbehandling f\u00f6r att f\u00f6rb\u00e4ttra slitstyrkan. Regelbunden sm\u00f6rjning med hydraulolja \u00e4r n\u00f6dv\u00e4ndig f\u00f6r att bibeh\u00e5lla optimal prestanda, vilket minskar friktion och slitage p\u00e5 r\u00f6rliga komponenter.<\/p>\n<h2>F\u00f6rebyggande underh\u00e5lls\u00e5tg\u00e4rder<\/h2>\n<ul>\n<li><strong>Regelbundna inspektioner:<\/strong> Utf\u00f6r regelbundna visuella kontroller f\u00f6r l\u00e4ckor, slitage eller skador f\u00f6r att s\u00e4kerst\u00e4lla att potentiella problem identifieras i tid.<\/li>\n<li><strong>Korrekt sm\u00f6rjning:<\/strong> Se till att hydrauloljan har r\u00e4tt niv\u00e5 och att den fylls p\u00e5 vid behov f\u00f6r att bibeh\u00e5lla sm\u00f6rjeffektiviteten.<\/li>\n<li><strong>Byte av t\u00e4tning:<\/strong> \u00d6vervaka t\u00e4tningarna f\u00f6r slitage och byt ut dem vid behov f\u00f6r att f\u00f6rhindra l\u00e4ckage och bibeh\u00e5lla optimal prestanda.<\/li>\n<\/ul>\n<h2>Installationsriktlinjer<\/h2>\n<p>Korrekt installation av bomcylindern \u00e4r avg\u00f6rande f\u00f6r optimal prestanda. F\u00f6lj dessa riktlinjer f\u00f6r att s\u00e4kerst\u00e4lla korrekt installation:<\/p>\n<ol>\n<li>Se till att installationsomr\u00e5det \u00e4r rent och fritt fr\u00e5n skr\u00e4p som kan st\u00f6ra cylinderns funktion.<\/li>\n<li>Rikta in cylindern noggrant i f\u00f6rh\u00e5llande till bomstrukturen f\u00f6r att f\u00f6rhindra feljustering under drift.<\/li>\n<li>Anv\u00e4nd l\u00e4mpliga monteringsf\u00e4sten och verktyg f\u00f6r att f\u00e4sta cylindern ordentligt och s\u00e4kerst\u00e4lla stabilitet under drift.<\/li>\n<li>Efter installationen, kontrollera att v\u00e4tskeniv\u00e5erna \u00e4r korrekta och utf\u00f6r en provk\u00f6rning f\u00f6r att verifiera att den fungerar korrekt.<\/li>\n<\/ol>\n<h2>Vanliga underh\u00e5llsuppgifter<\/h2>\n<ul>\n<li><strong>Regelbundna inspektioner:<\/strong> Regelbundna kontroller kan uppt\u00e4cka potentiella problem innan de eskalerar. Leta efter tecken p\u00e5 slitage, l\u00e4ckor eller feljustering.<\/li>\n<li><strong>Korrekt sm\u00f6rjning:<\/strong> S\u00e4kerst\u00e4ll att cylindern och dess r\u00f6rliga delar \u00e4r tillr\u00e4ckligt smorda f\u00f6r att f\u00f6rhindra friktionsrelaterade skador och bibeh\u00e5lla driftseffektiviteten.<\/li>\n<li><strong>Byte av t\u00e4tning:<\/strong> Kontrollera regelbundet t\u00e4tningarna f\u00f6r slitage och byt ut dem vid behov f\u00f6r att undvika l\u00e4ckage av hydraulv\u00e4tska och bibeh\u00e5lla systemtrycket.<\/li>\n<\/ul>\n<h2>S\u00e4kerhetsaspekter och milj\u00f6faktorer<\/h2>\n<p>S\u00e4kerhets\u00e5tg\u00e4rder m\u00e5ste prioriteras vid anv\u00e4ndning av hydraulcylindrar. Operat\u00f6rer b\u00f6r vara certifierade och utbildade p\u00e5 den specifika utrustningen f\u00f6r att s\u00e4kerst\u00e4lla korrekt hantering. Dessutom \u00e4r det avg\u00f6rande att f\u00f6lja milj\u00f6standarder. Detta inkluderar hantering av spill av hydraulv\u00e4tska och att s\u00e4kerst\u00e4lla att allt avfall hanteras p\u00e5 ett ansvarsfullt s\u00e4tt.<\/p>\n<h2>Fels\u00f6kning och vanliga problem<\/h2>\n<ul>\n<li><strong>L\u00e4ckageproblem:<\/strong> Kontrollera t\u00e4tningar och kopplingar f\u00f6r slitage; byt ut vid behov.<\/li>\n<li><strong>Otillr\u00e4cklig kraft:<\/strong> Kontrollera v\u00e4tskeniv\u00e5erna och se till att det finns tillr\u00e4ckligt med hydraulolja.<\/li>\n<li><strong>L\u00e5ngsamma r\u00f6relser:<\/strong> S\u00e4kerst\u00e4ll att hydraulsystemet \u00e4r fritt fr\u00e5n luftbubblor och att pumpen fungerar korrekt.<\/li>\n<\/ul>\n<p>Att \u00e5tg\u00e4rda dessa problem snabbt kan f\u00f6rb\u00e4ttra hydraulsystemets livsl\u00e4ngd och prestanda.<\/p>\n<p><img decoding=\"async\" src=\"https:\/\/www.hydraulic-cylinders.net\/wp-content\/uploads\/2025\/04\/songte-bushings-with-all-kinds-of-excavator-models.webp\" alt=\"Gr\u00e4vmaskinsbussningar\" \/><\/p>\n<h2>F\u00f6retags\u00f6versikt<\/h2>\n<p>Vi \u00e4r en ledande tillverkare av alternativa hydraulcylindrar och erbjuder ett omfattande produktsortiment som positionerar oss bland de ledande tillverkarna och grossisterna av hydraulcylindrar p\u00e5 b\u00e5de inhemska och internationella marknader. V\u00e5rt engagemang f\u00f6r excellens f\u00f6rst\u00e4rks av v\u00e5rt engagemang f\u00f6r h\u00f6gkvalitativa tillverkningsmetoder.<\/p>\n<p>Med fokus p\u00e5 precisionstillverkning anv\u00e4nder vi avancerad teknik och skickliga tekniker f\u00f6r att kontinuerligt f\u00f6rb\u00e4ttra v\u00e5r produktionskapacitet. V\u00e5ra produkter \u00e4r utformade f\u00f6r att m\u00f6ta olika kunders behov, med st\u00f6d av internationella certifieringar och kundanpassade tj\u00e4nster. V\u00e5r omfattande tillverkningsutrustning, tillsammans med ett starkt eftermarknadssystem, s\u00e4kerst\u00e4ller att vi m\u00f6ter och \u00f6vertr\u00e4ffar kundernas f\u00f6rv\u00e4ntningar.<\/p>\n<p><img decoding=\"async\" src=\"https:\/\/www.hydraulic-cylinders.net\/wp-content\/uploads\/2025\/04\/songte-company-4.webp\" alt=\"F\u00f6retags\u00f6versikt\" \/><br \/>\n<img decoding=\"async\" src=\"https:\/\/www.hydraulic-cylinders.net\/wp-content\/uploads\/2025\/04\/songte-company-3.webp\" alt=\"F\u00f6retagsproduktion\" \/><\/p>\n<p>F\u00f6rfattare: lyl<\/p>","protected":false},"excerpt":{"rendered":"<p>Boom Cylinder For Case Middle Excavator CX220B Product Overview The Boom Cylinder for Case Middle Excavator CX220B is a specialized hydraulic cylinder designed to control the movement of the boom on excavators. This essential component enables the boom to lift, lower, and tilt, facilitating various material handling tasks in construction and excavation applications. Hydraulic cylinders, [&hellip;]<\/p>","protected":false},"featured_media":17873,"comment_status":"open","ping_status":"closed","template":"","meta":{"_et_pb_use_builder":"","_et_pb_old_content":"","_et_gb_content_width":""},"product_brand":[],"product_cat":[1546],"product_tag":[1547,1496],"class_list":{"0":"post-19444","1":"product","2":"type-product","3":"status-publish","4":"has-post-thumbnail","6":"product_cat-boom-cylinders","7":"product_tag-boom-cylinders","8":"product_tag-hydraulic-cylinders","10":"first","11":"instock","12":"shipping-taxable","13":"product-type-simple"},"amp_enabled":true,"_links":{"self":[{"href":"https:\/\/www.hydraulic-cylinders.net\/sv\/wp-json\/wp\/v2\/product\/19444","targetHints":{"allow":["GET"]}}],"collection":[{"href":"https:\/\/www.hydraulic-cylinders.net\/sv\/wp-json\/wp\/v2\/product"}],"about":[{"href":"https:\/\/www.hydraulic-cylinders.net\/sv\/wp-json\/wp\/v2\/types\/product"}],"replies":[{"embeddable":true,"href":"https:\/\/www.hydraulic-cylinders.net\/sv\/wp-json\/wp\/v2\/comments?post=19444"}],"wp:featuredmedia":[{"embeddable":true,"href":"https:\/\/www.hydraulic-cylinders.net\/sv\/wp-json\/wp\/v2\/media\/17873"}],"wp:attachment":[{"href":"https:\/\/www.hydraulic-cylinders.net\/sv\/wp-json\/wp\/v2\/media?parent=19444"}],"wp:term":[{"taxonomy":"product_brand","embeddable":true,"href":"https:\/\/www.hydraulic-cylinders.net\/sv\/wp-json\/wp\/v2\/product_brand?post=19444"},{"taxonomy":"product_cat","embeddable":true,"href":"https:\/\/www.hydraulic-cylinders.net\/sv\/wp-json\/wp\/v2\/product_cat?post=19444"},{"taxonomy":"product_tag","embeddable":true,"href":"https:\/\/www.hydraulic-cylinders.net\/sv\/wp-json\/wp\/v2\/product_tag?post=19444"}],"curies":[{"name":"wp","href":"https:\/\/api.w.org\/{rel}","templated":true}]}}