{"id":19446,"date":"2025-04-07T06:47:55","date_gmt":"2025-04-07T06:47:55","guid":{"rendered":"https:\/\/www.hydraulic-cylinders.net\/product\/boom-cylinder-for-case-middle-excavator-cx240bhr\/"},"modified":"2025-04-07T06:47:59","modified_gmt":"2025-04-07T06:47:59","slug":"boom-cylinder-for-case-middle-excavator-cx240bhr","status":"publish","type":"product","link":"https:\/\/www.hydraulic-cylinders.net\/sv\/produkt\/boom-cylinder-for-case-middle-excavator-cx240bhr\/","title":{"rendered":"Bomcylinder f\u00f6r Case Middle Excavator CX240BHR"},"content":{"rendered":"<h1>Bomcylinder f\u00f6r Case Middle Excavator CX240BHR<\/h1>\n<h2>Introduktion till bomcylindern<\/h2>\n<p>Bomcylindern \u00e4r en viktig komponent som \u00e4r speciellt utformad f\u00f6r gr\u00e4vmaskinen Case CX240BHR. Denna hydraulcylinder spelar en nyckelroll i att styra gr\u00e4vmaskinens bomr\u00f6relse, vilket g\u00f6r att den kan lyfta, s\u00e4nka och luta med precision. Den fungerar som en viktig del av hydraulsystemet och m\u00f6jligg\u00f6r effektiv prestanda f\u00f6r tunga maskiner som anv\u00e4nds vid bygg- och schaktningsarbeten.<\/p>\n<p><img decoding=\"async\" src=\"https:\/\/www.hydraulic-cylinders.net\/wp-content\/uploads\/2025\/04\/songte-company-1.webp\" alt=\"Bild av bomcylinder\" \/><\/p>\n<h3>Definition och \u00f6versikt<\/h3>\n<p>En skopcylinder \u00e4r en typ av hydraulcylinder som \u00e4r avsedd att styra r\u00f6relsen hos skopor i olika tunga maskiner s\u00e5som gr\u00e4vmaskiner, gr\u00e4vlastare och frontlastare. Dess prim\u00e4ra funktion \u00e4r att g\u00f6ra det m\u00f6jligt f\u00f6r skopan att lyfta, s\u00e4nka och luta, vilket underl\u00e4ttar materialhanteringsuppgifter. Dessa cylindrar fungerar genom att anv\u00e4nda hydrauloljetryck f\u00f6r att skapa r\u00f6relse, vilket g\u00f6r dem oumb\u00e4rliga f\u00f6r alla operationer som kr\u00e4ver tunga lyft eller exakt positionering.<\/p>\n<h2>Funktioner hos bomcylindern<\/h2>\n<ul>\n<li><strong>H\u00f6g styrka och h\u00e5llbarhet:<\/strong> Vanligtvis tillverkad av h\u00f6gh\u00e5llfast st\u00e5l eller aluminium, vilket g\u00f6r att den kan motst\u00e5 h\u00f6gt tryck och tunga belastningar, och konstruerad f\u00f6r tuffa arbetsmilj\u00f6er med h\u00e4nsyn till slitstyrka och korrosionsbest\u00e4ndighet f\u00f6r att f\u00f6rl\u00e4nga livsl\u00e4ngden.<\/li>\n<li><strong>Effektiv hydraulisk drift:<\/strong> Anv\u00e4nder hydrauloljetryck f\u00f6r att uppn\u00e5 smidiga ut- och inf\u00e4llningsr\u00f6relser, kan snabbt reagera p\u00e5 kontrollkommandon och ge stark tryck- och dragkraft l\u00e4mplig f\u00f6r hantering av tunga f\u00f6rem\u00e5l och komplexa uppgifter.<\/li>\n<li><strong>Olika typer:<\/strong> Finns i enkelverkande (hydraulisk drift i en riktning) eller dubbelverkande (hydraulisk drift i b\u00e5da riktningarna) konfigurationer f\u00f6r att m\u00f6ta olika driftsbehov. Vissa modeller \u00e4r teleskopiska, vilket m\u00f6jligg\u00f6r st\u00f6rre utbyggnad utan att \u00f6ka de yttersta m\u00e5tten, perfekt f\u00f6r applikationer med begr\u00e4nsat utrymme.<\/li>\n<li><strong>Anpassningsbara alternativ:<\/strong> Utformad f\u00f6r att passa ett brett utbud av gr\u00e4vmaskinsmodeller, vilket s\u00e4kerst\u00e4ller kompatibilitet och prestanda, skr\u00e4ddarsydd f\u00f6r specifika projektkrav och anv\u00e4ndarpreferenser.<\/li>\n<li><strong>Enkelt underh\u00e5ll:<\/strong> Konstruerad f\u00f6r enkel service och underh\u00e5ll, vilket m\u00f6jligg\u00f6r snabba reparationer och utbyten, minimerar driftstopp och s\u00e4kerst\u00e4ller l\u00e5ng livsl\u00e4ngd.<\/li>\n<\/ul>\n<p>V\u00e5ra produkter kan perfekt ers\u00e4tta dessa hydraulcylindrar, vilket s\u00e4kerst\u00e4ller optimal prestanda och tillf\u00f6rlitlighet.<\/p>\n<p><img decoding=\"async\" src=\"https:\/\/www.hydraulic-cylinders.net\/wp-content\/uploads\/2025\/04\/songte-cylinder-head-with-all-kinds-excavator-models.webp\" alt=\"Gr\u00e4vmaskinsmodeller\" \/><\/p>\n<h2>Anv\u00e4ndningsomr\u00e5den f\u00f6r bomcylindern<\/h2>\n<h3>Byggutrustning<\/h3>\n<p>I gr\u00e4vmaskiner \u00e4r bomcylindern avg\u00f6rande f\u00f6r gr\u00e4vning, lastning och f\u00f6rflyttning av jord eller skr\u00e4p. Den m\u00f6jligg\u00f6r betydande lyftkraft, vilket \u00e4r avg\u00f6rande f\u00f6r bygguppgifter som kr\u00e4ver exakt gr\u00e4vning och materialhantering. Effektiviteten hos dessa cylindrar s\u00e4kerst\u00e4ller att projekt kan slutf\u00f6ras i tid och inom budget.<\/p>\n<h3>Jordbruksmaskiner<\/h3>\n<p>Frontlastare anv\u00e4nder bomcylindrar f\u00f6r att skopa, lyfta och transportera jord, h\u00f6 och andra material. Den hydrauliska effekten ger den n\u00f6dv\u00e4ndiga styrkan f\u00f6r att utf\u00f6ra dessa uppgifter effektivt, vilket g\u00f6r den till ett oumb\u00e4rligt verktyg inom jordbruk d\u00e4r tid och produktivitet \u00e4r avg\u00f6rande.<\/p>\n<h3>Gr\u00e4vningsarbeten<\/h3>\n<p>Vid gr\u00e4vning g\u00f6r skopcylindern att skopan kan tr\u00e4nga ner i marken, vilket underl\u00e4ttar gr\u00e4vningsarbetet. Denna funktion \u00e4r avg\u00f6rande f\u00f6r byggnation, landskapsarkitektur och olika schaktningsuppgifter som kr\u00e4ver djup och precision.<\/p>\n<h3>Laddarfunktioner<\/h3>\n<p>P\u00e5 frontlastare hj\u00e4lper bomcylindrar till att lyfta och dumpa laster effektivt. Denna mekanism s\u00e4kerst\u00e4ller att material kan \u00f6verf\u00f6ras effektivt fr\u00e5n en plats till en annan, vilket \u00f6kar produktiviteten p\u00e5 arbetsplatser d\u00e4r materialf\u00f6rflyttningar \u00e4r frekventa.<\/p>\n<h2>Design\u00f6verv\u00e4ganden och urvalskriterier<\/h2>\n<h3>Lastkapacitet<\/h3>\n<p>N\u00e4r man v\u00e4ljer en bomcylinder \u00e4r det av st\u00f6rsta vikt att f\u00f6rst\u00e5 dess lastkapacitet. Cylindern m\u00e5ste kunna hantera den maximala vikt den kommer att uts\u00e4ttas f\u00f6r under drift. Detta kr\u00e4ver en noggrann bed\u00f6mning av maskinens krav och de typer av material som hanteras. En v\u00e4lkonstruerad cylinder ger den n\u00f6dv\u00e4ndiga styrkan utan att kompromissa med s\u00e4kerheten.<\/p>\n<h3>T\u00e4tningsmekanismer<\/h3>\n<p>Effektiv t\u00e4tning \u00e4r avg\u00f6rande f\u00f6r hydraulcylindrars prestanda och livsl\u00e4ngd. H\u00f6gkvalitativa t\u00e4tningar f\u00f6rhindrar l\u00e4ckage av hydraulv\u00e4tska, vilket s\u00e4kerst\u00e4ller effektiv drift och minskar underh\u00e5llskostnaderna. Valet av t\u00e4tningsmaterial, s\u00e5som polyuretan eller nitrilgummi, kan drastiskt p\u00e5verka cylinderns tillf\u00f6rlitlighet och funktionalitet.<\/p>\n<h3>H\u00e5llbarhet och livsl\u00e4ngd<\/h3>\n<p>Bomcylinderns h\u00e5llbarhet p\u00e5verkas av de material som anv\u00e4nds i dess konstruktion och de tillverkningsprocesser som anv\u00e4nds. H\u00f6gh\u00e5llfasta st\u00e5l och avancerade bel\u00e4ggningar kan f\u00f6rb\u00e4ttra motst\u00e5ndskraften mot slitage och korrosion, vilket f\u00f6rl\u00e4nger cylinderns livsl\u00e4ngd och minskar antalet byten.<\/p>\n<h3>S\u00e4kerhetsfunktioner<\/h3>\n<p>S\u00e4kerhet \u00e4r en viktig faktor vid konstruktion av hydraulcylindrar. Funktioner som tryckavlastningsventiler kan f\u00f6rhindra \u00f6verbelastning, medan f\u00f6rst\u00e4rkta strukturer \u00f6kar den \u00f6vergripande s\u00e4kerheten vid anv\u00e4ndning av tunga maskiner. Att v\u00e4lja en cylinder med tillr\u00e4ckliga s\u00e4kerhets\u00e5tg\u00e4rder \u00e4r avg\u00f6rande f\u00f6r att skydda b\u00e5de f\u00f6raren och utrustningen.<\/p>\n<h3>Underh\u00e5llbarhet<\/h3>\n<p>Enkelt underh\u00e5ll \u00e4r en annan viktig faktor vid konstruktionen av bomcylindrar. Funktioner som m\u00f6jligg\u00f6r snabb \u00e5tkomst till interna komponenter, s\u00e5som avtagbara \u00e4ndk\u00e5por och standardiserade delar, underl\u00e4ttar rutininspektioner och reparationer, minimerar driftstopp och s\u00e4kerst\u00e4ller kontinuerlig drift.<\/p>\n<p><img decoding=\"async\" src=\"https:\/\/www.hydraulic-cylinders.net\/wp-content\/uploads\/2025\/04\/songte-oil-pipes-and-spare-parts.webp\" alt=\"Oljer\u00f6r och reservdelar\" \/><\/p>\n<h2>T\u00e4tning och sm\u00f6rjning<\/h2>\n<p>Vikten av t\u00e4tning och sm\u00f6rjning i hydraulcylindrar kan inte nog betonas. Anv\u00e4ndningen av olika t\u00e4tningselement, s\u00e5som kolvt\u00e4tningar och kolvst\u00e5ngst\u00e4tningar, s\u00e4kerst\u00e4ller att hydraulv\u00e4tskan f\u00f6rblir kvar i cylindern. Dessa t\u00e4tningar \u00e4r ofta tillverkade av slitstarka material som polyuretan och nitrilgummi, vilka t\u00e5l tuffa driftsf\u00f6rh\u00e5llanden. Dessutom \u00e4r cylinderhuset och de g\u00e4ngade \u00e4ndarna fint bearbetade f\u00f6r att \u00f6ka h\u00e5llbarheten.<\/p>\n<p>Regelbunden sm\u00f6rjning \u00e4r avg\u00f6rande f\u00f6r att bibeh\u00e5lla cylinderns funktion. Tillr\u00e4ckligt med hydraulolja m\u00e5ste tillf\u00f6ras f\u00f6r att minska friktion och slitage p\u00e5 r\u00f6rliga komponenter. Regelbundna underh\u00e5llsrutiner som inkluderar kontroll av oljeniv\u00e5er och byte av sm\u00f6rjmedel bidrar avsev\u00e4rt till bomcylinderns livsl\u00e4ngd.<\/p>\n<h2>F\u00f6rebyggande underh\u00e5lls\u00e5tg\u00e4rder<\/h2>\n<ul>\n<li><strong>Regelbundna inspektioner:<\/strong> Utf\u00f6r rutinkontroller f\u00f6r att identifiera eventuella tecken p\u00e5 slitage eller skador tidigt. Detta inkluderar att leta efter l\u00e4ckor, sprickor och ovanliga ljud under drift.<\/li>\n<li><strong>Sm\u00f6rjning:<\/strong> Se till att cylindern sm\u00f6rjs regelbundet f\u00f6r att bibeh\u00e5lla smidig drift och f\u00f6rhindra \u00f6verdrivet slitage. Detta inneb\u00e4r att man fyller p\u00e5 hydraulolja och kontrollerar om det finns tecken p\u00e5 f\u00f6rorening.<\/li>\n<li><strong>Byte av t\u00e4tning:<\/strong> Inspektera regelbundet t\u00e4tningarna och byt ut dem vid behov f\u00f6r att f\u00f6rhindra l\u00e4ckage och s\u00e4kerst\u00e4lla effektiv drift. Slitna t\u00e4tningar kan leda till betydande prestandaproblem och b\u00f6r prioriteras i underh\u00e5llsscheman.<\/li>\n<\/ul>\n<h2>Installationsriktlinjer<\/h2>\n<p>Korrekt installation av bomcylindern \u00e4r avg\u00f6rande f\u00f6r dess prestanda och livsl\u00e4ngd. Se f\u00f6rst till att monteringsf\u00e4stena \u00e4r s\u00e4kra och korrekt justerade. Feljustering kan leda till f\u00f6r tidigt slitage och haveri.<\/p>\n<p>Det \u00e4r avg\u00f6rande att anv\u00e4nda l\u00e4mpliga installationsst\u00f6d f\u00f6r att stabilisera cylindern under monteringen. F\u00f6lj dessutom tillverkarens riktlinjer f\u00f6r \u00e5tdragningsmomentspecifikationer f\u00f6r alla f\u00e4stelement f\u00f6r att undvika strukturella problem.<\/p>\n<p>Se till att de hydrauliska anslutningarna \u00e4r \u00e5tdragna och l\u00e4ckagefria under installationen. Utf\u00f6r ett noggrant test av hydraulsystemet efter installationen f\u00f6r att bekr\u00e4fta att bomcylindern fungerar smidigt och reagerar korrekt p\u00e5 styrsignaler.<\/p>\n<h2>Vanliga underh\u00e5llsuppgifter<\/h2>\n<h3>Regelbundna inspektioner<\/h3>\n<p>Att utf\u00f6ra regelbundna inspektioner \u00e4r avg\u00f6rande f\u00f6r att underh\u00e5lla hydraulsystem. Kontrollera tecken p\u00e5 slitage, v\u00e4tskel\u00e4ckage och eventuella ovanliga ljud under drift. Tidig uppt\u00e4ckt av problem kan f\u00f6rhindra kostsamma reparationer och s\u00e4kerst\u00e4lla att systemet fungerar tillf\u00f6rlitligt.<\/p>\n<h3>Korrekt sm\u00f6rjning<\/h3>\n<p>Att s\u00e4kerst\u00e4lla korrekt sm\u00f6rjning \u00e4r avg\u00f6rande f\u00f6r att bomcylindern ska fungera smidigt. Kontrollera regelbundet hydrauloljeniv\u00e5erna och byt ut f\u00f6rorenad olja. Denna metod minimerar friktion och slitage p\u00e5 cylinderkomponenterna och f\u00f6rl\u00e4nger dess livsl\u00e4ngd.<\/p>\n<h3>Byte av t\u00e4tning<\/h3>\n<p>Regelbundet byte av t\u00e4tningar \u00e4r avg\u00f6rande f\u00f6r att f\u00f6rhindra l\u00e4ckor och bibeh\u00e5lla optimal prestanda. Inspektera t\u00e4tningarna f\u00f6r tecken p\u00e5 slitage eller skador och byt ut dem omedelbart. Denna uppgift \u00e4r avg\u00f6rande f\u00f6r att s\u00e4kerst\u00e4lla effektiviteten och tillf\u00f6rlitligheten hos hydraulsystem.<\/p>\n<h2>S\u00e4kerhetsaspekter och milj\u00f6faktorer<\/h2>\n<p>Vid anv\u00e4ndning av hydraulcylindrar \u00e4r det av st\u00f6rsta vikt att s\u00e4kerhets\u00e5tg\u00e4rder implementeras. Operat\u00f6rer b\u00f6r utbildas i korrekt hantering och anv\u00e4ndning av maskiner f\u00f6r att minska risken f\u00f6r olyckor. Se dessutom till att alla s\u00e4kerhetsanordningar och skydd \u00e4r p\u00e5 plats och fungerar korrekt. Milj\u00f6faktorer, s\u00e5som exponering f\u00f6r extrema temperaturer eller fr\u00e4tande \u00e4mnen, b\u00f6r beaktas under driftsf\u00f6rh\u00e5llandena f\u00f6r att s\u00e4kerst\u00e4lla cylinderns livsl\u00e4ngd och tillf\u00f6rlitlighet.<\/p>\n<h2>Feldiagnos och vanliga problem<\/h2>\n<ul>\n<li><strong>L\u00e4ckage av hydraulv\u00e4tska:<\/strong> Detta kan tyda p\u00e5 slitna t\u00e4tningar eller skadade komponenter. Kontrollera cylindern f\u00f6r synliga l\u00e4ckor och byt ut eventuella skadade delar vid behov.<\/li>\n<li><strong>Tryckf\u00f6rlust:<\/strong> Ett fall i hydraultrycket kan p\u00e5verka prestandan. Kontrollera om det finns blockeringar i hydraulledningarna eller skadade slangar.<\/li>\n<li><strong>Ovanliga ljud:<\/strong> Gnisslande eller gnisslande ljud kan tyda p\u00e5 bristande sm\u00f6rjning eller skadade interna komponenter. Utf\u00f6r omedelbara inspektioner f\u00f6r att identifiera och l\u00f6sa problemet.<\/li>\n<\/ul>\n<h2>Fels\u00f6kningstips<\/h2>\n<p>F\u00f6r att effektivt diagnostisera och l\u00f6sa problem med bomcylindern, f\u00f6lj dessa fels\u00f6kningstips:<\/p>\n<ul>\n<li>Underh\u00e5ll regelbundet hydraulsystemet f\u00f6r att minska risken f\u00f6r problem. Implementera ett f\u00f6rebyggande underh\u00e5llsschema som inkluderar inspektioner och sm\u00f6rjning.<\/li>\n<li>F\u00f6r detaljerade register \u00f6ver underh\u00e5llsaktiviteter f\u00f6r att identifiera m\u00f6nster i problem som kan uppst\u00e5 \u00f6ver tid. Denna metod hj\u00e4lper till att diagnostisera \u00e5terkommande problem och utveckla effektiva l\u00f6sningar.<\/li>\n<li>Se tillverkarens riktlinjer f\u00f6r specifika fels\u00f6kningssteg relaterade till din utrustning. Genom att f\u00f6lja rekommenderade procedurer s\u00e4kerst\u00e4lls att b\u00e4sta praxis f\u00f6ljs.<\/li>\n<\/ul>\n<p><img decoding=\"async\" src=\"https:\/\/www.hydraulic-cylinders.net\/wp-content\/uploads\/2025\/04\/songte-bushings-with-all-kinds-of-excavator-models.webp\" alt=\"Bussningar med gr\u00e4vmaskinsmodeller\" \/><\/p>\n<h2>Om v\u00e5rt f\u00f6retag<\/h2>\n<p>Vi \u00e4r en ledande tillverkare av hydraulcylindrar f\u00f6r reservdelar och erbjuder ett brett utbud av produkter som riktar sig till b\u00e5de inhemska och internationella marknader. V\u00e5rt engagemang f\u00f6r excellens driver oss att anta f\u00f6rfinade tillverkningsstrategier som st\u00f6ds av avancerad teknik och skicklig talang.<\/p>\n<p>Vi s\u00e4kerst\u00e4ller att v\u00e5ra tillverkningsprocesser f\u00f6ljer internationella standarder och erbjuder skr\u00e4ddarsydda l\u00f6sningar f\u00f6r att m\u00f6ta olika kunders behov. V\u00e5ra produktionsanl\u00e4ggningar \u00e4r utrustade med avancerad digital tillverkningsutrustning och professionella testsystem, vilket f\u00f6rb\u00e4ttrar kvaliteten och tillf\u00f6rlitligheten hos v\u00e5ra produkter.<\/p>\n<p><img decoding=\"async\" src=\"https:\/\/www.hydraulic-cylinders.net\/wp-content\/uploads\/2025\/04\/songte-company-4.webp\" alt=\"F\u00f6retags\u00f6versikt\" \/><br \/>\n<img decoding=\"async\" src=\"https:\/\/www.hydraulic-cylinders.net\/wp-content\/uploads\/2025\/04\/songte-company-3.webp\" alt=\"Tillverkningsanl\u00e4ggning\" \/><\/p>\n<p>V\u00e5r specialisering, internationella certifieringar, kundanpassningstj\u00e4nster, toppmoderna produktionsutrustning och dedikerade eftermarknadssupport skiljer oss fr\u00e5n m\u00e4ngden inom hydraulcylinderbranschen.<\/p>\n<p>F\u00f6rfattare: lyl<\/p>","protected":false},"excerpt":{"rendered":"<p>Boom Cylinder For Case Middle Excavator CX240BHR Introduction to the Boom Cylinder The Boom Cylinder is a critical component designed specifically for the Case CX240BHR excavator. This hydraulic cylinder plays a key role in controlling the movement of the excavator&#8217;s boom, allowing it to lift, lower, and tilt with precision. It serves as a vital [&hellip;]<\/p>","protected":false},"featured_media":17875,"comment_status":"open","ping_status":"closed","template":"","meta":{"_et_pb_use_builder":"","_et_pb_old_content":"","_et_gb_content_width":""},"product_brand":[],"product_cat":[1546],"product_tag":[1547,1496],"class_list":{"0":"post-19446","1":"product","2":"type-product","3":"status-publish","4":"has-post-thumbnail","6":"product_cat-boom-cylinders","7":"product_tag-boom-cylinders","8":"product_tag-hydraulic-cylinders","10":"first","11":"instock","12":"shipping-taxable","13":"product-type-simple"},"amp_enabled":true,"_links":{"self":[{"href":"https:\/\/www.hydraulic-cylinders.net\/sv\/wp-json\/wp\/v2\/product\/19446","targetHints":{"allow":["GET"]}}],"collection":[{"href":"https:\/\/www.hydraulic-cylinders.net\/sv\/wp-json\/wp\/v2\/product"}],"about":[{"href":"https:\/\/www.hydraulic-cylinders.net\/sv\/wp-json\/wp\/v2\/types\/product"}],"replies":[{"embeddable":true,"href":"https:\/\/www.hydraulic-cylinders.net\/sv\/wp-json\/wp\/v2\/comments?post=19446"}],"wp:featuredmedia":[{"embeddable":true,"href":"https:\/\/www.hydraulic-cylinders.net\/sv\/wp-json\/wp\/v2\/media\/17875"}],"wp:attachment":[{"href":"https:\/\/www.hydraulic-cylinders.net\/sv\/wp-json\/wp\/v2\/media?parent=19446"}],"wp:term":[{"taxonomy":"product_brand","embeddable":true,"href":"https:\/\/www.hydraulic-cylinders.net\/sv\/wp-json\/wp\/v2\/product_brand?post=19446"},{"taxonomy":"product_cat","embeddable":true,"href":"https:\/\/www.hydraulic-cylinders.net\/sv\/wp-json\/wp\/v2\/product_cat?post=19446"},{"taxonomy":"product_tag","embeddable":true,"href":"https:\/\/www.hydraulic-cylinders.net\/sv\/wp-json\/wp\/v2\/product_tag?post=19446"}],"curies":[{"name":"wp","href":"https:\/\/api.w.org\/{rel}","templated":true}]}}