{"id":19447,"date":"2025-04-07T06:48:00","date_gmt":"2025-04-07T06:48:00","guid":{"rendered":"https:\/\/www.hydraulic-cylinders.net\/product\/boom-cylinder-for-case-large-excavator-cx300b\/"},"modified":"2025-04-07T06:48:02","modified_gmt":"2025-04-07T06:48:02","slug":"boom-cylinder-for-case-large-excavator-cx300b","status":"publish","type":"product","link":"https:\/\/www.hydraulic-cylinders.net\/sv\/produkt\/boom-cylinder-for-case-large-excavator-cx300b\/","title":{"rendered":"Bomcylinder f\u00f6r Case Large Excavator CX300B"},"content":{"rendered":"<h1>Bomcylinder f\u00f6r Case Large Excavator CX300B<\/h1>\n<h2>Introduktion till bomcylinder<\/h2>\n<p>Bomcylindern \u00e4r en viktig hydraulisk komponent som \u00e4r speciellt utformad f\u00f6r att styra r\u00f6relsen hos skopor i tunga maskiner som gr\u00e4vmaskiner, gr\u00e4vskopor och frontlastare. Denna hydraulcylinder g\u00f6r att skopan kan lyftas, s\u00e4nkas och lutas, vilket underl\u00e4ttar effektiva materialhanteringsuppgifter. Dessa cylindrar, som arbetar i hydrauliska system, omvandlar hydraulisk energi till mekanisk kraft, vilket m\u00f6jligg\u00f6r de kraftfulla r\u00f6relser som kr\u00e4vs i olika bygg- och jordbruksapplikationer.<\/p>\n<p><img decoding=\"async\" src=\"https:\/\/www.hydraulic-cylinders.net\/wp-content\/uploads\/2025\/04\/songte-company-1.webp\" alt=\"Bild av bomcylinder\" \/><\/p>\n<h3>Definition och \u00f6versikt<\/h3>\n<p>En bomcylinder \u00e4r en typ av hydraulcylinder som fr\u00e4mst anv\u00e4nds f\u00f6r att styra armen p\u00e5 en gr\u00e4vmaskin. Dess funktion \u00e4r avg\u00f6rande, eftersom den g\u00f6r det m\u00f6jligt f\u00f6r f\u00f6rare att man\u00f6vrera skopan med precision och kraft. Bomcylindern kan f\u00f6rl\u00e4ngas och dras in f\u00f6r att justera skopans position, vilket g\u00f6r den oumb\u00e4rlig f\u00f6r uppgifter som gr\u00e4vning, lyftning och transport av material. Dessa cylindrar \u00e4r konstruerade f\u00f6r att hantera h\u00f6gt tryck och tunga laster, vilket s\u00e4kerst\u00e4ller att de fungerar effektivt \u00e4ven i kr\u00e4vande milj\u00f6er.<\/p>\n<h2>Viktiga funktioner hos bomcylindern<\/h2>\n<ul>\n<li><strong>H\u00f6g styrka och h\u00e5llbarhet:<\/strong> Bomcylindrar \u00e4r vanligtvis tillverkade av h\u00f6gh\u00e5llfast st\u00e5l eller aluminium och t\u00e5l h\u00f6gt tryck och tunga belastningar, \u00e4r konstruerade f\u00f6r att motst\u00e5 slitage och korrosion samt f\u00f6rl\u00e4nga sin livsl\u00e4ngd.<\/li>\n<li><strong>Effektiv hydraulisk drift:<\/strong> Genom att anv\u00e4nda hydrauloljetryck f\u00f6r smidig ut- och indragning reagerar de snabbt p\u00e5 kontrollkommandon och ger betydande tryck- och dragkraft f\u00f6r tunga och komplexa uppgifter.<\/li>\n<li><strong>Olika typer:<\/strong> Dessa cylindrar finns i enkelverkande eller dubbelverkande konfigurationer och kan v\u00e4ljas baserat p\u00e5 driftsbehov. Vissa modeller \u00e4r teleskopiska f\u00f6r ut\u00f6kad r\u00e4ckvidd utan att \u00f6ka de yttersta m\u00e5tten.<\/li>\n<li><strong>Anpassningsalternativ:<\/strong> Vi erbjuder skr\u00e4ddarsydda l\u00f6sningar f\u00f6r att s\u00e4kerst\u00e4lla att bomcylindern uppfyller specifika maskinkrav, vilket f\u00f6rb\u00e4ttrar kompatibilitet och prestanda.<\/li>\n<li><strong>Enkelt underh\u00e5ll:<\/strong> Utformad f\u00f6r tillg\u00e4nglighet, vilket m\u00f6jligg\u00f6r enkla inspektioner och reparationer, vilket s\u00e4kerst\u00e4ller l\u00e5ng livsl\u00e4ngd och tillf\u00f6rlitlig prestanda.<\/li>\n<\/ul>\n<h2>Till\u00e4mpningar av bomcylinder<\/h2>\n<h3>Byggutrustning<\/h3>\n<p>I entreprenadmaskiner som gr\u00e4vmaskiner spelar bomcylindrar en viktig roll vid gr\u00e4vning, lastning och flyttning av jord eller skr\u00e4p. De \u00e4r avg\u00f6rande f\u00f6r maskinens f\u00f6rm\u00e5ga att utf\u00f6ra tunga lyftuppgifter, vilket g\u00f6r det m\u00f6jligt f\u00f6r operat\u00f6rer att effektivt hantera material p\u00e5 plats. Precisionen och kraften som bomcylindrar erbjuder m\u00f6jligg\u00f6r gr\u00e4vning av diken, grundvalar och andra kritiska markf\u00f6r\u00e4ndringar.<\/p>\n<h3>Jordbruksmaskiner<\/h3>\n<p>Inom jordbrukssammanhang anv\u00e4nder frontlastare bomcylindrar f\u00f6r uppgifter som att skopa, lyfta och transportera jord, h\u00f6 och andra material. Genom att tillhandah\u00e5lla den n\u00f6dv\u00e4ndiga lyftkraften g\u00f6r de det m\u00f6jligt f\u00f6r lantbrukare att hantera sin verksamhet mer effektivt, vilket bidrar till \u00f6kad produktivitet och effektivitet i f\u00e4ltarbetet.<\/p>\n<h3>Gr\u00e4vmaskiner<\/h3>\n<p>F\u00f6r gr\u00e4vmaskiner \u00e4r bomcylindern avg\u00f6rande f\u00f6r att utf\u00f6ra gr\u00e4varbeten. Den g\u00f6r att skopan kan tr\u00e4nga ner i marken effektivt, vilket g\u00f6r det l\u00e4ttare att gr\u00e4va jord eller sten. Denna f\u00f6rm\u00e5ga \u00e4r avg\u00f6rande f\u00f6r olika projekt, inklusive markf\u00f6rberedelser, landskapsarkitektur och rivning.<\/p>\n<h3>Lastare<\/h3>\n<p>Hos frontlastare hj\u00e4lper bomcylindrar till att lyfta och dumpa laster effektivt. De g\u00f6r det m\u00f6jligt f\u00f6r maskinen att lyfta material f\u00f6r transport eller placering, vilket f\u00f6rb\u00e4ttrar den totala effektiviteten vid lastning vid bygg- och landskapsarbete.<\/p>\n<h2>Design\u00f6verv\u00e4ganden och urvalskriterier<\/h2>\n<h3>Lastkapacitet<\/h3>\n<p>N\u00e4r man v\u00e4ljer en bomcylinder \u00e4r en av de viktigaste faktorerna dess lastkapacitet. Denna specifikation definierar den maximala vikt som cylindern kan lyfta utan att kompromissa med dess strukturella integritet. En korrekt f\u00f6rst\u00e5else av lastkraven f\u00f6r specifika uppgifter \u00e4r avg\u00f6rande. Till exempel kr\u00e4ver byggtill\u00e4mpningar ofta cylindrar som kan hantera betydande vikt, vilket kr\u00e4ver en grundlig utv\u00e4rdering av maskinens krav.<\/p>\n<h3>T\u00e4tningsmekanismer<\/h3>\n<p>Effektiv t\u00e4tning \u00e4r avg\u00f6rande f\u00f6r att f\u00f6rhindra l\u00e4ckage av hydraulv\u00e4tska och bibeh\u00e5lla cylinderns prestanda. H\u00f6gkvalitativa t\u00e4tningar, s\u00e5som kolvt\u00e4tningar och kolvst\u00e5ngst\u00e4tningar, b\u00f6r vara tillverkade av h\u00e5llbara material som polyuretan och nitrilgummi f\u00f6r att motst\u00e5 slitage och milj\u00f6faktorer. Att s\u00e4kerst\u00e4lla r\u00e4tt t\u00e4tningsmekanism kan avsev\u00e4rt minska underh\u00e5llskostnader och stillest\u00e5ndstid.<\/p>\n<h3>Varaktighet<\/h3>\n<p>H\u00e5llbarhet \u00e4r en annan viktig faktor vid konstruktionen av bomcylindrar. De b\u00f6r konstrueras f\u00f6r att motst\u00e5 tuffa arbetsf\u00f6rh\u00e5llanden, inklusive h\u00f6gt tryck, extrema temperaturer och exponering f\u00f6r f\u00f6roreningar. Denna h\u00e5llbarhet kan uppn\u00e5s genom robust materialval och ytbehandlingar som f\u00f6rb\u00e4ttrar slitstyrkan. Regelbundna bed\u00f6mningar av cylinderns skick kan hj\u00e4lpa till att identifiera potentiella problem innan de leder till kostsamma reparationer.<\/p>\n<h3>S\u00e4kerhetsfunktioner<\/h3>\n<p>S\u00e4kerhet \u00e4r av st\u00f6rsta vikt i hydrauliska system. Bomcylindrar b\u00f6r utformas med funktioner som f\u00f6rhindrar olyckor, s\u00e5som tryckavlastningsventiler som m\u00f6jligg\u00f6r kontrollerad frig\u00f6ring av hydraultryck vid \u00f6verbelastning av systemet. Att s\u00e4kerst\u00e4lla att s\u00e4kerhetsfunktioner \u00e4r integrerade i konstruktionen kan bidra till att skydda f\u00f6rare och maskiner, vilket minskar risken f\u00f6r olyckor p\u00e5 arbetsplatsen.<\/p>\n<h3>Underh\u00e5llbarhet<\/h3>\n<p>Enkelt underh\u00e5ll \u00e4r avg\u00f6rande f\u00f6r bomcylindrarnas livsl\u00e4ngd och tillf\u00f6rlitlighet. En v\u00e4lkonstruerad hydraulcylinder m\u00f6jligg\u00f6r snabb \u00e5tkomst till interna komponenter f\u00f6r inspektion, sm\u00f6rjning och utbyte vid behov. Regelbundna underh\u00e5llskontroller \u00e4r avg\u00f6rande f\u00f6r att s\u00e4kerst\u00e4lla att alla delar fungerar effektivt och f\u00f6r att f\u00f6rhindra ov\u00e4ntade fel under drift.<\/p>\n<p><img decoding=\"async\" src=\"https:\/\/www.hydraulic-cylinders.net\/wp-content\/uploads\/2025\/04\/songte-oil-pipes-and-spare-parts.webp\" alt=\"Hydrauliska delar\" \/><\/p>\n<h2>T\u00e4tning och sm\u00f6rjning av hydraulcylindern<\/h2>\n<p>Korrekt t\u00e4tning och sm\u00f6rjning \u00e4r avg\u00f6rande f\u00f6r effektiv drift av bomcylindrar. Olika t\u00e4tningar anv\u00e4nds, inklusive kolvt\u00e4tningar och st\u00e5ngt\u00e4tningar, tillverkade av slitstarka material som polyuretan och nitrilgummi. Dessa material s\u00e4kerst\u00e4ller att t\u00e4tningarna klarar av p\u00e5frestningarna vid hydraulisk drift och milj\u00f6exponering.<\/p>\n<p>Cylinderhuset och de g\u00e4ngade \u00e4ndytorna genomg\u00e5r finbearbetning f\u00f6r att f\u00f6rb\u00e4ttra slitstyrkan, vilket f\u00f6rl\u00e4nger hydraulsystemets livsl\u00e4ngd. Det \u00e4r ocks\u00e5 viktigt att regelbundet tills\u00e4tta en l\u00e4mplig m\u00e4ngd hydraulolja f\u00f6r sm\u00f6rjning, eftersom detta bidrar till att bibeh\u00e5lla systemets effektivitet och f\u00f6rhindrar \u00f6verhettning eller \u00f6verdrivet slitage.<\/p>\n<h2>F\u00f6rebyggande underh\u00e5lls\u00e5tg\u00e4rder<\/h2>\n<ul>\n<li><strong>Regelbundna inspektioner:<\/strong> Utf\u00f6r regelbundna visuella inspektioner av hydraulcylindern f\u00f6r att uppt\u00e4cka tecken p\u00e5 slitage, l\u00e4ckor eller skador. Tidig identifiering av problem kan bidra till att f\u00f6rhindra mer allvarliga problem l\u00e4ngre fram.<\/li>\n<li><strong>L\u00e4mplig sm\u00f6rjning:<\/strong> Se till att cylindern \u00e4r tillr\u00e4ckligt smord enligt tillverkarens specifikationer. Detta bidrar till att bibeh\u00e5lla smidig drift och minska friktionen mellan r\u00f6rliga delar.<\/li>\n<li><strong>Byte av t\u00e4tning:<\/strong> Kontrollera regelbundet t\u00e4tningarna f\u00f6r slitage och byt ut dem vid behov. Slitna t\u00e4tningar kan leda till v\u00e4tskel\u00e4ckage och minskad effektivitet i hydraulsystemet.<\/li>\n<\/ul>\n<h2>Riktlinjer f\u00f6r korrekt installation<\/h2>\n<p>Att installera en bomcylinder korrekt \u00e4r avg\u00f6rande f\u00f6r dess optimala prestanda. Se f\u00f6rst till att alla monteringsytor \u00e4r rena och fria fr\u00e5n skr\u00e4p. Rikta in cylindern korrekt under installationen f\u00f6r att undvika on\u00f6dig belastning p\u00e5 komponenterna.<\/p>\n<p>Det \u00e4r viktigt att anv\u00e4nda l\u00e4mpliga monteringsf\u00e4sten f\u00f6r att s\u00e4kra cylindern, eftersom detta s\u00e4kerst\u00e4ller stabilitet och f\u00f6rhindrar r\u00f6relse under drift. F\u00f6lj tillverkarens installationsanvisningar noggrant och var uppm\u00e4rksam p\u00e5 \u00e5tdragningsmomentspecifikationerna f\u00f6r monteringsbultar f\u00f6r att s\u00e4kerst\u00e4lla att de \u00e4r tillr\u00e4ckligt \u00e5tdragna.<\/p>\n<p>Efter installationen, testa hydraulsystemet f\u00f6r att s\u00e4kerst\u00e4lla att cylindern fungerar smidigt. Kontrollera om det finns l\u00e4ckor eller ovanliga ljud som kan tyda p\u00e5 installationsproblem. Korrekt uppriktning och s\u00e4ker installation \u00f6kar hydraulsystemets livsl\u00e4ngd och effektivitet.<\/p>\n<h2>Vanliga underh\u00e5llsuppgifter<\/h2>\n<ul>\n<li><strong>Regelbundna inspektioner:<\/strong> Att utf\u00f6ra rutinm\u00e4ssiga inspektioner \u00e4r avg\u00f6rande f\u00f6r att identifiera potentiella problem innan de eskalerar. Leta efter tecken p\u00e5 slitage och skador och se till att t\u00e4tningar och anslutningar \u00e4r intakta.<\/li>\n<li><strong>L\u00e4mplig sm\u00f6rjning:<\/strong> F\u00f6lj det rekommenderade sm\u00f6rjschemat f\u00f6r att hydraulcylindern ska fungera korrekt. Korrekt sm\u00f6rjning minimerar friktion och slitage, vilket s\u00e4kerst\u00e4ller smidig drift.<\/li>\n<li><strong>Byte av t\u00e4tning:<\/strong> \u00d6vervaka t\u00e4tningarnas skick regelbundet och byt ut dem vid f\u00f6rsta tecken p\u00e5 slitage. Denna proaktiva \u00e5tg\u00e4rd hj\u00e4lper till att bibeh\u00e5lla systemets effektivitet och f\u00f6rhindra l\u00e4ckor.<\/li>\n<\/ul>\n<p>Installationen kr\u00e4ver ocks\u00e5 att cylindern \u00e4r korrekt inriktad f\u00f6r att f\u00f6rhindra stress och f\u00f6r tidigt haveri. Att anv\u00e4nda r\u00e4tt monteringsf\u00e4sten kan avsev\u00e4rt f\u00f6rb\u00e4ttra stabiliteten och driftseffektiviteten. Regelbundna kontroller, reparationer och reservdelsbyten \u00f6kar bomcylinderns livsl\u00e4ngd och s\u00e4kerst\u00e4ller att den forts\u00e4tter att fungera optimalt.<\/p>\n<p><img decoding=\"async\" src=\"https:\/\/www.hydraulic-cylinders.net\/wp-content\/uploads\/2025\/04\/songte-chushion-collar.webp\" alt=\"Kuddekrage\" \/><\/p>\n<h2>S\u00e4kerhetsaspekter och milj\u00f6faktorer<\/h2>\n<p>Vid arbete med hydrauliska system \u00e4r s\u00e4kerhets\u00e5tg\u00e4rder viktiga f\u00f6r att skydda operat\u00f6rer och utrustning. F\u00f6lj alltid s\u00e4kerhetsprotokoll vid hantering av hydraulcylindrar, inklusive att b\u00e4ra l\u00e4mplig personlig skyddsutrustning (PPE). Se till att alla operat\u00f6rer \u00e4r utbildade i s\u00e4kra driftsprocedurer och f\u00f6rst\u00e5r de potentiella farorna som \u00e4r f\u00f6rknippade med hydrauliska system.<\/p>\n<p>Dessutom b\u00f6r milj\u00f6h\u00e4nsyn inte f\u00f6rbises. Korrekt hantering av hydraulv\u00e4tskor och andra material \u00e4r avg\u00f6rande f\u00f6r att minimera milj\u00f6p\u00e5verkan. Regelbundet underh\u00e5ll och \u00f6vervakning av hydraulsystem kan bidra till att f\u00f6rhindra l\u00e4ckor, vilket ytterligare skyddar b\u00e5de operat\u00f6rerna och den omgivande milj\u00f6n.<\/p>\n<h2>Fels\u00f6kning och vanliga problem<\/h2>\n<ul>\n<li><strong>Minskad prestanda:<\/strong> Om bomcylindern uppvisar minskad kraft eller respons, kontrollera om det finns hydraulv\u00e4tskeniv\u00e5er, l\u00e4ckor eller blockeringar i hydraulledningarna. Dessa problem kan avsev\u00e4rt f\u00f6rs\u00e4mra prestandan.<\/li>\n<li><strong>V\u00e4tskel\u00e4ckage:<\/strong> L\u00e4ckage kan uppst\u00e5 p\u00e5 grund av slitna t\u00e4tningar eller skadade komponenter. Kontrollera alla t\u00e4tningar och slangar regelbundet och byt ut alla skadade delar f\u00f6r att f\u00f6rhindra ytterligare v\u00e4tskef\u00f6rlust.<\/li>\n<li><strong>Ovanliga ljud:<\/strong> Ovanliga ljud under drift kan tyda p\u00e5 interna problem som kavitation eller mekaniskt slitage. Unders\u00f6k k\u00e4llan till ljudet och \u00e5tg\u00e4rda det omedelbart f\u00f6r att undvika omfattande skador.<\/li>\n<\/ul>\n<h2>Fels\u00f6kningstips och l\u00f6sningar<\/h2>\n<p>Effektiv fels\u00f6kning inneb\u00e4r att identifiera grundorsaken till problem och implementera l\u00f6sningar omedelbart. Vid minskad prestanda, kontrollera hydraulv\u00e4tskeniv\u00e5erna och lufta systemet f\u00f6r att ta bort eventuella luftfickor som kan ha bildats.<\/p>\n<p>F\u00f6r att \u00e5tg\u00e4rda v\u00e4tskel\u00e4ckor, inspektera t\u00e4tningar och slangar noggrant och byt ut slitna eller skadade komponenter vid behov. Regelbundet underh\u00e5ll kan minimera f\u00f6rekomsten av s\u00e5dana problem. Vid ovanliga ljud kan en noggrann unders\u00f6kning av hydraulsystemet avsl\u00f6ja underliggande mekaniska problem som beh\u00f6ver \u00e5tg\u00e4rdas.<\/p>\n<p><img decoding=\"async\" src=\"https:\/\/www.hydraulic-cylinders.net\/wp-content\/uploads\/2025\/04\/songte-bushings-with-all-kinds-of-excavator-models.webp\" alt=\"Bussningar Bild\" \/><\/p>\n<h2>F\u00f6retags\u00f6versikt<\/h2>\n<p>Vi \u00e4r en ledande tillverkare av hydraulcylindrar f\u00f6r reservdelar och erbjuder ett omfattande produktsortiment som riktar sig till b\u00e5de inhemska och internationella marknader. V\u00e5rt engagemang f\u00f6r excellens driver oss att f\u00f6lja h\u00f6ga kvalitetsstandarder samtidigt som vi anv\u00e4nder avancerade tillverknings- och ledningsstrategier.<\/p>\n<p>V\u00e5ra produktionsanl\u00e4ggningar anv\u00e4nder den senaste tekniken och skicklig teknisk personal f\u00f6r att f\u00f6rb\u00e4ttra v\u00e5r tillverkningskapacitet. Vi prioriterar kvalitet i alla aspekter av v\u00e5r produktionsprocess och s\u00e4kerst\u00e4ller att v\u00e5ra produkter uppfyller v\u00e5ra kunders olika behov. V\u00e5r robusta tillverkningsplattform st\u00f6ds av ett sofistikerat kvalitetskontrollsystem, vilket g\u00f6r att vi konsekvent kan leverera effektiva, precisa och h\u00f6gkvalitativa produkter.<\/p>\n<p>Dessutom inkluderar v\u00e5ra erbjudanden skr\u00e4ddarsydda l\u00f6sningar anpassade efter specifika operativa krav, backade upp av stark eftermarknadssupport f\u00f6r att s\u00e4kerst\u00e4lla kundn\u00f6jdhet under hela produktens livscykel.<\/p>\n<p><img decoding=\"async\" src=\"https:\/\/www.hydraulic-cylinders.net\/wp-content\/uploads\/2025\/04\/songte-company-4.webp\" alt=\"F\u00f6retagsbild 1\" \/><br \/>\n<img decoding=\"async\" src=\"https:\/\/www.hydraulic-cylinders.net\/wp-content\/uploads\/2025\/04\/songte-company-3.webp\" alt=\"F\u00f6retagsbild 2\" \/><\/p>\n<p>F\u00f6rfattare: lyl<\/p>","protected":false},"excerpt":{"rendered":"<p>Boom Cylinder For Case Large Excavator CX300B Introduction to Boom Cylinder The Boom Cylinder is an essential hydraulic component designed specifically for controlling the movement of buckets in heavy machinery such as excavators, backhoes, and front loaders. This hydraulic cylinder allows the bucket to lift, lower, and tilt, facilitating efficient material handling tasks. Operating within [&hellip;]<\/p>","protected":false},"featured_media":17876,"comment_status":"open","ping_status":"closed","template":"","meta":{"_et_pb_use_builder":"","_et_pb_old_content":"","_et_gb_content_width":""},"product_brand":[],"product_cat":[1546],"product_tag":[1547,1496],"class_list":{"0":"post-19447","1":"product","2":"type-product","3":"status-publish","4":"has-post-thumbnail","6":"product_cat-boom-cylinders","7":"product_tag-boom-cylinders","8":"product_tag-hydraulic-cylinders","10":"first","11":"instock","12":"shipping-taxable","13":"product-type-simple"},"amp_enabled":true,"_links":{"self":[{"href":"https:\/\/www.hydraulic-cylinders.net\/sv\/wp-json\/wp\/v2\/product\/19447","targetHints":{"allow":["GET"]}}],"collection":[{"href":"https:\/\/www.hydraulic-cylinders.net\/sv\/wp-json\/wp\/v2\/product"}],"about":[{"href":"https:\/\/www.hydraulic-cylinders.net\/sv\/wp-json\/wp\/v2\/types\/product"}],"replies":[{"embeddable":true,"href":"https:\/\/www.hydraulic-cylinders.net\/sv\/wp-json\/wp\/v2\/comments?post=19447"}],"wp:featuredmedia":[{"embeddable":true,"href":"https:\/\/www.hydraulic-cylinders.net\/sv\/wp-json\/wp\/v2\/media\/17876"}],"wp:attachment":[{"href":"https:\/\/www.hydraulic-cylinders.net\/sv\/wp-json\/wp\/v2\/media?parent=19447"}],"wp:term":[{"taxonomy":"product_brand","embeddable":true,"href":"https:\/\/www.hydraulic-cylinders.net\/sv\/wp-json\/wp\/v2\/product_brand?post=19447"},{"taxonomy":"product_cat","embeddable":true,"href":"https:\/\/www.hydraulic-cylinders.net\/sv\/wp-json\/wp\/v2\/product_cat?post=19447"},{"taxonomy":"product_tag","embeddable":true,"href":"https:\/\/www.hydraulic-cylinders.net\/sv\/wp-json\/wp\/v2\/product_tag?post=19447"}],"curies":[{"name":"wp","href":"https:\/\/api.w.org\/{rel}","templated":true}]}}