{"id":19449,"date":"2025-04-07T06:48:06","date_gmt":"2025-04-07T06:48:06","guid":{"rendered":"https:\/\/www.hydraulic-cylinders.net\/product\/boom-cylinder-for-case-large-excavator-cx470b\/"},"modified":"2025-04-07T06:48:09","modified_gmt":"2025-04-07T06:48:09","slug":"boom-cylinder-for-case-large-excavator-cx470b","status":"publish","type":"product","link":"https:\/\/www.hydraulic-cylinders.net\/sv\/produkt\/boom-cylinder-for-case-large-excavator-cx470b\/","title":{"rendered":"Bomcylinder f\u00f6r Case Large Excavator CX470B"},"content":{"rendered":"<h1>Bomcylinder f\u00f6r Case Large Excavator CX470B<\/h1>\n<h2>\u00d6versikt \u00f6ver bomcylindern<\/h2>\n<p>Bomcylindern \u00e4r en hydraulcylinder som \u00e4r speciellt utformad f\u00f6r att styra r\u00f6relsen hos skopor i olika tunga maskiner s\u00e5som gr\u00e4vmaskiner, gr\u00e4vlastare och frontlastare. Denna komponent g\u00f6r att skopan kan lyftas, s\u00e4nkas och lutas, vilket g\u00f6r den viktig f\u00f6r materialhanteringsuppgifter. Genom att anv\u00e4nda trycksatt hydraulv\u00e4tska \u00f6verf\u00f6r bomcylindern effektivt kraft f\u00f6r att utf\u00f6ra dessa operationer smidigt och effektivt. Hydraulsystemets f\u00f6rm\u00e5ga att hantera tunga laster och utf\u00f6ra exakta r\u00f6relser g\u00f6r bomcylindern till en viktig del av all bygg- eller jordbruksutrustning.<\/p>\n<p><img decoding=\"async\" src=\"https:\/\/www.hydraulic-cylinders.net\/wp-content\/uploads\/2025\/04\/songte-company-1.webp\" alt=\"Bild av bomcylinder\"><\/p>\n<h2>Viktiga funktioner hos bomcylindern<\/h2>\n<ul>\n<li><strong>H\u00f6g styrka och h\u00e5llbarhet:<\/strong> Bomcylindern, som vanligtvis \u00e4r tillverkad av h\u00f6gh\u00e5llfast st\u00e5l eller aluminium, t\u00e5l h\u00f6gt tryck och tunga belastningar, vilket g\u00f6r den l\u00e4mplig f\u00f6r tuffa arbetsmilj\u00f6er. Dess design tar h\u00e4nsyn till slitstyrka och korrosionsbest\u00e4ndighet, vilket f\u00f6rl\u00e4nger dess livsl\u00e4ngd.<\/li>\n<li><strong>Effektiv hydraulisk drift:<\/strong> Genom att anv\u00e4nda hydrauloljetrycket ger bomcylindern smidig ut- och ink\u00f6rning. Den reagerar snabbt p\u00e5 kontrollkommandon och levererar kraftfulla tryck- och dragkrafter som \u00e4r idealiska f\u00f6r hantering av tunga laster och komplicerade uppgifter.<\/li>\n<li><strong>Olika typer:<\/strong> Bomcylindern finns i enkelverkande (i en riktning) eller dubbelverkande (i b\u00e5da riktningarna) konfigurationer och kan m\u00f6ta olika driftsbehov. Vissa modeller \u00e4r teleskopiska, vilket m\u00f6jligg\u00f6r st\u00f6rre utdrag utan att \u00f6ka de yttre m\u00e5tten, vilket g\u00f6r dem perfekta f\u00f6r utrymmesbegr\u00e4nsade till\u00e4mpningar.<\/li>\n<li><strong>S\u00f6ml\u00f6s kompatibilitet:<\/strong> V\u00e5ra produkter kan perfekt ers\u00e4tta befintliga hydraulcylindrar, vilket s\u00e4kerst\u00e4ller att driften f\u00f6rblir oavbruten och effektiv.<\/li>\n<li><strong>Anpassningsbara alternativ:<\/strong> Skr\u00e4ddarsydda l\u00f6sningar finns tillg\u00e4ngliga f\u00f6r att m\u00f6ta specifika prestandakrav, vilket \u00f6kar m\u00e5ngsidigheten hos dina tunga maskiner.<\/li>\n<\/ul>\n<p><img decoding=\"async\" src=\"https:\/\/www.hydraulic-cylinders.net\/wp-content\/uploads\/2025\/04\/songte-cylinder-head-with-all-kinds-excavator-models.webp\" alt=\"Bild av kompatibilitet mellan gr\u00e4vmaskinsmodeller\"><\/p>\n<h2>Anv\u00e4ndningsomr\u00e5den f\u00f6r bomcylindern<\/h2>\n<h3>Byggutrustning<\/h3>\n<p>I gr\u00e4vmaskiner spelar bomcylindern en avg\u00f6rande roll vid gr\u00e4vning, lastning och flyttning av jord eller skr\u00e4p. F\u00f6r gr\u00e4vlastare hj\u00e4lper skopcylindern till vid b\u00e5de gr\u00e4vnings- och lyftuppgifter, vilket m\u00f6jligg\u00f6r effektiv anv\u00e4ndning av utrustningen.<\/p>\n<h3>Jordbruksmaskiner<\/h3>\n<p>Bomcylindern, som anv\u00e4nds i frontlastare, m\u00f6jligg\u00f6r uppsamling, lyftning och transport av jord, h\u00f6 och andra material. Denna funktion \u00e4r avg\u00f6rande f\u00f6r uppgifter som lastning av gr\u00f6dor eller hantering av jordbruksavfall, vilket g\u00f6r den till en nyckelkomponent i moderna jordbruksverksamheter.<\/p>\n<h3>Gr\u00e4vmaskiner<\/h3>\n<p>Bomcylindern m\u00f6jligg\u00f6r exakta gr\u00e4vnings\u00e5tg\u00e4rder genom att skopan effektivt kan tr\u00e4nga ner i jorden. Denna f\u00f6rm\u00e5ga \u00e4r avg\u00f6rande f\u00f6r olika gr\u00e4vprojekt, fr\u00e5n landskapsarkitektur till storskaliga byggarbetsplatser, vilket s\u00e4kerst\u00e4ller att arbetet utf\u00f6rs effektivt och noggrant.<\/p>\n<h3>Lastare<\/h3>\n<p>Hos frontlastare bidrar bomcylindern till effektiv lyftning och lossning av laster. Dess f\u00f6rm\u00e5ga att enkelt hantera tunga material effektiviserar verksamheten och \u00f6kar produktiviteten inom olika sektorer, inklusive bygg och avfallshantering.<\/p>\n<h2>Design\u00f6verv\u00e4ganden och urvalskriterier<\/h2>\n<h3>Lastkapacitet<\/h3>\n<p>N\u00e4r man v\u00e4ljer en bomcylinder \u00e4r det avg\u00f6rande att f\u00f6rst\u00e5 lastkapaciteten. Cylindern m\u00e5ste kunna hantera den maximala vikt och det maximala tryck den kommer att uts\u00e4ttas f\u00f6r under drift. Korrekt ber\u00e4kning s\u00e4kerst\u00e4ller s\u00e4kerhet och effektivitet och f\u00f6rhindrar potentiella fel som kan leda till olyckor eller skador p\u00e5 utrustningen.<\/p>\n<h3>T\u00e4tning<\/h3>\n<p>Effektiv t\u00e4tning \u00e4r avg\u00f6rande f\u00f6r att f\u00f6rhindra l\u00e4ckage av hydraulv\u00e4tska, vilket kan f\u00f6rs\u00e4mra hydraulsystemets effektivitet. H\u00f6gkvalitativa t\u00e4tningar tillverkade av slitstarka material, s\u00e5som polyuretan eller nitrilgummi, \u00e4r avg\u00f6rande f\u00f6r att bibeh\u00e5lla optimal prestanda och f\u00f6rl\u00e4nga cylinderns livsl\u00e4ngd.<\/p>\n<h3>Varaktighet<\/h3>\n<p>H\u00e5llbarhet \u00e4r en viktig faktor vid konstruktionen av bomcylindrar. Komponenterna m\u00e5ste motst\u00e5 extrema f\u00f6rh\u00e5llanden, inklusive temperaturvariationer, fukt och slipande material. Att v\u00e4lja robusta material och ytbehandlingar bidrar till att s\u00e4kerst\u00e4lla att cylindern kan fungera tillf\u00f6rlitligt \u00f6ver tid.<\/p>\n<h3>S\u00e4kerhet<\/h3>\n<p>S\u00e4kerhetsfunktioner \u00e4r viktiga vid konstruktionen av hydraulcylindrar. Detta inkluderar \u00f6verbelastningsskyddsmekanismer och s\u00e4kerhetsventiler som f\u00f6rhindrar \u00f6verdriven tryckuppbyggnad. Att s\u00e4kerst\u00e4lla att konstruktionen f\u00f6ljer s\u00e4kerhetsstandarder \u00e4r avg\u00f6rande f\u00f6r att skydda operat\u00f6rer och utrustning.<\/p>\n<h3>Tillg\u00e4nglighet f\u00f6r underh\u00e5ll<\/h3>\n<p>Att utforma f\u00f6r enkelt underh\u00e5ll kan avsev\u00e4rt minska driftstopp. \u00c5tkomstpunkter f\u00f6r sm\u00f6rjning, inspektioner och t\u00e4tningsbyten b\u00f6r placeras strategiskt f\u00f6r att m\u00f6jligg\u00f6ra enkel service och s\u00e4kerst\u00e4lla att utrustningen f\u00f6rblir i optimalt skick.<\/p>\n<p><img decoding=\"async\" src=\"https:\/\/www.hydraulic-cylinders.net\/wp-content\/uploads\/2025\/04\/songte-oil-pipes-and-spare-parts.webp\" alt=\"Bild av hydrauliska komponenter\"><\/p>\n<h2>T\u00e4tning och sm\u00f6rjning<\/h2>\n<p>Att anv\u00e4nda olika t\u00e4tningar, inklusive kolvt\u00e4tningar och kolvst\u00e5ngst\u00e4tningar, \u00e4r avg\u00f6rande f\u00f6r att bibeh\u00e5lla hydraulcylinderns integritet. T\u00e4tningar tillverkade av slitstarka material som polyuretan och nitrilgummi s\u00e4kerst\u00e4ller l\u00e5ng livsl\u00e4ngd och tillf\u00f6rlitlighet. Cylinderhuset och de g\u00e4ngade \u00e4ndytorna genomg\u00e5r precisionsbearbetning f\u00f6r att f\u00f6rb\u00e4ttra slitstyrkan. Regelbunden sm\u00f6rjning med hydraulolja \u00e4r avg\u00f6rande f\u00f6r att bibeh\u00e5lla smidig drift och f\u00f6rhindra slitage fr\u00e5n friktion, vilket g\u00f6r det n\u00f6dv\u00e4ndigt att utf\u00f6ra rutinkontroller och p\u00e5fyllningar f\u00f6r att s\u00e4kerst\u00e4lla tillr\u00e4cklig sm\u00f6rjning.<\/p>\n<h2>F\u00f6rebyggande underh\u00e5lls\u00e5tg\u00e4rder<\/h2>\n<ul>\n<li><strong>Regelbundna inspektioner:<\/strong> Att utf\u00f6ra regelbundna inspektioner hj\u00e4lper till att identifiera potentiella problem innan de eskalerar. Detta inkluderar kontroll av l\u00e4ckor, slitage och korrekt funktion.<\/li>\n<li><strong>L\u00e4mplig sm\u00f6rjning:<\/strong> Att se till att cylindern \u00e4r tillr\u00e4ckligt smord f\u00f6rhindrar \u00f6verhettning och minskar slitage. Att regelbundet applicera r\u00e4tt typ av hydraulolja \u00e4r avg\u00f6rande f\u00f6r att bibeh\u00e5lla prestandan.<\/li>\n<li><strong>Byte av t\u00e4tning:<\/strong> Med tiden kan t\u00e4tningar f\u00f6rs\u00e4mras. Att regelbundet byta ut slitna t\u00e4tningar \u00e4r avg\u00f6rande f\u00f6r att bibeh\u00e5lla hydraulsystemets integritet och f\u00f6rhindra l\u00e4ckor.<\/li>\n<\/ul>\n<h2>Installationsriktlinjer<\/h2>\n<p>Korrekt installation av bomcylindern \u00e4r avg\u00f6rande f\u00f6r optimal prestanda. B\u00f6rja med att se till att installationsomr\u00e5det \u00e4r rent och fritt fr\u00e5n skr\u00e4p. Anv\u00e4nd l\u00e4mpliga justeringsverktyg f\u00f6r att s\u00e4kerst\u00e4lla att cylindern \u00e4r korrekt placerad, vilket hj\u00e4lper till att f\u00f6rhindra on\u00f6dig belastning p\u00e5 komponenterna. Anv\u00e4nd l\u00e4mpliga monteringsf\u00e4sten f\u00f6r att f\u00e4sta cylindern ordentligt. Se till att justera de anslutande delarna under installationen f\u00f6r att undvika feljustering. Genom att f\u00f6lja dessa steg f\u00f6rb\u00e4ttras bomcylinderns effektivitet och livsl\u00e4ngd.<\/p>\n<h2>Vanliga underh\u00e5llsuppgifter<\/h2>\n<ul>\n<li><strong>Regelbundna inspektioner:<\/strong> Rutinm\u00e4ssiga inspektioner \u00e4r viktiga f\u00f6r att identifiera slitage eller l\u00e4ckor som kan p\u00e5verka prestandan. Korrekta kontroller kan hj\u00e4lpa till att uppt\u00e4cka problem tidigt och minska reparationskostnaderna.<\/li>\n<li><strong>L\u00e4mplig sm\u00f6rjning:<\/strong> Att uppr\u00e4tth\u00e5lla r\u00e4tt sm\u00f6rjniv\u00e5er \u00e4r avg\u00f6rande f\u00f6r hydraulsystemets effektivitet. Kontrollera och fyll regelbundet p\u00e5 hydrauloljan vid behov f\u00f6r att s\u00e4kerst\u00e4lla problemfri drift.<\/li>\n<li><strong>Byte av t\u00e4tning:<\/strong> Kontrollera och byt regelbundet t\u00e4tningar f\u00f6r att f\u00f6rhindra l\u00e4ckage av hydraulv\u00e4tska. Denna underh\u00e5llsuppgift \u00e4r avg\u00f6rande f\u00f6r att bevara systemets integritet och funktionalitet.<\/li>\n<\/ul>\n<h2>S\u00e4kerhetsaspekter och milj\u00f6faktorer<\/h2>\n<p>Vid anv\u00e4ndning av hydraulcylindrar \u00e4r det av st\u00f6rsta vikt att implementera s\u00e4kerhets\u00e5tg\u00e4rder. Operat\u00f6rer b\u00f6r utbildas i att hantera utrustning p\u00e5 ett s\u00e4kert s\u00e4tt och f\u00f6rst\u00e5 de potentiella faror som \u00e4r f\u00f6rknippade med hydrauliska system. Dessutom kan anv\u00e4ndning av milj\u00f6v\u00e4nliga hydraulv\u00e4tskor bidra till att minska milj\u00f6p\u00e5verkan vid l\u00e4ckage eller spill. Att f\u00f6lja s\u00e4kerhetsprotokoll och milj\u00f6riktlinjer \u00e4r avg\u00f6rande f\u00f6r att s\u00e4kerst\u00e4lla en s\u00e4ker arbetsmilj\u00f6.<\/p>\n<h2>Fels\u00f6kning och vanliga problem<\/h2>\n<ul>\n<li><strong>L\u00e4ckage:<\/strong> Ett av de vanligaste problemen \u00e4r l\u00e4ckage, vilket kan bero p\u00e5 slitna t\u00e4tningar eller skadade komponenter. Regelbundna inspektioner \u00e4r n\u00f6dv\u00e4ndiga f\u00f6r att identifiera l\u00e4ckor tidigt.<\/li>\n<li><strong>Inkonsekvent drift:<\/strong> Om bomcylindern fungerar oj\u00e4mnt kan det tyda p\u00e5 luft i hydraulv\u00e4tskan eller en felaktig pump. Att snabbt diagnostisera problemet kan f\u00f6rhindra mer omfattande skador.<\/li>\n<li><strong>Ingen r\u00f6relse:<\/strong> Om cylindern inte r\u00f6r sig, kontrollera om det finns blockeringar eller l\u00e5ga hydraulv\u00e4tskeniv\u00e5er. Det \u00e4r viktigt f\u00f6r driften att s\u00e4kerst\u00e4lla att systemet \u00e4r ordentligt fyllt och fritt fr\u00e5n blockeringar.<\/li>\n<\/ul>\n<h2>Fels\u00f6kningstips<\/h2>\n<p>F\u00f6r att effektivt diagnostisera och l\u00f6sa problem med bomcylindern, b\u00f6rja med att utf\u00f6ra noggranna inspektioner f\u00f6r att identifiera eventuella synliga problem. Regelbundet underh\u00e5ll, inklusive kontroll av v\u00e4tskeniv\u00e5er och byte av slitna t\u00e4tningar, kan bidra till att f\u00f6rhindra m\u00e5nga vanliga problem. Att uppr\u00e4tta ett rutinm\u00e4ssigt underh\u00e5llsschema \u00e4r anv\u00e4ndbart f\u00f6r att s\u00e4kerst\u00e4lla l\u00e5ngsiktig tillf\u00f6rlitlighet och prestanda. Genom att vidta proaktiva \u00e5tg\u00e4rder kan f\u00f6rare minimera f\u00f6rekomsten av problem och f\u00f6rl\u00e4nga hydraulsystemets livsl\u00e4ngd.<\/p>\n<p><img decoding=\"async\" src=\"https:\/\/www.hydraulic-cylinders.net\/wp-content\/uploads\/2025\/04\/songte-bushings-with-all-kinds-of-excavator-models.webp\" alt=\"Bild p\u00e5 gr\u00e4vmaskinsbussningar\"><\/p>\n<h2>F\u00f6retagsprofil<\/h2>\n<p>Vi \u00e4r en ledande tillverkare av hydraulcylindrar f\u00f6r reservdelar, med ett omfattande produktsortiment. V\u00e5rt engagemang f\u00f6r kvalitet och excellens har positionerat oss som en av de fr\u00e4msta tillverkarna och grossisterna p\u00e5 b\u00e5de inhemska och internationella marknader. Vi f\u00f6ljer en strikt produktionsstrategi som betonar f\u00f6rfinade tillverkningsprocesser. V\u00e5ra investeringar i teknisk talang, digital avancerad tillverkningsutrustning och professionella testsystem f\u00f6rb\u00e4ttrar kontinuerligt v\u00e5r produktionskapacitet. Vi \u00e4r stolta \u00f6ver att leverera h\u00f6g effektivitet, precision och kvalitet f\u00f6r att m\u00f6ta v\u00e5ra kunders olika behov.<\/p>\n<p><img decoding=\"async\" src=\"https:\/\/www.hydraulic-cylinders.net\/wp-content\/uploads\/2025\/04\/songte-company-4.webp\" alt=\"F\u00f6retagsbild 1\"><br \/>\n<img decoding=\"async\" src=\"https:\/\/www.hydraulic-cylinders.net\/wp-content\/uploads\/2025\/04\/songte-company-3.webp\" alt=\"F\u00f6retagsbild 2\"><\/p>\n<p>F\u00f6rfattare: lyl<\/p>","protected":false},"excerpt":{"rendered":"<p>Boom Cylinder For Case Large Excavator CX470B Overview of the Boom Cylinder The boom cylinder is a hydraulic cylinder specifically designed to control the movement of buckets in various heavy machinery such as excavators, backhoe loaders, and front loaders. This component allows the bucket to be lifted, lowered, and tilted, making it essential for material [&hellip;]<\/p>","protected":false},"featured_media":17878,"comment_status":"open","ping_status":"closed","template":"","meta":{"_et_pb_use_builder":"","_et_pb_old_content":"","_et_gb_content_width":""},"product_brand":[],"product_cat":[1546],"product_tag":[1547,1496],"class_list":{"0":"post-19449","1":"product","2":"type-product","3":"status-publish","4":"has-post-thumbnail","6":"product_cat-boom-cylinders","7":"product_tag-boom-cylinders","8":"product_tag-hydraulic-cylinders","10":"first","11":"instock","12":"shipping-taxable","13":"product-type-simple"},"amp_enabled":true,"_links":{"self":[{"href":"https:\/\/www.hydraulic-cylinders.net\/sv\/wp-json\/wp\/v2\/product\/19449","targetHints":{"allow":["GET"]}}],"collection":[{"href":"https:\/\/www.hydraulic-cylinders.net\/sv\/wp-json\/wp\/v2\/product"}],"about":[{"href":"https:\/\/www.hydraulic-cylinders.net\/sv\/wp-json\/wp\/v2\/types\/product"}],"replies":[{"embeddable":true,"href":"https:\/\/www.hydraulic-cylinders.net\/sv\/wp-json\/wp\/v2\/comments?post=19449"}],"wp:featuredmedia":[{"embeddable":true,"href":"https:\/\/www.hydraulic-cylinders.net\/sv\/wp-json\/wp\/v2\/media\/17878"}],"wp:attachment":[{"href":"https:\/\/www.hydraulic-cylinders.net\/sv\/wp-json\/wp\/v2\/media?parent=19449"}],"wp:term":[{"taxonomy":"product_brand","embeddable":true,"href":"https:\/\/www.hydraulic-cylinders.net\/sv\/wp-json\/wp\/v2\/product_brand?post=19449"},{"taxonomy":"product_cat","embeddable":true,"href":"https:\/\/www.hydraulic-cylinders.net\/sv\/wp-json\/wp\/v2\/product_cat?post=19449"},{"taxonomy":"product_tag","embeddable":true,"href":"https:\/\/www.hydraulic-cylinders.net\/sv\/wp-json\/wp\/v2\/product_tag?post=19449"}],"curies":[{"name":"wp","href":"https:\/\/api.w.org\/{rel}","templated":true}]}}