{"id":19450,"date":"2025-04-07T06:48:09","date_gmt":"2025-04-07T06:48:09","guid":{"rendered":"https:\/\/www.hydraulic-cylinders.net\/product\/boom-cylinder-for-case-large-excavator-cx360bhr\/"},"modified":"2025-04-07T06:48:12","modified_gmt":"2025-04-07T06:48:12","slug":"boom-cylinder-for-case-large-excavator-cx360bhr","status":"publish","type":"product","link":"https:\/\/www.hydraulic-cylinders.net\/sv\/produkt\/boom-cylinder-for-case-large-excavator-cx360bhr\/","title":{"rendered":"Bomcylinder f\u00f6r Case Large Excavator CX360BHR"},"content":{"rendered":"<h1>Bomcylinder f\u00f6r Case Large Excavator CX360BHR<\/h1>\n<h2>Introduktion till bomcylindern<\/h2>\n<p>Bomcylindern \u00e4r en kritisk komponent i hydraulsystemet f\u00f6r tunga maskiner, speciellt utformad f\u00f6r att styra bommens r\u00f6relse p\u00e5 gr\u00e4vmaskiner som Case CX360BHR. Denna hydraulcylinder g\u00f6r att bommen kan lyftas, s\u00e4nkas och lutas, vilket underl\u00e4ttar olika materialhanteringsuppgifter. Den spelar en viktig roll i gr\u00e4vmaskiners driftseffektivitet och g\u00f6r det m\u00f6jligt f\u00f6r dem att utf\u00f6ra komplexa uppgifter med precision.<\/p>\n<p>I grund och botten \u00e4r skopcylindern en hydraulcylinder som arbetar i hydraulsystemen i tung utrustning som gr\u00e4vmaskiner, traktorgr\u00e4vare och frontlastare. Dess prim\u00e4ra funktion \u00e4r att styra r\u00f6relsen hos gr\u00e4vmaskinens skopa, vilket s\u00e4kerst\u00e4ller att f\u00f6rare effektivt kan gr\u00e4va, lyfta och transportera material som jord, grus och skr\u00e4p. Hydraulcylindrarna \u00e4r konstruerade f\u00f6r att motst\u00e5 h\u00f6gt tryck och tunga belastningar, vilket g\u00f6r dem oumb\u00e4rliga inom bygg och jordbruk.<\/p>\n<p><img decoding=\"async\" src=\"https:\/\/www.hydraulic-cylinders.net\/wp-content\/uploads\/2025\/04\/songte-company-1.webp\" alt=\"Bomcylinder f\u00f6r gr\u00e4vmaskin\"><\/p>\n<h2>Funktioner hos bomcylindern<\/h2>\n<ul>\n<li><strong>H\u00f6g styrka och h\u00e5llbarhet:<\/strong> Cylindern \u00e4r vanligtvis tillverkad av h\u00f6gh\u00e5llfast st\u00e5l eller aluminium och t\u00e5l h\u00f6gt tryck och tunga belastningar. Dess design tar h\u00e4nsyn till slitstyrka och korrosionsbest\u00e4ndighet, vilket avsev\u00e4rt f\u00f6rl\u00e4nger dess livsl\u00e4ngd.<\/li>\n<li><strong>Effektiv hydraulisk drift:<\/strong> Genom att utnyttja hydrauloljans tryck m\u00f6jligg\u00f6r bomcylindern smidig och snabb ut- och ink\u00f6rning. Den reagerar snabbt p\u00e5 f\u00f6rarens kommandon och levererar betydande tryck- och dragkraft f\u00f6r hantering av tunga eller komplexa uppgifter.<\/li>\n<li><strong>Olika typer:<\/strong> Bomcylindern kan v\u00e4ljas i antingen enkelverkande (i en riktning) eller dubbelverkande (i b\u00e5da riktningarna) konfigurationer f\u00f6r att m\u00f6ta olika driftsbehov. Vissa modeller \u00e4r teleskopiska, vilket m\u00f6jligg\u00f6r st\u00f6rre utdrag utan att \u00f6ka de yttre m\u00e5tten, vilket \u00e4r idealiskt f\u00f6r applikationer med begr\u00e4nsat utrymme.<\/li>\n<li><strong>Innovativ design:<\/strong> Inneh\u00e5ller avancerade tekniska l\u00f6sningar som f\u00f6rb\u00e4ttrar effektivitet och tillf\u00f6rlitlighet under olika arbetsf\u00f6rh\u00e5llanden.<\/li>\n<li><strong>Kompatibilitet:<\/strong> V\u00e5ra produkter kan perfekt ers\u00e4tta befintliga hydraulcylindrar, vilket s\u00e4kerst\u00e4ller s\u00f6ml\u00f6s integration och prestanda.<\/li>\n<\/ul>\n<p><img decoding=\"async\" src=\"https:\/\/www.hydraulic-cylinders.net\/wp-content\/uploads\/2025\/04\/songte-cylinder-head-with-all-kinds-excavator-models.webp\" alt=\"Gr\u00e4vmaskinsmodeller kompatibla med bomcylinder\"><\/p>\n<h2>Anv\u00e4ndningsomr\u00e5den f\u00f6r bomcylindern<\/h2>\n<h3>Byggutrustning<\/h3>\n<p>I gr\u00e4vmaskiner \u00e4r bomcylindern avg\u00f6rande f\u00f6r gr\u00e4vning, lastning och f\u00f6rflyttning av jord eller skr\u00e4p. Dess f\u00f6rm\u00e5ga att kontrollera bommens r\u00f6relse g\u00f6r det m\u00f6jligt f\u00f6r operat\u00f6rer att utf\u00f6ra uppgifter med precision och effektivitet, vilket g\u00f6r den till en avg\u00f6rande del i byggprojekt. Oavsett om det g\u00e4ller schaktning f\u00f6r ledningar eller markj\u00e4mning, s\u00e4kerst\u00e4ller bomcylinderns funktionalitet att tunga maskiner kan prestera optimalt.<\/p>\n<h3>Jordbruksmaskiner<\/h3>\n<p>I frontlastare underl\u00e4ttar bomcylindern lyftning, skopning och transport av jord, h\u00f6 och diverse andra material. Den hydrauliska kraften som bomcylindern tillhandah\u00e5ller g\u00f6r det m\u00f6jligt f\u00f6r lantbrukare att hantera tunga laster utan anstr\u00e4ngning, vilket f\u00f6rb\u00e4ttrar produktiviteten och minimerar fysisk belastning vid uppgifter som lastning och lossning av material.<\/p>\n<h3>Gr\u00e4varbete<\/h3>\n<p>Bomcylindern g\u00f6r att skopan kan tr\u00e4nga ner i marken effektivt, vilket f\u00f6rb\u00e4ttrar gr\u00e4vmaskinens gr\u00e4vkapacitet. Denna funktion \u00e4r avg\u00f6rande f\u00f6r olika gr\u00e4vuppgifter, s\u00e5som grundgr\u00e4vning, landskapsformning och borttagning av skr\u00e4p. Den exakta kontrollen som bomcylindern erbjuder \u00e4r avg\u00f6rande f\u00f6r att s\u00e4kerst\u00e4lla s\u00e4kerheten och effektiviteten vid gr\u00e4varbetet.<\/p>\n<h3>Lastaroperationer<\/h3>\n<p>I frontlastare \u00e4r bomcylindern avg\u00f6rande f\u00f6r att lyfta och dumpa material effektivt. Dess robusta design g\u00f6r att den kan hantera de avsev\u00e4rda krafter som kr\u00e4vs vid lastning och lossning, vilket g\u00f6r den oumb\u00e4rlig f\u00f6r bygg- och jordbruksarbeten. Bomcylinderns effektiva drift bidrar till lastarutrustningens totala produktivitet.<\/p>\n<h2>Design\u00f6verv\u00e4ganden och urvalskriterier<\/h2>\n<ul>\n<li><strong>Lastkapacitet:<\/strong> Det \u00e4r avg\u00f6rande att v\u00e4lja en bomcylinder som matchar lastkraven f\u00f6r just din utrustning. Cylindern m\u00e5ste ha tillr\u00e4cklig lastb\u00e4rande kapacitet f\u00f6r att s\u00e4kerst\u00e4lla s\u00e4ker och effektiv drift.<\/li>\n<li><strong>T\u00e4tningsmekanismer:<\/strong> Ett v\u00e4l utformat t\u00e4tningssystem \u00e4r avg\u00f6rande f\u00f6r att f\u00f6rhindra l\u00e4ckage av hydraulv\u00e4tska. H\u00f6gkvalitativa t\u00e4tningar tillverkade av slitstarka material som polyuretan eller nitrilgummi kan f\u00f6rb\u00e4ttra cylinderns livsl\u00e4ngd och prestanda.<\/li>\n<li><strong>Varaktighet:<\/strong> T\u00e4nk p\u00e5 de arbetsf\u00f6rh\u00e5llanden under vilka bomcylindern kommer att anv\u00e4ndas. En h\u00e5llbar konstruktion som t\u00e5l tuffa milj\u00f6er och extrema driftsf\u00f6rh\u00e5llanden \u00e4r avg\u00f6rande f\u00f6r l\u00e5ngsiktig tillf\u00f6rlitlighet.<\/li>\n<li><strong>S\u00e4kerhetsfunktioner:<\/strong> Utv\u00e4rdera om bomcylindern har s\u00e4kerhetsfunktioner som tryckavlastningsventiler f\u00f6r att f\u00f6rhindra \u00f6verbelastning och s\u00e4kerst\u00e4lla f\u00f6rarens s\u00e4kerhet under drift.<\/li>\n<li><strong>Enkelt underh\u00e5ll:<\/strong> Att v\u00e4lja en bomcylinder som \u00e4r l\u00e4tt att underh\u00e5lla kan avsev\u00e4rt minska stillest\u00e5ndstider och reparationskostnader. Leta efter modeller som m\u00f6jligg\u00f6r enkel \u00e5tkomst till komponenter f\u00f6r regelbundna inspektioner och service.<\/li>\n<\/ul>\n<p><img decoding=\"async\" src=\"https:\/\/www.hydraulic-cylinders.net\/wp-content\/uploads\/2025\/04\/songte-oil-pipes-and-spare-parts.webp\" alt=\"Hydrauliska delar och tillbeh\u00f6r\"><\/p>\n<h2>T\u00e4tning och sm\u00f6rjning<\/h2>\n<p>Korrekt t\u00e4tning och sm\u00f6rjning \u00e4r grundl\u00e4ggande f\u00f6r effektiv drift av bomcylindern. Olika t\u00e4tningar, inklusive kolvt\u00e4tningar och st\u00e5ngt\u00e4tningar, anv\u00e4nds f\u00f6r att bibeh\u00e5lla hydraulisk integritet. T\u00e4tningar tillverkade av slitstarka material som polyuretan eller nitrilgummi hj\u00e4lper till att f\u00f6rhindra l\u00e4ckage och skydda mot smuts och fukt. Cylinderhuset och de g\u00e4ngade \u00e4ndytorna genomg\u00e5r precisionsbearbetning f\u00f6r att f\u00f6rb\u00e4ttra slitstyrka och t\u00e4tningsprestanda. Regelbundet underh\u00e5ll, inklusive p\u00e5fyllning av hydraulolja, \u00e4r avg\u00f6rande f\u00f6r att s\u00e4kerst\u00e4lla smidig drift och f\u00f6rl\u00e4nga cylinderns livsl\u00e4ngd.<\/p>\n<h2>F\u00f6rebyggande underh\u00e5lls\u00e5tg\u00e4rder<\/h2>\n<ul>\n<li><strong>Regelbundna inspektioner:<\/strong> Utf\u00f6r rutinkontroller av bomcylindern f\u00f6r att uppt\u00e4cka tecken p\u00e5 slitage, l\u00e4ckor eller skador. Tidig uppt\u00e4ckt av problem kan f\u00f6rhindra katastrofala fel och f\u00f6rl\u00e4nga utrustningens livsl\u00e4ngd.<\/li>\n<li><strong>Korrekt sm\u00f6rjning:<\/strong> Se till att hydraulcylindern \u00e4r smord med r\u00e4tt typ och m\u00e4ngd hydraulolja. Detta minskar friktion och slitage p\u00e5 r\u00f6rliga delar, vilket fr\u00e4mjar en smidigare drift.<\/li>\n<li><strong>Byte av t\u00e4tning:<\/strong> Inspektera t\u00e4tningarna regelbundet och byt ut dem vid behov. Slitna eller skadade t\u00e4tningar kan leda till l\u00e4ckor, vilket minskar cylinderns effektivitet och \u00f6kar underh\u00e5llskostnaderna.<\/li>\n<\/ul>\n<h2>Installationsriktlinjer<\/h2>\n<p>Installation av en bomcylinder kr\u00e4ver noggrann uppm\u00e4rksamhet p\u00e5 detaljer f\u00f6r att s\u00e4kerst\u00e4lla optimal prestanda. B\u00f6rja med att se till att arbetsomr\u00e5det \u00e4r rent och fritt fr\u00e5n skr\u00e4p. Rikta in cylindern med monteringspunkterna p\u00e5 gr\u00e4vmaskinen och se till att den \u00e4r korrekt placerad. Anv\u00e4nd l\u00e4mpliga monteringsf\u00e4sten f\u00f6r att s\u00e4kra cylindern p\u00e5 plats och var noga med att undvika feljustering. N\u00e4r cylindern \u00e4r installerad, kontrollera att det inte finns l\u00e4ckor i hydraulanslutningarna och se till att hydraulv\u00e4tskan \u00e4r p\u00e5 rekommenderad niv\u00e5. Efter installationen, testa cylinderns funktion f\u00f6r att bekr\u00e4fta att den fungerar smidigt och effektivt. Kontrollera regelbundet installationen f\u00f6r att uppr\u00e4tth\u00e5lla korrekt justering och funktionalitet.<\/p>\n<p><img decoding=\"async\" src=\"https:\/\/www.hydraulic-cylinders.net\/wp-content\/uploads\/2025\/04\/songte-chushion-collar.webp\" alt=\"D\u00e4mpningskrage f\u00f6r hydraulcylinder\"><\/p>\n<h2>Vanliga underh\u00e5llsuppgifter<\/h2>\n<ul>\n<li><strong>Regelbundna inspektioner:<\/strong> Utf\u00f6r regelbundna inspektioner f\u00f6r att identifiera slitage och potentiella problem tidigt. Denna proaktiva metod minimerar driftstopp och f\u00f6rb\u00e4ttrar tillf\u00f6rlitligheten.<\/li>\n<li><strong>Korrekt sm\u00f6rjning:<\/strong> Att uppr\u00e4tth\u00e5lla r\u00e4tt sm\u00f6rjniv\u00e5 \u00e4r avg\u00f6rande. Otillr\u00e4cklig sm\u00f6rjning kan leda till \u00f6kad friktion och slitage, vilket f\u00f6rs\u00e4mrar cylinderns prestanda.<\/li>\n<li><strong>Byte av t\u00e4tning:<\/strong> Att byta ut t\u00e4tningar i r\u00e4tt tid f\u00f6rhindrar l\u00e4ckage av hydraulv\u00e4tska, vilket \u00e4r skadligt f\u00f6r cylinderns effektivitet. Regelbundna kontroller och byten bidrar till att bibeh\u00e5lla prestandan.<\/li>\n<\/ul>\n<p>Att s\u00e4kerst\u00e4lla korrekt installation, sm\u00f6rjning och justering \u00e4r avg\u00f6rande f\u00f6r optimal prestanda. Justera cylindern noggrant under installationen f\u00f6r att undvika problem med feljustering. Anv\u00e4ndning av korrekta monteringsf\u00e4sten kan ge n\u00f6dv\u00e4ndigt st\u00f6d och stabilitet. Rekommendationer f\u00f6r inspektion, reparation och utbytesprocedurer b\u00f6r f\u00f6ljas noggrant f\u00f6r att s\u00e4kerst\u00e4lla fortsatt funktionalitet och s\u00e4kerhet.<\/p>\n<h2>S\u00e4kerhetsaspekter och milj\u00f6faktorer<\/h2>\n<p>Att implementera s\u00e4kerhets\u00e5tg\u00e4rder vid arbete med hydraulcylindrar \u00e4r av yttersta vikt. Operat\u00f6rer b\u00f6r utbildas i s\u00e4ker anv\u00e4ndning av maskiner och f\u00f6rst\u00e5 riskerna med hydraulsystem. Korrekt underh\u00e5ll av bomcylindern kan f\u00f6rhindra olyckor relaterade till hydraulfel och s\u00e4kerst\u00e4lla personalens och utrustningens s\u00e4kerhet. Dessutom b\u00f6r milj\u00f6v\u00e4nliga metoder antas f\u00f6r att minska risken f\u00f6r spill av hydraulv\u00e4tska, vilket kan vara skadligt f\u00f6r milj\u00f6n.<\/p>\n<h2>Feldiagnos och vanliga problem<\/h2>\n<ul>\n<li><strong>L\u00e4ckage av hydraulv\u00e4tska:<\/strong> Identifiera platsen f\u00f6r l\u00e4ckor och bed\u00f6m om de orsakas av slitna t\u00e4tningar, skadade slangar eller felaktiga kopplingar. Omedelbara reparationer \u00e4r avg\u00f6rande f\u00f6r att f\u00f6rhindra v\u00e4tskef\u00f6rlust.<\/li>\n<li><strong>Inkonsekvent r\u00f6relse:<\/strong> Om bomcylindern r\u00f6r sig oregelbundet, kontrollera om det finns luft i hydraulsystemet eller otillr\u00e4ckliga v\u00e4tskeniv\u00e5er. Det kan vara n\u00f6dv\u00e4ndigt att lufta systemet f\u00f6r att avl\u00e4gsna inst\u00e4ngd luft.<\/li>\n<li><strong>\u00d6verhettning:<\/strong> \u00d6verdriven v\u00e4rme kan tyda p\u00e5 ett problem med hydraulsystemet. Kontrollera om det finns blockerade filter eller l\u00e5ga v\u00e4tskeniv\u00e5er, vilket kan hindra v\u00e4tskecirkulationen och kylningen.<\/li>\n<\/ul>\n<p>Att \u00e5tg\u00e4rda dessa problem snabbt kan f\u00f6rhindra ytterligare skador och bibeh\u00e5lla hydraulsystemets effektivitet. Genom att implementera f\u00f6rebyggande \u00e5tg\u00e4rder kan man minska f\u00f6rekomsten av dessa problem och s\u00e4kerst\u00e4lla en smidig drift.<\/p>\n<p><img decoding=\"async\" src=\"https:\/\/www.hydraulic-cylinders.net\/wp-content\/uploads\/2025\/04\/songte-bushings-with-all-kinds-of-excavator-models.webp\" alt=\"Bussningar f\u00f6r olika gr\u00e4vmaskinsmodeller\"><\/p>\n<h2>Om v\u00e5rt f\u00f6retag<\/h2>\n<p>Vi \u00e4r en ledande tillverkare av hydraulcylindrar f\u00f6r reservdelar och erbjuder ett omfattande sortiment av produkter som riktar sig till b\u00e5de inhemska och internationella marknader. V\u00e5rt engagemang f\u00f6r excellens \u00e4r tydligt i v\u00e5ra f\u00f6rfinade tillverkningsprocesser och kvalitetskontrollstandarder. V\u00e5r produktionsledningsstrategi utnyttjar skicklig teknisk personal, toppmodern tillverkningsutrustning och professionella testsystem f\u00f6r att f\u00f6rb\u00e4ttra v\u00e5r produktionskapacitet.<\/p>\n<p>Med fokus p\u00e5 h\u00f6g effektivitet, precision och kvalitet m\u00f6ter vi v\u00e5ra kunders olika behov. V\u00e5r expertis omfattar internationella certifieringar, kundanpassade tj\u00e4nster och ett robust eftermarknadssystem, vilket s\u00e4kerst\u00e4ller att v\u00e5ra kunder inte bara f\u00e5r produkter av h\u00f6gsta kvalitet utan \u00e4ven o\u00f6vertr\u00e4ffad service.<\/p>\n<p><img decoding=\"async\" src=\"https:\/\/www.hydraulic-cylinders.net\/wp-content\/uploads\/2025\/04\/songte-company-4.webp\" alt=\"F\u00f6retags\u00f6versikt\"><br \/>\n<img decoding=\"async\" src=\"https:\/\/www.hydraulic-cylinders.net\/wp-content\/uploads\/2025\/04\/songte-company-3.webp\" alt=\"Tillverkningsanl\u00e4ggningar\"><\/p>\n<p>F\u00f6rfattare: lyl<\/p>","protected":false},"excerpt":{"rendered":"<p>Boom Cylinder For Case Large Excavator CX360BHR Introduction to the Boom Cylinder The Boom Cylinder is a critical component in the hydraulic system of heavy machinery, specifically designed for controlling the movement of the boom on excavators like the Case CX360BHR. This hydraulic cylinder allows the boom to lift, lower, and tilt, thereby facilitating various [&hellip;]<\/p>","protected":false},"featured_media":17879,"comment_status":"open","ping_status":"closed","template":"","meta":{"_et_pb_use_builder":"","_et_pb_old_content":"","_et_gb_content_width":""},"product_brand":[],"product_cat":[1546],"product_tag":[1547,1496],"class_list":{"0":"post-19450","1":"product","2":"type-product","3":"status-publish","4":"has-post-thumbnail","6":"product_cat-boom-cylinders","7":"product_tag-boom-cylinders","8":"product_tag-hydraulic-cylinders","10":"first","11":"instock","12":"shipping-taxable","13":"product-type-simple"},"amp_enabled":true,"_links":{"self":[{"href":"https:\/\/www.hydraulic-cylinders.net\/sv\/wp-json\/wp\/v2\/product\/19450","targetHints":{"allow":["GET"]}}],"collection":[{"href":"https:\/\/www.hydraulic-cylinders.net\/sv\/wp-json\/wp\/v2\/product"}],"about":[{"href":"https:\/\/www.hydraulic-cylinders.net\/sv\/wp-json\/wp\/v2\/types\/product"}],"replies":[{"embeddable":true,"href":"https:\/\/www.hydraulic-cylinders.net\/sv\/wp-json\/wp\/v2\/comments?post=19450"}],"wp:featuredmedia":[{"embeddable":true,"href":"https:\/\/www.hydraulic-cylinders.net\/sv\/wp-json\/wp\/v2\/media\/17879"}],"wp:attachment":[{"href":"https:\/\/www.hydraulic-cylinders.net\/sv\/wp-json\/wp\/v2\/media?parent=19450"}],"wp:term":[{"taxonomy":"product_brand","embeddable":true,"href":"https:\/\/www.hydraulic-cylinders.net\/sv\/wp-json\/wp\/v2\/product_brand?post=19450"},{"taxonomy":"product_cat","embeddable":true,"href":"https:\/\/www.hydraulic-cylinders.net\/sv\/wp-json\/wp\/v2\/product_cat?post=19450"},{"taxonomy":"product_tag","embeddable":true,"href":"https:\/\/www.hydraulic-cylinders.net\/sv\/wp-json\/wp\/v2\/product_tag?post=19450"}],"curies":[{"name":"wp","href":"https:\/\/api.w.org\/{rel}","templated":true}]}}