{"id":19451,"date":"2025-04-07T06:48:13","date_gmt":"2025-04-07T06:48:13","guid":{"rendered":"https:\/\/www.hydraulic-cylinders.net\/product\/boom-cylinder-for-case-wheel-excavator-wx148\/"},"modified":"2025-04-07T06:48:15","modified_gmt":"2025-04-07T06:48:15","slug":"boom-cylinder-for-case-wheel-excavator-wx148","status":"publish","type":"product","link":"https:\/\/www.hydraulic-cylinders.net\/sv\/produkt\/boom-cylinder-for-case-wheel-excavator-wx148\/","title":{"rendered":"Bomcylinder f\u00f6r Case-hjulgr\u00e4vmaskin WX148"},"content":{"rendered":"<h1>Bomcylinder f\u00f6r Case-hjulgr\u00e4vmaskin WX148<\/h1>\n<h2>\u00d6versikt \u00f6ver bomcylinder<\/h2>\n<p>Bomcylindern, \u00e4ven k\u00e4nd som skopcylinder, \u00e4r en viktig komponent i hydrauliska system som anv\u00e4nds i tunga maskiner som gr\u00e4vmaskiner, gr\u00e4vlastare och frontlastare. Denna hydraulcylinder \u00e4r specifikt utformad f\u00f6r att styra skopans r\u00f6relse, s\u00e5 att den kan lyftas, s\u00e4nkas och lutas efter behov f\u00f6r olika materialhanteringsuppgifter. Bomcylindrarnas funktionalitet \u00e4r avg\u00f6rande f\u00f6r effektiv drift inom bygg-, landskaps- och gruvapplikationer. Genom att ge exakt kontroll \u00f6ver skopans r\u00f6relser f\u00f6rb\u00e4ttrar dessa cylindrar produktiviteten och s\u00e4kerst\u00e4ller effektivt utf\u00f6rande av uppgifter som gr\u00e4vning, lyftning och transport av material.<\/p>\n<p><img decoding=\"async\" src=\"https:\/\/www.hydraulic-cylinders.net\/wp-content\/uploads\/2025\/04\/songte-company-1.webp\" alt=\"Bomcylinder\"><\/p>\n<h3>Funktioner hos bomcylindern<\/h3>\n<ul>\n<li><strong>H\u00f6g styrka och h\u00e5llbarhet:<\/strong> Tillverkade av h\u00f6gh\u00e5llfast st\u00e5l eller aluminium \u00e4r dessa cylindrar konstruerade f\u00f6r att motst\u00e5 h\u00f6gt tryck och tunga belastningar, vilket g\u00f6r dem l\u00e4mpliga f\u00f6r tuffa arbetsmilj\u00f6er. De \u00e4r konstruerade f\u00f6r slitstyrka och korrosionsskydd, vilket f\u00f6rl\u00e4nger deras livsl\u00e4ngd.<\/li>\n<li><strong>Effektiv hydraulisk drift:<\/strong> Genom att utnyttja hydrauloljetrycket ger bomcylindern smidig ut- och ink\u00f6rning, vilket m\u00f6jligg\u00f6r snabb respons p\u00e5 kontrollkommandon och levererar betydande tryck- och dragkrafter som kr\u00e4vs f\u00f6r att hantera tunga och komplexa uppgifter.<\/li>\n<li><strong>Olika typer:<\/strong> Alternativ f\u00f6r enkelverkande (som endast arbetar i en riktning) och dubbelverkande (som arbetar i b\u00e5da riktningarna) cylindrar tillgodoser olika driftsbehov. Vissa modeller \u00e4r teleskopiska, vilket m\u00f6jligg\u00f6r st\u00f6rre utdrag utan att \u00f6ka de yttre m\u00e5tten, vilket g\u00f6r dem idealiska f\u00f6r utrymmesbegr\u00e4nsade till\u00e4mpningar.<\/li>\n<\/ul>\n<h2>V\u00e5ra produktionsm\u00f6jligheter<\/h2>\n<p>Vi specialiserar oss p\u00e5 tillverkning av h\u00f6gkvalitativa bomcylindrar som perfekt kan ers\u00e4tta befintliga hydraulcylindrar i olika till\u00e4mpningar.<\/p>\n<p><img decoding=\"async\" src=\"https:\/\/www.hydraulic-cylinders.net\/wp-content\/uploads\/2025\/04\/songte-cylinder-head-with-all-kinds-excavator-models.webp\" alt=\"Gr\u00e4vmaskinsmodeller\"><\/p>\n<h2>Anv\u00e4ndningsomr\u00e5den f\u00f6r bomcylindern<\/h2>\n<h3>Byggutrustning<\/h3>\n<p>I gr\u00e4vmaskiner spelar bomcylindrar en avg\u00f6rande roll vid gr\u00e4vning, lastning och f\u00f6rflyttning av jord eller skr\u00e4p. De underl\u00e4ttar gr\u00e4vningen genom att l\u00e5ta skopan tr\u00e4nga ner i marken, vilket g\u00f6r dem oumb\u00e4rliga i byggprojekt. I gr\u00e4vlastare hj\u00e4lper bomcylindern inte bara till vid gr\u00e4vning utan \u00e4ven vid lyftning av material, vilket visar dess m\u00e5ngsidighet i flera uppgifter.<\/p>\n<h3>Jordbruksmaskiner<\/h3>\n<p>I frontlastare \u00e4r bomcylindrar viktiga f\u00f6r att skopa, lyfta och transportera jord, h\u00f6 och andra material. De g\u00f6r det m\u00f6jligt f\u00f6r f\u00f6rare att utf\u00f6ra en m\u00e4ngd olika funktioner, fr\u00e5n lastning av spannm\u00e5l till att flytta jord, vilket visar deras betydelse inom jordbruksverksamhet.<\/p>\n<h3>Gr\u00e4vmaskiner<\/h3>\n<p>Bomcylindern g\u00f6r att gr\u00e4vmaskinens skopa kan tr\u00e4nga ner i jorden, vilket m\u00f6jligg\u00f6r effektiva gr\u00e4vningsoperationer. Denna f\u00f6rm\u00e5ga \u00e4r avg\u00f6rande f\u00f6r gr\u00e4vningsuppgifter inom bygg, landskapsarkitektur och allm\u00e4nnyttiga arbeten, d\u00e4r exakt gr\u00e4vning kr\u00e4vs.<\/p>\n<h3>Lastare<\/h3>\n<p>Hos frontlastare hj\u00e4lper bomcylindrar till att lyfta och dumpa laster effektivt. Deras design g\u00f6r det m\u00f6jligt f\u00f6r f\u00f6rare att hantera material effektivt, fr\u00e5n lastning till lossning, vilket s\u00e4kerst\u00e4ller produktivitet vid olika lastnings- och bygguppgifter.<\/p>\n<h2>Design\u00f6verv\u00e4ganden och urvalskriterier<\/h2>\n<h3>Lastkapacitet<\/h3>\n<p>N\u00e4r man v\u00e4ljer en bomcylinder \u00e4r lastkapaciteten en avg\u00f6rande faktor. Den avg\u00f6r cylinderns f\u00f6rm\u00e5ga att hantera specifika vikter under drift. Tillverkare m\u00e5ste se till att lastkapaciteten uppfyller eller \u00f6verstiger kraven f\u00f6r den maskin den ska anv\u00e4ndas i, eftersom underskattning av detta kan leda till cylinderfel och os\u00e4kra arbetsf\u00f6rh\u00e5llanden.<\/p>\n<h3>T\u00e4tningsprestanda<\/h3>\n<p>Effektiv t\u00e4tning \u00e4r avg\u00f6rande f\u00f6r att f\u00f6rhindra l\u00e4ckage av hydraulv\u00e4tska och bibeh\u00e5lla trycket i systemet. Kvalitetst\u00e4tningar f\u00f6rb\u00e4ttrar bomcylinderns tillf\u00f6rlitlighet och livsl\u00e4ngd. Korrekt t\u00e4tning f\u00f6rhindrar ocks\u00e5 kontaminering av hydraulv\u00e4tskan, vilket annars skulle kunna f\u00f6rs\u00e4mra prestandan och leda till kostsamma reparationer.<\/p>\n<h3>Varaktighet<\/h3>\n<p>H\u00e5llbarhet \u00e4r av st\u00f6rsta vikt f\u00f6r bomcylindrar som arbetar under kr\u00e4vande f\u00f6rh\u00e5llanden. Faktorer som materialval, ytbehandling och designdetaljer bidrar till en cylinders totala h\u00e5llbarhet. En v\u00e4lkonstruerad cylinder kan motst\u00e5 extrema temperaturer, fukt och slipande material, vilket s\u00e4kerst\u00e4ller att den f\u00f6rblir i drift under l\u00e4ngre perioder.<\/p>\n<h3>S\u00e4kerhetsfunktioner<\/h3>\n<p>S\u00e4kerhet \u00e4r h\u00f6gsta prioritet vid konstruktionen av bomcylindrar. Funktioner som tryckavlastningsventiler och s\u00e4kerhetsl\u00e5s hj\u00e4lper till att f\u00f6rhindra olyckor under drift. Att s\u00e4kerst\u00e4lla att dessa s\u00e4kerhets\u00e5tg\u00e4rder \u00e4r p\u00e5 plats \u00e4r avg\u00f6rande f\u00f6r att skydda f\u00f6rare och utrustning, samt f\u00f6r att uppr\u00e4tth\u00e5lla en s\u00e4ker arbetsmilj\u00f6.<\/p>\n<h3>Underh\u00e5llbarhet<\/h3>\n<p>Att utforma bomcylindrar f\u00f6r enkelt underh\u00e5ll kan avsev\u00e4rt f\u00f6rl\u00e4nga deras livsl\u00e4ngd. Funktioner som underl\u00e4ttar snabba inspektioner och reparationer, s\u00e5som tillg\u00e4ngliga t\u00e4tningar och anslutningar, b\u00f6r prioriteras. Denna \u00f6verv\u00e4gning underl\u00e4ttar inte bara rutinunderh\u00e5llet utan minskar \u00e4ven stillest\u00e5ndstiden, vilket f\u00f6rb\u00e4ttrar den totala produktiviteten.<\/p>\n<p><img decoding=\"async\" src=\"https:\/\/www.hydraulic-cylinders.net\/wp-content\/uploads\/2025\/04\/songte-oil-pipes-and-spare-parts.webp\" alt=\"Hydrauliska delar\"><\/p>\n<h2>T\u00e4tning och sm\u00f6rjning<\/h2>\n<p>Prestandan hos en bomcylinder \u00e4r starkt beroende av dess t\u00e4tnings- och sm\u00f6rjsystem. Olika t\u00e4tningar, inklusive kolvt\u00e4tningar och kolvst\u00e5ngst\u00e4tningar, \u00e4r avg\u00f6rande f\u00f6r att uppr\u00e4tth\u00e5lla hydraultrycket och f\u00f6rhindra l\u00e4ckage. T\u00e4tningar tillverkade av slitstarka material som polyuretan och nitrilgummi \u00e4r att f\u00f6redra f\u00f6r sin h\u00e5llbarhet och effektivitet. Dessutom genomg\u00e5r cylinderhuset och de g\u00e4ngade \u00e4ndytorna precisionsbearbetning f\u00f6r att f\u00f6rb\u00e4ttra slitstyrkan. Regelbunden sm\u00f6rjning med hydraulolja \u00e4r n\u00f6dv\u00e4ndig f\u00f6r att s\u00e4kerst\u00e4lla smidig drift och f\u00f6rhindra \u00f6verdrivet slitage.<\/p>\n<h2>Regelbundet underh\u00e5ll och f\u00f6rebyggande \u00e5tg\u00e4rder<\/h2>\n<ul>\n<li><strong>Regelbundna inspektioner:<\/strong> Utf\u00f6r rutinkontroller av bomcylindern f\u00f6r att uppt\u00e4cka tecken p\u00e5 slitage, l\u00e4ckor och skador. Tidig uppt\u00e4ckt av problem kan f\u00f6rhindra kostsamma reparationer och driftstopp.<\/li>\n<li><strong>L\u00e4mplig sm\u00f6rjning:<\/strong> Se till att hydrauloljeniv\u00e5erna \u00e4r tillr\u00e4ckliga och att oljan \u00e4r ren. Regelbundna oljebyten och god sm\u00f6rjning f\u00f6rl\u00e4nger cylinderns livsl\u00e4ngd.<\/li>\n<li><strong>Byte av t\u00e4tning:<\/strong> Kontrollera regelbundet t\u00e4tningarna f\u00f6r slitage och byt ut dem vid behov f\u00f6r att bibeh\u00e5lla hydraultrycket och f\u00f6rhindra l\u00e4ckage.<\/li>\n<\/ul>\n<h2>Riktlinjer f\u00f6r korrekt installation<\/h2>\n<p>Korrekt installation av en bomcylinder \u00e4r avg\u00f6rande f\u00f6r optimal prestanda. B\u00f6rja med att se till att cylindern \u00e4r korrekt inriktad med monteringspunkterna p\u00e5 maskinen. Anv\u00e4nd l\u00e4mpliga monteringsf\u00e4sten f\u00f6r att s\u00e4kra cylindern p\u00e5 plats, s\u00e5 att den kan fungera smidigt utan hinder. F\u00f6lj tillverkarens specifikationer f\u00f6r \u00e5tdragningsmoment p\u00e5 bultar f\u00f6r att f\u00f6rhindra att de lossnar under drift. Slutligen, kontrollera att alla hydrauliska anslutningar \u00e4r \u00e5tdragna och l\u00e4ckagefria innan maskinen anv\u00e4nds.<\/p>\n<h2>Vanliga underh\u00e5llsuppgifter<\/h2>\n<h3>Regelbundna inspektioner<\/h3>\n<p>Att utf\u00f6ra regelbundna inspektioner \u00e4r avg\u00f6rande f\u00f6r att identifiera potentiella problem innan de eskalerar. Inspektera cylindern f\u00f6r synliga tecken p\u00e5 skador, s\u00e5som bucklor, l\u00e4ckor eller korrosion. Att kontrollera korrekt inriktning och s\u00e4kerst\u00e4lla att monteringsdetaljerna \u00e4r ordentligt \u00e5tdragna kan bidra till att uppr\u00e4tth\u00e5lla driftseffektiviteten.<\/p>\n<h3>L\u00e4mplig sm\u00f6rjning<\/h3>\n<p>Att s\u00e4kerst\u00e4lla tillr\u00e4cklig sm\u00f6rjning \u00e4r nyckeln till att f\u00f6rhindra f\u00f6r tidigt slitage och bibeh\u00e5lla bomcylinderns prestanda. Anv\u00e4nd rekommenderad typ av hydraulolja och f\u00f6lj tillverkarens riktlinjer f\u00f6r sm\u00f6rjintervall. Korrekt sm\u00f6rjning f\u00f6rb\u00e4ttrar inte bara effektiviteten utan f\u00f6rl\u00e4nger \u00e4ven cylinderns livsl\u00e4ngd.<\/p>\n<h3>T\u00e4tningsbyte och kalibreringskontroller<\/h3>\n<p>Med tiden kan t\u00e4tningar f\u00f6rs\u00e4mras och beh\u00f6va bytas ut. Kontrollera regelbundet t\u00e4tningarnas skick och byt ut dem vid behov. Kalibreringskontroller \u00e4r lika viktiga f\u00f6r att s\u00e4kerst\u00e4lla att cylindern fungerar inom angivna parametrar och bibeh\u00e5ller noggrannhet under drift.<\/p>\n<p><img decoding=\"async\" src=\"https:\/\/www.hydraulic-cylinders.net\/wp-content\/uploads\/2025\/04\/songte-chushion-collar.webp\" alt=\"Kuddekrage\"><\/p>\n<h2>S\u00e4kerhetsaspekter och milj\u00f6faktorer<\/h2>\n<p>S\u00e4kerhets\u00e5tg\u00e4rder vid anv\u00e4ndning av bomcylindrar \u00e4r avg\u00f6rande. Operat\u00f6rer m\u00e5ste utbildas f\u00f6r att f\u00f6rst\u00e5 hydraulsystemets kapacitet och begr\u00e4nsningar. Att s\u00e4kerst\u00e4lla att s\u00e4kerhetsskydd och n\u00f6davst\u00e4ngningssystem finns p\u00e5 plats kan bidra till att f\u00f6rhindra olyckor. Milj\u00f6faktorer, s\u00e5som exponering f\u00f6r extrema temperaturer och fr\u00e4tande \u00e4mnen, m\u00e5ste ocks\u00e5 beaktas vid val av material f\u00f6r bomcylindern f\u00f6r att s\u00e4kerst\u00e4lla l\u00e5ngvarig prestanda.<\/p>\n<h2>Fels\u00f6kning och vanliga problem<\/h2>\n<h3>L\u00e4ckage<\/h3>\n<p>L\u00e4ckage \u00e4r ett av de vanligaste problemen med bomcylindrar. Det kan uppst\u00e5 p\u00e5 grund av slitna t\u00e4tningar, skadade t\u00e4tningar eller felaktig installation. Regelbunden inspektion och underh\u00e5ll kan hj\u00e4lpa till att identifiera potentiella l\u00e4ckor tidigt, vilket s\u00e4kerst\u00e4ller att n\u00f6dv\u00e4ndiga reparationer utf\u00f6rs snabbt f\u00f6r att undvika driftst\u00f6rningar.<\/p>\n<h3>Minskad prestanda<\/h3>\n<p>En bomcylinder kan uppvisa minskad prestanda p\u00e5 grund av f\u00f6roreningar i hydraulv\u00e4tskan, luft i systemet eller otillr\u00e4ckligt tryck. Att \u00e5tg\u00e4rda dessa problem inneb\u00e4r vanligtvis att man t\u00f6mmer systemet, byter ut f\u00f6rorenad v\u00e4tska och kontrollerar att hydraulpumpen fungerar korrekt.<\/p>\n<h3>Fysisk skada<\/h3>\n<p>Fysiska skador kan uppst\u00e5 p\u00e5 grund av extrema driftsf\u00f6rh\u00e5llanden eller felaktig hantering. Operat\u00f6rer b\u00f6r utbildas i s\u00e4kra driftsrutiner f\u00f6r att minimera risken f\u00f6r skador. Regelbundna inspektioner kan hj\u00e4lpa till att uppt\u00e4cka eventuella problem innan de leder till mer allvarliga problem.<\/p>\n<h2>Fels\u00f6kningstips och l\u00f6sningar<\/h2>\n<p>F\u00f6r att effektivt diagnostisera och l\u00f6sa vanliga problem med bomcylindrar b\u00f6r operat\u00f6rer utf\u00f6ra regelbundna underh\u00e5llskontroller och f\u00f6ra en detaljerad logg \u00f6ver cylinderns prestanda. Vid l\u00e4ckage b\u00f6r omedelbara \u00e5tg\u00e4rder vidtas f\u00f6r att identifiera k\u00e4llan och byta ut t\u00e4tningar vid behov. Vid minskad prestanda kan kontroll av hydraulv\u00e4tskans tillst\u00e5nd och s\u00e4kerst\u00e4lla att systemet \u00e4r fritt fr\u00e5n luft ofta \u00e5terst\u00e4lla funktionen. Installation av \u00f6vervakningssystem kan ge realtidsdata, vilket hj\u00e4lper till att f\u00f6rhindra problem innan de eskalerar.<\/p>\n<p><img decoding=\"async\" src=\"https:\/\/www.hydraulic-cylinders.net\/wp-content\/uploads\/2025\/04\/songte-bushings-with-all-kinds-of-excavator-models.webp\" alt=\"Bussningar\"><\/p>\n<h2>Om v\u00e5rt f\u00f6retag<\/h2>\n<p>Vi \u00e4r en ledande tillverkare av hydraulcylindrar f\u00f6r reservdelar och erbjuder ett omfattande produktsortiment f\u00f6r b\u00e5de inhemska och internationella marknader. V\u00e5rt engagemang f\u00f6r excellens m\u00e4rks i v\u00e5ra noggranna tillverkningsprocesser och noggrannhet i detaljerna. Genom att anv\u00e4nda avancerad tillverkningsutrustning och en skicklig arbetsstyrka f\u00f6rb\u00e4ttrar vi kontinuerligt v\u00e5r produktionskapacitet f\u00f6r att m\u00f6ta olika kunders behov. V\u00e5ra produkter \u00e4r internationellt certifierade, vilket s\u00e4kerst\u00e4ller att vi uppfyller str\u00e4nga kvalitetsstandarder.<\/p>\n<p>Vi erbjuder kundanpassningstj\u00e4nster skr\u00e4ddarsydda efter specifika krav, vilket g\u00f6r det m\u00f6jligt f\u00f6r kunder att f\u00e5 hydraulcylindrar som passar deras unika till\u00e4mpningar. V\u00e5rt dedikerade kundsupportteam finns alltid tillg\u00e4ngligt f\u00f6r att hj\u00e4lpa till med fr\u00e5gor och s\u00e4kerst\u00e4lla en smidig k\u00f6pupplevelse.<\/p>\n<p><img decoding=\"async\" src=\"https:\/\/www.hydraulic-cylinders.net\/wp-content\/uploads\/2025\/04\/songte-company-4.webp\" alt=\"F\u00f6retagsbild\"><br \/>\n<img decoding=\"async\" src=\"https:\/\/www.hydraulic-cylinders.net\/wp-content\/uploads\/2025\/04\/songte-company-3.webp\" alt=\"F\u00f6retagsbild\"><\/p>\n<p>F\u00f6rfattare: lyl<\/p>","protected":false},"excerpt":{"rendered":"<p>Boom Cylinder For Case Wheel Excavator WX148 Overview of Boom Cylinder The boom cylinder, also known as a bucket cylinder, is a vital component in hydraulic systems used in heavy machinery such as excavators, backhoe loaders, and front loaders. This hydraulic cylinder is specifically designed to control the movement of the bucket, allowing it to [&hellip;]<\/p>","protected":false},"featured_media":17880,"comment_status":"open","ping_status":"closed","template":"","meta":{"_et_pb_use_builder":"","_et_pb_old_content":"","_et_gb_content_width":""},"product_brand":[],"product_cat":[1546],"product_tag":[1547,1496],"class_list":{"0":"post-19451","1":"product","2":"type-product","3":"status-publish","4":"has-post-thumbnail","6":"product_cat-boom-cylinders","7":"product_tag-boom-cylinders","8":"product_tag-hydraulic-cylinders","10":"first","11":"instock","12":"shipping-taxable","13":"product-type-simple"},"amp_enabled":true,"_links":{"self":[{"href":"https:\/\/www.hydraulic-cylinders.net\/sv\/wp-json\/wp\/v2\/product\/19451","targetHints":{"allow":["GET"]}}],"collection":[{"href":"https:\/\/www.hydraulic-cylinders.net\/sv\/wp-json\/wp\/v2\/product"}],"about":[{"href":"https:\/\/www.hydraulic-cylinders.net\/sv\/wp-json\/wp\/v2\/types\/product"}],"replies":[{"embeddable":true,"href":"https:\/\/www.hydraulic-cylinders.net\/sv\/wp-json\/wp\/v2\/comments?post=19451"}],"wp:featuredmedia":[{"embeddable":true,"href":"https:\/\/www.hydraulic-cylinders.net\/sv\/wp-json\/wp\/v2\/media\/17880"}],"wp:attachment":[{"href":"https:\/\/www.hydraulic-cylinders.net\/sv\/wp-json\/wp\/v2\/media?parent=19451"}],"wp:term":[{"taxonomy":"product_brand","embeddable":true,"href":"https:\/\/www.hydraulic-cylinders.net\/sv\/wp-json\/wp\/v2\/product_brand?post=19451"},{"taxonomy":"product_cat","embeddable":true,"href":"https:\/\/www.hydraulic-cylinders.net\/sv\/wp-json\/wp\/v2\/product_cat?post=19451"},{"taxonomy":"product_tag","embeddable":true,"href":"https:\/\/www.hydraulic-cylinders.net\/sv\/wp-json\/wp\/v2\/product_tag?post=19451"}],"curies":[{"name":"wp","href":"https:\/\/api.w.org\/{rel}","templated":true}]}}