{"id":19452,"date":"2025-04-07T06:48:15","date_gmt":"2025-04-07T06:48:15","guid":{"rendered":"https:\/\/www.hydraulic-cylinders.net\/product\/boom-cylinder-for-case-wheel-excavator-wx168\/"},"modified":"2025-04-07T06:48:18","modified_gmt":"2025-04-07T06:48:18","slug":"boom-cylinder-for-case-wheel-excavator-wx168","status":"publish","type":"product","link":"https:\/\/www.hydraulic-cylinders.net\/sv\/produkt\/boom-cylinder-for-case-wheel-excavator-wx168\/","title":{"rendered":"Bomcylinder f\u00f6r Case-hjulgr\u00e4vmaskin WX168"},"content":{"rendered":"<h1>Bomcylinder f\u00f6r Case-hjulgr\u00e4vmaskin WX168<\/h1>\n<h2>Produktdefinition och \u00f6versikt<\/h2>\n<p>Bomcylindern f\u00f6r Case WX168-hjulgr\u00e4vmaskinen \u00e4r en specialiserad hydraulcylinder som \u00e4r utformad f\u00f6r att styra bommens r\u00f6relse p\u00e5 olika tunga maskiner, inklusive gr\u00e4vmaskiner, traktorgr\u00e4vare och frontlastare. Denna cylinder g\u00f6r att bommen kan lyftas, s\u00e4nkas och lutas, vilket underl\u00e4ttar effektiva materialhanteringsuppgifter. Bomcylindern spelar en avg\u00f6rande roll i hydraulsystem, eftersom den omvandlar hydraultryck till mekanisk kraft, vilket m\u00f6jligg\u00f6r exakta och kraftfulla r\u00f6relser som \u00e4r avg\u00f6rande f\u00f6r bygg- och gr\u00e4varbeten.<\/p>\n<p><img decoding=\"async\" src=\"https:\/\/www.hydraulic-cylinders.net\/wp-content\/uploads\/2025\/04\/songte-company-1.webp\" alt=\"Bomcylinder f\u00f6r gr\u00e4vmaskiner\" \/><\/p>\n<h2>Viktiga funktioner hos bomcylindern<\/h2>\n<ul>\n<li><strong>H\u00f6g styrka och h\u00e5llbarhet:<\/strong> Tillverkad av h\u00f6gh\u00e5llfast st\u00e5l eller aluminium, konstruerad f\u00f6r att motst\u00e5 h\u00f6gt tryck och tunga belastningar, l\u00e4mplig f\u00f6r tuffa arbetsmilj\u00f6er, med slitstyrka och korrosionsbest\u00e4ndighet f\u00f6r att f\u00f6rl\u00e4nga livsl\u00e4ngden.<\/li>\n<li><strong>Effektiv hydraulisk drift:<\/strong> Anv\u00e4nder hydrauloljetryck f\u00f6r smidig ut- och indragning, svarar snabbt p\u00e5 kontrollkommandon och ger betydande tryck- och dragkraft, idealisk f\u00f6r hantering av tunga och komplexa uppgifter.<\/li>\n<li><strong>Olika typer:<\/strong> Finns som enkelverkande (hydrauliska i en riktning) eller dubbelverkande (hydrauliska i b\u00e5da riktningarna) cylindrar f\u00f6r att m\u00f6ta olika driftsbehov; vissa modeller \u00e4r teleskopiska, vilket m\u00f6jligg\u00f6r st\u00f6rre utbyggnad utan att \u00f6ka de yttersta m\u00e5tten, l\u00e4mpliga f\u00f6r applikationer med begr\u00e4nsat utrymme.<\/li>\n<li><strong>Anpassningsbar produktion:<\/strong> Vi kan tillverka denna produkt skr\u00e4ddarsydd efter specifika krav och erbjuder perfekta ers\u00e4ttningar f\u00f6r befintliga hydraulcylindrar.<\/li>\n<\/ul>\n<p><img decoding=\"async\" src=\"https:\/\/www.hydraulic-cylinders.net\/wp-content\/uploads\/2025\/04\/songte-cylinder-head-with-all-kinds-excavator-models.webp\" alt=\"Anpassad bomcylinder\" \/><\/p>\n<h2>Anv\u00e4ndningsomr\u00e5den f\u00f6r bomcylindern<\/h2>\n<h3>Byggutrustning<\/h3>\n<p>I gr\u00e4vmaskiner \u00e4r bomcylindrar avg\u00f6rande f\u00f6r gr\u00e4vning, lastning och f\u00f6rflyttning av jord eller skr\u00e4p. De g\u00f6r att bommen kan f\u00f6rl\u00e4ngas och dras in effektivt, vilket g\u00f6r att f\u00f6rarna kan utf\u00f6ra en m\u00e4ngd olika uppgifter med precision. I gr\u00e4vlastare hj\u00e4lper bomcylindrar inte bara till med gr\u00e4vning utan \u00e4ven med att lyfta laster, vilket g\u00f6r dem oumb\u00e4rliga f\u00f6r byggarbetsplatser d\u00e4r m\u00e5ngsidighet och kraft kr\u00e4vs.<\/p>\n<h3>Jordbruksmaskiner<\/h3>\n<p>Bomcylindrar, som anv\u00e4nds i frontlastare, hanterar uppgifter som att skopa, lyfta och transportera jord, h\u00f6 och andra material. Deras effektiva drift \u00f6kar produktiviteten inom jordbruksapplikationer, vilket g\u00f6r det m\u00f6jligt f\u00f6r lantbrukare att hantera tunga laster med l\u00e4tthet, vilket minskar manuellt arbete och \u00f6kar driftseffektiviteten.<\/p>\n<h3>Gr\u00e4vmaskiner<\/h3>\n<p>Bomcylindern g\u00f6r att gr\u00e4vmaskinens skopa kan tr\u00e4nga ner i jorden, vilket m\u00f6jligg\u00f6r effektiva gr\u00e4vningar. Denna f\u00f6rm\u00e5ga \u00e4r avg\u00f6rande f\u00f6r olika bygg- och gr\u00e4vuppgifter, d\u00e4r det \u00e4r n\u00f6dv\u00e4ndigt att n\u00e5 betydande djup och lyfta tunga material. Hydraulsystemets effektivitet p\u00e5verkar direkt prestandan och hastigheten vid gr\u00e4varbetet.<\/p>\n<h3>Lastare<\/h3>\n<p>Hos frontlastare underl\u00e4ttar bomcylindrar effektiv lyftning och lossning av laster. Deras design m\u00f6jligg\u00f6r smidig drift, vilket \u00e4r avg\u00f6rande f\u00f6r uppgifter som att r\u00f6ja skr\u00e4p, flytta material och utf\u00f6ra st\u00e4dning p\u00e5 byggarbetsplatser. Den hydrauliska kraften som bomcylindern tillhandah\u00e5ller s\u00e4kerst\u00e4ller att laster kan hanteras s\u00e4kert och effektivt.<\/p>\n<h2>Design\u00f6verv\u00e4ganden och urvalskriterier<\/h2>\n<h3>Lastkapacitet<\/h3>\n<p>Lastkapacitet \u00e4r en grundl\u00e4ggande designaspekt f\u00f6r bomcylindrar. Den avg\u00f6r den maximala vikt som cylindern kan hantera utan att kompromissa med prestanda eller s\u00e4kerhet. Tillverkare m\u00e5ste bed\u00f6ma de specifika till\u00e4mpningskraven och s\u00e4kerst\u00e4lla att cylindern kan fungera effektivt under olika belastningsf\u00f6rh\u00e5llanden. En l\u00e4mpligt utformad cylinder med r\u00e4tt lastkapacitet f\u00f6rb\u00e4ttrar den totala driftseffektiviteten och s\u00e4kerheten p\u00e5 arbetsplatser.<\/p>\n<h3>T\u00e4tning och h\u00e5llbarhet<\/h3>\n<p>Effektiv t\u00e4tning \u00e4r avg\u00f6rande f\u00f6r hydraulcylindrar, f\u00f6r att f\u00f6rhindra v\u00e4tskel\u00e4ckage och s\u00e4kerst\u00e4lla optimal prestanda. H\u00f6gkvalitativa t\u00e4tningar tillverkade av slitstarka material som polyuretan eller nitrilgummi \u00e4r viktiga. Dessa t\u00e4tningar m\u00e5ste klara de driftstryck och milj\u00f6f\u00f6rh\u00e5llanden som \u00e4r typiska i byggmilj\u00f6er. En v\u00e4l t\u00e4tad cylinder bidrar till livsl\u00e4ngd och minskar underh\u00e5llskostnaderna.<\/p>\n<h3>S\u00e4kerhetsfunktioner<\/h3>\n<p>S\u00e4kerhet \u00e4r av st\u00f6rsta vikt vid konstruktionen av bomcylindrar. Funktioner som tryckavlastningsventiler, som f\u00f6rhindrar \u00f6verdriven tryckuppbyggnad, f\u00f6rb\u00e4ttrar driftss\u00e4kerheten. Dessutom kan anv\u00e4ndningen av robusta material och noggrann konstruktion minska risken f\u00f6r cylinderfel under drift. S\u00e4kerhet b\u00f6r alltid prioriteras vid konstruktion av hydrauliska system f\u00f6r att skydda f\u00f6rare och maskiner.<\/p>\n<p><img decoding=\"async\" src=\"https:\/\/www.hydraulic-cylinders.net\/wp-content\/uploads\/2025\/04\/songte-oil-pipes-and-spare-parts.webp\" alt=\"Hydraulisk cylinderkonstruktion\" \/><\/p>\n<h2>T\u00e4tning och sm\u00f6rjning av hydraulcylindern<\/h2>\n<p>Korrekt t\u00e4tning och sm\u00f6rjning \u00e4r avg\u00f6rande f\u00f6r effektiv drift av hydraulcylindrar. Olika t\u00e4tningskomponenter, s\u00e5som kolvt\u00e4tningar och kolvst\u00e5ngst\u00e4tningar, s\u00e4kerst\u00e4ller att hydraulv\u00e4tskan f\u00f6rblir innesluten i cylindern, vilket f\u00f6rhindrar l\u00e4ckage som kan leda till prestandaproblem. T\u00e4tningar tillverkade av slitstarka material som polyuretan och nitrilgummi anv\u00e4nds ofta f\u00f6r att f\u00f6rb\u00e4ttra h\u00e5llbarheten. F\u00f6rutom t\u00e4tning genomg\u00e5r cylinderns hus och g\u00e4ngade \u00e4ndytor precisionsbearbetning f\u00f6r att f\u00f6rb\u00e4ttra slitstyrkan och den totala livsl\u00e4ngden.<\/p>\n<p>Regelbunden sm\u00f6rjning \u00e4r n\u00f6dv\u00e4ndig f\u00f6r att bibeh\u00e5lla optimal cylinderprestanda. Operat\u00f6rer b\u00f6r se till att en l\u00e4mplig m\u00e4ngd hydraulolja tills\u00e4tts regelbundet f\u00f6r att minimera friktion och slitage p\u00e5 r\u00f6rliga delar. Dessa proaktiva underh\u00e5lls\u00e5tg\u00e4rder kan avsev\u00e4rt f\u00f6rl\u00e4nga hydraulsystemets livsl\u00e4ngd.<\/p>\n<h2>F\u00f6rebyggande underh\u00e5lls\u00e5tg\u00e4rder<\/h2>\n<ul>\n<li><strong>Regelbundna inspektioner:<\/strong> Rutinkontroller f\u00f6r tecken p\u00e5 slitage eller l\u00e4ckage av hydraulv\u00e4tska \u00e4r avg\u00f6rande. Tidig uppt\u00e4ckt av problem kan f\u00f6rhindra kostsamma reparationer och s\u00e4kerst\u00e4lla fortsatt effektiv drift.<\/li>\n<li><strong>Korrekt sm\u00f6rjning:<\/strong> Se till att hydrauloljan \u00e4r fylld till rekommenderade niv\u00e5er och byt ut den vid behov f\u00f6r att bibeh\u00e5lla optimal sm\u00f6rjning och prestanda.<\/li>\n<li><strong>Byte av t\u00e4tning:<\/strong> Kontrollera regelbundet t\u00e4tningarna f\u00f6r tecken p\u00e5 nedbrytning och byt ut dem vid behov f\u00f6r att f\u00f6rhindra l\u00e4ckage och bibeh\u00e5lla trycket.<\/li>\n<\/ul>\n<h2>Installationsanvisningar f\u00f6r bomcylindern<\/h2>\n<p>Korrekt installation av bomcylindern \u00e4r avg\u00f6rande f\u00f6r att s\u00e4kerst\u00e4lla optimal prestanda och livsl\u00e4ngd. B\u00f6rja med att rikta in cylindern noggrant med monteringspunkterna p\u00e5 gr\u00e4vmaskinen. Anv\u00e4ndning av l\u00e4mpliga monteringsf\u00e4sten rekommenderas f\u00f6r att s\u00e4kra cylindern effektivt p\u00e5 plats. Under installationen \u00e4r det viktigt att s\u00e4kerst\u00e4lla att hydraulledningarna \u00e4r korrekt anslutna f\u00f6r att f\u00f6rhindra v\u00e4tskel\u00e4ckage och s\u00e4kerst\u00e4lla driftseffektivitet.<\/p>\n<p>Efter installationen, utf\u00f6r en noggrann kontroll av systemet f\u00f6r att verifiera att alla anslutningar \u00e4r s\u00e4kra och att cylindern fungerar smidigt. Testa cylindern under olika belastningar f\u00f6r att s\u00e4kerst\u00e4lla att den fungerar korrekt och uppfyller driftskraven.<\/p>\n<h2>Vanliga underh\u00e5llsuppgifter<\/h2>\n<h3>Regelbundna inspektioner<\/h3>\n<p>Genomf\u00f6r regelbundna inspektioner f\u00f6r att identifiera eventuella problem tidigt. Kontrollera tecken p\u00e5 slitage, l\u00e4ckor och korrekt inriktning. Tidig uppt\u00e4ckt kan f\u00f6rhindra mer allvarliga problem och minska driftstopp.<\/p>\n<h3>L\u00e4mplig sm\u00f6rjning<\/h3>\n<p>S\u00e4kerst\u00e4ll att hydrauloljan h\u00e5lls p\u00e5 r\u00e4tt niv\u00e5 och byts ut vid behov. Denna sm\u00f6rjning \u00e4r avg\u00f6rande f\u00f6r effektiv drift och f\u00f6rl\u00e4nger cylinderns livsl\u00e4ngd.<\/p>\n<h3>T\u00e4tningsbyte och kalibreringskontroller<\/h3>\n<p>Byt regelbundet t\u00e4tningar f\u00f6r att f\u00f6rhindra l\u00e4ckage och bibeh\u00e5lla trycket i hydraulsystemet. Kalibreringskontroller b\u00f6r utf\u00f6ras f\u00f6r att s\u00e4kerst\u00e4lla att cylindern fungerar med maximal effektivitet och s\u00e4kerhet, och att inriktningen \u00e4r korrekt under installationen.<\/p>\n<p><img decoding=\"async\" src=\"https:\/\/www.hydraulic-cylinders.net\/wp-content\/uploads\/2025\/04\/songte-chushion-collar.webp\" alt=\"Installation och underh\u00e5ll\" \/><\/p>\n<h2>S\u00e4kerhetsaspekter och milj\u00f6faktorer<\/h2>\n<p>Vid arbete med hydraulcylindrar \u00e4r s\u00e4kerhets\u00e5tg\u00e4rder avg\u00f6rande. Operat\u00f6rer b\u00f6r f\u00e5 korrekt utbildning f\u00f6r att hantera utrustning p\u00e5 ett s\u00e4kert s\u00e4tt. Anv\u00e4nd skyddsutrustning och f\u00f6lj s\u00e4kerhetsprotokoll f\u00f6r att minska riskerna i samband med hydraulsystem. Dessutom \u00e4r milj\u00f6h\u00e4nsyn, s\u00e5som korrekt kassering av hydraulv\u00e4tskor och underh\u00e5ll av utrustning f\u00f6r att f\u00f6rhindra l\u00e4ckor, avg\u00f6rande f\u00f6r att skydda ekosystemet.<\/p>\n<h2>Feldiagnos och vanliga problem<\/h2>\n<ul>\n<li><strong>L\u00e4ckage:<\/strong> Ett av de vanligaste problemen \u00e4r l\u00e4ckage av hydraulv\u00e4tska, vilket kan tyda p\u00e5 att t\u00e4tningen har g\u00e5tt s\u00f6nder. Regelbundna inspektioner kan hj\u00e4lpa till att uppt\u00e4cka detta tidigt.<\/li>\n<li><strong>L\u00e5ngsam respons:<\/strong> Om bomcylindern reagerar l\u00e5ngsamt kan det tyda p\u00e5 l\u00e5ga hydraulv\u00e4tskeniv\u00e5er eller att det finns luft inst\u00e4ngd i systemet som beh\u00f6ver luftas ut.<\/li>\n<li><strong>Oj\u00e4mn r\u00f6relse:<\/strong> Om cylindern r\u00f6r sig oj\u00e4mnt kan det tyda p\u00e5 ett problem med hydraultrycket eller feljustering under installationen.<\/li>\n<\/ul>\n<h2>Fels\u00f6kningstips och l\u00f6sningar<\/h2>\n<p>F\u00f6r att effektivt diagnostisera och l\u00f6sa problem med bomcylindern b\u00f6r operat\u00f6rer utveckla en systematisk metod. Kontrollera t\u00e4tningarna vid l\u00e4ckage och byt ut dem vid behov. Vid l\u00e5ngsamma reaktioner, se till att hydraulv\u00e4tskeniv\u00e5erna \u00e4r tillr\u00e4ckliga och lufta systemet om det finns luft.<\/p>\n<p>Genom att implementera f\u00f6rebyggande \u00e5tg\u00e4rder, s\u00e5som regelbundna inspektioner och underh\u00e5ll, kan potentiella problem minimeras, vilket f\u00f6rb\u00e4ttrar hydraulsystemets effektivitet och livsl\u00e4ngd.<\/p>\n<p><img decoding=\"async\" src=\"https:\/\/www.hydraulic-cylinders.net\/wp-content\/uploads\/2025\/04\/songte-bushings-with-all-kinds-of-excavator-models.webp\" alt=\"Fels\u00f6kning av hydraulcylinder\" \/><\/p>\n<h2>Om v\u00e5rt f\u00f6retag<\/h2>\n<p>Vi \u00e4r en ledande tillverkare av alternativa hydraulcylindrar och erbjuder ett omfattande produktsortiment som har etablerat oss som en framst\u00e5ende akt\u00f6r p\u00e5 b\u00e5de inhemska och internationella marknader. V\u00e5rt engagemang f\u00f6r exceptionell kvalitet \u00e4r tydligt i v\u00e5ra f\u00f6rfinade produktionsledningsstrategier och avancerade tillverkningsanl\u00e4ggningar. Vi f\u00f6rb\u00e4ttrar kontinuerligt v\u00e5r tillverkningsplattform genom att anst\u00e4lla skickliga tekniker, avancerad digital tillverkningsutrustning och professionella testsystem.<\/p>\n<p>Genom att fokusera p\u00e5 effektivitet, precision och kvalitet m\u00f6ter vi v\u00e5ra kunders olika behov. V\u00e5ra produkter \u00e4r utformade f\u00f6r att uppfylla internationella standarder, vilket s\u00e4kerst\u00e4ller tillf\u00f6rlitlighet och effektivitet i olika till\u00e4mpningar. Vi erbjuder \u00e4ven kundanpassade tj\u00e4nster som \u00e4r skr\u00e4ddarsydda f\u00f6r att m\u00f6ta specifika krav, vilket f\u00f6rb\u00e4ttrar v\u00e5r f\u00f6rm\u00e5ga att betj\u00e4na olika marknader.<\/p>\n<p><img decoding=\"async\" src=\"https:\/\/www.hydraulic-cylinders.net\/wp-content\/uploads\/2025\/04\/songte-company-4.webp\" alt=\"V\u00e5rt f\u00f6retag\" \/><br \/>\n<img decoding=\"async\" src=\"https:\/\/www.hydraulic-cylinders.net\/wp-content\/uploads\/2025\/04\/songte-company-3.webp\" alt=\"Tillverkning av hydraulcylindrar\" \/><\/p>\n<p>F\u00f6rfattare: lyl<\/p>","protected":false},"excerpt":{"rendered":"<p>Boom Cylinder For Case Wheel Excavator WX168 Product Definition and Overview The Boom Cylinder for Case Wheel Excavator WX168 is a specialized hydraulic cylinder designed to control the movement of the boom on various heavy machinery, including excavators, backhoe loaders, and front loaders. This cylinder allows the boom to lift, lower, and tilt, facilitating effective [&hellip;]<\/p>","protected":false},"featured_media":17881,"comment_status":"open","ping_status":"closed","template":"","meta":{"_et_pb_use_builder":"","_et_pb_old_content":"","_et_gb_content_width":""},"product_brand":[],"product_cat":[1546],"product_tag":[1547,1496],"class_list":{"0":"post-19452","1":"product","2":"type-product","3":"status-publish","4":"has-post-thumbnail","6":"product_cat-boom-cylinders","7":"product_tag-boom-cylinders","8":"product_tag-hydraulic-cylinders","10":"first","11":"instock","12":"shipping-taxable","13":"product-type-simple"},"amp_enabled":true,"_links":{"self":[{"href":"https:\/\/www.hydraulic-cylinders.net\/sv\/wp-json\/wp\/v2\/product\/19452","targetHints":{"allow":["GET"]}}],"collection":[{"href":"https:\/\/www.hydraulic-cylinders.net\/sv\/wp-json\/wp\/v2\/product"}],"about":[{"href":"https:\/\/www.hydraulic-cylinders.net\/sv\/wp-json\/wp\/v2\/types\/product"}],"replies":[{"embeddable":true,"href":"https:\/\/www.hydraulic-cylinders.net\/sv\/wp-json\/wp\/v2\/comments?post=19452"}],"wp:featuredmedia":[{"embeddable":true,"href":"https:\/\/www.hydraulic-cylinders.net\/sv\/wp-json\/wp\/v2\/media\/17881"}],"wp:attachment":[{"href":"https:\/\/www.hydraulic-cylinders.net\/sv\/wp-json\/wp\/v2\/media?parent=19452"}],"wp:term":[{"taxonomy":"product_brand","embeddable":true,"href":"https:\/\/www.hydraulic-cylinders.net\/sv\/wp-json\/wp\/v2\/product_brand?post=19452"},{"taxonomy":"product_cat","embeddable":true,"href":"https:\/\/www.hydraulic-cylinders.net\/sv\/wp-json\/wp\/v2\/product_cat?post=19452"},{"taxonomy":"product_tag","embeddable":true,"href":"https:\/\/www.hydraulic-cylinders.net\/sv\/wp-json\/wp\/v2\/product_tag?post=19452"}],"curies":[{"name":"wp","href":"https:\/\/api.w.org\/{rel}","templated":true}]}}