{"id":19455,"date":"2025-04-07T06:48:35","date_gmt":"2025-04-07T06:48:35","guid":{"rendered":"https:\/\/www.hydraulic-cylinders.net\/product\/boom-cylinder-for-zhenyu-small-excavator-zy330\/"},"modified":"2025-04-07T06:48:37","modified_gmt":"2025-04-07T06:48:37","slug":"boom-cylinder-for-zhenyu-small-excavator-zy330","status":"publish","type":"product","link":"https:\/\/www.hydraulic-cylinders.net\/sv\/produkt\/boom-cylinder-for-zhenyu-small-excavator-zy330\/","title":{"rendered":"Bomcylinder f\u00f6r Zhenyu liten gr\u00e4vmaskin ZY330"},"content":{"rendered":"<h1>Bomcylinder f\u00f6r Zhenyu liten gr\u00e4vmaskin ZY330<\/h1>\n<h2>Introduktion till bomcylindrar<\/h2>\n<p>Bomcylindern \u00e4r en viktig komponent i hydraulsystemet i tunga maskiner, speciellt utformad f\u00f6r att styra r\u00f6relsen hos gr\u00e4vmaskinsskopor. Den spelar en avg\u00f6rande roll f\u00f6r att m\u00f6jligg\u00f6ra uppgifter som att lyfta, s\u00e4nka och luta skopan, vilket underl\u00e4ttar effektiv materialhantering. Genom att omvandla hydraulisk energi till mekanisk r\u00f6relse ger bomcylindrar f\u00f6rarna m\u00f6jlighet att utf\u00f6ra olika funktioner med precision och hastighet.<\/p>\n<p><img decoding=\"async\" src=\"https:\/\/www.hydraulic-cylinders.net\/wp-content\/uploads\/2025\/04\/songte-company-1.webp\" alt=\"Bomcylinder\"><\/p>\n<h3>Definition och \u00f6versikt<\/h3>\n<p>En bomcylinder \u00e4r en typ av hydraulcylinder som \u00e4r speciellt konstruerad f\u00f6r tung utrustning som gr\u00e4vmaskiner, traktorgr\u00e4vare och frontlastare. Dess prim\u00e4ra funktion \u00e4r att styra skopans r\u00f6relse, s\u00e5 att den kan utf\u00f6ra uppgifter som \u00e4r avg\u00f6rande f\u00f6r gr\u00e4vning och materialtransport. Dessa cylindrar m\u00f6jligg\u00f6r exakt kontroll \u00f6ver skopans r\u00f6relser och ger den n\u00f6dv\u00e4ndiga kraften f\u00f6r att lyfta och luta, vilket \u00e4r avg\u00f6rande inom bygg- och jordbruksapplikationer.<\/p>\n<h2>Viktiga funktioner hos bomcylindern<\/h2>\n<ul>\n<li><strong>H\u00f6g styrka och h\u00e5llbarhet:<\/strong> Bomcylindrar, vanligtvis tillverkade av h\u00f6gh\u00e5llfast st\u00e5l eller aluminium, \u00e4r konstruerade f\u00f6r att motst\u00e5 h\u00f6gt tryck och tunga belastningar, l\u00e4mpliga f\u00f6r tuffa arbetsmilj\u00f6er. De \u00e4r konstruerade f\u00f6r slitstyrka och korrosionsskydd, vilket f\u00f6rl\u00e4nger deras livsl\u00e4ngd.<\/li>\n<li><strong>Effektiv hydraulisk drift:<\/strong> Genom att anv\u00e4nda hydrauloljetryck m\u00f6jligg\u00f6r bomcylindrar smidig ut- och ink\u00f6rning, vilket m\u00f6jligg\u00f6r snabb respons p\u00e5 f\u00f6rarens kommandon. De ger kraftfull tryck- och dragkraft, perfekt f\u00f6r hantering av tunga material och komplexa uppgifter.<\/li>\n<li><strong>Olika typer:<\/strong> Bomcylindrar finns i enkelverkande (med hydraulik i en riktning) eller dubbelverkande (med hydraulik i b\u00e5da riktningarna) och kan skr\u00e4ddarsys f\u00f6r att m\u00f6ta olika driftsbehov. Vissa modeller har teleskopiska konstruktioner, vilket m\u00f6jligg\u00f6r \u00f6kad utskjutning utan att f\u00f6rstora ytterm\u00e5tten, perfekt f\u00f6r applikationer med begr\u00e4nsat utrymme.<\/li>\n<li><strong>Kompatibilitet:<\/strong> V\u00e5ra produkter \u00e4r noggrant tillverkade f\u00f6r att fungera som idealiska ers\u00e4ttare f\u00f6r befintliga hydraulcylindrar, vilket s\u00e4kerst\u00e4ller s\u00f6ml\u00f6s integration och prestanda.<\/li>\n<\/ul>\n<p><img decoding=\"async\" src=\"https:\/\/www.hydraulic-cylinders.net\/wp-content\/uploads\/2025\/04\/songte-cylinder-head-with-all-kinds-excavator-models.webp\" alt=\"Gr\u00e4vmaskinsmodeller\"><\/p>\n<h2>Anv\u00e4ndningsomr\u00e5den f\u00f6r bomcylindern<\/h2>\n<h3>Byggutrustning<\/h3>\n<p>I entreprenadmaskiner \u00e4r bomcylindrar integrerade i gr\u00e4vmaskiner och ger den kraft som kr\u00e4vs f\u00f6r att gr\u00e4va, lasta och flytta jord eller skr\u00e4p. De underl\u00e4ttar effektiva gr\u00e4vprocesser och bidrar till den totala produktiviteten p\u00e5 byggarbetsplatser.<\/p>\n<h3>Jordbruksmaskiner<\/h3>\n<p>Bomcylindrar, som anv\u00e4nds i frontlastare, \u00e4r viktiga f\u00f6r att skopa, lyfta och transportera jord, h\u00f6 och andra material. Deras f\u00f6rm\u00e5ga att hantera tunga laster effektivt g\u00f6r dem oumb\u00e4rliga inom jordbruksarbete.<\/p>\n<h3>Gr\u00e4vmaskiner<\/h3>\n<p>I gr\u00e4vmaskiner g\u00f6r bomcylindrar att skopan kan tr\u00e4nga ner i marken, vilket m\u00f6jligg\u00f6r effektiva gr\u00e4vningsoperationer. Denna f\u00f6rm\u00e5ga \u00e4r avg\u00f6rande f\u00f6r olika projekt, fr\u00e5n landskapsarkitektur till storskalig gr\u00e4vning.<\/p>\n<h3>Lastare<\/h3>\n<p>P\u00e5 frontlastare hj\u00e4lper bomcylindrar till att lyfta och dumpa laster effektivt. De spelar en viktig roll i materialhanteringen och f\u00f6rb\u00e4ttrar lastarens driftskapacitet.<\/p>\n<h2>Design\u00f6verv\u00e4ganden och urvalskriterier<\/h2>\n<h3>Lastkapacitet<\/h3>\n<p>Vid konstruktion av en bomcylinder \u00e4r lastkapaciteten en kritisk faktor. Cylindern m\u00e5ste kunna hantera den maximala vikt som skopan kan lyfta samtidigt som s\u00e4kerhet och prestanda s\u00e4kerst\u00e4lls. Man b\u00f6r beakta materialstyrka, cylinderdimensioner och hydraultryck f\u00f6r att garantera tillf\u00f6rlitlighet under tunga belastningar.<\/p>\n<h3>T\u00e4tning<\/h3>\n<p>Effektiv t\u00e4tning \u00e4r av st\u00f6rsta vikt i hydrauliska system f\u00f6r att f\u00f6rhindra v\u00e4tskel\u00e4ckage och kontaminering. Valet av t\u00e4tningsmaterial, s\u00e5som polyuretan och nitrilgummi, \u00e4r avg\u00f6rande f\u00f6r att s\u00e4kerst\u00e4lla l\u00e5ng livsl\u00e4ngd och prestanda. Precisionsbearbetning av cylinderhuset och g\u00e4ngorna f\u00f6rb\u00e4ttrar t\u00e4tningens effektivitet, vilket bidrar till systemets \u00f6vergripande tillf\u00f6rlitlighet.<\/p>\n<h3>Varaktighet<\/h3>\n<p>H\u00e5llbarhet \u00e4r avg\u00f6rande f\u00f6r bomcylindrar, eftersom de anv\u00e4nds i kr\u00e4vande milj\u00f6er. Faktorer som materialval, ytbehandling och designfunktioner m\u00e5ste optimeras f\u00f6r att motst\u00e5 slitage och korrosion, vilket s\u00e4kerst\u00e4ller l\u00e4ngre livsl\u00e4ngd och l\u00e4gre underh\u00e5llskostnader.<\/p>\n<h3>S\u00e4kerhet<\/h3>\n<p>S\u00e4kerhet \u00e4r en avg\u00f6rande faktor vid konstruktionen av hydraulcylindrar. Funktioner som tryckavlastningsventiler, \u00f6verbelastningsskydd och robust konstruktion m\u00e5ste implementeras f\u00f6r att f\u00f6rhindra katastrofala fel och s\u00e4kerst\u00e4lla s\u00e4ker drift f\u00f6r utrustningen och dess operat\u00f6rer.<\/p>\n<h3>Underh\u00e5ll<\/h3>\n<p>Underh\u00e5llsfr\u00e5gor inkluderar enkel \u00e5tkomst f\u00f6r inspektioner och reparationer, tillg\u00e5ngen till reservdelar och komplexiteten vid demontering och montering. En v\u00e4lkonstruerad cylinder f\u00f6renklar underh\u00e5llsarbetet, minskar stillest\u00e5ndstiden och f\u00f6rb\u00e4ttrar den totala effektiviteten.<\/p>\n<p><img decoding=\"async\" src=\"https:\/\/www.hydraulic-cylinders.net\/wp-content\/uploads\/2025\/04\/songte-oil-pipes-and-spare-parts.webp\" alt=\"Hydrauliska delar\"><\/p>\n<h2>T\u00e4tning och sm\u00f6rjning<\/h2>\n<p>Bomcylindrarnas t\u00e4tningssystem \u00e4r avg\u00f6rande f\u00f6r att bibeh\u00e5lla den hydrauliska integriteten. Olika t\u00e4tningar, inklusive kolvt\u00e4tningar och kolvst\u00e5ngst\u00e4tningar, anv\u00e4nds f\u00f6r att s\u00e4kerst\u00e4lla att hydraulv\u00e4tskan f\u00f6rblir kvar i cylindern. Anv\u00e4ndningen av slitstarka material som polyuretan och nitrilgummi f\u00f6rb\u00e4ttrar motst\u00e5ndskraften mot slitage och milj\u00f6faktorer. Dessutom genomg\u00e5r cylinderhuset och de g\u00e4ngade \u00e4ndarna finbearbetningsprocesser f\u00f6r att f\u00f6rb\u00e4ttra slitstyrkan, vilket bidrar till den totala effektiviteten. Regelbunden sm\u00f6rjning med hydraulolja \u00e4r avg\u00f6rande f\u00f6r att s\u00e4kerst\u00e4lla smidig drift och f\u00f6rhindra f\u00f6r tidigt slitage, vilket kr\u00e4ver rutinkontroller f\u00f6r att bibeh\u00e5lla optimal prestanda.<\/p>\n<h2>Regelbundna inspektioner och f\u00f6rebyggande underh\u00e5ll<\/h2>\n<ul>\n<li><strong>Regelbundna inspektioner:<\/strong> Att utf\u00f6ra regelbundna visuella och driftsm\u00e4ssiga inspektioner kan hj\u00e4lpa till att identifiera tecken p\u00e5 slitage eller skador tidigt och f\u00f6rhindra ytterligare komplikationer.<\/li>\n<li><strong>Sm\u00f6rjning:<\/strong> Att uppr\u00e4tth\u00e5lla tillr\u00e4cklig sm\u00f6rjning \u00e4r avg\u00f6rande f\u00f6r smidig drift och l\u00e5ng livsl\u00e4ngd. Se till att hydrauloljeniv\u00e5erna \u00f6vervakas och fylls p\u00e5 vid behov.<\/li>\n<li><strong>Byte av t\u00e4tning:<\/strong> Kontrollera regelbundet t\u00e4tningarna f\u00f6r slitage och byt ut dem omedelbart f\u00f6r att f\u00f6rhindra v\u00e4tskel\u00e4ckage och bibeh\u00e5lla hydraulisk effektivitet.<\/li>\n<\/ul>\n<h2>Installationsriktlinjer<\/h2>\n<p>Korrekt installation av bomcylindrar \u00e4r avg\u00f6rande f\u00f6r optimal prestanda. B\u00f6rja med att se till att arbetsytan \u00e4r ren och fri fr\u00e5n skr\u00e4p. Rikta in cylindern noggrant i f\u00f6rh\u00e5llande till monteringspunkterna och anv\u00e4nd l\u00e4mpliga monteringsf\u00e4sten f\u00f6r att f\u00e4sta den. F\u00f6lj tillverkarens specifikationer f\u00f6r \u00e5tdragningsmoment f\u00f6r att s\u00e4kerst\u00e4lla en ordentlig passform. Korrekt inriktning \u00e4r avg\u00f6rande f\u00f6r att f\u00f6rhindra on\u00f6dig belastning p\u00e5 cylindern under drift. Efter installationen, utf\u00f6r en noggrann inspektion och testa hydraulsystemet f\u00f6r att s\u00e4kerst\u00e4lla att allt fungerar korrekt. Justeringar kan vara n\u00f6dv\u00e4ndiga f\u00f6r att optimera prestandan.<\/p>\n<h2>Underh\u00e5llsuppgifter<\/h2>\n<ul>\n<li><strong>Regelbundna inspektioner:<\/strong> Utf\u00f6r rutinkontroller f\u00f6r l\u00e4ckor, slitage och allm\u00e4nt skick. Tidig uppt\u00e4ckt av problem kan f\u00f6rhindra st\u00f6rre fel och kostsamma reparationer.<\/li>\n<li><strong>Korrekt sm\u00f6rjning:<\/strong> Se till att hydrauloljan fylls p\u00e5 regelbundet f\u00f6r att bibeh\u00e5lla smidig drift och f\u00f6rhindra slitage. F\u00f6lj tillverkarens riktlinjer f\u00f6r sm\u00f6rjintervall.<\/li>\n<li><strong>Kontroller av t\u00e4tningsbyte och kalibrering:<\/strong> Kontrollera regelbundet t\u00e4tningarna och byt ut dem vid behov. Kalibrering av hydraulsystemet s\u00e4kerst\u00e4ller korrekt drift och kan bidra till att f\u00f6rhindra framtida problem.<\/li>\n<\/ul>\n<h2>S\u00e4kerhetsaspekter och milj\u00f6faktorer<\/h2>\n<p>Vid anv\u00e4ndning av bomcylindrar \u00e4r s\u00e4kerhets\u00e5tg\u00e4rder av st\u00f6rsta vikt. Operat\u00f6rer b\u00f6r utbildas f\u00f6r att f\u00f6rst\u00e5 de potentiella riskerna som \u00e4r f\u00f6rknippade med hydrauliska system. Korrekt personlig skyddsutrustning (PPE) b\u00f6r anv\u00e4ndas hela tiden. Milj\u00f6faktorer, s\u00e5som exponering f\u00f6r extrema temperaturer och fr\u00e4tande \u00e4mnen, b\u00f6r ocks\u00e5 beaktas vid val och underh\u00e5ll av bomcylindrar. Implementering av s\u00e4kerhetsprotokoll och regelbunden utbildning kan avsev\u00e4rt minska olyckor och f\u00f6rb\u00e4ttra s\u00e4kerheten p\u00e5 arbetsplatsen.<\/p>\n<h2>Fels\u00f6kning av vanliga problem<\/h2>\n<ul>\n<li><strong>V\u00e4tskel\u00e4ckage:<\/strong> Kontrollera t\u00e4tningar och anslutningar f\u00f6r slitage eller skador och se till att hydraulv\u00e4tskeniv\u00e5erna bibeh\u00e5lls.<\/li>\n<li><strong>L\u00e5ngsam drift:<\/strong> Detta kan tyda p\u00e5 l\u00e5ga hydraulv\u00e4tskeniv\u00e5er eller luft i systemet. Lufta systemet och kontrollera om det finns n\u00e5gra blockeringar.<\/li>\n<li><strong>Svarsl\u00f6s cylinder:<\/strong> S\u00e4kerst\u00e4ll att hydraultrycket \u00e4r tillr\u00e4ckligt och att alla anslutningar \u00e4r s\u00e4kra. Unders\u00f6k eventuella blockeringar i hydraulledningarna.<\/li>\n<\/ul>\n<h2>Fels\u00f6kningstips<\/h2>\n<p>F\u00f6r effektiv fels\u00f6kning, f\u00f6r en detaljerad underh\u00e5llslogg f\u00f6r att sp\u00e5ra problem och reparationer. Granska regelbundet driftsprestandadata f\u00f6r att identifiera trender som kan tyda p\u00e5 underliggande problem. Implementera f\u00f6rebyggande \u00e5tg\u00e4rder, s\u00e5som rutinm\u00e4ssigt underh\u00e5ll och inspektioner, f\u00f6r att minimera potentiella problem. Att utbilda operat\u00f6rer i att k\u00e4nna igen tidiga tecken p\u00e5 problem kan f\u00f6rb\u00e4ttra systemets \u00f6vergripande tillf\u00f6rlitlighet.<\/p>\n<p><img decoding=\"async\" src=\"https:\/\/www.hydraulic-cylinders.net\/wp-content\/uploads\/2025\/04\/songte-bushings-with-all-kinds-of-excavator-models.webp\" alt=\"Gr\u00e4vmaskinsbussningar\"><\/p>\n<h2>Om v\u00e5rt f\u00f6retag<\/h2>\n<p>Vi \u00e4r en tillverkare av hydraulcylindrar f\u00f6r reservdelar och erbjuder ett omfattande produktsortiment som etablerar oss som en av de ledande tillverkarna och grossistdistribut\u00f6rerna p\u00e5 b\u00e5de inhemska och internationella marknader. Vi f\u00f6ljer exceptionella kvalitetsstandarder och utnyttjar en f\u00f6rfinad tillverkningsverkstad och en industriell produktionsledningsstrategi. V\u00e5rt f\u00f6retag f\u00f6rb\u00e4ttrar kontinuerligt sin tillverkningsplattform genom till\u00e4mpning av teknisk talang, digital avancerad tillverkningsutrustning och specialiserade testsystem, vilket s\u00e4kerst\u00e4ller effektiva produktionsv\u00e4gar och \u00f6verl\u00e4gsen produktkvalitet.<\/p>\n<p><img decoding=\"async\" src=\"https:\/\/www.hydraulic-cylinders.net\/wp-content\/uploads\/2025\/04\/songte-company-4.webp\" alt=\"F\u00f6retags\u00f6versikt\"><br \/>\n<img decoding=\"async\" src=\"https:\/\/www.hydraulic-cylinders.net\/wp-content\/uploads\/2025\/04\/songte-company-3.webp\" alt=\"Tillverkningsprocess\"><\/p>\n<p>V\u00e5rt engagemang f\u00f6r specialisering, internationella certifieringar, anpassningsbara tj\u00e4nster, avancerad produktionsutrustning och exceptionell eftermarknadssupport s\u00e4kerst\u00e4ller att vi effektivt m\u00f6ter v\u00e5ra kunders olika behov.<\/p>\n<p>F\u00f6rfattare: lyl<\/p>","protected":false},"excerpt":{"rendered":"<p>Boom Cylinder For Zhenyu Small Excavator ZY330 Introduction to Boom Cylinders The Boom Cylinder is a vital component in the hydraulic system of heavy machinery, specifically designed for controlling the movement of excavator buckets. It plays a crucial role in enabling tasks such as lifting, lowering, and tilting the bucket, facilitating efficient material handling operations. [&hellip;]<\/p>","protected":false},"featured_media":17869,"comment_status":"open","ping_status":"closed","template":"","meta":{"_et_pb_use_builder":"","_et_pb_old_content":"","_et_gb_content_width":""},"product_brand":[],"product_cat":[1546],"product_tag":[1547,1496],"class_list":{"0":"post-19455","1":"product","2":"type-product","3":"status-publish","4":"has-post-thumbnail","6":"product_cat-boom-cylinders","7":"product_tag-boom-cylinders","8":"product_tag-hydraulic-cylinders","10":"first","11":"instock","12":"shipping-taxable","13":"product-type-simple"},"amp_enabled":true,"_links":{"self":[{"href":"https:\/\/www.hydraulic-cylinders.net\/sv\/wp-json\/wp\/v2\/product\/19455","targetHints":{"allow":["GET"]}}],"collection":[{"href":"https:\/\/www.hydraulic-cylinders.net\/sv\/wp-json\/wp\/v2\/product"}],"about":[{"href":"https:\/\/www.hydraulic-cylinders.net\/sv\/wp-json\/wp\/v2\/types\/product"}],"replies":[{"embeddable":true,"href":"https:\/\/www.hydraulic-cylinders.net\/sv\/wp-json\/wp\/v2\/comments?post=19455"}],"wp:featuredmedia":[{"embeddable":true,"href":"https:\/\/www.hydraulic-cylinders.net\/sv\/wp-json\/wp\/v2\/media\/17869"}],"wp:attachment":[{"href":"https:\/\/www.hydraulic-cylinders.net\/sv\/wp-json\/wp\/v2\/media?parent=19455"}],"wp:term":[{"taxonomy":"product_brand","embeddable":true,"href":"https:\/\/www.hydraulic-cylinders.net\/sv\/wp-json\/wp\/v2\/product_brand?post=19455"},{"taxonomy":"product_cat","embeddable":true,"href":"https:\/\/www.hydraulic-cylinders.net\/sv\/wp-json\/wp\/v2\/product_cat?post=19455"},{"taxonomy":"product_tag","embeddable":true,"href":"https:\/\/www.hydraulic-cylinders.net\/sv\/wp-json\/wp\/v2\/product_tag?post=19455"}],"curies":[{"name":"wp","href":"https:\/\/api.w.org\/{rel}","templated":true}]}}