{"id":19459,"date":"2025-04-07T06:48:45","date_gmt":"2025-04-07T06:48:45","guid":{"rendered":"https:\/\/www.hydraulic-cylinders.net\/product\/boom-cylinder-for-world-small-excavator-w265-8\/"},"modified":"2025-04-07T06:48:47","modified_gmt":"2025-04-07T06:48:47","slug":"boom-cylinder-for-world-small-excavator-w265-8","status":"publish","type":"product","link":"https:\/\/www.hydraulic-cylinders.net\/sv\/produkt\/boom-cylinder-for-world-small-excavator-w265-8\/","title":{"rendered":"Bomcylinder f\u00f6r liten gr\u00e4vmaskin i v\u00e4rlden W265-8"},"content":{"rendered":"<h1>Bomcylinder f\u00f6r liten gr\u00e4vmaskin i v\u00e4rlden W265-8<\/h1>\n<h2>Vad \u00e4r en bomcylinder?<\/h2>\n<p>Bomcylindern, speciellt utformad f\u00f6r World Small Excavator W265-8, \u00e4r en avg\u00f6rande komponent i hydraulsystem. Det \u00e4r en typ av hydraulcylinder som underl\u00e4ttar bommens r\u00f6relse p\u00e5 gr\u00e4vmaskiner, gr\u00e4vmaskiner och frontlastare. Denna cylinder g\u00f6r att bommen kan lyftas, s\u00e4nkas och lutas, vilket g\u00f6r den till ett viktigt verktyg f\u00f6r materialhanteringsuppgifter. Bomcylinderns funktion \u00e4r avg\u00f6rande i olika bygg- och jordbruksapplikationer, eftersom den direkt p\u00e5verkar maskinens prestanda och effektivitet.<\/p>\n<p><img decoding=\"async\" src=\"https:\/\/www.hydraulic-cylinders.net\/wp-content\/uploads\/2025\/04\/songte-company-1.webp\" alt=\"Bomcylinder\" \/><\/p>\n<h2>Funktioner hos bomcylindern<\/h2>\n<ul>\n<li>\n<h3>H\u00f6g styrka och h\u00e5llbarhet<\/h3>\n<p>Bomcylindern, som vanligtvis \u00e4r tillverkad av h\u00f6gh\u00e5llfast st\u00e5l eller aluminium, t\u00e5l h\u00f6gt tryck och tunga belastningar, vilket g\u00f6r den l\u00e4mplig f\u00f6r tuffa arbetsmilj\u00f6er. Dess design inkluderar slitstyrka och korrosionsbest\u00e4ndighet, vilket avsev\u00e4rt f\u00f6rl\u00e4nger dess livsl\u00e4ngd.<\/p>\n<\/li>\n<li>\n<h3>Effektiv hydraulisk drift<\/h3>\n<p>Bomcylindern anv\u00e4nder hydrauloljetryck f\u00f6r att uppn\u00e5 en j\u00e4mn teleskopr\u00f6relse, vilket m\u00f6jligg\u00f6r snabb respons p\u00e5 styrkommandon. Denna f\u00f6rm\u00e5ga ger starka tryck- och dragkrafter, vilket \u00e4r idealiskt f\u00f6r hantering av tunga f\u00f6rem\u00e5l och komplexa driftsuppgifter.<\/p>\n<\/li>\n<li>\n<h3>Olika typer<\/h3>\n<p>Beroende p\u00e5 till\u00e4mpningskraven kan bomcylindern v\u00e4ljas som enkelverkande (med hydraulisk kraft i en riktning) eller dubbelverkande (med hydraulisk kraft i tv\u00e5 riktningar). Vissa modeller \u00e4r teleskopiska, vilket m\u00f6jligg\u00f6r st\u00f6rre utdrag utan att \u00f6ka ytterm\u00e5tten, vilket g\u00f6r dem l\u00e4mpliga f\u00f6r tr\u00e5nga utrymmen.<\/p>\n<\/li>\n<li>\n<h3>Anpassad tillverkning<\/h3>\n<p>Vi specialiserar oss p\u00e5 tillverkning av bomcylindrar som \u00e4r perfekta ers\u00e4ttare f\u00f6r befintliga hydraulcylindrar. V\u00e5ra produkter \u00e4r utformade f\u00f6r att m\u00f6ta de specifika behoven hos olika gr\u00e4vmaskinsmodeller, vilket s\u00e4kerst\u00e4ller kompatibilitet och tillf\u00f6rlitlighet.<\/p>\n<\/li>\n<li>\n<h3>Kvalitetss\u00e4kring<\/h3>\n<p>V\u00e5ra tillverkningsprocesser f\u00f6ljer strikta kvalitetsstandarder, vilket s\u00e4kerst\u00e4ller att varje producerad bomcylinder \u00e4r av h\u00f6gsta kvalitet och kapabel att fungera under kr\u00e4vande f\u00f6rh\u00e5llanden.<\/p>\n<\/li>\n<\/ul>\n<p><img decoding=\"async\" src=\"https:\/\/www.hydraulic-cylinders.net\/wp-content\/uploads\/2025\/04\/songte-cylinder-head-with-all-kinds-excavator-models.webp\" alt=\"Gr\u00e4vmaskinsmodeller\" \/><\/p>\n<h2>Anv\u00e4ndningsomr\u00e5den f\u00f6r bomcylindern<\/h2>\n<ul>\n<li>\n<h3>Byggutrustning<\/h3>\n<p>Bomcylindern \u00e4r vanlig i gr\u00e4vmaskiner, d\u00e4r den spelar en avg\u00f6rande roll vid gr\u00e4vning, lastning och flyttning av jord eller skr\u00e4p. I gr\u00e4vmaskiner hj\u00e4lper bomcylindern till b\u00e5de vid gr\u00e4vning och lyft, vilket maximerar produktiviteten p\u00e5 byggarbetsplatser.<\/p>\n<\/li>\n<li>\n<h3>Jordbruksmaskiner<\/h3>\n<p>I frontlastare anv\u00e4nds bomcylindrar f\u00f6r att skopa, lyfta och transportera jord, h\u00f6 och andra material. Deras effektiva drift m\u00f6jligg\u00f6r snabb man\u00f6vrering, vilket \u00e4r avg\u00f6rande f\u00f6r effektiv g\u00e5rdsdrift.<\/p>\n<\/li>\n<li>\n<h3>Gr\u00e4vmaskiner<\/h3>\n<p>Gr\u00e4vmaskiner f\u00f6rlitar sig p\u00e5 bomcylindern f\u00f6r att tr\u00e4nga ner i jorden, vilket underl\u00e4ttar gr\u00e4vningen. Bomcylinderns hydrauliska kapacitet g\u00f6r det m\u00f6jligt f\u00f6r gr\u00e4vmaskinen att utf\u00f6ra djupgr\u00e4vningsuppgifter effektivt.<\/p>\n<\/li>\n<li>\n<h3>Lastare<\/h3>\n<p>P\u00e5 frontlastare hj\u00e4lper bomcylindern till att lyfta och dumpa laster effektivt. Dess design m\u00f6jligg\u00f6r optimal kontroll, vilket s\u00e4kerst\u00e4ller att material kan placeras exakt d\u00e4r det beh\u00f6vs.<\/p>\n<\/li>\n<\/ul>\n<h2>Design\u00f6verv\u00e4ganden och urvalskriterier<\/h2>\n<ul>\n<li>\n<h3>Lastkapacitet<\/h3>\n<p>N\u00e4r man v\u00e4ljer en bomcylinder \u00e4r det viktigt att ta h\u00e4nsyn till dess lastkapacitet. Detta s\u00e4kerst\u00e4ller att cylindern kan hantera den maximala vikt den kommer att uts\u00e4ttas f\u00f6r under drift. En h\u00f6g lastkapacitet \u00f6kar inte bara effektiviteten utan minimerar ocks\u00e5 risken f\u00f6r utrustningsfel.<\/p>\n<\/li>\n<li>\n<h3>T\u00e4tning<\/h3>\n<p>Bomcylinderns t\u00e4tningsprestanda \u00e4r avg\u00f6rande f\u00f6r dess funktion. Korrekta t\u00e4tningar f\u00f6rhindrar l\u00e4ckage av hydraulv\u00e4tska och s\u00e4kerst\u00e4ller att cylindern bibeh\u00e5ller sin effektivitet. T\u00e4tningar m\u00e5ste v\u00e4ljas noggrant f\u00f6r att passa driftsf\u00f6rh\u00e5llandena, och regelbundet underh\u00e5ll \u00e4r n\u00f6dv\u00e4ndigt f\u00f6r att s\u00e4kerst\u00e4lla deras integritet.<\/p>\n<\/li>\n<li>\n<h3>Varaktighet<\/h3>\n<p>H\u00e5llbarhet \u00e4r en nyckelfaktor vid konstruktionen av bomcylindrar. De uts\u00e4tts f\u00f6r extrema f\u00f6rh\u00e5llanden, s\u00e5 robusta material och konstruktionsmetoder m\u00e5ste anv\u00e4ndas. En h\u00e5llbar cylinder t\u00e5l slitage, vilket f\u00f6rl\u00e4nger dess livsl\u00e4ngd och minskar underh\u00e5llskostnaderna.<\/p>\n<\/li>\n<li>\n<h3>S\u00e4kerhet<\/h3>\n<p>S\u00e4kerhetsfunktioner i bomcylinderns konstruktion \u00e4r av st\u00f6rsta vikt. De m\u00e5ste inkludera mekanismer f\u00f6r att f\u00f6rhindra \u00f6verutstr\u00e4ckning eller fel, vilket skyddar b\u00e5de f\u00f6raren och maskinen. Regelbundna s\u00e4kerhetskontroller \u00e4r ocks\u00e5 avg\u00f6rande f\u00f6r att s\u00e4kerst\u00e4lla funktionalitet.<\/p>\n<\/li>\n<li>\n<h3>Underh\u00e5ll<\/h3>\n<p>Enkelt underh\u00e5ll \u00e4r en viktig faktor n\u00e4r man v\u00e4ljer en bomcylinder. Konstruktioner som underl\u00e4ttar enkel \u00e5tkomst till delar f\u00f6r inspektion, sm\u00f6rjning och utbyte sparar tid och resurser i l\u00e4ngden.<\/p>\n<\/li>\n<\/ul>\n<p><img decoding=\"async\" src=\"https:\/\/www.hydraulic-cylinders.net\/wp-content\/uploads\/2025\/04\/songte-oil-pipes-and-spare-parts.webp\" alt=\"Oljer\u00f6r och reservdelar\" \/><\/p>\n<h2>T\u00e4tning och sm\u00f6rjning av cylindern<\/h2>\n<p>T\u00e4tning och sm\u00f6rjning av bomcylindern \u00e4r avg\u00f6rande f\u00f6r dess optimala prestanda. Olika t\u00e4tningar, s\u00e5som kolvt\u00e4tningar och kolvst\u00e5ngst\u00e4tningar, anv\u00e4nds f\u00f6r att f\u00f6rhindra l\u00e4ckage av hydraulv\u00e4tska. T\u00e4tningar tillverkade av slitstarka material som polyuretan och nitrilgummi \u00e4r avg\u00f6rande f\u00f6r livsl\u00e4ngden. Ytorna p\u00e5 cylinderhuset och de g\u00e4ngade \u00e4ndarna genomg\u00e5r precisionsbearbetning f\u00f6r att f\u00f6rb\u00e4ttra slitstyrkan. Regelbunden sm\u00f6rjning med l\u00e4mplig hydraulolja \u00e4r n\u00f6dv\u00e4ndig f\u00f6r att uppr\u00e4tth\u00e5lla smidig drift och f\u00f6rhindra friktionsrelaterade skador.<\/p>\n<h2>Regelbunden inspektion och f\u00f6rebyggande underh\u00e5ll<\/h2>\n<ul>\n<li>\n<h3>Regelbundna inspektioner<\/h3>\n<p>Att regelbundet kontrollera bomcylindern \u00e4r viktigt f\u00f6r att identifiera tecken p\u00e5 slitage eller skador. Leta efter l\u00e4ckor, ovanliga ljud och oregelbundna r\u00f6relser. Tidig uppt\u00e4ckt av problem kan f\u00f6rhindra betydande fel och kostsamma reparationer.<\/p>\n<\/li>\n<li>\n<h3>Korrekt sm\u00f6rjning<\/h3>\n<p>S\u00e4kerst\u00e4ll att cylindern \u00e4r tillr\u00e4ckligt smord med r\u00e4tt hydraulolja f\u00f6r att minimera slitage och underl\u00e4tta smidig drift. Uppr\u00e4tta ett sm\u00f6rjschema baserat p\u00e5 anv\u00e4ndningsfrekvens och driftsf\u00f6rh\u00e5llanden.<\/p>\n<\/li>\n<li>\n<h3>T\u00e4tningsbyte och kalibreringskontroller<\/h3>\n<p>Kontrollera och byt regelbundet t\u00e4tningar vid behov f\u00f6r att bibeh\u00e5lla hydraulsystemets integritet. Kalibreringskontroller s\u00e4kerst\u00e4ller att cylindern fungerar inom de angivna parametrarna, vilket f\u00f6rb\u00e4ttrar prestanda och s\u00e4kerhet.<\/p>\n<\/li>\n<\/ul>\n<h2>Installationsriktlinjer<\/h2>\n<p>Installation av en bomcylinder kr\u00e4ver noggrann uppm\u00e4rksamhet p\u00e5 detaljer f\u00f6r att s\u00e4kerst\u00e4lla korrekt funktion. B\u00f6rja med att se till att alla n\u00f6dv\u00e4ndiga verktyg och utrustning finns till hands. Rikta in cylindern korrekt med monteringsf\u00e4stena och anv\u00e4nd l\u00e4mpliga installationsst\u00f6d f\u00f6r att f\u00f6rhindra feljustering. Dra \u00e5t bultarna enligt tillverkarens specifikationer f\u00f6r att s\u00e4kerst\u00e4lla en s\u00e4ker passform. Efter installationen, utf\u00f6r en noggrann inspektion f\u00f6r att bekr\u00e4fta att alla anslutningar \u00e4r \u00e5tdragna och att det inte finns n\u00e5gra l\u00e4ckor. F\u00f6lj upp med ett funktionstest f\u00f6r att s\u00e4kerst\u00e4lla problemfri drift innan maskinen tas i bruk.<\/p>\n<h2>Vanliga underh\u00e5llsuppgifter<\/h2>\n<ul>\n<li>\n<h3>Regelbundna inspektioner<\/h3>\n<p>Regelbundna inspektioner \u00e4r avg\u00f6rande f\u00f6r att identifiera potentiella problem tidigt. Kontrollera tecken p\u00e5 slitage, l\u00e4ckor och \u00f6vergripande funktionalitet. Schemalagda inspektioner kan f\u00f6rhindra kostsamma reparationer och driftstopp.<\/p>\n<\/li>\n<li>\n<h3>Korrekt sm\u00f6rjning<\/h3>\n<p>Sm\u00f6rj bomcylindern som en del av ett rutinm\u00e4ssigt underh\u00e5llsschema. Korrekt sm\u00f6rjning minskar friktion och slitage, vilket f\u00f6rl\u00e4nger cylinderns livsl\u00e4ngd.<\/p>\n<\/li>\n<li>\n<h3>T\u00e4tningsbyte och kalibreringskontroller<\/h3>\n<p>Rutinkontroller av t\u00e4tningar s\u00e4kerst\u00e4ller hydraulisk integritet. Byt ut slitna t\u00e4tningar omedelbart f\u00f6r att f\u00f6rhindra l\u00e4ckage och kalibrera cylindern f\u00f6r att bekr\u00e4fta att den fungerar inom \u00f6nskade specifikationer.<\/p>\n<\/li>\n<\/ul>\n<p><img decoding=\"async\" src=\"https:\/\/www.hydraulic-cylinders.net\/wp-content\/uploads\/2025\/04\/songte-chushion-collar.webp\" alt=\"Kuddekrage\" \/><\/p>\n<h2>S\u00e4kerhetsaspekter och milj\u00f6faktorer<\/h2>\n<p>Vid arbete med hydrauliska system \u00e4r s\u00e4kerhets\u00e5tg\u00e4rder av st\u00f6rsta vikt. Se till att alla operat\u00f6rer \u00e4r utbildade i s\u00e4ker hantering av maskiner och hydraulv\u00e4tskor. Korrekt s\u00e4kerhetsutrustning b\u00f6r b\u00e4ras hela tiden. Det \u00e4r viktigt att vara medveten om milj\u00f6p\u00e5verkan, s\u00e5som spill av hydraulv\u00e4tska. Regelbundet underh\u00e5ll f\u00f6rhindrar l\u00e4ckor, skyddar omgivningen och s\u00e4kerst\u00e4ller samtidigt s\u00e4ker drift.<\/p>\n<h2>Feldiagnos och vanliga problem<\/h2>\n<ul>\n<li>\n<h3>Hydrauliska l\u00e4ckor<\/h3>\n<p>L\u00e4ckor tyder ofta p\u00e5 slitna t\u00e4tningar eller skadade r\u00f6r. Kontrollera regelbundet t\u00e4tningarna f\u00f6r slitage och byt ut dem vid behov. Om ett l\u00e4ckage uppst\u00e5r, identifiera k\u00e4llan snabbt och \u00e5tg\u00e4rda det f\u00f6r att f\u00f6rhindra ytterligare skador.<\/p>\n<\/li>\n<li>\n<h3>Svarsl\u00f6s cylinder<\/h3>\n<p>Om cylindern inte svarar eller \u00e4r tr\u00f6g, kontrollera hydraulv\u00e4tskeniv\u00e5erna och filterskicket. Luft som \u00e4r inst\u00e4ngd i systemet kan ocks\u00e5 orsaka problem med responsen, vilket kr\u00e4ver att systemet luftas f\u00f6r att \u00e5tg\u00e4rdas.<\/p>\n<\/li>\n<li>\n<h3>\u00d6verhettning<\/h3>\n<p>\u00d6verhettning kan bero p\u00e5 f\u00f6r h\u00f6g belastning eller l\u00e5ga v\u00e4tskeniv\u00e5er. \u00d6vervaka driftsf\u00f6rh\u00e5llandena och se till att systemet inte \u00f6verbelastas. Bibeh\u00e5ll tillr\u00e4ckliga v\u00e4tskeniv\u00e5er f\u00f6r att underl\u00e4tta kylningen.<\/p>\n<\/li>\n<\/ul>\n<h2>Tips f\u00f6r probleml\u00f6sning<\/h2>\n<p>F\u00f6r att effektivt diagnostisera och l\u00f6sa cylinderrelaterade problem \u00e4r det viktigt att anv\u00e4nda ett systematiskt tillv\u00e4gag\u00e5ngss\u00e4tt. B\u00f6rja med regelbundna kontroller och underh\u00e5llsrutiner f\u00f6r att identifiera potentiella problem innan de eskalerar. F\u00f6r register \u00f6ver underh\u00e5llsaktiviteter f\u00f6r att sp\u00e5ra eventuella \u00e5terkommande problem. Implementera f\u00f6rebyggande \u00e5tg\u00e4rder som korrekt belastningsteknik och s\u00e4kerst\u00e4llande av tillr\u00e4cklig sm\u00f6rjning f\u00f6r att minimera slitage p\u00e5 cylindern.<\/p>\n<p><img decoding=\"async\" src=\"https:\/\/www.hydraulic-cylinders.net\/wp-content\/uploads\/2025\/04\/songte-bushings-with-all-kinds-of-excavator-models.webp\" alt=\"Bussningar f\u00f6r gr\u00e4vmaskinsmodeller\" \/><\/p>\n<h2>Om v\u00e5rt f\u00f6retag<\/h2>\n<p>Vi \u00e4r en ledande tillverkare av hydraulcylindrar f\u00f6r reservdelar och erbjuder ett omfattande produktsortiment f\u00f6r b\u00e5de inhemska och internationella marknader. V\u00e5rt engagemang f\u00f6r kvalitet \u00e5terspeglas i v\u00e5ra noggranna tillverkningsprocesser, som st\u00f6ds av avancerad teknik och en skicklig arbetsstyrka. Vi betonar kvalitet inom produktionsledning och s\u00e4kerst\u00e4ller att vi m\u00f6ter v\u00e5ra kunders olika behov med h\u00f6g effektivitet, precision och kvalitet.<\/p>\n<p><img decoding=\"async\" src=\"https:\/\/www.hydraulic-cylinders.net\/wp-content\/uploads\/2025\/04\/songte-company-4.webp\" alt=\"F\u00f6retagsbild 1\" \/><br \/>\n<img decoding=\"async\" src=\"https:\/\/www.hydraulic-cylinders.net\/wp-content\/uploads\/2025\/04\/songte-company-3.webp\" alt=\"F\u00f6retagsbild 2\" \/><\/p>\n<h2>Slutsats<\/h2>\n<p>Med fokus p\u00e5 professionalism, internationella certifieringar, kundanpassade tj\u00e4nster, avancerad tillverkningsutrustning och exceptionell eftermarknadssupport str\u00e4var vi efter att erbjuda v\u00e5ra kunder de b\u00e4sta hydrauliska l\u00f6sningarna.<\/p>\n<p>F\u00f6rfattare: lyl<\/p>","protected":false},"excerpt":{"rendered":"<p>Boom Cylinder For World Small Excavator W265-8 What is a Boom Cylinder? The Boom Cylinder, specifically designed for the World Small Excavator W265-8, is a crucial component in hydraulic systems. It is a type of hydraulic cylinder that facilitates the movement of the boom on excavators, backhoes, and front loaders. This cylinder enables the boom [&hellip;]<\/p>","protected":false},"featured_media":17873,"comment_status":"open","ping_status":"closed","template":"","meta":{"_et_pb_use_builder":"","_et_pb_old_content":"","_et_gb_content_width":""},"product_brand":[],"product_cat":[1546],"product_tag":[1547,1496],"class_list":{"0":"post-19459","1":"product","2":"type-product","3":"status-publish","4":"has-post-thumbnail","6":"product_cat-boom-cylinders","7":"product_tag-boom-cylinders","8":"product_tag-hydraulic-cylinders","10":"first","11":"instock","12":"shipping-taxable","13":"product-type-simple"},"amp_enabled":true,"_links":{"self":[{"href":"https:\/\/www.hydraulic-cylinders.net\/sv\/wp-json\/wp\/v2\/product\/19459","targetHints":{"allow":["GET"]}}],"collection":[{"href":"https:\/\/www.hydraulic-cylinders.net\/sv\/wp-json\/wp\/v2\/product"}],"about":[{"href":"https:\/\/www.hydraulic-cylinders.net\/sv\/wp-json\/wp\/v2\/types\/product"}],"replies":[{"embeddable":true,"href":"https:\/\/www.hydraulic-cylinders.net\/sv\/wp-json\/wp\/v2\/comments?post=19459"}],"wp:featuredmedia":[{"embeddable":true,"href":"https:\/\/www.hydraulic-cylinders.net\/sv\/wp-json\/wp\/v2\/media\/17873"}],"wp:attachment":[{"href":"https:\/\/www.hydraulic-cylinders.net\/sv\/wp-json\/wp\/v2\/media?parent=19459"}],"wp:term":[{"taxonomy":"product_brand","embeddable":true,"href":"https:\/\/www.hydraulic-cylinders.net\/sv\/wp-json\/wp\/v2\/product_brand?post=19459"},{"taxonomy":"product_cat","embeddable":true,"href":"https:\/\/www.hydraulic-cylinders.net\/sv\/wp-json\/wp\/v2\/product_cat?post=19459"},{"taxonomy":"product_tag","embeddable":true,"href":"https:\/\/www.hydraulic-cylinders.net\/sv\/wp-json\/wp\/v2\/product_tag?post=19459"}],"curies":[{"name":"wp","href":"https:\/\/api.w.org\/{rel}","templated":true}]}}