{"id":19466,"date":"2025-04-07T06:49:04","date_gmt":"2025-04-07T06:49:04","guid":{"rendered":"https:\/\/www.hydraulic-cylinders.net\/product\/boom-cylinder-for-world-middle-excavator-w2260lc-8\/"},"modified":"2025-04-07T06:49:07","modified_gmt":"2025-04-07T06:49:07","slug":"boom-cylinder-for-world-middle-excavator-w2260lc-8","status":"publish","type":"product","link":"https:\/\/www.hydraulic-cylinders.net\/sv\/produkt\/boom-cylinder-for-world-middle-excavator-w2260lc-8\/","title":{"rendered":"Bomcylinder f\u00f6r World Middle Excavator W2260LC-8"},"content":{"rendered":"<h1>Bomcylinder f\u00f6r World Middle Excavator W2260LC-8<\/h1>\n<h2>Introduktion till bomcylindrar<\/h2>\n<p>Bomcylindern \u00e4r en avg\u00f6rande komponent i hydraulsystemen i tunga maskiner, s\u00e4rskilt i gr\u00e4vmaskiner som W2260LC-8. Den styr bommens r\u00f6relse, s\u00e5 att den kan h\u00f6jas, s\u00e4nkas och lutas, vilket underl\u00e4ttar effektiva materialhanteringsuppgifter. Denna specifika typ av hydraulcylinder \u00e4r avg\u00f6rande f\u00f6r olika tunga maskiner, inklusive gr\u00e4vlastare och frontlastare, och f\u00f6rb\u00e4ttrar deras driftskapacitet.<\/p>\n<p><img decoding=\"async\" src=\"https:\/\/www.hydraulic-cylinders.net\/wp-content\/uploads\/2025\/04\/songte-company-1.webp\" alt=\"Bomcylinder\" \/><\/p>\n<h3>Definition och \u00f6versikt<\/h3>\n<p>En skopcylinder \u00e4r en specialiserad hydraulcylinder som \u00e4r konstruerad f\u00f6r att styra r\u00f6relsen hos skopor i tunga maskiner. De m\u00f6jligg\u00f6r precisa operationer, vilket g\u00f6r det m\u00f6jligt f\u00f6r operat\u00f6rer att utf\u00f6ra uppgifter som att gr\u00e4va, \u00f6sa, lyfta och dumpa material. I hydrauliska system omvandlar dessa cylindrar hydraulisk energi till mekanisk energi, vilket ger den kraft som kr\u00e4vs f\u00f6r att man\u00f6vrera tunga laster.<\/p>\n<h2>Viktiga funktioner hos bomcylindern<\/h2>\n<ul>\n<li><strong>H\u00f6g styrka och h\u00e5llbarhet:<\/strong> Bomcylindern, som vanligtvis \u00e4r tillverkad av h\u00f6gh\u00e5llfast st\u00e5l eller aluminium, t\u00e5l h\u00f6gt tryck och tunga belastningar, vilket g\u00f6r den l\u00e4mplig f\u00f6r tuffa arbetsmilj\u00f6er. Konstruktionen tar \u00e4ven h\u00e4nsyn till slitstyrka och korrosionsskydd f\u00f6r att f\u00f6rl\u00e4nga dess livsl\u00e4ngd.<\/li>\n<li><strong>Effektiv hydraulisk drift:<\/strong> Cylindern anv\u00e4nder hydrauliskt oljetryck f\u00f6r att uppn\u00e5 smidig ut- och indragning. Den reagerar snabbt p\u00e5 f\u00f6rarens kommandon och levererar kraftfulla tryck- och dragkrafter, vilket g\u00f6r den idealisk f\u00f6r hantering av tunga och komplexa uppgifter.<\/li>\n<li><strong>Olika typer:<\/strong> Bomcylindrar kan skr\u00e4ddarsys efter specifika behov, med alternativ f\u00f6r enkelverkande (i en riktning) eller dubbelverkande (i tv\u00e5 riktningar). Vissa modeller har teleskopiska konstruktioner f\u00f6r \u00f6kad f\u00f6rl\u00e4ngning utan att ut\u00f6ka de yttersta m\u00e5tten, perfekt f\u00f6r tr\u00e5nga utrymmen.<\/li>\n<\/ul>\n<h2>V\u00e5ra produktionsm\u00f6jligheter<\/h2>\n<p>Vi specialiserar oss p\u00e5 tillverkning av bomcylindrar som perfekt ers\u00e4tter befintliga hydraulcylindrar. V\u00e5ra produkter \u00e4r utformade f\u00f6r att uppfylla h\u00f6gsta m\u00f6jliga kvalitets- och prestandastandarder.<\/p>\n<p><img decoding=\"async\" src=\"https:\/\/www.hydraulic-cylinders.net\/wp-content\/uploads\/2025\/04\/songte-cylinder-head-with-all-kinds-excavator-models.webp\" alt=\"Gr\u00e4vmaskinsmodeller\" \/><\/p>\n<h2>Anv\u00e4ndningsomr\u00e5den f\u00f6r bomcylindrar<\/h2>\n<h3>Byggutrustning<\/h3>\n<p>I gr\u00e4vmaskiner spelar bomcylindern en avg\u00f6rande roll vid gr\u00e4vning, lastning och flyttning av jord eller skr\u00e4p. Dess hydrauliska funktion m\u00f6jligg\u00f6r kraftfull lyftning och positionering av skopan, vilket g\u00f6r den oumb\u00e4rlig p\u00e5 byggarbetsplatser. F\u00f6r gr\u00e4vlastare hj\u00e4lper skopcylindern inte bara till vid gr\u00e4vning utan \u00e4ven vid lyftoperationer, vilket visar dess m\u00e5ngsidighet i olika bygguppgifter.<\/p>\n<h3>Jordbruksmaskiner<\/h3>\n<p>Bomcylindrar anv\u00e4nds i frontlastare f\u00f6r uppgifter som att skopa, lyfta och transportera jord, h\u00f6 och andra material. Deras hydrauliska effektivitet s\u00e4kerst\u00e4ller att lantbrukare kan hantera tunga laster med minimal fysisk anstr\u00e4ngning, vilket \u00f6kar produktiviteten inom jordbruksverksamheten.<\/p>\n<h3>Gr\u00e4vmaskiner<\/h3>\n<p>I gr\u00e4vmaskiner g\u00f6r skopcylindern att skopan kan tr\u00e4nga ner i jorden, vilket underl\u00e4ttar effektiv gr\u00e4vning. De hydrauliska funktionerna s\u00e4kerst\u00e4ller exakt kontroll, vilket g\u00f6r det m\u00f6jligt f\u00f6r f\u00f6rare att utf\u00f6ra komplexa uppgifter som schaktning eller nivellering med l\u00e4tthet och noggrannhet.<\/p>\n<h3>Lastare<\/h3>\n<p>Hos frontlastare hj\u00e4lper bomcylindrar till att lyfta och dumpa material effektivt. Hydraulsystemet ger den kraft som kr\u00e4vs f\u00f6r att lyfta tunga laster, vilket g\u00f6r det till en viktig komponent f\u00f6r arbeten som involverar materialhantering och transport.<\/p>\n<h2>Design\u00f6verv\u00e4ganden och urvalskriterier<\/h2>\n<h3>Lastkapacitet<\/h3>\n<p>N\u00e4r man v\u00e4ljer en bomcylinder \u00e4r det viktigt att f\u00f6rst\u00e5 dess lastkapacitet. Cylindern m\u00e5ste kunna hantera den maximala f\u00f6rv\u00e4ntade belastningen utan risk f\u00f6r fel. Ingenj\u00f6rer tar vanligtvis h\u00e4nsyn till faktorer som vikten p\u00e5 det material som flyttas och driftsmilj\u00f6n f\u00f6r att fastst\u00e4lla l\u00e4mpliga specifikationer.<\/p>\n<h3>T\u00e4tning<\/h3>\n<p>God t\u00e4tning \u00e4r avg\u00f6rande f\u00f6r hydraulcylindrarnas livsl\u00e4ngd. H\u00f6gkvalitativa t\u00e4tningar f\u00f6rhindrar l\u00e4ckage av hydraulv\u00e4tska, vilket kan leda till minskad prestanda och potentiellt systemfel. Olika typer av t\u00e4tningar, inklusive kolv- och st\u00e5ngt\u00e4tningar, b\u00f6r v\u00e4ljas baserat p\u00e5 driftsf\u00f6rh\u00e5llandena, inklusive temperatur- och tryckomr\u00e5den.<\/p>\n<h3>Varaktighet<\/h3>\n<p>H\u00e5llbarhet \u00e4r en annan kritisk faktor. Bomcylindrar m\u00e5ste klara tuffa arbetsf\u00f6rh\u00e5llanden, inklusive exponering f\u00f6r smuts, fukt och extrema temperaturer. Material och bel\u00e4ggningar som motst\u00e5r slitage och korrosion v\u00e4ljs ofta f\u00f6r att \u00f6ka livsl\u00e4ngden och tillf\u00f6rlitligheten.<\/p>\n<h3>S\u00e4kerhet<\/h3>\n<p>S\u00e4kerhetsfunktioner \u00e4r av st\u00f6rsta vikt i hydrauliska system. Konstruktionen b\u00f6r inneh\u00e5lla fels\u00e4kringar f\u00f6r att f\u00f6rhindra oavsiktliga fel. Ingenj\u00f6rer m\u00e5ste s\u00e4kerst\u00e4lla att alla komponenter kan motst\u00e5 of\u00f6rutsedda p\u00e5frestningar och att det finns driftsprotokoll p\u00e5 plats f\u00f6r att skydda operat\u00f6rerna.<\/p>\n<h3>Underh\u00e5ll<\/h3>\n<p>Enkelt underh\u00e5ll \u00e4r en viktig faktor. En v\u00e4lkonstruerad bomcylinder m\u00f6jligg\u00f6r enkla inspektioner, service och byte av delar, vilket s\u00e4kerst\u00e4ller att den f\u00f6rblir i drift med minimal driftstopp. Rutinm\u00e4ssiga underh\u00e5llsscheman b\u00f6r uppr\u00e4ttas f\u00f6r att inspektera t\u00e4tningar, sm\u00f6rja r\u00f6rliga delar och kontrollera slitage.<\/p>\n<p><img decoding=\"async\" src=\"https:\/\/www.hydraulic-cylinders.net\/wp-content\/uploads\/2025\/04\/songte-oil-pipes-and-spare-parts.webp\" alt=\"Oljer\u00f6r och reservdelar\" \/><\/p>\n<h2>T\u00e4tning och sm\u00f6rjning<\/h2>\n<p>T\u00e4tning och sm\u00f6rjning \u00e4r avg\u00f6rande aspekter f\u00f6r att bibeh\u00e5lla bomcylinderns funktion. Olika t\u00e4tningskomponenter, s\u00e5som kolvt\u00e4tningar och kolvst\u00e5ngst\u00e4tningar, anv\u00e4nds f\u00f6r att f\u00f6rhindra l\u00e4ckage av hydraulv\u00e4tska. Det \u00e4r viktigt att v\u00e4lja t\u00e4tningar tillverkade av slitstarka material som polyuretan eller nitrilgummi, som t\u00e5l slitage och h\u00e5rda f\u00f6rh\u00e5llanden. Cylinderhuset och de g\u00e4ngade \u00e4ndytorna genomg\u00e5r precisionsbearbetning f\u00f6r att f\u00f6rb\u00e4ttra slitstyrkan.<\/p>\n<p>Regelbunden sm\u00f6rjning med l\u00e4mplig hydraulolja \u00e4r ocks\u00e5 avg\u00f6rande. Detta minskar friktionen i cylindern, vilket s\u00e4kerst\u00e4ller smidig drift och f\u00f6rhindrar f\u00f6r tidigt slitage p\u00e5 komponenterna. Operat\u00f6rer b\u00f6r etablera en rutin f\u00f6r att kontrollera och fylla p\u00e5 hydraulolja vid behov, vilket bidrar till hydraulsystemets totala effektivitet och livsl\u00e4ngd.<\/p>\n<h2>F\u00f6rebyggande underh\u00e5lls\u00e5tg\u00e4rder<\/h2>\n<ul>\n<li><strong>Regelbundna inspektioner:<\/strong> Regelbundna kontroller av bomcylindern f\u00f6r tecken p\u00e5 slitage eller skador kan f\u00f6rhindra att st\u00f6rre problem uppst\u00e5r. Inspektera t\u00e4tningar, slangar och anslutningar f\u00f6r l\u00e4ckor eller nedbrytning.<\/li>\n<li><strong>Korrekt sm\u00f6rjning:<\/strong> Se till att cylindern sm\u00f6rjs enligt tillverkarens anvisningar. Detta bidrar till att bibeh\u00e5lla smidig drift och f\u00f6rhindra slitage.<\/li>\n<li><strong>Byte av t\u00e4tning:<\/strong> Med tiden kan t\u00e4tningar slitas ner och beh\u00f6va bytas ut. Kontrollera regelbundet deras skick och byt ut dem vid behov f\u00f6r att f\u00f6rhindra l\u00e4ckage av hydraulv\u00e4tska.<\/li>\n<\/ul>\n<h2>Installationsriktlinjer<\/h2>\n<p>F\u00f6r korrekt installation av bomcylindern, f\u00f6lj dessa riktlinjer:<br \/>\n1. Se till att arbetsytan \u00e4r ren och fri fr\u00e5n skr\u00e4p som kan st\u00f6ra cylinderns funktion f\u00f6re installationen.<br \/>\n2. Rikta in cylindern korrekt i f\u00f6rh\u00e5llande till monteringspunkterna f\u00f6r att f\u00f6rhindra att den fastnar eller f\u00e4lls fel under drift.<br \/>\n3. Anv\u00e4nd l\u00e4mpliga st\u00f6df\u00e4sten f\u00f6r att f\u00e4sta cylindern p\u00e5 plats, se till att den \u00e4r stabil och inte f\u00f6rskjuts under anv\u00e4ndning.<br \/>\n4. Efter att cylindern har s\u00e4krats, anslut hydraulledningarna och se till att alla kopplingar \u00e4r \u00e5tdragna f\u00f6r att f\u00f6rhindra l\u00e4ckage.<br \/>\n5. N\u00e4r cylindern \u00e4r installerad, utf\u00f6r en testk\u00f6rning f\u00f6r att s\u00e4kerst\u00e4lla att den fungerar korrekt och smidigt innan den anv\u00e4nds i full skala.<\/p>\n<h2>Vanliga underh\u00e5llsuppgifter<\/h2>\n<ul>\n<li><strong>Regelbundna inspektioner:<\/strong> Regelbundna inspektioner \u00e4r n\u00f6dv\u00e4ndiga f\u00f6r att identifiera potentiella problem innan de blir allvarliga. Leta efter tecken p\u00e5 l\u00e4ckor, slitage eller onormala ljud under drift. Denna proaktiva strategi kan spara tid och pengar p\u00e5 reparationer.<\/li>\n<li><strong>Korrekt sm\u00f6rjning:<\/strong> Att bomcylindern \u00e4r tillr\u00e4ckligt smord \u00e4r avg\u00f6rande f\u00f6r dess prestanda. Anv\u00e4nd r\u00e4tt typ av hydraulolja enligt tillverkarens rekommendationer och kontrollera niv\u00e5erna ofta f\u00f6r att undvika att den k\u00f6rs torr.<\/li>\n<li><strong>Byte av t\u00e4tning:<\/strong> Eftersom de slits ut med tiden b\u00f6r t\u00e4tningarna bytas ut f\u00f6r att bibeh\u00e5lla cylinderns prestanda. Kontrollera regelbundet t\u00e4tningarna f\u00f6r tecken p\u00e5 slitage och byt ut dem vid behov. Korrekt underh\u00e5ll av t\u00e4tningarna f\u00f6rhindrar l\u00e4ckage och s\u00e4kerst\u00e4ller hydraulisk effektivitet.<\/li>\n<\/ul>\n<h2>S\u00e4kerhetsaspekter och milj\u00f6faktorer<\/h2>\n<p>N\u00e4r man arbetar med bomcylindrar \u00e4r det avg\u00f6rande att implementera s\u00e4kerhets\u00e5tg\u00e4rder f\u00f6r att f\u00f6rhindra olyckor. Operat\u00f6rer b\u00f6r utbildas f\u00f6r att noggrant f\u00f6rst\u00e5 de hydrauliska systemen och f\u00f6lja s\u00e4kerhetsprotokoll. Det \u00e4r viktigt att b\u00e4ra l\u00e4mplig personlig skyddsutrustning (PPE) f\u00f6r att minimera riskerna i samband med hydraulv\u00e4tskel\u00e4ckage eller mekaniska fel.<\/p>\n<p>Milj\u00f6m\u00e4ssig h\u00e5llbarhet b\u00f6r ocks\u00e5 vara en faktor i hydrauliska operationer. Anv\u00e4ndning av biologiskt nedbrytbara hydraulv\u00e4tskor kan minska milj\u00f6p\u00e5verkan, och korrekt kassering av slitna komponenter \u00e4r avg\u00f6rande f\u00f6r att uppr\u00e4tth\u00e5lla ekologiska standarder. Kontinuerlig utbildning och informationsprogram kan bidra till att fr\u00e4mja en kultur av s\u00e4kerhet och milj\u00f6ansvar.<\/p>\n<h2>Fels\u00f6kning och vanliga problem<\/h2>\n<ul>\n<li><strong>L\u00e4ckage:<\/strong> L\u00e4ckage av hydraulv\u00e4tska kan uppst\u00e5 p\u00e5 grund av slitna t\u00e4tningar eller l\u00f6sa kopplingar. Regelbundna inspektioner kan hj\u00e4lpa till att uppt\u00e4cka dessa problem tidigt. Att dra \u00e5t anslutningar eller byta ut t\u00e4tningar kan l\u00f6sa problemet.<\/li>\n<li><strong>L\u00e5ngsam drift:<\/strong> Om bomcylindern arbetar l\u00e5ngsamt kan det tyda p\u00e5 l\u00e5ga hydraulv\u00e4tskeniv\u00e5er eller luft i systemet. Kontrollera v\u00e4tskeniv\u00e5erna och lufta systemet vid behov.<\/li>\n<li><strong>Ovanliga ljud:<\/strong> Konstiga ljud under drift kan tyda p\u00e5 komponentslitage eller otillr\u00e4cklig sm\u00f6rjning. Unders\u00f6k och \u00e5tg\u00e4rda eventuella problem omedelbart f\u00f6r att f\u00f6rhindra ytterligare skador.<\/li>\n<\/ul>\n<p>Effektiv fels\u00f6kning inneb\u00e4r att f\u00f6rst\u00e5 symptomen och vidta l\u00e4mpliga \u00e5tg\u00e4rder f\u00f6r att l\u00f6sa problemen. Regelbundet underh\u00e5ll och kontroller kan minimera f\u00f6rekomsten av problem och s\u00e4kerst\u00e4lla att systemet f\u00f6rblir effektivt.<\/p>\n<p><img decoding=\"async\" src=\"https:\/\/www.hydraulic-cylinders.net\/wp-content\/uploads\/2025\/04\/songte-bushings-with-all-kinds-of-excavator-models.webp\" alt=\"Gr\u00e4vmaskinsmodeller\" \/><\/p>\n<h2>Om v\u00e5rt f\u00f6retag<\/h2>\n<p>Vi \u00e4r en ledande tillverkare av hydraulcylindrar f\u00f6r reservdelar, med ett omfattande produktsortiment som har etablerat oss som en nyckelakt\u00f6r p\u00e5 b\u00e5de inhemska och internationella marknader. V\u00e5rt engagemang f\u00f6r excellens driver oss att anv\u00e4nda precisionstillverkningsstrategier som f\u00f6rb\u00e4ttrar produktionshanteringen.<\/p>\n<p>V\u00e5rt f\u00f6retag investerar i skicklig teknisk talang och avancerad digital tillverkningsutrustning, vilket s\u00e4kerst\u00e4ller h\u00f6ga standarder i hela v\u00e5r produktionsplattform. Vi betonar kvalitetsdrivna produktionsv\u00e4gar och besitter robusta kreativa f\u00f6rm\u00e5gor som g\u00f6r att vi kan m\u00f6ta v\u00e5ra kunders olika behov med h\u00f6g effektivitet, noggrannhet och kvalitet.<\/p>\n<p><img decoding=\"async\" src=\"https:\/\/www.hydraulic-cylinders.net\/wp-content\/uploads\/2025\/04\/songte-company-4.webp\" alt=\"F\u00f6retags\u00f6versikt\" \/><br \/>\n<img decoding=\"async\" src=\"https:\/\/www.hydraulic-cylinders.net\/wp-content\/uploads\/2025\/04\/songte-company-3.webp\" alt=\"Tillverkningsprocess\" \/><\/p>\n<p>V\u00e5rt fokus p\u00e5 professionalism, internationella certifieringar och kundanpassade tj\u00e4nster utm\u00e4rker oss p\u00e5 marknaden. Vi \u00e4r stolta \u00f6ver att erbjuda exceptionell eftermarknadssupport, vilket s\u00e4kerst\u00e4ller kundn\u00f6jdhet och produktlivsl\u00e4ngd.<\/p>\n<p>F\u00f6rfattare: lyl<\/p>","protected":false},"excerpt":{"rendered":"<p>Boom Cylinder For World Middle Excavator W2260LC-8 Introduction to Boom Cylinders The Boom Cylinder is a crucial component in the hydraulic systems of heavy machinery, particularly in excavators like the W2260LC-8. It serves to control the movement of the boom, allowing it to raise, lower, and tilt, thereby facilitating efficient material handling tasks. This specific [&hellip;]<\/p>","protected":false},"featured_media":17880,"comment_status":"open","ping_status":"closed","template":"","meta":{"_et_pb_use_builder":"","_et_pb_old_content":"","_et_gb_content_width":""},"product_brand":[],"product_cat":[1546],"product_tag":[1547,1496],"class_list":{"0":"post-19466","1":"product","2":"type-product","3":"status-publish","4":"has-post-thumbnail","6":"product_cat-boom-cylinders","7":"product_tag-boom-cylinders","8":"product_tag-hydraulic-cylinders","10":"first","11":"instock","12":"shipping-taxable","13":"product-type-simple"},"amp_enabled":true,"_links":{"self":[{"href":"https:\/\/www.hydraulic-cylinders.net\/sv\/wp-json\/wp\/v2\/product\/19466","targetHints":{"allow":["GET"]}}],"collection":[{"href":"https:\/\/www.hydraulic-cylinders.net\/sv\/wp-json\/wp\/v2\/product"}],"about":[{"href":"https:\/\/www.hydraulic-cylinders.net\/sv\/wp-json\/wp\/v2\/types\/product"}],"replies":[{"embeddable":true,"href":"https:\/\/www.hydraulic-cylinders.net\/sv\/wp-json\/wp\/v2\/comments?post=19466"}],"wp:featuredmedia":[{"embeddable":true,"href":"https:\/\/www.hydraulic-cylinders.net\/sv\/wp-json\/wp\/v2\/media\/17880"}],"wp:attachment":[{"href":"https:\/\/www.hydraulic-cylinders.net\/sv\/wp-json\/wp\/v2\/media?parent=19466"}],"wp:term":[{"taxonomy":"product_brand","embeddable":true,"href":"https:\/\/www.hydraulic-cylinders.net\/sv\/wp-json\/wp\/v2\/product_brand?post=19466"},{"taxonomy":"product_cat","embeddable":true,"href":"https:\/\/www.hydraulic-cylinders.net\/sv\/wp-json\/wp\/v2\/product_cat?post=19466"},{"taxonomy":"product_tag","embeddable":true,"href":"https:\/\/www.hydraulic-cylinders.net\/sv\/wp-json\/wp\/v2\/product_tag?post=19466"}],"curies":[{"name":"wp","href":"https:\/\/api.w.org\/{rel}","templated":true}]}}