{"id":19482,"date":"2025-04-07T06:50:02","date_gmt":"2025-04-07T06:50:02","guid":{"rendered":"https:\/\/www.hydraulic-cylinders.net\/product\/boom-cylinder-for-jchi-ns17-7\/"},"modified":"2025-04-07T06:50:05","modified_gmt":"2025-04-07T06:50:05","slug":"boom-cylinder-for-jchi-ns17-7","status":"publish","type":"product","link":"https:\/\/www.hydraulic-cylinders.net\/sv\/produkt\/boom-cylinder-for-jchi-ns17-7\/","title":{"rendered":"Bomcylinder f\u00f6r JCHI NS17-7"},"content":{"rendered":"<h1>Bomcylinder f\u00f6r JCHI NS17-7<\/h1>\n<h2>Produkt\u00f6versikt<\/h2>\n<p>Bomcylindern f\u00f6r JCHI NS17-7 \u00e4r en specialiserad hydraulcylinder som \u00e4r utformad f\u00f6r att styra r\u00f6relsen hos skopor i olika tunga maskiner, s\u00e5som gr\u00e4vmaskiner, traktorgr\u00e4vmaskiner och frontlastare. Denna hydraulcylinder g\u00f6r att skopan kan lyftas, s\u00e4nkas och lutas, vilket underl\u00e4ttar effektiva materialhanteringsuppgifter inom bygg- och jordbruksapplikationer. Skopcylindern \u00e4r avg\u00f6rande f\u00f6r prestandan och funktionaliteten hos dessa maskiner, vilket m\u00f6jligg\u00f6r precision i operationer som gr\u00e4vning, skopning och transport av material.<\/p>\n<p><img decoding=\"async\" src=\"https:\/\/www.hydraulic-cylinders.net\/wp-content\/uploads\/2025\/04\/songte-company-1.webp\" alt=\"Bomcylinder f\u00f6r JCHI NS17-7\" \/><\/p>\n<h2>Viktiga funktioner<\/h2>\n<ul>\n<li><strong>H\u00f6g styrka och h\u00e5llbarhet:<\/strong> Vanligtvis tillverkad av h\u00f6gh\u00e5llfast st\u00e5l eller aluminium, kapabel att motst\u00e5 h\u00f6gt tryck och tunga belastningar, konstruerad f\u00f6r att motst\u00e5 slitage och korrosion, vilket f\u00f6rl\u00e4nger cylinderns livsl\u00e4ngd.<\/li>\n<li><strong>Effektiv hydraulisk drift:<\/strong> Anv\u00e4nder hydrauloljetryck f\u00f6r smidig ut- och indragning, svarar snabbt p\u00e5 f\u00f6rarens kommandon och ger betydande tryck- och dragkraft, idealisk f\u00f6r hantering av tunga laster och komplexa uppgifter.<\/li>\n<li><strong>Olika typer:<\/strong> Finns i enkelverkande (hydraulisk anv\u00e4ndning i en riktning) eller dubbelverkande (hydraulisk anv\u00e4ndning i b\u00e5da riktningarna) konfigurationer, f\u00f6r att tillgodose olika driftskrav. Vissa modeller \u00e4r teleskopiska f\u00f6r ut\u00f6kad r\u00e4ckvidd utan att \u00f6ka ytterm\u00e5tten, l\u00e4mpliga f\u00f6r applikationer med begr\u00e4nsat utrymme.<\/li>\n<li><strong>Anpassningsbar produktion:<\/strong> Vi kan tillverka denna produkt f\u00f6r att m\u00f6ta specifika behov och erbjuder perfekta ers\u00e4ttningar f\u00f6r olika hydraulcylindrar.<\/li>\n<\/ul>\n<p><img decoding=\"async\" src=\"https:\/\/www.hydraulic-cylinders.net\/wp-content\/uploads\/2025\/04\/songte-cylinder-head-with-all-kinds-excavator-models.webp\" alt=\"Anpassningsbar produktion\" \/><\/p>\n<h2>Anv\u00e4ndningsomr\u00e5den f\u00f6r bomcylindern<\/h2>\n<h3>Byggutrustning<\/h3>\n<p>Bomcylindern, som finns i gr\u00e4vmaskiner, \u00e4r viktig f\u00f6r att gr\u00e4va, lasta och flytta jord eller skr\u00e4p. Den g\u00f6r att skopan kan tr\u00e4nga ner i marken effektivt och ge den kraft som kr\u00e4vs f\u00f6r att bryta igenom h\u00e5rda material. I gr\u00e4vmaskiner underl\u00e4ttar skopcylindern b\u00e5de gr\u00e4vning och lyftning, vilket g\u00f6r den m\u00e5ngsidig f\u00f6r byggarbetsplatser.<\/p>\n<h3>Jordbruksmaskiner<\/h3>\n<p>Bomcylindern, som anv\u00e4nds i frontlastare, \u00e4r avg\u00f6rande f\u00f6r att skopa, lyfta och transportera jord, h\u00f6 och andra material. Dess design m\u00f6jligg\u00f6r smidig drift, vilket g\u00f6r den idealisk f\u00f6r jordbruksaktiviteter d\u00e4r materialhantering \u00e4r frekvent. Lantbrukare f\u00f6rlitar sig p\u00e5 dessa cylindrar f\u00f6r att \u00f6ka effektiviteten och produktiviteten under sk\u00f6rde- och underh\u00e5llsuppgifter.<\/p>\n<h3>Gr\u00e4vmaskiner<\/h3>\n<p>Bomcylindern i gr\u00e4vmaskiner m\u00f6jligg\u00f6r exakta gr\u00e4vnings\u00e5tg\u00e4rder genom att skopan effektivt kan tr\u00e4nga ner i jorden. Denna funktion \u00e4r avg\u00f6rande f\u00f6r gr\u00e4varbeten, eftersom den s\u00e4kerst\u00e4ller att maskinen kan uppn\u00e5 \u00f6nskade djup och bredder samtidigt som stabilitet och kontroll \u00f6ver gr\u00e4vprocessen bibeh\u00e5lls.<\/p>\n<h3>Lastare<\/h3>\n<p>Hos frontlastare bidrar bomcylindern till att lyfta och dumpa laster effektivt. Denna f\u00f6rm\u00e5ga \u00f6kar produktiviteten hos dessa maskiner, vilket g\u00f6r att de kan hantera olika material, fr\u00e5n grus till avfall, vilket effektivt minskar manuellt arbete och snabbar upp uppgifterna.<\/p>\n<h2>Design\u00f6verv\u00e4ganden och urvalsstandarder<\/h2>\n<h3>Lastkapacitet<\/h3>\n<p>When choosing a boom cylinder, it is vital to consider the load capacity it can handle. A robust design ensures that the cylinder can manage the heavy loads typically involved in construction and agricultural applications. The load capacity is influenced by the materials used in the cylinder&#8217;s construction and the engineering standards adhered to during manufacturing.<\/p>\n<h3>T\u00e4tningsegenskaper<\/h3>\n<p>T\u00e4tning \u00e4r en kritisk faktor som direkt p\u00e5verkar hydraulcylinderns prestanda och livsl\u00e4ngd. H\u00f6gkvalitativa t\u00e4tningar f\u00f6rhindrar l\u00e4ckage av hydraulv\u00e4tska, vilket kan leda till ineffektiv drift och potentiella skador. Att v\u00e4lja r\u00e4tt t\u00e4tningsmaterial, s\u00e5som polyuretan eller nitrilgummi, f\u00f6rb\u00e4ttrar h\u00e5llbarhet och tillf\u00f6rlitlighet.<\/p>\n<h3>Varaktighet<\/h3>\n<p>H\u00e5llbarhet \u00e4r av st\u00f6rsta vikt, s\u00e4rskilt i tuffa arbetsmilj\u00f6er. Cylindern m\u00e5ste motst\u00e5 slitage fr\u00e5n kontinuerlig drift och exponering f\u00f6r element som damm och fukt. En v\u00e4lkonstruerad hydraulcylinder har funktioner som f\u00f6rl\u00e4nger dess livsl\u00e4ngd, s\u00e5som ytbehandlingar f\u00f6r att motst\u00e5 korrosion och slitage.<\/p>\n<h3>S\u00e4kerhetsfunktioner<\/h3>\n<p>S\u00e4kerhetsaspekter vid konstruktionen s\u00e4kerst\u00e4ller att hydraulcylindern fungerar effektivt utan att utg\u00f6ra risker f\u00f6r operat\u00f6rer eller utrustning. Funktioner som tryckavlastningsventiler och \u00f6verbelastningsskydd \u00e4r avg\u00f6rande f\u00f6r att f\u00f6rhindra olyckor och f\u00f6rb\u00e4ttra den \u00f6vergripande driftss\u00e4kerheten.<\/p>\n<h3>Tillg\u00e4nglighet f\u00f6r underh\u00e5ll<\/h3>\n<p>Enkelt underh\u00e5ll \u00e4r avg\u00f6rande f\u00f6r att h\u00e5lla hydraulsystemet ig\u00e5ng smidigt. Designval som m\u00f6jligg\u00f6r snabb och enkel \u00e5tkomst till viktiga komponenter underl\u00e4ttar rutininspektioner och reparationer, vilket minimerar driftstopp och underh\u00e5llskostnader.<\/p>\n<p><img decoding=\"async\" src=\"https:\/\/www.hydraulic-cylinders.net\/wp-content\/uploads\/2025\/04\/songte-oil-pipes-and-spare-parts.webp\" alt=\"Tillg\u00e4nglighet f\u00f6r underh\u00e5ll\" \/><\/p>\n<h2>T\u00e4tning och sm\u00f6rjning<\/h2>\n<p>Hydraulcylindrars effektivitet \u00e4r starkt beroende av korrekt t\u00e4tning och sm\u00f6rjning. Olika t\u00e4tningar, s\u00e5som kolvt\u00e4tningar och kolvst\u00e5ngst\u00e4tningar, anv\u00e4nds f\u00f6r att f\u00f6rhindra l\u00e4ckage av hydraulv\u00e4tska, vilket kan leda till prestandaf\u00f6rlust. T\u00e4tningar tillverkade av slitstarka material som polyuretan och nitrilgummi anv\u00e4nds ofta. Cylinderhuset och de g\u00e4ngade \u00e4ndytorna genomg\u00e5r finbearbetning f\u00f6r att f\u00f6rb\u00e4ttra deras slitstyrka. Regelbunden sm\u00f6rjning med hydraulolja \u00e4r avg\u00f6rande f\u00f6r att s\u00e4kerst\u00e4lla smidig drift och f\u00f6r att f\u00f6rhindra inre slitage, vilket avsev\u00e4rt kan minska cylinderns livsl\u00e4ngd.<\/p>\n<h2>Regelbunden inspektion och f\u00f6rebyggande underh\u00e5ll<\/h2>\n<ul>\n<li><strong>Rutinkontroller:<\/strong> Kontrollera regelbundet hydraulcylindern f\u00f6r tecken p\u00e5 slitage, l\u00e4ckage eller skador. Tidig uppt\u00e4ckt av problem kan f\u00f6rhindra kostsamma reparationer och s\u00e4kerst\u00e4lla optimal prestanda.<\/li>\n<li><strong>Korrekt sm\u00f6rjning:<\/strong> Se till att hydrauloljan har r\u00e4tt niv\u00e5 och \u00e4r fri fr\u00e5n f\u00f6roreningar. Regelbunden sm\u00f6rjning av cylindern minskar friktionen och f\u00f6rl\u00e4nger dess livsl\u00e4ngd.<\/li>\n<li><strong>Byte av t\u00e4tning:<\/strong> \u00d6vervaka t\u00e4tningarnas skick och byt ut dem vid behov f\u00f6r att bibeh\u00e5lla hydraulsystemets integritet. Slitna t\u00e4tningar kan leda till betydande f\u00f6rlust av hydraulv\u00e4tska, vilket p\u00e5verkar prestandan.<\/li>\n<\/ul>\n<h2>Installationsriktlinjer<\/h2>\n<p>Korrekt installation \u00e4r avg\u00f6rande f\u00f6r effektiv drift av bomcylindern. B\u00f6rja med att se till att monteringsytorna \u00e4r rena och fria fr\u00e5n skr\u00e4p. Rikta in cylindern med de avsedda f\u00e4stpunkterna och se till att monteringsf\u00e4stena \u00e4r korrekt placerade. Anv\u00e4nd l\u00e4mpliga verktyg f\u00f6r att s\u00e4kra cylindern p\u00e5 plats och undvik att dra \u00e5t den f\u00f6r h\u00e5rt, vilket kan orsaka skador. Efter installationen, kontrollera att den \u00e4r justerad och se till att det inte finns n\u00e5gra hinder som kan hindra driften. Slutligen, testa hydraulsystemet f\u00f6r att bekr\u00e4fta att cylindern fungerar smidigt utan l\u00e4ckor eller ovanliga ljud.<\/p>\n<h2>Vanliga underh\u00e5llsuppgifter<\/h2>\n<ul>\n<li><strong>Regelbundna inspektioner:<\/strong> Genom att utf\u00f6ra regelbundna inspektioner kan operat\u00f6rer identifiera potentiella problem innan de eskalerar. Detta inkluderar kontroll av l\u00e4ckor, slitage p\u00e5 t\u00e4tningar och cylinderns allm\u00e4nna skick.<\/li>\n<li><strong>L\u00e4mplig sm\u00f6rjning:<\/strong> Att s\u00e4kerst\u00e4lla att cylindern \u00e4r ordentligt smord \u00e4r avg\u00f6rande f\u00f6r dess livsl\u00e4ngd. Att anv\u00e4nda r\u00e4tt typ av hydraulolja och bibeh\u00e5lla tillr\u00e4ckliga niv\u00e5er minskar friktion och slitage.<\/li>\n<li><strong>Kontroller av t\u00e4tningsbyte och kalibrering:<\/strong> Att byta ut slitna t\u00e4tningar i r\u00e4tt tid \u00e4r n\u00f6dv\u00e4ndigt f\u00f6r att bibeh\u00e5lla optimal prestanda. Regelbundna kalibreringskontroller s\u00e4kerst\u00e4ller att hydraulsystemet fungerar inom sina avsedda parametrar, vilket f\u00f6rhindrar potentiella fel.<\/li>\n<\/ul>\n<h2>S\u00e4kerhetsaspekter och milj\u00f6faktorer<\/h2>\n<p>Vid anv\u00e4ndning av hydraulcylindrar \u00e4r det viktigt att f\u00f6lja s\u00e4kerhets\u00e5tg\u00e4rderna. Operat\u00f6rer b\u00f6r utbildas f\u00f6r att k\u00e4nna igen faror i samband med hydraulsystem, s\u00e5som tryckuppbyggnad och v\u00e4tskel\u00e4ckage. Dessutom \u00e4r milj\u00f6h\u00e4nsyn som korrekt v\u00e4tskehantering och minimering av spill avg\u00f6rande f\u00f6r att skydda ekosystemet. Regelbunden utbildning och efterlevnad av s\u00e4kerhetsprotokoll kan bidra till att minska olyckor och s\u00e4kerst\u00e4lla en s\u00e4ker arbetsmilj\u00f6.<\/p>\n<h2>Fels\u00f6kning och vanliga problem<\/h2>\n<ul>\n<li><strong>L\u00e4ckage:<\/strong> L\u00e4ckage \u00e4r ett vanligt problem som kan uppst\u00e5 p\u00e5 grund av slitna t\u00e4tningar eller skadade kopplingar. Regelbundna inspektioner kan hj\u00e4lpa till att identifiera l\u00e4ckor tidigt, vilket m\u00f6jligg\u00f6r snabba reparationer.<\/li>\n<li><strong>L\u00e5ngsam respons:<\/strong> Om cylindern g\u00e5r l\u00e5ngsamt kan det tyda p\u00e5 l\u00e5ga hydraulv\u00e4tskeniv\u00e5er eller blockeringar i systemet. Att kontrollera v\u00e4tskeniv\u00e5erna och s\u00e4kerst\u00e4lla att ledningarna \u00e4r rena kan l\u00f6sa problemet.<\/li>\n<li><strong>Ovanliga ljud:<\/strong> Ljud under drift kan vara ett tecken p\u00e5 intern skada eller bristande sm\u00f6rjning. En omedelbar inspektion \u00e4r n\u00f6dv\u00e4ndig f\u00f6r att diagnostisera och \u00e5tg\u00e4rda orsaken.<\/li>\n<\/ul>\n<h2>Tips f\u00f6r fell\u00f6sning<\/h2>\n<p>F\u00f6r att effektivt diagnostisera och l\u00f6sa problem med hydraulcylindrar, f\u00f6r en logg \u00f6ver driftsproblem. Utf\u00f6r regelbundna visuella inspektioner, och om problem uppst\u00e5r, j\u00e4mf\u00f6r dem med k\u00e4nda problem och l\u00f6sningar. F\u00f6rebyggande \u00e5tg\u00e4rder, s\u00e5som rutinm\u00e4ssigt underh\u00e5ll och efterlevnad av tillverkarens riktlinjer, kan avsev\u00e4rt minska f\u00f6rekomsten av potentiella problem och s\u00e4kerst\u00e4lla smidig och effektiv drift.<\/p>\n<p><img decoding=\"async\" src=\"https:\/\/www.hydraulic-cylinders.net\/wp-content\/uploads\/2025\/04\/songte-bushings-with-all-kinds-of-excavator-models.webp\" alt=\"Fels\u00f6kning och vanliga problem\" \/><\/p>\n<h2>F\u00f6retags\u00f6versikt<\/h2>\n<p>Vi \u00e4r en ledande tillverkare och grossist av hydraulcylindrar och erbjuder ett omfattande sortiment av produkter p\u00e5 b\u00e5de inhemska och internationella marknader. Vi str\u00e4var efter h\u00f6gsta kvalitet och f\u00f6rlitar oss p\u00e5 en f\u00f6rfinad tillverkningsstrategi. V\u00e5rt f\u00f6retag f\u00f6rb\u00e4ttrar kontinuerligt sin produktionsplattform genom att anv\u00e4nda skicklig teknisk personal, avancerad digital tillverkningsutrustning och professionella testsystem. Detta engagemang f\u00f6r h\u00f6g effektivitet, precision och kvalitet g\u00f6r det m\u00f6jligt f\u00f6r oss att m\u00f6ta olika kunders behov och s\u00e4kerst\u00e4lla att varje produkt uppfyller strikta branschstandarder.<\/p>\n<p><img decoding=\"async\" src=\"https:\/\/www.hydraulic-cylinders.net\/wp-content\/uploads\/2025\/04\/songte-company-4.webp\" alt=\"F\u00f6retags\u00f6versikt\" \/><br \/>\n<img decoding=\"async\" src=\"https:\/\/www.hydraulic-cylinders.net\/wp-content\/uploads\/2025\/04\/songte-company-3.webp\" alt=\"F\u00f6retagsprodukter\" \/><\/p>\n<p>F\u00f6rfattare: lyl<\/p>","protected":false},"excerpt":{"rendered":"<p>Boom Cylinder For JCHI NS17-7 Product Overview The Boom Cylinder for JCHI NS17-7 is a specialized hydraulic cylinder designed to control the movement of buckets in various heavy machinery, such as excavators, backhoe excavators, and front-end loaders. This hydraulic cylinder enables the bucket to lift, lower, and tilt, facilitating efficient material handling tasks in construction [&hellip;]<\/p>","protected":false},"featured_media":17881,"comment_status":"open","ping_status":"closed","template":"","meta":{"_et_pb_use_builder":"","_et_pb_old_content":"","_et_gb_content_width":""},"product_brand":[],"product_cat":[1546],"product_tag":[1547,1496],"class_list":{"0":"post-19482","1":"product","2":"type-product","3":"status-publish","4":"has-post-thumbnail","6":"product_cat-boom-cylinders","7":"product_tag-boom-cylinders","8":"product_tag-hydraulic-cylinders","10":"first","11":"instock","12":"shipping-taxable","13":"product-type-simple"},"amp_enabled":true,"_links":{"self":[{"href":"https:\/\/www.hydraulic-cylinders.net\/sv\/wp-json\/wp\/v2\/product\/19482","targetHints":{"allow":["GET"]}}],"collection":[{"href":"https:\/\/www.hydraulic-cylinders.net\/sv\/wp-json\/wp\/v2\/product"}],"about":[{"href":"https:\/\/www.hydraulic-cylinders.net\/sv\/wp-json\/wp\/v2\/types\/product"}],"replies":[{"embeddable":true,"href":"https:\/\/www.hydraulic-cylinders.net\/sv\/wp-json\/wp\/v2\/comments?post=19482"}],"wp:featuredmedia":[{"embeddable":true,"href":"https:\/\/www.hydraulic-cylinders.net\/sv\/wp-json\/wp\/v2\/media\/17881"}],"wp:attachment":[{"href":"https:\/\/www.hydraulic-cylinders.net\/sv\/wp-json\/wp\/v2\/media?parent=19482"}],"wp:term":[{"taxonomy":"product_brand","embeddable":true,"href":"https:\/\/www.hydraulic-cylinders.net\/sv\/wp-json\/wp\/v2\/product_brand?post=19482"},{"taxonomy":"product_cat","embeddable":true,"href":"https:\/\/www.hydraulic-cylinders.net\/sv\/wp-json\/wp\/v2\/product_cat?post=19482"},{"taxonomy":"product_tag","embeddable":true,"href":"https:\/\/www.hydraulic-cylinders.net\/sv\/wp-json\/wp\/v2\/product_tag?post=19482"}],"curies":[{"name":"wp","href":"https:\/\/api.w.org\/{rel}","templated":true}]}}