{"id":19489,"date":"2025-04-07T06:50:23","date_gmt":"2025-04-07T06:50:23","guid":{"rendered":"https:\/\/www.hydraulic-cylinders.net\/product\/boom-cylinder-for-sinomach-zg3065-9\/"},"modified":"2025-04-07T06:50:25","modified_gmt":"2025-04-07T06:50:25","slug":"boom-cylinder-for-sinomach-zg3065-9","status":"publish","type":"product","link":"https:\/\/www.hydraulic-cylinders.net\/sv\/produkt\/boom-cylinder-for-sinomach-zg3065-9\/","title":{"rendered":"Bomcylinder f\u00f6r Sinomach ZG3065-9"},"content":{"rendered":"<h1>Bomcylinder f\u00f6r Sinomach ZG3065-9<\/h1>\n<h2>Introduktion till bomcylinder<\/h2>\n<p>Bomcylindern \u00e4r en viktig komponent i hydraulsystem, speciellt utformad f\u00f6r att styra r\u00f6relsen hos skopor i tunga maskiner som gr\u00e4vmaskiner, gr\u00e4vlastare och frontlastare. Denna hydraulcylinder g\u00f6r att skopan kan lyftas, s\u00e4nkas och lutas, vilket underl\u00e4ttar effektiva materialhanteringsuppgifter. Den spelar en avg\u00f6rande roll i driften av olika bygg- och jordbruksmaskiner och s\u00e4kerst\u00e4ller att tunga laster kan hanteras med precision och enkelhet.<\/p>\n<p><img decoding=\"async\" src=\"https:\/\/www.hydraulic-cylinders.net\/wp-content\/uploads\/2025\/04\/songte-company-1.webp\" alt=\"Bild av bomcylinder\" \/><\/p>\n<h2>Funktioner hos bomcylindern<\/h2>\n<ul>\n<li><strong>H\u00f6g styrka och h\u00e5llbarhet:<\/strong> Bomcylindern \u00e4r tillverkad av h\u00f6gh\u00e5llfast st\u00e5l eller aluminium och \u00e4r konstruerad f\u00f6r att motst\u00e5 h\u00f6gt tryck och tunga belastningar, vilket g\u00f6r den l\u00e4mplig f\u00f6r tuffa arbetsmilj\u00f6er. Dess design inkluderar slitstyrka och korrosionsbest\u00e4ndighet, vilket avsev\u00e4rt f\u00f6rl\u00e4nger dess livsl\u00e4ngd.<\/li>\n<li><strong>Effektiv hydraulisk drift:<\/strong> Bomcylindern anv\u00e4nder hydrauliskt oljetryck f\u00f6r att uppn\u00e5 smidig ut- och inf\u00e4llning, reagerar snabbt p\u00e5 f\u00f6rarens kommandon och ger robust drag- och tryckkraft, vilket g\u00f6r den idealisk f\u00f6r hantering av tunga material och komplexa uppgifter.<\/li>\n<li><strong>Olika typer:<\/strong> Beroende p\u00e5 driftsbehov kan kunderna v\u00e4lja mellan enkelverkande (hydrauliska cylindrar i en riktning) eller dubbelverkande (hydrauliska cylindrar i b\u00e5da riktningarna). Vissa modeller \u00e4r teleskopiska, vilket m\u00f6jligg\u00f6r st\u00f6rre utdrag utan att \u00f6ka de yttersta m\u00e5tten, perfekt f\u00f6r utrymmesbegr\u00e4nsade till\u00e4mpningar.<\/li>\n<\/ul>\n<p>Vi kan tillverka dessa produkter, och v\u00e5ra produkter kan perfekt ers\u00e4tta befintliga hydraulcylindrar.<\/p>\n<p><img decoding=\"async\" src=\"https:\/\/www.hydraulic-cylinders.net\/wp-content\/uploads\/2025\/04\/songte-cylinder-head-with-all-kinds-excavator-models.webp\" alt=\"Bild av gr\u00e4vmaskinmodeller\" \/><\/p>\n<h2>Till\u00e4mpningar av bomcylinder<\/h2>\n<ul>\n<li><strong>Byggutrustning:<\/strong> I gr\u00e4vmaskiner \u00e4r bomcylindrar viktiga f\u00f6r gr\u00e4vning, lastning och flyttning av jord eller skr\u00e4p. I gr\u00e4vlastare underl\u00e4ttar skopcylindern b\u00e5de gr\u00e4vnings- och lyftuppgifter, vilket \u00f6kar produktiviteten p\u00e5 byggarbetsplatser.<\/li>\n<li><strong>Jordbruksmaskiner:<\/strong> Bomcylindrar, som anv\u00e4nds i frontlastare, \u00e4r avg\u00f6rande f\u00f6r att \u00f6sa, lyfta och transportera jord, h\u00f6 och andra material, vilket f\u00f6rb\u00e4ttrar effektiviteten inom jordbruksverksamhet.<\/li>\n<li><strong>Gr\u00e4vmaskiner:<\/strong> Bomcylindern g\u00f6r att skopan kan tr\u00e4nga ner i marken effektivt, vilket underl\u00e4ttar effektiva gr\u00e4vprocesser.<\/li>\n<li><strong>Lastare:<\/strong> P\u00e5 frontlastare hj\u00e4lper bomcylindrar till att lyfta och dumpa laster effektivt, vilket s\u00e4kerst\u00e4ller smidiga materialhanteringsoperationer.<\/li>\n<\/ul>\n<h2>Design\u00f6verv\u00e4ganden<\/h2>\n<h3>Lastkapacitet<\/h3>\n<p>En bomcylinders lastkapacitet \u00e4r en kritisk konstruktionsaspekt som direkt p\u00e5verkar dess prestanda. Den m\u00e5ste konstrueras f\u00f6r att hantera den maximala belastningen som f\u00f6rv\u00e4ntas under drift, vilket garanterar s\u00e4kerhet och tillf\u00f6rlitlighet. En v\u00e4lkonstruerad bomcylinder kan b\u00e4ra tunga laster utan att b\u00f6jas eller g\u00e5 s\u00f6nder, vilket \u00e4r avg\u00f6rande f\u00f6r effektiv maskindrift.<\/p>\n<h3>T\u00e4tning<\/h3>\n<p>Effektiv t\u00e4tning \u00e4r av st\u00f6rsta vikt f\u00f6r att f\u00f6rhindra v\u00e4tskel\u00e4ckage och bibeh\u00e5lla trycket i hydraulsystemet. H\u00f6gkvalitativa t\u00e4tningar s\u00e4kerst\u00e4ller att hydraulv\u00e4tskan h\u00e5lls inne, vilket \u00e4r avg\u00f6rande f\u00f6r bomcylinderns funktion. Regelbunden inspektion och byte av t\u00e4tningar kan f\u00f6rhindra kostsamma driftstopp och reparationer.<\/p>\n<h3>Varaktighet<\/h3>\n<p>H\u00e5llbarhet \u00e4r en nyckelfaktor vid konstruktionen av bomcylindrar. Dessa komponenter m\u00e5ste klara extrema arbetsf\u00f6rh\u00e5llanden, inklusive h\u00f6ga tryck, varierande temperaturer och exponering f\u00f6r tuffa milj\u00f6er. Att anv\u00e4nda material som motst\u00e5r slitage och korrosion bidrar till cylinderns livsl\u00e4ngd och minimerar underh\u00e5lls- och utbyteskostnader.<\/p>\n<h3>S\u00e4kerhet<\/h3>\n<p>S\u00e4kerhetsfunktioner i konstruktionen av bomcylindrar \u00e4r avg\u00f6rande f\u00f6r att f\u00f6rhindra olyckor under drift. Att integrera s\u00e4kerhetsventiler, tryckavlastningssystem och redundanta system \u00f6kar s\u00e4kerheten och s\u00e4kerst\u00e4ller att maskineriet fungerar inom s\u00e4kra gr\u00e4nser. Regelbundet underh\u00e5ll och efterlevnad av s\u00e4kerhetsprotokoll minskar ytterligare riskerna i samband med hydraulsystem.<\/p>\n<h3>Underh\u00e5llbarhet<\/h3>\n<p>Att konstruera bomcylindrar f\u00f6r enkelt underh\u00e5ll \u00e4r avg\u00f6rande f\u00f6r effektiv drift. Komponenter b\u00f6r vara l\u00e4tt\u00e5tkomliga f\u00f6r inspektion, sm\u00f6rjning och utbyte. En design som underl\u00e4ttar snabba reparationer kan avsev\u00e4rt minska driftstopp och s\u00e4kerst\u00e4lla att maskiner f\u00f6rblir drifts\u00e4kra och produktiva.<\/p>\n<p><img decoding=\"async\" src=\"https:\/\/www.hydraulic-cylinders.net\/wp-content\/uploads\/2025\/04\/songte-oil-pipes-and-spare-parts.webp\" alt=\"Bild av oljer\u00f6r och reservdelar\" \/><\/p>\n<h2>T\u00e4tning och sm\u00f6rjning<\/h2>\n<p>Korrekt t\u00e4tning och sm\u00f6rjning \u00e4r avg\u00f6rande f\u00f6r bomcylindrars prestanda. Olika t\u00e4tningar, s\u00e5som kolvt\u00e4tningar och st\u00e5ngt\u00e4tningar, \u00e4r avg\u00f6rande f\u00f6r att f\u00f6rhindra att hydraulv\u00e4tska l\u00e4cker. Att v\u00e4lja t\u00e4tningar tillverkade av slitstarka material som polyuretan och nitrilgummi \u00f6kar h\u00e5llbarheten. Cylinderhuset och de g\u00e4ngade \u00e4ndytorna b\u00f6r genomg\u00e5 finbearbetning f\u00f6r att f\u00f6rb\u00e4ttra slitstyrkan. Dessutom \u00e4r regelbunden sm\u00f6rjning med hydraulolja n\u00f6dv\u00e4ndig f\u00f6r att s\u00e4kerst\u00e4lla smidig drift och minimera slitage.<\/p>\n<h2>F\u00f6rebyggande underh\u00e5lls\u00e5tg\u00e4rder<\/h2>\n<ul>\n<li><strong>Regelbundna inspektioner:<\/strong> Utf\u00f6r regelbundna inspektioner av bomcylindern f\u00f6r att tidigt identifiera eventuella tecken p\u00e5 slitage eller skador. Denna proaktiva metod kan bidra till att f\u00f6rhindra st\u00f6rre fel och kostsamma reparationer.<\/li>\n<li><strong>Sm\u00f6rjning:<\/strong> S\u00e4kerst\u00e4ll att hydraulv\u00e4tskan har r\u00e4tt niv\u00e5 och att sm\u00f6rjmedel appliceras regelbundet f\u00f6r att bibeh\u00e5lla smidig drift.<\/li>\n<li><strong>Byte av t\u00e4tning:<\/strong> \u00d6vervaka t\u00e4tningarna f\u00f6r slitage och byt ut dem vid behov f\u00f6r att f\u00f6rhindra l\u00e4ckage och bibeh\u00e5lla systemtrycket.<\/li>\n<\/ul>\n<h2>Installationsguide<\/h2>\n<p>Att installera en bomcylinder korrekt \u00e4r avg\u00f6rande f\u00f6r dess prestanda. B\u00f6rja med att se till att monteringsytorna \u00e4r rena och fria fr\u00e5n skr\u00e4p. Anv\u00e4nd l\u00e4mpliga monteringsf\u00e4sten f\u00f6r att s\u00e4kra cylindern p\u00e5 plats och s\u00e4kerst\u00e4ll att cylindern och maskinen \u00e4r korrekt justerade. F\u00f6lj tillverkarens specifikationer f\u00f6r \u00e5tdragning av bultar och installation av hydraulledningar. Kontrollera att alla anslutningar \u00e4r s\u00e4kra och l\u00e4ckagefria innan utrustningen anv\u00e4nds. Det \u00e4r ocks\u00e5 viktigt att lufta hydraulsystemet f\u00f6r att ta bort eventuella luftfickor som kan p\u00e5verka prestandan.<\/p>\n<h2>Vanliga underh\u00e5llsuppgifter<\/h2>\n<ul>\n<li><strong>Regelbundna kontroller:<\/strong> Schemal\u00e4gg regelbundna kontroller f\u00f6r att \u00f6vervaka bomcylinderns skick. Leta efter tecken p\u00e5 slitage, l\u00e4ckor eller skador som kan p\u00e5verka prestandan.<\/li>\n<li><strong>Korrekt sm\u00f6rjning:<\/strong> Se till att cylindern \u00e4r tillr\u00e4ckligt smord f\u00f6r att underl\u00e4tta smidig drift. Anv\u00e4nd rekommenderad hydraulolja f\u00f6r optimal prestanda.<\/li>\n<li><strong>Byte och kalibrering av t\u00e4tning:<\/strong> Byt ut t\u00e4tningar vid behov och utf\u00f6r kalibreringskontroller f\u00f6r att s\u00e4kerst\u00e4lla att cylindern fungerar inom angivna parametrar.<\/li>\n<\/ul>\n<h2>S\u00e4kerhetsaspekter och milj\u00f6faktorer<\/h2>\n<p>Vid anv\u00e4ndning av hydraulcylindrar \u00e4r det viktigt att implementera s\u00e4kerhets\u00e5tg\u00e4rder f\u00f6r att skydda operat\u00f6rer och utrustning. Detta inkluderar att s\u00e4kerst\u00e4lla att alla s\u00e4kerhetsfunktioner fungerar och att operat\u00f6rerna \u00e4r utbildade f\u00f6r att hantera maskiner p\u00e5 ett s\u00e4kert s\u00e4tt. Milj\u00f6h\u00e4nsyn, s\u00e5som att f\u00f6rhindra l\u00e4ckage av hydraulv\u00e4tska, \u00e4r avg\u00f6rande f\u00f6r att uppr\u00e4tth\u00e5lla en s\u00e4ker och ren arbetsmilj\u00f6. Korrekt kassering av hydraulv\u00e4tskor och komponenter bidrar ocks\u00e5 till h\u00e5llbarhet och efterlevnad av milj\u00f6f\u00f6reskrifter.<\/p>\n<h2>Fels\u00f6kning och vanliga problem<\/h2>\n<ul>\n<li><strong>Tryckf\u00f6rlust:<\/strong> Om bomcylindern upplever tryckf\u00f6rlust, kontrollera om det finns l\u00e4ckor i hydraulledningarna eller t\u00e4tningarna. S\u00e4kerst\u00e4ll att hydraulv\u00e4tskeniv\u00e5n \u00e4r tillr\u00e4cklig och inspektera om det finns n\u00e5gra blockeringar.<\/li>\n<li><strong>L\u00e5ngsam drift:<\/strong> L\u00e5ngsam drift kan tyda p\u00e5 otillr\u00e4cklig hydraulv\u00e4tska eller luft i systemet. Lufta systemet och kontrollera v\u00e4tskeniv\u00e5erna f\u00f6r att l\u00f6sa problemet.<\/li>\n<li><strong>Oj\u00e4mn r\u00f6relse:<\/strong> Om bomcylindern r\u00f6r sig oj\u00e4mnt, kontrollera t\u00e4tningarna och hydraulanslutningarna f\u00f6r skador eller slitage. S\u00e4kerst\u00e4ll att cylindern \u00e4r korrekt justerad och kalibrerad.<\/li>\n<\/ul>\n<h2>Fels\u00f6kningstips<\/h2>\n<p>F\u00f6r att effektivt diagnostisera och l\u00f6sa problem med bomcylindrar, b\u00f6rja med att granska bruksanvisningen f\u00f6r fels\u00f6kningsriktlinjer. Regelbundet underh\u00e5ll kan f\u00f6rhindra m\u00e5nga vanliga problem, s\u00e5 f\u00f6lj schemalagda inspektioner och byt ut slitna komponenter omedelbart. Att implementera en systematisk metod f\u00f6r att \u00f6vervaka cylinderns prestanda hj\u00e4lper till att identifiera potentiella problem innan de eskalerar, vilket s\u00e4kerst\u00e4ller tillf\u00f6rlitlig drift.<\/p>\n<p><img decoding=\"async\" src=\"https:\/\/www.hydraulic-cylinders.net\/wp-content\/uploads\/2025\/04\/songte-bushings-with-all-kinds-of-excavator-models.webp\" alt=\"Bussningar med gr\u00e4vmaskinsmodellbild\" \/><\/p>\n<h2>Om v\u00e5rt f\u00f6retag<\/h2>\n<p>Vi \u00e4r en ledande tillverkare av hydraulcylindrar f\u00f6r reservdelar och erbjuder ett brett utbud av produkter p\u00e5 b\u00e5de inhemska och internationella marknader. V\u00e5rt engagemang f\u00f6r excellens \u00e5terspeglas i v\u00e5ra noggranna tillverkningsprocesser och ledningsstrategier. Vi f\u00f6rb\u00e4ttrar kontinuerligt v\u00e5r produktionsplattform genom att utnyttja teknisk talang, avancerad digital tillverkningsutrustning och professionella testsystem, vilket s\u00e4kerst\u00e4ller att vi m\u00f6ter olika kunders behov med h\u00f6g effektivitet, noggrannhet och kvalitet.<\/p>\n<h3>Expertis och skr\u00e4ddarsydda l\u00f6sningar<\/h3>\n<p>Med v\u00e5r specialiserade kunskap erbjuder vi skr\u00e4ddarsydda l\u00f6sningar som \u00e4r anpassade f\u00f6r att m\u00f6ta specifika driftskrav. V\u00e5ra internationella certifieringar garanterar kunderna kvaliteten och tillf\u00f6rlitligheten hos v\u00e5ra produkter, vilket g\u00f6r oss till en betrodd partner inom hydrauliska l\u00f6sningar.<\/p>\n<h3>Avancerad tillverkningsutrustning<\/h3>\n<p>V\u00e5ra anl\u00e4ggningar \u00e4r utrustade med toppmodern tillverkningsutrustning, vilket g\u00f6r att vi kan producera hydraulcylindrar som uppfyller str\u00e4nga kvalitetsstandarder. V\u00e5ra rigor\u00f6sa kvalitetskontrollprocesser s\u00e4kerst\u00e4ller att alla produkter \u00f6vertr\u00e4ffar kundernas f\u00f6rv\u00e4ntningar.<\/p>\n<h3>Eftermarknadssupport<\/h3>\n<p>Vi \u00e4r stolta \u00f6ver att leverera exceptionell eftermarknadssupport och hj\u00e4lpa kunder med installation, underh\u00e5ll och fels\u00f6kning. V\u00e5rt engagerade kundtj\u00e4nstteam finns alltid tillg\u00e4ngligt f\u00f6r att hj\u00e4lpa till med eventuella fr\u00e5gor eller funderingar.<\/p>\n<p><img decoding=\"async\" src=\"https:\/\/www.hydraulic-cylinders.net\/wp-content\/uploads\/2025\/04\/songte-company-4.webp\" alt=\"F\u00f6retagsbild 1\" \/><br \/>\n<img decoding=\"async\" src=\"https:\/\/www.hydraulic-cylinders.net\/wp-content\/uploads\/2025\/04\/songte-company-3.webp\" alt=\"F\u00f6retagsbild 2\" \/><\/p>\n<p>F\u00f6rfattare: lyl<\/p>","protected":false},"excerpt":{"rendered":"<p>Boom Cylinder For Sinomach ZG3065-9 Introduction to Boom Cylinder The Boom Cylinder is a vital component in hydraulic systems, specifically designed for controlling the movement of buckets in heavy machinery such as excavators, backhoe loaders, and front loaders. This hydraulic cylinder allows the bucket to lift, lower, and tilt, facilitating efficient material handling tasks. It [&hellip;]<\/p>","protected":false},"featured_media":17873,"comment_status":"open","ping_status":"closed","template":"","meta":{"_et_pb_use_builder":"","_et_pb_old_content":"","_et_gb_content_width":""},"product_brand":[],"product_cat":[1546],"product_tag":[1547,1496],"class_list":{"0":"post-19489","1":"product","2":"type-product","3":"status-publish","4":"has-post-thumbnail","6":"product_cat-boom-cylinders","7":"product_tag-boom-cylinders","8":"product_tag-hydraulic-cylinders","10":"first","11":"instock","12":"shipping-taxable","13":"product-type-simple"},"amp_enabled":true,"_links":{"self":[{"href":"https:\/\/www.hydraulic-cylinders.net\/sv\/wp-json\/wp\/v2\/product\/19489","targetHints":{"allow":["GET"]}}],"collection":[{"href":"https:\/\/www.hydraulic-cylinders.net\/sv\/wp-json\/wp\/v2\/product"}],"about":[{"href":"https:\/\/www.hydraulic-cylinders.net\/sv\/wp-json\/wp\/v2\/types\/product"}],"replies":[{"embeddable":true,"href":"https:\/\/www.hydraulic-cylinders.net\/sv\/wp-json\/wp\/v2\/comments?post=19489"}],"wp:featuredmedia":[{"embeddable":true,"href":"https:\/\/www.hydraulic-cylinders.net\/sv\/wp-json\/wp\/v2\/media\/17873"}],"wp:attachment":[{"href":"https:\/\/www.hydraulic-cylinders.net\/sv\/wp-json\/wp\/v2\/media?parent=19489"}],"wp:term":[{"taxonomy":"product_brand","embeddable":true,"href":"https:\/\/www.hydraulic-cylinders.net\/sv\/wp-json\/wp\/v2\/product_brand?post=19489"},{"taxonomy":"product_cat","embeddable":true,"href":"https:\/\/www.hydraulic-cylinders.net\/sv\/wp-json\/wp\/v2\/product_cat?post=19489"},{"taxonomy":"product_tag","embeddable":true,"href":"https:\/\/www.hydraulic-cylinders.net\/sv\/wp-json\/wp\/v2\/product_tag?post=19489"}],"curies":[{"name":"wp","href":"https:\/\/api.w.org\/{rel}","templated":true}]}}