{"id":19507,"date":"2025-04-07T06:51:19","date_gmt":"2025-04-07T06:51:19","guid":{"rendered":"https:\/\/www.hydraulic-cylinders.net\/product\/boom-cylinder-for-sgzg-sd18b\/"},"modified":"2025-04-07T06:51:21","modified_gmt":"2025-04-07T06:51:21","slug":"boom-cylinder-for-sgzg-sd18b","status":"publish","type":"product","link":"https:\/\/www.hydraulic-cylinders.net\/sv\/produkt\/boom-cylinder-for-sgzg-sd18b\/","title":{"rendered":"Bomcylinder f\u00f6r SGZG SD18B"},"content":{"rendered":"<h1>Bomcylinder f\u00f6r SGZG SD18B<\/h1>\n<h2>Introduktion till bomcylindrar<\/h2>\n<p>Bomcylindern f\u00f6r SGZG SD18B \u00e4r en specialiserad hydraulcylinder som \u00e4r utformad f\u00f6r att styra r\u00f6relsen hos skopor i olika tunga maskiner, inklusive gr\u00e4vmaskiner, gr\u00e4vlastare och frontlastare. Dessa cylindrar spelar en avg\u00f6rande roll vid materialhanteringsuppgifter, vilket g\u00f6r att skopan kan lyftas, s\u00e4nkas och lutas effektivt. I huvudsak \u00e4r en skopcylinder en typ av hydraulcylinder som underl\u00e4ttar effektiv drift i hydraulsystem, vilket g\u00f6r den till en oumb\u00e4rlig komponent i modern bygg- och jordbruksutrustning.<\/p>\n<p><img decoding=\"async\" src=\"https:\/\/www.hydraulic-cylinders.net\/wp-content\/uploads\/2025\/04\/songte-company-1.webp\" alt=\"Bomcylinder\"><\/p>\n<h3>Funktion och till\u00e4mpningar<\/h3>\n<p>Skopscylindrar m\u00f6jligg\u00f6r exakt kontroll och f\u00f6rflyttning av skopor, vilket \u00e4r avg\u00f6rande f\u00f6r gr\u00e4vning, lastning och transport av material. M\u00f6jligheten att manipulera skopans position \u00f6kar produktiviteten och effektiviteten i olika till\u00e4mpningar.<\/p>\n<h2>Funktioner hos bomcylindern f\u00f6r SGZG SD18B<\/h2>\n<ul>\n<li><strong>H\u00f6g styrka och h\u00e5llbarhet:<\/strong> Tillverkade av h\u00f6gh\u00e5llfast st\u00e5l eller aluminium, t\u00e5l dessa cylindrar h\u00f6gt tryck och tunga belastningar, vilket g\u00f6r dem l\u00e4mpliga f\u00f6r tuffa arbetsmilj\u00f6er.<\/li>\n<li><strong>Effektiv hydraulisk drift:<\/strong> Genom att anv\u00e4nda hydrauloljetryck f\u00f6r smidig ut- och indragning ger de snabb respons p\u00e5 kontrollkommandon och levererar kraftfulla tryck- och dragkrafter.<\/li>\n<li><strong>Olika typer:<\/strong> Finns i enkelverkande (i en riktning) eller dubbelverkande (i b\u00e5da riktningarna) utf\u00f6randen f\u00f6r att tillgodose olika driftsbehov. Vissa modeller har \u00e4ven teleskopiska konstruktioner f\u00f6r ut\u00f6kad r\u00e4ckvidd utan att \u00f6ka de yttre m\u00e5tten.<\/li>\n<li><strong>Anpassad tillverkning:<\/strong> Vi kan producera denna produkt och ers\u00e4tta befintliga hydraulcylindrar med motsvarande specifikationer p\u00e5 ett perfekt s\u00e4tt.<\/li>\n<li><strong>M\u00e5ngsidiga till\u00e4mpningar:<\/strong> L\u00e4mplig f\u00f6r olika maskiner inom bygg och jordbruk, vilket s\u00e4kerst\u00e4ller optimal prestanda i flera scenarier.<\/li>\n<\/ul>\n<p><img decoding=\"async\" src=\"https:\/\/www.hydraulic-cylinders.net\/wp-content\/uploads\/2025\/04\/songte-cylinder-head-with-all-kinds-excavator-models.webp\" alt=\"Gr\u00e4vmaskinsmodeller\"><\/p>\n<h2>Till\u00e4mpningar av bomcylinder<\/h2>\n<h3>Byggutrustning<\/h3>\n<p>I gr\u00e4vmaskiner \u00e4r bomcylindrar avg\u00f6rande f\u00f6r gr\u00e4vning, lastning och flyttning av jord eller skr\u00e4p. Deras roll i gr\u00e4vlastare \u00e4r dubbel och hj\u00e4lper till med b\u00e5de gr\u00e4vnings- och lyftuppgifter. Denna m\u00e5ngsidighet g\u00f6r dem viktiga f\u00f6r byggprojekt, d\u00e4r effektivitet och precision \u00e4r av st\u00f6rsta vikt.<\/p>\n<h3>Jordbruksmaskiner<\/h3>\n<p>I frontlastare anv\u00e4nds bomcylindrar f\u00f6r att skopa, lyfta och transportera jord, h\u00f6 och andra material. De f\u00f6rb\u00e4ttrar effektiviteten i jordbruksuppgifter, vilket g\u00f6r det m\u00f6jligt f\u00f6r lantbrukare att hantera material med l\u00e4tthet och d\u00e4rmed \u00f6ka produktiviteten i jordbruksverksamheten.<\/p>\n<h3>Gr\u00e4vmaskiner<\/h3>\n<p>Skopscylindrar underl\u00e4ttar gr\u00e4vningen genom att l\u00e5ta skopan tr\u00e4nga ner i jorden. Denna f\u00f6rm\u00e5ga \u00e4r avg\u00f6rande f\u00f6r effektivt gr\u00e4varbete, vilket s\u00e4kerst\u00e4ller att f\u00f6rarna kan uppn\u00e5 \u00f6nskat djup och bibeh\u00e5lla produktiviteten under arbetet.<\/p>\n<h3>Lastare<\/h3>\n<p>Hos frontlastare bidrar bomcylindrar till att lyfta och dumpa laster effektivt. Deras f\u00f6rm\u00e5ga att hantera tunga material g\u00f6r dem ov\u00e4rderliga inom bygg- och materialhantering.<\/p>\n<h2>Design\u00f6verv\u00e4ganden och urvalskriterier<\/h2>\n<ul>\n<li><strong>Lastkapacitet:<\/strong> Cylinderns lastkapacitet \u00e4r en avg\u00f6rande faktor f\u00f6r att s\u00e4kerst\u00e4lla att den uppfyller maskineriets krav. Den m\u00e5ste vara konstruerad f\u00f6r att hantera den maximala vikten av de material som flyttas f\u00f6r att f\u00f6rhindra fel.<\/li>\n<li><strong>T\u00e4tningseffektivitet:<\/strong> Korrekta t\u00e4tningsmekanismer \u00e4r avg\u00f6rande f\u00f6r att f\u00f6rhindra l\u00e4ckage av hydraulv\u00e4tska. Detta inneb\u00e4r att man anv\u00e4nder h\u00f6gkvalitativa t\u00e4tningar som t\u00e5l tryck och slitage \u00f6ver tid.<\/li>\n<li><strong>Varaktighet:<\/strong> Materialen som anv\u00e4nds i konstruktionen m\u00e5ste vara motst\u00e5ndskraftiga mot korrosion och slitage, vilket f\u00f6rl\u00e4nger cylinderns livsl\u00e4ngd \u00e4ven under tuffa arbetsf\u00f6rh\u00e5llanden.<\/li>\n<li><strong>S\u00e4kerhetsfunktioner:<\/strong> Genom att integrera s\u00e4kerhetsventiler och tryckavlastningssystem skyddas operat\u00f6rer och maskiner fr\u00e5n potentiella faror och s\u00e4kerst\u00e4lls s\u00e4ker drift i olika milj\u00f6er.<\/li>\n<li><strong>Tillg\u00e4nglighet f\u00f6r underh\u00e5ll:<\/strong> Konstruktionen b\u00f6r underl\u00e4tta enkel \u00e5tkomst f\u00f6r underh\u00e5ll och reparationer, vilket m\u00f6jligg\u00f6r snabbare service och minskar stillest\u00e5ndstiden.<\/li>\n<\/ul>\n<p><img decoding=\"async\" src=\"https:\/\/www.hydraulic-cylinders.net\/wp-content\/uploads\/2025\/04\/songte-oil-pipes-and-spare-parts.webp\" alt=\"Oljer\u00f6r och reservdelar\"><\/p>\n<h2>T\u00e4tning och sm\u00f6rjning av bomcylindern<\/h2>\n<p>T\u00e4tning och sm\u00f6rjning \u00e4r viktiga element f\u00f6r att bibeh\u00e5lla bomcylindrarnas prestanda. Olika t\u00e4tningar, s\u00e5som kolvt\u00e4tningar och st\u00e5ngt\u00e4tningar, anv\u00e4nds f\u00f6r att f\u00f6rhindra l\u00e4ckage och kontaminering av hydraulv\u00e4tska. T\u00e4tningar tillverkade av polyuretan eller nitrilgummi anv\u00e4nds ofta p\u00e5 grund av deras h\u00e5llbarhet och slitstyrka.<\/p>\n<p>Cylinderhuset och de g\u00e4ngade \u00e4ndytorna genomg\u00e5r precisionsbearbetning f\u00f6r att f\u00f6rb\u00e4ttra slitstyrkan, vilket avsev\u00e4rt \u00f6kar cylinderns livsl\u00e4ngd. Regelbunden sm\u00f6rjning med hydraulolja \u00e4r avg\u00f6rande; det minskar friktionen mellan r\u00f6rliga delar och s\u00e4kerst\u00e4ller smidig drift.<\/p>\n<h2>F\u00f6rebyggande underh\u00e5lls\u00e5tg\u00e4rder<\/h2>\n<ul>\n<li><strong>Regelbundna inspektioner:<\/strong> Att utf\u00f6ra rutinm\u00e4ssiga kontroller av l\u00e4ckor, sprickor och tecken p\u00e5 slitage \u00e4r avg\u00f6rande f\u00f6r att bibeh\u00e5lla optimal prestanda och f\u00f6rhindra pl\u00f6tsliga fel.<\/li>\n<li><strong>L\u00e4mplig sm\u00f6rjning:<\/strong> Att h\u00e5lla tillr\u00e4ckliga hydrauloljeniv\u00e5er och sm\u00f6rja med j\u00e4mna mellanrum minimerar slitage och bibeh\u00e5ller driftseffektiviteten.<\/li>\n<li><strong>Kontroller av t\u00e4tningsbyte och kalibrering:<\/strong> \u00d6vervakning och byte av t\u00e4tningar vid behov f\u00f6rhindrar v\u00e4tskel\u00e4ckage. Dessutom s\u00e4kerst\u00e4ller regelbundna kalibreringskontroller att cylindern fungerar inom angivna parametrar.<\/li>\n<\/ul>\n<h2>Riktlinjer f\u00f6r korrekt installation<\/h2>\n<p>Korrekt installation av bomcylindern \u00e4r avg\u00f6rande f\u00f6r optimal prestanda. B\u00f6rja med att se till att monteringspunkterna \u00e4r rena och fria fr\u00e5n skr\u00e4p. Anv\u00e4nd l\u00e4mpliga monteringsf\u00e4sten f\u00f6r att f\u00e4sta cylindern p\u00e5 plats och se till att den \u00e4r korrekt inriktad mot andra komponenter f\u00f6r att f\u00f6rhindra on\u00f6dig belastning p\u00e5 cylindern.<\/p>\n<p>Under installationen, bibeh\u00e5ll korrekt uppriktning f\u00f6r att minimera slitage och s\u00e4kerst\u00e4lla smidig drift. Det \u00e4r l\u00e4mpligt att konsultera tillverkarens riktlinjer f\u00f6r specifika momentinst\u00e4llningar och installationsprocedurer. Efter installationen, utf\u00f6r ett funktionstest f\u00f6r att bekr\u00e4fta att cylindern fungerar som avsett och g\u00f6r eventuella justeringar.<\/p>\n<h2>Vanliga underh\u00e5llsuppgifter<\/h2>\n<ul>\n<li><strong>Regelbundna inspektioner:<\/strong> Att utf\u00f6ra inspektioner med best\u00e4mda intervall f\u00f6r att tidigt identifiera slitage och potentiella problem \u00e4r avg\u00f6rande f\u00f6r underh\u00e5ll. Detta inkluderar kontroll av l\u00e4ckor, deformationer eller andra tecken p\u00e5 skador.<\/li>\n<li><strong>L\u00e4mplig sm\u00f6rjning:<\/strong> Att s\u00e4kerst\u00e4lla att korrekt sm\u00f6rjning f\u00f6ljs \u00e4r avg\u00f6rande f\u00f6r att minimera friktion och slitage, och d\u00e4rmed f\u00f6rl\u00e4nga komponentens livsl\u00e4ngd.<\/li>\n<li><strong>Kontroller av t\u00e4tningsbyte och kalibrering:<\/strong> Regelbundet byte av t\u00e4tningar f\u00f6rhindrar l\u00e4ckage och s\u00e4kerst\u00e4ller effektiv drift. Dessutom s\u00e4kerst\u00e4ller kalibreringskontroller att cylindern reagerar korrekt p\u00e5 styrsignaler.<\/li>\n<\/ul>\n<h2>S\u00e4kerhetsaspekter och milj\u00f6faktorer<\/h2>\n<p>Det \u00e4r avg\u00f6rande att implementera s\u00e4kerhets\u00e5tg\u00e4rder vid anv\u00e4ndning av hydraulcylindrar. Operat\u00f6rer b\u00f6r f\u00f6lja tillverkarens riktlinjer och s\u00e4kerst\u00e4lla att alla s\u00e4kerhetsanordningar fungerar. Korrekt utbildning i anv\u00e4ndningen av hydraulisk utrustning minimerar riskerna i samband med driften, medan medvetenhet om den milj\u00f6 i vilken utrustningen anv\u00e4nds kan f\u00f6rhindra olyckor och milj\u00f6skador.<\/p>\n<h2>Fels\u00f6kning och vanliga problem<\/h2>\n<ul>\n<li><strong>L\u00e4ckage av hydraulv\u00e4tska:<\/strong> L\u00e4ckage kan uppst\u00e5 p\u00e5 grund av slitna t\u00e4tningar eller skadade komponenter. Regelbundna inspektioner kan hj\u00e4lpa till att identifiera l\u00e4ckor tidigt, vilket m\u00f6jligg\u00f6r snabba reparationer.<\/li>\n<li><strong>Inkonsekvent drift:<\/strong> Om cylindern fungerar oj\u00e4mnt kan det tyda p\u00e5 problem med hydraulv\u00e4tskan eller inre slitage. Det \u00e4r avg\u00f6rande att kontrollera v\u00e4tskeniv\u00e5erna och inspektera f\u00f6r inre skador.<\/li>\n<li><strong>\u00d6verhettning:<\/strong> \u00d6verhettning kan tyda p\u00e5 problem som f\u00f6r h\u00f6gt tryck eller otillr\u00e4cklig sm\u00f6rjning. \u00d6vervakning av driftstemperaturer och s\u00e4kerst\u00e4llande av att l\u00e4mpliga kylmetoder finns p\u00e5 plats kan mildra detta problem.<\/li>\n<\/ul>\n<p>F\u00f6r effektiv fels\u00f6kning b\u00f6r operat\u00f6rer f\u00f6ra tydliga register \u00f6ver underh\u00e5llsaktiviteter och eventuella oegentligheter som observerats under drift. Denna proaktiva metod hj\u00e4lper till att diagnostisera problem korrekt och s\u00e4kerst\u00e4lla att potentiella problem \u00e5tg\u00e4rdas innan de eskalerar.<\/p>\n<p><img decoding=\"async\" src=\"https:\/\/www.hydraulic-cylinders.net\/wp-content\/uploads\/2025\/04\/songte-bushings-with-all-kinds-of-excavator-models.webp\" alt=\"Bussningar med gr\u00e4vmaskinsmodeller\"><\/p>\n<h2>Om v\u00e5rt f\u00f6retag<\/h2>\n<p>Vi \u00e4r en ledande tillverkare och grossistdistribut\u00f6r av hydraulcylindrar f\u00f6r reservdelar, k\u00e4nda f\u00f6r v\u00e5rt breda produktsortiment och engagemang f\u00f6r kvalitet. V\u00e5rt f\u00f6retag implementerar avancerade strategier f\u00f6r tillverkningshantering och f\u00f6rlitar sig p\u00e5 en skicklig arbetsstyrka, avancerad digital tillverkningsutrustning och robusta testsystem f\u00f6r att f\u00f6rb\u00e4ttra produktkvaliteten och produktionseffektiviteten.<\/p>\n<p>Vi \u00e4r stolta \u00f6ver v\u00e5r f\u00f6rm\u00e5ga att m\u00f6ta olika kunders behov genom skr\u00e4ddarsydda tj\u00e4nster. V\u00e5ra produkter genomg\u00e5r rigor\u00f6s kvalitetskontroll, vilket s\u00e4kerst\u00e4ller att de uppfyller internationella standarder. Dessutom erbjuder vi exceptionell eftermarknadssupport och hj\u00e4lper kunder med installation, underh\u00e5ll och eventuella problem som kan uppst\u00e5 efter k\u00f6pet.<\/p>\n<p><img decoding=\"async\" src=\"https:\/\/www.hydraulic-cylinders.net\/wp-content\/uploads\/2025\/04\/songte-company-4.webp\" alt=\"F\u00f6retagsbild 1\"><br \/>\n<img decoding=\"async\" src=\"https:\/\/www.hydraulic-cylinders.net\/wp-content\/uploads\/2025\/04\/songte-company-3.webp\" alt=\"F\u00f6retagsbild 2\"><\/p>\n<p>F\u00f6rfattare: lyl<\/p>","protected":false},"excerpt":{"rendered":"<p>Boom Cylinder For SGZG SD18B Introduction to Boom Cylinders The Boom Cylinder for SGZG SD18B is a specialized hydraulic cylinder designed to control the movement of buckets in various heavy machinery, including excavators, backhoe loaders, and front loaders. These cylinders play a crucial role in material handling tasks, enabling the bucket to lift, lower, and [&hellip;]<\/p>","protected":false},"featured_media":17875,"comment_status":"open","ping_status":"closed","template":"","meta":{"_et_pb_use_builder":"","_et_pb_old_content":"","_et_gb_content_width":""},"product_brand":[],"product_cat":[1546],"product_tag":[1547,1496],"class_list":{"0":"post-19507","1":"product","2":"type-product","3":"status-publish","4":"has-post-thumbnail","6":"product_cat-boom-cylinders","7":"product_tag-boom-cylinders","8":"product_tag-hydraulic-cylinders","10":"first","11":"instock","12":"shipping-taxable","13":"product-type-simple"},"amp_enabled":true,"_links":{"self":[{"href":"https:\/\/www.hydraulic-cylinders.net\/sv\/wp-json\/wp\/v2\/product\/19507","targetHints":{"allow":["GET"]}}],"collection":[{"href":"https:\/\/www.hydraulic-cylinders.net\/sv\/wp-json\/wp\/v2\/product"}],"about":[{"href":"https:\/\/www.hydraulic-cylinders.net\/sv\/wp-json\/wp\/v2\/types\/product"}],"replies":[{"embeddable":true,"href":"https:\/\/www.hydraulic-cylinders.net\/sv\/wp-json\/wp\/v2\/comments?post=19507"}],"wp:featuredmedia":[{"embeddable":true,"href":"https:\/\/www.hydraulic-cylinders.net\/sv\/wp-json\/wp\/v2\/media\/17875"}],"wp:attachment":[{"href":"https:\/\/www.hydraulic-cylinders.net\/sv\/wp-json\/wp\/v2\/media?parent=19507"}],"wp:term":[{"taxonomy":"product_brand","embeddable":true,"href":"https:\/\/www.hydraulic-cylinders.net\/sv\/wp-json\/wp\/v2\/product_brand?post=19507"},{"taxonomy":"product_cat","embeddable":true,"href":"https:\/\/www.hydraulic-cylinders.net\/sv\/wp-json\/wp\/v2\/product_cat?post=19507"},{"taxonomy":"product_tag","embeddable":true,"href":"https:\/\/www.hydraulic-cylinders.net\/sv\/wp-json\/wp\/v2\/product_tag?post=19507"}],"curies":[{"name":"wp","href":"https:\/\/api.w.org\/{rel}","templated":true}]}}