{"id":19511,"date":"2025-04-07T06:51:32","date_gmt":"2025-04-07T06:51:32","guid":{"rendered":"https:\/\/www.hydraulic-cylinders.net\/product\/boom-cylinder-for-sgzg-sd30-9b\/"},"modified":"2025-04-07T06:51:35","modified_gmt":"2025-04-07T06:51:35","slug":"boom-cylinder-for-sgzg-sd30-9b","status":"publish","type":"product","link":"https:\/\/www.hydraulic-cylinders.net\/sv\/produkt\/boom-cylinder-for-sgzg-sd30-9b\/","title":{"rendered":"Bomcylinder f\u00f6r SGZG SD30-9B"},"content":{"rendered":"<h1>Bomcylinder f\u00f6r SGZG SD30-9B<\/h1>\n<h2>Produkt\u00f6versikt<\/h2>\n<p>Bomcylindern f\u00f6r SGZG SD30-9B \u00e4r en specialiserad hydraulcylinder som \u00e4r utformad f\u00f6r att styra skopans r\u00f6relse i olika tunga maskintill\u00e4mpningar. Denna hydraulcylinder, som vanligtvis finns i gr\u00e4vmaskiner, gr\u00e4vlastare och frontlastare, g\u00f6r att skopan kan lyftas, s\u00e4nkas och lutas, vilket underl\u00e4ttar effektiva materialhanteringsuppgifter.<\/p>\n<p><img decoding=\"async\" src=\"https:\/\/www.hydraulic-cylinders.net\/wp-content\/uploads\/2025\/04\/songte-company-1.webp\" alt=\"Hydraulcylinder\" \/><\/p>\n<h3>Definition och funktionalitet<\/h3>\n<p>En skopcylinder \u00e4r en viktig komponent i hydrauliska system och ansvarar f\u00f6r att driva r\u00f6relsen hos skopor och andra redskap i bygg- och jordbruksmaskiner. Dess prim\u00e4ra roll inneb\u00e4r att omvandla hydraultryck till mekanisk kraft, vilket g\u00f6r det m\u00f6jligt f\u00f6r operat\u00f6rer att utf\u00f6ra olika uppgifter med precision och effektivitet. Dessa cylindrar \u00e4r avg\u00f6rande f\u00f6r uppgifter som gr\u00e4vning, lyftning och f\u00f6rflyttning av material, vilket g\u00f6r dem oumb\u00e4rliga inom tung maskinsektorn.<\/p>\n<h2>Funktioner hos bomcylindern<\/h2>\n<ul>\n<li><strong>H\u00f6g styrka och h\u00e5llbarhet:<\/strong> Tillverkad av h\u00f6gh\u00e5llfast st\u00e5l eller aluminium, konstruerad f\u00f6r att motst\u00e5 h\u00f6ga tryck och tunga belastningar, l\u00e4mplig f\u00f6r tuffa arbetsmilj\u00f6er med slitage- och korrosionsbest\u00e4ndighet.<\/li>\n<li><strong>Effektiv hydraulisk drift:<\/strong> Underl\u00e4ttar smidig ut- och indragning tack vare hydrauliskt oljetryck, vilket s\u00e4kerst\u00e4ller snabb respons p\u00e5 kontrollkommandon och ger stark tryck- och dragkraft f\u00f6r hantering av tunga och komplexa uppgifter.<\/li>\n<li><strong>Olika typer:<\/strong> Finns i enkelverkande (i en riktning) eller dubbelverkande (i b\u00e5da riktningarna) konfigurationer, d\u00e4r vissa modeller har teleskopiska konstruktioner f\u00f6r st\u00f6rre utbyggnad utan att \u00f6ka de yttersta m\u00e5tten, idealiskt f\u00f6r applikationer med begr\u00e4nsat utrymme.<\/li>\n<li><strong>Anpassad tillverkning:<\/strong> V\u00e5ra produkter \u00e4r utformade f\u00f6r att perfekt ers\u00e4tta befintliga hydraulcylindrar, vilket s\u00e4kerst\u00e4ller kompatibilitet och tillf\u00f6rlitlighet.<\/li>\n<li><strong>Omfattande testning:<\/strong> Varje cylinder genomg\u00e5r rigor\u00f6sa tester f\u00f6r att uppfylla branschstandarder, vilket s\u00e4kerst\u00e4ller konsekvent prestanda under kr\u00e4vande f\u00f6rh\u00e5llanden.<\/li>\n<\/ul>\n<p><img decoding=\"async\" src=\"https:\/\/www.hydraulic-cylinders.net\/wp-content\/uploads\/2025\/04\/songte-cylinder-head-with-all-kinds-excavator-models.webp\" alt=\"Gr\u00e4vmaskinsmodeller\" \/><\/p>\n<h2>Applikationsscenarier<\/h2>\n<h3>Byggutrustning<\/h3>\n<p>Skopscylindrar finns ofta i gr\u00e4vmaskiner, d\u00e4r de spelar en avg\u00f6rande roll vid gr\u00e4vning, lastning och flyttning av jord eller skr\u00e4p. Dessa cylindrar g\u00f6r att skopan kan tr\u00e4nga ner i marken effektivt, vilket underl\u00e4ttar effektiva gr\u00e4vprocesser.<\/p>\n<h3>Jordbruksmaskiner<\/h3>\n<p>I frontlastare anv\u00e4nds skopcylindrar f\u00f6r att skopa, lyfta och transportera jord, h\u00f6 och andra material. Deras robusta prestanda g\u00f6r det m\u00f6jligt f\u00f6r lantbrukare att utf\u00f6ra olika uppgifter, vilket \u00f6kar produktiviteten inom jordbruket.<\/p>\n<h3>Gr\u00e4vmaskiner<\/h3>\n<p>Skopcylindern i gr\u00e4vmaskiner m\u00f6jligg\u00f6r en kraftfull gr\u00e4vning genom att skopan kan tr\u00e4nga ner i jorden, vilket g\u00f6r det l\u00e4ttare att gr\u00e4va grund eller diken.<\/p>\n<h3>Lastare<\/h3>\n<p>I frontlastare hj\u00e4lper dessa cylindrar till att lyfta och lossa laster effektivt, vilket effektiviserar lastning och lossning av varor eller material p\u00e5 byggarbetsplatser.<\/p>\n<h2>Design\u00f6verv\u00e4ganden och urvalskriterier<\/h2>\n<ul>\n<li><strong>Lastkapacitet:<\/strong> Konstruktionen m\u00e5ste anpassas till de specifika belastningskraven f\u00f6r den maskin den betj\u00e4nar. Detta inneb\u00e4r att ber\u00e4kna de maximala krafter som cylindern kommer att m\u00f6ta under drift f\u00f6r att s\u00e4kerst\u00e4lla s\u00e4kerhet och tillf\u00f6rlitlighet.<\/li>\n<li><strong>T\u00e4tningsmekanismer:<\/strong> Effektiv t\u00e4tning \u00e4r avg\u00f6rande f\u00f6r att f\u00f6rhindra l\u00e4ckage av hydraulv\u00e4tska och bibeh\u00e5lla trycket. H\u00f6gkvalitativa t\u00e4tningar, s\u00e5som kolvt\u00e4tningar och kolvst\u00e5ngst\u00e4tningar, tillverkade av slitstarka material som polyuretan och nitrilgummi, \u00e4r avg\u00f6rande f\u00f6r optimal prestanda.<\/li>\n<li><strong>Varaktighet:<\/strong> Cylindern m\u00e5ste vara konstruerad f\u00f6r att motst\u00e5 tuffa arbetsf\u00f6rh\u00e5llanden, inklusive extremt v\u00e4der och tunga mekaniska p\u00e5frestningar. Detta inneb\u00e4r att man anv\u00e4nder korrosionsbest\u00e4ndiga material och skyddande bel\u00e4ggningar f\u00f6r att f\u00f6rl\u00e4nga livsl\u00e4ngden.<\/li>\n<li><strong>S\u00e4kerhetsfunktioner:<\/strong> Genom att inf\u00f6rliva s\u00e4kerhets\u00e5tg\u00e4rder som tryckavlastningsventiler s\u00e4kerst\u00e4ller man att hydraulsystemet fungerar inom s\u00e4kra gr\u00e4nser, vilket f\u00f6rhindrar katastrofala fel.<\/li>\n<li><strong>Tillg\u00e4nglighet f\u00f6r underh\u00e5ll:<\/strong> Konstruktionen b\u00f6r m\u00f6jligg\u00f6ra enkel \u00e5tkomst till komponenter f\u00f6r underh\u00e5ll och reparationer, vilket minskar stillest\u00e5ndstid och driftskostnader.<\/li>\n<\/ul>\n<p><img decoding=\"async\" src=\"https:\/\/www.hydraulic-cylinders.net\/wp-content\/uploads\/2025\/04\/songte-oil-pipes-and-spare-parts.webp\" alt=\"Oljer\u00f6r och reservdelar\" \/><\/p>\n<h2>T\u00e4tning och sm\u00f6rjning<\/h2>\n<p>Att anv\u00e4nda olika t\u00e4tningskomponenter som kolvt\u00e4tningar och kolvst\u00e5ngst\u00e4tningar \u00e4r avg\u00f6rande f\u00f6r att bibeh\u00e5lla hydraulcylindrars integritet. T\u00e4tningar tillverkade av slitstarka material som polyuretan och nitrilgummi anv\u00e4nds ofta f\u00f6r att f\u00f6rb\u00e4ttra h\u00e5llbarheten. Dessutom genomg\u00e5r cylinderhuset och de g\u00e4ngade \u00e4ndytorna exakta ytbehandlingar f\u00f6r att f\u00f6rb\u00e4ttra slitstyrkan. Regelbunden sm\u00f6rjning med hydraulolja \u00e4r n\u00f6dv\u00e4ndig f\u00f6r att s\u00e4kerst\u00e4lla smidig drift och f\u00f6rhindra slitage.<\/p>\n<h2>F\u00f6rebyggande underh\u00e5lls\u00e5tg\u00e4rder<\/h2>\n<ul>\n<li><strong>Regelbundna inspektioner:<\/strong> Genomf\u00f6r noggranna inspektioner f\u00f6r att identifiera eventuella tecken p\u00e5 slitage eller skador, och se till att snabba reparationer utf\u00f6rs innan problemen eskalerar.<\/li>\n<li><strong>Sm\u00f6rjning:<\/strong> S\u00e4kerst\u00e4ll att cylindern \u00e4r tillr\u00e4ckligt smord genom att kontrollera v\u00e4tskeniv\u00e5erna och applicera n\u00f6dv\u00e4ndig hydraulolja f\u00f6r att bibeh\u00e5lla smidig drift.<\/li>\n<li><strong>Byte av t\u00e4tning:<\/strong> Kontrollera regelbundet t\u00e4tningarnas skick och byt ut dem vid behov f\u00f6r att f\u00f6rhindra l\u00e4ckage och bibeh\u00e5lla hydraultrycket.<\/li>\n<\/ul>\n<h2>Installationsriktlinjer<\/h2>\n<p>Korrekt installation av bomcylindern \u00e4r avg\u00f6rande f\u00f6r optimal prestanda. B\u00f6rja med att se till att arbetsomr\u00e5det \u00e4r rent och fritt fr\u00e5n skr\u00e4p. Rikta in cylindern korrekt med monteringspunkterna p\u00e5 maskinen f\u00f6r att f\u00f6rhindra feljustering. Anv\u00e4nd l\u00e4mpliga monteringsf\u00e4sten f\u00f6r att f\u00e4sta cylindern ordentligt p\u00e5 plats. Efter installationen, kontrollera de hydrauliska anslutningarna f\u00f6r l\u00e4ckor och se till att cylindern fungerar smidigt genom hela sitt r\u00f6relseomr\u00e5de. Regelbunden kalibrering kan vara n\u00f6dv\u00e4ndig f\u00f6r att justera reglagen och s\u00e4kerst\u00e4lla att cylindern fungerar som f\u00f6rv\u00e4ntat, vilket f\u00f6rb\u00e4ttrar driftseffektiviteten.<\/p>\n<h2>Vanliga underh\u00e5llsuppgifter<\/h2>\n<ul>\n<li><strong>Regelbundna inspektioner:<\/strong> Utf\u00f6r regelbundna inspektioner f\u00f6r att uppt\u00e4cka tecken p\u00e5 slitage, l\u00e4ckor eller funktionsfel. Denna uppgift \u00e4r avg\u00f6rande f\u00f6r att f\u00f6rhindra ov\u00e4ntade driftstopp och kostsamma reparationer.<\/li>\n<li><strong>Korrekt sm\u00f6rjning:<\/strong> Bibeh\u00e5ll tillr\u00e4ckliga sm\u00f6rjniv\u00e5er genom att kontrollera och fylla p\u00e5 hydraulolja vid behov. Korrekt sm\u00f6rjning minimerar friktion och slitage, vilket f\u00f6rl\u00e4nger cylinderns livsl\u00e4ngd.<\/li>\n<li><strong>Kontroller av t\u00e4tningsbyte och kalibrering:<\/strong> Byt regelbundet ut slitna t\u00e4tningar och utf\u00f6r kalibreringskontroller f\u00f6r att uppr\u00e4tth\u00e5lla hydraultryck och inriktning. Korrekt kalibrerade system s\u00e4kerst\u00e4ller effektiv drift och \u00f6kar s\u00e4kerheten.<\/li>\n<\/ul>\n<p><img decoding=\"async\" src=\"https:\/\/www.hydraulic-cylinders.net\/wp-content\/uploads\/2025\/04\/songte-chushion-collar.webp\" alt=\"Kuddekrage\" \/><\/p>\n<h2>S\u00e4kerhetsaspekter och milj\u00f6faktorer<\/h2>\n<p>Vid anv\u00e4ndning av hydraulcylindrar \u00e4r det avg\u00f6rande att implementera s\u00e4kerhets\u00e5tg\u00e4rder f\u00f6r att skydda operat\u00f6rer och maskiner. F\u00f6lj alltid tillverkarens riktlinjer f\u00f6r s\u00e4ker drift och se till att alla s\u00e4kerhetsfunktioner, s\u00e5som tryckavlastningsventiler, fungerar korrekt. Tillr\u00e4cklig utbildning f\u00f6r operat\u00f6rer \u00e4r avg\u00f6rande f\u00f6r att f\u00f6rhindra olyckor och s\u00e4kerst\u00e4lla att arbetstagare \u00e4r medvetna om de potentiella faror som \u00e4r f\u00f6rknippade med hydrauliska maskiner.<\/p>\n<h2>Fels\u00f6kning och vanliga problem<\/h2>\n<ul>\n<li><strong>L\u00e4ckage:<\/strong> Kontrollera l\u00e4ckor runt t\u00e4tningar och kopplingar, vilket kan tyda p\u00e5 slitage eller skador. Att \u00e5tg\u00e4rda l\u00e4ckor snabbt \u00e4r avg\u00f6rande f\u00f6r att bibeh\u00e5lla systemets prestanda.<\/li>\n<li><strong>Inkonsekvent drift:<\/strong> Om cylindern fungerar oj\u00e4mnt, kontrollera hydraulv\u00e4tskeniv\u00e5n och kvaliteten. F\u00f6rorenad eller l\u00e5g v\u00e4tska kan leda till oregelbunden prestanda.<\/li>\n<li><strong>Reducerad effekt:<\/strong> Om cylindern uppvisar minskad tryck- eller dragkraft, unders\u00f6k eventuella blockeringar i hydraulledningarna eller problem med pumpen.<\/li>\n<\/ul>\n<p>F\u00f6r att effektivt diagnostisera och l\u00f6sa dessa problem, se tillverkarens fels\u00f6kningsguide och uppr\u00e4tth\u00e5ll ett regelbundet underh\u00e5llsschema f\u00f6r att f\u00f6rhindra vanliga problem.<\/p>\n<p><img decoding=\"async\" src=\"https:\/\/www.hydraulic-cylinders.net\/wp-content\/uploads\/2025\/04\/songte-bushings-with-all-kinds-of-excavator-models.webp\" alt=\"Bussningar f\u00f6r gr\u00e4vmaskinsmodeller\" \/><\/p>\n<h2>Om v\u00e5rt f\u00f6retag<\/h2>\n<p>Vi \u00e4r en ledande tillverkare av hydraulcylindrar f\u00f6r reservdelar och erbjuder ett omfattande produktsortiment. V\u00e5rt fokus p\u00e5 exceptionell kvalitet har positionerat oss som en av de ledande tillverkarna och grossisterna av hydraulcylindrar p\u00e5 b\u00e5de den inhemska och internationella marknaden. Vi str\u00e4var efter excellens genom att implementera f\u00f6rfinade tillverkningsstrategier i v\u00e5ra verkst\u00e4der.<\/p>\n<p>V\u00e5rt f\u00f6retag f\u00f6rb\u00e4ttrar kontinuerligt produktionskapaciteten genom tekniska framsteg, avancerad tillverkningsutrustning och professionella testsystem. Detta engagemang g\u00f6r det m\u00f6jligt f\u00f6r oss att m\u00f6ta olika kunders behov med h\u00f6g effektivitet, precision och kvalitet.<\/p>\n<p><img decoding=\"async\" src=\"https:\/\/www.hydraulic-cylinders.net\/wp-content\/uploads\/2025\/04\/songte-company-4.webp\" alt=\"F\u00f6retags\u00f6versikt\" \/><br \/>\n<img decoding=\"async\" src=\"https:\/\/www.hydraulic-cylinders.net\/wp-content\/uploads\/2025\/04\/songte-company-3.webp\" alt=\"F\u00f6retagsproduktion\" \/><\/p>\n<p>F\u00f6rfattare: lyl<\/p>","protected":false},"excerpt":{"rendered":"<p>Boom Cylinder For SGZG SD30-9B Product Overview The Boom Cylinder for SGZG SD30-9B is a specialized hydraulic cylinder designed to control the movement of buckets in various heavy machinery applications. Commonly found in excavators, backhoe loaders, and front-end loaders, this hydraulic cylinder enables the bucket to lift, lower, and tilt, facilitating efficient material handling tasks. [&hellip;]<\/p>","protected":false},"featured_media":17879,"comment_status":"open","ping_status":"closed","template":"","meta":{"_et_pb_use_builder":"","_et_pb_old_content":"","_et_gb_content_width":""},"product_brand":[],"product_cat":[1546],"product_tag":[1547,1496],"class_list":{"0":"post-19511","1":"product","2":"type-product","3":"status-publish","4":"has-post-thumbnail","6":"product_cat-boom-cylinders","7":"product_tag-boom-cylinders","8":"product_tag-hydraulic-cylinders","10":"first","11":"instock","12":"shipping-taxable","13":"product-type-simple"},"amp_enabled":true,"_links":{"self":[{"href":"https:\/\/www.hydraulic-cylinders.net\/sv\/wp-json\/wp\/v2\/product\/19511","targetHints":{"allow":["GET"]}}],"collection":[{"href":"https:\/\/www.hydraulic-cylinders.net\/sv\/wp-json\/wp\/v2\/product"}],"about":[{"href":"https:\/\/www.hydraulic-cylinders.net\/sv\/wp-json\/wp\/v2\/types\/product"}],"replies":[{"embeddable":true,"href":"https:\/\/www.hydraulic-cylinders.net\/sv\/wp-json\/wp\/v2\/comments?post=19511"}],"wp:featuredmedia":[{"embeddable":true,"href":"https:\/\/www.hydraulic-cylinders.net\/sv\/wp-json\/wp\/v2\/media\/17879"}],"wp:attachment":[{"href":"https:\/\/www.hydraulic-cylinders.net\/sv\/wp-json\/wp\/v2\/media?parent=19511"}],"wp:term":[{"taxonomy":"product_brand","embeddable":true,"href":"https:\/\/www.hydraulic-cylinders.net\/sv\/wp-json\/wp\/v2\/product_brand?post=19511"},{"taxonomy":"product_cat","embeddable":true,"href":"https:\/\/www.hydraulic-cylinders.net\/sv\/wp-json\/wp\/v2\/product_cat?post=19511"},{"taxonomy":"product_tag","embeddable":true,"href":"https:\/\/www.hydraulic-cylinders.net\/sv\/wp-json\/wp\/v2\/product_tag?post=19511"}],"curies":[{"name":"wp","href":"https:\/\/api.w.org\/{rel}","templated":true}]}}