{"id":19512,"date":"2025-04-07T06:51:35","date_gmt":"2025-04-07T06:51:35","guid":{"rendered":"https:\/\/www.hydraulic-cylinders.net\/product\/boom-cylinder-for-tyhi-wyd260\/"},"modified":"2025-04-07T06:51:43","modified_gmt":"2025-04-07T06:51:43","slug":"boom-cylinder-for-tyhi-wyd260","status":"publish","type":"product","link":"https:\/\/www.hydraulic-cylinders.net\/sv\/produkt\/boom-cylinder-for-tyhi-wyd260\/","title":{"rendered":"Bomcylinder f\u00f6r TYHI WYD260"},"content":{"rendered":"<h1>Bomcylinder f\u00f6r TYHI WYD260<\/h1>\n<h2>Produktdefinition och \u00f6versikt<\/h2>\n<p>Bomcylindern f\u00f6r TYHI WYD260 \u00e4r en specialiserad hydraulcylinder utformad f\u00f6r att styra bommens r\u00f6relse p\u00e5 tunga maskiner som gr\u00e4vmaskiner, gr\u00e4vlastare och frontlastare. Denna hydraulcylinder g\u00f6r att bommen kan h\u00f6jas, s\u00e4nkas och lutas, vilket underl\u00e4ttar olika materialhanteringsuppgifter. Skopscylindern spelar en avg\u00f6rande roll i hydraulsystem och m\u00f6jligg\u00f6r exakt och effektiv drift av byggutrustning. Dess design och funktionalitet s\u00e4kerst\u00e4ller optimal prestanda i kr\u00e4vande milj\u00f6er, vilket g\u00f6r den till en viktig komponent i moderna maskiner.<\/p>\n<p><img decoding=\"async\" src=\"https:\/\/www.hydraulic-cylinders.net\/wp-content\/uploads\/2025\/04\/songte-company-1.webp\" alt=\"Bomcylinder f\u00f6r TYHI WYD260\"><\/p>\n<p>Genom att utnyttja hydrauloljetrycket utf\u00f6r bomcylindern smidig ut- och indragning, vilket ger den kraftfulla tryck- och dragkraft som kr\u00e4vs f\u00f6r att lyfta tunga laster. Den \u00e4r speciellt konstruerad f\u00f6r att motst\u00e5 p\u00e5frestningarna i kr\u00e4vande applikationer, vilket bidrar avsev\u00e4rt till effektiviteten och \u00e4ndam\u00e5lsenligheten i byggprojekt.<\/p>\n<h2>Viktiga funktioner hos bomcylindern<\/h2>\n<ul>\n<li><strong>H\u00f6g styrka och h\u00e5llbarhet:<\/strong> Tillverkad av h\u00f6gh\u00e5llfast st\u00e5l eller aluminium, t\u00e5l h\u00f6gt tryck och tunga belastningar samtidigt som den \u00e4r motst\u00e5ndskraftig mot tuffa arbetsmilj\u00f6er.<\/li>\n<li><strong>Effektiv hydraulisk drift:<\/strong> M\u00f6jligg\u00f6r snabb respons p\u00e5 kontrollkommandon och ger starka tryck- och dragfunktioner som \u00e4r idealiska f\u00f6r hantering av tunga och komplexa uppgifter.<\/li>\n<li><strong>Olika cylindertyper:<\/strong> Alternativ f\u00f6r enkelverkande (hydraulisk drift i en riktning) eller dubbelverkande (hydraulisk drift i b\u00e5da riktningarna) cylindrar, f\u00f6r att tillgodose olika driftsbehov.<\/li>\n<li><strong>Platsbesparande design:<\/strong> Vissa modeller har teleskopiska konstruktioner, vilket m\u00f6jligg\u00f6r st\u00f6rre utbyggnad utan att \u00f6ka de yttre m\u00e5tten, vilket g\u00f6r dem l\u00e4mpliga f\u00f6r applikationer med begr\u00e4nsat utrymme.<\/li>\n<li><strong>Underh\u00e5llsv\u00e4nlig:<\/strong> Utformad f\u00f6r enkel inspektion och service, vilket s\u00e4kerst\u00e4ller l\u00e5ng livsl\u00e4ngd och optimal prestanda.<\/li>\n<\/ul>\n<p>Vi tillverkar denna produkt och kan perfekt ers\u00e4tta olika hydraulcylindrar.<\/p>\n<p><img decoding=\"async\" src=\"https:\/\/www.hydraulic-cylinders.net\/wp-content\/uploads\/2025\/04\/songte-cylinder-head-with-all-kinds-excavator-models.webp\" alt=\"Hydrauliskt cylinderhuvud\"><\/p>\n<h2>Anv\u00e4ndningsomr\u00e5den f\u00f6r bomcylindern<\/h2>\n<h3>Byggutrustning<\/h3>\n<p>I gr\u00e4vmaskiner \u00e4r bomcylindern avg\u00f6rande f\u00f6r gr\u00e4vning, lastning och f\u00f6rflyttning av jord eller skr\u00e4p. Den g\u00f6r att armaggregatet kan f\u00f6rl\u00e4ngas och dras in, vilket s\u00e4kerst\u00e4ller effektiv materialhantering och f\u00f6rberedelse av arbetsplatsen. Den hydrauliska funktionen ger den kraft som beh\u00f6vs f\u00f6r tunga lyft, vilket g\u00f6r den oumb\u00e4rlig i byggsituationer.<\/p>\n<h3>Jordbruksmaskiner<\/h3>\n<p>Bomcylindern, som anv\u00e4nds i frontlastare, \u00e4r avg\u00f6rande f\u00f6r att skopa, lyfta och transportera jord, h\u00f6 och andra material. Dess effektivitet leder till f\u00f6rb\u00e4ttrad produktivitet p\u00e5 g\u00e5rdar, vilket g\u00f6r att f\u00f6rarna kan slutf\u00f6ra uppgifter snabbt och med minimal anstr\u00e4ngning. De hydrauliska funktionerna s\u00e4kerst\u00e4ller att lastaren kan hantera betydande laster med l\u00e4tthet.<\/p>\n<h3>Gr\u00e4vmaskiner<\/h3>\n<p>I gr\u00e4vmaskiner g\u00f6r bomcylindern att skopan kan tr\u00e4nga ner i marken, vilket underl\u00e4ttar gr\u00e4vningsprocessen. Denna funktion \u00e4r avg\u00f6rande f\u00f6r olika projekt, fr\u00e5n landskapsarkitektur till gr\u00e4vning f\u00f6r byggnadsgrunder. Den exakta styrningen som hydraulsystemet ger f\u00f6rb\u00e4ttrar driftseffektiviteten.<\/p>\n<h3>Lastare<\/h3>\n<p>Frontlastare drar nytta av bomcylinderns f\u00f6rm\u00e5ga att lyfta och dumpa laster effektivt. Den hydrauliska funktionen g\u00f6r det m\u00f6jligt f\u00f6r f\u00f6rare att utf\u00f6ra uppgifter som att r\u00f6ja skr\u00e4p eller flytta tunga material med precision, vilket bidrar till den \u00f6vergripande projekteffektiviteten och s\u00e4kerheten.<\/p>\n<h2>Design\u00f6verv\u00e4ganden och urvalskriterier<\/h2>\n<h3>Lastkapacitet<\/h3>\n<p>Bomcylinderns lastkapacitet \u00e4r en avg\u00f6rande faktor i dess konstruktion. Den m\u00e5ste kunna hantera betydande vikter utan att kompromissa med s\u00e4kerhet eller prestanda. Materialen som anv\u00e4nds i konstruktionen, s\u00e5som h\u00f6gh\u00e5llfast st\u00e5l, v\u00e4ljs f\u00f6r att s\u00e4kerst\u00e4lla att cylindern kan b\u00e4ra de erforderliga belastningarna. En grundlig analys av de f\u00f6rv\u00e4ntade belastningarna under drift kommer att ligga till grund f\u00f6r specifikationerna f\u00f6r cylindern, vilket s\u00e4kerst\u00e4ller att den uppfyller kraven f\u00f6r tunga applikationer.<\/p>\n<h3>T\u00e4tning och h\u00e5llbarhet<\/h3>\n<p>T\u00e4tning \u00e4r avg\u00f6rande i hydraulcylindrar f\u00f6r att f\u00f6rhindra v\u00e4tskel\u00e4ckage och bibeh\u00e5lla trycket. H\u00f6gkvalitativa t\u00e4tningar, s\u00e5som kolv- och kolvst\u00e5ngst\u00e4tningar tillverkade av slitstarka material som polyuretan och nitrilgummi, anv\u00e4nds f\u00f6r att s\u00e4kerst\u00e4lla l\u00e5ng livsl\u00e4ngd och tillf\u00f6rlitlighet. Dessutom m\u00e5ste cylinderns design ta h\u00e4nsyn till slitage, d\u00e4r komponenterna behandlas f\u00f6r att f\u00f6rb\u00e4ttra deras motst\u00e5ndskraft mot korrosion och n\u00f6tning, vilket i slut\u00e4ndan f\u00f6rl\u00e4nger cylinderns livsl\u00e4ngd.<\/p>\n<h3>S\u00e4kerhetsfunktioner<\/h3>\n<p>S\u00e4kerhet \u00e4r av st\u00f6rsta vikt vid konstruktion av hydraulcylindrar. Funktioner som tryckavlastningsventiler och robusta l\u00e5smekanismer hj\u00e4lper till att f\u00f6rhindra olyckor och s\u00e4kerst\u00e4lla s\u00e4ker drift. Regelbundna s\u00e4kerhetskontroller och efterlevnad av branschstandarder i tillverkningsprocessen f\u00f6rb\u00e4ttrar ytterligare bomcylinderns s\u00e4kerhet, vilket g\u00f6r den till en p\u00e5litlig komponent i tunga maskiner.<\/p>\n<h3>Underh\u00e5ll och reparationsm\u00f6jligheter<\/h3>\n<p>En v\u00e4lkonstruerad bomcylinder b\u00f6r underl\u00e4tta enkelt underh\u00e5ll och reparation. Funktioner som m\u00f6jligg\u00f6r snabb \u00e5tkomst till interna komponenter f\u00f6r inspektion och service \u00e4r avg\u00f6rande. Dessutom kan standardisering av delar mellan olika modeller f\u00f6renkla utbytesprocessen, vilket minskar stillest\u00e5ndstider och tillh\u00f6rande kostnader f\u00f6r operat\u00f6rerna.<\/p>\n<p><img decoding=\"async\" src=\"https:\/\/www.hydraulic-cylinders.net\/wp-content\/uploads\/2025\/04\/songte-oil-pipes-and-spare-parts.webp\" alt=\"Oljer\u00f6r och reservdelar\"><\/p>\n<h2>T\u00e4tning och sm\u00f6rjning<\/h2>\n<p>Effektiv t\u00e4tning och sm\u00f6rjning \u00e4r avg\u00f6rande f\u00f6r optimal prestanda hos bomcylindern. Olika t\u00e4tningselement, inklusive kolvt\u00e4tningar och st\u00e5ngt\u00e4tningar, anv\u00e4nds f\u00f6r att f\u00f6rhindra v\u00e4tskel\u00e4ckage. Valet av slitstarka material som polyuretan och nitrilgummi s\u00e4kerst\u00e4ller att t\u00e4tningarna klarar av p\u00e5frestningarna under drift.<\/p>\n<p>Cylinderhuset och de g\u00e4ngade \u00e4ndytorna genomg\u00e5r noggrann bearbetning f\u00f6r att f\u00f6rb\u00e4ttra slitstyrkan. Regelbunden sm\u00f6rjning med hydraulolja \u00e4r n\u00f6dv\u00e4ndig f\u00f6r att minimera friktion och s\u00e4kerst\u00e4lla smidig drift. Operat\u00f6rer b\u00f6r vara noggranna med att bibeh\u00e5lla r\u00e4tt oljeniv\u00e5er och -typer f\u00f6r att undvika f\u00f6r tidigt slitage och bibeh\u00e5lla prestandan.<\/p>\n<h2>Regelbunden inspektion och f\u00f6rebyggande underh\u00e5lls\u00e5tg\u00e4rder<\/h2>\n<ul>\n<li><strong>Regelbundna inspektioner:<\/strong> Regelbundna kontroller av l\u00e4ckor, slitage och skador p\u00e5 t\u00e4tningar och komponenter \u00e4r avg\u00f6rande. Operat\u00f6rer b\u00f6r utf\u00f6ra visuella inspektioner och anv\u00e4nda \u00f6vervakningsutrustning f\u00f6r att uppt\u00e4cka eventuella avvikelser tidigt.<\/li>\n<li><strong>Korrekt sm\u00f6rjning:<\/strong> Att s\u00e4kerst\u00e4lla att cylindern \u00e4r tillr\u00e4ckligt smord \u00e4r avg\u00f6rande f\u00f6r dess livsl\u00e4ngd. Operat\u00f6rer b\u00f6r f\u00f6lja tillverkarens riktlinjer g\u00e4llande sm\u00f6rjintervall och m\u00e4ngder f\u00f6r att bibeh\u00e5lla topprestanda.<\/li>\n<li><strong>Byte av t\u00e4tning:<\/strong> T\u00e4tningar b\u00f6r bytas ut vid f\u00f6rsta tecken p\u00e5 slitage. Att ha ett lager av ers\u00e4ttningst\u00e4tningar i lager kan minska driftstopp och s\u00e4kerst\u00e4lla att reparationer kan utf\u00f6ras snabbt vid behov.<\/li>\n<\/ul>\n<h2>Installationsriktlinjer<\/h2>\n<p>Korrekt installation av bomcylindern \u00e4r avg\u00f6rande f\u00f6r att s\u00e4kerst\u00e4lla dess funktionalitet och livsl\u00e4ngd. B\u00f6rja med att se till att alla anslutningspunkter \u00e4r rena och fria fr\u00e5n skr\u00e4p. Justera cylindern noggrant under installationen f\u00f6r att undvika feljustering, vilket kan leda till f\u00f6r tidigt slitage eller fel.<\/p>\n<p>Anv\u00e4nd l\u00e4mpliga monteringsf\u00e4sten f\u00f6r att f\u00e4sta cylindern och se till att den sitter ordentligt p\u00e5 plats. Utf\u00f6r ett trycktest efter installationen f\u00f6r att bekr\u00e4fta att cylindern fungerar korrekt och att det inte finns n\u00e5gra l\u00e4ckor. Kontrollera regelbundet den installerade cylindern f\u00f6r tecken p\u00e5 slitage eller skador och \u00e5tg\u00e4rda eventuella problem omedelbart f\u00f6r att bibeh\u00e5lla optimal prestanda.<\/p>\n<h2>Underh\u00e5llsuppgifter<\/h2>\n<h3>Regelbundna inspektioner<\/h3>\n<p>Att utf\u00f6ra regelbundna inspektioner \u00e4r avg\u00f6rande f\u00f6r att identifiera potentiella problem innan de eskalerar. Kontrollera om det finns tecken p\u00e5 l\u00e4ckage av hydraulv\u00e4tska, vilket kan tyda p\u00e5 t\u00e4tningsfel eller komponentslitage. Inspektera cylindern f\u00f6r synliga skador eller deformationer. Dokumentera resultat f\u00f6r att sp\u00e5ra prestandatrender och \u00e5tg\u00e4rda eventuella \u00e5terkommande problem omedelbart.<\/p>\n<h3>Korrekt sm\u00f6rjning<\/h3>\n<p>Sm\u00f6rjning \u00e4r avg\u00f6rande f\u00f6r att s\u00e4kerst\u00e4lla smidig drift och minska slitage p\u00e5 interna komponenter. F\u00f6lj tillverkarens rekommendationer f\u00f6r oljetyper och m\u00e4ngder och uppr\u00e4tta ett sm\u00f6rjschema. T\u00e4nk p\u00e5 milj\u00f6faktorer som kan p\u00e5verka sm\u00f6rjfrekvensen, s\u00e5som temperatur och fuktighet. Kontrollera regelbundet oljeniv\u00e5erna och byt hydraulolja enligt riktlinjerna f\u00f6r att bibeh\u00e5lla optimal prestanda.<\/p>\n<h3>T\u00e4tningsbyte och kalibreringskontroller<\/h3>\n<p>Eftersom t\u00e4tningar \u00e4r avg\u00f6rande f\u00f6r att f\u00f6rhindra v\u00e4tskel\u00e4ckage \u00e4r det viktigt att byta ut dem vid f\u00f6rsta tecken p\u00e5 slitage eller skador. Ha ett lager av ers\u00e4ttningst\u00e4tningar till hands f\u00f6r att minimera driftstopp. Kalibreringskontroller b\u00f6r utf\u00f6ras regelbundet f\u00f6r att s\u00e4kerst\u00e4lla att cylindern fungerar inom angivna parametrar. Korrekt kalibrering s\u00e4kerst\u00e4ller att hydraulsystemet fungerar effektivt och f\u00f6rb\u00e4ttrar den totala prestandan.<\/p>\n<p><img decoding=\"async\" src=\"https:\/\/www.hydraulic-cylinders.net\/wp-content\/uploads\/2025\/04\/songte-chushion-collar.webp\" alt=\"Kuddekrage\"><\/p>\n<h2>S\u00e4kerhetsaspekter och milj\u00f6faktorer<\/h2>\n<p>Vid anv\u00e4ndning av hydrauliska produkter \u00e4r det viktigt att implementera s\u00e4kerhets\u00e5tg\u00e4rder f\u00f6r att f\u00f6rhindra olyckor och s\u00e4kerst\u00e4lla operat\u00f6rernas s\u00e4kerhet. Att f\u00f6lja s\u00e4kerhetsprotokoll, inklusive korrekt utbildning f\u00f6r operat\u00f6rer och regelbundna utrustningskontroller, kan minska riskerna. Dessutom \u00e4r milj\u00f6h\u00e4nsyn, som att undvika l\u00e4ckor och spill av hydraulv\u00e4tskor, avg\u00f6rande f\u00f6r att skydda b\u00e5de personal och omgivning.<\/p>\n<h2>Feldiagnos och vanliga problem<\/h2>\n<ul>\n<li><strong>L\u00e4ckage:<\/strong> F\u00f6rekommer ofta p\u00e5 grund av slitna t\u00e4tningar eller skadade anslutningar. Omedelbar inspektion och reparation \u00e4r n\u00f6dv\u00e4ndig f\u00f6r att f\u00f6rhindra v\u00e4tskef\u00f6rlust och bibeh\u00e5lla systemtrycket.<\/li>\n<li><strong>Minskad prestanda:<\/strong> Om cylindern inte f\u00e4lls ut eller in ordentligt kan det tyda p\u00e5 l\u00e5ga hydraulv\u00e4tskeniv\u00e5er eller inre slitage. Analys av hydraultryck och v\u00e4tskekvalitet kan hj\u00e4lpa till att diagnostisera problem.<\/li>\n<li><strong>Konstiga ljud:<\/strong> Ovanliga ljud under drift kan signalera interna skador eller n\u00e4rvaro av luft i hydraulsystemet, vilket kr\u00e4ver ytterligare unders\u00f6kning.<\/li>\n<\/ul>\n<p>F\u00f6r varje problem \u00e4r det avg\u00f6rande att f\u00f6lja fels\u00f6kningsprocedurer f\u00f6r att identifiera och \u00e5tg\u00e4rda problemet effektivt. Regelbundet underh\u00e5ll kan bidra till att f\u00f6rhindra att dessa problem uppst\u00e5r och s\u00e4kerst\u00e4lla att cylindern fungerar smidigt.<\/p>\n<h2>Fels\u00f6kningstips och f\u00f6rebyggande \u00e5tg\u00e4rder<\/h2>\n<p>F\u00f6r att effektivt diagnostisera och l\u00f6sa vanliga problem b\u00f6r operat\u00f6rer genomf\u00f6ra noggranna inspektioner och f\u00f6ra en detaljerad underh\u00e5llslogg. Att h\u00e5lla koll p\u00e5 prestandaproblem kan hj\u00e4lpa till att identifiera m\u00f6nster som kr\u00e4ver uppm\u00e4rksamhet. Att utbilda operat\u00f6rer i vikten av tidig uppt\u00e4ckt kan ocks\u00e5 bidra till att minimera driftstopp.<\/p>\n<p>Genom att implementera f\u00f6rebyggande \u00e5tg\u00e4rder, s\u00e5som regelbundna underh\u00e5llskontroller och snabba t\u00e4tningsbyten, minskar sannolikheten f\u00f6r driftsproblem avsev\u00e4rt. Att uppmuntra en proaktiv underh\u00e5llskultur bland operat\u00f6rer kan leda till en l\u00e4ngre livsl\u00e4ngd f\u00f6r hydraulcylindrar och h\u00f6gre total effektivitet i driften.<\/p>\n<p><img decoding=\"async\" src=\"https:\/\/www.hydraulic-cylinders.net\/wp-content\/uploads\/2025\/04\/songte-bushings-with-all-kinds-of-excavator-models.webp\" alt=\"Bussningar med gr\u00e4vmaskinsmodeller\"><\/p>\n<h2>F\u00f6retags\u00f6versikt<\/h2>\n<p>Vi \u00e4r en ledande tillverkare av hydraulcylindrar f\u00f6r reservdelar och erbjuder ett omfattande produktsortiment som har etablerat oss som en framst\u00e5ende akt\u00f6r p\u00e5 b\u00e5de inhemska och internationella marknader. V\u00e5rt engagemang f\u00f6r exceptionell kvalitet st\u00f6ds av en sofistikerad produktionsstrategi som betonar precisionstillverkning.<\/p>\n<p>Med hj\u00e4lp av skicklig arbetsstyrka, avancerad digital tillverkningsutrustning och robusta testsystem f\u00f6rb\u00e4ttrar vi kontinuerligt v\u00e5r produktionskapacitet. V\u00e5rt fokus p\u00e5 h\u00f6g effektivitet, noggrannhet och kvalitet g\u00f6r att vi kan m\u00f6ta olika kunders behov effektivt. Dessutom skiljer oss v\u00e5ra internationella certifieringar och v\u00e5rt engagemang f\u00f6r skr\u00e4ddarsydda l\u00f6sningar fr\u00e5n m\u00e4ngden i branschen.<\/p>\n<p><img decoding=\"async\" src=\"https:\/\/www.hydraulic-cylinders.net\/wp-content\/uploads\/2025\/04\/songte-company-4.webp\" alt=\"F\u00f6retags\u00f6versikt\"><br \/>\n<img decoding=\"async\" src=\"https:\/\/www.hydraulic-cylinders.net\/wp-content\/uploads\/2025\/04\/songte-company-3.webp\" alt=\"Tillverkningsutrustning\"><\/p>\n<p>F\u00f6rfattare: lyl<\/p>","protected":false},"excerpt":{"rendered":"<p>Boom Cylinder For TYHI WYD260 Product Definition and Overview The Boom Cylinder for TYHI WYD260 is a specialized hydraulic cylinder designed to control the movement of the boom on heavy machinery such as excavators, backhoe loaders, and front loaders. This hydraulic cylinder enables the boom to rise, lower, and tilt, facilitating various material handling tasks. [&hellip;]<\/p>","protected":false},"featured_media":17880,"comment_status":"open","ping_status":"closed","template":"","meta":{"_et_pb_use_builder":"","_et_pb_old_content":"","_et_gb_content_width":""},"product_brand":[],"product_cat":[1546],"product_tag":[1547,1496],"class_list":{"0":"post-19512","1":"product","2":"type-product","3":"status-publish","4":"has-post-thumbnail","6":"product_cat-boom-cylinders","7":"product_tag-boom-cylinders","8":"product_tag-hydraulic-cylinders","10":"first","11":"instock","12":"shipping-taxable","13":"product-type-simple"},"amp_enabled":true,"_links":{"self":[{"href":"https:\/\/www.hydraulic-cylinders.net\/sv\/wp-json\/wp\/v2\/product\/19512","targetHints":{"allow":["GET"]}}],"collection":[{"href":"https:\/\/www.hydraulic-cylinders.net\/sv\/wp-json\/wp\/v2\/product"}],"about":[{"href":"https:\/\/www.hydraulic-cylinders.net\/sv\/wp-json\/wp\/v2\/types\/product"}],"replies":[{"embeddable":true,"href":"https:\/\/www.hydraulic-cylinders.net\/sv\/wp-json\/wp\/v2\/comments?post=19512"}],"wp:featuredmedia":[{"embeddable":true,"href":"https:\/\/www.hydraulic-cylinders.net\/sv\/wp-json\/wp\/v2\/media\/17880"}],"wp:attachment":[{"href":"https:\/\/www.hydraulic-cylinders.net\/sv\/wp-json\/wp\/v2\/media?parent=19512"}],"wp:term":[{"taxonomy":"product_brand","embeddable":true,"href":"https:\/\/www.hydraulic-cylinders.net\/sv\/wp-json\/wp\/v2\/product_brand?post=19512"},{"taxonomy":"product_cat","embeddable":true,"href":"https:\/\/www.hydraulic-cylinders.net\/sv\/wp-json\/wp\/v2\/product_cat?post=19512"},{"taxonomy":"product_tag","embeddable":true,"href":"https:\/\/www.hydraulic-cylinders.net\/sv\/wp-json\/wp\/v2\/product_tag?post=19512"}],"curies":[{"name":"wp","href":"https:\/\/api.w.org\/{rel}","templated":true}]}}