{"id":19515,"date":"2025-04-07T06:51:49","date_gmt":"2025-04-07T06:51:49","guid":{"rendered":"https:\/\/www.hydraulic-cylinders.net\/product\/boom-cylinder-for-carter-ct60-8a-8b\/"},"modified":"2025-04-07T06:51:52","modified_gmt":"2025-04-07T06:51:52","slug":"boom-cylinder-for-carter-ct60-8a-8b","status":"publish","type":"product","link":"https:\/\/www.hydraulic-cylinders.net\/sv\/produkt\/boom-cylinder-for-carter-ct60-8a-8b\/","title":{"rendered":"Bomcylinder f\u00f6r Carter CT60-8A-8B"},"content":{"rendered":"<h1>Bomcylinder f\u00f6r Carter CT60-8A-8B<\/h1>\n<h2>Introduktion till bomcylinder<\/h2>\n<p>Bomcylindern \u00e4r en specialiserad hydraulcylinder som \u00e4r utformad f\u00f6r att styra r\u00f6relsen hos skopor i olika tunga maskiner, s\u00e5som gr\u00e4vmaskiner, gr\u00e4vlastare och frontlastare. Denna hydrauliska komponent g\u00f6r att skopan kan lyftas, s\u00e4nkas och lutas, vilket underl\u00e4ttar materialhanteringsuppgifter inom bygg och jordbruk. Skopcylindern spelar en avg\u00f6rande roll i hydraulsystemet och s\u00e4kerst\u00e4ller smidig och effektiv drift vid lyft av tunga laster.<\/p>\n<p><img decoding=\"async\" src=\"https:\/\/www.hydraulic-cylinders.net\/wp-content\/uploads\/2025\/04\/songte-company-1.webp\" alt=\"Bomcylinder\" \/><\/p>\n<h2>Funktioner hos bomcylindern<\/h2>\n<ul>\n<li>\n<h3>H\u00f6g styrka och h\u00e5llbarhet<\/h3>\n<p>    Dessa cylindrar, som vanligtvis \u00e4r tillverkade av h\u00f6gh\u00e5llfast st\u00e5l eller aluminium, \u00e4r konstruerade f\u00f6r att motst\u00e5 h\u00f6ga tryck och tunga belastningar, vilket g\u00f6r dem l\u00e4mpliga f\u00f6r tuffa arbetsmilj\u00f6er. Deras design inkluderar \u00e4ven slitstyrka och korrosionsskydd, vilket f\u00f6rl\u00e4nger deras livsl\u00e4ngd.<\/li>\n<li>\n<h3>Effektiv hydraulisk drift<\/h3>\n<p>    Genom att utnyttja hydrauloljans tryck m\u00f6jligg\u00f6r bomcylindern smidig ut- och ink\u00f6rning, svarar snabbt p\u00e5 f\u00f6rarens kommandon och ger kraftfulla tryck- och dragkrafter. Detta g\u00f6r dem idealiska f\u00f6r hantering av tunga material och komplexa uppgifter.<\/li>\n<li>\n<h3>Olika typer<\/h3>\n<p>    Bomcylindrar kan v\u00e4ljas baserat p\u00e5 specifika behov, inklusive enkelverkande (med hydraulisk kraft i en riktning) eller dubbelverkande (med hydraulisk kraft i b\u00e5da riktningarna). Vissa modeller \u00e4r teleskopiska, vilket m\u00f6jligg\u00f6r st\u00f6rre utdrag utan att \u00f6ka ytterm\u00e5tten, l\u00e4mpliga f\u00f6r applikationer med begr\u00e4nsat utrymme.<\/li>\n<\/ul>\n<h2>Produktionskapacitet<\/h2>\n<p>Vi har kapacitet att producera denna bomcylinder med precision och kvalitet som perfekt kan ers\u00e4tta befintliga hydraulcylindrar.<\/p>\n<p><img decoding=\"async\" src=\"https:\/\/www.hydraulic-cylinders.net\/wp-content\/uploads\/2025\/04\/songte-cylinder-head-with-all-kinds-excavator-models.webp\" alt=\"Produktionskapacitet\" \/><\/p>\n<h2>Anv\u00e4ndningsomr\u00e5den f\u00f6r bomcylindern<\/h2>\n<h3>Byggutrustning<\/h3>\n<p>I gr\u00e4vmaskiner \u00e4r bomcylindrar viktiga f\u00f6r gr\u00e4vning, lastning och f\u00f6rflyttning av jord eller skr\u00e4p. De spelar en viktig roll f\u00f6r att skopan ska kunna tr\u00e4nga ner i marken effektivt, vilket m\u00f6jligg\u00f6r effektiv gr\u00e4vning och materialtransport.<\/p>\n<h3>Jordbruksmaskiner<\/h3>\n<p>I frontlastare hj\u00e4lper bomcylindrar till att skopa, lyfta och transportera jord, h\u00f6 och andra material. Deras tillf\u00f6rlitliga drift \u00e4r avg\u00f6rande f\u00f6r att optimera jordbruksuppgifter och \u00f6ka produktiviteten p\u00e5 g\u00e5rdar.<\/p>\n<h3>Gr\u00e4vmaskiner<\/h3>\n<p>Bomcylindern ger gr\u00e4vmaskiner m\u00f6jlighet att utf\u00f6ra gr\u00e4vnings\u00e5tg\u00e4rder genom att l\u00e5ta skopan l\u00e4tt tr\u00e4nga ner i jorden. Denna funktion \u00e4r avg\u00f6rande f\u00f6r olika bygg- och landskapsprojekt.<\/p>\n<h3>Lastare<\/h3>\n<p>P\u00e5 frontlastare hj\u00e4lper bomcylindern till att lyfta och dumpa material effektivt. Detta \u00e4r avg\u00f6rande f\u00f6r byggarbetsplatser d\u00e4r tunga material beh\u00f6ver flyttas effektivt.<\/p>\n<h2>Design\u00f6verv\u00e4ganden och urvalskriterier<\/h2>\n<ul>\n<li>\n<h3>Lastkapacitet<\/h3>\n<p>    N\u00e4r man v\u00e4ljer en bomcylinder \u00e4r det avg\u00f6rande att f\u00f6rst\u00e5 dess lastkapacitet. Cylindern m\u00e5ste kunna hantera den maximala belastningen den kommer att uts\u00e4ttas f\u00f6r under drift utan att kompromissa med s\u00e4kerhet eller prestanda. Faktorer som vikten p\u00e5 de material som flyttas och terr\u00e4ngens lutning m\u00e5ste beaktas f\u00f6r att s\u00e4kerst\u00e4lla att cylindern \u00e4r l\u00e4mpligt klassad f\u00f6r sin till\u00e4mpning.<\/h3>\n<\/li>\n<li>\n<h3>T\u00e4tning<\/h3>\n<p>    T\u00e4tningssystemen som anv\u00e4nds i bomcylindrar \u00e4r grundl\u00e4ggande f\u00f6r deras prestanda. H\u00f6gkvalitativa t\u00e4tningar f\u00f6rhindrar l\u00e4ckage av hydraulv\u00e4tska, vilket kan leda till minskad effektivitet och potentiella skador p\u00e5 cylindern. Olika t\u00e4tningsmaterial, s\u00e5som polyuretan och nitrilgummi, v\u00e4ljs f\u00f6r sin h\u00e5llbarhet och slitstyrka, vilket s\u00e4kerst\u00e4ller cylinderns l\u00e5nga livsl\u00e4ngd.<\/h3>\n<\/li>\n<li>\n<h3>Varaktighet<\/h3>\n<p>    Materialen som anv\u00e4nds vid tillverkning av bomcylindrar p\u00e5verkar deras h\u00e5llbarhet i h\u00f6g grad. H\u00f6gh\u00e5llfasta material \u00e4r avg\u00f6rande f\u00f6r att motst\u00e5 h\u00e5rda arbetsf\u00f6rh\u00e5llanden och mekaniska p\u00e5frestningar. Regelbundna bed\u00f6mningar av slitage kan hj\u00e4lpa till att identifiera n\u00e4r en cylinder beh\u00f6ver service eller bytas ut.<\/h3>\n<\/li>\n<li>\n<h3>S\u00e4kerhet<\/h3>\n<p>    S\u00e4kerhetsfunktioner som tryckavlastningsventiler och s\u00e4kerhetsl\u00e5s \u00e4r viktiga faktorer att beakta vid konstruktionen av bomcylindrar. Dessa funktioner hj\u00e4lper till att f\u00f6rhindra olyckor under drift och ger sinnesro f\u00f6r f\u00f6rare som arbetar med tunga maskiner.<\/h3>\n<\/li>\n<li>\n<h3>Underh\u00e5ll<\/h3>\n<p>    Att v\u00e4lja en bomcylinder som \u00e4r konstruerad f\u00f6r enkelt underh\u00e5ll kan minska driftstoppen avsev\u00e4rt. Funktioner som underl\u00e4ttar snabba inspektioner, sm\u00f6rjning och t\u00e4tningsbyten kan \u00f6ka cylinderns livsl\u00e4ngd och s\u00e4kerst\u00e4lla att den f\u00f6rblir i drift under l\u00e4ngre perioder.<\/h3>\n<\/li>\n<\/ul>\n<p><img decoding=\"async\" src=\"https:\/\/www.hydraulic-cylinders.net\/wp-content\/uploads\/2025\/04\/songte-oil-pipes-and-spare-parts.webp\" alt=\"Design\u00f6verv\u00e4ganden\" \/><\/p>\n<h2>T\u00e4tning och sm\u00f6rjning av cylindern<\/h2>\n<p>Effektiv t\u00e4tning \u00e4r avg\u00f6rande f\u00f6r bomcylindrars prestanda. Olika t\u00e4tningskomponenter, s\u00e5som kolvt\u00e4tningar och st\u00e5ngt\u00e4tningar, anv\u00e4nds f\u00f6r att h\u00e5lla kvar hydraulv\u00e4tska samtidigt som de f\u00f6rhindrar att externa f\u00f6roreningar kommer in i cylindern. T\u00e4tningar tillverkade av slitstarka material som polyuretan och nitrilgummi ger motst\u00e5ndskraft mot slitage och h\u00e5rda driftsf\u00f6rh\u00e5llanden. Dessutom genomg\u00e5r cylinderhuset och de g\u00e4ngade \u00e4ndytorna exakta bearbetningsprocesser f\u00f6r att f\u00f6rb\u00e4ttra slitstyrkan. Regelbunden sm\u00f6rjning med hydraulolja \u00e4r avg\u00f6rande f\u00f6r att minimera friktion och s\u00e4kerst\u00e4lla smidig drift av r\u00f6rliga delar.<\/p>\n<h2>Regelbunden inspektion och f\u00f6rebyggande underh\u00e5ll<\/h2>\n<ul>\n<li>\n<h3>Rutinkontroller<\/h3>\n<p>    Att utf\u00f6ra rutinkontroller av bomcylindern \u00e4r avg\u00f6rande f\u00f6r att identifiera potentiella problem innan de blir allvarliga. Detta inkluderar inspektion av l\u00e4ckor, slitage och skador, vilket kan tyda p\u00e5 underliggande mekaniska fel. Regelbunden \u00f6vervakning s\u00e4kerst\u00e4ller att utrustningen f\u00f6rblir i optimalt skick, vilket f\u00f6rl\u00e4nger dess livsl\u00e4ngd.<\/h3>\n<\/li>\n<li>\n<h3>L\u00e4mplig sm\u00f6rjning<\/h3>\n<p>    Korrekt sm\u00f6rjning av hydraulcylindrar \u00e4r avg\u00f6rande f\u00f6r att minska friktion och slitage mellan r\u00f6rliga delar. Det \u00e4r viktigt att f\u00f6lja tillverkarens rekommendationer f\u00f6r sm\u00f6rjintervall och m\u00e4ngder f\u00f6r att bibeh\u00e5lla cylinderns prestanda. Tillr\u00e4cklig sm\u00f6rjning f\u00f6rhindrar inte bara f\u00f6r tidigt slitage utan f\u00f6rb\u00e4ttrar ocks\u00e5 hydraulsystemets effektivitet.<\/h3>\n<\/li>\n<li>\n<h3>Byte av t\u00e4tning<\/h3>\n<p>    T\u00e4tningar \u00e4r ett vanligt slitage i hydraulcylindrar, och snabba byten \u00e4r avg\u00f6rande f\u00f6r att undvika hydrauliska l\u00e4ckor. Regelbunden inspektion f\u00f6r tecken p\u00e5 slitage eller skador kan hj\u00e4lpa till att avg\u00f6ra n\u00e4r t\u00e4tningar beh\u00f6ver bytas ut. Korrekta procedurer f\u00f6r t\u00e4tningsbyte b\u00f6r f\u00f6ljas f\u00f6r att s\u00e4kerst\u00e4lla en t\u00e4t passform och f\u00f6rhindra framtida l\u00e4ckor.<\/h3>\n<\/li>\n<\/ul>\n<p><img decoding=\"async\" src=\"https:\/\/www.hydraulic-cylinders.net\/wp-content\/uploads\/2025\/04\/songte-chushion-collar.webp\" alt=\"Underh\u00e5llsuppgifter\" \/><\/p>\n<h2>S\u00e4kerhetsaspekter och milj\u00f6faktorer<\/h2>\n<p>Vid arbete med hydrauliska system \u00e4r s\u00e4kerhets\u00e5tg\u00e4rder av st\u00f6rsta vikt. Operat\u00f6rer b\u00f6r utbildas i korrekt anv\u00e4ndning av hydraulisk utrustning, inklusive riskerna med h\u00f6gtryckssystem. Dessutom \u00e4r regelbundna underh\u00e5llskontroller avg\u00f6rande f\u00f6r att s\u00e4kerst\u00e4lla att alla komponenter fungerar korrekt, vilket minimerar risken f\u00f6r olyckor. Milj\u00f6faktorer som oljespill och kontaminering m\u00e5ste ocks\u00e5 hanteras genom att anv\u00e4nda milj\u00f6v\u00e4nliga hydraulv\u00e4tskor och implementera korrekta avfallshanteringsmetoder f\u00f6r allt avfall som genereras under underh\u00e5ll.<\/p>\n<h2>Feldiagnos och vanliga problem<\/h2>\n<ul>\n<li>\n<h3>Hydrauliska l\u00e4ckor<\/h3>\n<p>    Ett av de vanligaste problemen med bomcylindrar \u00e4r l\u00e4ckage av hydraulv\u00e4tska. Dessa kan uppst\u00e5 p\u00e5 grund av slitna t\u00e4tningar eller skadade komponenter, vilket leder till minskad effektivitet och potentiella s\u00e4kerhetsrisker. Regelbundna inspektioner kan hj\u00e4lpa till att uppt\u00e4cka l\u00e4ckor tidigt, vilket m\u00f6jligg\u00f6r snabba reparationer.<\/h3>\n<\/li>\n<li>\n<h3>L\u00e5ngsam svarstid<\/h3>\n<p>    Om bomcylindern \u00e4r l\u00e5ngsam med att svara p\u00e5 f\u00f6rarens kommandon kan det tyda p\u00e5 luft i hydraulsystemet eller l\u00e5ga v\u00e4tskeniv\u00e5er. Detta problem kan kr\u00e4va att systemet luftas eller att hydraulv\u00e4tska fylls p\u00e5 f\u00f6r att \u00e5terst\u00e4lla normal funktion.<\/h3>\n<\/li>\n<li>\n<h3>\u00d6kade bullerniv\u00e5er<\/h3>\n<p>    Ovanligt ljud under drift kan tyda p\u00e5 mekaniska problem, s\u00e5som en feljusterad cylinder eller bristande sm\u00f6rjning. Operat\u00f6rer b\u00f6r unders\u00f6ka k\u00e4llan till ljudet f\u00f6r att f\u00f6rhindra ytterligare skador p\u00e5 hydraulsystemet.<\/h3>\n<\/li>\n<\/ul>\n<h2>Fels\u00f6kningstips och l\u00f6sningar<\/h2>\n<p>F\u00f6r att effektivt diagnostisera och l\u00f6sa problem med bomcylindrar b\u00f6r operat\u00f6rer f\u00f6lja en strukturerad metod. B\u00f6rja med att inspektera f\u00f6r externa l\u00e4ckor och kontrollera v\u00e4tskeniv\u00e5er. Om l\u00e4ckor uppt\u00e4cks, byt ut n\u00f6dv\u00e4ndiga t\u00e4tningar och komponenter. Vid l\u00e5ngsamma svarstider, se till att hydraulsystemet \u00e4r fritt fr\u00e5n luft och att v\u00e4tskeniv\u00e5erna \u00e4r tillr\u00e4ckliga. Att \u00e5tg\u00e4rda eventuella ovanliga ljud omedelbart f\u00f6rhindrar komplikationer, och operat\u00f6rer b\u00f6r h\u00e4nvisa till tillverkarens riktlinjer f\u00f6r specifika fels\u00f6kningsprocedurer. F\u00f6rebyggande \u00e5tg\u00e4rder, s\u00e5som regelbundet underh\u00e5ll och inspektioner, \u00e4r avg\u00f6rande f\u00f6r att minimera potentiella problem och s\u00e4kerst\u00e4lla tillf\u00f6rlitlig drift.<\/p>\n<p><img decoding=\"async\" src=\"https:\/\/www.hydraulic-cylinders.net\/wp-content\/uploads\/2025\/04\/songte-bushings-with-all-kinds-of-excavator-models.webp\" alt=\"Fels\u00f6kning\" \/><\/p>\n<h2>Om v\u00e5rt f\u00f6retag<\/h2>\n<p>Vi \u00e4r en tillverkare av hydraulcylindrar f\u00f6r reservdelar och erbjuder ett omfattande produktsortiment som har etablerat oss som en av de ledande tillverkarna och grossisterna p\u00e5 b\u00e5de inhemska och internationella marknader. Vi str\u00e4var efter h\u00f6gsta kvalitet genom en f\u00f6rfinad tillverkningsstrategi som betonar industriell produktionshantering. V\u00e5rt f\u00f6retag f\u00f6rb\u00e4ttrar kontinuerligt sin tillverkningskapacitet genom integration av skicklig teknisk personal, avancerad digital tillverkningsutrustning och professionella testsystem. Detta engagemang f\u00f6r kvalitet och precision g\u00f6r det m\u00f6jligt f\u00f6r oss att effektivt m\u00f6ta olika kundbehov.<\/p>\n<p><img decoding=\"async\" src=\"https:\/\/www.hydraulic-cylinders.net\/wp-content\/uploads\/2025\/04\/songte-company-4.webp\" alt=\"F\u00f6retags\u00f6versikt\" \/><br \/>\n<img decoding=\"async\" src=\"https:\/\/www.hydraulic-cylinders.net\/wp-content\/uploads\/2025\/04\/songte-company-3.webp\" alt=\"F\u00f6retags\u00f6versikt\" \/><\/p>\n<p>V\u00e5rt f\u00f6retag \u00e4r stolt \u00f6ver sin professionalism, internationella certifieringar, kundanpassade tj\u00e4nster, toppmoderna produktionsutrustning och exceptionella eftermarknadsservice, vilket s\u00e4kerst\u00e4ller att v\u00e5ra kunder f\u00e5r b\u00e4sta m\u00f6jliga produkter och support.<\/p>\n<p>F\u00f6rfattare: lyl<\/p>","protected":false},"excerpt":{"rendered":"<p>Boom Cylinder For Carter CT60-8A-8B Introduction to Boom Cylinder The Boom Cylinder is a specialized hydraulic cylinder designed to control the movement of buckets in various heavy machinery, such as excavators, backhoe loaders, and front loaders. This hydraulic component enables the bucket to lift, lower, and tilt, facilitating material handling tasks in construction and agriculture. [&hellip;]<\/p>","protected":false},"featured_media":17868,"comment_status":"open","ping_status":"closed","template":"","meta":{"_et_pb_use_builder":"","_et_pb_old_content":"","_et_gb_content_width":""},"product_brand":[],"product_cat":[1546],"product_tag":[1547,1496],"class_list":{"0":"post-19515","1":"product","2":"type-product","3":"status-publish","4":"has-post-thumbnail","6":"product_cat-boom-cylinders","7":"product_tag-boom-cylinders","8":"product_tag-hydraulic-cylinders","10":"first","11":"instock","12":"shipping-taxable","13":"product-type-simple"},"amp_enabled":true,"_links":{"self":[{"href":"https:\/\/www.hydraulic-cylinders.net\/sv\/wp-json\/wp\/v2\/product\/19515","targetHints":{"allow":["GET"]}}],"collection":[{"href":"https:\/\/www.hydraulic-cylinders.net\/sv\/wp-json\/wp\/v2\/product"}],"about":[{"href":"https:\/\/www.hydraulic-cylinders.net\/sv\/wp-json\/wp\/v2\/types\/product"}],"replies":[{"embeddable":true,"href":"https:\/\/www.hydraulic-cylinders.net\/sv\/wp-json\/wp\/v2\/comments?post=19515"}],"wp:featuredmedia":[{"embeddable":true,"href":"https:\/\/www.hydraulic-cylinders.net\/sv\/wp-json\/wp\/v2\/media\/17868"}],"wp:attachment":[{"href":"https:\/\/www.hydraulic-cylinders.net\/sv\/wp-json\/wp\/v2\/media?parent=19515"}],"wp:term":[{"taxonomy":"product_brand","embeddable":true,"href":"https:\/\/www.hydraulic-cylinders.net\/sv\/wp-json\/wp\/v2\/product_brand?post=19515"},{"taxonomy":"product_cat","embeddable":true,"href":"https:\/\/www.hydraulic-cylinders.net\/sv\/wp-json\/wp\/v2\/product_cat?post=19515"},{"taxonomy":"product_tag","embeddable":true,"href":"https:\/\/www.hydraulic-cylinders.net\/sv\/wp-json\/wp\/v2\/product_tag?post=19515"}],"curies":[{"name":"wp","href":"https:\/\/api.w.org\/{rel}","templated":true}]}}