{"id":19517,"date":"2025-04-07T06:51:54","date_gmt":"2025-04-07T06:51:54","guid":{"rendered":"https:\/\/www.hydraulic-cylinders.net\/product\/boom-cylinder-for-carter-ct150-8\/"},"modified":"2025-04-07T06:51:56","modified_gmt":"2025-04-07T06:51:56","slug":"boom-cylinder-for-carter-ct150-8","status":"publish","type":"product","link":"https:\/\/www.hydraulic-cylinders.net\/sv\/produkt\/boom-cylinder-for-carter-ct150-8\/","title":{"rendered":"Bomcylinder f\u00f6r Carter CT150-8"},"content":{"rendered":"<h1>Bomcylinder f\u00f6r Carter CT150-8<\/h1>\n<h2>Introduktion till bomcylindern<\/h2>\n<p>Bomcylindern \u00e4r en viktig komponent i hydraulsystemen i tunga maskiner, s\u00e4rskilt i gr\u00e4vmaskiner, gr\u00e4vmaskiner och frontlastare. Den \u00e4r specifikt utformad f\u00f6r att styra skopans r\u00f6relse, vilket m\u00f6jligg\u00f6r lyft-, s\u00e4nk- och lutnings\u00e5tg\u00e4rder som \u00e4r avg\u00f6rande f\u00f6r effektiva materialhanteringsuppgifter. Skopcylindern, en typ av hydraulcylinder, spelar en avg\u00f6rande roll i dessa operationer och ger den kraft som kr\u00e4vs f\u00f6r att utf\u00f6ra tunga uppgifter med precision.<\/p>\n<p><img decoding=\"async\" src=\"https:\/\/www.hydraulic-cylinders.net\/wp-content\/uploads\/2025\/04\/songte-company-1.webp\" alt=\"Bomcylinder\" \/><\/p>\n<h3>Definition och \u00f6versikt<\/h3>\n<p>Skopcylindern fungerar genom att omvandla hydraultryck till mekanisk kraft. N\u00e4r hydraulv\u00e4tska leds in i cylindern trycker den p\u00e5 kolven, vilket i sin tur r\u00f6r den monterade armen eller skopan. Detta system m\u00f6jligg\u00f6r smidiga och kontrollerade r\u00f6relser, vilket g\u00f6r det oumb\u00e4rligt inom bygg- och jordbruksapplikationer d\u00e4r tunga material beh\u00f6ver flyttas eller manipuleras. Bomcylinderns effektivitet och tillf\u00f6rlitlighet s\u00e4kerst\u00e4ller att f\u00f6rare kan slutf\u00f6ra uppgifter snabbt och effektivt, vilket minimerar stillest\u00e5ndstider och maximerar produktiviteten.<\/p>\n<h2>Viktiga funktioner hos bomcylindern<\/h2>\n<ul>\n<li><strong>H\u00f6g styrka och h\u00e5llbarhet:<\/strong> Tillverkad av h\u00f6gh\u00e5llfast st\u00e5l eller aluminium, konstruerad f\u00f6r att motst\u00e5 h\u00f6gt tryck och tunga belastningar samtidigt som den \u00e4r motst\u00e5ndskraftig mot slitage och korrosion.<\/li>\n<li><strong>Effektiv hydraulisk drift:<\/strong> Anv\u00e4nder hydrauliskt oljetryck f\u00f6r smidig och snabb ut- och indragning, vilket ger kraftfulla tryck- och dragkrafter l\u00e4mpliga f\u00f6r tunga eller komplexa uppgifter.<\/li>\n<li><strong>Olika typer:<\/strong> Finns i enkelverkande (med hydraulik i en riktning) eller dubbelverkande (med hydraulik i b\u00e5da riktningarna) konfigurationer, med vissa modeller med teleskopisk design f\u00f6r st\u00f6rre r\u00e4ckvidd utan att \u00f6ka de yttersta m\u00e5tten.<\/li>\n<li><strong>Anpassningsbara alternativ:<\/strong> Kan skr\u00e4ddarsys f\u00f6r att passa specifika maskinbehov och driftskrav, vilket \u00f6kar m\u00e5ngsidigheten inom olika till\u00e4mpningar.<\/li>\n<li><strong>Enkel installation och underh\u00e5ll:<\/strong> Utformad f\u00f6r enkel installation med anv\u00e4ndarv\u00e4nliga underh\u00e5llsfunktioner, vilket m\u00f6jligg\u00f6r snabba utbyten och reparationer.<\/li>\n<\/ul>\n<p>Vi tillverkar denna produkt, och v\u00e5ra cylindrar kan perfekt ers\u00e4tta dessa hydraulcylindrar.<\/p>\n<p><img decoding=\"async\" src=\"https:\/\/www.hydraulic-cylinders.net\/wp-content\/uploads\/2025\/04\/songte-cylinder-head-with-all-kinds-excavator-models.webp\" alt=\"Gr\u00e4vmaskinsmodeller\" \/><\/p>\n<h2>Anv\u00e4ndningsomr\u00e5den f\u00f6r bomcylindern<\/h2>\n<h3>Byggutrustning<\/h3>\n<p>I gr\u00e4vmaskiner \u00e4r bomcylindrar viktiga f\u00f6r att gr\u00e4va, lasta och flytta jord eller skr\u00e4p. De g\u00f6r att skopan kan n\u00e5 djupt ner i marken och gr\u00e4va material effektivt. I gr\u00e4vlastare underl\u00e4ttar dessa cylindrar b\u00e5de gr\u00e4vning och lyft, vilket ger m\u00e5ngsidighet p\u00e5 byggarbetsplatser.<\/p>\n<h3>Jordbruksmaskiner<\/h3>\n<p>I frontlastare anv\u00e4nds bomcylindrar f\u00f6r att skopa, lyfta och transportera jord, h\u00f6 och andra material. Detta g\u00f6r dem viktiga f\u00f6r uppgifter som att lasta lastbilar eller flytta foder och bulkprodukter, vilket avsev\u00e4rt f\u00f6rb\u00e4ttrar produktiviteten p\u00e5 g\u00e5rdar.<\/p>\n<h3>Gr\u00e4vningsuppgifter<\/h3>\n<p>I gr\u00e4vmaskiner g\u00f6r skopcylindern att skopan kan tr\u00e4nga ner i jorden och utf\u00f6ra gr\u00e4vningsuppgifter effektivt. Denna f\u00f6rm\u00e5ga \u00e4r avg\u00f6rande f\u00f6r byggprojekt, markr\u00f6jning och landskapsarkitektur, d\u00e4r exakt gr\u00e4vning kr\u00e4vs.<\/p>\n<h3>Lastarapplikationer<\/h3>\n<p>Hos frontlastare hj\u00e4lper bomcylindrar till att lyfta och lossa laster effektivt. De ger den styrka som kr\u00e4vs f\u00f6r att hantera tunga material, vilket g\u00f6r dem viktiga f\u00f6r olika lastnings- och lossningsuppgifter.<\/p>\n<h2>Design\u00f6verv\u00e4ganden och urvalskriterier<\/h2>\n<h3>Lastkapacitet<\/h3>\n<p>Bomcylinderns lastkapacitet \u00e4r en kritisk konstruktionsfaktor. Cylindern m\u00e5ste vara konstruerad f\u00f6r att hantera den maximala vikt den kommer att uts\u00e4ttas f\u00f6r under drift. Detta inneb\u00e4r att man bed\u00f6mer tryckklassningar, materialh\u00e5llfasthet och \u00f6vergripande design f\u00f6r att s\u00e4kerst\u00e4lla s\u00e4kerhet och funktionalitet under tunga belastningar.<\/p>\n<h3>T\u00e4tningsprestanda<\/h3>\n<p>T\u00e4tning \u00e4r avg\u00f6rande f\u00f6r att hydraulcylindrar ska fungera korrekt. H\u00f6gkvalitativa t\u00e4tningar f\u00f6rhindrar l\u00e4ckage av hydraulv\u00e4tska, vilket s\u00e4kerst\u00e4ller effektiv drift och bibeh\u00e5ller trycket. Valet av t\u00e4tningsmaterial, s\u00e5som polyuretan eller nitrilgummi, p\u00e5verkar h\u00e5llbarhet och prestanda, s\u00e4rskilt i tuffa milj\u00f6er.<\/p>\n<h3>Varaktighet<\/h3>\n<p>H\u00e5llbarhet \u00e4r en nyckelfaktor vid konstruktionen av bomcylindrar. De m\u00e5ste motst\u00e5 extrema f\u00f6rh\u00e5llanden, inklusive h\u00f6ga tryck och temperaturer, samtidigt som de \u00e4r motst\u00e5ndskraftiga mot slitage och korrosion. Detta kr\u00e4ver noggrant val av material och skyddande bel\u00e4ggningar f\u00f6r att f\u00f6rl\u00e4nga cylinderns livsl\u00e4ngd.<\/p>\n<h3>S\u00e4kerhetsfunktioner<\/h3>\n<p>Att integrera s\u00e4kerhetsfunktioner i konstruktionen av bomcylindrar \u00e4r avg\u00f6rande. Detta inkluderar mekanismer f\u00f6r att f\u00f6rhindra \u00f6verutskjutning, \u00f6verbelastningsskydd och tryckavlastningssystem f\u00f6r att s\u00e4kerst\u00e4lla f\u00f6rarens s\u00e4kerhet och utrustningens tillf\u00f6rlitlighet under drift.<\/p>\n<h3>Tillg\u00e4nglighet f\u00f6r underh\u00e5ll<\/h3>\n<p>Designing for maintenance accessibility is essential for reducing downtime. Features such as easy access to seals and lubrication points can significantly simplify maintenance tasks, allowing for timely repairs and prolonging the cylinder&#8217;s operational life.<\/p>\n<p><img decoding=\"async\" src=\"https:\/\/www.hydraulic-cylinders.net\/wp-content\/uploads\/2025\/04\/songte-oil-pipes-and-spare-parts.webp\" alt=\"Oljer\u00f6r och reservdelar\" \/><\/p>\n<h2>T\u00e4tning och sm\u00f6rjning av cylindern<\/h2>\n<p>Effektiv t\u00e4tning och sm\u00f6rjning \u00e4r avg\u00f6rande f\u00f6r bomcylinderns prestanda. Olika t\u00e4tningstyper, s\u00e5som kolvt\u00e4tningar och kolvst\u00e5ngst\u00e4tningar, anv\u00e4nds f\u00f6r att f\u00f6rhindra l\u00e4ckage av hydraulv\u00e4tska samtidigt som smidig drift s\u00e4kerst\u00e4lls. T\u00e4tningar tillverkade av slitstarka material som polyuretan och nitrilgummi f\u00f6rb\u00e4ttrar livsl\u00e4ngden och tillf\u00f6rlitligheten.<\/p>\n<p>Cylinderhuset och de g\u00e4ngade \u00e4ndytorna genomg\u00e5r finbearbetningsprocesser f\u00f6r att f\u00f6rb\u00e4ttra slitstyrkan och t\u00e4tningsprestanda, vilket s\u00e4kerst\u00e4ller att cylindern fungerar effektivt under h\u00f6ga tryckf\u00f6rh\u00e5llanden. Regelbunden sm\u00f6rjning med l\u00e4mplig hydraulolja \u00e4r avg\u00f6rande f\u00f6r att minska friktion och slitage, vilket underl\u00e4ttar en smidig r\u00f6relse av kolven inuti cylindern.<\/p>\n<h2>F\u00f6rebyggande underh\u00e5lls\u00e5tg\u00e4rder<\/h2>\n<ul>\n<li><strong>Regelbundna inspektioner:<\/strong> Utf\u00f6r rutinm\u00e4ssiga inspektioner f\u00f6r att identifiera tecken p\u00e5 slitage eller skador, och s\u00e4kerst\u00e4ll att reparationer utf\u00f6rs i tid innan problemen eskalerar.<\/li>\n<li><strong>Sm\u00f6rjning:<\/strong> S\u00e4kerst\u00e4ll att cylindern \u00e4r tillr\u00e4ckligt smord med r\u00e4tt hydraulolja f\u00f6r att bibeh\u00e5lla optimal prestanda och f\u00f6rhindra slitage.<\/li>\n<li><strong>Byte av t\u00e4tning:<\/strong> Kontrollera regelbundet t\u00e4tningarna f\u00f6r slitage och byt ut dem vid behov f\u00f6r att f\u00f6rhindra l\u00e4ckage och bibeh\u00e5lla trycket.<\/li>\n<\/ul>\n<h2>Installationsriktlinjer<\/h2>\n<p>Korrekt installation av bomcylindern \u00e4r avg\u00f6rande f\u00f6r optimal prestanda. B\u00f6rja med att se till att monteringsytorna \u00e4r rena och fria fr\u00e5n skr\u00e4p. Rikta in cylindern noggrant med r\u00e4tt orientering och anv\u00e4nd l\u00e4mpliga monteringsf\u00e4sten f\u00f6r att f\u00e4sta den p\u00e5 plats. Det \u00e4r viktigt att undvika feljustering, eftersom detta kan leda till f\u00f6r tidigt slitage och att cylindern slutar fungera.<\/p>\n<p>Under installationen, se till att alla hydrauliska anslutningar \u00e4r \u00e5tdragna och fria fr\u00e5n l\u00e4ckor. Efter installationen, testa cylinderns funktion under belastning f\u00f6r att kontrollera att den fungerar korrekt. \u00d6vervakning av ovanliga ljud eller r\u00f6relser under drift kan hj\u00e4lpa till att identifiera potentiella problem tidigt.<\/p>\n<h2>Vanliga underh\u00e5llsuppgifter<\/h2>\n<ul>\n<li><strong>Regelbundna inspektioner:<\/strong> Utf\u00f6r visuella inspektioner f\u00f6r l\u00e4ckor, sprickor eller andra tecken p\u00e5 slitage. Detta hj\u00e4lper till att uppt\u00e4cka potentiella problem tidigt och s\u00e4kerst\u00e4ller att cylindern fungerar effektivt.<\/li>\n<li><strong>Korrekt sm\u00f6rjning:<\/strong> S\u00e4kerst\u00e4ll att cylindern \u00e4r smord enligt tillverkarens specifikationer. Otillr\u00e4cklig sm\u00f6rjning kan leda till \u00f6kad friktion och slitage, vilket minskar cylinderns livsl\u00e4ngd.<\/li>\n<li><strong>Byte av t\u00e4tning:<\/strong> Kontrollera t\u00e4tningarnas skick regelbundet och byt ut dem vid behov f\u00f6r att f\u00f6rhindra v\u00e4tskel\u00e4ckage och bibeh\u00e5lla prestandan.<\/li>\n<\/ul>\n<p>Proper alignment of the cylinder during installation is crucial. Use appropriate mounting brackets to secure the cylinder, ensuring it is not subjected to misalignment stresses. Follow recommended procedures for inspection, repair, and replacement of components to maintain the cylinder&#8217;s functionality and extend its lifespan.<\/p>\n<p><img decoding=\"async\" src=\"https:\/\/www.hydraulic-cylinders.net\/wp-content\/uploads\/2025\/04\/songte-chushion-collar.webp\" alt=\"Kuddekrage\" \/><\/p>\n<h2>S\u00e4kerhetsaspekter och milj\u00f6faktorer<\/h2>\n<p>Vid anv\u00e4ndning av bomcylindrar \u00e4r s\u00e4kerhets\u00e5tg\u00e4rder av st\u00f6rsta vikt. Operat\u00f6rer b\u00f6r utbildas f\u00f6r att f\u00f6rst\u00e5 hur hydraulsystem fungerar och de d\u00e4rmed sammanh\u00e4ngande riskerna. L\u00e4mplig s\u00e4kerhetsutrustning b\u00f6r b\u00e4ras och maskiner b\u00f6r inspekteras regelbundet f\u00f6r att f\u00f6rhindra olyckor. Medvetenhet om milj\u00f6p\u00e5verkan fr\u00e5n hydraulv\u00e4tskor och l\u00e4mpliga avfallshanteringsmetoder f\u00f6r anv\u00e4nda v\u00e4tskor \u00e4r ocks\u00e5 avg\u00f6rande f\u00f6r att minimera milj\u00f6skador.<\/p>\n<h2>Fels\u00f6kning av vanliga problem<\/h2>\n<ul>\n<li><strong>F\u00f6rlust av kraft:<\/strong> Om cylindern inte ger tillr\u00e4cklig kraft, kontrollera om det finns l\u00e4ckor i hydraulsystemet eller l\u00e5ga v\u00e4tskeniv\u00e5er som kan p\u00e5verka prestandan.<\/li>\n<li><strong>Bullrig drift:<\/strong> Ovanliga ljud kan tyda p\u00e5 feljustering, bristande sm\u00f6rjning eller slitna t\u00e4tningar. Kontrollera systemet f\u00f6r problem och vidta korrigerande \u00e5tg\u00e4rder d\u00e4refter.<\/li>\n<li><strong>L\u00e5ngsam r\u00f6relse:<\/strong> L\u00e5ngsamma svarstider kan bero p\u00e5 inre slitage, kontaminering i hydraulv\u00e4tskan eller problem med hydraulpumpen. Regelbundet underh\u00e5ll kan bidra till att mildra dessa problem.<\/li>\n<\/ul>\n<p>For effective troubleshooting, always refer to the manufacturer&#8217;s guidelines and consult with a hydraulic specialist if issues persist. Preventative measures, such as regular maintenance and inspections, can greatly reduce the likelihood of these common problems.<\/p>\n<p><img decoding=\"async\" src=\"https:\/\/www.hydraulic-cylinders.net\/wp-content\/uploads\/2025\/04\/songte-bushings-with-all-kinds-of-excavator-models.webp\" alt=\"Bussningar med gr\u00e4vmaskinsmodeller\" \/><\/p>\n<h2>F\u00f6retags\u00f6versikt<\/h2>\n<p>Vi \u00e4r en tillverkare av alternativa hydraulcylindrar och erbjuder ett brett utbud av produkter som har gjort oss till en av de ledande tillverkarna och grossisterna p\u00e5 den inhemska och internationella marknaden. Vi f\u00f6ljer principen om h\u00f6gsta kvalitet, med st\u00f6d av en fin tillverkningsverkstad och en industriell produktionsstrategi. V\u00e5rt f\u00f6retag f\u00f6rb\u00e4ttrar kontinuerligt sin tillverkningskapacitet genom skicklig personal, avancerad digital tillverkningsutrustning och professionella testsystem.<\/p>\n<p>Med ett engagemang f\u00f6r h\u00f6g effektivitet, precision och kvalitet m\u00f6ter vi olika kunders behov samtidigt som vi s\u00e4kerst\u00e4ller h\u00f6gsta m\u00f6jliga produktionsstandard. V\u00e5r expertis inom anpassning, internationella certifieringar, toppmodern produktionsutrustning och dedikerad eftermarknadsservice st\u00e4rker ytterligare v\u00e5r position som en betrodd ledare inom hydraulcylindrar.<\/p>\n<p><img decoding=\"async\" src=\"https:\/\/www.hydraulic-cylinders.net\/wp-content\/uploads\/2025\/04\/songte-company-4.webp\" alt=\"F\u00f6retags\u00f6versikt 1\" \/><br \/>\n<img decoding=\"async\" src=\"https:\/\/www.hydraulic-cylinders.net\/wp-content\/uploads\/2025\/04\/songte-company-3.webp\" alt=\"F\u00f6retags\u00f6versikt 2\" \/><\/p>\n<p>F\u00f6rfattare: lyl<\/p>","protected":false},"excerpt":{"rendered":"<p>Boom Cylinder For Carter CT150-8 Introduction to the Boom Cylinder The Boom Cylinder is a vital component in the hydraulic systems of heavy machinery, particularly in excavators, backhoes, and front loaders. It is specifically designed to control the movement of the bucket, allowing for lifting, lowering, and tilting actions essential for efficient material handling tasks. [&hellip;]<\/p>","protected":false},"featured_media":17870,"comment_status":"open","ping_status":"closed","template":"","meta":{"_et_pb_use_builder":"","_et_pb_old_content":"","_et_gb_content_width":""},"product_brand":[],"product_cat":[1546],"product_tag":[1547,1496],"class_list":{"0":"post-19517","1":"product","2":"type-product","3":"status-publish","4":"has-post-thumbnail","6":"product_cat-boom-cylinders","7":"product_tag-boom-cylinders","8":"product_tag-hydraulic-cylinders","10":"first","11":"instock","12":"shipping-taxable","13":"product-type-simple"},"amp_enabled":true,"_links":{"self":[{"href":"https:\/\/www.hydraulic-cylinders.net\/sv\/wp-json\/wp\/v2\/product\/19517","targetHints":{"allow":["GET"]}}],"collection":[{"href":"https:\/\/www.hydraulic-cylinders.net\/sv\/wp-json\/wp\/v2\/product"}],"about":[{"href":"https:\/\/www.hydraulic-cylinders.net\/sv\/wp-json\/wp\/v2\/types\/product"}],"replies":[{"embeddable":true,"href":"https:\/\/www.hydraulic-cylinders.net\/sv\/wp-json\/wp\/v2\/comments?post=19517"}],"wp:featuredmedia":[{"embeddable":true,"href":"https:\/\/www.hydraulic-cylinders.net\/sv\/wp-json\/wp\/v2\/media\/17870"}],"wp:attachment":[{"href":"https:\/\/www.hydraulic-cylinders.net\/sv\/wp-json\/wp\/v2\/media?parent=19517"}],"wp:term":[{"taxonomy":"product_brand","embeddable":true,"href":"https:\/\/www.hydraulic-cylinders.net\/sv\/wp-json\/wp\/v2\/product_brand?post=19517"},{"taxonomy":"product_cat","embeddable":true,"href":"https:\/\/www.hydraulic-cylinders.net\/sv\/wp-json\/wp\/v2\/product_cat?post=19517"},{"taxonomy":"product_tag","embeddable":true,"href":"https:\/\/www.hydraulic-cylinders.net\/sv\/wp-json\/wp\/v2\/product_tag?post=19517"}],"curies":[{"name":"wp","href":"https:\/\/api.w.org\/{rel}","templated":true}]}}