{"id":19518,"date":"2025-04-07T06:51:56","date_gmt":"2025-04-07T06:51:56","guid":{"rendered":"https:\/\/www.hydraulic-cylinders.net\/product\/boom-cylinder-for-carter-ct260-8c\/"},"modified":"2025-04-07T06:51:59","modified_gmt":"2025-04-07T06:51:59","slug":"boom-cylinder-for-carter-ct260-8c","status":"publish","type":"product","link":"https:\/\/www.hydraulic-cylinders.net\/sv\/produkt\/boom-cylinder-for-carter-ct260-8c\/","title":{"rendered":"Bomcylinder f\u00f6r Carter CT260-8C"},"content":{"rendered":"<h1>Bomcylinder f\u00f6r Carter CT260-8C<\/h1>\n<h2>Introduktion till bomcylinder<\/h2>\n<p>Bomcylindern \u00e4r en viktig komponent i hydraulsystem, s\u00e4rskilt i tunga maskiner som gr\u00e4vmaskiner, gr\u00e4vlastare och frontlastare. Den \u00e4r utformad f\u00f6r att styra skopans r\u00f6relse, s\u00e5 att den kan lyftas, s\u00e4nkas och lutas effektivt. Denna funktion f\u00f6rb\u00e4ttrar materialhanteringsuppgifter och \u00e4r avg\u00f6rande f\u00f6r olika bygg- och jordbruksapplikationer. Skopcylindern fungerar genom att omvandla hydraultryck till mekanisk kraft, vilket m\u00f6jligg\u00f6r exakta och kraftfulla r\u00f6relser som \u00e4r avg\u00f6rande f\u00f6r att utf\u00f6ra kr\u00e4vande uppgifter.<\/p>\n<p><img decoding=\"async\" src=\"https:\/\/www.hydraulic-cylinders.net\/wp-content\/uploads\/2025\/04\/songte-company-1.webp\" alt=\"Bild av bomcylinder\"><\/p>\n<h2>Funktioner hos bomcylindern<\/h2>\n<ul>\n<li><strong>H\u00f6g styrka och h\u00e5llbarhet:<\/strong> Tillverkad av h\u00f6gh\u00e5llfast st\u00e5l eller aluminium, t\u00e5l denna cylinder h\u00f6gt tryck och tunga belastningar, vilket g\u00f6r den l\u00e4mplig f\u00f6r tuffa arbetsmilj\u00f6er.<\/li>\n<li><strong>Effektiv hydraulisk drift:<\/strong> Anv\u00e4nder hydrauloljetryck f\u00f6r smidig ut- och indragning, reagerar snabbt p\u00e5 f\u00f6rarens kommandon och levererar kraftfull tryck- och dragkraft.<\/li>\n<li><strong>Olika typer:<\/strong> Finns i enkelverkande (i en riktning) eller dubbelverkande (i b\u00e5da riktningarna) konfigurationer, f\u00f6r att tillgodose olika driftsbehov. Vissa modeller \u00e4r teleskopiska, vilket m\u00f6jligg\u00f6r betydande f\u00f6rl\u00e4ngning utan att \u00f6ka de yttre m\u00e5tten.<\/li>\n<li><strong>Omfattande kompatibilitet:<\/strong> Utformad f\u00f6r att ers\u00e4tta befintliga cylindrar s\u00f6ml\u00f6st, utan att kompromissa med prestandan.<\/li>\n<li><strong>Kostnadseffektivitet:<\/strong> Erbjuder en p\u00e5litlig och ekonomisk l\u00f6sning f\u00f6r maskinbytesbehov, vilket f\u00f6rb\u00e4ttrar den operativa effektiviteten.<\/li>\n<\/ul>\n<p><img decoding=\"async\" src=\"https:\/\/www.hydraulic-cylinders.net\/wp-content\/uploads\/2025\/04\/songte-cylinder-head-with-all-kinds-excavator-models.webp\" alt=\"Bild av cylinderkompatibilitet\"><\/p>\n<h2>Anv\u00e4ndningsomr\u00e5den f\u00f6r bomcylindern<\/h2>\n<h3>Byggutrustning<\/h3>\n<p>I gr\u00e4vmaskiner \u00e4r bomcylindrar avg\u00f6rande f\u00f6r gr\u00e4vning, lastning och f\u00f6rflyttning av jord eller skr\u00e4p. M\u00f6jligheten att justera skopans vinkel \u00f6kar effektiviteten och precisionen vid gr\u00e4varbeten. I gr\u00e4vlastare hj\u00e4lper dessa cylindrar till vid b\u00e5de gr\u00e4vning och lyft, vilket g\u00f6r dem m\u00e5ngsidiga f\u00f6r olika byggarbetsplatser.<\/p>\n<h3>Jordbruksmaskiner<\/h3>\n<p>I frontlastare \u00e4r bomcylindrar viktiga f\u00f6r att skopa, lyfta och transportera jord, h\u00f6 och andra material. De \u00f6kar produktiviteten p\u00e5 g\u00e5rdar genom att m\u00f6jligg\u00f6ra snabb och effektiv f\u00f6rflyttning av tunga laster, vilket \u00e4r avg\u00f6rande f\u00f6r olika jordbruksuppgifter.<\/p>\n<h3>Gr\u00e4vmaskiner<\/h3>\n<p>Bomcylindern g\u00f6r att skopan kan tr\u00e4nga ner i jorden effektivt, vilket underl\u00e4ttar gr\u00e4vningsprocessen. Denna funktion \u00e4r avg\u00f6rande i byggprojekt d\u00e4r jordborttagning \u00e4r n\u00f6dv\u00e4ndig f\u00f6r grundl\u00e4ggning och andra f\u00f6rberedelser p\u00e5 platsen.<\/p>\n<h3>Lastare<\/h3>\n<p>Hos frontlastare spelar bomcylindrar en viktig roll f\u00f6r att lyfta och dumpa material effektivt. Deras design m\u00f6jligg\u00f6r h\u00f6g lyftkapacitet, vilket s\u00e4kerst\u00e4ller att material kan flyttas och dumpas korrekt utan att kompromissa med s\u00e4kerheten.<\/p>\n<h2>Design\u00f6verv\u00e4ganden och urvalskriterier<\/h2>\n<h3>Lastkapacitet<\/h3>\n<p>N\u00e4r man v\u00e4ljer en bomcylinder \u00e4r det av st\u00f6rsta vikt att f\u00f6rst\u00e5 dess lastkapacitet. Cylindern m\u00e5ste kunna hantera vikten av materialet som flyttas utan att kompromissa med prestandan. Tillverkarens specifikationer b\u00f6r specificera de maximala lastgr\u00e4nserna, vilket s\u00e4kerst\u00e4ller att den valda cylindern uppfyller kraven f\u00f6r din verksamhet.<\/p>\n<h3>T\u00e4tningsintegritet<\/h3>\n<p>T\u00e4tning \u00e4r avg\u00f6rande f\u00f6r hydraulcylindrars prestanda. H\u00f6gkvalitativa t\u00e4tningar f\u00f6rhindrar l\u00e4ckage av hydraulv\u00e4tska, bibeh\u00e5ller trycket och s\u00e4kerst\u00e4ller effektiv drift. Regelbundna inspektioner och anv\u00e4ndning av avancerade t\u00e4tningsmaterial bidrar till cylinderns livsl\u00e4ngd och tillf\u00f6rlitlighet.<\/p>\n<h3>Varaktighet<\/h3>\n<p>Materialet och konstruktionsteknikerna som anv\u00e4nds f\u00f6r bomcylindern p\u00e5verkar dess h\u00e5llbarhet avsev\u00e4rt. Cylindrar tillverkade av h\u00f6gh\u00e5llfasta material kan motst\u00e5 milj\u00f6p\u00e5frestningar, vilket g\u00f6r dem l\u00e4mpliga f\u00f6r kr\u00e4vande applikationer. Se till att cylindern \u00e4r konstruerad f\u00f6r att vara motst\u00e5ndskraftig mot slitage och korrosion f\u00f6r att f\u00f6rl\u00e4nga dess livsl\u00e4ngd.<\/p>\n<h3>S\u00e4kerhetsfunktioner<\/h3>\n<p>S\u00e4kerheten b\u00f6r aldrig kompromissas n\u00e4r man v\u00e4ljer en bomcylinder. Leta efter funktioner som s\u00e4kerhetsventiler och tryckavlastningssystem som skyddar b\u00e5de maskiner och operat\u00f6rer under drift. Regelbundet underh\u00e5ll och efterlevnad av s\u00e4kerhetsf\u00f6reskrifter \u00e4r avg\u00f6rande f\u00f6r att f\u00f6rhindra olyckor.<\/p>\n<h3>Underh\u00e5llbarhet<\/h3>\n<p>Slutligen, t\u00e4nk p\u00e5 hur enkelt underh\u00e5llet \u00e4r n\u00e4r du v\u00e4ljer en bomcylinder. En v\u00e4lkonstruerad cylinder ger enkel \u00e5tkomst till t\u00e4tningar och interna komponenter, vilket underl\u00e4ttar rutinkontroller och reparationer. V\u00e4lj cylindrar som levereras med detaljerade underh\u00e5llsguider f\u00f6r att s\u00e4kerst\u00e4lla optimal prestanda \u00f6ver tid.<\/p>\n<p><img decoding=\"async\" src=\"https:\/\/www.hydraulic-cylinders.net\/wp-content\/uploads\/2025\/04\/songte-oil-pipes-and-spare-parts.webp\" alt=\"Bild av underh\u00e5llskomponenter\"><\/p>\n<h2>T\u00e4tningar och sm\u00f6rjning av bomcylindern<\/h2>\n<p>Korrekt t\u00e4tning och sm\u00f6rjning \u00e4r avg\u00f6rande f\u00f6r effektiv drift av bomcylindrar. Olika t\u00e4tningar, inklusive kolvt\u00e4tningar och st\u00e5ngt\u00e4tningar, anv\u00e4nds f\u00f6r att f\u00f6rhindra l\u00e4ckage av hydraulv\u00e4tska. T\u00e4tningar tillverkade av slitstarka material som polyuretan och nitrilgummi f\u00f6rb\u00e4ttrar slitstyrkan, vilket s\u00e4kerst\u00e4ller l\u00e5ng livsl\u00e4ngd. Cylinderhuset och de g\u00e4ngade \u00e4ndarna genomg\u00e5r precisionsbearbetning f\u00f6r att f\u00f6rb\u00e4ttra slitageegenskaperna. Regelbunden p\u00e5fyllning av hydraulolja \u00e4r avg\u00f6rande f\u00f6r sm\u00f6rjning, eftersom det minskar friktion och slitage, vilket f\u00f6rl\u00e4nger cylinderns livsl\u00e4ngd.<\/p>\n<h2>Regelbunden inspektion och f\u00f6rebyggande underh\u00e5ll<\/h2>\n<ul>\n<li><strong>Regelbundna inspektioner:<\/strong> G\u00f6r regelbundna visuella kontroller f\u00f6r att uppt\u00e4cka tecken p\u00e5 slitage eller skador. Leta efter v\u00e4tskel\u00e4ckor och se till att alla komponenter \u00e4r intakta. Tidig uppt\u00e4ckt av problem kan f\u00f6rhindra kostsamma reparationer.<\/li>\n<li><strong>Sm\u00f6rjning:<\/strong> Se till att sm\u00f6rjningen \u00e4r tillr\u00e4cklig enligt tillverkarens anvisningar. Anv\u00e4nd regelbundet hydraulolja f\u00f6r att s\u00e4kerst\u00e4lla smidig drift och f\u00f6rhindra \u00f6verhettning av cylindern.<\/li>\n<li><strong>Byte av t\u00e4tning:<\/strong> \u00d6vervaka t\u00e4tningarnas skick och byt ut dem n\u00e4r tecken p\u00e5 slitage blir synliga. Korrekt t\u00e4tning \u00e4r avg\u00f6rande f\u00f6r att bibeh\u00e5lla hydraultryck och prestanda.<\/li>\n<\/ul>\n<h2>Installationsanvisningar f\u00f6r bomcylindern<\/h2>\n<p>Korrekt installation av bomcylindern \u00e4r avg\u00f6rande f\u00f6r optimal prestanda. B\u00f6rja med att s\u00e4kerst\u00e4lla att monteringsf\u00e4stena \u00e4r korrekt justerade. Anv\u00e4nd l\u00e4mpliga monteringsst\u00f6d f\u00f6r att s\u00e4kra cylindern och f\u00f6rhindra att den r\u00f6r sig under drift. F\u00f6lj tillverkarens \u00e5tdragningsmomentspecifikationer vid \u00e5tdragning av bultar f\u00f6r att undvika att skada komponenter. S\u00e4kerst\u00e4ll att hydraulledningarna \u00e4r korrekt anslutna och att det inte finns n\u00e5gra veck eller kl\u00e4mningar. Efter installationen, utf\u00f6r en provk\u00f6rning f\u00f6r att bekr\u00e4fta smidig drift och kontrollera om det finns n\u00e5gra l\u00e4ckor.<\/p>\n<h2>Vanliga underh\u00e5llsuppgifter<\/h2>\n<ul>\n<li><strong>Regelbundna inspektioner:<\/strong> Regelbundna inspektioner hj\u00e4lper till att identifiera potentiella problem innan de eskalerar. Leta efter tecken p\u00e5 slitage, v\u00e4tskel\u00e4ckage och ovanliga ljud under drift.<\/li>\n<li><strong>Korrekt sm\u00f6rjning:<\/strong> Det \u00e4r viktigt att h\u00e5lla r\u00e4tt hydraulolja. Se till att oljan \u00e4r ren och fri fr\u00e5n f\u00f6roreningar, och byt ut den vid behov f\u00f6r att s\u00e4kerst\u00e4lla effektiv drift.<\/li>\n<li><strong>Kontroller av t\u00e4tningsbyte och kalibrering:<\/strong> Byt regelbundet ut t\u00e4tningar som visar tecken p\u00e5 slitage f\u00f6r att f\u00f6rhindra l\u00e4ckage. Utf\u00f6r dessutom kalibreringskontroller f\u00f6r att s\u00e4kerst\u00e4lla att cylindern fungerar inom angivna parametrar, vilket f\u00f6rb\u00e4ttrar s\u00e4kerheten och effektiviteten.<\/li>\n<\/ul>\n<h2>S\u00e4kerhetsaspekter och milj\u00f6faktorer<\/h2>\n<p>Vid anv\u00e4ndning av bomcylindrar \u00e4r s\u00e4kerhets\u00e5tg\u00e4rder av st\u00f6rsta vikt. Operat\u00f6rer b\u00f6r utbildas i korrekt hantering och anv\u00e4ndning f\u00f6r att f\u00f6rhindra olyckor. Att implementera s\u00e4kerhetsprotokoll, s\u00e5som att b\u00e4ra skyddsutrustning och h\u00e5lla ett s\u00e4kert avst\u00e5nd fr\u00e5n r\u00f6rliga delar, kan minska riskerna. Dessutom b\u00f6r milj\u00f6h\u00e4nsyn beaktas genom att s\u00e4kerst\u00e4lla att hydraulv\u00e4tskor hanteras och kasseras p\u00e5 r\u00e4tt s\u00e4tt f\u00f6r att f\u00f6rhindra kontaminering.<\/p>\n<h2>Fels\u00f6kning av vanliga problem<\/h2>\n<ul>\n<li><strong>L\u00e4ckande t\u00e4tningar:<\/strong> Om hydraulv\u00e4tska l\u00e4cker, kontrollera t\u00e4tningarna f\u00f6r skador eller slitage. Byt ut t\u00e4tningarna omedelbart f\u00f6r att f\u00f6rhindra ytterligare v\u00e4tskef\u00f6rlust och bibeh\u00e5lla systemtrycket.<\/li>\n<li><strong>L\u00e5ngsam drift:<\/strong> Om cylindern r\u00f6r sig l\u00e5ngsamt, kontrollera om det finns l\u00e5ga hydrauloljeniv\u00e5er eller blockeringar i hydraulledningarna. Se till att systemet \u00e4r tillr\u00e4ckligt smort och fritt fr\u00e5n skr\u00e4p.<\/li>\n<li><strong>Ovanliga ljud:<\/strong> Ljud under drift kan tyda p\u00e5 inre slitage eller otillr\u00e4cklig sm\u00f6rjning. G\u00f6r en noggrann inspektion och \u00e5tg\u00e4rda eventuella mekaniska problem omedelbart.<\/li>\n<\/ul>\n<h2>Fels\u00f6kningstips<\/h2>\n<p>F\u00f6r att effektivt fels\u00f6ka problem med din bomcylinder, b\u00f6rja med rutinkontroller. Regelbundna inspektioner kan hj\u00e4lpa till att identifiera och l\u00f6sa problem tidigt, vilket minskar stillest\u00e5ndstiden. Implementera f\u00f6rebyggande \u00e5tg\u00e4rder, som att uppr\u00e4tth\u00e5lla korrekta v\u00e4tskeniv\u00e5er och byta ut slitna t\u00e4tningar, f\u00f6r att minimera potentiella komplikationer. Att f\u00f6ra en organiserad underh\u00e5llslogg kan ocks\u00e5 hj\u00e4lpa till att sp\u00e5ra cylinderns prestanda och f\u00f6ruts\u00e4ga n\u00e4r det \u00e4r dags f\u00f6r service.<\/p>\n<p><img decoding=\"async\" src=\"https:\/\/www.hydraulic-cylinders.net\/wp-content\/uploads\/2025\/04\/songte-bushings-with-all-kinds-of-excavator-models.webp\" alt=\"Bussningar f\u00f6r gr\u00e4vmaskiner Bild\"><\/p>\n<h2>Om v\u00e5rt f\u00f6retag<\/h2>\n<p>Vi \u00e4r en ledande tillverkare av hydrauliska reservcylindrar och erbjuder ett brett utbud av produkter som riktar sig till b\u00e5de inhemska och internationella marknader. V\u00e5rt engagemang f\u00f6r excellens \u00e4r tydligt i v\u00e5ra noggranna tillverkningsstrategier, som st\u00f6ds av avancerad digital utrustning och kvalitetskontrollsystem. V\u00e5rt team av tekniska experter f\u00f6rb\u00e4ttrar kontinuerligt v\u00e5r tillverkningskapacitet och s\u00e4kerst\u00e4ller h\u00f6g effektivitet, precision och kvalitet. Vi erbjuder kundanpassade tj\u00e4nster, internationella certifieringar och exceptionell eftermarknadssupport, vilket g\u00f6r oss till ett f\u00f6redraget val f\u00f6r hydrauliska cylinderl\u00f6sningar.<\/p>\n<p><img decoding=\"async\" src=\"https:\/\/www.hydraulic-cylinders.net\/wp-content\/uploads\/2025\/04\/songte-company-4.webp\" alt=\"F\u00f6retagsbild 1\"><br \/>\n<img decoding=\"async\" src=\"https:\/\/www.hydraulic-cylinders.net\/wp-content\/uploads\/2025\/04\/songte-company-3.webp\" alt=\"F\u00f6retagsbild 2\"><\/p>\n<p>F\u00f6rfattare: lyl<\/p>","protected":false},"excerpt":{"rendered":"<p>Boom Cylinder For Carter CT260-8C Introduction to Boom Cylinder The Boom Cylinder is a vital component in hydraulic systems, particularly in heavy machinery like excavators, backhoe loaders, and front loaders. It is designed to control the movement of the bucket, enabling it to lift, lower, and tilt effectively. This functionality enhances material handling tasks and [&hellip;]<\/p>","protected":false},"featured_media":17871,"comment_status":"open","ping_status":"closed","template":"","meta":{"_et_pb_use_builder":"","_et_pb_old_content":"","_et_gb_content_width":""},"product_brand":[],"product_cat":[1546],"product_tag":[1547,1496],"class_list":{"0":"post-19518","1":"product","2":"type-product","3":"status-publish","4":"has-post-thumbnail","6":"product_cat-boom-cylinders","7":"product_tag-boom-cylinders","8":"product_tag-hydraulic-cylinders","10":"first","11":"instock","12":"shipping-taxable","13":"product-type-simple"},"amp_enabled":true,"_links":{"self":[{"href":"https:\/\/www.hydraulic-cylinders.net\/sv\/wp-json\/wp\/v2\/product\/19518","targetHints":{"allow":["GET"]}}],"collection":[{"href":"https:\/\/www.hydraulic-cylinders.net\/sv\/wp-json\/wp\/v2\/product"}],"about":[{"href":"https:\/\/www.hydraulic-cylinders.net\/sv\/wp-json\/wp\/v2\/types\/product"}],"replies":[{"embeddable":true,"href":"https:\/\/www.hydraulic-cylinders.net\/sv\/wp-json\/wp\/v2\/comments?post=19518"}],"wp:featuredmedia":[{"embeddable":true,"href":"https:\/\/www.hydraulic-cylinders.net\/sv\/wp-json\/wp\/v2\/media\/17871"}],"wp:attachment":[{"href":"https:\/\/www.hydraulic-cylinders.net\/sv\/wp-json\/wp\/v2\/media?parent=19518"}],"wp:term":[{"taxonomy":"product_brand","embeddable":true,"href":"https:\/\/www.hydraulic-cylinders.net\/sv\/wp-json\/wp\/v2\/product_brand?post=19518"},{"taxonomy":"product_cat","embeddable":true,"href":"https:\/\/www.hydraulic-cylinders.net\/sv\/wp-json\/wp\/v2\/product_cat?post=19518"},{"taxonomy":"product_tag","embeddable":true,"href":"https:\/\/www.hydraulic-cylinders.net\/sv\/wp-json\/wp\/v2\/product_tag?post=19518"}],"curies":[{"name":"wp","href":"https:\/\/api.w.org\/{rel}","templated":true}]}}