{"id":19528,"date":"2025-04-07T06:52:55","date_gmt":"2025-04-07T06:52:55","guid":{"rendered":"https:\/\/www.hydraulic-cylinders.net\/product\/boom-cylinder-for-kym-ky105\/"},"modified":"2025-04-07T06:52:57","modified_gmt":"2025-04-07T06:52:57","slug":"boom-cylinder-for-kym-ky105","status":"publish","type":"product","link":"https:\/\/www.hydraulic-cylinders.net\/sv\/produkt\/boom-cylinder-for-kym-ky105\/","title":{"rendered":"Bomcylinder f\u00f6r KYM KY105"},"content":{"rendered":"<h1>Bomcylinder f\u00f6r KYM KY105<\/h1>\n<h2>Produkt\u00f6versikt<\/h2>\n<p>Bomcylindern f\u00f6r KYM KY105 \u00e4r en viktig hydraulisk komponent konstruerad f\u00f6r exakt styrning av tunga maskiner. Denna hydraulcylinder spelar en avg\u00f6rande roll f\u00f6r att hantera skopans r\u00f6relse p\u00e5 olika tunga maskiner, s\u00e5som gr\u00e4vmaskiner, gr\u00e4vlastare och frontlastare. Den s\u00e4kerst\u00e4ller smidig lyftning, s\u00e4nkning och lutning av skopan, vilket underl\u00e4ttar effektiva materialhanteringsuppgifter.<\/p>\n<p>Som hydraulcylinder anv\u00e4nder bomcylindern trycksatt hydraulv\u00e4tska f\u00f6r att skapa r\u00f6relse. Dessa cylindrar \u00e4r konstruerade f\u00f6r att motst\u00e5 betydande krafter samtidigt som de ger tillf\u00f6rlitlig prestanda i kr\u00e4vande arbetsmilj\u00f6er. Dess design m\u00f6jligg\u00f6r s\u00f6ml\u00f6s integration i hydrauliska system, vilket g\u00f6r den avg\u00f6rande f\u00f6r bygg-, jordbruks- och industriapplikationer.<\/p>\n<p><img decoding=\"async\" src=\"https:\/\/www.hydraulic-cylinders.net\/wp-content\/uploads\/2025\/04\/songte-company-1.webp\" alt=\"Bomcylinder\"><\/p>\n<h3>Viktiga funktioner<\/h3>\n<ul>\n<li><strong>H\u00f6g styrka och h\u00e5llbarhet:<\/strong> Denna cylinder \u00e4r tillverkad av h\u00f6gh\u00e5llfast st\u00e5l eller aluminium och \u00e4r konstruerad f\u00f6r att motst\u00e5 h\u00f6ga tryck och tunga belastningar, vilket s\u00e4kerst\u00e4ller dess prestanda under tuffa arbetsf\u00f6rh\u00e5llanden.<\/li>\n<li><strong>Effektiv hydraulisk drift:<\/strong> Cylindern anv\u00e4nder hydrauliskt oljetryck f\u00f6r smidig ut- och indragning, vilket ger snabb respons p\u00e5 kontrollkommandon och \u00e4r l\u00e4mplig f\u00f6r hantering av tunga och komplexa uppgifter.<\/li>\n<li><strong>Olika typer:<\/strong> Den finns i enkelverkande och dubbelverkande konfigurationer, vilket g\u00f6r det m\u00f6jligt f\u00f6r anv\u00e4ndare att v\u00e4lja r\u00e4tt typ baserat p\u00e5 driftsbehov. Vissa modeller \u00e4r teleskopiska, vilket m\u00f6jligg\u00f6r ut\u00f6kad r\u00e4ckvidd utan att \u00f6ka de yttre m\u00e5tten.<\/li>\n<li><strong>Anpassningsf\u00f6rm\u00e5ga:<\/strong> V\u00e5ra cylindrar kan anpassas f\u00f6r att passa olika hydraulsystem, vilket g\u00f6r dem till perfekta ers\u00e4ttare f\u00f6r befintliga hydraulcylindrar.<\/li>\n<li><strong>Underh\u00e5llsv\u00e4nlig:<\/strong> Utformad med enkelt underh\u00e5ll i \u00e5tanke, vilket s\u00e4kerst\u00e4ller att rutinkontroller och reparationer kan utf\u00f6ras med minimal driftstopp.<\/li>\n<\/ul>\n<p><img decoding=\"async\" src=\"https:\/\/www.hydraulic-cylinders.net\/wp-content\/uploads\/2025\/04\/songte-cylinder-head-with-all-kinds-excavator-models.webp\" alt=\"Topplock\"><\/p>\n<h2>Applikationer<\/h2>\n<h3>Byggutrustning<\/h3>\n<p>Inom byggmaskiner \u00e4r bomcylindern avg\u00f6rande f\u00f6r gr\u00e4vmaskiner, d\u00e4r den hj\u00e4lper till vid gr\u00e4vning, lastning och transport av jord eller skr\u00e4p. Effektiviteten hos dessa cylindrar p\u00e5verkar direkt produktiviteten p\u00e5 arbetsplatser, vilket m\u00f6jligg\u00f6r snabba lastnings- och lossningscykler.<\/p>\n<h3>Jordbruksmaskiner<\/h3>\n<p>Inom jordbruksmilj\u00f6er anv\u00e4nder frontlastare bomcylindrar f\u00f6r att lyfta, skopa och transportera jord, h\u00f6 och andra material. Deras tillf\u00f6rlitlighet \u00f6kar m\u00e5ngsidigheten hos jordbruksutrustning, vilket g\u00f6r uppgifter som jordbearbetning och plantering mer effektiva.<\/p>\n<h3>Gr\u00e4vmaskiner<\/h3>\n<p>F\u00f6r gr\u00e4vmaskiner g\u00f6r bomcylindrar att skopan kan tr\u00e4nga ner i jorden effektivt, vilket m\u00f6jligg\u00f6r effektiva gr\u00e4vningsoperationer. Denna f\u00f6rm\u00e5ga \u00e4r avg\u00f6rande f\u00f6r grundarbeten och storskaliga schaktningsprojekt.<\/p>\n<h3>Lastare<\/h3>\n<p>Hos frontlastare underl\u00e4ttar bomcylindrar lyftning och t\u00f6mning av laster, vilket f\u00f6rb\u00e4ttrar maskinens f\u00f6rm\u00e5ga att hantera olika material. Deras robusta design s\u00e4kerst\u00e4ller att de kan hantera tunga nyttolaster s\u00e4kert och effektivt.<\/p>\n<h2>Design\u00f6verv\u00e4ganden och urvalskriterier<\/h2>\n<h3>Lastkapacitet<\/h3>\n<p>Bomcylinderns lastkapacitet \u00e4r en avg\u00f6rande faktor att beakta vid valet. Den m\u00e5ste kunna hantera den maximala vikt den kommer att uts\u00e4ttas f\u00f6r i f\u00e4lt utan att kompromissa med s\u00e4kerhet eller prestanda. En grundlig f\u00f6rst\u00e5else f\u00f6r de aktuella uppgifterna och de typer av material som hanteras kommer att v\u00e4gleda urvalsprocessen och s\u00e4kerst\u00e4lla att cylindern kan fungera inom sina gr\u00e4nser.<\/p>\n<h3>T\u00e4tningsintegritet<\/h3>\n<p>T\u00e4tningsintegritet \u00e4r av st\u00f6rsta vikt f\u00f6r hydraulcylindrar. Kvalitetst\u00e4tningar f\u00f6rhindrar l\u00e4ckage och bibeh\u00e5ller trycket i cylindern, vilket \u00e4r avg\u00f6rande f\u00f6r j\u00e4mn prestanda. Att v\u00e4lja t\u00e4tningar tillverkade av h\u00e5llbara material, som polyuretan eller nitrilgummi, kan \u00f6ka cylinderns livsl\u00e4ngd och minska underh\u00e5llsbehovet. Regelbundna inspektioner av t\u00e4tningar \u00e4r n\u00f6dv\u00e4ndiga f\u00f6r att f\u00f6rhindra driftsfel.<\/p>\n<h3>Varaktighet<\/h3>\n<p>Cylinderns h\u00e5llbarhet p\u00e5verkar direkt dess livsl\u00e4ngd och tillf\u00f6rlitlighet. H\u00f6gkvalitativa material och avancerade tillverkningsprocesser \u00e4r avg\u00f6rande f\u00f6r att producera cylindrar som t\u00e5l slitage i kr\u00e4vande milj\u00f6er. Faktorer som korrosionsbest\u00e4ndighet och utmattningsh\u00e5llfasthet b\u00f6r beaktas f\u00f6r att s\u00e4kerst\u00e4lla att cylindern fungerar effektivt \u00f6ver tid.<\/p>\n<h3>S\u00e4kerhetsfunktioner<\/h3>\n<p>Att integrera s\u00e4kerhetsfunktioner i konstruktionen av bomcylindrar \u00e4r avg\u00f6rande. S\u00e4kerhets\u00e5tg\u00e4rder som inbyggda tryckavlastningsventiler och robusta monteringsalternativ s\u00e4kerst\u00e4ller att cylindrarna fungerar s\u00e4kert under belastning. Regelbundna s\u00e4kerhetskontroller och efterlevnad av driftsriktlinjer kan avsev\u00e4rt minska risken f\u00f6r olyckor.<\/p>\n<h3>Tillg\u00e4nglighet f\u00f6r underh\u00e5ll<\/h3>\n<p>Att konstruera cylindrar med h\u00e4nsyn till tillg\u00e4nglighet f\u00f6r underh\u00e5ll f\u00f6rb\u00e4ttrar deras drifts\u00e4kerhet. Funktioner som underl\u00e4ttar enkel \u00e5tkomst till t\u00e4tningar och r\u00f6rliga delar m\u00f6jligg\u00f6r snabba underh\u00e5llsprocedurer, vilket kan f\u00f6rhindra kostsamma haverier och f\u00f6rl\u00e4nga cylinderns livsl\u00e4ngd. Regelbundna underh\u00e5llsscheman b\u00f6r uppr\u00e4ttas f\u00f6r att s\u00e4kerst\u00e4lla maximal prestanda.<\/p>\n<p><img decoding=\"async\" src=\"https:\/\/www.hydraulic-cylinders.net\/wp-content\/uploads\/2025\/04\/songte-oil-pipes-and-spare-parts.webp\" alt=\"Oljer\u00f6r och reservdelar\"><\/p>\n<h2>T\u00e4tning och sm\u00f6rjning<\/h2>\n<p>Korrekt t\u00e4tning och sm\u00f6rjning \u00e4r avg\u00f6rande f\u00f6r bomcylinderns funktion. Olika t\u00e4tningskomponenter, inklusive kolvt\u00e4tningar och st\u00e5ngt\u00e4tningar, \u00e4r avg\u00f6rande f\u00f6r att bibeh\u00e5lla trycket och f\u00f6rhindra l\u00e4ckage. T\u00e4tningar tillverkade av slitstarka material, s\u00e5som polyuretan och nitrilgummi, \u00e4r att f\u00f6redra f\u00f6r sin h\u00e5llbarhet och prestanda.<\/p>\n<p>Cylinderhuset och de g\u00e4ngade \u00e4ndytorna genomg\u00e5r finbearbetning f\u00f6r att f\u00f6rb\u00e4ttra slitstyrkan, vilket bidrar till cylinderns totala livsl\u00e4ngd. Regelbunden tillsats av hydraulolja f\u00f6r sm\u00f6rjning \u00e4r viktigt, eftersom det minskar friktion och slitage p\u00e5 r\u00f6rliga delar och s\u00e4kerst\u00e4ller smidig drift.<\/p>\n<h2>F\u00f6rebyggande underh\u00e5lls\u00e5tg\u00e4rder<\/h2>\n<ul>\n<li><strong>Regelbundna inspektioner:<\/strong> Utf\u00f6r rutinm\u00e4ssiga inspektioner f\u00f6r att identifiera tecken p\u00e5 slitage, l\u00e4ckage eller skador. Tidig uppt\u00e4ckt av problem kan f\u00f6rhindra st\u00f6rre fel.<\/li>\n<li><strong>L\u00e4mplig sm\u00f6rjning:<\/strong> S\u00e4kerst\u00e4ll att hydrauloljeniv\u00e5erna \u00e4r tillr\u00e4ckliga och att oljan \u00e4r ren f\u00f6r att bibeh\u00e5lla optimal sm\u00f6rjning och prestanda.<\/li>\n<li><strong>Byte av t\u00e4tning:<\/strong> \u00d6vervaka t\u00e4tningarna f\u00f6r slitage och byt ut dem vid behov f\u00f6r att uppr\u00e4tth\u00e5lla trycket och f\u00f6rhindra l\u00e4ckage av hydraulv\u00e4tska.<\/li>\n<\/ul>\n<h2>Installationsriktlinjer<\/h2>\n<p>Att installera bomcylindern korrekt \u00e4r avg\u00f6rande f\u00f6r dess prestanda och livsl\u00e4ngd. F\u00f6lj dessa riktlinjer f\u00f6r korrekt installation:<\/p>\n<p>1. **Justera cylindern korrekt:** Se till att cylindern \u00e4r korrekt justerad med f\u00e4stpunkterna f\u00f6r att f\u00f6rhindra on\u00f6dig belastning p\u00e5 komponenterna.<\/p>\n<p>2. **Anv\u00e4nd l\u00e4mpliga monteringsf\u00e4sten:** Anv\u00e4nd l\u00e4mpliga monteringsf\u00e4sten f\u00f6r att f\u00e4sta cylindern p\u00e5 plats och s\u00e4kerst\u00e4lla stabilitet under drift.<\/p>\n<p>3. **Kontrollera fritt utrymme:** Se till att det finns tillr\u00e4ckligt med fritt utrymme runt cylindern f\u00f6r att m\u00f6jligg\u00f6ra full r\u00f6relseomf\u00e5ng utan hinder.<\/p>\n<p>4. **Hydrauliska anslutningar:** Se till att hydraulslangarna \u00e4r ordentligt anslutna och undvik veck eller skarpa b\u00f6jar som kan begr\u00e4nsa v\u00e4tskefl\u00f6det.<\/p>\n<p>5. **Testa f\u00f6re full belastning:** N\u00e4r cylindern \u00e4r installerad, testa den utan belastning f\u00f6r att kontrollera funktionen och g\u00f6ra n\u00f6dv\u00e4ndiga justeringar.<\/p>\n<h2>Vanliga underh\u00e5llsuppgifter<\/h2>\n<ul>\n<li><strong>Regelbundna inspektioner:<\/strong> Regelbundna inspektioner \u00e4r nyckeln till att identifiera potentiella problem innan de eskalerar. Inspektera t\u00e4tningar, slangar och anslutningar f\u00f6r slitage och skador.<\/li>\n<li><strong>Korrekt sm\u00f6rjning:<\/strong> Se till att hydrauloljan har r\u00e4tt niv\u00e5 och \u00e4r fri fr\u00e5n f\u00f6roreningar. Regelbunden sm\u00f6rjning minskar slitage och f\u00f6rb\u00e4ttrar prestandan.<\/li>\n<li><strong>Byte av t\u00e4tning:<\/strong> Med tiden kan t\u00e4tningar slitas ut och beh\u00f6va bytas ut. Kontrollera regelbundet t\u00e4tningarnas skick och byt ut dem f\u00f6r att f\u00f6rhindra l\u00e4ckage.<\/li>\n<\/ul>\n<h2>S\u00e4kerhets\u00f6verv\u00e4ganden<\/h2>\n<p>Vid anv\u00e4ndning av bomcylindrar \u00e4r det avg\u00f6rande att implementera s\u00e4kerhets\u00e5tg\u00e4rder f\u00f6r att skydda operat\u00f6rer och utrustning. Se alltid till att utrustningen anv\u00e4nds inom angivna lastgr\u00e4nser och att alla s\u00e4kerhetsanordningar fungerar korrekt. Korrekt utbildning av operat\u00f6rer och efterlevnad av s\u00e4kerhetsprotokoll kan avsev\u00e4rt minska risken f\u00f6r olyckor eller skador under drift.<\/p>\n<h2>Fels\u00f6kning av vanliga problem<\/h2>\n<ul>\n<li><strong>Svarsl\u00f6s cylinder:<\/strong> Om cylindern inte reagerar p\u00e5 inmatning, kontrollera hydraulv\u00e4tskeniv\u00e5erna och leta efter eventuella blockeringar i hydraulledningarna.<\/li>\n<li><strong>L\u00e4ckande hydraulv\u00e4tska:<\/strong> Kontrollera t\u00e4tningar och anslutningar f\u00f6r tecken p\u00e5 slitage eller skador som kan orsaka l\u00e4ckage. Byt ut t\u00e4tningar vid behov f\u00f6r att bibeh\u00e5lla trycket.<\/li>\n<li><strong>Oj\u00e4mn r\u00f6relse:<\/strong> Om cylindern r\u00f6r sig oj\u00e4mnt, se till att den \u00e4r korrekt justerad och att det inte finns n\u00e5gra hinder som p\u00e5verkar dess r\u00f6relseomf\u00e5ng.<\/li>\n<\/ul>\n<h2>Fels\u00f6kningstips<\/h2>\n<p>F\u00f6r effektiv fels\u00f6kning, f\u00f6lj dessa tips:<\/p>\n<p>1. **Regelbundet underh\u00e5ll:** Uppr\u00e4tta ett noggrant underh\u00e5llsschema f\u00f6r att s\u00e4kerst\u00e4lla att alla komponenter kontrolleras och servas regelbundet.<\/p>\n<p>2. **F\u00f6r register:** F\u00f6r register \u00f6ver eventuella problem och reparationer f\u00f6r att sp\u00e5ra m\u00f6nster som kan tyda p\u00e5 underliggande problem.<\/p>\n<p>3. **Kontakta experter:** Om problemen kvarst\u00e5r, kontakta experter p\u00e5 hydraulsystemet f\u00f6r djupg\u00e5ende diagnos och reparationer.<\/p>\n<p><img decoding=\"async\" src=\"https:\/\/www.hydraulic-cylinders.net\/wp-content\/uploads\/2025\/04\/songte-bushings-with-all-kinds-of-excavator-models.webp\" alt=\"Bussningar med gr\u00e4vmaskinsmodeller\"><\/p>\n<h2>Om v\u00e5rt f\u00f6retag<\/h2>\n<p>Vi \u00e4r en ledande tillverkare av hydraulcylindrar f\u00f6r reservdelar och erbjuder ett omfattande produktsortiment som riktar sig till b\u00e5de inhemska och internationella marknader. V\u00e5rt engagemang f\u00f6r excellens \u00e5terspeglas i v\u00e5ra avancerade tillverkningsstrategier, som anv\u00e4nder avancerad digital utrustning och ett professionellt testsystem.<\/p>\n<p>V\u00e5ra produktionsanl\u00e4ggningar f\u00f6rb\u00e4ttrar kontinuerligt v\u00e5ra tillverkningsplattformar, vilket s\u00e4kerst\u00e4ller att vi m\u00f6ter olika kunders krav med h\u00f6g effektivitet, precision och kvalitet. V\u00e5rt team av skickliga yrkesm\u00e4n \u00e4r dedikerade till att leverera f\u00f6rstklassiga produkter och exceptionell kundservice, och erbjuder skr\u00e4ddarsydda l\u00f6sningar som anpassas till specifika operativa behov.<\/p>\n<p><img decoding=\"async\" src=\"https:\/\/www.hydraulic-cylinders.net\/wp-content\/uploads\/2025\/04\/songte-company-4.webp\" alt=\"F\u00f6retags\u00f6versikt\"><br \/>\n<img decoding=\"async\" src=\"https:\/\/www.hydraulic-cylinders.net\/wp-content\/uploads\/2025\/04\/songte-company-3.webp\" alt=\"Tillverkningsanl\u00e4ggning\"><\/p>\n<p>F\u00f6rfattare: lyl<\/p>","protected":false},"excerpt":{"rendered":"<p>Boom Cylinder For KYM KY105 Product Overview The Boom Cylinder for KYM KY105 is an essential hydraulic component designed for precise control of heavy machinery operations. This hydraulic cylinder plays a critical role in managing the movement of the bucket on various heavy equipment, such as excavators, backhoe loaders, and front loaders. It ensures smooth [&hellip;]<\/p>","protected":false},"featured_media":17881,"comment_status":"open","ping_status":"closed","template":"","meta":{"_et_pb_use_builder":"","_et_pb_old_content":"","_et_gb_content_width":""},"product_brand":[],"product_cat":[1546],"product_tag":[1547,1496],"class_list":{"0":"post-19528","1":"product","2":"type-product","3":"status-publish","4":"has-post-thumbnail","6":"product_cat-boom-cylinders","7":"product_tag-boom-cylinders","8":"product_tag-hydraulic-cylinders","10":"first","11":"instock","12":"shipping-taxable","13":"product-type-simple"},"amp_enabled":true,"_links":{"self":[{"href":"https:\/\/www.hydraulic-cylinders.net\/sv\/wp-json\/wp\/v2\/product\/19528","targetHints":{"allow":["GET"]}}],"collection":[{"href":"https:\/\/www.hydraulic-cylinders.net\/sv\/wp-json\/wp\/v2\/product"}],"about":[{"href":"https:\/\/www.hydraulic-cylinders.net\/sv\/wp-json\/wp\/v2\/types\/product"}],"replies":[{"embeddable":true,"href":"https:\/\/www.hydraulic-cylinders.net\/sv\/wp-json\/wp\/v2\/comments?post=19528"}],"wp:featuredmedia":[{"embeddable":true,"href":"https:\/\/www.hydraulic-cylinders.net\/sv\/wp-json\/wp\/v2\/media\/17881"}],"wp:attachment":[{"href":"https:\/\/www.hydraulic-cylinders.net\/sv\/wp-json\/wp\/v2\/media?parent=19528"}],"wp:term":[{"taxonomy":"product_brand","embeddable":true,"href":"https:\/\/www.hydraulic-cylinders.net\/sv\/wp-json\/wp\/v2\/product_brand?post=19528"},{"taxonomy":"product_cat","embeddable":true,"href":"https:\/\/www.hydraulic-cylinders.net\/sv\/wp-json\/wp\/v2\/product_cat?post=19528"},{"taxonomy":"product_tag","embeddable":true,"href":"https:\/\/www.hydraulic-cylinders.net\/sv\/wp-json\/wp\/v2\/product_tag?post=19528"}],"curies":[{"name":"wp","href":"https:\/\/api.w.org\/{rel}","templated":true}]}}