{"id":19531,"date":"2025-04-07T06:53:02","date_gmt":"2025-04-07T06:53:02","guid":{"rendered":"https:\/\/www.hydraulic-cylinders.net\/product\/boom-cylinder-for-kym-ky70\/"},"modified":"2025-04-07T06:53:05","modified_gmt":"2025-04-07T06:53:05","slug":"boom-cylinder-for-kym-ky70","status":"publish","type":"product","link":"https:\/\/www.hydraulic-cylinders.net\/sv\/produkt\/boom-cylinder-for-kym-ky70\/","title":{"rendered":"Bomcylinder f\u00f6r KYM KY70"},"content":{"rendered":"<h1>Bomcylinder f\u00f6r KYM KY70<\/h1>\n<h2>Introduktion till bomcylinder<\/h2>\n<p>Bomcylindern, speciellt utformad f\u00f6r KYM KY70, \u00e4r \u200b\u200ben avg\u00f6rande komponent i hydrauliska system. Den anv\u00e4nds fr\u00e4mst i tunga maskiner f\u00f6r att styra skopans r\u00f6relse, vilket m\u00f6jligg\u00f6r effektiv lyftning, s\u00e4nkning och lutning. Dessa cylindrar \u00e4r integrerade i olika applikationer, inklusive gr\u00e4vmaskiner, gr\u00e4vlastare och frontlastare, och underl\u00e4ttar materialhanteringsuppgifter med precision och enkelhet.<\/p>\n<p><img decoding=\"async\" src=\"https:\/\/www.hydraulic-cylinders.net\/wp-content\/uploads\/2025\/04\/songte-company-1.webp\" alt=\"Bomcylinder f\u00f6r KYM KY70\"><\/p>\n<h3>Definition och \u00f6versikt<\/h3>\n<p>En skopcylinder \u00e4r en typ av hydraulcylinder som \u00e4r speciellt utformad f\u00f6r att hantera r\u00f6relsen hos skopor i tunga maskiner. Denna hydrauliska komponent g\u00f6r det m\u00f6jligt f\u00f6r skopan att utf\u00f6ra viktiga r\u00f6relser som kr\u00e4vs f\u00f6r gr\u00e4vning, lastning och materialtransport. Bomcylinderns roll \u00e4r avg\u00f6rande f\u00f6r att s\u00e4kerst\u00e4lla att maskinen fungerar effektivt och \u00e4ndam\u00e5lsenligt, vilket g\u00f6r den oumb\u00e4rlig inom bygg- och jordbruksarbete.<\/p>\n<h2>Produktegenskaper<\/h2>\n<ul>\n<li><strong>H\u00f6g styrka och h\u00e5llbarhet:<\/strong> Bomcylindern \u00e4r tillverkad av h\u00f6gh\u00e5llfast st\u00e5l eller aluminium och t\u00e5l h\u00f6ga tryck och tunga belastningar, vilket g\u00f6r den l\u00e4mplig f\u00f6r tuffa arbetsmilj\u00f6er.<\/li>\n<li><strong>Effektiv hydraulisk drift:<\/strong> Anv\u00e4nder hydrauliskt oljetryck f\u00f6r smidig och snabb ut- och indragning, vilket ger kraftfulla tryck- och dragkrafter som \u00e4r idealiska f\u00f6r att hantera tunga och komplexa uppgifter.<\/li>\n<li><strong>Olika typer:<\/strong> Finns i enkelverkande (i en riktning) och dubbelverkande (i b\u00e5da riktningarna), vilket m\u00f6jligg\u00f6r anpassning baserat p\u00e5 driftskrav. Vissa modeller har teleskopdesign f\u00f6r ut\u00f6kad r\u00e4ckvidd utan att \u00f6ka den externa storleken.<\/li>\n<\/ul>\n<h2>Produktionskapacitet<\/h2>\n<p>V\u00e5rt f\u00f6retag specialiserar sig p\u00e5 produktion av bomcylindrar, vilket s\u00e4kerst\u00e4ller att v\u00e5ra produkter \u00e4r perfekta ers\u00e4ttare f\u00f6r befintliga hydraulcylindrar.<\/p>\n<p><img decoding=\"async\" src=\"https:\/\/www.hydraulic-cylinders.net\/wp-content\/uploads\/2025\/04\/songte-cylinder-head-with-all-kinds-excavator-models.webp\" alt=\"Gr\u00e4vmaskinsmodeller\"><\/p>\n<h2>Till\u00e4mpningar av bomcylinder<\/h2>\n<h3>Byggutrustning<\/h3>\n<p>I gr\u00e4vmaskiner \u00e4r bomcylindrar avg\u00f6rande f\u00f6r gr\u00e4vning, lastning och flyttning av jord eller skr\u00e4p. De underl\u00e4ttar skopans f\u00f6rm\u00e5ga att tr\u00e4nga ner i marken effektivt, vilket s\u00e4kerst\u00e4ller effektiva gr\u00e4vningsoperationer. Gr\u00e4vlastare f\u00f6rlitar sig ocks\u00e5 p\u00e5 bomcylindrar f\u00f6r b\u00e5de gr\u00e4v- och lyftuppgifter, vilket visar p\u00e5 deras m\u00e5ngsidighet inom byggtill\u00e4mpningar.<\/p>\n<h3>Jordbruksmaskiner<\/h3>\n<p>Frontlastare anv\u00e4nder bomcylindrar f\u00f6r att skopa, lyfta och transportera jord, h\u00f6 och andra material. Deras f\u00f6rm\u00e5ga att hantera tunga laster g\u00f6r dem viktiga f\u00f6r jordbruksverksamhet, d\u00e4r effektiv materialf\u00f6rflyttning \u00e4r avg\u00f6rande f\u00f6r produktiviteten.<\/p>\n<h3>Gr\u00e4vmaskiner<\/h3>\n<p>I gr\u00e4vmaskiner g\u00f6r bomcylindern att skopan kan tr\u00e4nga ner i jorden, vilket underl\u00e4ttar effektiva gr\u00e4vningar. Denna f\u00f6rm\u00e5ga \u00e4r avg\u00f6rande f\u00f6r byggnation, landskapsarkitektur och andra jordf\u00f6rflyttningsuppgifter, vilket s\u00e4kerst\u00e4ller optimal prestanda under olika jordf\u00f6rh\u00e5llanden.<\/p>\n<h3>Lastare<\/h3>\n<p>P\u00e5 frontlastare hj\u00e4lper bomcylindrar till att lyfta och dumpa laster effektivt. Deras robusta design s\u00e4kerst\u00e4ller att tunga material kan hanteras enkelt, vilket bidrar till lastarens totala produktivitet.<\/p>\n<h2>Design\u00f6verv\u00e4ganden och urvalskriterier<\/h2>\n<h3>Lastkapacitet<\/h3>\n<p>N\u00e4r man v\u00e4ljer en bomcylinder \u00e4r det avg\u00f6rande att f\u00f6rst\u00e5 dess lastkapacitet. En cylinder m\u00e5ste kunna hantera den maximala vikt den kommer att uts\u00e4ttas f\u00f6r under drift. Detta inneb\u00e4r att man bed\u00f6mer maskinens specifikationer och s\u00e4kerst\u00e4ller att cylindern kan b\u00e4ra de erforderliga lasterna p\u00e5 ett s\u00e4kert och effektivt s\u00e4tt.<\/p>\n<h3>T\u00e4tningsprestanda<\/h3>\n<p>T\u00e4tning \u00e4r en kritisk aspekt vid konstruktion av hydraulcylindrar. Effektiva t\u00e4tningar f\u00f6rhindrar v\u00e4tskel\u00e4ckage och uppr\u00e4tth\u00e5ller trycket i systemet, vilket \u00e4r avg\u00f6rande f\u00f6r j\u00e4mn prestanda. Valet av t\u00e4tningsmaterial, s\u00e5som polyuretan eller nitrilgummi, p\u00e5verkar i h\u00f6g grad cylinderns tillf\u00f6rlitlighet och livsl\u00e4ngd.<\/p>\n<h3>Varaktighet<\/h3>\n<p>H\u00e5llbarhet \u00e4r av st\u00f6rsta vikt, s\u00e4rskilt under tuffa arbetsf\u00f6rh\u00e5llanden. En v\u00e4lkonstruerad bomcylinder ska motst\u00e5 slitage fr\u00e5n kontinuerlig anv\u00e4ndning, exponering f\u00f6r v\u00e4der och vind och p\u00e5frestningar fr\u00e5n tunga laster. Att v\u00e4lja h\u00f6gkvalitativa material och tekniska konstruktioner som tar h\u00e4nsyn till h\u00e5llbarhet kan avsev\u00e4rt \u00f6ka produktens livsl\u00e4ngd.<\/p>\n<h3>S\u00e4kerhetsfunktioner<\/h3>\n<p>S\u00e4kerhet \u00e4r en viktig faktor vid konstruktionen av hydraulcylindrar. Funktioner som \u00f6verbelastningsskydd, tryckavlastningsventiler och robust konstruktion kan f\u00f6rhindra olyckor och funktionsfel, vilket s\u00e4kerst\u00e4ller operat\u00f6rernas och utrustningens s\u00e4kerhet under drift.<\/p>\n<h3>Underh\u00e5ll och reparationsm\u00f6jligheter<\/h3>\n<p>Att konstruera hydraulcylindrar f\u00f6r enkelt underh\u00e5ll och reparation \u00e4r avg\u00f6rande f\u00f6r att minimera stillest\u00e5ndstider. Detta inkluderar att tillhandah\u00e5lla tillg\u00e4ngliga komponenter f\u00f6r inspektion, sm\u00f6rjpunkter och tydliga riktlinjer f\u00f6r utbyte eller reparation av delar, vilket underl\u00e4ttar kontinuerligt underh\u00e5ll och f\u00f6rl\u00e4nger cylinderns livsl\u00e4ngd.<\/p>\n<p><img decoding=\"async\" src=\"https:\/\/www.hydraulic-cylinders.net\/wp-content\/uploads\/2025\/04\/songte-oil-pipes-and-spare-parts.webp\" alt=\"Oljer\u00f6r och reservdelar\"><\/p>\n<h2>T\u00e4tning och sm\u00f6rjning<\/h2>\n<p>Korrekt t\u00e4tning och sm\u00f6rjning \u00e4r avg\u00f6rande f\u00f6r effektiv drift av hydraulcylindrar. Olika t\u00e4tningstyper, inklusive kolvt\u00e4tningar och kolvst\u00e5ngst\u00e4tningar, \u00e4r viktiga f\u00f6r att f\u00f6rhindra l\u00e4ckage. T\u00e4tningar tillverkade av slitstarka material bidrar till cylinderns livsl\u00e4ngd. Regelbunden sm\u00f6rjning med hydraulolja \u00e4r n\u00f6dv\u00e4ndig f\u00f6r att uppr\u00e4tth\u00e5lla smidig drift, minska friktion och f\u00f6rhindra slitage p\u00e5 interna komponenter.<\/p>\n<h2>F\u00f6rebyggande underh\u00e5lls\u00e5tg\u00e4rder<\/h2>\n<ul>\n<li><strong>Regelbundna inspektioner:<\/strong> Utf\u00f6r rutinm\u00e4ssiga inspektioner f\u00f6r att identifiera eventuella problem och s\u00e4kerst\u00e4lla att systemet fungerar smidigt och effektivt.<\/li>\n<li><strong>L\u00e4mplig sm\u00f6rjning:<\/strong> Bibeh\u00e5ll l\u00e4mpliga sm\u00f6rjniv\u00e5er och se till att det finns tillr\u00e4ckligt med hydraulolja f\u00f6r att underl\u00e4tta smidig r\u00f6relse och f\u00f6rhindra slitage.<\/li>\n<li><strong>Byte av t\u00e4tning:<\/strong> Kontrollera regelbundet t\u00e4tningarna f\u00f6r slitage och byt ut dem vid behov f\u00f6r att f\u00f6rhindra l\u00e4ckage och bibeh\u00e5lla systemets integritet.<\/li>\n<\/ul>\n<h2>Installationsriktlinjer<\/h2>\n<p>F\u00f6r att s\u00e4kerst\u00e4lla korrekt installation av bomcylindern, f\u00f6lj dessa steg:<\/p>\n<ul>\n<li>F\u00f6rbered installationsplatsen genom att se till att den \u00e4r ren och fri fr\u00e5n skr\u00e4p.<\/li>\n<li>Rikta in cylindern korrekt i f\u00f6rh\u00e5llande till befintliga monteringspunkter f\u00f6r att undvika belastning p\u00e5 komponenterna.<\/li>\n<li>Anv\u00e4nd l\u00e4mpliga monteringsf\u00e4sten f\u00f6r att f\u00e4sta cylindern p\u00e5 plats och s\u00e4kerst\u00e4lla stabilitet under drift.<\/li>\n<li>Kontrollera att hydraulanslutningarna \u00e4r korrekt inst\u00e4llda och dra \u00e5t dem ordentligt f\u00f6r att f\u00f6rhindra l\u00e4ckage.<\/li>\n<li>Efter installationen, testa cylindern under kontrollerade f\u00f6rh\u00e5llanden f\u00f6r att verifiera korrekt funktion innan fullskalig anv\u00e4ndning.<\/li>\n<\/ul>\n<h2>Vanliga underh\u00e5llsuppgifter<\/h2>\n<h3>Regelbundna inspektioner<\/h3>\n<p>Regelbundna inspektioner hj\u00e4lper till att identifiera slitage innan det leder till st\u00f6rre problem. Operat\u00f6rer b\u00f6r regelbundet kontrollera om det finns tecken p\u00e5 oljel\u00e4ckor, ovanliga ljud och oregelbundenheter i r\u00f6relsen. Tidig uppt\u00e4ckt av problem kan f\u00f6rhindra kostsamma reparationer och driftstopp.<\/p>\n<h3>L\u00e4mplig sm\u00f6rjning<\/h3>\n<p>Att bibeh\u00e5lla korrekt sm\u00f6rjning \u00e4r avg\u00f6rande f\u00f6r hydraulsystemets effektivitet. Operat\u00f6rer b\u00f6r se till att cylindern \u00e4r tillr\u00e4ckligt smord med l\u00e4mplig hydraulolja, vilket minskar friktion och slitage p\u00e5 interna komponenter och f\u00f6rl\u00e4nger deras livsl\u00e4ngd.<\/p>\n<h3>T\u00e4tningsbyte och kalibreringskontroller<\/h3>\n<p>Att regelbundet byta t\u00e4tningar \u00e4r avg\u00f6rande f\u00f6r att f\u00f6rhindra l\u00e4ckage av hydraulv\u00e4tska. Operat\u00f6rer b\u00f6r ocks\u00e5 utf\u00f6ra kalibreringskontroller f\u00f6r att s\u00e4kerst\u00e4lla att cylindern fungerar som avsett. Korrekt kalibrerade cylindrar s\u00e4kerst\u00e4ller optimal prestanda, vilket minskar risken f\u00f6r funktionsfel.<\/p>\n<p><img decoding=\"async\" src=\"https:\/\/www.hydraulic-cylinders.net\/wp-content\/uploads\/2025\/04\/songte-chushion-collar.webp\" alt=\"Kuddekrage\"><\/p>\n<h2>S\u00e4kerhetsaspekter och milj\u00f6faktorer<\/h2>\n<p>Vid arbete med hydraulcylindrar m\u00e5ste s\u00e4kerhets\u00e5tg\u00e4rder prioriteras. Operat\u00f6rer b\u00f6r vara medvetna om de potentiella faror som \u00e4r f\u00f6rknippade med hydrauliska system, inklusive h\u00f6gtrycksfel. Korrekt utbildning och efterlevnad av s\u00e4kerhetsprotokoll kan minimera riskerna och s\u00e4kerst\u00e4lla en s\u00e4krare arbetsmilj\u00f6.<\/p>\n<h2>Feldiagnos och vanliga problem<\/h2>\n<ul>\n<li><strong>L\u00e4ckage:<\/strong> Ett av de vanligaste problemen \u00e4r l\u00e4ckage, vilket kan uppst\u00e5 p\u00e5 grund av slitna t\u00e4tningar eller felaktig installation. Regelbundet underh\u00e5ll kan hj\u00e4lpa till att identifiera och \u00e5tg\u00e4rda dessa problem snabbt.<\/li>\n<li><strong>Svarsl\u00f6s operation:<\/strong> Om cylindern inte svarar kan det bero p\u00e5 l\u00e5ga hydraulv\u00e4tskeniv\u00e5er eller luft i systemet. Fels\u00f6kning av dessa omr\u00e5den kan hj\u00e4lpa till att \u00e5terst\u00e4lla funktionaliteten.<\/li>\n<li><strong>\u00d6verhettning:<\/strong> \u00d6verdriven v\u00e4rme kan tyda p\u00e5 \u00f6verbelastning eller otillr\u00e4cklig sm\u00f6rjning. \u00d6vervakning av driftstemperaturer och justering av belastningar kan minska risken f\u00f6r \u00f6verhettning.<\/li>\n<\/ul>\n<h3>Fels\u00f6kningstips<\/h3>\n<p>Effektiv feldiagnostik \u00e4r avg\u00f6rande f\u00f6r underh\u00e5ll av hydraulsystem. Operat\u00f6rer b\u00f6r f\u00f6ra register \u00f6ver prestandaproblem, regelbundet kontrollera v\u00e4tskeniv\u00e5er och inspektera t\u00e4tningar f\u00f6r slitage. Genom att implementera f\u00f6rebyggande \u00e5tg\u00e4rder kan sannolikheten f\u00f6r problem avsev\u00e4rt minskas.<\/p>\n<p><img decoding=\"async\" src=\"https:\/\/www.hydraulic-cylinders.net\/wp-content\/uploads\/2025\/04\/songte-bushings-with-all-kinds-of-excavator-models.webp\" alt=\"Bussningar f\u00f6r gr\u00e4vmaskinsmodeller\"><\/p>\n<h2>Om v\u00e5rt f\u00f6retag<\/h2>\n<p>Vi \u00e4r en ledande tillverkare och grossistdistribut\u00f6r av hydraulcylindrar, k\u00e4nda f\u00f6r v\u00e5rt omfattande produktsortiment. V\u00e5rt engagemang f\u00f6r excellens driver oss att implementera f\u00f6rfinade tillverkningsstrategier med hj\u00e4lp av avancerad utrustning och skicklig teknisk personal. V\u00e5r robusta tillverkningsplattform \u00e4r utformad f\u00f6r att m\u00f6ta olika kundbehov med h\u00f6g effektivitet och precision.<\/p>\n<p><img decoding=\"async\" src=\"https:\/\/www.hydraulic-cylinders.net\/wp-content\/uploads\/2025\/04\/songte-company-4.webp\" alt=\"F\u00f6retagsbild 4\"><br \/>\n<img decoding=\"async\" src=\"https:\/\/www.hydraulic-cylinders.net\/wp-content\/uploads\/2025\/04\/songte-company-3.webp\" alt=\"F\u00f6retagsbild 3\"><\/p>\n<h2>Slutsats<\/h2>\n<p>V\u00e5r expertis inom tillverkning av hydraulcylindrar s\u00e4kerst\u00e4ller att vi levererar produkter av h\u00f6gsta kvalitet, skr\u00e4ddarsydda f\u00f6r att m\u00f6ta v\u00e5ra kunders olika behov. Med fokus p\u00e5 professionell service, internationella certifieringar och kundanpassade l\u00f6sningar \u00e4r vi fast beslutna att beh\u00e5lla v\u00e5r position som ledande inom hydraulcylindrarbranschen.<\/p>\n<p>F\u00f6rfattare: lyl<\/p>","protected":false},"excerpt":{"rendered":"<p>Boom Cylinder For KYM KY70 Introduction to Boom Cylinder The Boom Cylinder, specifically designed for KYM KY70, is a crucial component in hydraulic systems. It is primarily utilized in heavy machinery to control the movement of the bucket, allowing for efficient lifting, lowering, and tilting. These cylinders are integral to various applications, including excavators, backhoe [&hellip;]<\/p>","protected":false},"featured_media":17869,"comment_status":"open","ping_status":"closed","template":"","meta":{"_et_pb_use_builder":"","_et_pb_old_content":"","_et_gb_content_width":""},"product_brand":[],"product_cat":[1546],"product_tag":[1547,1496],"class_list":{"0":"post-19531","1":"product","2":"type-product","3":"status-publish","4":"has-post-thumbnail","6":"product_cat-boom-cylinders","7":"product_tag-boom-cylinders","8":"product_tag-hydraulic-cylinders","10":"first","11":"instock","12":"shipping-taxable","13":"product-type-simple"},"amp_enabled":true,"_links":{"self":[{"href":"https:\/\/www.hydraulic-cylinders.net\/sv\/wp-json\/wp\/v2\/product\/19531","targetHints":{"allow":["GET"]}}],"collection":[{"href":"https:\/\/www.hydraulic-cylinders.net\/sv\/wp-json\/wp\/v2\/product"}],"about":[{"href":"https:\/\/www.hydraulic-cylinders.net\/sv\/wp-json\/wp\/v2\/types\/product"}],"replies":[{"embeddable":true,"href":"https:\/\/www.hydraulic-cylinders.net\/sv\/wp-json\/wp\/v2\/comments?post=19531"}],"wp:featuredmedia":[{"embeddable":true,"href":"https:\/\/www.hydraulic-cylinders.net\/sv\/wp-json\/wp\/v2\/media\/17869"}],"wp:attachment":[{"href":"https:\/\/www.hydraulic-cylinders.net\/sv\/wp-json\/wp\/v2\/media?parent=19531"}],"wp:term":[{"taxonomy":"product_brand","embeddable":true,"href":"https:\/\/www.hydraulic-cylinders.net\/sv\/wp-json\/wp\/v2\/product_brand?post=19531"},{"taxonomy":"product_cat","embeddable":true,"href":"https:\/\/www.hydraulic-cylinders.net\/sv\/wp-json\/wp\/v2\/product_cat?post=19531"},{"taxonomy":"product_tag","embeddable":true,"href":"https:\/\/www.hydraulic-cylinders.net\/sv\/wp-json\/wp\/v2\/product_tag?post=19531"}],"curies":[{"name":"wp","href":"https:\/\/api.w.org\/{rel}","templated":true}]}}