{"id":19532,"date":"2025-04-07T06:53:05","date_gmt":"2025-04-07T06:53:05","guid":{"rendered":"https:\/\/www.hydraulic-cylinders.net\/product\/boom-cylinder-for-kym-ky85b\/"},"modified":"2025-04-07T06:53:07","modified_gmt":"2025-04-07T06:53:07","slug":"boom-cylinder-for-kym-ky85b","status":"publish","type":"product","link":"https:\/\/www.hydraulic-cylinders.net\/sv\/produkt\/boom-cylinder-for-kym-ky85b\/","title":{"rendered":"Bomcylinder f\u00f6r KYM KY85B"},"content":{"rendered":"<h1>Bomcylinder f\u00f6r KYM KY85B<\/h1>\n<h2>Produkt\u00f6versikt<\/h2>\n<p>Bomcylindern f\u00f6r KYM KY85B \u00e4r en specialiserad hydraulcylinder utformad f\u00f6r att underl\u00e4tta f\u00f6rflyttning av skopor till tunga maskiner. Denna hydraulcylinder \u00e4r avg\u00f6rande f\u00f6r att styra olika r\u00f6relser i tung utrustning som gr\u00e4vmaskiner, gr\u00e4vmaskiner och frontlastare. Den g\u00f6r att skopan kan lyftas, s\u00e4nkas och lutas, vilket g\u00f6r den oumb\u00e4rlig f\u00f6r materialhanteringsuppgifter.<\/p>\n<p><img decoding=\"async\" src=\"https:\/\/www.hydraulic-cylinders.net\/wp-content\/uploads\/2025\/04\/songte-company-1.webp\" alt=\"Bomcylinder f\u00f6r KYM KY85B\"><\/p>\n<h3>Definition och funktion<\/h3>\n<p>En skopcylinder \u00e4r en typ av hydraulcylinder som specifikt anv\u00e4nds f\u00f6r att styra r\u00f6relsen hos skopor i tunga maskiner. Dessa cylindrar spelar en viktig roll i hydraulsystem och fungerar som drivkraften bakom precisionsr\u00f6relsen av redskap. Genom att anv\u00e4nda trycksatt hydraulv\u00e4tska kan bomcylindern uppn\u00e5 smidig och effektiv drift, vilket \u00e4r avg\u00f6rande f\u00f6r tunga uppgifter.<\/p>\n<h2>Viktiga funktioner<\/h2>\n<ul>\n<li><strong>H\u00f6g styrka och h\u00e5llbarhet:<\/strong> Vanligtvis tillverkad av h\u00f6gh\u00e5llfast st\u00e5l eller aluminium, konstruerad f\u00f6r att motst\u00e5 h\u00f6ga tryck och tunga belastningar, l\u00e4mplig f\u00f6r tuffa arbetsf\u00f6rh\u00e5llanden, med slitage- och korrosionsbest\u00e4ndighet f\u00f6r att f\u00f6rl\u00e4nga livsl\u00e4ngden.<\/li>\n<li><strong>Effektiv hydraulisk drift:<\/strong> Anv\u00e4nder hydrauliskt oljetryck f\u00f6r smidig ut- och indragning, vilket m\u00f6jligg\u00f6r snabb respons p\u00e5 kontrollkommandon med kraftfull drag- och tryckkraft, perfekt f\u00f6r hantering av tunga och komplexa uppgifter.<\/li>\n<li><strong>Olika typer:<\/strong> Finns i enkelverkande (hydraulisk funktion i en riktning) eller dubbelverkande (hydraulisk funktion i b\u00e5da riktningarna) f\u00f6r att m\u00f6ta olika driftsbehov. Vissa modeller har teleskopiska konstruktioner f\u00f6r st\u00f6rre utbyggnad utan att \u00f6ka de yttersta m\u00e5tten, l\u00e4mpliga f\u00f6r applikationer med begr\u00e4nsat utrymme.<\/li>\n<\/ul>\n<p>V\u00e5r produkt ers\u00e4tter perfekt dessa hydraulcylindrar.<\/p>\n<p><img decoding=\"async\" src=\"https:\/\/www.hydraulic-cylinders.net\/wp-content\/uploads\/2025\/04\/songte-cylinder-head-with-all-kinds-excavator-models.webp\" alt=\"Hydrauliska cylindrar f\u00f6r utbyte\"><\/p>\n<h2>Applikationsscenarier<\/h2>\n<h3>Byggutrustning<\/h3>\n<p>I gr\u00e4vmaskiner \u00e4r bomcylindrar avg\u00f6rande f\u00f6r gr\u00e4vning, lastning och flyttning av jord eller skr\u00e4p. De g\u00f6r att skopan kan utf\u00f6ra viktiga funktioner som \u00f6kar produktiviteten p\u00e5 byggarbetsplatser. I gr\u00e4vmaskiner hj\u00e4lper skopcylindern inte bara till med gr\u00e4vning utan \u00e4ven lyftning av material, vilket g\u00f6r dem m\u00e5ngsidiga f\u00f6r olika uppgifter.<\/p>\n<h3>Jordbruksmaskiner<\/h3>\n<p>I frontlastare anv\u00e4nds dessa cylindrar f\u00f6r att skopa, lyfta och transportera jord, h\u00f6 och andra material. Bomcylinderns effektiva funktion s\u00e4kerst\u00e4ller att jordbruksuppgifter utf\u00f6rs effektivt, vilket bidrar till den totala produktiviteten inom jordbruket.<\/p>\n<h3>Gr\u00e4vmaskiner<\/h3>\n<p>Bomcylindern g\u00f6r att skopan kan tr\u00e4nga ner i jorden under gr\u00e4vning, vilket g\u00f6r den till en viktig komponent f\u00f6r schaktningsarbeten. Dess design s\u00e4kerst\u00e4ller att tunga laster kan hanteras s\u00e4kert och effektivt, vilket underl\u00e4ttar effektiva gr\u00e4vprocesser.<\/p>\n<h3>Lastare<\/h3>\n<p>I frontlastare hj\u00e4lper dessa cylindrar till att lyfta och dumpa material, vilket f\u00f6rb\u00e4ttrar driftseffektiviteten och anv\u00e4ndarv\u00e4nligheten. Deras f\u00f6rm\u00e5ga att hantera tunga laster och utf\u00f6ra olika uppgifter g\u00f6r dem oumb\u00e4rliga vid lastningsoperationer.<\/p>\n<h2>Design\u00f6verv\u00e4ganden och urvalsstandarder<\/h2>\n<h3>Lastkapacitet<\/h3>\n<p>Bomcylinderns lastkapacitet \u00e4r av st\u00f6rsta vikt, s\u00e5 att den kan hantera den maximala vikt som f\u00f6rv\u00e4ntas under drift. Att v\u00e4lja en cylinder med tillr\u00e4cklig lastkapacitet f\u00f6rhindrar haverier och \u00f6kar s\u00e4kerheten.<\/p>\n<h3>T\u00e4tning<\/h3>\n<p>Effektiv t\u00e4tning \u00e4r avg\u00f6rande f\u00f6r att uppr\u00e4tth\u00e5lla hydraultrycket och f\u00f6rhindra v\u00e4tskel\u00e4ckage. H\u00f6gkvalitativa t\u00e4tningar tillverkade av slitstarka material s\u00e4kerst\u00e4ller l\u00e5ng livsl\u00e4ngd och tillf\u00f6rlitlig drift, vilket \u00e4r avg\u00f6rande f\u00f6r alla hydraulsystem.<\/p>\n<h3>Varaktighet<\/h3>\n<p>Konstruktionsmaterialen och konstruktionen m\u00e5ste t\u00e5la tuffa milj\u00f6er och tunga belastningar. Att v\u00e4lja en h\u00e5llbar cylinder minimerar underh\u00e5lls- och utbyteskostnader \u00f6ver tid, vilket s\u00e4kerst\u00e4ller l\u00f6nsamhet.<\/p>\n<h3>S\u00e4kerhet<\/h3>\n<p>S\u00e4kerhetsfunktioner b\u00f6r prioriteras i konstruktionen, inklusive \u00f6verbelastningsskydd och tryckavlastningsventiler. Dessa funktioner skyddar b\u00e5de utrustningen och operat\u00f6ren fr\u00e5n potentiella faror under drift.<\/p>\n<h3>Underh\u00e5ll<\/h3>\n<p>Enkelt underh\u00e5ll \u00e4r avg\u00f6rande f\u00f6r att minska driftstopp. Designelement som underl\u00e4ttar snabba inspektioner och reparationer bidrar till hydraulsystemens totala effektivitet.<\/p>\n<p><img decoding=\"async\" src=\"https:\/\/www.hydraulic-cylinders.net\/wp-content\/uploads\/2025\/04\/songte-oil-pipes-and-spare-parts.webp\" alt=\"Hydrauliska delar\"><\/p>\n<h2>T\u00e4tning och sm\u00f6rjning<\/h2>\n<p>T\u00e4tningsmekanismer i hydraulcylindrar anv\u00e4nder olika t\u00e4tningar s\u00e5som kolvt\u00e4tningar och kolvst\u00e5ngst\u00e4tningar. Material som polyuretan och nitrilgummi \u00e4r att f\u00f6redra p\u00e5 grund av deras slitstyrka. Korrekt behandling av cylinderhuset och g\u00e4ngade ytor \u00f6kar h\u00e5llbarheten. Regelbunden sm\u00f6rjning med hydraulolja \u00e4r avg\u00f6rande f\u00f6r att bibeh\u00e5lla prestanda och livsl\u00e4ngd.<\/p>\n<h2>Regelbunden inspektion och f\u00f6rebyggande underh\u00e5ll<\/h2>\n<ul>\n<li><strong>Regelbundna inspektioner:<\/strong> Utf\u00f6r regelbundna kontroller av l\u00e4ckor, slitage och allm\u00e4nt skick f\u00f6r att uppt\u00e4cka problem tidigt och f\u00f6rhindra fel.<\/li>\n<li><strong>L\u00e4mplig sm\u00f6rjning:<\/strong> S\u00e4kerst\u00e4ll korrekt sm\u00f6rjning av t\u00e4tningar och r\u00f6rliga delar f\u00f6r att minska friktion och slitage, vilket f\u00f6rb\u00e4ttrar prestandan.<\/li>\n<li><strong>Byte av t\u00e4tning:<\/strong> Kontrollera och byt regelbundet t\u00e4tningar vid behov f\u00f6r att bibeh\u00e5lla hydraulisk integritet och f\u00f6rhindra l\u00e4ckage.<\/li>\n<\/ul>\n<h2>Korrekt installationsguide<\/h2>\n<p>Att installera en bomcylinder korrekt \u00e4r avg\u00f6rande f\u00f6r optimal prestanda. S\u00e4kerst\u00e4ll noggrann uppriktning under installationen f\u00f6r att f\u00f6rhindra on\u00f6dig belastning p\u00e5 cylindern. Anv\u00e4nd l\u00e4mpliga monteringsf\u00e4sten f\u00f6r s\u00e4ker installation. F\u00f6lj tillverkarens rekommendationer f\u00f6r \u00e5tdragningsmoment och se till att hydraulledningarna \u00e4r ordentligt anslutna f\u00f6r att undvika l\u00e4ckage. Efter installationen, utf\u00f6r en noggrann inspektion f\u00f6r att s\u00e4kerst\u00e4lla att allt fungerar korrekt f\u00f6re drift. Kontrollera regelbundet uppriktning och anslutningar efter installationen f\u00f6r att bibeh\u00e5lla prestandan.<\/p>\n<p><img decoding=\"async\" src=\"https:\/\/www.hydraulic-cylinders.net\/wp-content\/uploads\/2025\/04\/songte-chushion-collar.webp\" alt=\"Kuddekrage\"><\/p>\n<h2>S\u00e4kerhetsaspekter och milj\u00f6faktorer<\/h2>\n<p>Att betona s\u00e4kerhets\u00e5tg\u00e4rder vid anv\u00e4ndning av hydraulcylindrar \u00e4r avg\u00f6rande f\u00f6r att f\u00f6rhindra olyckor. Operat\u00f6rer b\u00f6r vara tillr\u00e4ckligt utbildade och informerade om hydraulsystemets potentiella faror, vilket s\u00e4kerst\u00e4ller en s\u00e4ker arbetsmilj\u00f6. Dessutom \u00e4r korrekt kassering av hydraulv\u00e4tskor och underh\u00e5llsmaterial avg\u00f6rande f\u00f6r att minimera milj\u00f6p\u00e5verkan.<\/p>\n<h2>Feldiagnos och vanliga problem<\/h2>\n<ul>\n<li><strong>L\u00e4ckage:<\/strong> Kontrollera t\u00e4tningar och anslutningar f\u00f6r tecken p\u00e5 v\u00e4tskel\u00e4ckage, vilket kan tyda p\u00e5 slitage eller felaktig installation.<\/li>\n<li><strong>Inkonsekvent r\u00f6relse:<\/strong> Oregelbunden drift kan bero p\u00e5 luft i hydraulsystemet eller l\u00e5ga v\u00e4tskeniv\u00e5er, vilket kr\u00e4ver luftning eller p\u00e5fyllning av systemet.<\/li>\n<li><strong>\u00d6verhettning:<\/strong> \u00d6vervaka hydraulv\u00e4tskans temperatur; \u00f6verhettning kan tyda p\u00e5 f\u00f6r h\u00f6g belastning eller otillr\u00e4cklig sm\u00f6rjning, vilket kr\u00e4ver utrustningskontroller.<\/li>\n<\/ul>\n<h2>Fels\u00f6kningstips<\/h2>\n<p>F\u00f6r att effektivt diagnostisera och l\u00f6sa problem \u00e4r regelbundet underh\u00e5ll och \u00f6vervakning avg\u00f6rande. Att implementera ett rutinm\u00e4ssigt underh\u00e5llsschema kan hj\u00e4lpa till att identifiera potentiella problem innan de eskalerar. Operat\u00f6rer b\u00f6r utbildas i att k\u00e4nna igen tidiga tecken p\u00e5 funktionsfel och k\u00e4nna till korrekta procedurer f\u00f6r att \u00e5tg\u00e4rda dem. Att anv\u00e4nda h\u00f6gkvalitativa hydrauloljor och bibeh\u00e5lla r\u00e4tt v\u00e4tskeniv\u00e5er kan f\u00f6rhindra m\u00e5nga vanliga problem.<\/p>\n<p><img decoding=\"async\" src=\"https:\/\/www.hydraulic-cylinders.net\/wp-content\/uploads\/2025\/04\/songte-bushings-with-all-kinds-of-excavator-models.webp\" alt=\"Bussningar f\u00f6r gr\u00e4vmaskiner\"><\/p>\n<h2>F\u00f6retagsintroduktion<\/h2>\n<p>Vi \u00e4r en tillverkare som specialiserar oss p\u00e5 hydrauliska reservcylindrar och \u00e4r erk\u00e4nda som en av de ledande tillverkarna och grossistdistribut\u00f6rerna av hydrauliska cylindrar p\u00e5 b\u00e5de den inhemska och internationella marknaden. V\u00e5rt engagemang f\u00f6r excellens backas upp av en f\u00f6rfinad tillverkningsstrategi, vilket g\u00f6r det m\u00f6jligt f\u00f6r oss att f\u00f6rb\u00e4ttra v\u00e5r produktionsledning. Vi utnyttjar teknisk expertis, avancerad digital tillverkningsutrustning och specialiserade testsystem f\u00f6r att f\u00f6rb\u00e4ttra v\u00e5r tillverkningskapacitet. V\u00e5rt fokus p\u00e5 h\u00f6g effektivitet, precision och kvalitet s\u00e4kerst\u00e4ller att vi effektivt m\u00f6ter olika kunders behov.<\/p>\n<p><img decoding=\"async\" src=\"https:\/\/www.hydraulic-cylinders.net\/wp-content\/uploads\/2025\/04\/songte-company-4.webp\" alt=\"F\u00f6retags\u00f6versikt\"><br \/>\n<img decoding=\"async\" src=\"https:\/\/www.hydraulic-cylinders.net\/wp-content\/uploads\/2025\/04\/songte-company-3.webp\" alt=\"F\u00f6retagsfaciliteter\"><\/p>\n<p>V\u00e5ra professionella standarder, internationella certifieringar, kundanpassade tj\u00e4nster, avancerade tillverkningsutrustning och utm\u00e4rkta eftermarknadssupport skiljer oss fr\u00e5n m\u00e4ngden i branschen.<\/p>\n<p>F\u00f6rfattare: lyl<\/p>","protected":false},"excerpt":{"rendered":"<p>Boom Cylinder For KYM KY85B Product Overview The Boom Cylinder for KYM KY85B is a specialized hydraulic cylinder designed to facilitate the movement of heavy machinery buckets. This hydraulic cylinder is crucial for controlling various movements in heavy equipment such as excavators, backhoes, and front loaders. It enables the bucket to lift, lower, and tilt, [&hellip;]<\/p>","protected":false},"featured_media":17870,"comment_status":"open","ping_status":"closed","template":"","meta":{"_et_pb_use_builder":"","_et_pb_old_content":"","_et_gb_content_width":""},"product_brand":[],"product_cat":[1546],"product_tag":[1547,1496],"class_list":{"0":"post-19532","1":"product","2":"type-product","3":"status-publish","4":"has-post-thumbnail","6":"product_cat-boom-cylinders","7":"product_tag-boom-cylinders","8":"product_tag-hydraulic-cylinders","10":"first","11":"instock","12":"shipping-taxable","13":"product-type-simple"},"amp_enabled":true,"_links":{"self":[{"href":"https:\/\/www.hydraulic-cylinders.net\/sv\/wp-json\/wp\/v2\/product\/19532","targetHints":{"allow":["GET"]}}],"collection":[{"href":"https:\/\/www.hydraulic-cylinders.net\/sv\/wp-json\/wp\/v2\/product"}],"about":[{"href":"https:\/\/www.hydraulic-cylinders.net\/sv\/wp-json\/wp\/v2\/types\/product"}],"replies":[{"embeddable":true,"href":"https:\/\/www.hydraulic-cylinders.net\/sv\/wp-json\/wp\/v2\/comments?post=19532"}],"wp:featuredmedia":[{"embeddable":true,"href":"https:\/\/www.hydraulic-cylinders.net\/sv\/wp-json\/wp\/v2\/media\/17870"}],"wp:attachment":[{"href":"https:\/\/www.hydraulic-cylinders.net\/sv\/wp-json\/wp\/v2\/media?parent=19532"}],"wp:term":[{"taxonomy":"product_brand","embeddable":true,"href":"https:\/\/www.hydraulic-cylinders.net\/sv\/wp-json\/wp\/v2\/product_brand?post=19532"},{"taxonomy":"product_cat","embeddable":true,"href":"https:\/\/www.hydraulic-cylinders.net\/sv\/wp-json\/wp\/v2\/product_cat?post=19532"},{"taxonomy":"product_tag","embeddable":true,"href":"https:\/\/www.hydraulic-cylinders.net\/sv\/wp-json\/wp\/v2\/product_tag?post=19532"}],"curies":[{"name":"wp","href":"https:\/\/api.w.org\/{rel}","templated":true}]}}