{"id":19545,"date":"2025-04-07T06:53:50","date_gmt":"2025-04-07T06:53:50","guid":{"rendered":"https:\/\/www.hydraulic-cylinders.net\/product\/boom-cylinder-for-pushhm-pz330-8\/"},"modified":"2025-04-07T06:53:52","modified_gmt":"2025-04-07T06:53:52","slug":"boom-cylinder-for-pushhm-pz330-8","status":"publish","type":"product","link":"https:\/\/www.hydraulic-cylinders.net\/sv\/produkt\/boom-cylinder-for-pushhm-pz330-8\/","title":{"rendered":"Bomcylinder f\u00f6r Pushhm PZ330-8"},"content":{"rendered":"<h1>Bomcylinder f\u00f6r Pushhm PZ330-8<\/h1>\n<h2>Produkt\u00f6versikt<\/h2>\n<p>Bomcylindern f\u00f6r Pushhm PZ330-8 \u00e4r en specialiserad hydraulcylinder som \u00e4r utformad f\u00f6r att styra skopans r\u00f6relse i olika tunga maskintill\u00e4mpningar. Dessa cylindrar spelar en avg\u00f6rande roll i hydraulsystem och m\u00f6jligg\u00f6r lyftning, s\u00e4nkning och lutning av skopor, vilket g\u00f6r dem oumb\u00e4rliga f\u00f6r materialhanteringsuppgifter.<\/p>\n<p><img decoding=\"async\" src=\"https:\/\/www.hydraulic-cylinders.net\/wp-content\/uploads\/2025\/04\/songte-company-1.webp\" alt=\"Hydraulcylinder\" \/><\/p>\n<h3>Definition och funktionalitet<\/h3>\n<p>En skopcylinder, \u00e4ven k\u00e4nd som bomcylinder, \u00e4r integrerad i tung utrustning som gr\u00e4vmaskiner, traktorgr\u00e4vare och frontlastare. Den ansvarar f\u00f6r skopans vertikala r\u00f6relse och justering, vilket g\u00f6r det m\u00f6jligt f\u00f6r f\u00f6rare att effektivt utf\u00f6ra uppgifter som att gr\u00e4va, lyfta och transportera material. Hydraulsystemet fungerar med hj\u00e4lp av trycksatt v\u00e4tska, vilket m\u00f6jligg\u00f6r smidiga och kontrollerade r\u00f6relser, vilket \u00e4r avg\u00f6rande vid hantering av tunga laster och utmanande terr\u00e4ng.<\/p>\n<h2>Funktioner hos bomcylindern<\/h2>\n<ul>\n<li><strong>H\u00f6g styrka och h\u00e5llbarhet:<\/strong> Dessa cylindrar \u00e4r tillverkade av h\u00f6gh\u00e5llfast st\u00e5l eller aluminium och t\u00e5l h\u00f6gt tryck och tunga belastningar samtidigt som de \u00e4r motst\u00e5ndskraftiga mot slitage och korrosion.<\/li>\n<li><strong>Effektiv hydraulisk drift:<\/strong> Anv\u00e4ndningen av hydraulolja s\u00e4kerst\u00e4ller smidig och snabb ut- och indragning, vilket ger kraftfulla tryck- och dragfunktioner som \u00e4r idealiska f\u00f6r komplexa uppgifter.<\/li>\n<li><strong>Olika typer:<\/strong> Dessa cylindrar finns i enkelverkande eller dubbelverkande konfigurationer och tillgodoser olika driftsbehov. Vissa modeller \u00e4r teleskopiska, vilket m\u00f6jligg\u00f6r l\u00e4ngre r\u00e4ckvidd utan att \u00f6ka de yttre m\u00e5tten.<\/li>\n<li><strong>Anpassningsbara designer:<\/strong> V\u00e5ra tillverkningsm\u00f6jligheter m\u00f6jligg\u00f6r skr\u00e4ddarsydda l\u00f6sningar som uppfyller specifika krav, vilket s\u00e4kerst\u00e4ller optimal prestanda i olika till\u00e4mpningar.<\/li>\n<li><strong>M\u00e5ngsidiga till\u00e4mpningar:<\/strong> L\u00e4mplig f\u00f6r olika maskiner, vilket f\u00f6rb\u00e4ttrar driftseffektiviteten inom sektorer som bygg, jordbruk och gruvdrift.<\/li>\n<\/ul>\n<p><img decoding=\"async\" src=\"https:\/\/www.hydraulic-cylinders.net\/wp-content\/uploads\/2025\/04\/songte-cylinder-head-with-all-kinds-excavator-models.webp\" alt=\"Gr\u00e4vmaskinsmodeller\" \/><\/p>\n<h2>Applikationsscenarier<\/h2>\n<h3>Byggutrustning<\/h3>\n<p>I gr\u00e4vmaskiner \u00e4r bomcylindern avg\u00f6rande f\u00f6r gr\u00e4vning, lastning och f\u00f6rflyttning av jord eller skr\u00e4p. Den g\u00f6r det m\u00f6jligt f\u00f6r f\u00f6rare att gr\u00e4va djupa diken och lyfta tunga material, vilket g\u00f6r den oumb\u00e4rlig p\u00e5 alla byggarbetsplatser.<\/p>\n<h3>Jordbruksmaskiner<\/h3>\n<p>P\u00e5 frontlastare anv\u00e4nds bomcylindern f\u00f6r att skopa, lyfta och transportera jord, h\u00f6 och andra material. Dess robusta design m\u00f6jligg\u00f6r effektiv hantering av jordbruksuppgifter, vilket \u00f6kar produktiviteten inom jordbruket.<\/p>\n<h3>Gr\u00e4vmaskiner<\/h3>\n<p>Skopans cylinder \u00e4r avg\u00f6rande f\u00f6r att skopan ska kunna tr\u00e4nga ner i jorden, vilket underl\u00e4ttar effektiva gr\u00e4vningsoperationer. Dess hydrauliska kapacitet g\u00f6r att gr\u00e4vmaskinen enkelt kan hantera tuffa jordf\u00f6rh\u00e5llanden.<\/p>\n<h3>Lastare<\/h3>\n<p>I frontlastare hj\u00e4lper dessa cylindrar till att lyfta och lossa laster effektivt, vilket \u00e4r avg\u00f6rande f\u00f6r uppgifter som str\u00e4cker sig fr\u00e5n materialtransport till arbetsplatshantering. Deras tillf\u00f6rlitlighet s\u00e4kerst\u00e4ller att arbetet l\u00f6per smidigt utan avbrott.<\/p>\n<h2>Design\u00f6verv\u00e4ganden och urvalskriterier<\/h2>\n<h3>Lastkapacitet<\/h3>\n<p>Att f\u00f6rst\u00e5 lastkapaciteten \u00e4r avg\u00f6rande n\u00e4r man v\u00e4ljer en bomcylinder. Cylindern m\u00e5ste kunna hantera maximal belastning utan att kompromissa med s\u00e4kerhet eller prestanda. Detta kr\u00e4ver en noggrann bed\u00f6mning av den utrustning den ska anv\u00e4ndas med, s\u00e5v\u00e4l som uppgifternas art.<\/p>\n<h3>T\u00e4tningsmekanismer<\/h3>\n<p>Effektiv t\u00e4tning \u00e4r avg\u00f6rande f\u00f6r att f\u00f6rhindra l\u00e4ckage av hydraulv\u00e4tska, vilket kan leda till prestandaproblem och s\u00e4kerhetsrisker. Valet av h\u00f6gkvalitativa t\u00e4tningsmaterial, s\u00e5som polyuretan och nitrilgummi, s\u00e4kerst\u00e4ller h\u00e5llbarhet och tillf\u00f6rlitlighet, vilket minimerar risken f\u00f6r l\u00e4ckage.<\/p>\n<h3>Varaktighet<\/h3>\n<p>H\u00e5llbarhet \u00e4r en nyckelfaktor vid konstruktionen av hydraulcylindrar. De m\u00e5ste klara tuffa arbetsf\u00f6rh\u00e5llanden, inklusive extrema temperaturer och slipande material. Anv\u00e4ndning av h\u00f6gkvalitativa material och avancerade tillverkningsprocesser f\u00f6rl\u00e4nger cylinderns livsl\u00e4ngd.<\/p>\n<h3>S\u00e4kerhetsfunktioner<\/h3>\n<p>Att integrera s\u00e4kerhetsfunktioner i konstruktionen av bomcylindrar \u00e4r av yttersta vikt. Detta inkluderar tryckavlastningsventiler och s\u00e4kerhetsmekanismer som f\u00f6rhindrar katastrofala fel. Regelbundna s\u00e4kerhetsbed\u00f6mningar b\u00f6r utf\u00f6ras f\u00f6r att s\u00e4kerst\u00e4lla att dessa funktioner fungerar korrekt.<\/p>\n<h3>Underh\u00e5ll och servicev\u00e4nlighet<\/h3>\n<p>Att konstruera cylindrar f\u00f6r enkelt underh\u00e5ll \u00e4r avg\u00f6rande. Detta inkluderar att beakta \u00e5tkomstpunkter f\u00f6r sm\u00f6rjning och inspektion, samt hur enkelt det \u00e4r att byta ut skadade delar. En v\u00e4lkonstruerad cylinder kommer inte bara att fungera effektivt utan ocks\u00e5 f\u00f6renkla underh\u00e5llsuppgifter.<\/p>\n<p><img decoding=\"async\" src=\"https:\/\/www.hydraulic-cylinders.net\/wp-content\/uploads\/2025\/04\/songte-oil-pipes-and-spare-parts.webp\" alt=\"Oljer\u00f6r och reservdelar\" \/><\/p>\n<h2>T\u00e4tning och sm\u00f6rjning<\/h2>\n<p>Korrekt t\u00e4tning och sm\u00f6rjning \u00e4r avg\u00f6rande f\u00f6r effektiv drift av hydraulcylindrar. Olika t\u00e4tningar, s\u00e5som kolvt\u00e4tningar och kolvst\u00e5ngst\u00e4tningar, anv\u00e4nds f\u00f6r att uppr\u00e4tth\u00e5lla trycket och f\u00f6rhindra v\u00e4tskel\u00e4ckage. T\u00e4tningar tillverkade av slitstarka material som polyuretan och nitrilgummi f\u00f6rl\u00e4nger cylinderns livsl\u00e4ngd. Cylinderr\u00f6ret och de g\u00e4ngade \u00e4ndarna \u00e4r fint bearbetade f\u00f6r att f\u00f6rb\u00e4ttra slitstyrkan. Regelbunden sm\u00f6rjning med hydraulolja \u00e4r n\u00f6dv\u00e4ndig f\u00f6r att minska friktion och slitage, vilket s\u00e4kerst\u00e4ller smidig drift och cylinderns livsl\u00e4ngd.<\/p>\n<h2>Regelbunden inspektion och f\u00f6rebyggande underh\u00e5ll<\/h2>\n<ul>\n<li><strong>Regelbundna kontroller:<\/strong> Att implementera ett rutinm\u00e4ssigt kontrollschema hj\u00e4lper till att identifiera potentiella problem tidigt, vilket kan f\u00f6rhindra kostsamma reparationer och driftstopp.<\/li>\n<li><strong>Korrekt sm\u00f6rjning:<\/strong> Tillr\u00e4cklig sm\u00f6rjning minskar slitage p\u00e5 r\u00f6rliga delar och minimerar driftsfriktion, vilket avsev\u00e4rt f\u00f6rl\u00e4nger cylinderns livsl\u00e4ngd.<\/li>\n<li><strong>Byte av t\u00e4tning:<\/strong> Att regelbundet byta ut slitna t\u00e4tningar \u00e4r viktigt f\u00f6r att bibeh\u00e5lla hydraulisk effektivitet och f\u00f6rhindra l\u00e4ckage, vilket s\u00e4kerst\u00e4ller optimal prestanda.<\/li>\n<\/ul>\n<h2>Installationsriktlinjer<\/h2>\n<p>Correct installation of the boom cylinder is crucial for its performance and longevity. Ensure that the mounting brackets are securely fastened and that the cylinder is aligned properly with the attachment points. Using appropriate installation fixtures will help in maintaining the correct alignment. After installation, it is essential to check for leaks and perform a functional test to ensure everything is operating as intended. Additionally, familiarize yourself with the manufacturer&#8217;s instructions for specific requirements related to hydraulic connections and torque specifications.<\/p>\n<p><img decoding=\"async\" src=\"https:\/\/www.hydraulic-cylinders.net\/wp-content\/uploads\/2025\/04\/songte-chushion-collar.webp\" alt=\"Kuddekrage\" \/><\/p>\n<h2>S\u00e4kerhetsaspekter och milj\u00f6faktorer<\/h2>\n<p>N\u00e4r man arbetar med hydraulcylindrar \u00e4r det viktigt att prioritera s\u00e4kerhet. Operat\u00f6rer b\u00f6r utbildas f\u00f6r att f\u00f6rst\u00e5 riskerna och f\u00f6lja l\u00e4mpliga protokoll vid anv\u00e4ndning av tunga maskiner. Regelbunden inspektion av hydraulsystem f\u00f6r l\u00e4ckor och funktionsfel bidrar till att uppr\u00e4tth\u00e5lla s\u00e4kerhetsstandarder. Dessutom b\u00f6r milj\u00f6faktorer beaktas f\u00f6r att f\u00f6rhindra kontaminering av hydraulv\u00e4tskor, vilket kan skada b\u00e5de maskiner och milj\u00f6.<\/p>\n<h2>Fels\u00f6kning och vanliga problem<\/h2>\n<ul>\n<li><strong>L\u00e4ckage:<\/strong> Ett vanligt problem, ofta orsakat av slitna t\u00e4tningar eller skadade kopplingar, kan \u00e5tg\u00e4rdas genom att byta ut t\u00e4tningar eller dra \u00e5t anslutningar.<\/li>\n<li><strong>L\u00e5ngsam drift:<\/strong> Om cylindern g\u00e5r l\u00e5ngsamt kan det bero p\u00e5 l\u00e5ga hydraulv\u00e4tskeniv\u00e5er eller luft i systemet; kontrollera v\u00e4tskeniv\u00e5erna och lufta systemet vid behov.<\/li>\n<li><strong>Ovanliga ljud:<\/strong> Ovanliga ljud kan tyda p\u00e5 inre skador eller otillr\u00e4cklig sm\u00f6rjning; kontrollera cylindern f\u00f6r slitage och s\u00e4kerst\u00e4ll korrekt sm\u00f6rjning.<\/li>\n<\/ul>\n<h2>Fels\u00f6kningstips<\/h2>\n<p>To effectively troubleshoot issues with hydraulic cylinders, it&#8217;s crucial to follow a systematic approach. Start with visual inspections for leaks or damages, and check fluid levels regularly. If problems persist, consult the manufacturer&#8217;s guidelines for specific diagnostic steps. Preemptive measures, such as regular maintenance and following operational limits, can significantly reduce the likelihood of issues arising in the first place.<\/p>\n<p><img decoding=\"async\" src=\"https:\/\/www.hydraulic-cylinders.net\/wp-content\/uploads\/2025\/04\/songte-bushings-with-all-kinds-of-excavator-models.webp\" alt=\"Bussningar med gr\u00e4vmaskinsmodeller\" \/><\/p>\n<h2>Om v\u00e5rt f\u00f6retag<\/h2>\n<p>Vi \u00e4r en ledande tillverkare av hydraulcylindrar f\u00f6r reservdelar och erbjuder ett omfattande produktsortiment som har etablerat oss som en ledande leverant\u00f6r p\u00e5 b\u00e5de inhemska och internationella marknader. V\u00e5rt engagemang f\u00f6r kvalitet \u00e4r tydligt i v\u00e5ra noggranna tillverkningsprocesser, som anv\u00e4nder avancerad teknik och skicklig personal. Med fokus p\u00e5 excellens str\u00e4var vi efter att m\u00f6ta olika kunders behov genom innovativa l\u00f6sningar och robusta produkterbjudanden.<\/p>\n<h3>Expertis och specialisering<\/h3>\n<p>V\u00e5rt expertteam har m\u00e5nga \u00e5rs branscherfarenhet, vilket s\u00e4kerst\u00e4ller att vi tillhandah\u00e5ller h\u00f6gkvalitativa produkter skr\u00e4ddarsydda f\u00f6r specifika krav. Vi investerar i forskning och utveckling f\u00f6r att ligga steget f\u00f6re marknadstrender och tekniska framsteg.<\/p>\n<h3>Internationell certifiering<\/h3>\n<p>V\u00e5ra produkter uppfyller internationella standarder och certifieringar, vilket bekr\u00e4ftar v\u00e5rt engagemang f\u00f6r kvalitet och s\u00e4kerhet. Vi genomg\u00e5r regelbundna revisioner och utv\u00e4rderingar f\u00f6r att uppr\u00e4tth\u00e5lla v\u00e5ra ansedda certifieringar.<\/p>\n<h3>Anpassade tj\u00e4nster<\/h3>\n<p>Vi erbjuder anpassningsbara hydrauliska l\u00f6sningar f\u00f6r att m\u00f6ta v\u00e5ra kunders specifika behov och s\u00e4kerst\u00e4ller att varje produkt perfekt anpassas till deras operativa krav.<\/p>\n<h3>Avancerad tillverkningsutrustning<\/h3>\n<p>Med hj\u00e4lp av toppmodern tillverkningsutrustning f\u00f6rb\u00e4ttrar vi v\u00e5r produktionseffektivitet samtidigt som vi uppr\u00e4tth\u00e5ller h\u00f6ga kvalitetsstandarder. V\u00e5ra anl\u00e4ggningar \u00e4r utformade f\u00f6r att hantera olika produktionsskalor.<\/p>\n<h3>Omfattande eftermarknadssupport<\/h3>\n<p>V\u00e5rt engagemang f\u00f6r kundn\u00f6jdhet str\u00e4cker sig bortom f\u00f6rs\u00e4ljningen. Vi erbjuder omfattande support efter k\u00f6pet, inklusive installationsv\u00e4gledning, underh\u00e5llstj\u00e4nster och snabb hj\u00e4lp med eventuella fr\u00e5gor.<\/p>\n<p><img decoding=\"async\" src=\"https:\/\/www.hydraulic-cylinders.net\/wp-content\/uploads\/2025\/04\/songte-company-4.webp\" alt=\"F\u00f6retags\u00f6versikt 1\" \/><br \/>\n<img decoding=\"async\" src=\"https:\/\/www.hydraulic-cylinders.net\/wp-content\/uploads\/2025\/04\/songte-company-3.webp\" alt=\"F\u00f6retags\u00f6versikt 2\" \/><\/p>\n<p>F\u00f6rfattare: lyl<\/p>","protected":false},"excerpt":{"rendered":"<p>Boom Cylinder For Pushhm PZ330-8 Product Overview The Boom Cylinder for Pushhm PZ330-8 is a specialized hydraulic cylinder designed to control the movement of the bucket in various heavy machinery applications. These cylinders play a critical role in hydraulic systems, allowing for the lifting, lowering, and tilting of buckets, making them indispensable for material handling [&hellip;]<\/p>","protected":false},"featured_media":17868,"comment_status":"open","ping_status":"closed","template":"","meta":{"_et_pb_use_builder":"","_et_pb_old_content":"","_et_gb_content_width":""},"product_brand":[],"product_cat":[1546],"product_tag":[1547,1496],"class_list":{"0":"post-19545","1":"product","2":"type-product","3":"status-publish","4":"has-post-thumbnail","6":"product_cat-boom-cylinders","7":"product_tag-boom-cylinders","8":"product_tag-hydraulic-cylinders","10":"first","11":"instock","12":"shipping-taxable","13":"product-type-simple"},"amp_enabled":true,"_links":{"self":[{"href":"https:\/\/www.hydraulic-cylinders.net\/sv\/wp-json\/wp\/v2\/product\/19545","targetHints":{"allow":["GET"]}}],"collection":[{"href":"https:\/\/www.hydraulic-cylinders.net\/sv\/wp-json\/wp\/v2\/product"}],"about":[{"href":"https:\/\/www.hydraulic-cylinders.net\/sv\/wp-json\/wp\/v2\/types\/product"}],"replies":[{"embeddable":true,"href":"https:\/\/www.hydraulic-cylinders.net\/sv\/wp-json\/wp\/v2\/comments?post=19545"}],"wp:featuredmedia":[{"embeddable":true,"href":"https:\/\/www.hydraulic-cylinders.net\/sv\/wp-json\/wp\/v2\/media\/17868"}],"wp:attachment":[{"href":"https:\/\/www.hydraulic-cylinders.net\/sv\/wp-json\/wp\/v2\/media?parent=19545"}],"wp:term":[{"taxonomy":"product_brand","embeddable":true,"href":"https:\/\/www.hydraulic-cylinders.net\/sv\/wp-json\/wp\/v2\/product_brand?post=19545"},{"taxonomy":"product_cat","embeddable":true,"href":"https:\/\/www.hydraulic-cylinders.net\/sv\/wp-json\/wp\/v2\/product_cat?post=19545"},{"taxonomy":"product_tag","embeddable":true,"href":"https:\/\/www.hydraulic-cylinders.net\/sv\/wp-json\/wp\/v2\/product_tag?post=19545"}],"curies":[{"name":"wp","href":"https:\/\/api.w.org\/{rel}","templated":true}]}}