{"id":19548,"date":"2025-04-07T06:53:57","date_gmt":"2025-04-07T06:53:57","guid":{"rendered":"https:\/\/www.hydraulic-cylinders.net\/product\/boom-cylinder-for-nante-nt20\/"},"modified":"2025-04-07T06:54:00","modified_gmt":"2025-04-07T06:54:00","slug":"boom-cylinder-for-nante-nt20","status":"publish","type":"product","link":"https:\/\/www.hydraulic-cylinders.net\/sv\/produkt\/boom-cylinder-for-nante-nt20\/","title":{"rendered":"Bomcylinder f\u00f6r Nante NT20"},"content":{"rendered":"<h1>Bomcylinder f\u00f6r Nante NT20<\/h1>\n<h2>Introduktion till bomcylinder<\/h2>\n<p>Bomcylindern, speciellt utformad f\u00f6r Nante NT20, \u00e4r \u200b\u200ben kritisk komponent i hydraulsystem. Denna hydraulcylinder \u00e4r specialiserad f\u00f6r att styra r\u00f6relsen hos skopor i olika tunga maskiner, inklusive gr\u00e4vmaskiner, gr\u00e4vlastare och frontlastare. Den g\u00f6r att skopan kan lyftas, s\u00e4nkas och lutas, vilket underl\u00e4ttar materialhanteringsuppgifter effektivt. Skopcylindern \u00e4r ett hydrauliskt st\u00e4lldon som omvandlar hydraulisk energi till mekanisk r\u00f6relse, vilket \u00e4r avg\u00f6rande f\u00f6r att utf\u00f6ra flera operationer i tunga applikationer.<\/p>\n<p><img decoding=\"async\" src=\"https:\/\/www.hydraulic-cylinders.net\/wp-content\/uploads\/2025\/04\/songte-company-1.webp\" alt=\"Bomcylinder\"><\/p>\n<h2>Funktioner hos bomcylindern<\/h2>\n<ul>\n<li><strong>H\u00f6g styrka och h\u00e5llbarhet:<\/strong> Dessa cylindrar, som vanligtvis \u00e4r tillverkade av h\u00f6gh\u00e5llfast st\u00e5l eller aluminium, t\u00e5l h\u00f6ga tryck och tunga belastningar, vilket g\u00f6r dem l\u00e4mpliga f\u00f6r tuffa arbetsmilj\u00f6er. Konstruktionen tar \u00e4ven h\u00e4nsyn till slitstyrka och korrosionsbest\u00e4ndighet, vilket avsev\u00e4rt f\u00f6rl\u00e4nger deras livsl\u00e4ngd.<\/li>\n<li><strong>Effektiv hydraulisk drift:<\/strong> Genom att utnyttja hydrauloljetrycket ger cylindern smidig ut- och indragning, vilket m\u00f6jligg\u00f6r snabba svar p\u00e5 styrkommandon och levererar kraftfulla tryck- och dragkrafter. Detta \u00e4r idealiskt f\u00f6r hantering av tunga material och komplexa driftsuppgifter.<\/li>\n<li><strong>Olika typer:<\/strong> Finns i enkelverkande (i en riktning) eller dubbelverkande (i b\u00e5da riktningarna) konfigurationer, vilket m\u00f6jligg\u00f6r anpassning efter operativa behov. Vissa modeller har teleskopiska konstruktioner, vilket m\u00f6jligg\u00f6r st\u00f6rre utbyggnad utan att \u00f6ka de yttre m\u00e5tten, perfekt f\u00f6r utrymmesbegr\u00e4nsade till\u00e4mpningar.<\/li>\n<li><strong>Precisionsteknik:<\/strong> Tillverkad med h\u00f6g precision f\u00f6r att s\u00e4kerst\u00e4lla effektiv drift och l\u00e5ng livsl\u00e4ngd, inneh\u00e5ller designen avancerade ingenj\u00f6rstekniker f\u00f6r optimal prestanda.<\/li>\n<li><strong>Anpassningsbara alternativ:<\/strong> Vi kan tillverka denna produkt skr\u00e4ddarsydd efter dina specifika krav och erbjuder perfekta ers\u00e4ttningar f\u00f6r olika hydraulcylindrar.<\/li>\n<\/ul>\n<p><img decoding=\"async\" src=\"https:\/\/www.hydraulic-cylinders.net\/wp-content\/uploads\/2025\/04\/songte-cylinder-head-with-all-kinds-excavator-models.webp\" alt=\"Hydrauliska cylindertyper\"><\/p>\n<h2>Till\u00e4mpningar av bomcylinder<\/h2>\n<h3>Byggutrustning<\/h3>\n<p>I gr\u00e4vmaskiner \u00e4r bomcylindrar viktiga f\u00f6r att gr\u00e4va, lasta och flytta jord eller skr\u00e4p. De g\u00f6r att skopan kan tr\u00e4nga ner i jorden effektivt, vilket \u00e4r avg\u00f6rande f\u00f6r gr\u00e4varbeten. I gr\u00e4vlastare hj\u00e4lper bomcylindern till med b\u00e5de gr\u00e4vning och lyftning, vilket g\u00f6r den till ett multifunktionellt verktyg i byggarbetsmilj\u00f6er.<\/p>\n<h3>Jordbruksmaskiner<\/h3>\n<p>Frontlastare anv\u00e4nder bomcylindrar f\u00f6r att skopa, lyfta och transportera jord, h\u00f6 och andra material. Deras m\u00e5ngsidighet g\u00f6r dem viktiga f\u00f6r en rad olika jordbruksapplikationer och hj\u00e4lper jordbrukare att hantera sina uppgifter effektivt.<\/p>\n<h3>Gr\u00e4vmaskiner<\/h3>\n<p>I gr\u00e4vmaskiner underl\u00e4ttar skopcylindern gr\u00e4vningen genom att l\u00e5ta skopan tr\u00e4nga ner i marken. Denna f\u00f6rm\u00e5ga \u00e4r avg\u00f6rande f\u00f6r olika projekt, inklusive markr\u00f6jning, hyvling och schaktning, vilket g\u00f6r bomcylindern till en oumb\u00e4rlig del av gr\u00e4vmaskinens drift.<\/p>\n<h3>Lastare<\/h3>\n<p>Hos frontlastare bidrar bomcylindrar till effektiv lyftning och lossning av material. De ger den kraft som kr\u00e4vs f\u00f6r att lyfta tunga laster, vilket \u00e4r avg\u00f6rande f\u00f6r byggnation, landskapsarkitektur och andra tunga uppgifter.<\/p>\n<h2>Design\u00f6verv\u00e4ganden och urvalskriterier<\/h2>\n<h3>Lastkapacitet<\/h3>\n<p>N\u00e4r man v\u00e4ljer en bomcylinder \u00e4r en av de viktigaste faktorerna dess lastkapacitet. Cylindern m\u00e5ste kunna hantera den maximala vikt den kommer att uts\u00e4ttas f\u00f6r under drift. Detta inneb\u00e4r att f\u00f6rst\u00e5 arbetsmilj\u00f6n, vilken typ av maskineri den kommer att f\u00e4stas p\u00e5 och de specifika uppgifter den ska utf\u00f6ra. Om man inte v\u00e4ljer en cylinder med l\u00e4mplig lastkapacitet kan det leda till mekaniskt fel och potentiellt farliga situationer. Korrekta tekniska ber\u00e4kningar och tester \u00e4r avg\u00f6rande f\u00f6r att s\u00e4kerst\u00e4lla att cylindern uppfyller alla driftskrav, vilket f\u00f6rb\u00e4ttrar s\u00e4kerhet och prestanda.<\/p>\n<h3>T\u00e4tningsmekanismer<\/h3>\n<p>Effektiv t\u00e4tning \u00e4r avg\u00f6rande f\u00f6r att bibeh\u00e5lla hydraulsystemens integritet. Valet av t\u00e4tningar \u2013 inklusive kolvt\u00e4tningar, kolvst\u00e5ngst\u00e4tningar och andra \u2013 avg\u00f6r cylinderns f\u00f6rm\u00e5ga att f\u00f6rhindra l\u00e4ckage av hydraulv\u00e4tska. H\u00f6gkvalitativa t\u00e4tningar tillverkade av slitstarka material som polyuretan eller nitrilgummi \u00e4r avg\u00f6rande f\u00f6r att s\u00e4kerst\u00e4lla livsl\u00e4ngd och prestanda. Dessutom m\u00e5ste ytfinishen p\u00e5 cylinderhuset och de g\u00e4ngade \u00e4ndarna vara noggrant utformad f\u00f6r att f\u00f6rb\u00e4ttra slitstyrkan och minska risken f\u00f6r l\u00e4ckage. Regelbundet underh\u00e5ll och inspektion av dessa t\u00e4tningar \u00e4r avg\u00f6rande f\u00f6r att s\u00e4kerst\u00e4lla att hydraulsystemet fungerar effektivt.<\/p>\n<h3>H\u00e5llbarhet och underh\u00e5ll<\/h3>\n<p>H\u00e5llbarhet \u00e4r en viktig aspekt n\u00e4r man v\u00e4ljer en bomcylinder. Driftsmilj\u00f6n kan vara tuff med exponering f\u00f6r damm, fukt och extrema temperaturer. D\u00e4rf\u00f6r \u00e4r det viktigt att v\u00e4lja material som t\u00e5l dessa f\u00f6rh\u00e5llanden. Regelbundna underh\u00e5llsrutiner, inklusive inspektioner och snabba utbyten av slitna komponenter, spelar en viktig roll f\u00f6r att f\u00f6rl\u00e4nga cylinderns livsl\u00e4ngd. Att s\u00e4kerst\u00e4lla att underh\u00e5llsscheman f\u00f6ljs f\u00f6rhindrar ov\u00e4ntade fel och kostsamma driftstopp, vilket i slut\u00e4ndan bidrar till effektiviteten hos de maskiner den st\u00f6der.<\/p>\n<p><img decoding=\"async\" src=\"https:\/\/www.hydraulic-cylinders.net\/wp-content\/uploads\/2025\/04\/songte-oil-pipes-and-spare-parts.webp\" alt=\"Hydrauliska cylinderdelar\"><\/p>\n<h2>T\u00e4tning och sm\u00f6rjning<\/h2>\n<p>T\u00e4tning och sm\u00f6rjning av bomcylindrar \u00e4r avg\u00f6rande f\u00f6r deras prestanda och livsl\u00e4ngd. Olika t\u00e4tningar, s\u00e5som kolvt\u00e4tningar och kolvst\u00e5ngst\u00e4tningar, \u00e4r utformade f\u00f6r att bibeh\u00e5lla hydraulsystemets integritet. Det \u00e4r viktigt att v\u00e4lja t\u00e4tningar tillverkade av slitstarka material som polyuretan och nitrilgummi f\u00f6r att f\u00f6rb\u00e4ttra h\u00e5llbarheten. Dessutom b\u00f6r cylinderhuset och de g\u00e4ngade \u00e4ndarna genomg\u00e5 finbearbetning f\u00f6r att f\u00f6rb\u00e4ttra slitstyrkan, vilket s\u00e4kerst\u00e4ller att t\u00e4tningarna fungerar effektivt \u00f6ver tid. Regelbunden sm\u00f6rjning med l\u00e4mplig hydraulolja \u00e4r n\u00f6dv\u00e4ndig f\u00f6r att minimera friktion, minska slitage och f\u00f6rhindra skador. Sm\u00f6rjrutiner b\u00f6r inkludera \u00f6vervakning av oljeniv\u00e5erna och byte av olja vid rekommenderade intervall f\u00f6r att s\u00e4kerst\u00e4lla optimal prestanda.<\/p>\n<h2>Regelbundna inspektioner och f\u00f6rebyggande underh\u00e5ll<\/h2>\n<ul>\n<li><strong>Schemalagda inspektioner:<\/strong> Rutinm\u00e4ssiga inspektioner av hydraulcylindrar b\u00f6r utf\u00f6ras f\u00f6r att identifiera tecken p\u00e5 slitage, l\u00e4ckor eller skador. Regelbundna kontroller kan hj\u00e4lpa till att uppt\u00e4cka potentiella problem innan de leder till allvarliga fel.<\/li>\n<li><strong>Sm\u00f6rjningsrutiner:<\/strong> Det \u00e4r viktigt att bibeh\u00e5lla r\u00e4tt sm\u00f6rjniv\u00e5 enligt tillverkarens anvisningar. Tillr\u00e4cklig sm\u00f6rjning minskar friktionen och f\u00f6rl\u00e4nger cylinderns livsl\u00e4ngd.<\/li>\n<li><strong>Byte av t\u00e4tning:<\/strong> T\u00e4tningar b\u00f6r inspekteras regelbundet f\u00f6r tecken p\u00e5 slitage och bytas ut vid behov. Detta \u00e4r avg\u00f6rande f\u00f6r att bibeh\u00e5lla hydraulisk integritet och s\u00e4kerst\u00e4lla effektiv drift.<\/li>\n<\/ul>\n<h2>Installationsriktlinjer<\/h2>\n<p>Korrekt installation av bomcylindrar \u00e4r avg\u00f6rande f\u00f6r optimal prestanda och s\u00e4kerhet. B\u00f6rja med att se till att monteringsytorna \u00e4r rena och fria fr\u00e5n skr\u00e4p. Rikta in cylindern korrekt i f\u00f6rh\u00e5llande till maskineriet f\u00f6r att undvika problem med feljustering, vilket kan orsaka on\u00f6digt slitage. Anv\u00e4nd l\u00e4mpliga monteringsf\u00e4sten f\u00f6r att s\u00e4kra cylindern p\u00e5 plats och se till att den \u00e4r ordentligt fastsatt utan \u00f6verdriven kraft. F\u00f6lj tillverkarens riktlinjer f\u00f6r \u00e5tdragningsmomentspecifikationer vid \u00e5tdragning av bultar. Efter installationen, utf\u00f6r en noggrann inspektion f\u00f6r att s\u00e4kerst\u00e4lla att allt \u00e4r korrekt placerat och fungerar. Att testa systemet under kontrollerade f\u00f6rh\u00e5llanden kan hj\u00e4lpa till att identifiera eventuella problem tidigt.<\/p>\n<h2>Underh\u00e5llsuppgifter<\/h2>\n<h3>Regelbundna inspektioner<\/h3>\n<p>Att utf\u00f6ra regelbundna inspektioner \u00e4r avg\u00f6rande f\u00f6r tidig uppt\u00e4ckt av problem. Leta efter l\u00e4ckor, ovanliga ljud eller tecken p\u00e5 slitage. Dessa inspektioner b\u00f6r vara systematiska och dokumenterade f\u00f6r att sp\u00e5ra cylinderns skick \u00f6ver tid.<\/p>\n<h3>L\u00e4mplig sm\u00f6rjning<\/h3>\n<p>S\u00e4kerst\u00e4ll att cylindern \u00e4r tillr\u00e4ckligt smord enligt tillverkarens specifikationer. Detta inkluderar att anv\u00e4nda r\u00e4tt typ av hydraulolja och applicera den med angivna intervall f\u00f6r att h\u00e5lla t\u00e4tningar och r\u00f6rliga delar i gott skick.<\/p>\n<h3>T\u00e4tningsbyte och kalibreringskontroller<\/h3>\n<p>Kontrollera regelbundet t\u00e4tningarna f\u00f6r slitage och byt ut dem vid behov. Kalibreringskontroller b\u00f6r ocks\u00e5 utf\u00f6ras regelbundet f\u00f6r att s\u00e4kerst\u00e4lla att cylindern fungerar inom sina avsedda specifikationer. Detta \u00e4r avg\u00f6rande f\u00f6r att bibeh\u00e5lla prestandan och f\u00f6rhindra haverier.<\/p>\n<p><img decoding=\"async\" src=\"https:\/\/www.hydraulic-cylinders.net\/wp-content\/uploads\/2025\/04\/songte-chushion-collar.webp\" alt=\"Cylinderinstallation\"><\/p>\n<h2>S\u00e4kerhetsaspekter och milj\u00f6faktorer<\/h2>\n<p>Vid anv\u00e4ndning av bomcylindrar \u00e4r det viktigt att prioritera s\u00e4kerhets\u00e5tg\u00e4rder. Detta inkluderar att f\u00f6rst\u00e5 de potentiella riskerna som \u00e4r f\u00f6rknippade med hydrauliska system och implementera strategier f\u00f6r att mildra dem. Se till att operat\u00f6rer \u00e4r utbildade f\u00f6r att k\u00e4nna igen faror, anv\u00e4nda korrekt skyddsutrustning och f\u00f6lja etablerade s\u00e4kerhetsprotokoll. Dessutom b\u00f6r milj\u00f6h\u00e4nsyn beaktas, s\u00e5som korrekt hantering av hydraulv\u00e4tskor och minimering av l\u00e4ckor f\u00f6r att skydda omgivande ekosystem. Att betona s\u00e4kerhet och milj\u00f6ansvar kan avsev\u00e4rt p\u00e5verka den totala effektiviteten och h\u00e5llbarheten hos hydrauliska operationer.<\/p>\n<h2>Fels\u00f6kning och vanliga problem<\/h2>\n<ul>\n<li><strong>L\u00e4ckage:<\/strong> Om det finns ett m\u00e4rkbart l\u00e4ckage kan det tyda p\u00e5 slitna t\u00e4tningar eller skadade komponenter. Inspektion och byte av t\u00e4tningar kan vara n\u00f6dv\u00e4ndigt f\u00f6r att l\u00f6sa problemet.<\/li>\n<li><strong>L\u00e5ngsam drift:<\/strong> Om cylindern g\u00e5r l\u00e5ngsamt kan det bero p\u00e5 l\u00e5ga hydraulv\u00e4tskeniv\u00e5er eller luft i systemet. Kontrollera v\u00e4tskeniv\u00e5erna och lufta systemet f\u00f6r att s\u00e4kerst\u00e4lla effektiv drift.<\/li>\n<li><strong>Ovanliga ljud:<\/strong> Ovanliga ljud under drift kan tyda p\u00e5 mekaniskt fel eller otillr\u00e4cklig sm\u00f6rjning. Kontrollera cylindern f\u00f6r eventuella skador och se till att tillr\u00e4cklig sm\u00f6rjning bibeh\u00e5lls.<\/li>\n<\/ul>\n<h2>Tips f\u00f6r probleml\u00f6sning<\/h2>\n<p>Vid diagnostisering av problem med bomcylindrar \u00e4r det viktigt att anv\u00e4nda en systematisk metod. B\u00f6rja med att kontrollera v\u00e4tskeniv\u00e5erna och se till att systemet \u00e4r fritt fr\u00e5n luft. Regelbundna underh\u00e5llsrutiner, s\u00e5som snabba t\u00e4tningsbyten och sm\u00f6rjning, kan bidra till att f\u00f6rhindra m\u00e5nga vanliga problem. Att f\u00f6ra en detaljerad underh\u00e5llslogg kan ocks\u00e5 hj\u00e4lpa till att identifiera m\u00f6nster eller \u00e5terkommande problem, vilket m\u00f6jligg\u00f6r mer effektiva f\u00f6rebyggande \u00e5tg\u00e4rder.<\/p>\n<p><img decoding=\"async\" src=\"https:\/\/www.hydraulic-cylinders.net\/wp-content\/uploads\/2025\/04\/songte-bushings-with-all-kinds-of-excavator-models.webp\" alt=\"Fels\u00f6kning av bomcylinder\"><\/p>\n<h2>F\u00f6retags\u00f6versikt<\/h2>\n<p>Vi \u00e4r en ledande tillverkare och grossistdistribut\u00f6r av hydraulcylindrar f\u00f6r reservdelar och betj\u00e4nar b\u00e5de inhemska och internationella marknader. V\u00e5rt omfattande produktsortiment har etablerat oss som en av de ledande tillverkarna i branschen. Vi fokuserar p\u00e5 h\u00f6gsta kvalitet och anv\u00e4nder en f\u00f6rfinad tillverkningsverkstad med en industriell produktionshanteringsstrategi. V\u00e5rt f\u00f6retag f\u00f6rb\u00e4ttrar kontinuerligt v\u00e5r tillverkningsplattform genom integration av teknisk talang, avancerad digital tillverkningsutrustning och professionella testsystem. Detta engagemang har lett till att vi bygger upp starka kreativa f\u00f6rm\u00e5gor, vilket s\u00e4kerst\u00e4ller att vi m\u00f6ter olika kunders behov med h\u00f6g effektivitet, noggrannhet och kvalitet.<\/p>\n<p><img decoding=\"async\" src=\"https:\/\/www.hydraulic-cylinders.net\/wp-content\/uploads\/2025\/04\/songte-company-4.webp\" alt=\"F\u00f6retagstillverkning\"><br \/>\n<img decoding=\"async\" src=\"https:\/\/www.hydraulic-cylinders.net\/wp-content\/uploads\/2025\/04\/songte-company-3.webp\" alt=\"F\u00f6retagets produktionsanl\u00e4ggning\"><\/p>\n<h2>Slutsats<\/h2>\n<p>Sammanfattningsvis \u00e4r bomcylindern f\u00f6r Nante NT20 en viktig komponent i olika hydrauliska applikationer och erbjuder robust och effektiv prestanda. Att f\u00f6rst\u00e5 dess funktioner, till\u00e4mpningar och underh\u00e5llskrav s\u00e4kerst\u00e4ller optimal drift och livsl\u00e4ngd. V\u00e5rt f\u00f6retag st\u00e5r redo att tillhandah\u00e5lla h\u00f6gkvalitativa hydrauliska l\u00f6sningar f\u00f6r att m\u00f6ta dina specifika behov.<\/p>\n<p>F\u00f6rfattare: lyl<\/p>","protected":false},"excerpt":{"rendered":"<p>Boom Cylinder For Nante NT20 Introduction to Boom Cylinder The Boom Cylinder, specifically designed for the Nante NT20, is a critical component in hydraulic systems. This hydraulic cylinder is specialized for controlling the movement of buckets in various heavy machinery, including excavators, backhoe loaders, and front-end loaders. It enables the bucket to lift, lower, and [&hellip;]<\/p>","protected":false},"featured_media":17871,"comment_status":"open","ping_status":"closed","template":"","meta":{"_et_pb_use_builder":"","_et_pb_old_content":"","_et_gb_content_width":""},"product_brand":[],"product_cat":[1546],"product_tag":[1547,1496],"class_list":{"0":"post-19548","1":"product","2":"type-product","3":"status-publish","4":"has-post-thumbnail","6":"product_cat-boom-cylinders","7":"product_tag-boom-cylinders","8":"product_tag-hydraulic-cylinders","10":"first","11":"instock","12":"shipping-taxable","13":"product-type-simple"},"amp_enabled":true,"_links":{"self":[{"href":"https:\/\/www.hydraulic-cylinders.net\/sv\/wp-json\/wp\/v2\/product\/19548","targetHints":{"allow":["GET"]}}],"collection":[{"href":"https:\/\/www.hydraulic-cylinders.net\/sv\/wp-json\/wp\/v2\/product"}],"about":[{"href":"https:\/\/www.hydraulic-cylinders.net\/sv\/wp-json\/wp\/v2\/types\/product"}],"replies":[{"embeddable":true,"href":"https:\/\/www.hydraulic-cylinders.net\/sv\/wp-json\/wp\/v2\/comments?post=19548"}],"wp:featuredmedia":[{"embeddable":true,"href":"https:\/\/www.hydraulic-cylinders.net\/sv\/wp-json\/wp\/v2\/media\/17871"}],"wp:attachment":[{"href":"https:\/\/www.hydraulic-cylinders.net\/sv\/wp-json\/wp\/v2\/media?parent=19548"}],"wp:term":[{"taxonomy":"product_brand","embeddable":true,"href":"https:\/\/www.hydraulic-cylinders.net\/sv\/wp-json\/wp\/v2\/product_brand?post=19548"},{"taxonomy":"product_cat","embeddable":true,"href":"https:\/\/www.hydraulic-cylinders.net\/sv\/wp-json\/wp\/v2\/product_cat?post=19548"},{"taxonomy":"product_tag","embeddable":true,"href":"https:\/\/www.hydraulic-cylinders.net\/sv\/wp-json\/wp\/v2\/product_tag?post=19548"}],"curies":[{"name":"wp","href":"https:\/\/api.w.org\/{rel}","templated":true}]}}