{"id":19554,"date":"2025-04-07T06:54:13","date_gmt":"2025-04-07T06:54:13","guid":{"rendered":"https:\/\/www.hydraulic-cylinders.net\/product\/boom-cylinder-for-yanmar-sv08-1a\/"},"modified":"2025-04-07T06:54:16","modified_gmt":"2025-04-07T06:54:16","slug":"boom-cylinder-for-yanmar-sv08-1a","status":"publish","type":"product","link":"https:\/\/www.hydraulic-cylinders.net\/sv\/produkt\/boom-cylinder-for-yanmar-sv08-1a\/","title":{"rendered":"Bomcylinder f\u00f6r Yanmar SV08-1A"},"content":{"rendered":"<h1>Bomcylinder f\u00f6r Yanmar SV08-1A<\/h1>\n<h2>Produkt\u00f6versikt<\/h2>\n<p>Bomcylindern f\u00f6r Yanmar SV08-1A \u00e4r en specialiserad hydraulcylinder som \u00e4r utformad f\u00f6r att styra r\u00f6relsen hos bomsektionen p\u00e5 maskiner, s\u00e4rskilt i gr\u00e4vmaskiner och annan tung utrustning. Denna hydraulcylinder \u00e4r avg\u00f6rande f\u00f6r olika operationer och m\u00f6jligg\u00f6r lyftning, s\u00e4nkning och lutning av bommen, vilket f\u00f6rb\u00e4ttrar materialhanteringsuppgifter.<\/p>\n<p><img decoding=\"async\" src=\"https:\/\/www.hydraulic-cylinders.net\/wp-content\/uploads\/2025\/04\/songte-company-1.webp\" alt=\"Bild av bomcylinder\"><\/p>\n<h3>Definition av skopcylinder<\/h3>\n<p>En skopcylinder \u00e4r en typ av hydraulcylinder som \u00e4r speciellt konstruerad f\u00f6r att hantera r\u00f6relsen av skopor i tunga maskiner som gr\u00e4vmaskiner, gr\u00e4vmaskiner och frontlastare. Dess prim\u00e4ra funktion \u00e4r att underl\u00e4tta lyft-, s\u00e4nk- och tiltningsr\u00f6relser, vilka \u00e4r avg\u00f6rande f\u00f6r effektiv materiallastning och transport. Dessa cylindrar spelar en viktig roll i hydraulsystem, d\u00e4r de anv\u00e4nder hydraulv\u00e4tsketryck f\u00f6r att skapa den kraft som kr\u00e4vs f\u00f6r att utf\u00f6ra tunga lyftuppgifter.<\/p>\n<h2>Funktioner hos bomcylindern<\/h2>\n<ul>\n<li><strong>H\u00f6g styrka och h\u00e5llbarhet:<\/strong> Dessa cylindrar \u00e4r tillverkade av h\u00f6gh\u00e5llfast st\u00e5l eller aluminium och \u00e4r konstruerade f\u00f6r att motst\u00e5 h\u00f6ga tryck och tunga belastningar, vilket g\u00f6r dem l\u00e4mpliga f\u00f6r tuffa arbetsmilj\u00f6er.<\/li>\n<li><strong>Effektiv hydraulisk drift:<\/strong> Cylindern arbetar smidigt genom hydrauloljans tryck, vilket m\u00f6jligg\u00f6r snabb respons p\u00e5 styrkommandon samtidigt som den ger kraftfulla tryck- och dragfunktioner som \u00e4r idealiska f\u00f6r hantering av tunga och komplexa uppgifter.<\/li>\n<li><strong>Olika typer:<\/strong> Finns i enkelverkande (i en riktning) och dubbelverkande (i b\u00e5da riktningarna) konfigurationer, d\u00e4r vissa teleskopmodeller erbjuder st\u00f6rre f\u00f6rl\u00e4ngning utan att \u00f6ka de yttersta m\u00e5tten, perfekt f\u00f6r applikationer med begr\u00e4nsat utrymme.<\/li>\n<li><strong>Anpassad tillverkning:<\/strong> V\u00e5ra produkter kan perfekt ers\u00e4tta dessa hydraulcylindrar, vilket s\u00e4kerst\u00e4ller kompatibilitet och prestanda i din maskin.<\/li>\n<\/ul>\n<p><img decoding=\"async\" src=\"https:\/\/www.hydraulic-cylinders.net\/wp-content\/uploads\/2025\/04\/songte-cylinder-head-with-all-kinds-excavator-models.webp\" alt=\"Bild f\u00f6r cylinderbyte\"><\/p>\n<h2>Anv\u00e4ndningsomr\u00e5den f\u00f6r bomcylindern<\/h2>\n<h3>Byggutrustning<\/h3>\n<p>I gr\u00e4vmaskiner \u00e4r bomcylindern en integrerad del av arbetet f\u00f6r att gr\u00e4va, lasta och flytta jord eller skr\u00e4p. Dess design m\u00f6jligg\u00f6r exakt kontroll, vilket g\u00f6r det m\u00f6jligt f\u00f6r f\u00f6rare att utf\u00f6ra uppgifter effektivt och s\u00e4kert. I gr\u00e4vlastare f\u00f6rb\u00e4ttrar bomcylindern b\u00e5de gr\u00e4vkapacitet och lyftfunktioner, vilket g\u00f6r den till ett m\u00e5ngsidigt verktyg p\u00e5 byggarbetsplatser.<\/p>\n<h3>Jordbruksmaskiner<\/h3>\n<p>Bomcylindrar, som anv\u00e4nds i frontlastare, \u00e4r viktiga f\u00f6r att skopa, lyfta och transportera jord, h\u00f6 och andra material. De effektiviserar jordbruksverksamheten genom att m\u00f6jligg\u00f6ra snabb lastning och lossning, vilket g\u00f6r dem oumb\u00e4rliga inom jordbruksverksamhet.<\/p>\n<h3>Gr\u00e4vmaskiner<\/h3>\n<p>Bomcylindern i gr\u00e4vmaskiner underl\u00e4ttar gr\u00e4vning genom att skopan kan tr\u00e4nga ner i jorden effektivt. Dess robusta design s\u00e4kerst\u00e4ller att den kan hantera p\u00e5frestningarna fr\u00e5n gr\u00e4vningsarbeten, vilket f\u00f6rb\u00e4ttrar produktiviteten i alla gr\u00e4vprojekt.<\/p>\n<h3>Lastare<\/h3>\n<p>Hos frontlastare hj\u00e4lper bomcylindrar till att lyfta och dumpa laster effektivt. Deras f\u00f6rm\u00e5ga att hantera tunga vikter s\u00e4kert och effektivt g\u00f6r dem till en avg\u00f6rande komponent i materialhanteringsoperationer.<\/p>\n<h2>Design\u00f6verv\u00e4ganden och urvalskriterier<\/h2>\n<h3>Lastkapacitet<\/h3>\n<p>Bomcylinderns lastkapacitet \u00e4r avg\u00f6rande f\u00f6r att s\u00e4kerst\u00e4lla att den kan hantera den avsedda vikten utan risk f\u00f6r fel. Att v\u00e4lja en cylinder med l\u00e4mplig lastklassning \u00e4r avg\u00f6rande f\u00f6r att uppr\u00e4tth\u00e5lla s\u00e4kerhet och effektivitet under drift. Detta inneb\u00e4r att bed\u00f6ma vikten p\u00e5 de material som hanteras och f\u00f6rst\u00e5 arbetsf\u00f6rh\u00e5llandena.<\/p>\n<h3>T\u00e4tningsmekanismer<\/h3>\n<p>T\u00e4tning \u00e4r avg\u00f6rande f\u00f6r att f\u00f6rhindra l\u00e4ckage av hydraulv\u00e4tska och bibeh\u00e5lla systemtrycket. Ett h\u00f6gkvalitativt t\u00e4tningssystem tillverkat av material som polyuretan eller nitrilgummi kan s\u00e4kerst\u00e4lla l\u00e5ng livsl\u00e4ngd och prestanda. Korrekt t\u00e4tning bidrar till att bibeh\u00e5lla effektiviteten i hydrauliska operationer, vilket minskar underh\u00e5llskostnader och stillest\u00e5ndstid.<\/p>\n<h3>Varaktighet<\/h3>\n<p>H\u00e5llbarhet \u00e4r en nyckelfaktor eftersom bomcylindern arbetar under extrema f\u00f6rh\u00e5llanden. Den b\u00f6r konstrueras f\u00f6r att motst\u00e5 slitage och korrosion, vilket s\u00e4kerst\u00e4ller att den kan klara upprepade tunga uppgifter utan att f\u00f6rs\u00e4mras. Noggrannhet i materialval och tillverkningsprocesser bidrar avsev\u00e4rt till cylinderns totala livsl\u00e4ngd.<\/p>\n<h3>S\u00e4kerhetsfunktioner<\/h3>\n<p>Att integrera s\u00e4kerhetsfunktioner i konstruktionen av hydraulcylindrar \u00e4r viktigt. Detta inkluderar \u00f6verbelastningsskyddssystem som f\u00f6rhindrar att cylindern arbetar \u00f6ver sina gr\u00e4nser, samt s\u00e4kerhetsventiler som kan sl\u00e4ppa ut trycket vid funktionsfel. Dessa funktioner \u00e4r avg\u00f6rande f\u00f6r att s\u00e4kerst\u00e4lla operat\u00f6rens s\u00e4kerhet och f\u00f6rhindra skador p\u00e5 utrustningen.<\/p>\n<h3>Underh\u00e5lls\u00f6verv\u00e4ganden<\/h3>\n<p>Enkelt underh\u00e5ll \u00e4r en annan viktig designaspekt. En v\u00e4lkonstruerad bomcylinder b\u00f6r m\u00f6jligg\u00f6ra enkel \u00e5tkomst till alla komponenter f\u00f6r inspektion och reparationer. Regelbundna underh\u00e5llskontroller kan hj\u00e4lpa till att identifiera potentiella problem innan de blir allvarliga problem, vilket s\u00e4kerst\u00e4ller tillf\u00f6rlitlig drift \u00f6ver tid.<\/p>\n<p><img decoding=\"async\" src=\"https:\/\/www.hydraulic-cylinders.net\/wp-content\/uploads\/2025\/04\/songte-oil-pipes-and-spare-parts.webp\" alt=\"Bild av oljer\u00f6r och reservdelar\"><\/p>\n<h2>T\u00e4tning och sm\u00f6rjning<\/h2>\n<p>Effektiviteten hos ett hydraulsystem \u00e4r starkt beroende av dess t\u00e4tning och sm\u00f6rjning. Olika t\u00e4tningar, s\u00e5som kolvt\u00e4tningar och kolvst\u00e5ngst\u00e4tningar, anv\u00e4nds f\u00f6r att s\u00e4kerst\u00e4lla att hydraulv\u00e4tska inte l\u00e4cker. Att v\u00e4lja h\u00e5llbara material f\u00f6r t\u00e4tningar, som polyuretan, bidrar till att f\u00f6rb\u00e4ttra slitstyrkan. Cylinderhuset och de g\u00e4ngade \u00e4ndarna b\u00f6r genomg\u00e5 finbearbetning f\u00f6r att f\u00f6rb\u00e4ttra h\u00e5llbarheten. Att regelbundet tills\u00e4tta l\u00e4mplig m\u00e4ngd hydraulv\u00e4tska f\u00f6r sm\u00f6rjning \u00e4r n\u00f6dv\u00e4ndigt f\u00f6r att bibeh\u00e5lla prestanda och f\u00f6rhindra slitage p\u00e5 r\u00f6rliga delar.<\/p>\n<h2>Regelbunden inspektion och f\u00f6rebyggande underh\u00e5ll<\/h2>\n<ul>\n<li><strong>Rutinkontroller:<\/strong> Att utf\u00f6ra regelbundna inspektioner hj\u00e4lper till att identifiera slitage tidigt. Leta efter tecken p\u00e5 l\u00e4ckor och kontrollera cylinderns \u00f6vergripande integritet.<\/li>\n<li><strong>Korrekt sm\u00f6rjning:<\/strong> Sm\u00f6rj cylindern regelbundet f\u00f6r att s\u00e4kerst\u00e4lla smidig drift och f\u00f6rhindra friktionsrelaterat slitage.<\/li>\n<li><strong>Byte av t\u00e4tning:<\/strong> Byt ut t\u00e4tningarna n\u00e4r tecken p\u00e5 skador eller slitage \u00e4r tydliga f\u00f6r att bibeh\u00e5lla hydraultrycket och f\u00f6rhindra l\u00e4ckage.<\/li>\n<\/ul>\n<h2>Installationsriktlinjer<\/h2>\n<p>Korrekt installation av bomcylindern \u00e4r avg\u00f6rande f\u00f6r optimal prestanda. Se till att cylindern \u00e4r korrekt inriktad med monteringspunkterna f\u00f6r att undvika on\u00f6dig belastning p\u00e5 komponenterna. Anv\u00e4nd l\u00e4mpliga monteringsf\u00e4sten f\u00f6r att s\u00e4kra cylindern p\u00e5 plats och f\u00f6rhindra r\u00f6relse under drift. Det \u00e4r viktigt att f\u00f6lja tillverkarens specifikationer f\u00f6r \u00e5tdragningsmoment vid \u00e5tdragning av bultar f\u00f6r att s\u00e4kerst\u00e4lla att alla komponenter \u00e4r ordentligt \u00e5tdragna. Efter installationen, utf\u00f6r en noggrann inspektion f\u00f6r att s\u00e4kerst\u00e4lla att alla anslutningar \u00e4r s\u00e4kra och att det inte finns n\u00e5gra l\u00e4ckor i hydraulsystemet.<\/p>\n<h2>Vanliga underh\u00e5llsuppgifter<\/h2>\n<ul>\n<li><strong>Regelbundna inspektioner:<\/strong> Utf\u00f6r visuella inspektioner f\u00f6r att kontrollera l\u00e4ckor, slitage och korrekt funktion. Denna uppgift hj\u00e4lper till att identifiera potentiella problem innan de eskalerar.<\/li>\n<li><strong>L\u00e4mplig sm\u00f6rjning:<\/strong> Regelbunden sm\u00f6rjning \u00e4r avg\u00f6rande f\u00f6r att bibeh\u00e5lla cylinderns funktion. Se till att du anv\u00e4nder rekommenderad hydraulolja och att du h\u00e5ller r\u00e4tt niv\u00e5er.<\/li>\n<li><strong>Byte och kalibrering av t\u00e4tning:<\/strong> Kontrollera regelbundet t\u00e4tningarna f\u00f6r slitage och byt ut dem vid behov. Kalibreringskontroller s\u00e4kerst\u00e4ller att cylindern fungerar korrekt och effektivt, vilket f\u00f6rhindrar driftsproblem.<\/li>\n<\/ul>\n<h2>S\u00e4kerhetsaspekter och milj\u00f6faktorer<\/h2>\n<p>Vid anv\u00e4ndning av hydraulcylindrar \u00e4r s\u00e4kerhets\u00e5tg\u00e4rder av st\u00f6rsta vikt. Operat\u00f6rer b\u00f6r b\u00e4ra l\u00e4mplig skyddsutrustning och f\u00f6lja s\u00e4kerhetsprotokoll f\u00f6r att minimera risken f\u00f6r olyckor. Milj\u00f6faktorer, s\u00e5som exponering f\u00f6r extrema temperaturer eller korrosiva material, b\u00f6r ocks\u00e5 beaktas vid val av hydraulcylindrar f\u00f6r att s\u00e4kerst\u00e4lla att de klarar driftsf\u00f6rh\u00e5llanden utan att fela.<\/p>\n<h2>Fels\u00f6kning och vanliga problem<\/h2>\n<p>Att identifiera fel i hydraulsystem kan vara utmanande. Vanliga problem inkluderar l\u00e4ckor, tr\u00f6g drift och \u00f6verdrivet buller. Varje problem kan ofta sp\u00e5ras tillbaka till slitage p\u00e5 t\u00e4tningar eller felaktig sm\u00f6rjning. Regelbundet underh\u00e5ll kan hj\u00e4lpa till att f\u00f6rhindra dessa problem innan de blir allvarliga problem.<\/p>\n<h2>Tips f\u00f6r felhantering<\/h2>\n<p>F\u00f6r att effektivt diagnostisera och l\u00f6sa problem, b\u00f6rja alltid med en grundlig inspektion av hydraulsystemet. Kontrollera f\u00f6rst l\u00e4ckor, eftersom de ofta \u00e4r det enklaste problemet att \u00e5tg\u00e4rda. Se till att alla komponenter \u00e4r tillr\u00e4ckligt smorda och att t\u00e4tningarna \u00e4r i gott skick. F\u00f6rebyggande \u00e5tg\u00e4rder, s\u00e5som rutinm\u00e4ssigt underh\u00e5ll och inspektioner, kan avsev\u00e4rt minska sannolikheten f\u00f6r att st\u00f6ta p\u00e5 allvarliga problem i framtiden.<\/p>\n<p><img decoding=\"async\" src=\"https:\/\/www.hydraulic-cylinders.net\/wp-content\/uploads\/2025\/04\/songte-bushings-with-all-kinds-of-excavator-models.webp\" alt=\"Bussningar Bild\"><\/p>\n<h2>F\u00f6retags\u00f6versikt<\/h2>\n<p>Vi \u00e4r en ledande tillverkare av hydraulcylindrar f\u00f6r reservdelar, v\u00e4lk\u00e4nda p\u00e5 b\u00e5de den inhemska och internationella marknaden. V\u00e5rt omfattande produktsortiment har etablerat oss som en av de ledande tillverkarna och grossisterna av hydraulcylindrar. Vi f\u00f6ljer excellens och anv\u00e4nder f\u00f6rfinade tillverkningsstrategier, inklusive avancerad digital utrustning och specialiserade testsystem, f\u00f6r att f\u00f6rb\u00e4ttra v\u00e5r produktionskapacitet. V\u00e5rt engagemang f\u00f6r kvalitet \u00e5terspeglas i v\u00e5ra effektiva, precisa och h\u00f6gkvalitativa produktionsprocesser som tillgodoser olika kunders behov.<\/p>\n<p><img decoding=\"async\" src=\"https:\/\/www.hydraulic-cylinders.net\/wp-content\/uploads\/2025\/04\/songte-company-4.webp\" alt=\"F\u00f6retagsbild\"><br \/>\n<img decoding=\"async\" src=\"https:\/\/www.hydraulic-cylinders.net\/wp-content\/uploads\/2025\/04\/songte-company-3.webp\" alt=\"F\u00f6retagsbild\"><\/p>\n<h2>Slutsats<\/h2>\n<p>V\u00e5r expertis inom tillverkning av hydraulcylindrar s\u00e4kerst\u00e4ller att vi tillhandah\u00e5ller produkter som uppfyller rigor\u00f6sa kvalitetsstandarder samtidigt som vi erbjuder skr\u00e4ddarsydda l\u00f6sningar anpassade efter v\u00e5ra kunders behov. Med fokus p\u00e5 professionell service, internationell certifiering och omfattande eftermarknadssupport framst\u00e5r v\u00e5rt f\u00f6retag som en p\u00e5litlig partner inom hydraulcylindrarbranschen.<\/p>\n<p>F\u00f6rfattare: lyl<\/p>","protected":false},"excerpt":{"rendered":"<p>Boom Cylinder For Yanmar SV08-1A Product Overview The Boom Cylinder for Yanmar SV08-1A is a specialized hydraulic cylinder designed to control the movement of the boom section of machinery, particularly in excavators and other heavy equipment. This hydraulic cylinder is crucial for various operations, allowing for lifting, lowering, and tilting of the boom, which enhances [&hellip;]<\/p>","protected":false},"featured_media":17877,"comment_status":"open","ping_status":"closed","template":"","meta":{"_et_pb_use_builder":"","_et_pb_old_content":"","_et_gb_content_width":""},"product_brand":[],"product_cat":[1546],"product_tag":[1547,1496],"class_list":{"0":"post-19554","1":"product","2":"type-product","3":"status-publish","4":"has-post-thumbnail","6":"product_cat-boom-cylinders","7":"product_tag-boom-cylinders","8":"product_tag-hydraulic-cylinders","10":"first","11":"instock","12":"shipping-taxable","13":"product-type-simple"},"amp_enabled":true,"_links":{"self":[{"href":"https:\/\/www.hydraulic-cylinders.net\/sv\/wp-json\/wp\/v2\/product\/19554","targetHints":{"allow":["GET"]}}],"collection":[{"href":"https:\/\/www.hydraulic-cylinders.net\/sv\/wp-json\/wp\/v2\/product"}],"about":[{"href":"https:\/\/www.hydraulic-cylinders.net\/sv\/wp-json\/wp\/v2\/types\/product"}],"replies":[{"embeddable":true,"href":"https:\/\/www.hydraulic-cylinders.net\/sv\/wp-json\/wp\/v2\/comments?post=19554"}],"wp:featuredmedia":[{"embeddable":true,"href":"https:\/\/www.hydraulic-cylinders.net\/sv\/wp-json\/wp\/v2\/media\/17877"}],"wp:attachment":[{"href":"https:\/\/www.hydraulic-cylinders.net\/sv\/wp-json\/wp\/v2\/media?parent=19554"}],"wp:term":[{"taxonomy":"product_brand","embeddable":true,"href":"https:\/\/www.hydraulic-cylinders.net\/sv\/wp-json\/wp\/v2\/product_brand?post=19554"},{"taxonomy":"product_cat","embeddable":true,"href":"https:\/\/www.hydraulic-cylinders.net\/sv\/wp-json\/wp\/v2\/product_cat?post=19554"},{"taxonomy":"product_tag","embeddable":true,"href":"https:\/\/www.hydraulic-cylinders.net\/sv\/wp-json\/wp\/v2\/product_tag?post=19554"}],"curies":[{"name":"wp","href":"https:\/\/api.w.org\/{rel}","templated":true}]}}