{"id":19558,"date":"2025-04-07T06:54:23","date_gmt":"2025-04-07T06:54:23","guid":{"rendered":"https:\/\/www.hydraulic-cylinders.net\/product\/boom-cylinder-for-yanmar-sv025-6\/"},"modified":"2025-04-07T06:54:25","modified_gmt":"2025-04-07T06:54:25","slug":"boom-cylinder-for-yanmar-sv025-6","status":"publish","type":"product","link":"https:\/\/www.hydraulic-cylinders.net\/sv\/produkt\/boom-cylinder-for-yanmar-sv025-6\/","title":{"rendered":"Bomcylinder f\u00f6r Yanmar SV025-6"},"content":{"rendered":"<h1>Bomcylinder f\u00f6r Yanmar SV025-6<\/h1>\n<h2>F\u00f6rst\u00e5 bomcylindern<\/h2>\n<p>Bomcylindern \u00e4r en viktig hydraulisk komponent, speciellt utformad f\u00f6r att styra r\u00f6relsen av skopor i tunga maskiner som gr\u00e4vmaskiner, gr\u00e4vlastare och frontlastare. Denna hydraulcylinder m\u00f6jligg\u00f6r lyft-, s\u00e4nk- och tiltningsr\u00f6relser, vilket underl\u00e4ttar materialhanteringsuppgifter effektivt.<\/p>\n<p>Bomcylindrar \u00e4r konstruerade f\u00f6r att klara de kr\u00e4vande f\u00f6rh\u00e5llandena p\u00e5 bygg- och gr\u00e4vplatser och spelar en avg\u00f6rande roll i hydrauliska system. Deras prim\u00e4ra funktion \u00e4r att omvandla hydraultryck till mekanisk kraft, vilket g\u00f6r det m\u00f6jligt f\u00f6r operat\u00f6rer att manipulera utrustning med precision. Genom att anv\u00e4nda hydraulolja som medium uppn\u00e5r dessa cylindrar mjuka och kontrollerade r\u00f6relser, vilket g\u00f6r dem oumb\u00e4rliga f\u00f6r operat\u00f6rer som hanterar tunga laster.<\/p>\n<p><img decoding=\"async\" src=\"https:\/\/www.hydraulic-cylinders.net\/wp-content\/uploads\/2025\/04\/songte-company-1.webp\" alt=\"Bomcylinder\" \/><\/p>\n<h2>Viktiga funktioner hos bomcylindern<\/h2>\n<ul>\n<li><strong>H\u00f6g styrka och h\u00e5llbarhet:<\/strong> Dessa cylindrar, som vanligtvis \u00e4r tillverkade av h\u00f6gh\u00e5llfast st\u00e5l eller aluminium, t\u00e5l h\u00f6gt tryck och tunga belastningar och anpassar sig v\u00e4l till tuffa arbetsmilj\u00f6er. Deras design betonar slitstyrka och korrosionsskydd, vilket f\u00f6rl\u00e4nger deras livsl\u00e4ngd.<\/li>\n<li><strong>Effektiv hydraulisk drift:<\/strong> Bomcylindern anv\u00e4nder hydrauliskt oljetryck f\u00f6r att underl\u00e4tta smidig ut- och ink\u00f6rning, vilket s\u00e4kerst\u00e4ller snabba svar p\u00e5 f\u00f6rarens kommandon och levererar robusta tryck- och dragkrafter f\u00f6r tunga uppgifter.<\/li>\n<li><strong>Olika typer:<\/strong> Bomcylindrar kan v\u00e4ljas i enkelverkande (hydraulisk kraft i en riktning) eller dubbelverkande (i b\u00e5da riktningarna) konfigurationer f\u00f6r att m\u00f6ta olika driftsbehov. Vissa modeller \u00e4r teleskopiska, vilket m\u00f6jligg\u00f6r st\u00f6rre utdrag utan att \u00f6ka de yttre m\u00e5tten, perfekt f\u00f6r utrymmesbegr\u00e4nsade till\u00e4mpningar.<\/li>\n<li><strong>Anpassad tillverkning:<\/strong> Vi specialiserar oss p\u00e5 att producera bomcylindrar som \u00e4r perfekta ers\u00e4ttare f\u00f6r andra hydraulcylindrar, vilket s\u00e4kerst\u00e4ller kompatibilitet och optimal prestanda.<\/li>\n<li><strong>M\u00e5ngsidiga till\u00e4mpningar:<\/strong> Dessa cylindrar \u00e4r konstruerade f\u00f6r en rad tunga maskiner, vilket g\u00f6r dem viktiga f\u00f6r flera industrier.<\/li>\n<\/ul>\n<p><img decoding=\"async\" src=\"https:\/\/www.hydraulic-cylinders.net\/wp-content\/uploads\/2025\/04\/songte-cylinder-head-with-all-kinds-excavator-models.webp\" alt=\"Gr\u00e4vmaskinsmodeller\" \/><\/p>\n<h2>Anv\u00e4ndningsomr\u00e5den f\u00f6r bomcylindern<\/h2>\n<h3>Byggutrustning<\/h3>\n<p>I gr\u00e4vmaskiner \u00e4r bomcylindrar avg\u00f6rande f\u00f6r gr\u00e4vning, lastning och f\u00f6rflyttning av jord eller skr\u00e4p. De ger den kraft som kr\u00e4vs f\u00f6r att s\u00e4nka och h\u00f6ja skopan, vilket g\u00f6r att f\u00f6rarna kan utf\u00f6ra uppgifter effektivt. I gr\u00e4vlastare hj\u00e4lper dessa cylindrar inte bara till med gr\u00e4vning utan \u00e4ven med att lyfta material, vilket visar p\u00e5 deras m\u00e5ngsidighet i bygguppgifter.<\/p>\n<h3>Jordbruksmaskiner<\/h3>\n<p>I frontlastare anv\u00e4nds bomcylindrar f\u00f6r att skopa, lyfta och transportera jord, h\u00f6 och andra material. Deras robusta design hj\u00e4lper lantbrukare att hantera tunga laster, vilket f\u00f6rb\u00e4ttrar produktiviteten och effektiviteten p\u00e5 g\u00e5rden. Bomcylindrarnas smidiga drift s\u00e4kerst\u00e4ller att maskineriet kan utf\u00f6ra olika uppgifter utan avbrott.<\/p>\n<h3>Gr\u00e4vmaskiner<\/h3>\n<p>I gr\u00e4vmaskiner g\u00f6r bomcylindern att skopan kan tr\u00e4nga ner i jorden effektivt, vilket s\u00e4kerst\u00e4ller effektiv gr\u00e4vning. Denna funktion \u00e4r avg\u00f6rande f\u00f6r gr\u00e4vprojekt d\u00e4r precision och kraft kr\u00e4vs f\u00f6r att flytta stora volymer material snabbt och s\u00e4kert.<\/p>\n<h3>Lastare<\/h3>\n<p>P\u00e5 frontlastare underl\u00e4ttar bomcylindrar effektiv lyftning och t\u00f6mning av laster. De g\u00f6r det m\u00f6jligt f\u00f6r f\u00f6rare att h\u00f6ja skopan f\u00f6r att t\u00f6mma material p\u00e5 h\u00f6g h\u00f6jd, vilket f\u00f6rb\u00e4ttrar arbetsfl\u00f6det och minskar arbetstiden p\u00e5 plats.<\/p>\n<h2>Design\u00f6verv\u00e4ganden och urvalskriterier<\/h2>\n<h3>Lastkapacitet<\/h3>\n<p>N\u00e4r man v\u00e4ljer en bomcylinder \u00e4r det avg\u00f6rande att f\u00f6rst\u00e5 lastkapaciteten. Detta avser den maximala vikt som cylindern kan hantera samtidigt som driftseffektiviteten bibeh\u00e5lls. Lastkapaciteten best\u00e4ms av faktorer som cylinderstorlek, materialstyrka och hydrauliska tryckgr\u00e4nser. Det \u00e4r viktigt att v\u00e4lja en cylinder med tillr\u00e4cklig lastkapacitet som inte bara uppfyller driftskraven utan ocks\u00e5 s\u00e4kerst\u00e4ller s\u00e4kerhet under anv\u00e4ndning.<\/p>\n<h3>T\u00e4tningsintegritet<\/h3>\n<p>T\u00e4tning spelar en viktig roll f\u00f6r hydraulcylindrars prestanda. R\u00e4tt t\u00e4tningar f\u00f6rhindrar l\u00e4ckage av hydraulv\u00e4tska, vilket kan leda till minskad effektivitet och potentiella skador p\u00e5 maskineriet. T\u00e4tningar m\u00e5ste vara tillverkade av h\u00e5llbara material som t\u00e5l extrema temperaturer och tryckvariationer. Korrekt t\u00e4tning s\u00e4kerst\u00e4ller l\u00e4ngre livsl\u00e4ngd och f\u00f6rb\u00e4ttrad tillf\u00f6rlitlighet hos cylindern.<\/p>\n<h3>Varaktighet<\/h3>\n<p>H\u00e5llbarhet \u00e4r en avg\u00f6rande faktor vid konstruktion av hydraulcylindrar. Materialen som anv\u00e4nds i konstruktionen b\u00f6r vara motst\u00e5ndskraftiga mot slitage, korrosion och andra milj\u00f6faktorer. Detta \u00e4r s\u00e4rskilt viktigt f\u00f6r cylindrar som arbetar under tuffa f\u00f6rh\u00e5llanden, d\u00e4r exponering f\u00f6r damm, fukt och kemikalier kan p\u00e5verka prestandan negativt. Att v\u00e4lja en h\u00e5llbar bomcylinder s\u00e4kerst\u00e4ller j\u00e4mn prestanda och minimerar behovet av frekventa byten.<\/p>\n<h3>S\u00e4kerhetsfunktioner<\/h3>\n<p>S\u00e4kerhet b\u00f6r alltid prioriteras vid konstruktion och val av hydraulcylindrar. Det \u00e4r viktigt att inf\u00f6rliva s\u00e4kerhetsfunktioner som tryckavlastningsventiler och robusta monteringskonstruktioner f\u00f6r att f\u00f6rhindra olyckor under drift. Dessa funktioner skyddar inte bara utrustningen utan s\u00e4kerst\u00e4ller \u00e4ven s\u00e4kerheten f\u00f6r operat\u00f6rer som arbetar i n\u00e4rheten.<\/p>\n<h3>Tillg\u00e4nglighet f\u00f6r underh\u00e5ll<\/h3>\n<p>Enkelt underh\u00e5ll \u00e4r en annan viktig faktor. En v\u00e4lkonstruerad bomcylinder b\u00f6r m\u00f6jligg\u00f6ra enkel \u00e5tkomst till kritiska komponenter f\u00f6r rutininspektioner och underh\u00e5ll. Detta underl\u00e4ttar inte bara regelbundet underh\u00e5ll utan bidrar ocks\u00e5 till cylinderns livsl\u00e4ngd och utrustningens totala effektivitet.<\/p>\n<p><img decoding=\"async\" src=\"https:\/\/www.hydraulic-cylinders.net\/wp-content\/uploads\/2025\/04\/songte-oil-pipes-and-spare-parts.webp\" alt=\"Hydrauliska komponenter\" \/><\/p>\n<h2>T\u00e4tning och sm\u00f6rjning<\/h2>\n<p>Att anv\u00e4nda olika t\u00e4tningskomponenter, inklusive kolvt\u00e4tningar och kolvst\u00e5ngst\u00e4tningar, \u00e4r avg\u00f6rande f\u00f6r att bibeh\u00e5lla hydraulcylindrars integritet. T\u00e4tningar tillverkade av slitstarka material som polyuretan och nitrilgummi \u00e4r avg\u00f6rande f\u00f6r att ge motst\u00e5ndskraft mot slitage. Cylinderhuset och de g\u00e4ngade \u00e4ndytorna genomg\u00e5r noggrann bearbetning f\u00f6r att f\u00f6rb\u00e4ttra slitstyrkan, vilket f\u00f6rl\u00e4nger cylinderns livsl\u00e4ngd.<\/p>\n<p>Regelbunden sm\u00f6rjning \u00e4r n\u00f6dv\u00e4ndig f\u00f6r att bibeh\u00e5lla optimal prestanda. Det \u00e4r avg\u00f6rande att s\u00e4kerst\u00e4lla att en tillr\u00e4cklig m\u00e4ngd hydraulolja fylls p\u00e5 f\u00f6r att underl\u00e4tta smidig r\u00f6relse i cylindern. F\u00f6rsummelse av sm\u00f6rjning kan leda till \u00f6kad friktion, slitage och potentiella fel, vilket betonar vikten av att inf\u00f6rliva ett rutinm\u00e4ssigt sm\u00f6rjschema.<\/p>\n<h2>Regelbunden inspektion och f\u00f6rebyggande underh\u00e5ll<\/h2>\n<ul>\n<li><strong>Regelbundna inspektioner:<\/strong> Att genomf\u00f6ra rutinm\u00e4ssiga inspektioner \u00e4r avg\u00f6rande f\u00f6r att tidigt identifiera tecken p\u00e5 slitage eller skador. Operat\u00f6rer b\u00f6r visuellt kontrollera l\u00e4ckor, sprickor eller ovanliga ljud under utrustningens drift och omedelbart \u00e5tg\u00e4rda eventuella problem.<\/li>\n<li><strong>Korrekt sm\u00f6rjning:<\/strong> Att s\u00e4kerst\u00e4lla att cylindrarna \u00e4r tillr\u00e4ckligt smorda \u00e4r avg\u00f6rande f\u00f6r optimal prestanda. Operat\u00f6rer b\u00f6r f\u00f6lja tillverkarens riktlinjer g\u00e4llande typ av sm\u00f6rjmedel och appliceringsfrekvens f\u00f6r att bibeh\u00e5lla effektiviteten.<\/li>\n<li><strong>Byte av t\u00e4tning:<\/strong> Med tiden kan t\u00e4tningar slitas ner och beh\u00f6va bytas ut. Att regelbundet kontrollera t\u00e4tningarna f\u00f6r slitage och se till att de byts ut snabbt kan f\u00f6rhindra l\u00e4ckor och bibeh\u00e5lla hydraulisk effektivitet.<\/li>\n<\/ul>\n<h2>Installationsriktlinjer<\/h2>\n<p>Korrekt installation av bomcylindern \u00e4r avg\u00f6rande f\u00f6r optimal prestanda. H\u00e4r \u00e4r n\u00e5gra steg att f\u00f6lja:<\/p>\n<ul>\n<li>Se till att monteringsf\u00e4stena och ytorna \u00e4r rena och fria fr\u00e5n skr\u00e4p f\u00f6re installation. Detta minimerar risken f\u00f6r skador under monteringsprocessen.<\/li>\n<li>Rikta in cylindern noggrant med monteringspunkterna. Felaktig inriktning kan leda till p\u00e5frestningar p\u00e5 cylindern, vilket p\u00e5verkar dess prestanda och livsl\u00e4ngd.<\/li>\n<li>Anv\u00e4nd l\u00e4mpliga monteringsf\u00e4sten f\u00f6r att f\u00e4sta cylindern p\u00e5 plats och se till att den \u00e4r ordentligt fastsatt utan \u00f6verdriven kraft som kan orsaka skador.<\/li>\n<li>Dubbelkolla alla hydraulledningar och anslutningar f\u00f6r att f\u00f6rhindra l\u00e4ckage. L\u00f6sa anslutningar kan leda till systemineffektivitet och potentiella fel.<\/li>\n<li>Efter installationen, utf\u00f6r en testk\u00f6rning f\u00f6r att s\u00e4kerst\u00e4lla att cylindern fungerar smidigt och effektivt, och kontrollera om eventuella problem kan uppst\u00e5.<\/li>\n<\/ul>\n<h2>Vanliga underh\u00e5llsuppgifter<\/h2>\n<ul>\n<li><strong>Regelbundna kontroller:<\/strong> Rutinm\u00e4ssiga visuella inspektioner kan hj\u00e4lpa till att uppt\u00e4cka tecken p\u00e5 slitage eller l\u00e4ckor tidigt, vilket f\u00f6rhindrar mer allvarliga problem l\u00e4ngre fram. \u00d6vervaka alltid hydraulv\u00e4tskeniv\u00e5erna och leta efter eventuella avvikelser i driften.<\/li>\n<li><strong>Sm\u00f6rjning:<\/strong> Korrekt sm\u00f6rjning \u00e4r avg\u00f6rande f\u00f6r att cylindern ska fungera smidigt. Att f\u00f6lja tillverkarens riktlinjer g\u00e4llande sm\u00f6rjmedelstyp och sm\u00f6rjfrekvens f\u00f6rb\u00e4ttrar prestanda och livsl\u00e4ngd.<\/li>\n<li><strong>Byte av t\u00e4tning:<\/strong> Regelbundna kontroller b\u00f6r g\u00f6ras f\u00f6r t\u00e4tningar. Om tecken p\u00e5 nedbrytning uppst\u00e5r \u00e4r det viktigt att omedelbart byta ut t\u00e4tningar f\u00f6r att bibeh\u00e5lla hydraulisk effektivitet och f\u00f6rhindra l\u00e4ckage.<\/li>\n<\/ul>\n<h2>S\u00e4kerhetsaspekter och milj\u00f6faktorer<\/h2>\n<p>Vid anv\u00e4ndning av hydraulcylindrar \u00e4r s\u00e4kerhets\u00e5tg\u00e4rder av st\u00f6rsta vikt. Operat\u00f6rer b\u00f6r utbildas f\u00f6r att inse vikten av s\u00e4kerhetsprotokoll, inklusive att b\u00e4ra l\u00e4mplig personlig skyddsutrustning (PPE) och f\u00f6rst\u00e5 de potentiella farorna i samband med cylinderanv\u00e4ndning. Regelbunden s\u00e4kerhetsutbildning b\u00f6r genomf\u00f6ras f\u00f6r att s\u00e4kerst\u00e4lla att all personal \u00e4r medveten om procedurerna och kan agera effektivt i n\u00f6dsituationer.<\/p>\n<h2>Fels\u00f6kning av vanliga problem<\/h2>\n<ul>\n<li><strong>L\u00e4ckage:<\/strong> Ett av de vanligaste problemen med hydraulcylindrar \u00e4r l\u00e4ckage. Om v\u00e4tska observeras l\u00e4cka ut kan det bero p\u00e5 slitna t\u00e4tningar eller skadade anslutningar. Snabb identifiering och byte av t\u00e4tningar kan l\u00f6sa detta problem.<\/li>\n<li><strong>Inkonsekvent drift:<\/strong> Om bomcylindern fungerar oj\u00e4mnt kan det tyda p\u00e5 problem med hydraulv\u00e4tskeniv\u00e5erna eller blockeringar i hydraulledningarna. Det \u00e4r viktigt att kontrollera v\u00e4tskeniv\u00e5erna och se till att ledningarna \u00e4r rena.<\/li>\n<li><strong>L\u00e5ngsam respons:<\/strong> En l\u00e5ngsam respons i driften kan tillskrivas luft i hydraulsystemet eller otillr\u00e4cklig hydraulv\u00e4tska. Att lufta systemet f\u00f6r att avl\u00e4gsna luft och fylla p\u00e5 hydraulv\u00e4tska kan \u00e5tg\u00e4rda detta problem.<\/li>\n<\/ul>\n<p>Att vidta f\u00f6rebyggande \u00e5tg\u00e4rder, s\u00e5som regelbundna underh\u00e5llskontroller, kan avsev\u00e4rt minska sannolikheten f\u00f6r att st\u00f6ta p\u00e5 dessa problem. Operat\u00f6rer b\u00f6r vara proaktiva i sitt tillv\u00e4gag\u00e5ngss\u00e4tt f\u00f6r underh\u00e5ll och f\u00f6lja etablerade rutiner f\u00f6r att s\u00e4kerst\u00e4lla att hydraulsystemet f\u00f6rblir funktionsdugligt.<\/p>\n<p><img decoding=\"async\" src=\"https:\/\/www.hydraulic-cylinders.net\/wp-content\/uploads\/2025\/04\/songte-bushings-with-all-kinds-of-excavator-models.webp\" alt=\"Gr\u00e4vmaskinsbussningar\" \/><\/p>\n<h2>Om v\u00e5rt f\u00f6retag<\/h2>\n<p>Vi \u00e4r en ledande tillverkare och grossist av hydraulcylindrar, specialiserade p\u00e5 att erbjuda h\u00f6gkvalitativa alternativ. V\u00e5rt omfattande produktsortiment positionerar oss som en av de ledande akt\u00f6rerna p\u00e5 b\u00e5de inhemska och internationella marknader. Genom att f\u00f6lja principen om excellens utnyttjar vi f\u00f6rfinade tillverkningsstrategier genom avancerad digital utrustning och professionella testsystem.<\/p>\n<p>V\u00e5rt engagemang f\u00f6r kvalitet \u00e5terspeglas i v\u00e5r investering i kompetent personal och innovativa tillverkningstekniker, vilket f\u00f6rb\u00e4ttrar v\u00e5ra produktionsplattformar och h\u00f6jer produktkvaliteten. Med ett engagemang f\u00f6r effektivitet, precision och h\u00f6g kvalitet m\u00f6ter vi en m\u00e4ngd olika kundbehov genom skr\u00e4ddarsydda l\u00f6sningar.<\/p>\n<p><img decoding=\"async\" src=\"https:\/\/www.hydraulic-cylinders.net\/wp-content\/uploads\/2025\/04\/songte-company-4.webp\" alt=\"F\u00f6retags\u00f6versikt\" \/><br \/>\n<img decoding=\"async\" src=\"https:\/\/www.hydraulic-cylinders.net\/wp-content\/uploads\/2025\/04\/songte-company-3.webp\" alt=\"Produktionsanl\u00e4ggningar\" \/><\/p>\n<p>Sammanfattningsvis utm\u00e4rker sig v\u00e5rt f\u00f6retag tack vare v\u00e5r professionalism, internationella certifieringar, kundanpassade tj\u00e4nster, avancerad produktionsutrustning och exceptionella eftermarknadssupport.<\/p>\n<p>F\u00f6rfattare: lyl<\/p>","protected":false},"excerpt":{"rendered":"<p>Boom Cylinder For Yanmar SV025-6 Understanding the Boom Cylinder The boom cylinder is an essential hydraulic component, specifically designed for controlling the movement of buckets in heavy machinery such as excavators, backhoe loaders, and front loaders. This hydraulic cylinder allows for lifting, lowering, and tilting motions, thereby facilitating material handling tasks efficiently. Constructed to endure [&hellip;]<\/p>","protected":false},"featured_media":17881,"comment_status":"open","ping_status":"closed","template":"","meta":{"_et_pb_use_builder":"","_et_pb_old_content":"","_et_gb_content_width":""},"product_brand":[],"product_cat":[1546],"product_tag":[1547,1496],"class_list":{"0":"post-19558","1":"product","2":"type-product","3":"status-publish","4":"has-post-thumbnail","6":"product_cat-boom-cylinders","7":"product_tag-boom-cylinders","8":"product_tag-hydraulic-cylinders","10":"first","11":"instock","12":"shipping-taxable","13":"product-type-simple"},"amp_enabled":true,"_links":{"self":[{"href":"https:\/\/www.hydraulic-cylinders.net\/sv\/wp-json\/wp\/v2\/product\/19558","targetHints":{"allow":["GET"]}}],"collection":[{"href":"https:\/\/www.hydraulic-cylinders.net\/sv\/wp-json\/wp\/v2\/product"}],"about":[{"href":"https:\/\/www.hydraulic-cylinders.net\/sv\/wp-json\/wp\/v2\/types\/product"}],"replies":[{"embeddable":true,"href":"https:\/\/www.hydraulic-cylinders.net\/sv\/wp-json\/wp\/v2\/comments?post=19558"}],"wp:featuredmedia":[{"embeddable":true,"href":"https:\/\/www.hydraulic-cylinders.net\/sv\/wp-json\/wp\/v2\/media\/17881"}],"wp:attachment":[{"href":"https:\/\/www.hydraulic-cylinders.net\/sv\/wp-json\/wp\/v2\/media?parent=19558"}],"wp:term":[{"taxonomy":"product_brand","embeddable":true,"href":"https:\/\/www.hydraulic-cylinders.net\/sv\/wp-json\/wp\/v2\/product_brand?post=19558"},{"taxonomy":"product_cat","embeddable":true,"href":"https:\/\/www.hydraulic-cylinders.net\/sv\/wp-json\/wp\/v2\/product_cat?post=19558"},{"taxonomy":"product_tag","embeddable":true,"href":"https:\/\/www.hydraulic-cylinders.net\/sv\/wp-json\/wp\/v2\/product_tag?post=19558"}],"curies":[{"name":"wp","href":"https:\/\/api.w.org\/{rel}","templated":true}]}}