{"id":19560,"date":"2025-04-07T06:54:28","date_gmt":"2025-04-07T06:54:28","guid":{"rendered":"https:\/\/www.hydraulic-cylinders.net\/product\/boom-cylinder-for-yanmar-vi35-5b\/"},"modified":"2025-04-07T06:54:30","modified_gmt":"2025-04-07T06:54:30","slug":"boom-cylinder-for-yanmar-vi35-5b","status":"publish","type":"product","link":"https:\/\/www.hydraulic-cylinders.net\/sv\/produkt\/boom-cylinder-for-yanmar-vi35-5b\/","title":{"rendered":"Bomcylinder f\u00f6r Yanmar VI35-5B"},"content":{"rendered":"<h1>Bomcylinder f\u00f6r Yanmar VI35-5B<\/h1>\n<h2>Introduktion till bomcylinder<\/h2>\n<p>Bomcylindern \u00e4r en viktig hydraulisk komponent som \u00e4r speciellt utformad f\u00f6r tunga maskiner. Denna typ av cylinder anv\u00e4nds s\u00e4rskilt f\u00f6r att styra r\u00f6relsen hos skopor i olika utrustningar, inklusive gr\u00e4vmaskiner, gr\u00e4vlastare och frontlastare. Dess prim\u00e4ra funktion \u00e4r att g\u00f6ra det m\u00f6jligt f\u00f6r skopan att lyfta, s\u00e4nka och luta, vilket underl\u00e4ttar effektiva materialhanteringsuppgifter. Dessa cylindrar \u00e4r en viktig del av hydraulsystem, vilket m\u00f6jligg\u00f6r kraftfulla och exakta r\u00f6relser som \u00e4r n\u00f6dv\u00e4ndiga f\u00f6r bygg- och jordbruksapplikationer.<\/p>\n<p><img decoding=\"async\" src=\"https:\/\/www.hydraulic-cylinders.net\/wp-content\/uploads\/2025\/04\/songte-company-1.webp\" alt=\"Bild av bomcylinder\"><\/p>\n<h2>Funktioner hos bomcylindern<\/h2>\n<ul>\n<li>\n<h3>H\u00f6g styrka och h\u00e5llbarhet<\/h3>\n<p>Bomcylindern, som vanligtvis \u00e4r tillverkad av h\u00f6gh\u00e5llfast st\u00e5l eller aluminium, \u00e4r konstruerad f\u00f6r att motst\u00e5 h\u00f6gt tryck och tunga belastningar, vilket g\u00f6r den l\u00e4mplig f\u00f6r tuffa arbetsmilj\u00f6er. Dess design tar h\u00e4nsyn till slitstyrka och korrosionsbest\u00e4ndighet f\u00f6r att f\u00f6rl\u00e4nga dess livsl\u00e4ngd.<\/p>\n<\/li>\n<li>\n<h3>Effektiv hydraulisk drift<\/h3>\n<p>Denna cylinder utnyttjar hydrauloljans tryck f\u00f6r att uppn\u00e5 smidiga ut- och indragningsr\u00f6relser. Den kan reagera snabbt p\u00e5 styrkommandon och ge kraftfulla tryck- och dragkrafter, vilket \u00e4r avg\u00f6rande f\u00f6r hantering av tunga material och komplexa uppgifter.<\/p>\n<\/li>\n<li>\n<h3>Olika typer<\/h3>\n<p>Bomcylindern finns i enkelverkande (med hydraulkraft i en riktning) eller dubbelverkande (med hydraulkraft i b\u00e5da riktningarna) konfigurationer och tillgodoser olika driftskrav. Vissa modeller kan ha en teleskopisk design, vilket m\u00f6jligg\u00f6r st\u00f6rre utbyggnad utan att \u00f6ka de yttre m\u00e5tten, perfekt f\u00f6r applikationer med begr\u00e4nsat utrymme.<\/p>\n<\/li>\n<li>\n<h3>Anpassad tillverkning<\/h3>\n<p>Vi har kapacitet att producera denna produkt, vilket s\u00e4kerst\u00e4ller att v\u00e5ra cylindrar perfekt kan ers\u00e4tta befintliga hydraulcylindrar och erbjuder s\u00f6ml\u00f6s integration i era maskiner.<\/p>\n<\/li>\n<li>\n<h3>Kompatibilitet med olika modeller<\/h3>\n<p>V\u00e5ra cylindrar \u00e4r utformade f\u00f6r att vara kompatibla med en rad olika gr\u00e4vmaskinsmodeller, vilket s\u00e4kerst\u00e4ller m\u00e5ngsidighet och flexibilitet i till\u00e4mpningen.<\/p>\n<\/li>\n<\/ul>\n<p><img decoding=\"async\" src=\"https:\/\/www.hydraulic-cylinders.net\/wp-content\/uploads\/2025\/04\/songte-cylinder-head-with-all-kinds-excavator-models.webp\" alt=\"Bild f\u00f6r gr\u00e4vmaskinskompatibilitet\"><\/p>\n<h2>Anv\u00e4ndningsomr\u00e5den f\u00f6r bomcylindern<\/h2>\n<ul>\n<li>\n<h3>Byggutrustning<\/h3>\n<p>I gr\u00e4vmaskiner spelar bomcylindrar en avg\u00f6rande roll vid gr\u00e4vning, lastning och f\u00f6rflyttning av jord eller skr\u00e4p. De underl\u00e4ttar inte bara gr\u00e4vning utan \u00e4ven lyftuppgifter, vilket g\u00f6r dem oumb\u00e4rliga f\u00f6r byggarbetsplatser. Precisionen och kraften som dessa cylindrar ger s\u00e4kerst\u00e4ller att tunga operationer kan utf\u00f6ras effektivt, vilket bidrar till den totala produktiviteten i byggprojekt.<\/p>\n<\/li>\n<li>\n<h3>Jordbruksmaskiner<\/h3>\n<p>I frontlastare anv\u00e4nds bomcylindrar f\u00f6r att skopa, lyfta och transportera jord, h\u00f6 och andra material. Deras robusta design g\u00f6r att de klarar av p\u00e5frestningarna i jordbruksarbetet, vilket g\u00f6r dem till ett p\u00e5litligt val f\u00f6r jordbrukare. Denna f\u00f6rm\u00e5ga \u00f6kar produktiviteten i olika jordbruksuppgifter, fr\u00e5n lastning till lossning, vilket underl\u00e4ttar b\u00e4ttre resurshantering p\u00e5 g\u00e5rdar.<\/p>\n<\/li>\n<li>\n<h3>Gr\u00e4vmaskiner<\/h3>\n<p>I gr\u00e4vmaskiner g\u00f6r bomcylindern att skopan kan tr\u00e4nga ner i jorden effektivt, vilket m\u00f6jligg\u00f6r djupgr\u00e4vning. Denna funktion \u00e4r avg\u00f6rande vid gr\u00e4vprocesser, s\u00e5som grundgr\u00e4vning eller schaktning, d\u00e4r exakt kontroll \u00f6ver skopans djup och vinkel kr\u00e4vs. Den hydrauliska kraften som bomcylindern tillhandah\u00e5ller f\u00f6rb\u00e4ttrar den totala effektiviteten i gr\u00e4varbetet.<\/p>\n<\/li>\n<li>\n<h3>Lastare<\/h3>\n<p>I frontlastare hj\u00e4lper bomcylindrar till att lyfta och dumpa material. M\u00f6jligheten att h\u00f6ja skopan h\u00f6gt underl\u00e4ttar effektiv lossning av olika material, oavsett om det \u00e4r jord, grus eller andra tunga laster. Denna funktion \u00e4r avg\u00f6rande inom bygg och landskapsarkitektur, d\u00e4r snabb materialhantering \u00e4r n\u00f6dv\u00e4ndig f\u00f6r att h\u00e5lla projektets tidsfrister.<\/p>\n<\/li>\n<\/ul>\n<h2>Design\u00f6verv\u00e4ganden och urvalskriterier<\/h2>\n<ul>\n<li>\n<h3>Lastkapacitet<\/h3>\n<p>N\u00e4r man v\u00e4ljer en bomcylinder \u00e4r det avg\u00f6rande att f\u00f6rst\u00e5 lastkapaciteten. Detta avg\u00f6r hur mycket vikt cylindern kan hantera p\u00e5 ett s\u00e4kert s\u00e4tt. Det \u00e4r viktigt att utv\u00e4rdera vilka typer av material som ska flyttas och maskinens maximala lastkrav. \u00d6verbelastning av cylindern kan leda till fel och s\u00e4kerhetsrisker. Tillverkare tillhandah\u00e5ller ofta lastkapacitetsklassificeringar, vilka b\u00f6r f\u00f6ljas f\u00f6r optimal prestanda.<\/p>\n<\/li>\n<li>\n<h3>T\u00e4tningsintegritet<\/h3>\n<p>T\u00e4tningarnas integritet \u00e4r avg\u00f6rande f\u00f6r hydraulcylindrarnas livsl\u00e4ngd och effektivitet. H\u00f6gkvalitativa t\u00e4tningar f\u00f6rhindrar l\u00e4ckage av hydraulv\u00e4tska, vilket inte bara s\u00e4kerst\u00e4ller smidig drift utan ocks\u00e5 skyddar de interna komponenterna fr\u00e5n f\u00f6roreningar. Att uppr\u00e4tth\u00e5lla korrekt t\u00e4tningsskick \u00e4r avg\u00f6rande, eftersom slitna t\u00e4tningar kan leda till minskad prestanda och \u00f6kat slitage p\u00e5 cylindern. Regelbundna inspektioner b\u00f6r utf\u00f6ras f\u00f6r att s\u00e4kerst\u00e4lla att t\u00e4tningarna \u00e4r i gott skick.<\/p>\n<\/li>\n<li>\n<h3>Varaktighet<\/h3>\n<p>H\u00e5llbarhet \u00e4r en viktig faktor n\u00e4r man v\u00e4ljer en bomcylinder. Materialen som anv\u00e4nds i konstruktionen b\u00f6r motst\u00e5 slitage fr\u00e5n driftsf\u00f6rh\u00e5llandena. Cylindrar som uts\u00e4tts f\u00f6r tuffa milj\u00f6er, s\u00e5som de med h\u00f6ga dammniv\u00e5er eller korrosiva \u00e4mnen, b\u00f6r tillverkas av material som erbjuder f\u00f6rb\u00e4ttrad motst\u00e5ndskraft mot dessa faktorer. Denna faktor f\u00f6rl\u00e4nger cylinderns livsl\u00e4ngd och minimerar behovet av frekventa byten.<\/p>\n<\/li>\n<li>\n<h3>S\u00e4kerhetsfunktioner<\/h3>\n<p>S\u00e4kerhet \u00e4r av st\u00f6rsta vikt i alla hydrauliska system. Bomcylindrar b\u00f6r vara utformade med s\u00e4kerhetsfunktioner som f\u00f6rhindrar ov\u00e4ntade fel. Detta inkluderar tryckavlastningsventiler som kan hj\u00e4lpa till att reglera systemtrycket och f\u00f6rhindra \u00f6verbelastning. Dessutom \u00e4r korrekt installation och underh\u00e5ll avg\u00f6rande f\u00f6r att s\u00e4kerst\u00e4lla att s\u00e4kerhetsfunktionerna fungerar korrekt. Regelbunden utbildning och efterlevnad av s\u00e4kerhetsprotokoll rekommenderas f\u00f6r operat\u00f6rer som hanterar hydrauliska maskiner.<\/p>\n<\/li>\n<li>\n<h3>Underh\u00e5llbarhet<\/h3>\n<p>Enkelt underh\u00e5ll \u00e4r en annan viktig faktor n\u00e4r man v\u00e4ljer en bomcylinder. Komponenterna b\u00f6r vara \u00e5tkomliga f\u00f6r regelbundet underh\u00e5ll, inklusive sm\u00f6rjning och inspektioner. Konstruktionen b\u00f6r m\u00f6jligg\u00f6ra enkelt byte av t\u00e4tningar och andra delar som kan slitas med tiden. H\u00e4nsyn till rutinm\u00e4ssigt underh\u00e5ll kan leda till \u00f6kad effektivitet och minskad stillest\u00e5ndstid p\u00e5 grund av reparationer.<\/p>\n<\/li>\n<\/ul>\n<p><img decoding=\"async\" src=\"https:\/\/www.hydraulic-cylinders.net\/wp-content\/uploads\/2025\/04\/songte-oil-pipes-and-spare-parts.webp\" alt=\"Bild av hydrauliska delar\"><\/p>\n<h2>T\u00e4tning och sm\u00f6rjning av bomcylindern<\/h2>\n<p>Prestandan hos en bomcylinder beror till stor del p\u00e5 effektiv t\u00e4tning och sm\u00f6rjning. Olika t\u00e4tningskomponenter, s\u00e5som kolvt\u00e4tningar och st\u00e5ngt\u00e4tningar, anv\u00e4nds f\u00f6r att uppr\u00e4tth\u00e5lla tryck och f\u00f6rhindra l\u00e4ckage av hydraulv\u00e4tska. T\u00e4tningar tillverkade av slitstarka material som polyuretan och nitrilgummi s\u00e4kerst\u00e4ller h\u00e5llbarhet och tillf\u00f6rlitlighet. Ytorna p\u00e5 cylinderhuset och de g\u00e4ngade \u00e4ndarna genomg\u00e5r fin bearbetning f\u00f6r att f\u00f6rb\u00e4ttra slitstyrkan. Regelbunden sm\u00f6rjning med hydraulolja \u00e4r avg\u00f6rande, eftersom det inte bara underl\u00e4ttar smidig drift utan ocks\u00e5 skyddar interna komponenter fr\u00e5n slitage. Korrekta sm\u00f6rjintervall b\u00f6r fastst\u00e4llas baserat p\u00e5 driftsf\u00f6rh\u00e5llandena f\u00f6r att f\u00f6rl\u00e4nga cylinderns livsl\u00e4ngd.<\/p>\n<h2>Regelbunden inspektion och f\u00f6rebyggande underh\u00e5lls\u00e5tg\u00e4rder<\/h2>\n<ul>\n<li>\n<h3>Regelbundna inspektioner<\/h3>\n<p>Det \u00e4r avg\u00f6rande att regelbundet utf\u00f6ra inspektioner av bomcylindern. Operat\u00f6rer b\u00f6r kontrollera om det finns tecken p\u00e5 slitage, l\u00e4ckor och ovanliga ljud under drift. Tidig uppt\u00e4ckt av problem kan f\u00f6rhindra allvarligare problem l\u00e4ngre fram. Att uppr\u00e4tta ett rutinm\u00e4ssigt inspektionsschema kan bidra till att bibeh\u00e5lla cylinderns prestanda och s\u00e4kerst\u00e4lla driftss\u00e4kerheten.<\/p>\n<\/li>\n<li>\n<h3>Korrekt sm\u00f6rjning<\/h3>\n<p>Att bibeh\u00e5lla tillr\u00e4cklig sm\u00f6rjning \u00e4r avg\u00f6rande f\u00f6r att bomcylindern ska fungera smidigt. F\u00f6rare b\u00f6r f\u00f6lja tillverkarens rekommendationer g\u00e4llande sm\u00f6rjintervall och typer av hydraulolja som ska anv\u00e4ndas. Att s\u00e4kerst\u00e4lla att r\u00e4tt m\u00e4ngd olja finns i maskinen hj\u00e4lper till att minimera friktion och slitage, vilket f\u00f6rl\u00e4nger cylinderns livsl\u00e4ngd.<\/p>\n<\/li>\n<li>\n<h3>Byte av t\u00e4tning<\/h3>\n<p>Regelbundet byte av t\u00e4tningar \u00e4r avg\u00f6rande f\u00f6r att f\u00f6rhindra l\u00e4ckage och bibeh\u00e5lla cylinderns integritet. Operat\u00f6rer b\u00f6r \u00f6vervaka t\u00e4tningarnas skick och byta ut dem vid f\u00f6rsta tecken p\u00e5 slitage. En proaktiv strategi f\u00f6r t\u00e4tningsunderh\u00e5ll kan f\u00f6rhindra hydraulv\u00e4tskef\u00f6rlust och s\u00e4kerst\u00e4lla j\u00e4mn prestanda.<\/p>\n<\/li>\n<\/ul>\n<p><img decoding=\"async\" src=\"https:\/\/www.hydraulic-cylinders.net\/wp-content\/uploads\/2025\/04\/songte-chushion-collar.webp\" alt=\"Bild av kuddekrage\"><\/p>\n<h2>S\u00e4kerhetsaspekter och milj\u00f6faktorer<\/h2>\n<p>Vid anv\u00e4ndning av hydraulcylindrar \u00e4r s\u00e4kerhets\u00e5tg\u00e4rder av st\u00f6rsta vikt. Operat\u00f6rer b\u00f6r vara v\u00e4linformerade om de potentiella faror som \u00e4r f\u00f6rknippade med hydraulsystem, inklusive riskerna f\u00f6r l\u00e4ckage av h\u00f6gtrycksv\u00e4tska. Korrekt utbildning och efterlevnad av s\u00e4kerhetsprotokoll kan bidra till att minska dessa risker. Dessutom b\u00f6r milj\u00f6faktorer som exponering f\u00f6r extrema temperaturer och fr\u00e4tande \u00e4mnen beaktas vid val av material och t\u00e4tningar f\u00f6r bomcylindern. Att s\u00e4kerst\u00e4lla att komponenten \u00e4r konstruerad f\u00f6r sin specifika driftsmilj\u00f6 f\u00f6rb\u00e4ttrar s\u00e4kerhet och funktionalitet.<\/p>\n<h2>Feldiagnos och vanliga problem<\/h2>\n<ul>\n<li>\n<h3>L\u00e4ckageproblem<\/h3>\n<p>Ett av de vanligaste problemen med hydraulcylindrar \u00e4r l\u00e4ckage. Detta kan uppst\u00e5 p\u00e5 grund av slitna t\u00e4tningar eller skador p\u00e5 sj\u00e4lva cylindern. Operat\u00f6rer b\u00f6r ofta kontrollera om det finns v\u00e4tskef\u00f6rlust och inspektera t\u00e4tningarna f\u00f6r tecken p\u00e5 slitage. Att \u00e5tg\u00e4rda l\u00e4ckor snabbt kan f\u00f6rhindra ytterligare skador och bibeh\u00e5lla systemets effektivitet.<\/p>\n<\/li>\n<li>\n<h3>Minskad prestanda<\/h3>\n<p>Om en bomcylinder inte svarar som f\u00f6rv\u00e4ntat kan det tyda p\u00e5 problem som l\u00e5ga hydraulv\u00e4tskeniv\u00e5er eller interna l\u00e4ckor. F\u00f6rare b\u00f6r kontrollera hydraulv\u00e4tskeniv\u00e5erna regelbundet och leta efter tecken p\u00e5 l\u00e4ckor i systemet. Att s\u00e4kerst\u00e4lla att hydraulv\u00e4tskan \u00e4r ren och p\u00e5 r\u00e4tt niv\u00e5 \u00e4r avg\u00f6rande f\u00f6r optimal prestanda.<\/p>\n<\/li>\n<li>\n<h3>Konstiga ljud<\/h3>\n<p>Ovanliga ljud under drift kan signalera mekaniska problem i bomcylindern. Operat\u00f6rer b\u00f6r unders\u00f6ka eventuella gnisslande eller gnisslande ljud, eftersom de kan tyda p\u00e5 att komponenterna \u00e4r feljusterade eller beh\u00f6ver sm\u00f6rjas. Snabb uppm\u00e4rksamhet p\u00e5 s\u00e5dana ljud kan f\u00f6rhindra ytterligare mekaniska fel.<\/p>\n<\/li>\n<\/ul>\n<p>Genom att f\u00f6lja dessa diagnostiska riktlinjer kan operat\u00f6rer effektivt identifiera problem och vidta korrigerande \u00e5tg\u00e4rder, vilket s\u00e4kerst\u00e4ller fortsatt tillf\u00f6rlitlig drift av sina bomcylindrar.<\/p>\n<p><img decoding=\"async\" src=\"https:\/\/www.hydraulic-cylinders.net\/wp-content\/uploads\/2025\/04\/songte-bushings-with-all-kinds-of-excavator-models.webp\" alt=\"Bussningar Bild\"><\/p>\n<h2>Slutsats<\/h2>\n<p>Vi \u00e4r en ledande tillverkare av hydraulcylindrar med ett brett utbud av produkter som m\u00f6ter behoven p\u00e5 b\u00e5de inhemska och internationella marknader. V\u00e5rt engagemang f\u00f6r utm\u00e4rkt kvalitet st\u00f6ds av f\u00f6rfinade tillverkningsmetoder och en strategisk strategi f\u00f6r produktionsledning. Med fokus p\u00e5 h\u00f6g effektivitet, precision och kvalitet str\u00e4var vi efter att tillgodose v\u00e5ra kunders olika behov. V\u00e5ra certifieringar och kundanpassade tj\u00e4nster \u00e5terspeglar v\u00e5rt engagemang f\u00f6r professionella standarder, och v\u00e5r avancerade produktionsutrustning s\u00e4kerst\u00e4ller att vi ligger i framkant i branschen. Vi erbjuder ocks\u00e5 omfattande eftermarknadssupport f\u00f6r att s\u00e4kerst\u00e4lla kundn\u00f6jdhet.<\/p>\n<p><img decoding=\"async\" src=\"https:\/\/www.hydraulic-cylinders.net\/wp-content\/uploads\/2025\/04\/songte-company-4.webp\" alt=\"F\u00f6retagsbild\"><br \/>\n<img decoding=\"async\" src=\"https:\/\/www.hydraulic-cylinders.net\/wp-content\/uploads\/2025\/04\/songte-company-3.webp\" alt=\"F\u00f6retagsbild\"><\/p>\n<p>F\u00f6rfattare: lyl<\/p>","protected":false},"excerpt":{"rendered":"<p>Boom Cylinder For Yanmar VI35-5B Introduction to Boom Cylinder The Boom Cylinder is an essential hydraulic component designed specifically for heavy machinery. In particular, this type of cylinder is used to control the movement of buckets in various equipment, including excavators, backhoe loaders, and front-end loaders. Its primary function is to enable the bucket to [&hellip;]<\/p>","protected":false},"featured_media":17868,"comment_status":"open","ping_status":"closed","template":"","meta":{"_et_pb_use_builder":"","_et_pb_old_content":"","_et_gb_content_width":""},"product_brand":[],"product_cat":[1546],"product_tag":[1547,1496],"class_list":{"0":"post-19560","1":"product","2":"type-product","3":"status-publish","4":"has-post-thumbnail","6":"product_cat-boom-cylinders","7":"product_tag-boom-cylinders","8":"product_tag-hydraulic-cylinders","10":"first","11":"instock","12":"shipping-taxable","13":"product-type-simple"},"amp_enabled":true,"_links":{"self":[{"href":"https:\/\/www.hydraulic-cylinders.net\/sv\/wp-json\/wp\/v2\/product\/19560","targetHints":{"allow":["GET"]}}],"collection":[{"href":"https:\/\/www.hydraulic-cylinders.net\/sv\/wp-json\/wp\/v2\/product"}],"about":[{"href":"https:\/\/www.hydraulic-cylinders.net\/sv\/wp-json\/wp\/v2\/types\/product"}],"replies":[{"embeddable":true,"href":"https:\/\/www.hydraulic-cylinders.net\/sv\/wp-json\/wp\/v2\/comments?post=19560"}],"wp:featuredmedia":[{"embeddable":true,"href":"https:\/\/www.hydraulic-cylinders.net\/sv\/wp-json\/wp\/v2\/media\/17868"}],"wp:attachment":[{"href":"https:\/\/www.hydraulic-cylinders.net\/sv\/wp-json\/wp\/v2\/media?parent=19560"}],"wp:term":[{"taxonomy":"product_brand","embeddable":true,"href":"https:\/\/www.hydraulic-cylinders.net\/sv\/wp-json\/wp\/v2\/product_brand?post=19560"},{"taxonomy":"product_cat","embeddable":true,"href":"https:\/\/www.hydraulic-cylinders.net\/sv\/wp-json\/wp\/v2\/product_cat?post=19560"},{"taxonomy":"product_tag","embeddable":true,"href":"https:\/\/www.hydraulic-cylinders.net\/sv\/wp-json\/wp\/v2\/product_tag?post=19560"}],"curies":[{"name":"wp","href":"https:\/\/api.w.org\/{rel}","templated":true}]}}