{"id":19561,"date":"2025-04-07T06:54:31","date_gmt":"2025-04-07T06:54:31","guid":{"rendered":"https:\/\/www.hydraulic-cylinders.net\/product\/boom-cylinder-for-yanmar-v55-6\/"},"modified":"2025-04-07T06:54:37","modified_gmt":"2025-04-07T06:54:37","slug":"boom-cylinder-for-yanmar-v55-6","status":"publish","type":"product","link":"https:\/\/www.hydraulic-cylinders.net\/sv\/produkt\/boom-cylinder-for-yanmar-v55-6\/","title":{"rendered":"Bomcylinder f\u00f6r Yanmar V55-6"},"content":{"rendered":"<h1>Bomcylinder f\u00f6r Yanmar V55-6<\/h1>\n<h2>Introduktion till bomcylinder<\/h2>\n<p>Bomcylindern \u00e4r en viktig komponent i tunga maskiner, speciellt utformad f\u00f6r maskiner som gr\u00e4vmaskiner, gr\u00e4vlastare och frontlastare. Den spelar en avg\u00f6rande roll f\u00f6r att styra skopans r\u00f6relse, s\u00e5 att den kan lyftas, s\u00e4nkas och lutas. Denna funktion \u00e4r avg\u00f6rande f\u00f6r effektiva materialhanteringsuppgifter i olika till\u00e4mpningar, inklusive bygg- och jordbruksarbete.<\/p>\n<p><img decoding=\"async\" src=\"https:\/\/www.hydraulic-cylinders.net\/wp-content\/uploads\/2025\/04\/songte-company-1.webp\" alt=\"Bomcylinder f\u00f6r Yanmar V55-6\" \/><\/p>\n<h3>Definition och \u00f6versikt<\/h3>\n<p>Bomcylindern, \u00e4ven k\u00e4nd som skopcylinder, \u00e4r en typ av hydraulcylinder som specifikt anv\u00e4nds f\u00f6r att styra r\u00f6relserna hos skopor till tunga maskiner. Den \u00e4r avg\u00f6rande i hydrauliska system och m\u00f6jligg\u00f6r olika r\u00f6relser genom att omvandla hydraulisk energi till mekanisk energi. Bomcylindern g\u00f6r det m\u00f6jligt f\u00f6r operat\u00f6rer att exakt kontrollera skopans position, vilket s\u00e4kerst\u00e4ller noggrannhet och effektivitet vid lyftning och f\u00f6rflyttning av material.<\/p>\n<h2>Funktioner hos bomcylindern<\/h2>\n<ul>\n<li><strong>H\u00f6g styrka och h\u00e5llbarhet:<\/strong> Tillverkad av h\u00f6gh\u00e5llfast st\u00e5l eller aluminium t\u00e5l den h\u00f6gt tryck och tunga belastningar. Dess design tar h\u00e4nsyn till slitstyrka och korrosionsbest\u00e4ndighet, vilket avsev\u00e4rt f\u00f6rl\u00e4nger dess livsl\u00e4ngd.<\/li>\n<li><strong>Effektiv hydraulisk drift:<\/strong> Anv\u00e4nder hydrauliskt oljetryck f\u00f6r smidig ut- och indragning, vilket ger snabb respons p\u00e5 kontrollkommandon och levererar kraftfull drag- och tryckkraft, perfekt f\u00f6r hantering av tunga f\u00f6rem\u00e5l och komplexa uppgifter.<\/li>\n<li><strong>Olika typer:<\/strong> Finns i enkelverkande (hydraulisk drift i en riktning) eller dubbelverkande (hydraulisk drift i b\u00e5da riktningarna) konfigurationer f\u00f6r att m\u00f6ta olika driftsbehov. Vissa modeller har teleskopiska konstruktioner, vilket m\u00f6jligg\u00f6r st\u00f6rre utbyggnad utan att \u00f6ka de yttre m\u00e5tten, l\u00e4mpliga f\u00f6r utrymmesbegr\u00e4nsade till\u00e4mpningar.<\/li>\n<\/ul>\n<h3>V\u00e5ra produktionsm\u00f6jligheter<\/h3>\n<p>Vi specialiserar oss p\u00e5 tillverkning av denna produkt, vilket s\u00e4kerst\u00e4ller att v\u00e5ra cylindrar perfekt kan ers\u00e4tta befintliga hydraulcylindrar.<\/p>\n<p><img decoding=\"async\" src=\"https:\/\/www.hydraulic-cylinders.net\/wp-content\/uploads\/2025\/04\/songte-cylinder-head-with-all-kinds-excavator-models.webp\" alt=\"Hydraulcylinder f\u00f6r gr\u00e4vmaskiner\" \/><\/p>\n<h2>Till\u00e4mpningar av bomcylinder<\/h2>\n<h3>Byggutrustning<\/h3>\n<p>I gr\u00e4vmaskiner \u00e4r bomcylindrar viktiga f\u00f6r gr\u00e4vning, lastning och flyttning av jord eller skr\u00e4p. De m\u00f6jligg\u00f6r exakta gr\u00e4vnings\u00e5tg\u00e4rder, vilket s\u00e4kerst\u00e4ller att f\u00f6raren effektivt kan gr\u00e4va ut n\u00f6dv\u00e4ndigt material. I gr\u00e4vlastare hj\u00e4lper bomcylindern till vid b\u00e5de gr\u00e4vning och lyftning, vilket g\u00f6r den till en oumb\u00e4rlig del av byggarbeten.<\/p>\n<h3>Jordbruksmaskiner<\/h3>\n<p>I frontlastare hj\u00e4lper bomcylindrar till att skopa, lyfta och transportera jord, h\u00f6 och andra material. Dessa till\u00e4mpningar \u00e4r avg\u00f6rande f\u00f6r effektiv jordbruksverksamhet och s\u00e4kerst\u00e4ller att tunga laster kan flyttas med l\u00e4tthet och precision.<\/p>\n<h3>Gr\u00e4vmaskiner<\/h3>\n<p>I gr\u00e4vmaskiner g\u00f6r bomcylindern att skopan kan tr\u00e4nga ner i jorden, vilket underl\u00e4ttar gr\u00e4vningen. Dess robusta design s\u00e4kerst\u00e4ller att den kan hantera de p\u00e5frestningar som \u00e4r f\u00f6rknippade med att tr\u00e4nga ner i h\u00e5rd mark, vilket g\u00f6r den till en viktig komponent vid jordf\u00f6rflyttningsuppgifter.<\/p>\n<h3>Lastare<\/h3>\n<p>P\u00e5 frontlastare hj\u00e4lper bomcylindrar till att lyfta och dumpa laster effektivt. Deras f\u00f6rm\u00e5ga att ge stark lyftkapacitet s\u00e4kerst\u00e4ller att f\u00f6rare effektivt kan hantera materialtransporter, vilket \u00f6kar produktiviteten p\u00e5 arbetsplatsen.<\/p>\n<h2>Design\u00f6verv\u00e4ganden och urvalskriterier<\/h2>\n<h3>Lastkapacitet<\/h3>\n<p>Bomcylinderns lastkapacitet \u00e4r en avg\u00f6rande faktor i dess konstruktion. Den m\u00e5ste kunna hantera den maximala vikt den kommer att uts\u00e4ttas f\u00f6r under drift. Tillverkare tillhandah\u00e5ller vanligtvis lastkapacitetsklassificeringar baserade p\u00e5 rigor\u00f6sa tester f\u00f6r att s\u00e4kerst\u00e4lla s\u00e4kerhet och tillf\u00f6rlitlighet. Att v\u00e4lja l\u00e4mplig lastkapacitet \u00e4r avg\u00f6rande f\u00f6r att f\u00f6rhindra potentiella fel under tunga operationer.<\/p>\n<h3>T\u00e4tningsmekanismer<\/h3>\n<p>Effektiv t\u00e4tning \u00e4r avg\u00f6rande f\u00f6r att bibeh\u00e5lla hydraulsystemets integritet. Valet av t\u00e4tningar, s\u00e5som kolvt\u00e4tningar och kolvst\u00e5ngst\u00e4tningar, p\u00e5verkar cylinderns driftseffektivitet och livsl\u00e4ngd. T\u00e4tningar tillverkade av h\u00f6gkvalitativa material som polyuretan eller nitrilgummi minimerar slitage och f\u00f6rhindrar l\u00e4ckage, vilket s\u00e4kerst\u00e4ller optimal prestanda. Regelbundna inspektioner av t\u00e4tningar \u00e4r n\u00f6dv\u00e4ndiga f\u00f6r att uppt\u00e4cka eventuella tecken p\u00e5 slitage tidigt, vilket kan spara kostnader f\u00f6r reparationer i l\u00e4ngden.<\/p>\n<h3>Varaktighet<\/h3>\n<p>H\u00e5llbarhet \u00e4r en viktig faktor vid konstruktion av bomcylindrar. De m\u00e5ste t\u00e5la tuffa milj\u00f6f\u00f6rh\u00e5llanden, inklusive extrema temperaturer, fukt och exponering f\u00f6r kemikalier. Material och bel\u00e4ggningar v\u00e4ljs specifikt f\u00f6r sin motst\u00e5ndskraft mot korrosion och slitage. En h\u00e5llbar design f\u00f6rb\u00e4ttrar inte bara cylinderns livsl\u00e4ngd utan minskar ocks\u00e5 stillest\u00e5ndstider p\u00e5 grund av underh\u00e5ll eller utbytesbehov.<\/p>\n<h3>S\u00e4kerhetsfunktioner<\/h3>\n<p>S\u00e4kerhet \u00e4r av st\u00f6rsta vikt vid konstruktion av hydraulcylindrar. Funktioner som \u00f6verbelastningsskydd och tryckavlastningsventiler hj\u00e4lper till att skydda mot ov\u00e4ntade fel. Dessa s\u00e4kerhets\u00e5tg\u00e4rder s\u00e4kerst\u00e4ller att operat\u00f6rerna kan arbeta med tillf\u00f6rsikt, vilket minskar risken f\u00f6r olyckor och skador p\u00e5 arbetsplatsen.<\/p>\n<h3>Enkelt underh\u00e5ll<\/h3>\n<p>Att konstruera bomcylindrar f\u00f6r enkelt underh\u00e5ll och reparation \u00e4r avg\u00f6rande f\u00f6r l\u00e5ngvarig anv\u00e4ndning och effektivitet. Att inf\u00f6rliva tillg\u00e4ngliga komponenter och tydliga serviceriktlinjer m\u00f6jligg\u00f6r snabbare reparationer, vilket minimerar driftstopp. Tillverkare b\u00f6r beakta slutanv\u00e4ndarens underh\u00e5llsm\u00f6jligheter n\u00e4r de konstruerar cylindern, vilket s\u00e4kerst\u00e4ller att den kan servas effektivt utan att specialverktyg eller utbildning kr\u00e4vs.<\/p>\n<p><img decoding=\"async\" src=\"https:\/\/www.hydraulic-cylinders.net\/wp-content\/uploads\/2025\/04\/songte-oil-pipes-and-spare-parts.webp\" alt=\"Hydrauliska cylinderdelar\" \/><\/p>\n<h2>T\u00e4tning och sm\u00f6rjning<\/h2>\n<p>Effektiv t\u00e4tning och sm\u00f6rjning \u00e4r avg\u00f6rande f\u00f6r att bibeh\u00e5lla bomcylindrarnas prestanda. Olika t\u00e4tningselement, s\u00e5som kolvt\u00e4tningar och st\u00e5ngt\u00e4tningar, \u00e4r avg\u00f6rande f\u00f6r att f\u00f6rhindra l\u00e4ckage av hydraulv\u00e4tska. Det \u00e4r avg\u00f6rande att v\u00e4lja t\u00e4tningar tillverkade av slitstarka material, s\u00e5som polyuretan och nitrilgummi, vilka ger utm\u00e4rkt slitstyrka. Cylinderhuset och de g\u00e4ngade \u00e4ndarna \u00e4r fint bearbetade f\u00f6r att f\u00f6rb\u00e4ttra h\u00e5llbarhet och slitstyrka. Regelbunden sm\u00f6rjning med l\u00e4mplig hydraulolja \u00e4r n\u00f6dv\u00e4ndig f\u00f6r att s\u00e4kerst\u00e4lla att cylindern fungerar smidigt och f\u00f6r att minimera friktion, vilket kan leda till f\u00f6r tidigt slitage och haveri.<\/p>\n<h2>F\u00f6rebyggande underh\u00e5lls\u00e5tg\u00e4rder<\/h2>\n<ul>\n<li><strong>Regelbundna inspektioner:<\/strong> Att utf\u00f6ra rutinm\u00e4ssiga inspektioner av hydraulsystemet kan hj\u00e4lpa till att identifiera tidiga tecken p\u00e5 slitage eller skador. Kontrollera l\u00e4ckor, sp\u00e4nningspunkter och \u00f6vergripande funktion.<\/li>\n<li><strong>Korrekt sm\u00f6rjning:<\/strong> Att uppr\u00e4tth\u00e5lla tillr\u00e4ckliga sm\u00f6rjniv\u00e5er \u00e4r avg\u00f6rande f\u00f6r att minska slitage och f\u00f6rl\u00e4nga cylinderns livsl\u00e4ngd. Se till att r\u00e4tt hydraulolja anv\u00e4nds och att niv\u00e5erna kontrolleras regelbundet.<\/li>\n<li><strong>Byte av t\u00e4tning:<\/strong> Kontrollera regelbundet t\u00e4tningarna f\u00f6r tecken p\u00e5 slitage och byt ut dem omedelbart f\u00f6r att f\u00f6rhindra l\u00e4ckage och bibeh\u00e5lla systemets effektivitet.<\/li>\n<\/ul>\n<h2>Installationsriktlinjer<\/h2>\n<p>Korrekt installation av bomcylindern \u00e4r avg\u00f6rande f\u00f6r optimal prestanda. B\u00f6rja med att s\u00e4kerst\u00e4lla att cylindern \u00e4r korrekt inriktad med monteringsf\u00e4stena. Anv\u00e4nd l\u00e4mpliga monteringsst\u00f6d f\u00f6r att s\u00e4kra cylindern p\u00e5 plats. Det \u00e4r viktigt att f\u00f6lja tillverkarens specifikationer f\u00f6r vridmomentinst\u00e4llningar och justeringstoleranser. N\u00e4r den \u00e4r installerad, kontrollera de hydrauliska anslutningarna f\u00f6r att s\u00e4kerst\u00e4lla att det inte finns n\u00e5gra l\u00e4ckor. Efter installationen \u00e4r det l\u00e4mpligt att k\u00f6ra systemet genom hela dess r\u00f6relseomr\u00e5de f\u00f6r att bekr\u00e4fta korrekt funktion och uppt\u00e4cka eventuella problem tidigt.<\/p>\n<h2>Vanliga underh\u00e5llsuppgifter<\/h2>\n<ul>\n<li><strong>Regelbundna inspektioner:<\/strong> Genom att utf\u00f6ra rutinm\u00e4ssiga inspektioner kan du identifiera potentiella problem innan de eskalerar. Leta efter tecken p\u00e5 slitage, l\u00e4ckor eller utmattning i cylindern och omgivande komponenter.<\/li>\n<li><strong>L\u00e4mplig sm\u00f6rjning:<\/strong> Regelbunden sm\u00f6rjning \u00e4r avg\u00f6rande f\u00f6r att minska friktion och slitage. Se till att r\u00e4tt typ och m\u00e4ngd hydraulolja anv\u00e4nds och f\u00f6lj tillverkarens riktlinjer f\u00f6r sm\u00f6rjningsfrekvens.<\/li>\n<li><strong>Kontroller av t\u00e4tningsbyte och kalibrering:<\/strong> Kontrollera regelbundet t\u00e4tningarna f\u00f6r slitage och byt ut dem vid behov. Kalibreringskontroller s\u00e4kerst\u00e4ller att cylindern fungerar inom angivna parametrar, vilket bibeh\u00e5ller systemets effektivitet och s\u00e4kerhet.<\/li>\n<\/ul>\n<p>Korrekt installation, sm\u00f6rjning och justering \u00e4r avg\u00f6rande f\u00f6r att s\u00e4kerst\u00e4lla bomcylinderns livsl\u00e4ngd och effektivitet. Se till att cylindern \u00e4r korrekt justerad och s\u00e4kert monterad med l\u00e4mpliga st\u00f6d under installationen. Rekommenderade metoder f\u00f6r kontroll, reparation och utbyte av komponenter b\u00f6r f\u00f6ljas noggrant. Genom att implementera dessa strategier kommer bomcylinderns livsl\u00e4ngd och prestanda att f\u00f6rb\u00e4ttras.<\/p>\n<p><img decoding=\"async\" src=\"https:\/\/www.hydraulic-cylinders.net\/wp-content\/uploads\/2025\/04\/songte-chushion-collar.webp\" alt=\"D\u00e4mpningskrage f\u00f6r hydraulcylindrar\" \/><\/p>\n<h2>S\u00e4kerhetsaspekter och milj\u00f6faktorer<\/h2>\n<p>Vid anv\u00e4ndning av bomcylindrar \u00e4r det av yttersta vikt att implementera s\u00e4kerhets\u00e5tg\u00e4rder. Operat\u00f6rer b\u00f6r utbildas i s\u00e4kra driftsrutiner f\u00f6r att minimera risken f\u00f6r olyckor. Dessutom \u00e4r det viktigt att f\u00f6rst\u00e5 de milj\u00f6faktorer som kan p\u00e5verka hydraulcylindrarnas funktion, s\u00e5som temperaturfluktuationer och exponering f\u00f6r farliga \u00e4mnen. Regelbundna s\u00e4kerhetsrevisioner kan hj\u00e4lpa till att identifiera potentiella risker och s\u00e4kerst\u00e4lla att s\u00e4kerhetsf\u00f6reskrifterna f\u00f6ljs.<\/p>\n<h2>Feldiagnos och vanliga problem<\/h2>\n<ul>\n<li><strong>Hydrauliska l\u00e4ckor:<\/strong> L\u00e4ckage kan uppst\u00e5 p\u00e5 grund av slitna t\u00e4tningar eller skadade komponenter. Regelbundna inspektioner och snabba utbyten kan minska detta problem.<\/li>\n<li><strong>L\u00e5ngsam drift:<\/strong> Om cylindern g\u00e5r l\u00e5ngsamt kan det tyda p\u00e5 l\u00e5ga hydraulv\u00e4tskeniv\u00e5er eller f\u00f6roreningar. Regelbundet underh\u00e5ll och v\u00e4tskekontroller \u00e4r avg\u00f6rande.<\/li>\n<li><strong>Ovanliga ljud:<\/strong> Ljud under drift kan tyda p\u00e5 mekaniskt slitage eller luft i hydraulsystemet. Att identifiera och \u00e5tg\u00e4rda dessa problem snabbt kan f\u00f6rhindra ytterligare skador.<\/li>\n<\/ul>\n<h2>Fels\u00f6kningstips och l\u00f6sningar<\/h2>\n<p>F\u00f6r att effektivt diagnostisera och l\u00f6sa problem med bomcylindrar b\u00f6r operat\u00f6rer f\u00f6lja specifika steg. B\u00f6rja med att kontrollera hydraulv\u00e4tskeniv\u00e5erna och inspektera f\u00f6r l\u00e4ckor. Om l\u00e5ngsam drift observeras, utv\u00e4rdera systemet f\u00f6r kontaminering och byt v\u00e4tskor vid behov. Ovanliga ljud b\u00f6r unders\u00f6kas genom att unders\u00f6ka t\u00e4tningar och mekaniska komponenter f\u00f6r slitage eller skador. Genom att implementera f\u00f6rebyggande \u00e5tg\u00e4rder som rutinm\u00e4ssigt underh\u00e5ll och f\u00f6lja driftsriktlinjer kan f\u00f6rekomsten av dessa problem avsev\u00e4rt minskas.<\/p>\n<p><img decoding=\"async\" src=\"https:\/\/www.hydraulic-cylinders.net\/wp-content\/uploads\/2025\/04\/songte-bushings-with-all-kinds-of-excavator-models.webp\" alt=\"Bussningar f\u00f6r hydraulcylindrar\" \/><\/p>\n<h2>F\u00f6retags\u00f6versikt<\/h2>\n<p>Vi \u00e4r en ledande tillverkare av hydraulcylindrar f\u00f6r reservdelar och specialiserar oss p\u00e5 ett brett utbud av produkter. V\u00e5rt f\u00f6retag har etablerat sig som en nyckelakt\u00f6r p\u00e5 den inhemska och internationella marknaden f\u00f6r tillverkning och grossistdistribution av hydraulcylindrar. Vi str\u00e4var efter h\u00f6gsta kvalitet och utnyttjar f\u00f6rfinade strategier f\u00f6r tillverkningshantering. Med fokus p\u00e5 precisionstillverkning, avancerad digital utrustning och professionella testsystem f\u00f6rb\u00e4ttrar vi st\u00e4ndigt v\u00e5r produktionskapacitet. V\u00e5r robusta kapacitet s\u00e4kerst\u00e4ller att vi m\u00f6ter v\u00e5ra kunders olika behov med h\u00f6g effektivitet, noggrannhet och kvalitet.<\/p>\n<p><img decoding=\"async\" src=\"https:\/\/www.hydraulic-cylinders.net\/wp-content\/uploads\/2025\/04\/songte-company-4.webp\" alt=\"F\u00f6retags\u00f6versikt 1\" \/><br \/>\n<img decoding=\"async\" src=\"https:\/\/www.hydraulic-cylinders.net\/wp-content\/uploads\/2025\/04\/songte-company-3.webp\" alt=\"F\u00f6retags\u00f6versikt 2\" \/><\/p>\n<h2>Slutsats<\/h2>\n<p>Med v\u00e5rt engagemang f\u00f6r professionell service, internationella certifieringar och anpassningsbara l\u00f6sningar s\u00e4kerst\u00e4ller vi att v\u00e5ra produkter sticker ut p\u00e5 marknaden. V\u00e5ra toppmoderna produktionsanl\u00e4ggningar och dedikerade eftermarknadsservice \u00f6kar ytterligare v\u00e5r tillf\u00f6rlitlighet och kundn\u00f6jdhet.<\/p>\n<p>F\u00f6rfattare: lyl<\/p>","protected":false},"excerpt":{"rendered":"<p>Boom Cylinder For Yanmar V55-6 Introduction to Boom Cylinder The Boom Cylinder is a vital component in heavy machinery, specifically designed for machines like excavators, backhoe loaders, and front loaders. It plays a crucial role in controlling the movement of the bucket, allowing it to lift, lower, and tilt. This functionality is essential for efficient [&hellip;]<\/p>","protected":false},"featured_media":17869,"comment_status":"open","ping_status":"closed","template":"","meta":{"_et_pb_use_builder":"","_et_pb_old_content":"","_et_gb_content_width":""},"product_brand":[],"product_cat":[1546],"product_tag":[1547,1496],"class_list":{"0":"post-19561","1":"product","2":"type-product","3":"status-publish","4":"has-post-thumbnail","6":"product_cat-boom-cylinders","7":"product_tag-boom-cylinders","8":"product_tag-hydraulic-cylinders","10":"first","11":"instock","12":"shipping-taxable","13":"product-type-simple"},"amp_enabled":true,"_links":{"self":[{"href":"https:\/\/www.hydraulic-cylinders.net\/sv\/wp-json\/wp\/v2\/product\/19561","targetHints":{"allow":["GET"]}}],"collection":[{"href":"https:\/\/www.hydraulic-cylinders.net\/sv\/wp-json\/wp\/v2\/product"}],"about":[{"href":"https:\/\/www.hydraulic-cylinders.net\/sv\/wp-json\/wp\/v2\/types\/product"}],"replies":[{"embeddable":true,"href":"https:\/\/www.hydraulic-cylinders.net\/sv\/wp-json\/wp\/v2\/comments?post=19561"}],"wp:featuredmedia":[{"embeddable":true,"href":"https:\/\/www.hydraulic-cylinders.net\/sv\/wp-json\/wp\/v2\/media\/17869"}],"wp:attachment":[{"href":"https:\/\/www.hydraulic-cylinders.net\/sv\/wp-json\/wp\/v2\/media?parent=19561"}],"wp:term":[{"taxonomy":"product_brand","embeddable":true,"href":"https:\/\/www.hydraulic-cylinders.net\/sv\/wp-json\/wp\/v2\/product_brand?post=19561"},{"taxonomy":"product_cat","embeddable":true,"href":"https:\/\/www.hydraulic-cylinders.net\/sv\/wp-json\/wp\/v2\/product_cat?post=19561"},{"taxonomy":"product_tag","embeddable":true,"href":"https:\/\/www.hydraulic-cylinders.net\/sv\/wp-json\/wp\/v2\/product_tag?post=19561"}],"curies":[{"name":"wp","href":"https:\/\/api.w.org\/{rel}","templated":true}]}}