{"id":19573,"date":"2025-04-07T06:55:15","date_gmt":"2025-04-07T06:55:15","guid":{"rendered":"https:\/\/www.hydraulic-cylinders.net\/product\/boom-cylinder-for-john-deere-e360lc\/"},"modified":"2025-04-07T06:55:18","modified_gmt":"2025-04-07T06:55:18","slug":"boom-cylinder-for-john-deere-e360lc","status":"publish","type":"product","link":"https:\/\/www.hydraulic-cylinders.net\/sv\/produkt\/boom-cylinder-for-john-deere-e360lc\/","title":{"rendered":"Bomcylinder f\u00f6r John Deere E360LC"},"content":{"rendered":"<h1>Bomcylinder f\u00f6r John Deere E360LC<\/h1>\n<h2>Vad \u00e4r en bomcylinder?<\/h2>\n<p>En bomcylinder \u00e4r en typ av hydraulcylinder som \u00e4r speciellt utformad f\u00f6r att styra bommens r\u00f6relse i tunga maskiner som gr\u00e4vmaskiner, traktorgr\u00e4vare och frontlastare. Denna hydraulcylinder g\u00f6r att bommen kan h\u00f6jas, s\u00e4nkas och lutas, vilket underl\u00e4ttar materialhanteringsuppgifter med precision och effektivitet. I hydrauliska system spelar bomcylindrar en avg\u00f6rande roll genom att omvandla hydraultryck till mekanisk kraft, vilket i sin tur m\u00f6jligg\u00f6r f\u00f6rflyttning av tunga utrustningskomponenter. De \u00e4r viktiga f\u00f6r att utf\u00f6ra uppgifter som involverar gr\u00e4vning, lyftning och transport av material.<\/p>\n<p><img decoding=\"async\" src=\"https:\/\/www.hydraulic-cylinders.net\/wp-content\/uploads\/2025\/04\/songte-company-1.webp\" alt=\"Bild av bomcylinder\"><\/p>\n<h2>Viktiga funktioner hos bomcylindern<\/h2>\n<ul>\n<li><strong>H\u00f6g styrka och h\u00e5llbarhet:<\/strong> Bomcylindrar, som vanligtvis \u00e4r tillverkade av h\u00f6gh\u00e5llfast st\u00e5l eller aluminium, t\u00e5l h\u00f6gt tryck och tunga belastningar, vilket g\u00f6r dem l\u00e4mpliga f\u00f6r tuffa arbetsmilj\u00f6er. De \u00e4r konstruerade med slitstyrka och korrosionsskydd i \u00e5tanke, vilket f\u00f6rl\u00e4nger deras livsl\u00e4ngd.<\/li>\n<li><strong>Effektiv hydraulisk drift:<\/strong> De anv\u00e4nder hydrauliskt oljetryck f\u00f6r att uppn\u00e5 smidig ut- och indragning, vilket m\u00f6jligg\u00f6r snabb respons p\u00e5 styrkommandon. Detta ger kraftfulla tryck- och dragkrafter, perfekt f\u00f6r hantering av tunga material och komplexa uppgifter.<\/li>\n<li><strong>Olika typer tillg\u00e4ngliga:<\/strong> Bomcylindrar kan v\u00e4ljas som enkelverkande (med hydraultryck i en riktning) eller dubbelverkande (med hydraultryck i b\u00e5da riktningarna) f\u00f6r att m\u00f6ta olika driftsbehov. Vissa modeller \u00e4r teleskopiska, vilket m\u00f6jligg\u00f6r st\u00f6rre utdrag utan att \u00f6ka de yttre m\u00e5tten, vilket g\u00f6r dem l\u00e4mpliga f\u00f6r utrymmesbegr\u00e4nsade till\u00e4mpningar.<\/li>\n<li><strong>Anpassad tillverkning:<\/strong> Vi tillverkar dessa produkter f\u00f6r att perfekt ers\u00e4tta befintliga hydraulcylindrar, vilket s\u00e4kerst\u00e4ller kompatibilitet och prestandaeffektivitet i dina maskiner.<\/li>\n<\/ul>\n<p><img decoding=\"async\" src=\"https:\/\/www.hydraulic-cylinders.net\/wp-content\/uploads\/2025\/04\/songte-cylinder-head-with-all-kinds-excavator-models.webp\" alt=\"Gr\u00e4vmaskinsmodeller\"><\/p>\n<h2>Anv\u00e4ndningsomr\u00e5den f\u00f6r bomcylindrar<\/h2>\n<h3>Byggutrustning<\/h3>\n<p>I gr\u00e4vmaskiner \u00e4r bomcylindrar avg\u00f6rande f\u00f6r gr\u00e4vning, lastning och f\u00f6rflyttning av jord eller skr\u00e4p. De g\u00f6r det m\u00f6jligt f\u00f6r f\u00f6raren att kontrollera bommens djup och vinkel, vilket f\u00f6rb\u00e4ttrar driftseffektiviteten. I gr\u00e4vlastare underl\u00e4ttar bomcylindern b\u00e5de gr\u00e4vnings- och lyftuppgifterna, vilket g\u00f6r dem m\u00e5ngsidiga f\u00f6r olika byggjobb.<\/p>\n<h3>Jordbruksmaskiner<\/h3>\n<p>I frontlastare anv\u00e4nds bomcylindrar f\u00f6r att skopa, lyfta och transportera material som jord, h\u00f6 och andra varor. Deras design m\u00f6jligg\u00f6r exakt kontroll \u00f6ver lyftmekanismen, vilket s\u00e4kerst\u00e4ller effektiva lastnings- och lossningsprocesser p\u00e5 g\u00e5rdar.<\/p>\n<h3>Gr\u00e4vmaskiner<\/h3>\n<p>Bomcylindrar i gr\u00e4vmaskiner g\u00f6r att skopan kan tr\u00e4nga ner i jorden effektivt, vilket underl\u00e4ttar kraftfulla gr\u00e4vningar. Hydraulsystemet m\u00f6jligg\u00f6r smidiga \u00f6verg\u00e5ngar mellan att lyfta och s\u00e4nka bommen, vilket \u00e4r avg\u00f6rande f\u00f6r olika gr\u00e4vuppgifter.<\/p>\n<h3>Lastare<\/h3>\n<p>Hos frontlastare hj\u00e4lper bomcylindrar till att lyfta och dumpa laster effektivt. Deras robusta design s\u00e4kerst\u00e4ller att tunga material kan hanteras s\u00e4kert och effektivt, vilket g\u00f6r dem oumb\u00e4rliga i b\u00e5de bygg- och materialhanteringsmilj\u00f6er.<\/p>\n<h2>Design\u00f6verv\u00e4ganden och urvalskriterier<\/h2>\n<ul>\n<li><strong>Lastkapacitet:<\/strong> Lastkapaciteten hos en bomcylinder \u00e4r avg\u00f6rande eftersom den avg\u00f6r vikten den s\u00e4kert kan lyfta. Att v\u00e4lja en cylinder med l\u00e4mplig lastklassning s\u00e4kerst\u00e4ller maskinens prestanda och s\u00e4kerhet. Att analysera de specifika kraven och potentiella lastscenarierna \u00e4r avg\u00f6rande under urvalsprocessen.<\/li>\n<li><strong>T\u00e4tningsmekanism:<\/strong> Effektiv t\u00e4tning \u00e4r avg\u00f6rande f\u00f6r att f\u00f6rhindra l\u00e4ckage av hydraulv\u00e4tska, vilket kan leda till systemfel och minskad effektivitet. T\u00e4tningarna m\u00e5ste vara h\u00e5llbara och slitstarka, eftersom de spelar en avg\u00f6rande roll f\u00f6r att uppr\u00e4tth\u00e5lla hydraulsystemets integritet.<\/li>\n<li><strong>Varaktighet:<\/strong> Bomcylindrar m\u00e5ste vara konstruerade f\u00f6r att klara av p\u00e5frestningarna i kr\u00e4vande till\u00e4mpningar. Detta inkluderar motst\u00e5ndskraft mot slitage, korrosion och extrema arbetsf\u00f6rh\u00e5llanden. Material och bel\u00e4ggningar som anv\u00e4nds vid tillverkningen b\u00f6r v\u00e4ljas baserat p\u00e5 den f\u00f6rv\u00e4ntade driftsmilj\u00f6n.<\/li>\n<li><strong>S\u00e4kerhetsfunktioner:<\/strong> Att inf\u00f6rliva s\u00e4kerhetsfunktioner som tryckavlastningsventiler och \u00f6verbelastningsskyddssystem \u00e4r avg\u00f6rande. Dessa funktioner hj\u00e4lper till att f\u00f6rhindra olyckor och s\u00e4kerst\u00e4lla s\u00e4ker drift av tunga maskiner, s\u00e4rskilt i farliga arbetsmilj\u00f6er.<\/li>\n<li><strong>Tillg\u00e4nglighet f\u00f6r underh\u00e5ll:<\/strong> En design som m\u00f6jligg\u00f6r enkel \u00e5tkomst till komponenter f\u00f6r underh\u00e5ll och reparationer \u00e4r avg\u00f6rande. Detta minskar inte bara driftstopp utan s\u00e4kerst\u00e4ller ocks\u00e5 att operat\u00f6rerna kan utf\u00f6ra rutinkontroller f\u00f6r att s\u00e4kerst\u00e4lla optimal prestanda.<\/li>\n<\/ul>\n<p><img decoding=\"async\" src=\"https:\/\/www.hydraulic-cylinders.net\/wp-content\/uploads\/2025\/04\/songte-oil-pipes-and-spare-parts.webp\" alt=\"Oljer\u00f6r och reservdelar\"><\/p>\n<h2>T\u00e4tning och sm\u00f6rjning av bomcylindern<\/h2>\n<p>F\u00f6r att s\u00e4kerst\u00e4lla bomcylindrarnas livsl\u00e4ngd och prestanda anv\u00e4nds olika t\u00e4tningskomponenter, s\u00e5som kolvt\u00e4tningar och st\u00e5ngt\u00e4tningar. Valet av material som polyuretan och nitrilgummi \u00e4r avg\u00f6rande, eftersom dessa ger utm\u00e4rkt slitstyrka och h\u00e5llbarhet. Cylinderhuset och de g\u00e4ngade \u00e4ndarna \u00e4r fint bearbetade f\u00f6r att f\u00f6rb\u00e4ttra slitstyrkan, vilket s\u00e4kerst\u00e4ller en t\u00e4t t\u00e4tning och f\u00f6rhindrar l\u00e4ckage. Regelbunden sm\u00f6rjning med l\u00e4mplig hydraulolja \u00e4r n\u00f6dv\u00e4ndig f\u00f6r att bibeh\u00e5lla optimal funktion och minska friktionen mellan r\u00f6rliga delar. Korrekt sm\u00f6rjning hj\u00e4lper till att f\u00f6rl\u00e4nga cylinderns livsl\u00e4ngd och bibeh\u00e5lla dess prestanda.<\/p>\n<h2>Regelbundna inspektioner och f\u00f6rebyggande underh\u00e5lls\u00e5tg\u00e4rder<\/h2>\n<ul>\n<li><strong>Rutininspektioner:<\/strong> Utf\u00f6r regelbundna visuella inspektioner f\u00f6r att identifiera tecken p\u00e5 slitage, l\u00e4ckage eller skador. Denna proaktiva metod hj\u00e4lper till att uppt\u00e4cka potentiella problem tidigt och f\u00f6rhindra mer allvarliga problem l\u00e4ngre fram.<\/li>\n<li><strong>L\u00e4mplig sm\u00f6rjning:<\/strong> S\u00e4kerst\u00e4ll att sm\u00f6rjscheman f\u00f6ljs och att r\u00e4tt typ av hydraulolja anv\u00e4nds. Kontrollera oljeniv\u00e5erna regelbundet och fyll p\u00e5 vid behov f\u00f6r att bibeh\u00e5lla korrekt drift.<\/li>\n<li><strong>Byte av t\u00e4tning:<\/strong> Kontrollera regelbundet t\u00e4tningarna f\u00f6r slitage och byt ut dem vid behov f\u00f6r att f\u00f6rhindra l\u00e4ckage av hydraulv\u00e4tska. V\u00e4l underh\u00e5llna t\u00e4tningar \u00e4r avg\u00f6rande f\u00f6r att hydraulsystemet ska fungera effektivt.<\/li>\n<\/ul>\n<h2>Riktlinjer f\u00f6r korrekt installation<\/h2>\n<p>Korrekt installation av en bomcylinder \u00e4r avg\u00f6rande f\u00f6r optimal prestanda. B\u00f6rja med att se till att monteringsytorna \u00e4r rena och fria fr\u00e5n skr\u00e4p. Anv\u00e4nd l\u00e4mpliga installationsf\u00e4sten f\u00f6r att s\u00e4kra cylindern p\u00e5 plats och se till att den \u00e4r korrekt inriktad mot maskinen. Feljustering kan leda till f\u00f6r tidigt slitage och potentiellt fel. Kontrollera under installationen att alla kopplingar \u00e4r \u00e5tdragna och l\u00e4ckages\u00e4kra. Efter installationen, utf\u00f6r en noggrann inspektion av anslutningar och hydraulledningar f\u00f6r att s\u00e4kerst\u00e4lla att det inte finns n\u00e5gra l\u00e4ckor och att systemet fungerar korrekt. Se regelbundet tillverkarens riktlinjer f\u00f6r specifika installationsprocedurer och \u00e5tdragningsmomentspecifikationer.<\/p>\n<p><img decoding=\"async\" src=\"https:\/\/www.hydraulic-cylinders.net\/wp-content\/uploads\/2025\/04\/songte-chushion-collar.webp\" alt=\"Bild av kuddekrage\"><\/p>\n<h2>S\u00e4kerhetsaspekter och milj\u00f6faktorer<\/h2>\n<p>Vid arbete med hydraulcylindrar \u00e4r s\u00e4kerhets\u00e5tg\u00e4rder av yttersta vikt. Operat\u00f6rer b\u00f6r utbildas i korrekt anv\u00e4ndning av maskiner och vara medvetna om potentiella faror i samband med hydrauliska system. Det \u00e4r avg\u00f6rande att b\u00e4ra l\u00e4mplig personlig skyddsutrustning (PPE) f\u00f6r att f\u00f6rhindra skador vid utrustningsfel. Dessutom b\u00f6r milj\u00f6faktorer som tryckfluktuationer och extrema temperaturer beaktas under drift, eftersom de kan p\u00e5verka hydraulsystemens prestanda och s\u00e4kerhet. Regelbundna kontroller och efterlevnad av s\u00e4kerhetsprotokoll hj\u00e4lper till att minska risker och uppr\u00e4tth\u00e5lla s\u00e4kerheten p\u00e5 arbetsplatsen.<\/p>\n<h2>Fels\u00f6kning och vanliga problem<\/h2>\n<ul>\n<li><strong>Hydrauliska l\u00e4ckor:<\/strong> Om det finns synliga l\u00e4ckor, kontrollera t\u00e4tningar och kopplingar f\u00f6r skador eller lossning. Byt ut slitna t\u00e4tningar och se till att kopplingarna \u00e4r ordentligt \u00e5tdragna.<\/li>\n<li><strong>Minskad cylinderprestanda:<\/strong> Om bomcylindern inte svarar som f\u00f6rv\u00e4ntat, kontrollera hydraulv\u00e4tskeniv\u00e5erna och se till att det inte finns n\u00e5gra blockeringar i hydraulledningarna.<\/li>\n<li><strong>Ovanliga ljud:<\/strong> Om det uppst\u00e5r skrapande eller v\u00e4sande ljud kan det tyda p\u00e5 interna skador eller luft i hydraulsystemet. Kontrollera om det finns tecken p\u00e5 slitage och lufta systemet vid behov.<\/li>\n<\/ul>\n<p>F\u00f6r att effektivt diagnostisera och \u00e5tg\u00e4rda dessa problem \u00e4r det viktigt att uppr\u00e4tth\u00e5lla ett omfattande underh\u00e5llsschema och vara bekant med driftsriktlinjerna f\u00f6r den maskin som anv\u00e4nds. F\u00f6rebyggande \u00e5tg\u00e4rder b\u00f6r implementeras f\u00f6r att minimera risken f\u00f6r dessa vanliga problem.<\/p>\n<p><img decoding=\"async\" src=\"https:\/\/www.hydraulic-cylinders.net\/wp-content\/uploads\/2025\/04\/songte-bushings-with-all-kinds-of-excavator-models.webp\" alt=\"Bussningar med gr\u00e4vmaskinsmodeller\"><\/p>\n<h2>Om v\u00e5rt f\u00f6retag<\/h2>\n<p>Vi \u00e4r en tillverkare av hydraulcylindrar f\u00f6r reservdelar och kan skryta med ett omfattande produktsortiment som g\u00f6r oss till en ledande tillverkare och grossistdistribut\u00f6r av hydraulcylindrar p\u00e5 b\u00e5de inhemska och internationella marknader. Vi f\u00f6ljer principerna om h\u00f6gsta kvalitet samtidigt som vi f\u00f6rlitar oss p\u00e5 en f\u00f6rfinad strategi f\u00f6r industriell produktionshantering. V\u00e5rt f\u00f6retag f\u00f6rb\u00e4ttrar kontinuerligt v\u00e5r tillverkningsplattform genom att anv\u00e4nda skicklig teknisk personal, avancerad digital tillverkningsutrustning och professionella inspektionssystem. Med en stark innovationsf\u00f6rm\u00e5ga prioriterar vi h\u00f6g effektivitet, precision och kvalitet f\u00f6r att m\u00f6ta v\u00e5ra kunders olika behov.<\/p>\n<p><img decoding=\"async\" src=\"https:\/\/www.hydraulic-cylinders.net\/wp-content\/uploads\/2025\/04\/songte-company-4.webp\" alt=\"Bild av f\u00f6retagets verksamhet\"><br \/>\n<img decoding=\"async\" src=\"https:\/\/www.hydraulic-cylinders.net\/wp-content\/uploads\/2025\/04\/songte-company-3.webp\" alt=\"Bild av tillverkningsprocess\"><\/p>\n<p>Dessutom erbjuder vi professionella tj\u00e4nster, internationella certifieringar, anpassningsbara l\u00f6sningar, toppmodern produktionsutrustning och p\u00e5litlig eftermarknadssupport f\u00f6r att s\u00e4kerst\u00e4lla fullst\u00e4ndig kundn\u00f6jdhet.<\/p>\n<p>F\u00f6rfattare: lyl<\/p>","protected":false},"excerpt":{"rendered":"<p>Boom Cylinder For John Deere E360LC What is a Boom Cylinder? A boom cylinder is a type of hydraulic cylinder specifically designed for controlling the movement of the boom in heavy machinery such as excavators, backhoe loaders, and front-end loaders. This hydraulic cylinder allows the boom to raise, lower, and tilt, facilitating material handling tasks [&hellip;]<\/p>","protected":false},"featured_media":17881,"comment_status":"open","ping_status":"closed","template":"","meta":{"_et_pb_use_builder":"","_et_pb_old_content":"","_et_gb_content_width":""},"product_brand":[],"product_cat":[1546],"product_tag":[1547,1496],"class_list":{"0":"post-19573","1":"product","2":"type-product","3":"status-publish","4":"has-post-thumbnail","6":"product_cat-boom-cylinders","7":"product_tag-boom-cylinders","8":"product_tag-hydraulic-cylinders","10":"first","11":"instock","12":"shipping-taxable","13":"product-type-simple"},"amp_enabled":true,"_links":{"self":[{"href":"https:\/\/www.hydraulic-cylinders.net\/sv\/wp-json\/wp\/v2\/product\/19573","targetHints":{"allow":["GET"]}}],"collection":[{"href":"https:\/\/www.hydraulic-cylinders.net\/sv\/wp-json\/wp\/v2\/product"}],"about":[{"href":"https:\/\/www.hydraulic-cylinders.net\/sv\/wp-json\/wp\/v2\/types\/product"}],"replies":[{"embeddable":true,"href":"https:\/\/www.hydraulic-cylinders.net\/sv\/wp-json\/wp\/v2\/comments?post=19573"}],"wp:featuredmedia":[{"embeddable":true,"href":"https:\/\/www.hydraulic-cylinders.net\/sv\/wp-json\/wp\/v2\/media\/17881"}],"wp:attachment":[{"href":"https:\/\/www.hydraulic-cylinders.net\/sv\/wp-json\/wp\/v2\/media?parent=19573"}],"wp:term":[{"taxonomy":"product_brand","embeddable":true,"href":"https:\/\/www.hydraulic-cylinders.net\/sv\/wp-json\/wp\/v2\/product_brand?post=19573"},{"taxonomy":"product_cat","embeddable":true,"href":"https:\/\/www.hydraulic-cylinders.net\/sv\/wp-json\/wp\/v2\/product_cat?post=19573"},{"taxonomy":"product_tag","embeddable":true,"href":"https:\/\/www.hydraulic-cylinders.net\/sv\/wp-json\/wp\/v2\/product_tag?post=19573"}],"curies":[{"name":"wp","href":"https:\/\/api.w.org\/{rel}","templated":true}]}}