{"id":19574,"date":"2025-04-07T06:55:18","date_gmt":"2025-04-07T06:55:18","guid":{"rendered":"https:\/\/www.hydraulic-cylinders.net\/product\/boom-cylinder-for-yuchai-yc08-8\/"},"modified":"2025-04-07T06:55:20","modified_gmt":"2025-04-07T06:55:20","slug":"boom-cylinder-for-yuchai-yc08-8","status":"publish","type":"product","link":"https:\/\/www.hydraulic-cylinders.net\/sv\/produkt\/boom-cylinder-for-yuchai-yc08-8\/","title":{"rendered":"Bomcylinder f\u00f6r Yuchai YC08-8"},"content":{"rendered":"<h1>Bomcylinder f\u00f6r Yuchai YC08-8<\/h1>\n<h2>Produkt\u00f6versikt<\/h2>\n<p>Bomcylindern f\u00f6r Yuchai YC08-8 \u00e4r en viktig komponent i hydraulsystem som anv\u00e4nds i tunga maskiner. Som en typ av hydraulcylinder \u00e4r den specifikt utformad f\u00f6r att styra r\u00f6relsen hos skopor i olika utrustningar som gr\u00e4vmaskiner, gr\u00e4vlastare och frontlastare. Bomcylinderns prim\u00e4ra funktion \u00e4r att m\u00f6jligg\u00f6ra lyftning, s\u00e4nkning och lutning av skopan, vilket underl\u00e4ttar effektiva materialhanteringsuppgifter.<\/p>\n<p>Bomcylinderns funktion \u00e4r avg\u00f6rande f\u00f6r bygg- och jordbruksmaskiner, d\u00e4r exakt kontroll och kraftfull prestanda beh\u00f6vs. Den m\u00f6jligg\u00f6r smidiga r\u00f6relser och ger den kraft som kr\u00e4vs f\u00f6r att hantera tunga laster effektivt. Hydraulsystemet anv\u00e4nder v\u00e4tsketryck, vilket g\u00f6r att bomcylindern kan f\u00f6rl\u00e4ngas och dras in s\u00f6ml\u00f6st. Denna funktion \u00e4r avg\u00f6rande f\u00f6r att utf\u00f6ra olika operationer, inklusive gr\u00e4vning, lyftning och transport av material.<\/p>\n<p><img decoding=\"async\" src=\"https:\/\/www.hydraulic-cylinders.net\/wp-content\/uploads\/2025\/04\/songte-company-1.webp\" alt=\"Bomcylinder\"><\/p>\n<h2>Viktiga funktioner<\/h2>\n<ul>\n<li>\n<h3>H\u00f6g styrka och h\u00e5llbarhet<\/h3>\n<p>Bomcylindern \u00e4r tillverkad av h\u00f6gh\u00e5llfast st\u00e5l eller aluminium och \u00e4r konstruerad f\u00f6r att motst\u00e5 h\u00f6gt tryck och tunga belastningar. Dess konstruktion tar h\u00e4nsyn till slitstyrka och korrosionsskydd, vilket s\u00e4kerst\u00e4ller l\u00e5ng livsl\u00e4ngd \u00e4ven i tuffa arbetsmilj\u00f6er.<\/p>\n<\/li>\n<li>\n<h3>Effektiv hydraulisk drift<\/h3>\n<p>Bomcylindern anv\u00e4nder hydrauliskt oljetryck f\u00f6r att uppn\u00e5 smidiga ut- och inf\u00e4llningsr\u00f6relser. Den reagerar snabbt p\u00e5 f\u00f6rarens kommandon och ger robusta tryck- och dragkrafter som \u00e4r l\u00e4mpliga f\u00f6r hantering av tunga f\u00f6rem\u00e5l och komplexa uppgifter.<\/p>\n<\/li>\n<li>\n<h3>Olika typer<\/h3>\n<p>Beroende p\u00e5 till\u00e4mpningsbehov kan bomcylindern v\u00e4ljas som antingen enkelverkande (i en riktning) eller dubbelverkande (i tv\u00e5 riktningar). Vissa modeller \u00e4r teleskopiska, vilket m\u00f6jligg\u00f6r st\u00f6rre utdrag utan att \u00f6ka de yttre m\u00e5tten, vilket g\u00f6r dem l\u00e4mpliga f\u00f6r tr\u00e5nga utrymmen.<\/p>\n<\/li>\n<li>\n<h3>Anpassad tillverkning<\/h3>\n<p>V\u00e5rt f\u00f6retag specialiserar sig p\u00e5 att tillverka bomcylindrar skr\u00e4ddarsydda f\u00f6r specifika behov. V\u00e5ra produkter kan perfekt ers\u00e4tta befintliga hydraulcylindrar, vilket s\u00e4kerst\u00e4ller kompatibilitet och prestanda.<\/p>\n<\/li>\n<li>\n<h3>Avancerad teknikintegration<\/h3>\n<p>Vi anv\u00e4nder spjutspetsteknik i v\u00e5ra tillverkningsprocesser, vilket f\u00f6rb\u00e4ttrar precisionen och kvaliteten p\u00e5 v\u00e5ra bomcylindrar.<\/p>\n<\/li>\n<\/ul>\n<p><img decoding=\"async\" src=\"https:\/\/www.hydraulic-cylinders.net\/wp-content\/uploads\/2025\/04\/songte-cylinder-head-with-all-kinds-excavator-models.webp\" alt=\"Hydrauliskt cylinderhuvud\"><\/p>\n<h2>Applikationsscenarier<\/h2>\n<h3>Byggutrustning<\/h3>\n<p>I gr\u00e4vmaskiner spelar bomcylindrar en avg\u00f6rande roll vid gr\u00e4vning, lastning och f\u00f6rflyttning av jord eller skr\u00e4p. De g\u00f6r att skopan kan tr\u00e4nga ner i marken effektivt, vilket g\u00f6r det m\u00f6jligt f\u00f6r f\u00f6rarna att utf\u00f6ra gr\u00e4varbeten effektivt. I gr\u00e4vlastare hj\u00e4lper dessa cylindrar inte bara till med gr\u00e4vning utan \u00e4ven med att lyfta material, vilket s\u00e4kerst\u00e4ller m\u00e5ngsidighet vid byggarbeten.<\/p>\n<h3>Jordbruksmaskiner<\/h3>\n<p>I frontlastare \u00e4r bomcylindrar viktiga f\u00f6r att skopa, lyfta och transportera jord, h\u00f6 och andra material. Deras hydrauliska kraft s\u00e4kerst\u00e4ller att stora volymer kan flyttas snabbt och effektivt, vilket \u00f6kar produktiviteten p\u00e5 g\u00e5rdar och jordbruksplatser.<\/p>\n<h3>Gr\u00e4vmaskiner<\/h3>\n<p>Gr\u00e4vmaskiner f\u00f6rlitar sig p\u00e5 bomcylindrar f\u00f6r att underl\u00e4tta gr\u00e4vningen, vilket g\u00f6r att skopan kan tr\u00e4nga ner i jorden effektivt. Denna f\u00f6rm\u00e5ga \u00e4r avg\u00f6rande f\u00f6r olika uppgifter, inklusive schaktning, nivellering och markf\u00f6rberedelse, d\u00e4r precision och kraft \u00e4r n\u00f6dv\u00e4ndiga.<\/p>\n<h3>Lastare<\/h3>\n<p>Hos frontlastare bidrar bomcylindrar avsev\u00e4rt till att lyfta och dumpa laster effektivt. De \u00e4r konstruerade f\u00f6r att hantera kraven fr\u00e5n tunga lyft samtidigt som de bibeh\u00e5ller stabilitet och kontroll, vilket g\u00f6r dem oumb\u00e4rliga vid materialhantering.<\/p>\n<h2>Design\u00f6verv\u00e4ganden<\/h2>\n<h3>Lastkapacitet<\/h3>\n<p>Bomcylinderns lastkapacitet \u00e4r en avg\u00f6rande faktor i dess konstruktion. Den m\u00e5ste konstrueras f\u00f6r att hantera den maximala vikt den uts\u00e4tts f\u00f6r utan att kompromissa med s\u00e4kerhet eller prestanda. Detta inneb\u00e4r att man v\u00e4ljer l\u00e4mpliga material och dimensioner f\u00f6r att s\u00e4kerst\u00e4lla strukturell integritet under belastning.<\/p>\n<h3>T\u00e4tning<\/h3>\n<p>Effektiv t\u00e4tning \u00e4r avg\u00f6rande i hydraulcylindrar f\u00f6r att f\u00f6rhindra v\u00e4tskel\u00e4ckage och kontaminering. H\u00f6gkvalitativa t\u00e4tningar m\u00e5ste anv\u00e4ndas f\u00f6r att bibeh\u00e5lla trycket i systemet, vilket s\u00e4kerst\u00e4ller optimal prestanda och livsl\u00e4ngd f\u00f6r cylindern. Konstruktionen b\u00f6r anpassas till olika t\u00e4tningstyper f\u00f6r att tillgodose specifika driftsf\u00f6rh\u00e5llanden.<\/p>\n<h3>Varaktighet<\/h3>\n<p>H\u00e5llbarhet \u00e4r av st\u00f6rsta vikt f\u00f6r bomcylindrar, eftersom de anv\u00e4nds i tuffa milj\u00f6er. Materialen som anv\u00e4nds b\u00f6r motst\u00e5 slitage och korrosion, vilket f\u00f6rl\u00e4nger cylinderns livsl\u00e4ngd. Regelbundet underh\u00e5ll och kvalitetskontroller under tillverkningen bidrar till att s\u00e4kerst\u00e4lla att cylindrarna uppfyller h\u00e5llbarhetsstandarder.<\/p>\n<h3>S\u00e4kerhet<\/h3>\n<p>Att inf\u00f6rliva s\u00e4kerhetsfunktioner i konstruktionen av hydraulcylindrar \u00e4r avg\u00f6rande f\u00f6r att f\u00f6rhindra olyckor och s\u00e4kerst\u00e4lla s\u00e4ker drift av tunga maskiner. Detta inkluderar tryckavlastningsventiler och s\u00e4kerhetsmekanismer som aktiveras vid funktionsfel.<\/p>\n<h3>Underh\u00e5llbarhet<\/h3>\n<p>Utformningen av bomcylindrar b\u00f6r underl\u00e4tta enkelt underh\u00e5ll och reparation. Detta inkluderar \u00e5tkomst f\u00f6r att byta t\u00e4tningar och sm\u00f6rja delar, samt tydliga riktlinjer f\u00f6r service. V\u00e4l utformade underh\u00e5llsprocedurer bidrar till att f\u00f6rl\u00e4nga hydraulsystemets livscykel.<\/p>\n<p><img decoding=\"async\" src=\"https:\/\/www.hydraulic-cylinders.net\/wp-content\/uploads\/2025\/04\/songte-oil-pipes-and-spare-parts.webp\" alt=\"Hydrauliska delar\"><\/p>\n<h2>T\u00e4tning och sm\u00f6rjning<\/h2>\n<p>T\u00e4tning och sm\u00f6rjning \u00e4r viktiga komponenter f\u00f6r att bibeh\u00e5lla hydraulcylindrars prestanda. Olika t\u00e4tningselement, s\u00e5som kolvt\u00e4tningar och kolvst\u00e5ngst\u00e4tningar, anv\u00e4nds f\u00f6r att s\u00e4kerst\u00e4lla att v\u00e4tska inte l\u00e4cker och bibeh\u00e5lla systemtrycket. T\u00e4tningar tillverkade av material som polyuretan och nitrilgummi \u00e4r att f\u00f6redra p\u00e5 grund av deras slitstyrka och h\u00e5llbarhet.<\/p>\n<p>The cylinder body and threaded end surfaces are typically finely processed to enhance wear resistance. Regular lubrication with appropriate hydraulic oil is necessary to minimize friction and wear on moving parts, thus ensuring smooth operation. Implementing a regular lubrication schedule is vital for maintaining the hydraulic system&#8217;s efficiency and longevity.<\/p>\n<h2>Regelbunden inspektion och f\u00f6rebyggande underh\u00e5ll<\/h2>\n<ul>\n<li>\n<h3>Rutininspektioner<\/h3>\n<p>Att regelbundet utf\u00f6ra inspektioner av bomcylindern \u00e4r avg\u00f6rande f\u00f6r att identifiera potentiella problem innan de eskalerar. Operat\u00f6rer b\u00f6r kontrollera om det finns tecken p\u00e5 l\u00e4ckor, korrosion eller slitage p\u00e5 t\u00e4tningar och andra komponenter. Tidig uppt\u00e4ckt kan f\u00f6rhindra kostsamma reparationer och f\u00f6rl\u00e4nga utrustningens livsl\u00e4ngd.<\/p>\n<\/li>\n<li>\n<h3>Korrekt sm\u00f6rjning<\/h3>\n<p>Att s\u00e4kerst\u00e4lla att bomcylindern \u00e4r tillr\u00e4ckligt smord \u00e4r avg\u00f6rande f\u00f6r dess effektiva drift. F\u00f6rare b\u00f6r f\u00f6lja tillverkarens riktlinjer f\u00f6r sm\u00f6rjningsfrekvens och typer av hydraulolja som ska anv\u00e4ndas. Otillr\u00e4cklig sm\u00f6rjning kan leda till \u00f6kad friktion och f\u00f6r tidigt slitage.<\/p>\n<\/li>\n<li>\n<h3>Byte av t\u00e4tning<\/h3>\n<p>Med tiden kan t\u00e4tningar f\u00f6rs\u00e4mras och beh\u00f6va bytas ut f\u00f6r att bibeh\u00e5lla systemets integritet. Regelbundet underh\u00e5ll b\u00f6r innefatta kontroll av t\u00e4tningar f\u00f6r slitage och byte av dem vid behov f\u00f6r att f\u00f6rhindra v\u00e4tskel\u00e4ckage och s\u00e4kerst\u00e4lla optimal prestanda.<\/p>\n<\/li>\n<\/ul>\n<h2>Installationsriktlinjer<\/h2>\n<p>Korrekt installation av bomcylindern \u00e4r avg\u00f6rande f\u00f6r att s\u00e4kerst\u00e4lla optimal prestanda och livsl\u00e4ngd. B\u00f6rja med att se till att arbetsytan \u00e4r ren och fri fr\u00e5n skr\u00e4p. Rikta in cylindern noggrant mot monteringspunkterna och anv\u00e4nd l\u00e4mpliga f\u00e4sten f\u00f6r att s\u00e4kra den p\u00e5 plats. Det \u00e4r viktigt att kontrollera att alla anslutningar \u00e4r \u00e5tdragna och att hydraulslangarna \u00e4r korrekt dragna f\u00f6r att undvika b\u00f6jningar eller tryckf\u00f6rlust.<\/p>\n<p>Vid anslutning av slangar, se till att det inte finns n\u00e5gra l\u00e4ckor genom att kontrollera alla kopplingar och anslutningar. Efter installationen, testa cylindern genom att k\u00f6ra den genom hela dess r\u00f6relseomr\u00e5de f\u00f6r att s\u00e4kerst\u00e4lla att den fungerar smidigt utan hinder. Kontrollera regelbundet uppriktning och monteringss\u00e4kerhet f\u00f6r att undvika driftsproblem.<\/p>\n<h2>Vanliga underh\u00e5llsuppgifter<\/h2>\n<ul>\n<li>\n<h3>Regelbundna inspektioner<\/h3>\n<p>Regelbundna inspektioner b\u00f6r utf\u00f6ras f\u00f6r att \u00f6vervaka bomcylinderns skick. Detta inkluderar kontroll av tecken p\u00e5 slitage, bed\u00f6mning av v\u00e4tskeniv\u00e5er och s\u00e4kerst\u00e4llande av att alla komponenter \u00e4r s\u00e4kra och fungerar korrekt.<\/p>\n<\/li>\n<li>\n<h3>Korrekt sm\u00f6rjning<\/h3>\n<p>Establishing a lubrication schedule is essential. Utilize the recommended hydraulic oils and ensure that the cylinder is lubricated according to the manufacturer&#8217;s specifications to prevent excessive wear and maintain efficiency.<\/p>\n<\/li>\n<li>\n<h3>T\u00e4tningsbyte och kalibreringskontroller<\/h3>\n<p>H\u00e5ll koll p\u00e5 t\u00e4tningarna f\u00f6r tecken p\u00e5 f\u00f6rs\u00e4mring. N\u00e4r t\u00e4tningarna byts ut, se till att alla komponenter \u00e4r korrekt kalibrerade f\u00f6r att bibeh\u00e5lla optimal prestanda f\u00f6r hydraulsystemet.<\/p>\n<\/li>\n<\/ul>\n<p><img decoding=\"async\" src=\"https:\/\/www.hydraulic-cylinders.net\/wp-content\/uploads\/2025\/04\/songte-chushion-collar.webp\" alt=\"Hydraulisk kuddekrage\"><\/p>\n<h2>S\u00e4kerhetsaspekter och milj\u00f6faktorer<\/h2>\n<p>Vid drift av hydrauliska system \u00e4r s\u00e4kerhets\u00e5tg\u00e4rder av st\u00f6rsta vikt. Operat\u00f6rer b\u00f6r b\u00e4ra l\u00e4mplig personlig skyddsutrustning och s\u00e4kerst\u00e4lla att alla s\u00e4kerhetsprotokoll f\u00f6ljs under drift och underh\u00e5ll. Regelbunden utbildning och s\u00e4kerhets\u00f6vningar kan bidra till att minska risken f\u00f6r olyckor p\u00e5 arbetsplatsen. Dessutom b\u00f6r milj\u00f6h\u00e4nsyn tas f\u00f6r att f\u00f6rhindra spill och l\u00e4ckage av hydraulv\u00e4tska som kan skada omgivningen.<\/p>\n<h2>Feldiagnos och vanliga problem<\/h2>\n<ul>\n<li>\n<h3>V\u00e4tskel\u00e4ckor<\/h3>\n<p>V\u00e4tskel\u00e4ckage \u00e4r ett av de vanligaste problemen i hydraulcylindrar. Tecken p\u00e5 detta inkluderar vattenp\u00f6lar under maskineriet eller ett fall i hydraultrycket. Inspektera t\u00e4tningar, kopplingar och slangar f\u00f6r att identifiera och \u00e5tg\u00e4rda k\u00e4llan till l\u00e4ckan.<\/p>\n<\/li>\n<li>\n<h3>Minskad prestanda<\/h3>\n<p>Om bomcylindern inte lyfter eller fungerar som f\u00f6rv\u00e4ntat, kontrollera om det finns l\u00e5ga hydraulv\u00e4tskeniv\u00e5er, blockeringar i slangar eller slitna t\u00e4tningar. Att s\u00e4kerst\u00e4lla korrekta hydraulv\u00e4tskeniv\u00e5er och kontrollera om det finns blockeringar kan ofta l\u00f6sa prestandaproblem.<\/p>\n<\/li>\n<li>\n<h3>\u00d6verhettning<\/h3>\n<p>Overheating can occur due to excessive usage, insufficient lubrication, or a malfunctioning hydraulic system. Ensure regular maintenance is performed and that the hydraulic oil is replaced per the manufacturer&#8217;s recommendations to avoid overheating issues.<\/p>\n<\/li>\n<\/ul>\n<p>F\u00f6r att effektivt kunna diagnostisera och l\u00f6sa problem b\u00f6r operat\u00f6rer utbildas i att k\u00e4nna igen symptom och utf\u00f6ra grundl\u00e4ggande fels\u00f6kning. F\u00f6rebyggande \u00e5tg\u00e4rder, s\u00e5som regelbundet underh\u00e5ll och \u00f6vervakning av v\u00e4tskeniv\u00e5er, kan bidra till att minimera potentiella problem.<\/p>\n<p><img decoding=\"async\" src=\"https:\/\/www.hydraulic-cylinders.net\/wp-content\/uploads\/2025\/04\/songte-bushings-with-all-kinds-of-excavator-models.webp\" alt=\"Hydrauliska bussningar\"><\/p>\n<h2>Om v\u00e5rt f\u00f6retag<\/h2>\n<p>Vi \u00e4r en ledande tillverkare av hydraulcylindrar f\u00f6r reservdelar och erbjuder ett omfattande produktsortiment f\u00f6r b\u00e5de inhemska och internationella marknader. V\u00e5rt engagemang f\u00f6r h\u00f6gsta kvalitet st\u00f6ds av v\u00e5ra f\u00f6rfinade strategier f\u00f6r tillverkningsstyrning. Vi f\u00f6rb\u00e4ttrar kontinuerligt v\u00e5r produktionskapacitet genom att anv\u00e4nda avancerad teknik, skicklig personal och professionella testsystem, vilket s\u00e4kerst\u00e4ller h\u00f6g effektivitet, h\u00f6g precision och h\u00f6gkvalitativa resultat som m\u00f6ter olika kunders behov.<\/p>\n<p>V\u00e5r specialisering omfattar professionella tj\u00e4nster, internationella certifieringar och anpassningsbara l\u00f6sningar som tillgodoser olika branschkrav. V\u00e5r toppmoderna tillverkningsutrustning och robusta eftermarknadsservice f\u00f6rst\u00e4rker ytterligare v\u00e5rt engagemang f\u00f6r kundn\u00f6jdhet.<\/p>\n<p><img decoding=\"async\" src=\"https:\/\/www.hydraulic-cylinders.net\/wp-content\/uploads\/2025\/04\/songte-company-4.webp\" alt=\"F\u00f6retagsanl\u00e4ggning\"><br \/>\n<img decoding=\"async\" src=\"https:\/\/www.hydraulic-cylinders.net\/wp-content\/uploads\/2025\/04\/songte-company-3.webp\" alt=\"F\u00f6retagsproduktion\"><\/p>\n<p>F\u00f6rfattare: lyl<\/p>","protected":false},"excerpt":{"rendered":"<p>Boom Cylinder For Yuchai YC08-8 Product Overview The Boom Cylinder for Yuchai YC08-8 is an essential component in hydraulic systems used in heavy machinery. As a type of hydraulic cylinder, it is specifically designed to control the movement of buckets in various equipment such as excavators, backhoe loaders, and front-end loaders. The primary function of [&hellip;]<\/p>","protected":false},"featured_media":17867,"comment_status":"open","ping_status":"closed","template":"","meta":{"_et_pb_use_builder":"","_et_pb_old_content":"","_et_gb_content_width":""},"product_brand":[],"product_cat":[1546],"product_tag":[1547,1496],"class_list":{"0":"post-19574","1":"product","2":"type-product","3":"status-publish","4":"has-post-thumbnail","6":"product_cat-boom-cylinders","7":"product_tag-boom-cylinders","8":"product_tag-hydraulic-cylinders","10":"first","11":"instock","12":"shipping-taxable","13":"product-type-simple"},"amp_enabled":true,"_links":{"self":[{"href":"https:\/\/www.hydraulic-cylinders.net\/sv\/wp-json\/wp\/v2\/product\/19574","targetHints":{"allow":["GET"]}}],"collection":[{"href":"https:\/\/www.hydraulic-cylinders.net\/sv\/wp-json\/wp\/v2\/product"}],"about":[{"href":"https:\/\/www.hydraulic-cylinders.net\/sv\/wp-json\/wp\/v2\/types\/product"}],"replies":[{"embeddable":true,"href":"https:\/\/www.hydraulic-cylinders.net\/sv\/wp-json\/wp\/v2\/comments?post=19574"}],"wp:featuredmedia":[{"embeddable":true,"href":"https:\/\/www.hydraulic-cylinders.net\/sv\/wp-json\/wp\/v2\/media\/17867"}],"wp:attachment":[{"href":"https:\/\/www.hydraulic-cylinders.net\/sv\/wp-json\/wp\/v2\/media?parent=19574"}],"wp:term":[{"taxonomy":"product_brand","embeddable":true,"href":"https:\/\/www.hydraulic-cylinders.net\/sv\/wp-json\/wp\/v2\/product_brand?post=19574"},{"taxonomy":"product_cat","embeddable":true,"href":"https:\/\/www.hydraulic-cylinders.net\/sv\/wp-json\/wp\/v2\/product_cat?post=19574"},{"taxonomy":"product_tag","embeddable":true,"href":"https:\/\/www.hydraulic-cylinders.net\/sv\/wp-json\/wp\/v2\/product_tag?post=19574"}],"curies":[{"name":"wp","href":"https:\/\/api.w.org\/{rel}","templated":true}]}}