{"id":19586,"date":"2025-04-07T06:56:04","date_gmt":"2025-04-07T06:56:04","guid":{"rendered":"https:\/\/www.hydraulic-cylinders.net\/product\/boom-cylinder-for-yuchai-yc135-8\/"},"modified":"2025-04-07T06:56:07","modified_gmt":"2025-04-07T06:56:07","slug":"boom-cylinder-for-yuchai-yc135-8","status":"publish","type":"product","link":"https:\/\/www.hydraulic-cylinders.net\/sv\/produkt\/boom-cylinder-for-yuchai-yc135-8\/","title":{"rendered":"Bomcylinder f\u00f6r Yuchai YC135-8"},"content":{"rendered":"<h1>Bomcylinder f\u00f6r Yuchai YC135-8<\/h1>\n<h2>Introduktion till bomcylinder<\/h2>\n<p>Bomcylindern \u00e4r en viktig komponent i hydraulsystem, s\u00e4rskilt i tunga maskiner som gr\u00e4vmaskiner, gr\u00e4vlastare och frontlastare. Denna hydraulcylinder \u00e4r konstruerad f\u00f6r att styra skopans r\u00f6relse och m\u00f6jligg\u00f6r h\u00f6jning, s\u00e4nkning och lutning av skopan, vilket underl\u00e4ttar materialhanteringsuppgifter effektivt. Skopcylindern \u00e4r en viktig hydraulcylinder som \u00e4r speciellt konstruerad f\u00f6r dessa till\u00e4mpningar, vilket g\u00f6r den till en nyckelspelare i driften av olika bygg- och jordbruksmaskiner.<\/p>\n<p><img decoding=\"async\" src=\"https:\/\/www.hydraulic-cylinders.net\/wp-content\/uploads\/2025\/04\/songte-company-1.webp\" alt=\"Bild av bomcylinder\" \/><\/p>\n<h3>Funktion och till\u00e4mpning av skopcylinder<\/h3>\n<p>Skopcylindrar spelar en avg\u00f6rande roll i hydraulsystemen i tung utrustning. De ger den kraft som kr\u00e4vs f\u00f6r att lyfta och hantera material, vilket s\u00e4kerst\u00e4ller smidig drift av maskiner. Oavsett om de anv\u00e4nds inom bygg, jordbruk eller gruvdrift \u00e4r skopcylindrar konstruerade f\u00f6r att motst\u00e5 h\u00f6ga tryck och extrema f\u00f6rh\u00e5llanden, vilket g\u00f6r dem oumb\u00e4rliga inom olika sektorer.<\/p>\n<h2>Funktioner hos bomcylindern f\u00f6r Yuchai YC135-8<\/h2>\n<ul>\n<li><strong>H\u00f6g styrka och h\u00e5llbarhet:<\/strong> Tillverkade av h\u00f6gh\u00e5llfast st\u00e5l eller aluminium, t\u00e5l dessa cylindrar h\u00f6gt tryck och tunga belastningar, l\u00e4mpliga f\u00f6r tuffa arbetsmilj\u00f6er.<\/li>\n<li><strong>Effektiv hydraulisk drift:<\/strong> Cylindern anv\u00e4nder hydrauliskt oljetryck f\u00f6r smidig ut- och indragning, vilket m\u00f6jligg\u00f6r snabb respons p\u00e5 man\u00f6verkommandon.<\/li>\n<li><strong>Olika typer:<\/strong> Alternativen inkluderar enkelverkande cylindrar (som arbetar i en riktning) och dubbelverkande cylindrar (som arbetar i b\u00e5da riktningarna), vilket tillgodoser olika driftsbehov.<\/li>\n<li><strong>Teleskopiska modeller:<\/strong> Vissa modeller \u00e4r utformade f\u00f6r att vara teleskopiska, vilket m\u00f6jligg\u00f6r st\u00f6rre utdrag utan att \u00f6ka de yttre m\u00e5tten, perfekt f\u00f6r applikationer med begr\u00e4nsat utrymme.<\/li>\n<li><strong>Korrosions- och slitstyrka:<\/strong> Speciellt utformad f\u00f6r att motst\u00e5 slitage och korrosion, vilket f\u00f6rl\u00e4nger produktens livsl\u00e4ngd.<\/li>\n<\/ul>\n<p>Vi tillverkar denna produkt och erbjuder perfekta ers\u00e4ttningar f\u00f6r olika hydraulcylindrar.<\/p>\n<p><img decoding=\"async\" src=\"https:\/\/www.hydraulic-cylinders.net\/wp-content\/uploads\/2025\/04\/songte-cylinder-head-with-all-kinds-excavator-models.webp\" alt=\"Gr\u00e4vmaskinsmodeller\" \/><\/p>\n<h2>Till\u00e4mpningar av bomcylinder<\/h2>\n<h3>Byggutrustning<\/h3>\n<p>I gr\u00e4vmaskiner \u00e4r bomcylindrar viktiga f\u00f6r gr\u00e4vning, lastning och flyttning av jord eller skr\u00e4p. De g\u00f6r att skopan eller skopan kan gr\u00e4va ner i jorden och lyfta tunga laster. Cylindrarnas design och kraft g\u00f6r dem avg\u00f6rande f\u00f6r b\u00e5de gr\u00e4vnings- och lyftoperationer p\u00e5 byggarbetsplatser.<\/p>\n<h3>Jordbruksmaskiner<\/h3>\n<p>Dessa cylindrar, som anv\u00e4nds i frontlastare, hj\u00e4lper till att skopa, lyfta och transportera jord, h\u00f6 och andra material. Deras f\u00f6rm\u00e5ga att hantera tunga laster g\u00f6r det m\u00f6jligt f\u00f6r lantbrukare att utf\u00f6ra uppgifter effektivt och \u00f6ka produktiviteten p\u00e5 g\u00e5rden.<\/p>\n<h3>Gr\u00e4vmaskiner<\/h3>\n<p>I gr\u00e4vmaskiner g\u00f6r bomcylindern att skopan kan tr\u00e4nga ner i jorden, vilket underl\u00e4ttar gr\u00e4vningen. Dess robusta design s\u00e4kerst\u00e4ller att den kan motst\u00e5 de krafter som \u00e4r inblandade i gr\u00e4vningen, vilket g\u00f6r den till ett p\u00e5litligt val f\u00f6r bygg- och jordf\u00f6rflyttningsuppgifter.<\/p>\n<h3>Lastare<\/h3>\n<p>P\u00e5 frontlastare hj\u00e4lper bomcylindrar till att lyfta och dumpa material effektivt. Deras hydrauliska mekanism ger den n\u00f6dv\u00e4ndiga styrkan f\u00f6r att hantera olika laster, vilket f\u00f6rb\u00e4ttrar driftseffektiviteten vid lastningsuppgifter.<\/p>\n<h2>Design\u00f6verv\u00e4ganden och urvalskriterier<\/h2>\n<h3>Lastkapacitet<\/h3>\n<p>N\u00e4r man v\u00e4ljer en bomcylinder \u00e4r det viktigt att f\u00f6rst\u00e5 dess lastkapacitet. Cylinderns design m\u00e5ste klara den maximala belastningen den kan b\u00e4ra, vilket garanterar s\u00e4kerhet och driftseffektivitet. Det \u00e4r viktigt att v\u00e4lja en produkt som inte bara uppfyller de n\u00f6dv\u00e4ndiga specifikationerna utan ocks\u00e5 erbjuder en marginal f\u00f6r ov\u00e4ntade belastningar, vilket minskar risken f\u00f6r fel under anv\u00e4ndning.<\/p>\n<h3>T\u00e4tningskrav<\/h3>\n<p>Effektiv t\u00e4tning \u00e4r avg\u00f6rande f\u00f6r att uppr\u00e4tth\u00e5lla hydraultrycket och f\u00f6rhindra l\u00e4ckage. Valet av t\u00e4tningar, s\u00e5som kolvt\u00e4tningar och kolvst\u00e5ngst\u00e4tningar, b\u00f6r g\u00f6ras med h\u00f6gkvalitativa material som t\u00e5l driftsmilj\u00f6n. Korrekt t\u00e4tning s\u00e4kerst\u00e4ller att hydraulv\u00e4tskan h\u00e5lls innesluten, vilket optimerar prestandan och f\u00f6rl\u00e4nger cylinderns livsl\u00e4ngd.<\/p>\n<h3>Varaktighet<\/h3>\n<p>H\u00e5llbarhet \u00e4r en nyckelfaktor vid konstruktionen av bomcylindrar. De m\u00e5ste t\u00e5la tuffa f\u00f6rh\u00e5llanden, inklusive extrema temperaturer och slipande material. Att v\u00e4lja material som motst\u00e5r slitage och korrosion, s\u00e5som specialbel\u00e4ggningar eller behandlingar, kan avsev\u00e4rt \u00f6ka cylinderns livsl\u00e4ngd.<\/p>\n<h3>S\u00e4kerhetsfunktioner<\/h3>\n<p>S\u00e4kerhetsaspekter m\u00e5ste vara i f\u00f6rgrunden under designfasen. Att integrera funktioner som tryckavlastningsventiler och \u00f6verbelastningsskydd kan bidra till att f\u00f6rhindra katastrofala fel. Att s\u00e4kerst\u00e4lla att hydraulsystemet \u00e4r utrustat med n\u00f6dv\u00e4ndiga s\u00e4kerhets\u00e5tg\u00e4rder \u00e4r avg\u00f6rande f\u00f6r att skydda b\u00e5de operat\u00f6rer och maskiner.<\/p>\n<h3>Underh\u00e5lls\u00f6verv\u00e4ganden<\/h3>\n<p>Enkelt underh\u00e5ll \u00e4r en annan viktig designaspekt. Cylindrar b\u00f6r vara konstruerade f\u00f6r enkel \u00e5tkomst till t\u00e4tningar, portar och andra komponenter som kan kr\u00e4va regelbunden service. F\u00f6renklade underh\u00e5llsprocedurer s\u00e4kerst\u00e4ller att operat\u00f6rerna kan h\u00e5lla utrustningen i optimalt skick med minimal driftstopp.<\/p>\n<p><img decoding=\"async\" src=\"https:\/\/www.hydraulic-cylinders.net\/wp-content\/uploads\/2025\/04\/songte-oil-pipes-and-spare-parts.webp\" alt=\"Hydrauliska komponenter\" \/><\/p>\n<h2>T\u00e4tning och sm\u00f6rjning av bomcylinder<\/h2>\n<p>Effektiv t\u00e4tning och sm\u00f6rjning \u00e4r avg\u00f6rande f\u00f6r bomcylindrarnas prestanda. Olika t\u00e4tningselement, s\u00e5som kolvt\u00e4tningar och st\u00e5ngt\u00e4tningar, anv\u00e4nds f\u00f6r att s\u00e4kerst\u00e4lla hydraulsystemets integritet. T\u00e4tningar tillverkade av polyuretan eller nitrilgummi ger utm\u00e4rkt slitstyrka, vilket \u00e4r avg\u00f6rande f\u00f6r att bibeh\u00e5lla driftseffektiviteten.<\/p>\n<p>Cylinderhuset och de g\u00e4ngade \u00e4ndarna m\u00e5ste finbearbetas f\u00f6r att f\u00f6rb\u00e4ttra slitstyrkan. Regelbunden sm\u00f6rjning med hydraulolja \u00e4r avg\u00f6rande f\u00f6r att minimera friktion och slitage mellan r\u00f6rliga delar. Att etablera en rutin f\u00f6r att kontrollera och underh\u00e5lla sm\u00f6rjniv\u00e5erna kan avsev\u00e4rt f\u00f6rl\u00e4nga cylinderns livsl\u00e4ngd.<\/p>\n<h2>F\u00f6rebyggande underh\u00e5lls\u00e5tg\u00e4rder<\/h2>\n<ul>\n<li><strong>Regelbundna inspektioner:<\/strong> Att utf\u00f6ra rutinm\u00e4ssiga inspektioner f\u00f6r att identifiera tecken p\u00e5 slitage eller skador kan f\u00f6rhindra ov\u00e4ntade fel.<\/li>\n<li><strong>Korrekt sm\u00f6rjning:<\/strong> Att s\u00e4kerst\u00e4lla att r\u00f6rliga delar \u00e4r tillr\u00e4ckligt smorda minskar friktionen och f\u00f6rl\u00e4nger cylinderns livsl\u00e4ngd.<\/li>\n<li><strong>Byte av t\u00e4tning:<\/strong> Regelbunden kontroll och byte av t\u00e4tningar vid behov kan f\u00f6rhindra hydraull\u00e4ckor och bibeh\u00e5lla systemets effektivitet.<\/li>\n<\/ul>\n<h2>Installationsriktlinjer<\/h2>\n<p>Korrekt installation av bomcylindern \u00e4r avg\u00f6rande f\u00f6r dess prestanda och livsl\u00e4ngd. B\u00f6rja med att se till att alla komponenter \u00e4r rena och fria fr\u00e5n f\u00f6roreningar. Rikta in cylindern korrekt i f\u00f6rh\u00e5llande till monteringspunkterna med l\u00e4mpliga justeringsverktyg f\u00f6r att undvika on\u00f6dig belastning p\u00e5 cylindern. F\u00e4st cylindern med l\u00e4mpliga monteringsf\u00e4sten f\u00f6r att s\u00e4kerst\u00e4lla stabilitet under drift.<\/p>\n<p>Kontrollera efter installationen om det finns tecken p\u00e5 l\u00e4ckor eller feljustering. Det \u00e4r avg\u00f6rande att utf\u00f6ra ett noggrant test f\u00f6r att bekr\u00e4fta att alla funktioner fungerar smidigt innan utrustningen tas i bruk igen. Genom att f\u00f6lja tillverkarens instruktioner och rekommendationer s\u00e4kerst\u00e4lls s\u00e4ker och effektiv anv\u00e4ndning av hydraulcylindern.<\/p>\n<h2>Vanliga underh\u00e5llsuppgifter<\/h2>\n<h3>Regelbundna inspektioner<\/h3>\n<p>Regelbundna inspektioner g\u00f6r det m\u00f6jligt f\u00f6r operat\u00f6rer att identifiera potentiella problem innan de eskalerar. Inspektion av hydrauliska anslutningar, t\u00e4tningar och cylinderns allm\u00e4nna skick bidrar till att uppr\u00e4tth\u00e5lla utrustningens tillf\u00f6rlitlighet. Operat\u00f6rer b\u00f6r utbildas i att k\u00e4nna igen tecken p\u00e5 slitage, s\u00e5som repor eller l\u00e4ckor, och vidta l\u00e4mpliga \u00e5tg\u00e4rder.<\/p>\n<h3>Korrekt sm\u00f6rjning<\/h3>\n<p>Att uppr\u00e4tth\u00e5lla l\u00e4mpliga sm\u00f6rjniv\u00e5er \u00e4r avg\u00f6rande f\u00f6r smidig drift. Regelbunden kontroll och p\u00e5fyllning av hydraulolja s\u00e4kerst\u00e4ller att cylinderns r\u00f6rliga delar fungerar effektivt. Operat\u00f6rer b\u00f6r f\u00f6lja det rekommenderade sm\u00f6rjschemat f\u00f6r att f\u00f6rhindra \u00f6verdrivet slitage och f\u00f6rl\u00e4nga utrustningens livsl\u00e4ngd.<\/p>\n<h3>T\u00e4tningsbyte och kalibreringskontroller<\/h3>\n<p>Att byta ut t\u00e4tningar med j\u00e4mna mellanrum kan f\u00f6rhindra hydrauliska l\u00e4ckor och bibeh\u00e5lla systemets integritet. Dessutom s\u00e4kerst\u00e4ller kalibreringskontroller att cylindern fungerar inom sina avsedda specifikationer, vilket f\u00f6rb\u00e4ttrar den totala prestandan. Operat\u00f6rer b\u00f6r f\u00f6rst\u00e5 vikten av snabbt underh\u00e5ll f\u00f6r att minska potentiella fel.<\/p>\n<p><img decoding=\"async\" src=\"https:\/\/www.hydraulic-cylinders.net\/wp-content\/uploads\/2025\/04\/songte-chushion-collar.webp\" alt=\"Kuddekrage\" \/><\/p>\n<h2>S\u00e4kerhetsaspekter och milj\u00f6faktorer<\/h2>\n<p>Det \u00e4r avg\u00f6rande att implementera s\u00e4kerhets\u00e5tg\u00e4rder vid anv\u00e4ndning av hydraulcylindrar. Operat\u00f6rer b\u00f6r utbildas i korrekt anv\u00e4ndning av utrustning f\u00f6r att undvika olyckor. Regelbundna s\u00e4kerhetsrevisioner och efterlevnad av s\u00e4kerhetsprotokoll \u00e4r avg\u00f6rande f\u00f6r att s\u00e4kerst\u00e4lla en s\u00e4ker arbetsmilj\u00f6. Dessutom \u00e4r det viktigt att beakta milj\u00f6p\u00e5verkan fr\u00e5n hydrauliska system, s\u00e5som att s\u00e4kerst\u00e4lla korrekt kassering av hydraulv\u00e4tskor f\u00f6r att f\u00f6rhindra kontaminering.<\/p>\n<h2>Feldiagnos och vanliga problem<\/h2>\n<h3>Vanliga problem<\/h3>\n<ul>\n<li><strong>Hydrauliska l\u00e4ckor:<\/strong> Ofta orsakat av slitna t\u00e4tningar eller skadade slangar, vilket leder till minskad prestanda.<\/li>\n<li><strong>Minskad r\u00f6relse:<\/strong> Kan tyda p\u00e5 interna skador eller otillr\u00e4ckliga hydraulv\u00e4tskeniv\u00e5er.<\/li>\n<li><strong>Ovanliga ljud:<\/strong> Gnisslande eller knackande ljud kan signalera mekaniska problem i cylindern.<\/li>\n<\/ul>\n<h3>Diagnos och fels\u00f6kning<\/h3>\n<p>F\u00f6r att effektivt diagnostisera problem b\u00f6r operat\u00f6rer utf\u00f6ra visuella inspektioner och \u00f6vervaka prestandaparametrar. Vid l\u00e4ckage kan kontroll av alla anslutningar och t\u00e4tningar hj\u00e4lpa till att identifiera k\u00e4llan. Om r\u00f6relsen \u00e4r minskad kan kontroll av v\u00e4tskeniv\u00e5er och kontroll av blockeringar i hydraulledningarna l\u00f6sa problemet. Vid ovanliga ljud \u00e4r en grundlig inspektion av de interna komponenterna n\u00f6dv\u00e4ndig.<\/p>\n<h3>F\u00f6rebyggande \u00e5tg\u00e4rder<\/h3>\n<p>Genom att implementera f\u00f6rebyggande \u00e5tg\u00e4rder, s\u00e5som regelbundet underh\u00e5ll och inspektioner, kan risken f\u00f6r att st\u00f6ta p\u00e5 dessa problem minimeras. Att utbilda operat\u00f6rer i att k\u00e4nna igen tidiga tecken p\u00e5 problem och vidta snabba \u00e5tg\u00e4rder kan avsev\u00e4rt minska driftstopp och reparationskostnader.<\/p>\n<p><img decoding=\"async\" src=\"https:\/\/www.hydraulic-cylinders.net\/wp-content\/uploads\/2025\/04\/songte-bushings-with-all-kinds-of-excavator-models.webp\" alt=\"Bussningar\" \/><\/p>\n<h2>F\u00f6retags\u00f6versikt<\/h2>\n<p>Vi \u00e4r en ledande tillverkare av hydraulcylindrar f\u00f6r reservdelar och erbjuder ett omfattande produktsortiment f\u00f6r b\u00e5de inhemska och internationella marknader. V\u00e5rt engagemang f\u00f6r excellens har gjort oss till en ledande akt\u00f6r inom tillverkning och grossistdistribution av hydraulcylindrar. Vi f\u00f6ljer h\u00f6ga kvalitetsstandarder och anv\u00e4nder f\u00f6rfinade tillverkningsstrategier.<\/p>\n<p>Med ett starkt fokus p\u00e5 teknologi och innovation f\u00f6rb\u00e4ttrar v\u00e5r skickliga arbetsstyrka, avancerade tillverkningsutrustning och professionella testsystem kontinuerligt v\u00e5r produktionskapacitet. Vi \u00e4r stolta \u00f6ver effektivitet, precision och kvalitet, skr\u00e4ddarsydda f\u00f6r att m\u00f6ta v\u00e5ra kunders olika behov.<\/p>\n<p><img decoding=\"async\" src=\"https:\/\/www.hydraulic-cylinders.net\/wp-content\/uploads\/2025\/04\/songte-company-4.webp\" alt=\"F\u00f6retagsbild\" \/><br \/>\n<img decoding=\"async\" src=\"https:\/\/www.hydraulic-cylinders.net\/wp-content\/uploads\/2025\/04\/songte-company-3.webp\" alt=\"F\u00f6retagsbild\" \/><\/p>\n<p>V\u00e5r specialisering omfattar internationella certifieringar, skr\u00e4ddarsydda tj\u00e4nster f\u00f6r att m\u00f6ta specifika kundkrav, toppmodern produktionsutrustning och exceptionell eftermarknadssupport.<\/p>\n<p>F\u00f6rfattare: lyl<\/p>","protected":false},"excerpt":{"rendered":"<p>Boom Cylinder For Yuchai YC135-8 Introduction to Boom Cylinder The Boom Cylinder is a vital component in hydraulic systems, especially in heavy machinery such as excavators, backhoe loaders, and front loaders. Designed to control the movement of a bucket, this hydraulic cylinder enables the raising, lowering, and tilting of the bucket, facilitating material handling tasks [&hellip;]<\/p>","protected":false},"featured_media":17879,"comment_status":"open","ping_status":"closed","template":"","meta":{"_et_pb_use_builder":"","_et_pb_old_content":"","_et_gb_content_width":""},"product_brand":[],"product_cat":[1546],"product_tag":[1547,1496],"class_list":{"0":"post-19586","1":"product","2":"type-product","3":"status-publish","4":"has-post-thumbnail","6":"product_cat-boom-cylinders","7":"product_tag-boom-cylinders","8":"product_tag-hydraulic-cylinders","10":"first","11":"instock","12":"shipping-taxable","13":"product-type-simple"},"amp_enabled":true,"_links":{"self":[{"href":"https:\/\/www.hydraulic-cylinders.net\/sv\/wp-json\/wp\/v2\/product\/19586","targetHints":{"allow":["GET"]}}],"collection":[{"href":"https:\/\/www.hydraulic-cylinders.net\/sv\/wp-json\/wp\/v2\/product"}],"about":[{"href":"https:\/\/www.hydraulic-cylinders.net\/sv\/wp-json\/wp\/v2\/types\/product"}],"replies":[{"embeddable":true,"href":"https:\/\/www.hydraulic-cylinders.net\/sv\/wp-json\/wp\/v2\/comments?post=19586"}],"wp:featuredmedia":[{"embeddable":true,"href":"https:\/\/www.hydraulic-cylinders.net\/sv\/wp-json\/wp\/v2\/media\/17879"}],"wp:attachment":[{"href":"https:\/\/www.hydraulic-cylinders.net\/sv\/wp-json\/wp\/v2\/media?parent=19586"}],"wp:term":[{"taxonomy":"product_brand","embeddable":true,"href":"https:\/\/www.hydraulic-cylinders.net\/sv\/wp-json\/wp\/v2\/product_brand?post=19586"},{"taxonomy":"product_cat","embeddable":true,"href":"https:\/\/www.hydraulic-cylinders.net\/sv\/wp-json\/wp\/v2\/product_cat?post=19586"},{"taxonomy":"product_tag","embeddable":true,"href":"https:\/\/www.hydraulic-cylinders.net\/sv\/wp-json\/wp\/v2\/product_tag?post=19586"}],"curies":[{"name":"wp","href":"https:\/\/api.w.org\/{rel}","templated":true}]}}