{"id":19589,"date":"2025-04-07T06:56:12","date_gmt":"2025-04-07T06:56:12","guid":{"rendered":"https:\/\/www.hydraulic-cylinders.net\/product\/boom-cylinder-for-yangong-yg70c\/"},"modified":"2025-04-07T06:56:14","modified_gmt":"2025-04-07T06:56:14","slug":"boom-cylinder-for-yangong-yg70c","status":"publish","type":"product","link":"https:\/\/www.hydraulic-cylinders.net\/sv\/produkt\/boom-cylinder-for-yangong-yg70c\/","title":{"rendered":"Bomcylinder f\u00f6r Yangong YG70C"},"content":{"rendered":"<h1>Bomcylinder f\u00f6r Yangong YG70C<\/h1>\n<h2>Introduktion till bomcylinder<\/h2>\n<p>Bomcylindern f\u00f6r Yangong YG70C \u00e4r en specialiserad hydraulisk komponent som \u00e4r utformad f\u00f6r att hantera r\u00f6relsen av skopor i olika tunga maskiner, inklusive gr\u00e4vmaskiner, gr\u00e4vlastare och frontlastare. Dessa cylindrar underl\u00e4ttar lyftning, s\u00e4nkning och lutning av skopan, vilket g\u00f6r dem oumb\u00e4rliga f\u00f6r materialhanteringsuppgifter inom bygg, jordbruk och andra industriella till\u00e4mpningar.<\/p>\n<p><img decoding=\"async\" src=\"https:\/\/www.hydraulic-cylinders.net\/wp-content\/uploads\/2025\/04\/songte-company-1.webp\" alt=\"Bomcylinder\" \/><\/p>\n<h3>Definition och \u00f6versikt<\/h3>\n<p>Bomcylindrar \u00e4r hydraulcylindrar som fr\u00e4mst anv\u00e4nds i tunga maskiner f\u00f6r att styra skopans r\u00f6relser. De spelar en avg\u00f6rande roll i hydraulsystem och omvandlar hydraultryck till mekaniskt arbete. Hydraulv\u00e4tskans tryck m\u00f6jligg\u00f6r smidiga och kontrollerade operationer, vilket g\u00f6r att utrustningen kan utf\u00f6ra exakta uppgifter som att gr\u00e4va, lyfta laster och dumpa material effektivt.<\/p>\n<h2>Funktioner hos bomcylindern<\/h2>\n<ul>\n<li><strong>H\u00f6g styrka och h\u00e5llbarhet:<\/strong> Tillverkade av h\u00f6gh\u00e5llfast st\u00e5l eller aluminium, t\u00e5l dessa cylindrar h\u00f6gt tryck och tunga belastningar, vilket g\u00f6r dem l\u00e4mpliga f\u00f6r tuffa arbetsf\u00f6rh\u00e5llanden.<\/li>\n<li><strong>Effektiv hydraulisk drift:<\/strong> Genom att anv\u00e4nda hydrauloljetryck ger de smidig ut- och indragning, responsiva p\u00e5 kontrollkommandon och genererar avsev\u00e4rd tryck- och dragkraft.<\/li>\n<li><strong>Olika typer:<\/strong> Finns i enkelverkande (med hydraultryck i en riktning) eller dubbelverkande (med hydraultryck i b\u00e5da riktningarna) utf\u00f6randen, f\u00f6r att tillgodose olika driftsbehov.<\/li>\n<li><strong>Platsbesparande design:<\/strong> Vissa modeller har teleskopiska konstruktioner, vilket m\u00f6jligg\u00f6r st\u00f6rre utbyggnad utan att \u00f6ka de yttre m\u00e5tten, perfekt f\u00f6r tr\u00e5nga applikationer.<\/li>\n<li><strong>Omfattande anpassningsm\u00f6jligheter:<\/strong> V\u00e5ra produkter kan perfekt ers\u00e4tta olika hydraulcylindrar, skr\u00e4ddarsydda f\u00f6r att m\u00f6ta specifika maskinkrav.<\/li>\n<\/ul>\n<p><img decoding=\"async\" src=\"https:\/\/www.hydraulic-cylinders.net\/wp-content\/uploads\/2025\/04\/songte-cylinder-head-with-all-kinds-excavator-models.webp\" alt=\"Byte av hydraulcylinder\" \/><\/p>\n<h2>Anv\u00e4ndningsomr\u00e5den f\u00f6r bomcylindern<\/h2>\n<h3>Byggutrustning<\/h3>\n<p>I gr\u00e4vmaskiner \u00e4r bomcylindrar avg\u00f6rande f\u00f6r gr\u00e4vning, lastning och f\u00f6rflyttning av jord eller skr\u00e4p. De s\u00e4kerst\u00e4ller att skopan kan tr\u00e4nga ner i marken effektivt, vilket f\u00f6rb\u00e4ttrar driftseffektiviteten.<\/p>\n<h3>Jordbruksmaskiner<\/h3>\n<p>F\u00f6r frontlastare anv\u00e4nds bomcylindrar f\u00f6r att skopa, lyfta och transportera jord, h\u00f6 och olika material, vilket avsev\u00e4rt f\u00f6rb\u00e4ttrar produktiviteten inom jordbruksarbete.<\/p>\n<h3>Gr\u00e4vmaskiner<\/h3>\n<p>I gr\u00e4vmaskiner g\u00f6r bomcylindern att skopan kan tr\u00e4nga ner i jorden, vilket g\u00f6r den avg\u00f6rande f\u00f6r gr\u00e4varbeten och s\u00e4kerst\u00e4ller exakt kontroll \u00f6ver gr\u00e4vdjup och vinkel.<\/p>\n<h3>Lastare<\/h3>\n<p>I frontlastare hj\u00e4lper bomcylindrar till att lyfta och dumpa laster effektivt, vilket optimerar arbetsfl\u00f6det vid materialhantering och transportuppgifter.<\/p>\n<h2>Design\u00f6verv\u00e4ganden och urvalskriterier<\/h2>\n<h3>Lastkapacitet<\/h3>\n<p>N\u00e4r man v\u00e4ljer en bomcylinder \u00e4r det viktigt att bed\u00f6ma dess lastkapacitet. Cylindern m\u00e5ste kunna hantera den maximala f\u00f6rv\u00e4ntade belastningen under drift f\u00f6r att f\u00f6rhindra fel och s\u00e4kerst\u00e4lla s\u00e4kerheten. Att ber\u00e4kna den maximala belastningen inneb\u00e4r att man inte bara beaktar vikten p\u00e5 de material som flyttas, utan \u00e4ven faktorer som driftvinkel och maskinens totala lyftkapacitet. En h\u00f6gre lastkapacitet m\u00f6jligg\u00f6r mer m\u00e5ngsidighet i driften och kan avsev\u00e4rt f\u00f6rb\u00e4ttra produktiviteten i kr\u00e4vande milj\u00f6er.<\/p>\n<h3>T\u00e4tningssystem<\/h3>\n<p>Korrekt t\u00e4tning \u00e4r avg\u00f6rande f\u00f6r effektiv drift av hydraulcylindrar. H\u00f6gkvalitativa t\u00e4tningar f\u00f6rhindrar l\u00e4ckage av hydraulv\u00e4tska, vilket \u00e4r avg\u00f6rande f\u00f6r att bibeh\u00e5lla trycket i systemet. Ett v\u00e4l utformat t\u00e4tningssystem best\u00e5r av flera komponenter, inklusive kolvt\u00e4tningar och st\u00e5ngt\u00e4tningar, tillverkade av slitstarka material som polyuretan eller nitrilgummi, k\u00e4nda f\u00f6r sin n\u00f6tningsbest\u00e4ndighet. Regelbundet underh\u00e5ll och snabba utbyten av t\u00e4tningar kan drastiskt minska driftstopp och underh\u00e5llskostnader, vilket s\u00e4kerst\u00e4ller hydraulsystemets l\u00e5nga livsl\u00e4ngd.<\/p>\n<h3>H\u00e5llbarhet och korrosionsbest\u00e4ndighet<\/h3>\n<p>H\u00e5llbarhet \u00e4r en nyckelfaktor vid konstruktionen av bomcylindrar, s\u00e4rskilt vid anv\u00e4ndning i tuffa milj\u00f6er. Att v\u00e4lja material som motst\u00e5r slitage och korrosion f\u00f6rl\u00e4nger cylinderns livsl\u00e4ngd. H\u00f6gh\u00e5llfasta st\u00e5l och aluminiumlegeringar, ofta behandlade eller belagda f\u00f6r ytterligare skydd, anv\u00e4nds ofta. Dessutom kan genomt\u00e4nkta design\u00f6verv\u00e4ganden som skyddande lock eller bel\u00e4ggningar skydda cylindern fr\u00e5n milj\u00f6faktorer, vilket ytterligare f\u00f6rb\u00e4ttrar dess h\u00e5llbarhet och s\u00e4kerst\u00e4ller j\u00e4mn prestanda.<\/p>\n<h3>S\u00e4kerhetsfunktioner<\/h3>\n<p>S\u00e4kerhet \u00e4r av st\u00f6rsta vikt vid konstruktion av hydraulcylindrar. Att inf\u00f6rliva funktioner som tryckavlastningsventiler hj\u00e4lper till att f\u00f6rhindra \u00f6verbelastning av systemet, vilket kan leda till katastrofala fel. Dessutom s\u00e4kerst\u00e4ller robusta tekniska metoder att konstruktionen f\u00f6ljer branschstandarder och f\u00f6reskrifter, vilket garanterar s\u00e4ker drift. Genomf\u00f6rande av regelbundna s\u00e4kerhetsinspektioner kan ocks\u00e5 bidra till att identifiera potentiella problem innan de eskalerar, vilket bibeh\u00e5ller integriteten hos b\u00e5de maskiner och dess operat\u00f6rer.<\/p>\n<h3>Underh\u00e5ll och servicev\u00e4nlighet<\/h3>\n<p>Att utforma en hydraulcylinder f\u00f6r enkelt underh\u00e5ll och servicev\u00e4nlighet \u00e4r avg\u00f6rande f\u00f6r att minimera stillest\u00e5ndstider. Funktioner som tillg\u00e4ngliga sm\u00f6rjnipplar, modul\u00e4ra komponenter och tydliga inspektionspunkter underl\u00e4ttar effektiva underh\u00e5llsprocedurer. Dessutom s\u00e4kerst\u00e4ller omfattande servicedokumentation och enkel \u00e5tkomst till reservdelar att operat\u00f6rerna kan h\u00e5lla sin utrustning ig\u00e5ng smidigt med minimal anstr\u00e4ngning.<\/p>\n<p><img decoding=\"async\" src=\"https:\/\/www.hydraulic-cylinders.net\/wp-content\/uploads\/2025\/04\/songte-oil-pipes-and-spare-parts.webp\" alt=\"Hydrauliska cylinderdelar\" \/><\/p>\n<h2>T\u00e4tning och sm\u00f6rjning<\/h2>\n<p>Effektiv t\u00e4tning och sm\u00f6rjning \u00e4r avg\u00f6rande f\u00f6r bomcylindrars prestanda och livsl\u00e4ngd. Olika t\u00e4tningselement, s\u00e5som kolvt\u00e4tningar och st\u00e5ngt\u00e4tningar, anv\u00e4nds f\u00f6r att f\u00f6rhindra l\u00e4ckage av hydraulv\u00e4tska samtidigt som de s\u00e4kerst\u00e4ller smidig r\u00f6relse. Valet av t\u00e4tningsmaterial som polyuretan och nitrilgummi \u00e4r avg\u00f6rande f\u00f6r h\u00e5llbarhet och slitstyrka. Dessutom \u00e4r ytbehandlingarna p\u00e5 cylinderhuset och de g\u00e4ngade \u00e4ndarna noggrant bearbetade f\u00f6r att f\u00f6rb\u00e4ttra slitstyrkan. Det \u00e4r viktigt att regelbundet fylla p\u00e5 hydraulolja f\u00f6r sm\u00f6rjning f\u00f6r att bibeh\u00e5lla optimal prestanda och f\u00f6rhindra interna skador.<\/p>\n<h2>F\u00f6rebyggande underh\u00e5lls\u00e5tg\u00e4rder<\/h2>\n<ul>\n<li><strong>Regelbundna inspektioner:<\/strong> Utf\u00f6r rutinkontroller f\u00f6r att identifiera slitage eller skador som kan \u00e4ventyra cylinderns prestanda och s\u00e4kerhet.<\/li>\n<li><strong>Korrekt sm\u00f6rjning:<\/strong> Se till att alla r\u00f6rliga delar \u00e4r tillr\u00e4ckligt smorda f\u00f6r att minimera friktion och slitage, med rekommenderade hydrauloljor.<\/li>\n<li><strong>Byte av t\u00e4tning:<\/strong> \u00d6vervaka t\u00e4tningarnas integritet regelbundet och byt ut slitna t\u00e4tningar omedelbart f\u00f6r att f\u00f6rhindra l\u00e4ckage och bibeh\u00e5lla trycket.<\/li>\n<\/ul>\n<h2>Installationsriktlinjer<\/h2>\n<p>Korrekt installation av bomcylindrar \u00e4r avg\u00f6rande f\u00f6r optimal prestanda. B\u00f6rja med att se till att monteringsytorna \u00e4r rena och fria fr\u00e5n skr\u00e4p. Anv\u00e4nd l\u00e4mpliga monteringsf\u00e4sten f\u00f6r att f\u00e4sta cylindern p\u00e5 plats och se till att den \u00e4r korrekt inriktad med maskinens driftsbana. F\u00f6lj noggrant tillverkarens installationsanvisningar och var noga med att f\u00f6lja momentspecifikationerna f\u00f6r att f\u00f6rhindra skador under drift. Efter installationen, utf\u00f6r en noggrann inspektion och testa cylinderns funktion under kontrollerade f\u00f6rh\u00e5llanden innan fullskalig anv\u00e4ndning.<\/p>\n<h2>Vanliga underh\u00e5llsuppgifter<\/h2>\n<ul>\n<li><strong>Regelbundna inspektioner:<\/strong> Regelbundna visuella kontroller kan hj\u00e4lpa till att identifiera potentiella problem innan de blir allvarliga. Leta efter tecken p\u00e5 slitage, l\u00e4ckor eller ovanliga ljud under drift.<\/li>\n<li><strong>L\u00e4mplig sm\u00f6rjning:<\/strong> Sm\u00f6rj de r\u00f6rliga delarna i hydraulsystemet regelbundet f\u00f6r att s\u00e4kerst\u00e4lla smidig drift och l\u00e5ng livsl\u00e4ngd. Anv\u00e4nd den specificerade hydrauloljan enligt tillverkarens anvisningar.<\/li>\n<li><strong>Byte av t\u00e4tning:<\/strong> H\u00e5ll koll p\u00e5 t\u00e4tningarna f\u00f6r tecken p\u00e5 slitage eller skador. Tidiga byten s\u00e4kerst\u00e4ller att hydraulsystemet bibeh\u00e5ller trycket och fungerar effektivt.<\/li>\n<\/ul>\n<p>Korrekt installation, sm\u00f6rjning och justering \u00e4r avg\u00f6rande f\u00f6r bomcylinderns livsl\u00e4ngd och effektivitet. Se till att cylindern \u00e4r korrekt justerad under installationen f\u00f6r att undvika on\u00f6dig belastning och anv\u00e4nd l\u00e4mpliga monteringsf\u00e4sten f\u00f6r stabilitet. Regelbundna kontroller, reparationer och utbytesprocedurer bidrar avsev\u00e4rt till att f\u00f6rl\u00e4nga livsl\u00e4ngden p\u00e5 de hydrauliska komponenterna.<\/p>\n<p><img decoding=\"async\" src=\"https:\/\/www.hydraulic-cylinders.net\/wp-content\/uploads\/2025\/04\/songte-chushion-collar.webp\" alt=\"Hydrauliska cylinderkomponenter\" \/><\/p>\n<h2>S\u00e4kerhetsaspekter och milj\u00f6faktorer<\/h2>\n<p>Att implementera s\u00e4kerhets\u00e5tg\u00e4rder vid anv\u00e4ndning av hydraulcylindrar \u00e4r av yttersta vikt. Operat\u00f6rer m\u00e5ste utbildas f\u00f6r att k\u00e4nna igen potentiella faror i samband med hydrauliska system, s\u00e5som pl\u00f6tslig tryckavlastning eller fel p\u00e5 utrustningen. L\u00e4mplig personlig skyddsutrustning (PPE) b\u00f6r alltid b\u00e4ras vid service eller anv\u00e4ndning av maskiner. Dessutom m\u00e5ste milj\u00f6h\u00e4nsyn, s\u00e5som v\u00e4tskel\u00e4ckage, hanteras effektivt f\u00f6r att f\u00f6rhindra kontaminering och s\u00e4kerst\u00e4lla att milj\u00f6f\u00f6reskrifter f\u00f6ljs.<\/p>\n<h2>Fels\u00f6kning och vanliga problem<\/h2>\n<ul>\n<li><strong>L\u00e4ckage:<\/strong> Kontrollera t\u00e4tningar och anslutningar f\u00f6r slitage eller skador; byt ut vid behov.<\/li>\n<li><strong>L\u00e5ngsam drift:<\/strong> Kontrollera hydraulv\u00e4tskeniv\u00e5er och kvalitet; se till att systemet \u00e4r fritt fr\u00e5n luftbubblor.<\/li>\n<li><strong>Svarsl\u00f6s cylinder:<\/strong> Kontrollera hydrauliska anslutningar och v\u00e4tskefl\u00f6de; kontrollera om det finns blockeringar eller mekaniska hinder.<\/li>\n<\/ul>\n<p>Att ge fels\u00f6kningstips kan hj\u00e4lpa anv\u00e4ndare att effektivt diagnostisera och \u00e5tg\u00e4rda problem. Om det till exempel finns l\u00e4ckage, inspektera t\u00e4tningar och anslutningar f\u00f6r tecken p\u00e5 slitage eller skador och byt ut dem vid behov. Om cylindern arbetar l\u00e5ngsamt, kontrollera hydraulv\u00e4tskeniv\u00e5er och kvalitet och se till att systemet \u00e4r fritt fr\u00e5n luftfickor som kan hindra prestandan. Genom att \u00e5tg\u00e4rda dessa vanliga problem proaktivt kan anv\u00e4ndare minimera driftstopp och bibeh\u00e5lla optimal funktionalitet.<\/p>\n<p><img decoding=\"async\" src=\"https:\/\/www.hydraulic-cylinders.net\/wp-content\/uploads\/2025\/04\/songte-bushings-with-all-kinds-of-excavator-models.webp\" alt=\"Hydrauliska komponenter\" \/><\/p>\n<h2>Om v\u00e5rt f\u00f6retag<\/h2>\n<p>Vi \u00e4r en ledande tillverkare av hydraulcylindrar f\u00f6r reservdelar och erbjuder ett brett utbud av produkter som riktar sig till b\u00e5de inhemska och internationella marknader. V\u00e5rt engagemang f\u00f6r excellens driver oss att implementera f\u00f6rfinade tillverkningsprocesser som st\u00f6ds av avancerad digital utrustning och professionella testsystem. Genom att kontinuerligt f\u00f6rb\u00e4ttra v\u00e5r tillverkningsplattform och v\u00e5ra kvalitetskontroll\u00e5tg\u00e4rder s\u00e4kerst\u00e4ller vi h\u00f6g effektivitet, precision och kvalitet, vilket m\u00f6ter olika kunders krav. V\u00e5r professionella expertis, internationella certifieringar och anpassningstj\u00e4nster f\u00f6rb\u00e4ttrar ytterligare v\u00e5ra erbjudanden, vilket g\u00f6r att vi kan leverera produkter i toppklass och p\u00e5litlig support efter k\u00f6pet.<\/p>\n<p><img decoding=\"async\" src=\"https:\/\/www.hydraulic-cylinders.net\/wp-content\/uploads\/2025\/04\/songte-company-4.webp\" alt=\"F\u00f6retags\u00f6versikt\" \/><br \/>\n<img decoding=\"async\" src=\"https:\/\/www.hydraulic-cylinders.net\/wp-content\/uploads\/2025\/04\/songte-company-3.webp\" alt=\"Tillverkningsprocess\" \/><\/p>\n<p>F\u00f6rfattare: lyl<\/p>","protected":false},"excerpt":{"rendered":"<p>Boom Cylinder For Yangong YG70C Introduction to Boom Cylinder The Boom Cylinder for Yangong YG70C is a specialized hydraulic component designed to manage the movement of buckets in various heavy machinery, including excavators, backhoe loaders, and front-end loaders. These cylinders facilitate the lifting, lowering, and tilting of the bucket, making them indispensable for material handling [&hellip;]<\/p>","protected":false},"featured_media":17867,"comment_status":"open","ping_status":"closed","template":"","meta":{"_et_pb_use_builder":"","_et_pb_old_content":"","_et_gb_content_width":""},"product_brand":[],"product_cat":[1546],"product_tag":[1547,1496],"class_list":{"0":"post-19589","1":"product","2":"type-product","3":"status-publish","4":"has-post-thumbnail","6":"product_cat-boom-cylinders","7":"product_tag-boom-cylinders","8":"product_tag-hydraulic-cylinders","10":"first","11":"instock","12":"shipping-taxable","13":"product-type-simple"},"amp_enabled":true,"_links":{"self":[{"href":"https:\/\/www.hydraulic-cylinders.net\/sv\/wp-json\/wp\/v2\/product\/19589","targetHints":{"allow":["GET"]}}],"collection":[{"href":"https:\/\/www.hydraulic-cylinders.net\/sv\/wp-json\/wp\/v2\/product"}],"about":[{"href":"https:\/\/www.hydraulic-cylinders.net\/sv\/wp-json\/wp\/v2\/types\/product"}],"replies":[{"embeddable":true,"href":"https:\/\/www.hydraulic-cylinders.net\/sv\/wp-json\/wp\/v2\/comments?post=19589"}],"wp:featuredmedia":[{"embeddable":true,"href":"https:\/\/www.hydraulic-cylinders.net\/sv\/wp-json\/wp\/v2\/media\/17867"}],"wp:attachment":[{"href":"https:\/\/www.hydraulic-cylinders.net\/sv\/wp-json\/wp\/v2\/media?parent=19589"}],"wp:term":[{"taxonomy":"product_brand","embeddable":true,"href":"https:\/\/www.hydraulic-cylinders.net\/sv\/wp-json\/wp\/v2\/product_brand?post=19589"},{"taxonomy":"product_cat","embeddable":true,"href":"https:\/\/www.hydraulic-cylinders.net\/sv\/wp-json\/wp\/v2\/product_cat?post=19589"},{"taxonomy":"product_tag","embeddable":true,"href":"https:\/\/www.hydraulic-cylinders.net\/sv\/wp-json\/wp\/v2\/product_tag?post=19589"}],"curies":[{"name":"wp","href":"https:\/\/api.w.org\/{rel}","templated":true}]}}