{"id":19596,"date":"2025-04-07T06:56:30","date_gmt":"2025-04-07T06:56:30","guid":{"rendered":"https:\/\/www.hydraulic-cylinders.net\/product\/boom-cylinder-for-xinyuan-wheel-excavator-xy65w-7-8\/"},"modified":"2025-04-07T06:56:33","modified_gmt":"2025-04-07T06:56:33","slug":"boom-cylinder-for-xinyuan-wheel-excavator-xy65w-7-8","status":"publish","type":"product","link":"https:\/\/www.hydraulic-cylinders.net\/sv\/produkt\/boom-cylinder-for-xinyuan-wheel-excavator-xy65w-7-8\/","title":{"rendered":"Bomcylinder f\u00f6r Xinyuan hjulgr\u00e4vmaskin XY65W-7-8"},"content":{"rendered":"<h1>Bomcylinder f\u00f6r Xinyuan hjulgr\u00e4vmaskin XY65W-7-8<\/h1>\n<h2>Introduktion till bomcylinder<\/h2>\n<p>Bomcylindern \u00e4r en viktig komponent som \u00e4r speciellt utformad f\u00f6r hydrauliska system som anv\u00e4nds i tunga maskiner som gr\u00e4vmaskiner. Denna hydraulcylinder ansvarar f\u00f6r att styra skopans r\u00f6relse i olika bygg- och schaktningsapplikationer. Den g\u00f6r att skopan kan lyftas, s\u00e4nkas och lutas, vilket underl\u00e4ttar effektiva materialhanteringsuppgifter.<\/p>\n<p>Skopcylindern, som vanligtvis finns i gr\u00e4vmaskiner, gr\u00e4vlastare och frontlastare, spelar en viktig roll f\u00f6r att f\u00f6rb\u00e4ttra dessa maskiners driftskapacitet. Genom att anv\u00e4nda hydraultryck s\u00e4kerst\u00e4ller bomcylindern smidiga och responsiva r\u00f6relser, vilket g\u00f6r den till ett viktigt verktyg f\u00f6r byggnadsarbetare och f\u00f6rare av tunga maskiner.<\/p>\n<p><img decoding=\"async\" src=\"https:\/\/www.hydraulic-cylinders.net\/wp-content\/uploads\/2025\/04\/songte-company-1.webp\" alt=\"Bomcylinder\" \/><\/p>\n<h2>Funktioner hos bomcylindern<\/h2>\n<ul>\n<li><strong>H\u00f6g styrka och h\u00e5llbarhet:<\/strong> Bomcylindern \u00e4r tillverkad av h\u00f6gh\u00e5llfast st\u00e5l eller aluminium och t\u00e5l h\u00f6gt tryck och tunga belastningar, vilket g\u00f6r den l\u00e4mplig f\u00f6r tuffa arbetsmilj\u00f6er. Dess design inkluderar slitstyrka och korrosionsbest\u00e4ndighet, vilket f\u00f6rl\u00e4nger dess livsl\u00e4ngd.<\/li>\n<li><strong>Effektiv hydraulisk drift:<\/strong> Bomcylindern anv\u00e4nder hydrauliskt oljetryck f\u00f6r smidig ut- och ink\u00f6rning, vilket m\u00f6jligg\u00f6r snabb respons p\u00e5 man\u00f6verkommandon. Den ger betydande tryck- och dragkraft, perfekt f\u00f6r hantering av tunga f\u00f6rem\u00e5l och komplexa uppgifter.<\/li>\n<li><strong>Olika typer:<\/strong> Bomcylindern finns i enkelverkande (hydraulisk i en riktning) eller dubbelverkande (hydraulisk i b\u00e5da riktningarna) konfigurationer och kan m\u00f6ta olika driftsbehov. Vissa modeller har teleskopiska konstruktioner, vilket m\u00f6jligg\u00f6r st\u00f6rre utdrag utan att \u00f6ka de yttre m\u00e5tten, vilket g\u00f6r dem l\u00e4mpliga f\u00f6r tr\u00e5nga utrymmen.<\/li>\n<li><strong>Kompatibilitet:<\/strong> V\u00e5ra produkter kan perfekt ers\u00e4tta olika hydraulcylindrar som anv\u00e4nds i olika utrustningar, vilket s\u00e4kerst\u00e4ller s\u00f6ml\u00f6s integration och funktionalitet.<\/li>\n<li><strong>Anpassade l\u00f6sningar:<\/strong> Vi erbjuder skr\u00e4ddarsydda l\u00f6sningar och konfigurationer f\u00f6r att m\u00f6ta de specifika behoven hos olika maskiner och applikationer.<\/li>\n<\/ul>\n<p><img decoding=\"async\" src=\"https:\/\/www.hydraulic-cylinders.net\/wp-content\/uploads\/2025\/04\/songte-cylinder-head-with-all-kinds-excavator-models.webp\" alt=\"Hydraulcylinder\" \/><\/p>\n<h2>Anv\u00e4ndningsomr\u00e5den f\u00f6r bomcylindern<\/h2>\n<h3>Byggutrustning:<\/h3>\n<p>I gr\u00e4vmaskiner \u00e4r bomcylindern avg\u00f6rande f\u00f6r gr\u00e4vning, lastning och f\u00f6rflyttning av jord eller skr\u00e4p. Dess exakta styrning m\u00f6jligg\u00f6r effektiva gr\u00e4v- och lyftoperationer, vilket g\u00f6r den oumb\u00e4rlig p\u00e5 byggarbetsplatser.<\/p>\n<h3>Jordbruksmaskiner:<\/h3>\n<p>I frontlastare \u00e4r bomcylindern avg\u00f6rande f\u00f6r att skopa, lyfta och transportera jord, h\u00f6 och andra material. Den f\u00f6rb\u00e4ttrar effektiviteten i jordbruksarbetet genom att g\u00f6ra det m\u00f6jligt f\u00f6r f\u00f6rare att hantera tunga laster med l\u00e4tthet.<\/p>\n<h3>Gr\u00e4vmaskiner:<\/h3>\n<p>Bomcylindern g\u00f6r att skopan kan tr\u00e4nga ner i jorden effektivt, vilket underl\u00e4ttar gr\u00e4vningsprocessen. Dess robusta design s\u00e4kerst\u00e4ller h\u00e5llbarhet och tillf\u00f6rlitlighet \u00e4ven vid omfattande gr\u00e4varbeten.<\/p>\n<h3>Lastare:<\/h3>\n<p>P\u00e5 frontlastare hj\u00e4lper bomcylindern till att lyfta och dumpa material effektivt. Dess hydrauliska kraft hj\u00e4lper f\u00f6rarna att flytta laster snabbt och effektivt, vilket f\u00f6rb\u00e4ttrar den totala produktiviteten p\u00e5 arbetsplatsen.<\/p>\n<h2>Design\u00f6verv\u00e4ganden och urvalskriterier<\/h2>\n<h3>Lastkapacitet:<\/h3>\n<p>N\u00e4r man v\u00e4ljer en bomcylinder \u00e4r lastkapaciteten en avg\u00f6rande faktor. Cylindern m\u00e5ste kunna hantera den maximala last som utrustningen f\u00f6rv\u00e4ntas lyfta eller flytta. \u00d6verbelastning av en cylinder kan leda till fel, vilket g\u00f6r det viktigt att v\u00e4lja en med tillr\u00e4cklig kapacitet f\u00f6r den avsedda till\u00e4mpningen.<\/p>\n<h3>T\u00e4tning:<\/h3>\n<p>Bomcylinderns t\u00e4tningssystem \u00e4r utformat f\u00f6r att f\u00f6rhindra l\u00e4ckage av hydraulv\u00e4tska samtidigt som trycket bibeh\u00e5lls. H\u00f6gkvalitativa t\u00e4tningar s\u00e4kerst\u00e4ller att cylindern fungerar effektivt och tillf\u00f6rlitligt \u00f6ver tid. Korrekt t\u00e4tning skyddar ocks\u00e5 interna komponenter fr\u00e5n f\u00f6roreningar som kan leda till f\u00f6r tidigt slitage eller fel.<\/p>\n<h3>Varaktighet:<\/h3>\n<p>H\u00e5llbarhet \u00e4r en viktig faktor vid konstruktionen av bomcylindern. Den b\u00f6r vara byggd f\u00f6r att motst\u00e5 p\u00e5frestningarna vid h\u00e5rd anv\u00e4ndning i kr\u00e4vande milj\u00f6er. Material som motst\u00e5r slitage och korrosion \u00e4r avg\u00f6rande f\u00f6r att s\u00e4kerst\u00e4lla cylinderns livsl\u00e4ngd, vilket minskar behovet av frekventa byten.<\/p>\n<h3>S\u00e4kerhet:<\/h3>\n<p>S\u00e4kerhetsfunktioner som tryckavlastningsventiler och n\u00f6dstoppsmekanismer \u00e4r avg\u00f6rande i hydrauliska system. Dessa funktioner hj\u00e4lper till att f\u00f6rhindra olyckor och utrustningsskador genom att kontrollera de krafter som ut\u00f6vas under drift.<\/p>\n<h3>Underh\u00e5ll:<\/h3>\n<p>Enkelt underh\u00e5ll \u00e4r en annan viktig aspekt. Konstruktionen b\u00f6r m\u00f6jligg\u00f6ra enkel service, inklusive sm\u00f6rjning, t\u00e4tningsbyte och inspektion av kritiska komponenter. En v\u00e4l underh\u00e5llen cylinder kommer att fungera mer tillf\u00f6rlitligt och effektivt under sin livscykel.<\/p>\n<p><img decoding=\"async\" src=\"https:\/\/www.hydraulic-cylinders.net\/wp-content\/uploads\/2025\/04\/songte-oil-pipes-and-spare-parts.webp\" alt=\"Reservdelar\" \/><\/p>\n<h2>T\u00e4tning och sm\u00f6rjning av cylindern<\/h2>\n<p>Effektiv t\u00e4tning och sm\u00f6rjning \u00e4r avg\u00f6rande f\u00f6r bomcylinderns prestanda och livsl\u00e4ngd. Olika t\u00e4tningar, s\u00e5som kolvt\u00e4tningar och st\u00e5ngt\u00e4tningar, anv\u00e4nds f\u00f6r att f\u00f6rhindra l\u00e4ckage av hydraulv\u00e4tska. Materialvalet som polyuretan och nitrilgummi f\u00f6rb\u00e4ttrar slitstyrkan och s\u00e4kerst\u00e4ller ett robust t\u00e4tningssystem.<\/p>\n<p>Cylinderhuset och de g\u00e4ngade \u00e4ndarna genomg\u00e5r finbearbetning f\u00f6r att f\u00f6rb\u00e4ttra slitstyrkan och s\u00e4kerst\u00e4lla en t\u00e4t passform. Regelbunden sm\u00f6rjning med hydraulolja \u00e4r n\u00f6dv\u00e4ndig f\u00f6r att bibeh\u00e5lla smidig drift och minska friktion mellan r\u00f6rliga delar, vilket kan leda till slitage och haveri.<\/p>\n<h2>F\u00f6rebyggande underh\u00e5lls\u00e5tg\u00e4rder<\/h2>\n<ul>\n<li><strong>Regelbundna inspektioner:<\/strong> Kontrollera regelbundet bomcylindern f\u00f6r tecken p\u00e5 slitage, l\u00e4ckor eller skador. Tidig uppt\u00e4ckt av potentiella problem kan f\u00f6rhindra kostsamma reparationer och driftstopp.<\/li>\n<li><strong>L\u00e4mplig sm\u00f6rjning:<\/strong> Se till att cylindern f\u00e5r tillr\u00e4cklig sm\u00f6rjning f\u00f6r att alla r\u00f6rliga delar ska fungera smidigt. Detta minskar friktion och slitage, vilket f\u00f6rl\u00e4nger komponentens livsl\u00e4ngd.<\/li>\n<li><strong>Byte av t\u00e4tning:<\/strong> \u00d6vervaka t\u00e4tningarna f\u00f6r slitage och byt ut dem vid behov f\u00f6r att uppr\u00e4tth\u00e5lla trycket och f\u00f6rhindra l\u00e4ckage. Regelbundet underh\u00e5ll av t\u00e4tningarna \u00e4r avg\u00f6rande f\u00f6r optimal drift.<\/li>\n<\/ul>\n<h2>Installationsanvisningar f\u00f6r bomcylindern<\/h2>\n<p>Korrekt installation av bomcylindern \u00e4r avg\u00f6rande f\u00f6r dess prestanda och livsl\u00e4ngd. B\u00f6rja med att rikta in cylindern noggrant mot monteringspunkterna p\u00e5 maskinen. Anv\u00e4nd l\u00e4mpliga monteringsf\u00e4sten f\u00f6r att f\u00e4sta cylindern p\u00e5 plats och se till att den \u00e4r j\u00e4mn och korrekt orienterad.<\/p>\n<p>N\u00e4r de \u00e4r p\u00e5 plats, anslut hydraulledningarna och var noga med att undvika veck eller on\u00f6diga b\u00f6jar som kan begr\u00e4nsa v\u00e4tskefl\u00f6det. Efter att ha anslutit hydraulledningarna, utf\u00f6r ett systemtrycktest f\u00f6r att kontrollera om det finns l\u00e4ckor och verifiera att cylindern fungerar smidigt.<\/p>\n<p>Slutligen, se till att alla f\u00e4stelement \u00e4r \u00e5tdragna enligt tillverkarens specifikationer och utf\u00f6r en slutlig inspektion innan utrustningen anv\u00e4nds. Genom att f\u00f6lja dessa riktlinjer hj\u00e4lper du till att uppn\u00e5 optimal prestanda fr\u00e5n bomcylindern.<\/p>\n<h2>Vanliga underh\u00e5llsuppgifter<\/h2>\n<ul>\n<li><strong>Regelbundna inspektioner:<\/strong> Genom att utf\u00f6ra regelbundna inspektioner kan slitage eller skador uppt\u00e4ckas tidigt. Denna proaktiva \u00e5tg\u00e4rd kan bidra till att f\u00f6rhindra mer allvarliga problem l\u00e4ngre fram.<\/li>\n<li><strong>Korrekt sm\u00f6rjning:<\/strong> Att s\u00e4kerst\u00e4lla att cylindern \u00e4r tillr\u00e4ckligt smord f\u00f6rhindrar friktion och slitage, vilket \u00f6kar komponentens effektivitet och livsl\u00e4ngd.<\/li>\n<li><strong>Byte av t\u00e4tningar:<\/strong> Att regelbundet byta t\u00e4tningar \u00e4r viktigt f\u00f6r att f\u00f6rhindra l\u00e4ckage av hydraulv\u00e4tska och bibeh\u00e5lla systemtrycket. Detta \u00e4r en viktig underh\u00e5llsuppgift som inte b\u00f6r f\u00f6rbises.<\/li>\n<\/ul>\n<h2>S\u00e4kerhetsaspekter och milj\u00f6faktorer<\/h2>\n<p>Vid arbete med hydrauliska system m\u00e5ste s\u00e4kerhets\u00e5tg\u00e4rder prioriteras. Operat\u00f6rer b\u00f6r utbildas i korrekt hantering och anv\u00e4ndning av hydraulisk utrustning. Dessutom kan anv\u00e4ndning av korrekt personlig skyddsutrustning (PPE) minska riskerna i samband med l\u00e4ckage av hydraulv\u00e4tska och potentiella skador.<\/p>\n<h2>Fels\u00f6kning och vanliga problem<\/h2>\n<ul>\n<li><strong>L\u00e4ckage:<\/strong> Om bomcylindern l\u00e4cker hydraulv\u00e4tska, kontrollera packningarna f\u00f6r slitage och byt ut dem vid behov. Se till att alla anslutningar \u00e4r \u00e5tdragna och fria fr\u00e5n skador.<\/li>\n<li><strong>L\u00e5ngsam drift:<\/strong> Om cylindern g\u00e5r l\u00e5ngsamt, kontrollera hydraulv\u00e4tskeniv\u00e5erna och se till att det inte finns n\u00e5gra blockeringar i hydraulledningarna. Kontrollera om det finns tecken p\u00e5 f\u00f6rorening av hydraulv\u00e4tskan.<\/li>\n<li><strong>Inkonsekvent r\u00f6relse:<\/strong> Om bomcylindern r\u00f6r sig oj\u00e4mnt kan det bero p\u00e5 luft i hydraulsystemet. Lufta systemet f\u00f6r att f\u00e5 ut luft eller inspektera om det finns n\u00e5gra skadade komponenter som kan p\u00e5verka r\u00f6relsen.<\/li>\n<\/ul>\n<h2>Fels\u00f6kningstips<\/h2>\n<p>F\u00f6r att effektivt diagnostisera och l\u00f6sa problem \u00e4r det viktigt att f\u00f6lja en systematisk metod. B\u00f6rja med visuella inspektioner f\u00f6r att identifiera uppenbara tecken p\u00e5 slitage eller skador. Anv\u00e4nd tryckm\u00e4tare f\u00f6r att kontrollera systemets hydrauliska tryckniv\u00e5er och se till att de uppfyller de n\u00f6dv\u00e4ndiga specifikationerna.<\/p>\n<p>Implementera f\u00f6rebyggande \u00e5tg\u00e4rder, s\u00e5som regelbundna underh\u00e5llsscheman och f\u00f6rarutbildning, f\u00f6r att minimera sannolikheten f\u00f6r \u00e5terkommande problem. Att h\u00e5lla hydraulsystemet rent och v\u00e4lsmordt bidrar ocks\u00e5 till dess tillf\u00f6rlitlighet och prestanda.<\/p>\n<p><img decoding=\"async\" src=\"https:\/\/www.hydraulic-cylinders.net\/wp-content\/uploads\/2025\/04\/songte-bushings-with-all-kinds-of-excavator-models.webp\" alt=\"Bussningar\" \/><\/p>\n<h2>F\u00f6retags\u00f6versikt<\/h2>\n<p>Vi \u00e4r en ledande tillverkare av hydraulcylindrar f\u00f6r reservdelar och erbjuder ett omfattande produktsortiment som har etablerat oss som en betydande akt\u00f6r p\u00e5 b\u00e5de den inhemska och internationella marknaden. V\u00e5rt engagemang f\u00f6r exceptionell kvalitet backas upp av exakta tillverkningsstrategier och integration av avancerad teknik.<\/p>\n<p>Med fokus p\u00e5 teknisk talang och avancerad digital tillverkningsutrustning utvecklas v\u00e5ra produktionsprocesser kontinuerligt f\u00f6r att f\u00f6rb\u00e4ttra kvaliteten p\u00e5 v\u00e5ra produkter. Vi uppr\u00e4tth\u00e5ller ett robust kvalitetskontrollsystem som s\u00e4kerst\u00e4ller att varje cylinder uppfyller rigor\u00f6sa standarder f\u00f6r prestanda och h\u00e5llbarhet.<\/p>\n<p>V\u00e5rt f\u00f6retag \u00e4r ocks\u00e5 stolta \u00f6ver att erbjuda skr\u00e4ddarsydda l\u00f6sningar, internationella certifieringar och enast\u00e5ende eftermarknadsservice. Denna helhetssyn s\u00e4kerst\u00e4ller att vi m\u00f6ter v\u00e5ra kunders olika behov samtidigt som vi uppr\u00e4tth\u00e5ller v\u00e5rt rykte om p\u00e5litlighet och excellens.<\/p>\n<p><img decoding=\"async\" src=\"https:\/\/www.hydraulic-cylinders.net\/wp-content\/uploads\/2025\/04\/songte-company-4.webp\" alt=\"F\u00f6retags\u00f6versikt\" \/><br \/>\n<img decoding=\"async\" src=\"https:\/\/www.hydraulic-cylinders.net\/wp-content\/uploads\/2025\/04\/songte-company-3.webp\" alt=\"V\u00e5ra anl\u00e4ggningar\" \/><\/p>\n<p>F\u00f6rfattare: lyl<\/p>","protected":false},"excerpt":{"rendered":"<p>Boom Cylinder For Xinyuan Wheel Excavator XY65W-7-8 Introduction to Boom Cylinder The Boom Cylinder is a crucial component designed specifically for hydraulic systems used in heavy machinery such as excavators. This hydraulic cylinder is responsible for controlling the movement of the bucket in various construction and earth-moving applications. It allows the bucket to lift, lower, [&hellip;]<\/p>","protected":false},"featured_media":17874,"comment_status":"open","ping_status":"closed","template":"","meta":{"_et_pb_use_builder":"","_et_pb_old_content":"","_et_gb_content_width":""},"product_brand":[],"product_cat":[1546],"product_tag":[1547,1496],"class_list":{"0":"post-19596","1":"product","2":"type-product","3":"status-publish","4":"has-post-thumbnail","6":"product_cat-boom-cylinders","7":"product_tag-boom-cylinders","8":"product_tag-hydraulic-cylinders","10":"first","11":"instock","12":"shipping-taxable","13":"product-type-simple"},"amp_enabled":true,"_links":{"self":[{"href":"https:\/\/www.hydraulic-cylinders.net\/sv\/wp-json\/wp\/v2\/product\/19596","targetHints":{"allow":["GET"]}}],"collection":[{"href":"https:\/\/www.hydraulic-cylinders.net\/sv\/wp-json\/wp\/v2\/product"}],"about":[{"href":"https:\/\/www.hydraulic-cylinders.net\/sv\/wp-json\/wp\/v2\/types\/product"}],"replies":[{"embeddable":true,"href":"https:\/\/www.hydraulic-cylinders.net\/sv\/wp-json\/wp\/v2\/comments?post=19596"}],"wp:featuredmedia":[{"embeddable":true,"href":"https:\/\/www.hydraulic-cylinders.net\/sv\/wp-json\/wp\/v2\/media\/17874"}],"wp:attachment":[{"href":"https:\/\/www.hydraulic-cylinders.net\/sv\/wp-json\/wp\/v2\/media?parent=19596"}],"wp:term":[{"taxonomy":"product_brand","embeddable":true,"href":"https:\/\/www.hydraulic-cylinders.net\/sv\/wp-json\/wp\/v2\/product_brand?post=19596"},{"taxonomy":"product_cat","embeddable":true,"href":"https:\/\/www.hydraulic-cylinders.net\/sv\/wp-json\/wp\/v2\/product_cat?post=19596"},{"taxonomy":"product_tag","embeddable":true,"href":"https:\/\/www.hydraulic-cylinders.net\/sv\/wp-json\/wp\/v2\/product_tag?post=19596"}],"curies":[{"name":"wp","href":"https:\/\/api.w.org\/{rel}","templated":true}]}}