{"id":19597,"date":"2025-04-07T06:56:33","date_gmt":"2025-04-07T06:56:33","guid":{"rendered":"https:\/\/www.hydraulic-cylinders.net\/product\/boom-cylinder-for-xinyuan-wheel-excavator-xy75w-8-9\/"},"modified":"2025-04-07T06:56:35","modified_gmt":"2025-04-07T06:56:35","slug":"boom-cylinder-for-xinyuan-wheel-excavator-xy75w-8-9","status":"publish","type":"product","link":"https:\/\/www.hydraulic-cylinders.net\/sv\/produkt\/boom-cylinder-for-xinyuan-wheel-excavator-xy75w-8-9\/","title":{"rendered":"Bomcylinder f\u00f6r Xinyuan hjulgr\u00e4vmaskin XY75W-8-9"},"content":{"rendered":"<h1>Bomcylinder f\u00f6r Xinyuan hjulgr\u00e4vmaskin XY75W-8-9<\/h1>\n<h2>Introduktion till bomcylindrar<\/h2>\n<p>Bomcylindern \u00e4r en viktig komponent i hydrauliska system som anv\u00e4nds i tunga maskiner, speciellt utformade f\u00f6r att styra bommens r\u00f6relse p\u00e5 gr\u00e4vmaskiner, gr\u00e4vlastare och frontlastare. Denna hydraulcylinder ansvarar f\u00f6r att lyfta, s\u00e4nka och luta bommen, vilket underl\u00e4ttar olika materialhanteringsuppgifter. Bomcylindern arbetar med hj\u00e4lp av hydraulv\u00e4tsketryck, vilket m\u00f6jligg\u00f6r mjuka och kraftfulla r\u00f6relser som \u00e4r avg\u00f6rande f\u00f6r effektiv drift inom bygg-, gruv- och jordbruksapplikationer.<\/p>\n<p><img decoding=\"async\" src=\"https:\/\/www.hydraulic-cylinders.net\/wp-content\/uploads\/2025\/04\/songte-company-1.webp\" alt=\"Bild av bomcylinder\" \/><\/p>\n<h2>Viktiga funktioner hos bomcylindern<\/h2>\n<ul>\n<li><strong>H\u00f6g styrka och h\u00e5llbarhet:<\/strong> Dessa cylindrar \u00e4r tillverkade av h\u00f6gh\u00e5llfast st\u00e5l eller aluminium och \u00e4r konstruerade f\u00f6r att motst\u00e5 h\u00f6ga tryck och tunga belastningar, vilket g\u00f6r dem l\u00e4mpliga f\u00f6r tuffa arbetsmilj\u00f6er.<\/li>\n<li><strong>Effektiv hydraulisk drift:<\/strong> Bomcylindern anv\u00e4nder hydrauliskt oljetryck f\u00f6r smidig ut- och ink\u00f6rning, vilket ger snabb respons p\u00e5 kontrollkommandon och levererar kraftfulla tryck- och dragkrafter.<\/li>\n<li><strong>Olika typer:<\/strong> Finns i enkelverkande (i en riktning) eller dubbelverkande (i b\u00e5da riktningarna) konfigurationer, d\u00e4r vissa modeller \u00e4r teleskopiska f\u00f6r att m\u00f6jligg\u00f6ra st\u00f6rre utdrag utan att \u00f6ka de yttersta m\u00e5tten.<\/li>\n<li><strong>Anpassningsbara alternativ:<\/strong> V\u00e5ra bomcylindrar kan skr\u00e4ddarsys f\u00f6r att m\u00f6ta specifika driftsbehov, vilket s\u00e4kerst\u00e4ller kompatibilitet med olika gr\u00e4vmaskinsmodeller.<\/li>\n<li><strong>Underh\u00e5llsv\u00e4nlig design:<\/strong> Dessa cylindrar \u00e4r konstruerade f\u00f6r enkelt underh\u00e5ll och har funktioner som f\u00f6renklar inspektion och service, vilket minskar stillest\u00e5ndstid och driftskostnader.<\/li>\n<\/ul>\n<p><img decoding=\"async\" src=\"https:\/\/www.hydraulic-cylinders.net\/wp-content\/uploads\/2025\/04\/songte-cylinder-head-with-all-kinds-excavator-models.webp\" alt=\"Gr\u00e4vmaskinsmodeller\" \/><\/p>\n<h2>Anv\u00e4ndningsomr\u00e5den f\u00f6r bomcylindrar<\/h2>\n<h3>Byggutrustning<\/h3>\n<p>I gr\u00e4vmaskiner \u00e4r bomcylindrar avg\u00f6rande f\u00f6r gr\u00e4vning, lastning och f\u00f6rflyttning av jord eller skr\u00e4p. Den exakta kontrollen som dessa cylindrar ger f\u00f6rb\u00e4ttrar maskinens effektivitet, vilket g\u00f6r det m\u00f6jligt f\u00f6r f\u00f6rare att utf\u00f6ra uppgifter med noggrannhet och hastighet. I gr\u00e4vlastare assisterar de vid b\u00e5de gr\u00e4vning och lyftuppgifter, vilket g\u00f6r dem oumb\u00e4rliga p\u00e5 byggarbetsplatser.<\/p>\n<h3>Jordbruksmaskiner<\/h3>\n<p>Bomcylindrar, som anv\u00e4nds i frontlastare, \u00e4r viktiga f\u00f6r att skopa, lyfta och transportera jord, h\u00f6 och andra material. Deras f\u00f6rm\u00e5ga att hantera tunga laster hj\u00e4lper lantbrukare att effektivt hantera sin verksamhet och f\u00f6rb\u00e4ttra produktiviteten i jordbruksuppgifter.<\/p>\n<h3>Gr\u00e4vning och gr\u00e4vning<\/h3>\n<p>I gr\u00e4vmaskiner g\u00f6r bomcylindern att skopan kan tr\u00e4nga ner i marken effektivt och starta gr\u00e4vningsprocessen. Denna funktion \u00e4r avg\u00f6rande f\u00f6r olika gr\u00e4vprojekt, fr\u00e5n grundl\u00e4ggning till landskapsarkitektur.<\/p>\n<h3>Lastutrustning<\/h3>\n<p>Hos frontlastare underl\u00e4ttar bomcylindrar effektivt lyftning och t\u00f6mning av material. Deras robusta design s\u00e4kerst\u00e4ller att de enkelt kan hantera stora laster, vilket bidrar till maskineriets totala produktivitet.<\/p>\n<h2>Design\u00f6verv\u00e4ganden och urvalskriterier<\/h2>\n<h3>Lastkapacitet<\/h3>\n<p>N\u00e4r man v\u00e4ljer en bomcylinder \u00e4r det av st\u00f6rsta vikt att f\u00f6rst\u00e5 dess lastkapacitet. Cylindern m\u00e5ste kunna hantera den maximala belastningen som f\u00f6rv\u00e4ntas under drift utan risk f\u00f6r fel. Detta inneb\u00e4r att man beaktar vikten p\u00e5 de material som flyttas och den specifika maskinens kapacitet f\u00f6r att s\u00e4kerst\u00e4lla s\u00e4kerhet och prestanda.<\/p>\n<h3>T\u00e4tningsintegritet<\/h3>\n<p>Korrekt t\u00e4tning \u00e4r avg\u00f6rande f\u00f6r att f\u00f6rhindra l\u00e4ckage av hydraulv\u00e4tska, vilket kan leda till minskad effektivitet och \u00f6kat slitage p\u00e5 komponenter. H\u00f6gkvalitativa t\u00e4tningar, s\u00e5som de som \u00e4r tillverkade av polyuretan eller nitrilgummi, f\u00f6rb\u00e4ttrar h\u00e5llbarheten och s\u00e4kerst\u00e4ller cylinderns livsl\u00e4ngd.<\/p>\n<h3>Varaktighet<\/h3>\n<p>Materialen som anv\u00e4nds i konstruktionen av bomcylindern \u00e4r avg\u00f6rande f\u00f6r dess livsl\u00e4ngd. H\u00f6gh\u00e5llfast st\u00e5l eller aluminium ger den n\u00f6dv\u00e4ndiga motst\u00e5ndskraften mot slitage under kr\u00e4vande f\u00f6rh\u00e5llanden, vilket f\u00f6rl\u00e4nger cylinderns livsl\u00e4ngd.<\/p>\n<h3>S\u00e4kerhetsstandarder<\/h3>\n<p>S\u00e4kerhet \u00e4r en viktig faktor vid konstruktionen av hydraulcylindrar. Att f\u00f6lja etablerade s\u00e4kerhetsstandarder minskar risken f\u00f6r olyckor och utrustningsfel. Tillverkare b\u00f6r se till att deras produkter uppfyller internationella s\u00e4kerhetsf\u00f6reskrifter, vilket ger operat\u00f6rerna sinnesro.<\/p>\n<h3>Tillg\u00e4nglighet f\u00f6r underh\u00e5ll<\/h3>\n<p>Att utforma bomcylindrar f\u00f6r enkelt underh\u00e5ll kan avsev\u00e4rt minska stillest\u00e5ndstiden. Funktioner som avtagbara t\u00e4tningar och tillg\u00e4ngliga sm\u00f6rjpunkter underl\u00e4ttar regelbundna inspektioner och service, vilket \u00e4r avg\u00f6rande f\u00f6r att uppr\u00e4tth\u00e5lla optimal prestanda och tillf\u00f6rlitlighet.<\/p>\n<p><img decoding=\"async\" src=\"https:\/\/www.hydraulic-cylinders.net\/wp-content\/uploads\/2025\/04\/songte-oil-pipes-and-spare-parts.webp\" alt=\"Hydrauliska komponenter\" \/><\/p>\n<h2>T\u00e4tning och sm\u00f6rjning<\/h2>\n<p>Effektiv t\u00e4tning och sm\u00f6rjning \u00e4r avg\u00f6rande f\u00f6r bomcylindrars prestanda. Olika t\u00e4tningskomponenter, inklusive kolvt\u00e4tningar och st\u00e5ngt\u00e4tningar, anv\u00e4nds f\u00f6r att uppr\u00e4tth\u00e5lla hydraultrycket och f\u00f6rhindra l\u00e4ckage. Att v\u00e4lja t\u00e4tningar tillverkade av slitstarka material som polyuretan eller nitrilgummi \u00f6kar h\u00e5llbarheten. Dessutom f\u00f6rb\u00e4ttrar precisionsbehandlingen p\u00e5 cylinderhuset och de g\u00e4ngade \u00e4ndarna slitstyrkan, vilket s\u00e4kerst\u00e4ller l\u00e5ngvarig prestanda. Regelbunden sm\u00f6rjning med hydraulolja \u00e4r avg\u00f6rande f\u00f6r att minimera friktion och slitage p\u00e5 r\u00f6rliga delar, vilket ytterligare bidrar till cylinderns livsl\u00e4ngd.<\/p>\n<h2>Regelbunden inspektion och f\u00f6rebyggande underh\u00e5lls\u00e5tg\u00e4rder<\/h2>\n<ul>\n<li><strong>Regelbundna inspektioner:<\/strong> Att genomf\u00f6ra rutinm\u00e4ssiga inspektioner \u00e4r avg\u00f6rande f\u00f6r att identifiera potentiella problem innan de eskalerar. Kontrollera tecken p\u00e5 slitage, l\u00e4ckor och allm\u00e4nt skick f\u00f6r att s\u00e4kerst\u00e4lla att cylindern fungerar effektivt.<\/li>\n<li><strong>Korrekt sm\u00f6rjning:<\/strong> Att s\u00e4kerst\u00e4lla att cylindern \u00e4r korrekt smord med hydraulolja hj\u00e4lper till att minska friktion och slitage p\u00e5 komponenterna, vilket f\u00f6rl\u00e4nger cylinderns livsl\u00e4ngd och bibeh\u00e5ller prestandan.<\/li>\n<li><strong>Byte av t\u00e4tning:<\/strong> Regelbundet byte av packningar som en del av underh\u00e5llet s\u00e4kerst\u00e4ller att hydraulv\u00e4tskan h\u00e5lls kvar effektivt och f\u00f6rhindrar l\u00e4ckage, vilket kan leda till prestandaproblem och s\u00e4kerhetsrisker.<\/li>\n<\/ul>\n<h2>Installationsriktlinjer<\/h2>\n<p>Korrekt installation av bomcylindrar \u00e4r avg\u00f6rande f\u00f6r optimal prestanda. B\u00f6rja med att s\u00e4kerst\u00e4lla att cylindern \u00e4r korrekt inriktad med monteringspunkterna p\u00e5 gr\u00e4vmaskinen. Anv\u00e4nd l\u00e4mpliga monteringsf\u00e4sten f\u00f6r att s\u00e4kra cylindern p\u00e5 plats, vilket f\u00f6rhindrar feljustering som kan leda till on\u00f6digt slitage eller fel. Det \u00e4r avg\u00f6rande att f\u00f6lja tillverkarens specifikationer f\u00f6r momentinst\u00e4llningar under installationen f\u00f6r att undvika att skada komponenter. Efter installationen, inspektera de hydrauliska anslutningarna f\u00f6r l\u00e4ckor och se till att cylindern fungerar smidigt genom hela sitt r\u00f6relseomr\u00e5de. Kontrollera regelbundet korrekt inriktning och s\u00e4kra alla kopplingar f\u00f6r att bibeh\u00e5lla prestandan.<\/p>\n<h2>Vanliga underh\u00e5llsuppgifter<\/h2>\n<h3>Regelbundna kontroller<\/h3>\n<p>T\u00e4ta inspektioner hj\u00e4lper till att identifiera slitage och potentiella problem tidigt. Operat\u00f6rer b\u00f6r etablera en rutin f\u00f6r att unders\u00f6ka cylindern f\u00f6r tecken p\u00e5 hydraulv\u00e4tskel\u00e4ckage, skador eller onormala slitagem\u00f6nster, och s\u00e4kerst\u00e4lla att eventuella problem \u00e5tg\u00e4rdas omedelbart f\u00f6r att bibeh\u00e5lla driftseffektiviteten.<\/p>\n<h3>L\u00e4mplig sm\u00f6rjning<\/h3>\n<p>Att bibeh\u00e5lla korrekt sm\u00f6rjning \u00e4r avg\u00f6rande f\u00f6r bomcylindrarnas livsl\u00e4ngd. F\u00f6rare b\u00f6r se till att cylindern regelbundet sm\u00f6rjs med l\u00e4mplig hydraulolja, med fokus p\u00e5 att h\u00e5lla t\u00e4tningar och r\u00f6rliga delar v\u00e4lsmorda f\u00f6r att minimera friktion och slitage.<\/p>\n<h3>T\u00e4tningsbyte och kalibreringskontroller<\/h3>\n<p>Regelbunden kontroll och byte av t\u00e4tningar \u00e4r avg\u00f6rande f\u00f6r att f\u00f6rhindra l\u00e4ckor och bibeh\u00e5lla hydraultrycket. Kalibreringskontroller s\u00e4kerst\u00e4ller att cylindern fungerar inom angivna parametrar, vilket m\u00f6jligg\u00f6r exakta r\u00f6relser och effektiv materialhantering. Detta f\u00f6rebyggande underh\u00e5ll \u00e4r avg\u00f6rande f\u00f6r att uppr\u00e4tth\u00e5lla driftseffektiviteten och f\u00f6rl\u00e4nga utrustningens livsl\u00e4ngd.<\/p>\n<p><img decoding=\"async\" src=\"https:\/\/www.hydraulic-cylinders.net\/wp-content\/uploads\/2025\/04\/songte-chushion-collar.webp\" alt=\"Kuddekrage\" \/><\/p>\n<h2>S\u00e4kerhetsaspekter och milj\u00f6faktorer<\/h2>\n<p>Vid arbete med bomcylindrar \u00e4r s\u00e4kerhets\u00e5tg\u00e4rder av st\u00f6rsta vikt. Operat\u00f6rer b\u00f6r f\u00f6lja s\u00e4kerhetsprotokoll, s\u00e5som att b\u00e4ra skyddsutrustning och s\u00e4kerst\u00e4lla att hydraulsystemet \u00e4r tryckl\u00f6st innan underh\u00e5ll utf\u00f6rs. Dessutom m\u00e5ste milj\u00f6h\u00e4nsyn beaktas, s\u00e5som korrekt kassering av hydraulv\u00e4tskor och underh\u00e5ll av utrustning f\u00f6r att f\u00f6rhindra l\u00e4ckor som kan skada milj\u00f6n. Dessa metoder f\u00f6rb\u00e4ttrar inte bara s\u00e4kerheten utan fr\u00e4mjar ocks\u00e5 h\u00e5llbarhet i verksamheten.<\/p>\n<h2>Fels\u00f6kning och vanliga problem<\/h2>\n<ul>\n<li><strong>V\u00e4tskel\u00e4ckage:<\/strong> Ett av de vanligaste problemen med bomcylindrar \u00e4r v\u00e4tskel\u00e4ckage. Detta kan ofta sp\u00e5ras tillbaka till slitna t\u00e4tningar. Regelbunden inspektion och byte av t\u00e4tningar kan f\u00f6rhindra detta problem.<\/li>\n<li><strong>Otillr\u00e4cklig f\u00f6rl\u00e4ngning eller indragning:<\/strong> Om cylindern inte f\u00e4lls ut eller in helt kan det bero p\u00e5 l\u00e5ga hydraulv\u00e4tskeniv\u00e5er eller luft i systemet. Att kontrollera v\u00e4tskeniv\u00e5erna och lufta systemet kan l\u00f6sa problemet.<\/li>\n<li><strong>Ovanliga ljud:<\/strong> Ovanliga ljud under drift kan tyda p\u00e5 inre skador eller felaktig sm\u00f6rjning. Att unders\u00f6ka dessa ljud snabbt kan bidra till att undvika ytterligare skador p\u00e5 cylindern.<\/li>\n<\/ul>\n<h2>F\u00f6rebyggande \u00e5tg\u00e4rder<\/h2>\n<p>Att implementera f\u00f6rebyggande \u00e5tg\u00e4rder \u00e4r avg\u00f6rande f\u00f6r att minska sannolikheten f\u00f6r problem med bomcylindrar. Regelbundna underh\u00e5llsscheman, inklusive inspektioner och sm\u00f6rjning, hj\u00e4lper till att identifiera problem tidigt. Att utbilda operat\u00f6rer i att k\u00e4nna igen tecken p\u00e5 slitage eller funktionsfel kan ytterligare minimera potentiella problem. Dessutom kan ett robust rapporteringssystem f\u00f6r underh\u00e5llsbehov s\u00e4kerst\u00e4lla snabba insatser, vilket bevarar utrustningens funktionalitet och s\u00e4kerhet.<\/p>\n<p><img decoding=\"async\" src=\"https:\/\/www.hydraulic-cylinders.net\/wp-content\/uploads\/2025\/04\/songte-bushings-with-all-kinds-of-excavator-models.webp\" alt=\"Bussningar f\u00f6r gr\u00e4vmaskinsmodeller\" \/><\/p>\n<h2>Om v\u00e5rt f\u00f6retag<\/h2>\n<p>Vi \u00e4r en ledande tillverkare av hydraulcylindrar f\u00f6r reservdelar och erbjuder ett omfattande produktsortiment som g\u00f6r oss till en av de fr\u00e4msta tillverkarna och grossistdistribut\u00f6rerna p\u00e5 b\u00e5de inhemska och internationella marknader. V\u00e5rt engagemang f\u00f6r excellens driver oss att implementera f\u00f6rfinade tillverkningsstrategier, anv\u00e4nda avancerad teknik och specialiserade testsystem f\u00f6r att f\u00f6rb\u00e4ttra v\u00e5r produktionskapacitet. V\u00e5r starka kreativa f\u00f6rm\u00e5ga g\u00f6r det m\u00f6jligt f\u00f6r oss att m\u00f6ta olika kundkrav med h\u00f6g effektivitet, precision och kvalitet.<\/p>\n<p>Vi \u00e4r stolta \u00f6ver v\u00e5r professionalism och innehar internationella certifieringar som \u00e5terspeglar v\u00e5rt engagemang f\u00f6r kvalitet. V\u00e5ra anpassningsbara tj\u00e4nster tillgodoser specifika behov och s\u00e4kerst\u00e4ller att kunderna f\u00e5r exakt de produkter de beh\u00f6ver. V\u00e5r toppmoderna produktionsutrustning g\u00f6r det m\u00f6jligt f\u00f6r oss att uppr\u00e4tth\u00e5lla h\u00f6ga standarder i v\u00e5ra tillverkningsprocesser och s\u00e4kerst\u00e4lla en j\u00e4mn kvalitet p\u00e5 alla produkter. Dessutom s\u00e4kerst\u00e4ller v\u00e5r dedikerade eftermarknadsservice kundn\u00f6jdhet och support under hela produktens livscykel.<\/p>\n<p><img decoding=\"async\" src=\"https:\/\/www.hydraulic-cylinders.net\/wp-content\/uploads\/2025\/04\/songte-company-4.webp\" alt=\"F\u00f6retags\u00f6versikt\" \/><br \/>\n<img decoding=\"async\" src=\"https:\/\/www.hydraulic-cylinders.net\/wp-content\/uploads\/2025\/04\/songte-company-3.webp\" alt=\"F\u00f6retagsanl\u00e4ggning\" \/><\/p>\n<p>F\u00f6rfattare: lyl<\/p>","protected":false},"excerpt":{"rendered":"<p>Boom Cylinder For Xinyuan Wheel Excavator XY75W-8-9 Introduction to Boom Cylinders The boom cylinder is a vital component in hydraulic systems used in heavy machinery, specifically designed to control the movement of the boom of excavators, backhoe loaders, and front loaders. This hydraulic cylinder is responsible for lifting, lowering, and tilting the boom, thus facilitating [&hellip;]<\/p>","protected":false},"featured_media":17875,"comment_status":"open","ping_status":"closed","template":"","meta":{"_et_pb_use_builder":"","_et_pb_old_content":"","_et_gb_content_width":""},"product_brand":[],"product_cat":[1546],"product_tag":[1547,1496],"class_list":{"0":"post-19597","1":"product","2":"type-product","3":"status-publish","4":"has-post-thumbnail","6":"product_cat-boom-cylinders","7":"product_tag-boom-cylinders","8":"product_tag-hydraulic-cylinders","10":"first","11":"instock","12":"shipping-taxable","13":"product-type-simple"},"amp_enabled":true,"_links":{"self":[{"href":"https:\/\/www.hydraulic-cylinders.net\/sv\/wp-json\/wp\/v2\/product\/19597","targetHints":{"allow":["GET"]}}],"collection":[{"href":"https:\/\/www.hydraulic-cylinders.net\/sv\/wp-json\/wp\/v2\/product"}],"about":[{"href":"https:\/\/www.hydraulic-cylinders.net\/sv\/wp-json\/wp\/v2\/types\/product"}],"replies":[{"embeddable":true,"href":"https:\/\/www.hydraulic-cylinders.net\/sv\/wp-json\/wp\/v2\/comments?post=19597"}],"wp:featuredmedia":[{"embeddable":true,"href":"https:\/\/www.hydraulic-cylinders.net\/sv\/wp-json\/wp\/v2\/media\/17875"}],"wp:attachment":[{"href":"https:\/\/www.hydraulic-cylinders.net\/sv\/wp-json\/wp\/v2\/media?parent=19597"}],"wp:term":[{"taxonomy":"product_brand","embeddable":true,"href":"https:\/\/www.hydraulic-cylinders.net\/sv\/wp-json\/wp\/v2\/product_brand?post=19597"},{"taxonomy":"product_cat","embeddable":true,"href":"https:\/\/www.hydraulic-cylinders.net\/sv\/wp-json\/wp\/v2\/product_cat?post=19597"},{"taxonomy":"product_tag","embeddable":true,"href":"https:\/\/www.hydraulic-cylinders.net\/sv\/wp-json\/wp\/v2\/product_tag?post=19597"}],"curies":[{"name":"wp","href":"https:\/\/api.w.org\/{rel}","templated":true}]}}