{"id":19604,"date":"2025-04-07T06:57:00","date_gmt":"2025-04-07T06:57:00","guid":{"rendered":"https:\/\/www.hydraulic-cylinders.net\/product\/boom-cylinder-for-volwa-small-excavator-dls130-9\/"},"modified":"2025-04-07T06:57:03","modified_gmt":"2025-04-07T06:57:03","slug":"boom-cylinder-for-volwa-small-excavator-dls130-9","status":"publish","type":"product","link":"https:\/\/www.hydraulic-cylinders.net\/sv\/produkt\/boom-cylinder-for-volwa-small-excavator-dls130-9\/","title":{"rendered":"Bomcylinder f\u00f6r Volwa liten gr\u00e4vmaskin DLS130-9"},"content":{"rendered":"<h1>Bomcylinder f\u00f6r Volwa liten gr\u00e4vmaskin DLS130-9<\/h1>\n<h2>Produkt\u00f6versikt<\/h2>\n<p>Bomcylindern f\u00f6r Volwa Small Excavator DLS130-9 \u00e4r en kritisk komponent i hydraulsystem, speciellt utformad f\u00f6r att styra skopans r\u00f6relse p\u00e5 olika tunga maskiner, inklusive gr\u00e4vmaskiner, gr\u00e4vlastare och frontlastare. Denna hydraulcylinder underl\u00e4ttar lyftning, s\u00e4nkning och lutning av skopan, vilket g\u00f6r den till ett viktigt verktyg f\u00f6r materialhanteringsuppgifter.<\/p>\n<p>Som en typ av hydraulcylinder fungerar skopcylindern enligt principen om v\u00e4tsketryck. N\u00e4r hydraulolja pumpas in i cylindern skapas ett tryck som r\u00f6r kolven, vilket i sin tur r\u00f6r skopan. Denna mekanism m\u00f6jligg\u00f6r exakt kontroll av skopans position, vilket g\u00f6r det m\u00f6jligt f\u00f6r f\u00f6rare att utf\u00f6ra komplexa uppgifter effektivt. Bomcylinderns design s\u00e4kerst\u00e4ller att den kan klara av tunga lyft och tuffa milj\u00f6er, vilket g\u00f6r den till ett p\u00e5litligt val f\u00f6r bygg- och jordbruksutrustning.<\/p>\n<p><img decoding=\"async\" src=\"https:\/\/www.hydraulic-cylinders.net\/wp-content\/uploads\/2025\/04\/songte-company-1.webp\" alt=\"Bomcylinder f\u00f6r gr\u00e4vmaskin\"><\/p>\n<h2>Funktioner hos bomcylindern<\/h2>\n<ul>\n<li><strong>H\u00f6g styrka och h\u00e5llbarhet:<\/strong> Dessa cylindrar, som vanligtvis \u00e4r tillverkade av h\u00f6gh\u00e5llfast st\u00e5l eller aluminium, t\u00e5l h\u00f6gt tryck och tunga belastningar och \u00e4r l\u00e4mpliga f\u00f6r tuffa arbetsf\u00f6rh\u00e5llanden. De \u00e4r konstruerade med slitstyrka och korrosionsbest\u00e4ndighet i \u00e5tanke, vilket f\u00f6rl\u00e4nger produktens livsl\u00e4ngd.<\/li>\n<li><strong>Effektiv hydraulisk drift:<\/strong> Cylindern anv\u00e4nder hydrauliskt oljetryck f\u00f6r smidig ut- och indragning, vilket ger snabba svarstider p\u00e5 styrkommandon och kraftfulla tryck- och dragkrafter, perfekt f\u00f6r hantering av tunga f\u00f6rem\u00e5l och komplexa uppgifter.<\/li>\n<li><strong>Olika typer:<\/strong> Alternativen inkluderar enkelverkande (med hydraultryck i en riktning) och dubbelverkande (med hydraultryck i b\u00e5da riktningarna) cylindrar f\u00f6r att m\u00f6ta olika driftsbehov. Vissa modeller \u00e4r teleskopiska, vilket m\u00f6jligg\u00f6r st\u00f6rre utbyggnad utan att \u00f6ka de yttre m\u00e5tten, vilket g\u00f6r dem l\u00e4mpliga f\u00f6r utrymmesbegr\u00e4nsade till\u00e4mpningar.<\/li>\n<li><strong>Anpassad tillverkning:<\/strong> V\u00e5rt f\u00f6retag specialiserar sig p\u00e5 att producera denna produkt, vilket s\u00e4kerst\u00e4ller att v\u00e5ra cylindrar perfekt kan ers\u00e4tta befintliga hydraulcylindrar.<\/li>\n<li><strong>M\u00e5ngsidiga till\u00e4mpningar:<\/strong> Utformad f\u00f6r att st\u00f6dja en m\u00e4ngd olika maskiner, vilket \u00f6kar produktiviteten inom olika sektorer.<\/li>\n<\/ul>\n<p><img decoding=\"async\" src=\"https:\/\/www.hydraulic-cylinders.net\/wp-content\/uploads\/2025\/04\/songte-cylinder-head-with-all-kinds-excavator-models.webp\" alt=\"Gr\u00e4vmaskinsmodeller\"><\/p>\n<h2>Anv\u00e4ndningsomr\u00e5den f\u00f6r bomcylindern<\/h2>\n<h3>Byggutrustning<\/h3>\n<p>I entreprenadmaskiner \u00e4r bomcylindrar avg\u00f6rande f\u00f6r att gr\u00e4va, lasta och flytta jord eller skr\u00e4p. De hj\u00e4lper till att kontrollera skopans r\u00f6relse, vilket m\u00f6jligg\u00f6r effektiva gr\u00e4v- och lastningsoperationer. I gr\u00e4vlastare hj\u00e4lper bomcylindern till vid b\u00e5de gr\u00e4vning och lyftning, vilket ger flexibilitet f\u00f6r olika uppgifter.<\/p>\n<h3>Jordbruksmaskiner<\/h3>\n<p>I frontlastare anv\u00e4nds bomcylindrar f\u00f6r att skopa, lyfta och transportera jord, h\u00f6 och andra material. De s\u00e4kerst\u00e4ller att skopan effektivt kan gripa tag i materialet, vilket m\u00f6jligg\u00f6r smidiga operationer inom jordbruk och materialhantering.<\/p>\n<h3>Gr\u00e4vmaskiner<\/h3>\n<p>Gr\u00e4vmaskiner f\u00f6rlitar sig p\u00e5 skopcylindern f\u00f6r att tr\u00e4nga ner i jorden under gr\u00e4vning. Dess design m\u00f6jligg\u00f6r exakt kontroll av skopans vinkel och djup, vilket g\u00f6r den idealisk f\u00f6r gr\u00e4varbeten i varierande jordf\u00f6rh\u00e5llanden.<\/p>\n<h3>Lastare<\/h3>\n<p>P\u00e5 frontlastare hj\u00e4lper bomcylindrar till att lyfta och dumpa laster effektivt. Deras robusta design m\u00f6jligg\u00f6r tunga lyft, vilket s\u00e4kerst\u00e4ller att f\u00f6rarna kan hantera material effektivt utan att kompromissa med s\u00e4kerheten.<\/p>\n<h2>Design\u00f6verv\u00e4ganden och urvalsstandarder<\/h2>\n<h3>Lastkapacitet<\/h3>\n<p>N\u00e4r man v\u00e4ljer en bomcylinder \u00e4r lastkapaciteten en viktig faktor. Cylindern m\u00e5ste vara tillr\u00e4ckligt stark f\u00f6r att hantera de maximala belastningarna som f\u00f6rv\u00e4ntas under drift. Faktorer som vikten p\u00e5 det material som flyttas och vilken typ av maskin som anv\u00e4nds spelar en viktig roll f\u00f6r att best\u00e4mma l\u00e4mplig lastkapacitet.<\/p>\n<h3>T\u00e4tningsintegritet<\/h3>\n<p>T\u00e4tningen av bomcylindern \u00e4r avg\u00f6rande f\u00f6r att bibeh\u00e5lla hydraultrycket och f\u00f6rhindra l\u00e4ckage. H\u00f6gkvalitativa t\u00e4tningar \u00e4r avg\u00f6rande f\u00f6r att s\u00e4kerst\u00e4lla l\u00e5ngsiktig prestanda. T\u00e4tningar b\u00f6r v\u00e4ljas baserat p\u00e5 kompatibilitet med hydrauloljor och motst\u00e5ndskraft mot slitage, vilket s\u00e4kerst\u00e4ller optimal prestanda.<\/p>\n<h3>Varaktighet<\/h3>\n<p>H\u00e5llbarhet \u00e4r en nyckelfaktor vid konstruktionen av en bomcylinder. Den m\u00e5ste t\u00e5la tuffa arbetsf\u00f6rh\u00e5llanden, inklusive exponering f\u00f6r damm, smuts och fukt. Material som anv\u00e4nds vid tillverkningen b\u00f6r vara motst\u00e5ndskraftiga mot slitage och korrosion, vilket s\u00e4kerst\u00e4ller att cylindern kan fungera effektivt under en l\u00e4ngre tid.<\/p>\n<h3>S\u00e4kerhetsfunktioner<\/h3>\n<p>S\u00e4kerhet \u00e4r av st\u00f6rsta vikt n\u00e4r man \u00f6verv\u00e4ger hydraulcylindrar. Konstruktionen b\u00f6r inkludera s\u00e4kerhetsfunktioner som f\u00f6rhindrar \u00f6verbelastning och s\u00e4kerst\u00e4ller stabil drift. Detta kan inkludera tryckavlastningsventiler och s\u00e4kerhetsmekanismer f\u00f6r att skydda b\u00e5de operat\u00f6ren och maskinen.<\/p>\n<h3>Tillg\u00e4nglighet f\u00f6r underh\u00e5ll<\/h3>\n<p>Bomcylinderns design b\u00f6r m\u00f6jligg\u00f6ra enkelt underh\u00e5ll och reparation. Tillg\u00e4nglighet till kritiska komponenter f\u00f6r inspektion, sm\u00f6rjning och utbyte kan avsev\u00e4rt minska driftstopp och underh\u00e5llskostnader, vilket f\u00f6rb\u00e4ttrar den totala effektiviteten.<\/p>\n<p><img decoding=\"async\" src=\"https:\/\/www.hydraulic-cylinders.net\/wp-content\/uploads\/2025\/04\/songte-oil-pipes-and-spare-parts.webp\" alt=\"Oljer\u00f6r och reservdelar\"><\/p>\n<h2>T\u00e4tning och sm\u00f6rjning<\/h2>\n<p>Effektiv t\u00e4tning och sm\u00f6rjning \u00e4r avg\u00f6rande f\u00f6r bomcylindrars prestanda. Olika t\u00e4tningar, s\u00e5som kolvt\u00e4tningar och st\u00e5ngt\u00e4tningar, \u00e4r viktiga f\u00f6r att uppr\u00e4tth\u00e5lla hydraultrycket och f\u00f6rhindra l\u00e4ckage. Dessa t\u00e4tningar \u00e4r ofta tillverkade av slitstarka material som polyuretan eller nitrilgummi, vilka erbjuder utm\u00e4rkt slitstyrka. Dessutom \u00e4r cylinderhuset och de g\u00e4ngade \u00e4ndarna fint bearbetade f\u00f6r att \u00f6ka h\u00e5llbarheten.<\/p>\n<p>Regelbunden sm\u00f6rjning med hydraulolja \u00e4r n\u00f6dv\u00e4ndig f\u00f6r att s\u00e4kerst\u00e4lla smidig drift och f\u00f6rhindra f\u00f6r tidigt slitage. Korrekt sm\u00f6rjning minskar friktionen mellan r\u00f6rliga delar, vilket bidrar till cylinderns livsl\u00e4ngd.<\/p>\n<h2>F\u00f6rebyggande underh\u00e5lls\u00e5tg\u00e4rder<\/h2>\n<ul>\n<li><strong>Regelbundna inspektioner:<\/strong> Utf\u00f6r rutinkontroller f\u00f6r att identifiera tecken p\u00e5 slitage eller l\u00e4ckor. Tidig uppt\u00e4ckt kan f\u00f6rhindra st\u00f6rre fel och kostsamma reparationer.<\/li>\n<li><strong>L\u00e4mplig sm\u00f6rjning:<\/strong> S\u00e4kerst\u00e4ll att hydrauloljan har rekommenderade niv\u00e5er och \u00e4r l\u00e4mplig f\u00f6r driftsf\u00f6rh\u00e5llandena. Kontrollera regelbundet att oljan inte \u00e4r f\u00f6rorenad.<\/li>\n<li><strong>Byte av t\u00e4tning:<\/strong> Byt ut t\u00e4tningar vid behov f\u00f6r att bibeh\u00e5lla trycket och f\u00f6rhindra l\u00e4ckage. Detta b\u00f6r ing\u00e5 i ett regelbundet underh\u00e5llsschema.<\/li>\n<\/ul>\n<h2>Installationsriktlinjer<\/h2>\n<p>Korrekt installation av bomcylindern \u00e4r avg\u00f6rande f\u00f6r optimal prestanda. B\u00f6rja med att se till att cylindern och dess monteringspunkter \u00e4r rena och fria fr\u00e5n skr\u00e4p. Anv\u00e4nd l\u00e4mpliga justeringsverktyg f\u00f6r att s\u00e4kerst\u00e4lla att cylindern \u00e4r korrekt justerad under installationen. Det \u00e4r viktigt att anv\u00e4nda l\u00e4mpliga monteringsf\u00e4sten f\u00f6r att s\u00e4kra cylindern och f\u00f6rhindra feljustering under drift.<\/p>\n<p>F\u00f6lj tillverkarens installationsanvisningar noggrant och se till att alla f\u00e4stelement \u00e4r \u00e5tdragna med angivna \u00e5tdragningsmoment. Efter installationen, utf\u00f6r en noggrann inspektion f\u00f6r att s\u00e4kerst\u00e4lla att alla komponenter \u00e4r korrekt installerade och fungerar som avsett.<\/p>\n<h2>Vanliga underh\u00e5llsuppgifter<\/h2>\n<ul>\n<li><strong>Regelbundna kontroller:<\/strong> Utf\u00f6r regelbundna inspektioner f\u00f6r att bed\u00f6ma bomcylinderns skick, kontrollera om det finns tecken p\u00e5 slitage, l\u00e4ckor och den \u00f6vergripande funktionen.<\/li>\n<li><strong>Korrekt sm\u00f6rjning:<\/strong> S\u00e4kerst\u00e4ll j\u00e4mn sm\u00f6rjning av hydraulsystemet f\u00f6r att minska friktion och slitage p\u00e5 r\u00f6rliga delar, vilket \u00e4r avg\u00f6rande f\u00f6r att bibeh\u00e5lla prestanda och f\u00f6rl\u00e4nga cylinderns livsl\u00e4ngd.<\/li>\n<li><strong>Byte av t\u00e4tning:<\/strong> \u00d6vervaka t\u00e4tningarnas skick och byt ut dem vid behov f\u00f6r att bibeh\u00e5lla hydraultrycket och f\u00f6rhindra v\u00e4tskel\u00e4ckage. Tidiga byten \u00e4r avg\u00f6rande f\u00f6r att hydraulsystemet ska fungera effektivt.<\/li>\n<\/ul>\n<h2>S\u00e4kerhetsaspekter och milj\u00f6faktorer<\/h2>\n<p>Vid arbete med hydraulcylindrar \u00e4r s\u00e4kerhets\u00e5tg\u00e4rder av st\u00f6rsta vikt. Operat\u00f6rer b\u00f6r utbildas f\u00f6r att f\u00f6rst\u00e5 utrustningens driftsbegr\u00e4nsningar och s\u00e4kerhetsfunktioner. Anv\u00e4nd alltid l\u00e4mplig personlig skyddsutrustning (PPE) och se till att maskiner inte anv\u00e4nds \u00f6ver sin kapacitet. Regelbundna s\u00e4kerhetsrevisioner och efterlevnad av s\u00e4kerhetsf\u00f6reskrifter kan avsev\u00e4rt minimera riskerna i samband med hydrauliska maskiner.<\/p>\n<h2>Fels\u00f6kning av vanliga problem<\/h2>\n<ul>\n<li><strong>L\u00e4ckage:<\/strong> Om v\u00e4tskel\u00e4ckage observeras, kontrollera t\u00e4tningar och kopplingar f\u00f6r skador och byt ut dem vid behov. S\u00e4kerst\u00e4ll att hydrauloljeniv\u00e5n bibeh\u00e5lls.<\/li>\n<li><strong>F\u00f6rlust av kraft:<\/strong> En minskning av lyftkraften kan tyda p\u00e5 inre cylinderslitage eller f\u00f6rorening av hydraulv\u00e4tskan. Kontrollera hydrauloljans kvalitet och byt ut den vid behov.<\/li>\n<li><strong>Ovanliga ljud:<\/strong> Ovanliga ljud under drift kan tyda p\u00e5 mekaniska problem eller otillr\u00e4cklig sm\u00f6rjning. Utf\u00f6r en noggrann inspektion f\u00f6r att identifiera och \u00e5tg\u00e4rda problemet.<\/li>\n<\/ul>\n<p>Att vara proaktiv med underh\u00e5ll och \u00e5tg\u00e4rda problem snabbt kan bidra till att minska allvarligare problem i framtiden.<\/p>\n<p><img decoding=\"async\" src=\"https:\/\/www.hydraulic-cylinders.net\/wp-content\/uploads\/2025\/04\/songte-bushings-with-all-kinds-of-excavator-models.webp\" alt=\"Gr\u00e4vmaskinsbussningar\"><\/p>\n<h2>Om v\u00e5rt f\u00f6retag<\/h2>\n<p>Vi \u00e4r en tillverkare av hydrauliska reservcylindrar med ett omfattande produktsortiment, vilket g\u00f6r oss till en av de ledande tillverkarna och grossistdistribut\u00f6rerna p\u00e5 b\u00e5de den inhemska och internationella marknaden. Vi str\u00e4var efter h\u00f6gsta kvalitet och f\u00f6rlitar oss p\u00e5 en f\u00f6rfinad strategi f\u00f6r tillverkningsverkstadsledning. V\u00e5rt f\u00f6retag f\u00f6rb\u00e4ttrar kontinuerligt sin tillverkningsplattform genom att anv\u00e4nda teknisk talang, avancerad digital tillverkningsutrustning och professionella testsystem.<\/p>\n<p>Vi fokuserar p\u00e5 att f\u00f6rb\u00e4ttra produktkvaliteten i produktionslinjerna och har utvecklat robusta kreativa f\u00f6rm\u00e5gor. V\u00e5ra principer f\u00f6r h\u00f6g effektivitet, h\u00f6g precision och h\u00f6g kvalitet g\u00f6r det m\u00f6jligt f\u00f6r oss att m\u00f6ta olika kunders behov.<\/p>\n<p><img decoding=\"async\" src=\"https:\/\/www.hydraulic-cylinders.net\/wp-content\/uploads\/2025\/04\/songte-company-4.webp\" alt=\"F\u00f6retags\u00f6versikt\"><br \/>\n<img decoding=\"async\" src=\"https:\/\/www.hydraulic-cylinders.net\/wp-content\/uploads\/2025\/04\/songte-company-3.webp\" alt=\"F\u00f6retagstillverkning\"><\/p>\n<p>F\u00f6rfattare: lyl<\/p>","protected":false},"excerpt":{"rendered":"<p>Boom Cylinder For Volwa Small Excavator DLS130-9 Product Overview The Boom Cylinder for the Volwa Small Excavator DLS130-9 is a critical component in hydraulic systems, specifically designed to control the movement of the bucket on various heavy machinery, including excavators, backhoe loaders, and front loaders. This hydraulic cylinder facilitates the lifting, lowering, and tilting of [&hellip;]<\/p>","protected":false},"featured_media":17867,"comment_status":"open","ping_status":"closed","template":"","meta":{"_et_pb_use_builder":"","_et_pb_old_content":"","_et_gb_content_width":""},"product_brand":[],"product_cat":[1546],"product_tag":[1547,1496],"class_list":{"0":"post-19604","1":"product","2":"type-product","3":"status-publish","4":"has-post-thumbnail","6":"product_cat-boom-cylinders","7":"product_tag-boom-cylinders","8":"product_tag-hydraulic-cylinders","10":"first","11":"instock","12":"shipping-taxable","13":"product-type-simple"},"amp_enabled":true,"_links":{"self":[{"href":"https:\/\/www.hydraulic-cylinders.net\/sv\/wp-json\/wp\/v2\/product\/19604","targetHints":{"allow":["GET"]}}],"collection":[{"href":"https:\/\/www.hydraulic-cylinders.net\/sv\/wp-json\/wp\/v2\/product"}],"about":[{"href":"https:\/\/www.hydraulic-cylinders.net\/sv\/wp-json\/wp\/v2\/types\/product"}],"replies":[{"embeddable":true,"href":"https:\/\/www.hydraulic-cylinders.net\/sv\/wp-json\/wp\/v2\/comments?post=19604"}],"wp:featuredmedia":[{"embeddable":true,"href":"https:\/\/www.hydraulic-cylinders.net\/sv\/wp-json\/wp\/v2\/media\/17867"}],"wp:attachment":[{"href":"https:\/\/www.hydraulic-cylinders.net\/sv\/wp-json\/wp\/v2\/media?parent=19604"}],"wp:term":[{"taxonomy":"product_brand","embeddable":true,"href":"https:\/\/www.hydraulic-cylinders.net\/sv\/wp-json\/wp\/v2\/product_brand?post=19604"},{"taxonomy":"product_cat","embeddable":true,"href":"https:\/\/www.hydraulic-cylinders.net\/sv\/wp-json\/wp\/v2\/product_cat?post=19604"},{"taxonomy":"product_tag","embeddable":true,"href":"https:\/\/www.hydraulic-cylinders.net\/sv\/wp-json\/wp\/v2\/product_tag?post=19604"}],"curies":[{"name":"wp","href":"https:\/\/api.w.org\/{rel}","templated":true}]}}