{"id":19612,"date":"2025-04-07T06:57:21","date_gmt":"2025-04-07T06:57:21","guid":{"rendered":"https:\/\/www.hydraulic-cylinders.net\/product\/boom-cylinder-for-volwa-middle-excavator-dls230-8h\/"},"modified":"2025-04-07T06:57:24","modified_gmt":"2025-04-07T06:57:24","slug":"boom-cylinder-for-volwa-middle-excavator-dls230-8h","status":"publish","type":"product","link":"https:\/\/www.hydraulic-cylinders.net\/sv\/produkt\/boom-cylinder-for-volwa-middle-excavator-dls230-8h\/","title":{"rendered":"Bomcylinder f\u00f6r Volwa mellangr\u00e4vmaskin DLS230-8H"},"content":{"rendered":"<h1>Bomcylinder f\u00f6r Volwa mellangr\u00e4vmaskin DLS230-8H<\/h1>\n<h2>Introduktion till bomcylindrar<\/h2>\n<p>Bomcylindern \u00e4r en avg\u00f6rande komponent i hydraulsystemen i tunga maskiner som gr\u00e4vmaskiner, gr\u00e4vlastare och frontlastare. Den \u00e4r specifikt utformad f\u00f6r att styra skopans r\u00f6relse, s\u00e5 att den kan lyftas, s\u00e4nkas och lutas effektivt under materialhanteringsuppgifter. Dessa cylindrar anv\u00e4nder hydraulv\u00e4tska f\u00f6r att skapa kraft, vilket g\u00f6r att maskineriet kan utf\u00f6ra en m\u00e4ngd olika operationer med precision och effektivitet.<\/p>\n<p>Som en typ av hydraulcylinder spelar bomcylindern en viktig roll i olika till\u00e4mpningar inom olika branscher. Genom att manipulera skopans position kan f\u00f6rare optimera sitt arbetsfl\u00f6de och \u00f6ka produktiviteten p\u00e5 arbetsplatser. Detta hydrauliska system \u00e4r avg\u00f6rande f\u00f6r uppgifter som gr\u00e4vning, lastning och transport av material, vilket g\u00f6r det till en viktig tillg\u00e5ng inom bygg, jordbruk och gruvdrift.<\/p>\n<p><img decoding=\"async\" src=\"https:\/\/www.hydraulic-cylinders.net\/wp-content\/uploads\/2025\/04\/songte-company-1.webp\" alt=\"Bild av hydraulcylinder\" \/><\/p>\n<h2>Viktiga funktioner hos bomcylindern<\/h2>\n<ul>\n<li><strong>H\u00f6g styrka och h\u00e5llbarhet:<\/strong> Bomcylindern \u00e4r tillverkad av h\u00f6gh\u00e5llfast st\u00e5l eller aluminium och t\u00e5l h\u00f6gt tryck och tunga belastningar, vilket g\u00f6r den l\u00e4mplig f\u00f6r tuffa arbetsf\u00f6rh\u00e5llanden. Dess design inkluderar slitstyrka och korrosionsbest\u00e4ndighet f\u00f6r att f\u00f6rl\u00e4nga dess livsl\u00e4ngd.<\/li>\n<li><strong>Effektiv hydraulisk drift:<\/strong> Bomcylindern arbetar smidigt med hj\u00e4lp av hydraulv\u00e4tskans tryck, vilket m\u00f6jligg\u00f6r snabb respons p\u00e5 kontrollkommandon och ger betydande tryck- och dragkraft, perfekt f\u00f6r hantering av tunga f\u00f6rem\u00e5l och komplexa uppgifter.<\/li>\n<li><strong>Olika typer:<\/strong> Bomcylindern finns i enkelverkande (hydraulisk drift endast i en riktning) eller dubbelverkande (hydraulisk drift i b\u00e5da riktningarna) och kan anpassas f\u00f6r att m\u00f6ta olika driftsbehov. Vissa modeller har teleskopiska konstruktioner f\u00f6r st\u00f6rre utdrag utan att \u00f6ka de yttre m\u00e5tten, perfekt f\u00f6r utrymmesbegr\u00e4nsade till\u00e4mpningar.<\/li>\n<li><strong>Anpassad tillverkning:<\/strong> V\u00e5rt f\u00f6retag specialiserar sig p\u00e5 att producera dessa bomcylindrar, vilket s\u00e4kerst\u00e4ller att de \u00e4r perfekta ers\u00e4ttare f\u00f6r befintliga hydraulcylindrar i maskiner.<\/li>\n<li><strong>M\u00e5ngsidiga till\u00e4mpningar:<\/strong> Bomcylindern kan anpassas f\u00f6r olika maskintyper, vilket \u00f6kar dess anv\u00e4ndbarhet f\u00f6r en rad olika uppgifter.<\/li>\n<\/ul>\n<p><img decoding=\"async\" src=\"https:\/\/www.hydraulic-cylinders.net\/wp-content\/uploads\/2025\/04\/songte-cylinder-head-with-all-kinds-excavator-models.webp\" alt=\"Bild av gr\u00e4vmaskinmodeller\" \/><\/p>\n<h2>Anv\u00e4ndningsomr\u00e5den f\u00f6r bomcylindrar<\/h2>\n<h3>Byggutrustning<\/h3>\n<p>I gr\u00e4vmaskiner \u00e4r bomcylindrar integrerade f\u00f6r gr\u00e4vning, lastning och flyttning av jord eller skr\u00e4p. De g\u00f6r det m\u00f6jligt f\u00f6r skopan att tr\u00e4nga ner i marken effektivt, vilket s\u00e4kerst\u00e4ller effektiva gr\u00e4vprocesser. I gr\u00e4vlastare underl\u00e4ttar dessa cylindrar b\u00e5de gr\u00e4vning och lyft, vilket g\u00f6r dem viktiga f\u00f6r olika bygguppgifter.<\/p>\n<h3>Jordbruksmaskiner<\/h3>\n<p>I frontlastare anv\u00e4nds bomcylindrar f\u00f6r att skopa, lyfta och transportera jord, h\u00f6 och andra material. De f\u00f6rb\u00e4ttrar effektiviteten i jordbruksverksamheten och underl\u00e4ttar uppgifter som lastning av foder och flytt av bulkmaterial p\u00e5 g\u00e5rdar.<\/p>\n<h3>Gr\u00e4vmaskiner<\/h3>\n<p>Bomcylindern \u00e4r avg\u00f6rande i gr\u00e4vmaskiner, eftersom den g\u00f6r att skopan kan tr\u00e4nga ner i jorden vid gr\u00e4vning. Denna f\u00f6rm\u00e5ga \u00e4r avg\u00f6rande f\u00f6r olika bygg- och landskapsarbeten och ger f\u00f6rarna den kraft som kr\u00e4vs f\u00f6r att utf\u00f6ra effektiva gr\u00e4voperationer.<\/p>\n<h3>Lastare<\/h3>\n<p>Hos frontlastare bidrar bomcylindrar till att lyfta och lossa laster effektivt. Deras hydrauliska drift m\u00f6jligg\u00f6r smidiga \u00f6verg\u00e5ngar och precisa r\u00f6relser, vilket garanterar s\u00e4kerhet och effektivitet vid hantering av tunga material.<\/p>\n<h2>Design\u00f6verv\u00e4ganden och urvalskriterier<\/h2>\n<h3>Lastkapacitet<\/h3>\n<p>Vid konstruktion av en bomcylinder \u00e4r lastkapaciteten en viktig faktor. Den m\u00e5ste kunna hantera den maximala vikt som kommer att appliceras under drift. Ingenj\u00f6rer ber\u00e4knar lastkraven baserat p\u00e5 maskinens specifikationer och de uppgifter den f\u00f6rv\u00e4ntas utf\u00f6ra. Att v\u00e4lja en cylinder med l\u00e4mplig lastkapacitet s\u00e4kerst\u00e4ller s\u00e4kerhet och effektivitet under drift.<\/p>\n<h3>T\u00e4tningsprestanda<\/h3>\n<p>Effektiv t\u00e4tning \u00e4r avg\u00f6rande i hydraulsystem. En v\u00e4l utformad t\u00e4tning f\u00f6rhindrar l\u00e4ckage av hydraulv\u00e4tska, vilket s\u00e4kerst\u00e4ller optimal drift och minskar underh\u00e5llsbehovet. Materialen som anv\u00e4nds f\u00f6r t\u00e4tningar, s\u00e5som polyuretan och nitrilgummi, \u00e4r valda f\u00f6r sin slitstyrka och h\u00e5llbarhet, vilket bidrar till bomcylinderns totala livsl\u00e4ngd.<\/p>\n<h3>Varaktighet<\/h3>\n<p>H\u00e5llbarhet \u00e4r avg\u00f6rande f\u00f6r bomcylindern, eftersom den anv\u00e4nds i tuffa milj\u00f6er. Material och konstruktionsmetoder m\u00e5ste prioritera motst\u00e5ndskraft mot slitage, korrosion och utmattning. Denna \u00f6verv\u00e4gning s\u00e4kerst\u00e4ller att cylindern kan motst\u00e5 p\u00e5frestningarna vid daglig anv\u00e4ndning inom bygg- och jordbruksapplikationer.<\/p>\n<h3>S\u00e4kerhetsfunktioner<\/h3>\n<p>Att integrera s\u00e4kerhetsfunktioner i bomcylinderns design \u00e4r avg\u00f6rande. Dessa kan inkludera tryckavlastningsventiler, som f\u00f6rhindrar \u00f6verdriven tryckuppbyggnad, och fels\u00e4kra mekanismer som s\u00e4kerst\u00e4ller att maskinen fungerar s\u00e4kert \u00e4ven under ogynnsamma f\u00f6rh\u00e5llanden. En v\u00e4lkonstruerad cylinder prioriterar b\u00e5de f\u00f6rarens och \u00e5sk\u00e5darnas s\u00e4kerhet.<\/p>\n<h3>Underh\u00e5llbarhet<\/h3>\n<p>Utformning f\u00f6r underh\u00e5llsv\u00e4nlighet m\u00f6jligg\u00f6r enklare inspektioner och reparationer. Funktioner som tillg\u00e4ngliga sm\u00f6rjpunkter och modul\u00e4ra komponenter f\u00f6renklar underh\u00e5llsuppgifter och s\u00e4kerst\u00e4ller att bomcylindern f\u00f6rblir i gott skick under hela sin livsl\u00e4ngd. Fokus p\u00e5 underh\u00e5llsv\u00e4nlighet minskar stillest\u00e5ndstiden och \u00f6kar produktiviteten.<\/p>\n<p><img decoding=\"async\" src=\"https:\/\/www.hydraulic-cylinders.net\/wp-content\/uploads\/2025\/04\/songte-oil-pipes-and-spare-parts.webp\" alt=\"Bild av oljer\u00f6r och reservdelar\" \/><\/p>\n<h2>T\u00e4tning och sm\u00f6rjning<\/h2>\n<p>Korrekt t\u00e4tning och sm\u00f6rjning \u00e4r grundl\u00e4ggande f\u00f6r effektiv drift av bomcylindrar. Olika t\u00e4tningselement, s\u00e5som kolvt\u00e4tningar och st\u00e5ngt\u00e4tningar, anv\u00e4nds f\u00f6r att f\u00f6rhindra l\u00e4ckage av hydraulv\u00e4tska. Dessa t\u00e4tningar \u00e4r vanligtvis tillverkade av slitstarka material som polyuretan och nitrilgummi, vilka erbjuder utm\u00e4rkt slitstyrka.<\/p>\n<p>Cylinderhuset och de g\u00e4ngade \u00e4ndarna genomg\u00e5r noggranna ytbehandlingsprocesser f\u00f6r att f\u00f6rb\u00e4ttra deras h\u00e5llbarhet och slitstyrka. Regelbundet underh\u00e5ll inkluderar tillsats av l\u00e4mplig m\u00e4ngd hydraulolja f\u00f6r att s\u00e4kerst\u00e4lla smidig drift och minska friktion mellan r\u00f6rliga delar. Denna sm\u00f6rjning \u00e4r avg\u00f6rande f\u00f6r att f\u00f6rhindra f\u00f6r tidigt slitage och s\u00e4kerst\u00e4lla bomcylinderns livsl\u00e4ngd.<\/p>\n<h2>Regelbunden inspektion och f\u00f6rebyggande underh\u00e5ll<\/h2>\n<ul>\n<li><strong>Rutininspektioner:<\/strong> Utf\u00f6r regelbundna inspektioner f\u00f6r att kontrollera l\u00e4ckor, slitage och andra tecken p\u00e5 skador. Att identifiera problem tidigt kan f\u00f6rhindra mer allvarliga problem och kostsamma reparationer.<\/li>\n<li><strong>Korrekt sm\u00f6rjning:<\/strong> S\u00e4kerst\u00e4ll att bomcylindern \u00e4r tillr\u00e4ckligt smord f\u00f6r att underl\u00e4tta smidig drift och minska slitage. Anv\u00e4nd hydraulolja av h\u00f6g kvalitet och f\u00f6lj tillverkarens riktlinjer f\u00f6r sm\u00f6rjscheman.<\/li>\n<li><strong>Byte av t\u00e4tning:<\/strong> Kontrollera regelbundet t\u00e4tningarnas skick och byt ut dem vid behov. Slitna eller skadade t\u00e4tningar kan leda till l\u00e4ckage av hydraulv\u00e4tska, vilket \u00e4ventyrar cylinderns funktion och s\u00e4kerhet.<\/li>\n<\/ul>\n<h2>Installationsriktlinjer<\/h2>\n<p>Installation av en bomcylinder kr\u00e4ver noggrann uppm\u00e4rksamhet p\u00e5 detaljer f\u00f6r att s\u00e4kerst\u00e4lla optimal prestanda. B\u00f6rja med att se till att cylindern \u00e4r korrekt inriktad med maskinens monteringspunkter. Feljustering kan leda till f\u00f6r tidigt slitage och haveri.<\/p>\n<p>Anv\u00e4nd l\u00e4mpliga monteringsf\u00e4sten f\u00f6r att f\u00e4sta cylindern p\u00e5 plats och se till att den \u00e4r ordentligt f\u00e4st vid maskinramen. Innan installationen slutf\u00f6rs, dubbelkontrollera alla hydrauliska anslutningar f\u00f6r l\u00e4ckor och korrekt montering. Att f\u00f6lja tillverkarens specifikationer f\u00f6r installation \u00e4r avg\u00f6rande f\u00f6r att uppn\u00e5 b\u00e4sta prestanda och livsl\u00e4ngd f\u00f6r bomcylindern.<\/p>\n<h2>Vanliga underh\u00e5llsuppgifter<\/h2>\n<ul>\n<li><strong>Regelbundna inspektioner:<\/strong> Genomf\u00f6r inspektioner f\u00f6r att uppt\u00e4cka tecken p\u00e5 slitage eller skador. Att observera eventuella oregelbundenheter kan bidra till att \u00e5tg\u00e4rda problem innan de eskalerar.<\/li>\n<li><strong>L\u00e4mplig sm\u00f6rjning:<\/strong> S\u00e4kerst\u00e4ll att sm\u00f6rjningen utf\u00f6rs enligt det rekommenderade schemat. Denna metod minimerar friktion och slitage, vilket f\u00f6rl\u00e4nger cylinderns livsl\u00e4ngd.<\/li>\n<li><strong>Byte av t\u00e4tning:<\/strong> \u00d6vervaka t\u00e4tningarnas skick regelbundet och byt ut dem vid behov. Slitna t\u00e4tningar kan leda till l\u00e4ckage av hydraulv\u00e4tska, vilket p\u00e5verkar prestandan.<\/li>\n<\/ul>\n<h2>S\u00e4kerhetsaspekter och milj\u00f6faktorer<\/h2>\n<p>Vid arbete med bomcylindrar \u00e4r s\u00e4kerhets\u00e5tg\u00e4rder av st\u00f6rsta vikt. Operat\u00f6rer b\u00f6r b\u00e4ra l\u00e4mplig personlig skyddsutrustning (PPE) och vara utbildade i s\u00e4kra driftsprocedurer. Det \u00e4r ocks\u00e5 viktigt att s\u00e4kerst\u00e4lla att hydraulsystemet \u00e4r v\u00e4l underh\u00e5llet f\u00f6r att f\u00f6rhindra olyckor. Milj\u00f6faktorer, s\u00e5som exponering f\u00f6r extrema temperaturer och korrosiva material, m\u00e5ste beaktas, eftersom dessa kan p\u00e5verka bomcylinderns integritet.<\/p>\n<h2>Fels\u00f6kning och vanliga problem<\/h2>\n<ul>\n<li><strong>L\u00e4ckage av hydraulv\u00e4tska:<\/strong> Om l\u00e4ckage av hydraulv\u00e4tska uppt\u00e4cks, kontrollera t\u00e4tningar och anslutningar f\u00f6r slitage eller skador. Att byta ut slitna t\u00e4tningar och s\u00e4kerst\u00e4lla att anslutningarna \u00e4r ordentligt \u00e5tdragna kan l\u00f6sa problemet.<\/li>\n<li><strong>D\u00e5lig prestanda:<\/strong> Om bomcylindern inte fungerar som f\u00f6rv\u00e4ntat, kontrollera om det finns blockeringar i hydraulledningarna eller l\u00e5ga v\u00e4tskeniv\u00e5er. Att \u00e5tg\u00e4rda dessa problem kan \u00e5terst\u00e4lla optimal drift.<\/li>\n<li><strong>Ovanliga ljud:<\/strong> Ovanliga ljud under drift kan tyda p\u00e5 inre slitage eller skador. Kontrollera cylindern f\u00f6r synliga tecken p\u00e5 skador och \u00f6verv\u00e4g att r\u00e5dfr\u00e5ga en fackman om det beh\u00f6vs.<\/li>\n<\/ul>\n<p>Genom att implementera f\u00f6rebyggande \u00e5tg\u00e4rder kan potentiella problem minimeras och bomcylinderns livsl\u00e4ngd f\u00f6rl\u00e4ngas. Regelbundet underh\u00e5ll, inspektioner och snabb \u00e5tg\u00e4rd av problem \u00e4r viktiga strategier f\u00f6r att s\u00e4kerst\u00e4lla l\u00e5ngsiktig funktionalitet.<\/p>\n<p><img decoding=\"async\" src=\"https:\/\/www.hydraulic-cylinders.net\/wp-content\/uploads\/2025\/04\/songte-bushings-with-all-kinds-of-excavator-models.webp\" alt=\"Bussningsbild\" \/><\/p>\n<h2>Om v\u00e5rt f\u00f6retag<\/h2>\n<p>Vi \u00e4r en ledande tillverkare och grossistdistribut\u00f6r av hydraulcylindrar f\u00f6r reservdelar, k\u00e4nda f\u00f6r v\u00e5rt breda produktsortiment och engagemang f\u00f6r kvalitet. V\u00e5rt f\u00f6retag har etablerat sig som en framst\u00e5ende akt\u00f6r p\u00e5 b\u00e5de inhemska och internationella marknader.<\/p>\n<p>Vi f\u00f6ljer en filosofi om h\u00f6gsta kvalitet och utnyttjar avancerade tillverkningsstrategier och digital h\u00f6gklassig utrustning. V\u00e5rt produktionsledningssystem fokuserar p\u00e5 kontinuerlig f\u00f6rb\u00e4ttring, med hj\u00e4lp av skicklig teknisk personal och professionella testsystem f\u00f6r att f\u00f6rb\u00e4ttra v\u00e5r tillverkningskapacitet.<\/p>\n<p>V\u00e5rt engagemang f\u00f6r h\u00f6g effektivitet, precision och kvalitet g\u00f6r det m\u00f6jligt f\u00f6r oss att m\u00f6ta olika kunders behov. Vi erbjuder kundanpassade tj\u00e4nster skr\u00e4ddarsydda efter specifika krav, vilket s\u00e4kerst\u00e4ller att v\u00e5ra produkter inte bara \u00e4r tillf\u00f6rlitliga utan ocks\u00e5 l\u00e4mpliga f\u00f6r olika till\u00e4mpningar.<\/p>\n<p><img decoding=\"async\" src=\"https:\/\/www.hydraulic-cylinders.net\/wp-content\/uploads\/2025\/04\/songte-company-4.webp\" alt=\"F\u00f6retagsbild\" \/><br \/>\n<img decoding=\"async\" src=\"https:\/\/www.hydraulic-cylinders.net\/wp-content\/uploads\/2025\/04\/songte-company-3.webp\" alt=\"F\u00f6retagsbild\" \/><\/p>\n<p>F\u00f6rfattare: lyl<\/p>","protected":false},"excerpt":{"rendered":"<p>Boom Cylinder For Volwa Middle Excavator DLS230-8H Introduction to Boom Cylinders The boom cylinder is a crucial component in the hydraulic systems of heavy machinery such as excavators, backhoe loaders, and front loaders. It is specifically designed to control the movement of the bucket, allowing it to lift, lower, and tilt efficiently during material handling [&hellip;]<\/p>","protected":false},"featured_media":17875,"comment_status":"open","ping_status":"closed","template":"","meta":{"_et_pb_use_builder":"","_et_pb_old_content":"","_et_gb_content_width":""},"product_brand":[],"product_cat":[1546],"product_tag":[1547,1496],"class_list":{"0":"post-19612","1":"product","2":"type-product","3":"status-publish","4":"has-post-thumbnail","6":"product_cat-boom-cylinders","7":"product_tag-boom-cylinders","8":"product_tag-hydraulic-cylinders","10":"first","11":"instock","12":"shipping-taxable","13":"product-type-simple"},"amp_enabled":true,"_links":{"self":[{"href":"https:\/\/www.hydraulic-cylinders.net\/sv\/wp-json\/wp\/v2\/product\/19612","targetHints":{"allow":["GET"]}}],"collection":[{"href":"https:\/\/www.hydraulic-cylinders.net\/sv\/wp-json\/wp\/v2\/product"}],"about":[{"href":"https:\/\/www.hydraulic-cylinders.net\/sv\/wp-json\/wp\/v2\/types\/product"}],"replies":[{"embeddable":true,"href":"https:\/\/www.hydraulic-cylinders.net\/sv\/wp-json\/wp\/v2\/comments?post=19612"}],"wp:featuredmedia":[{"embeddable":true,"href":"https:\/\/www.hydraulic-cylinders.net\/sv\/wp-json\/wp\/v2\/media\/17875"}],"wp:attachment":[{"href":"https:\/\/www.hydraulic-cylinders.net\/sv\/wp-json\/wp\/v2\/media?parent=19612"}],"wp:term":[{"taxonomy":"product_brand","embeddable":true,"href":"https:\/\/www.hydraulic-cylinders.net\/sv\/wp-json\/wp\/v2\/product_brand?post=19612"},{"taxonomy":"product_cat","embeddable":true,"href":"https:\/\/www.hydraulic-cylinders.net\/sv\/wp-json\/wp\/v2\/product_cat?post=19612"},{"taxonomy":"product_tag","embeddable":true,"href":"https:\/\/www.hydraulic-cylinders.net\/sv\/wp-json\/wp\/v2\/product_tag?post=19612"}],"curies":[{"name":"wp","href":"https:\/\/api.w.org\/{rel}","templated":true}]}}