{"id":19615,"date":"2025-04-07T06:57:29","date_gmt":"2025-04-07T06:57:29","guid":{"rendered":"https:\/\/www.hydraulic-cylinders.net\/product\/boom-cylinder-for-volwa-large-excavator-dls360-8b\/"},"modified":"2025-04-07T06:57:32","modified_gmt":"2025-04-07T06:57:32","slug":"boom-cylinder-for-volwa-large-excavator-dls360-8b","status":"publish","type":"product","link":"https:\/\/www.hydraulic-cylinders.net\/sv\/produkt\/boom-cylinder-for-volwa-large-excavator-dls360-8b\/","title":{"rendered":"Bomcylinder f\u00f6r Volwa stor gr\u00e4vmaskin DLS360-8B"},"content":{"rendered":"<h1>Bomcylinder f\u00f6r Volwa stor gr\u00e4vmaskin DLS360-8B<\/h1>\n<h2>\u00d6versikt \u00f6ver bomcylindrar<\/h2>\n<p>Bomcylindern till Volwa Large Excavator DLS360-8B \u00e4r en viktig hydraulisk komponent som spelar en viktig roll vid drift av tunga maskiner. Denna hydraulcylinder \u00e4r specifikt utformad f\u00f6r att styra gr\u00e4vmaskinens bomr\u00f6relse och g\u00f6r det m\u00f6jligt f\u00f6r redskapet att h\u00f6ja, s\u00e4nka och luta, vilket underl\u00e4ttar effektiva materialhanteringsuppgifter. Skopcylindern \u00e4r en typ av hydraulcylinder som specifikt anv\u00e4nds i olika tunga maskiner, s\u00e5som gr\u00e4vmaskiner, gr\u00e4vmaskiner och frontlastare, f\u00f6r att utf\u00f6ra en m\u00e4ngd olika funktioner. Med sin hydrauliska mekanism ger den den kraft som kr\u00e4vs f\u00f6r att utf\u00f6ra lyft- och gr\u00e4voperationer, vilket g\u00f6r den oumb\u00e4rlig inom bygg-, gruv- och jordbruksapplikationer.<\/p>\n<p><img decoding=\"async\" src=\"https:\/\/www.hydraulic-cylinders.net\/wp-content\/uploads\/2025\/04\/songte-company-1.webp\" alt=\"Bomcylinder f\u00f6r gr\u00e4vmaskiner\"><\/p>\n<h2>Viktiga funktioner hos bomcylindern<\/h2>\n<ul>\n<li>\n<h3>H\u00f6g styrka och h\u00e5llbarhet<\/h3>\n<p>    Bomcylindern, som vanligtvis \u00e4r tillverkad av h\u00f6gh\u00e5llfast st\u00e5l eller aluminium, t\u00e5l h\u00f6ga tryck och tunga belastningar, vilket g\u00f6r den l\u00e4mplig f\u00f6r tuffa arbetsmilj\u00f6er. Dess design tar h\u00e4nsyn till slitstyrka och korrosionsbest\u00e4ndighet, vilket f\u00f6rl\u00e4nger dess livsl\u00e4ngd.<\/li>\n<li>\n<h3>Effektiv hydraulisk drift<\/h3>\n<p>    Genom att anv\u00e4nda hydrauloljetryck f\u00f6r smidiga ut- och indragningsr\u00f6relser kan cylindern snabbt reagera p\u00e5 styrkommandon och ge kraftfulla tryck- och dragkrafter l\u00e4mpliga f\u00f6r hantering av tunga material och komplexa uppgifter.<\/li>\n<li>\n<h3>Olika typer tillg\u00e4ngliga<\/h3>\n<p>    Beroende p\u00e5 driftsbehov kan man v\u00e4lja mellan enkelverkande (med hydraultryck i en riktning) eller dubbelverkande (med hydraultryck i b\u00e5da riktningarna) cylindrar. Vissa modeller har teleskopfunktioner, vilket m\u00f6jligg\u00f6r st\u00f6rre utbyggnad utan att \u00f6ka de yttersta m\u00e5tten, perfekt f\u00f6r utrymmesbegr\u00e4nsade till\u00e4mpningar.<\/li>\n<li>\n<h3>Anpassad produktionskapacitet<\/h3>\n<p>    V\u00e5r tillverkningskapacitet g\u00f6r det m\u00f6jligt f\u00f6r oss att producera denna produkt perfekt f\u00f6r att ers\u00e4tta hydraulcylindrar fr\u00e5n olika modeller, vilket s\u00e4kerst\u00e4ller kompatibilitet och prestanda.<\/li>\n<p>    <img decoding=\"async\" src=\"https:\/\/www.hydraulic-cylinders.net\/wp-content\/uploads\/2025\/04\/songte-cylinder-head-with-all-kinds-excavator-models.webp\" alt=\"Reservdelar till hydraulcylindrar\"><\/p>\n<li>\n<h3>Applikationens m\u00e5ngsidighet<\/h3>\n<p>    L\u00e4mplig f\u00f6r anv\u00e4ndning i olika tunga maskiner, vilket s\u00e4kerst\u00e4ller att operat\u00f6rerna har n\u00f6dv\u00e4ndig kontroll f\u00f6r effektiv drift inom olika sektorer.<\/li>\n<\/ul>\n<h2>Anv\u00e4ndningsomr\u00e5den f\u00f6r bomcylindern<\/h2>\n<ul>\n<li>\n<h3>Byggutrustning<\/h3>\n<p>    I gr\u00e4vmaskiner \u00e4r bomcylindrar avg\u00f6rande f\u00f6r gr\u00e4vning, lastning och transport av jord eller skr\u00e4p. Cylindern g\u00f6r att skopan kan tr\u00e4nga ner i marken effektivt, vilket g\u00f6r gr\u00e4vningsarbetet effektivt. Dessutom, i gr\u00e4vlastare, hj\u00e4lper bomcylindern till vid b\u00e5de gr\u00e4v- och lyftuppgifter, vilket \u00f6kar produktiviteten p\u00e5 byggarbetsplatser.<\/li>\n<li>\n<h3>Jordbruksmaskiner<\/h3>\n<p>    I frontlastare anv\u00e4nds bomcylindrar f\u00f6r att skopa, lyfta och transportera jord, h\u00f6 och andra material. Dessa cylindrar g\u00f6r det m\u00f6jligt f\u00f6r lantbrukare att hantera olika jordbruksuppgifter effektivt, vilket bidrar avsev\u00e4rt till produktivitet och driftseffektivitet.<\/li>\n<li>\n<h3>Gr\u00e4vningsarbeten<\/h3>\n<p>    Bomcylindern underl\u00e4ttar gr\u00e4vningen genom att l\u00e5ta skopan penetrera jorden effektivt. Denna f\u00f6rm\u00e5ga \u00e4r avg\u00f6rande f\u00f6r byggprojekt d\u00e4r gr\u00e4vningsdjup och precision \u00e4r avg\u00f6rande.<\/li>\n<li>\n<h3>Lastarapplikationer<\/h3>\n<p>    Hos frontlastare hj\u00e4lper bomcylindrar till att lyfta och dumpa laster effektivt. Denna funktion \u00e4r avg\u00f6rande i bygg- och landskapsprojekt d\u00e4r materialhantering \u00e4r frekvent och varierar i vikt och storlek.<\/li>\n<\/ul>\n<h2>Design\u00f6verv\u00e4ganden och urvalskriterier<\/h2>\n<ul>\n<li>\n<h3>Lastkapacitet<\/h3>\n<p>    N\u00e4r man v\u00e4ljer en bomcylinder \u00e4r lastkapaciteten en viktig faktor. Cylindern m\u00e5ste kunna hantera den maximala f\u00f6rv\u00e4ntade lasten utan att kompromissa med s\u00e4kerhet eller funktionalitet. Det \u00e4r viktigt att analysera vikten p\u00e5 de material som hanteras och de krafter som ut\u00f6vas under drift. En cylinder med otillr\u00e4cklig lastkapacitet kan leda till fel, vilket resulterar i kostsamma driftstopp och potentiella s\u00e4kerhetsrisker.<\/h3>\n<\/li>\n<li>\n<h3>T\u00e4tningsteknik<\/h3>\n<p>    Effektiv t\u00e4tningsteknik \u00e4r avg\u00f6rande f\u00f6r att bibeh\u00e5lla hydraultrycket och f\u00f6rhindra l\u00e4ckage. Anv\u00e4ndningen av h\u00f6gkvalitativa t\u00e4tningar, s\u00e5som kolvt\u00e4tningar och kolvst\u00e5ngst\u00e4tningar, s\u00e4kerst\u00e4ller l\u00e5ng livsl\u00e4ngd och tillf\u00f6rlitlighet. Materialvalet, s\u00e5som polyuretan och nitrilgummi, f\u00f6rb\u00e4ttrar motst\u00e5ndskraften mot slitage och milj\u00f6faktorer, vilket s\u00e4kerst\u00e4ller att cylindern fungerar smidigt \u00f6ver tid.<\/h3>\n<\/li>\n<li>\n<h3>Varaktighet<\/h3>\n<p>    H\u00e5llbarhet \u00e4r en avg\u00f6rande aspekt av bomcylinderns design. Det \u00e4r viktigt att s\u00e4kerst\u00e4lla att cylindern t\u00e5l tuffa arbetsf\u00f6rh\u00e5llanden, inklusive exponering f\u00f6r smuts, fukt och extrema temperaturer. Anv\u00e4ndningen av h\u00f6gh\u00e5llfasta material och skyddande bel\u00e4ggningar kan avsev\u00e4rt f\u00f6rb\u00e4ttra h\u00e5llbarheten, vilket g\u00f6r den mindre ben\u00e4gen f\u00f6r slitage och fel, vilket minskar underh\u00e5llskostnaderna.<\/h3>\n<\/li>\n<li>\n<h3>S\u00e4kerhetsfunktioner<\/h3>\n<p>    S\u00e4kerhet b\u00f6r prioriteras vid konstruktionen av hydraulcylindrar. Implementering av s\u00e4kerhetsfunktioner som tryckavlastningsventiler kan f\u00f6rhindra \u00f6vertryck, vilket kan leda till katastrofala fel. Regelbundna s\u00e4kerhetskontroller, i kombination med robusta designfunktioner, s\u00e4kerst\u00e4ller att cylindern fungerar inom s\u00e4kra parametrar, vilket skyddar b\u00e5de utrustning och operat\u00f6rer.<\/h3>\n<\/li>\n<li>\n<h3>Tillg\u00e4nglighet f\u00f6r underh\u00e5ll<\/h3>\n<p>    Bomcylinderns design b\u00f6r m\u00f6jligg\u00f6ra enkelt underh\u00e5ll och inspektion. Funktioner som avtagbara skydd eller tillg\u00e4ngliga sm\u00f6rjpunkter m\u00f6jligg\u00f6r snabbare underh\u00e5llsuppgifter, vilket s\u00e4kerst\u00e4ller att cylindern f\u00f6rblir i optimalt skick. En design som underl\u00e4ttar rutinkontroller kan f\u00f6rhindra ov\u00e4ntade haverier och f\u00f6rl\u00e4nga komponentens totala livsl\u00e4ngd.<\/h3>\n<\/li>\n<\/ul>\n<p><img decoding=\"async\" src=\"https:\/\/www.hydraulic-cylinders.net\/wp-content\/uploads\/2025\/04\/songte-oil-pipes-and-spare-parts.webp\" alt=\"Hydrauliska cylinderkomponenter\"><\/p>\n<h2>T\u00e4tning och sm\u00f6rjning av hydraulcylindrar<\/h2>\n<p>Korrekt t\u00e4tning och sm\u00f6rjning \u00e4r avg\u00f6rande f\u00f6r effektiv drift av hydraulcylindrar. Olika t\u00e4tningskomponenter, inklusive kolvt\u00e4tningar och kolvst\u00e5ngst\u00e4tningar, anv\u00e4nds f\u00f6r att bibeh\u00e5lla hydraulisk integritet. Valet av t\u00e4tningsmaterial, s\u00e5som polyuretan och nitrilgummi, \u00e4r avg\u00f6rande f\u00f6r att s\u00e4kerst\u00e4lla slitstyrka och livsl\u00e4ngd.<\/p>\n<p>Cylinderhuset och de g\u00e4ngade \u00e4ndytorna genomg\u00e5r finbearbetning f\u00f6r att f\u00f6rb\u00e4ttra slitstyrkan. Regelbunden sm\u00f6rjning med en l\u00e4mplig m\u00e4ngd hydraulolja \u00e4r n\u00f6dv\u00e4ndig f\u00f6r att minska friktion och slitage, vilket s\u00e4kerst\u00e4ller smidig drift och f\u00f6rl\u00e4nger cylinderns livsl\u00e4ngd. Att f\u00f6lja tillverkarens riktlinjer f\u00f6r sm\u00f6rjintervall och oljetyper \u00e4r avg\u00f6rande f\u00f6r att bibeh\u00e5lla optimal prestanda.<\/p>\n<h2>F\u00f6rebyggande underh\u00e5lls\u00e5tg\u00e4rder<\/h2>\n<ul>\n<li>\n<h3>Regelbundna inspektioner<\/h3>\n<p>    Att regelbundet utf\u00f6ra inspektioner av hydraulcylindrar \u00e4r viktigt f\u00f6r att tidigt identifiera slitage. Tekniker b\u00f6r leta efter tecken p\u00e5 l\u00e4ckor, onormala ljud och prestandaproblem under rutinkontroller. Noggranna inspektioner kan bidra till att f\u00f6rhindra ov\u00e4ntade fel och s\u00e4kerst\u00e4lla utrustningens livsl\u00e4ngd.<\/h3>\n<\/li>\n<li>\n<h3>L\u00e4mplig sm\u00f6rjning<\/h3>\n<p>    Att uppr\u00e4tth\u00e5lla ett l\u00e4mpligt sm\u00f6rjschema \u00e4r avg\u00f6rande f\u00f6r att hydraulcylindrar ska fungera smidigt. Sm\u00f6rjning minskar friktionen mellan r\u00f6rliga delar, vilket f\u00f6rhindrar \u00f6verdrivet slitage och \u00f6verhettning. Operat\u00f6rer b\u00f6r se till att de anv\u00e4nder r\u00e4tt typ av hydraulolja enligt tillverkarens rekommendationer och f\u00f6ljer en konsekvent sm\u00f6rjrutin.<\/h3>\n<\/li>\n<li>\n<h3>T\u00e4tningsbyte och kalibreringskontroller<\/h3>\n<p>    Med tiden f\u00f6rs\u00e4mras t\u00e4tningarna och kan beh\u00f6va bytas ut. Regelbunden kontroll av t\u00e4tningarnas skick och byte av dem vid behov kan f\u00f6rhindra hydraull\u00e4ckage. Dessutom s\u00e4kerst\u00e4ller regelbundna kalibreringskontroller att cylindern fungerar inom angivna toleranser, vilket f\u00f6rb\u00e4ttrar s\u00e4kerhet och effektivitet.<\/h3>\n<\/li>\n<\/ul>\n<p><img decoding=\"async\" src=\"https:\/\/www.hydraulic-cylinders.net\/wp-content\/uploads\/2025\/04\/songte-chushion-collar.webp\" alt=\"Cylinderformade kuddekragar\"><\/p>\n<h2>Installationsriktlinjer<\/h2>\n<p>Korrekt installation av hydraulcylindrar \u00e4r avg\u00f6rande f\u00f6r deras prestanda och livsl\u00e4ngd. B\u00f6rja med att se till att installationsomr\u00e5det \u00e4r rent och fritt fr\u00e5n skr\u00e4p. Cylindern m\u00e5ste vara korrekt justerad; feljustering kan leda till f\u00f6r tidigt slitage eller fel. Anv\u00e4nd l\u00e4mpliga monteringsf\u00e4sten f\u00f6r att f\u00e4sta cylindern ordentligt p\u00e5 plats.<\/p>\n<p>Var uppm\u00e4rksam p\u00e5 tillverkarens \u00e5tdragningsspecifikationer under installationen f\u00f6r att f\u00f6rhindra skador p\u00e5 cylindern eller tillh\u00f6rande komponenter. Efter installationen, utf\u00f6r ett trycktest f\u00f6r att kontrollera att systemet fungerar som f\u00f6rv\u00e4ntat utan l\u00e4ckor. Granska regelbundet installationsmetoden och justera vid behov f\u00f6r att bibeh\u00e5lla optimal prestanda.<\/p>\n<h2>Vanliga underh\u00e5llsuppgifter<\/h2>\n<ul>\n<li>\n<h3>Regelbundna inspektioner<\/h3>\n<p>    Det \u00e4r viktigt att inspektera hydraulcylindrar ofta f\u00f6r att uppt\u00e4cka tecken p\u00e5 slitage, skador eller l\u00e4ckage. Tidig uppt\u00e4ckt av problem kan f\u00f6rhindra kostsamma reparationer och driftstopp. Tekniker b\u00f6r bed\u00f6ma alla synliga komponenter och s\u00e4kerst\u00e4lla att cylindern fungerar smidigt utan ovanliga ljud eller r\u00f6relser.<\/h3>\n<\/li>\n<li>\n<h3>Korrekt sm\u00f6rjning<\/h3>\n<p>    L\u00e4mplig sm\u00f6rjning \u00e4r avg\u00f6rande f\u00f6r att bibeh\u00e5lla hydraulcylindrarnas funktion. Operat\u00f6rer b\u00f6r f\u00f6lja tillverkarens rekommendationer g\u00e4llande typ och frekvens av sm\u00f6rjning. Tillr\u00e4cklig sm\u00f6rjmedelsanv\u00e4ndning minskar slitage och s\u00e4kerst\u00e4ller smidig drift under extrema arbetsf\u00f6rh\u00e5llanden.<\/h3>\n<\/li>\n<li>\n<h3>Byte och kalibrering av t\u00e4tning<\/h3>\n<p>    Regelbunden kontroll och byte av t\u00e4tningar \u00e4r viktigt f\u00f6r att f\u00f6rhindra l\u00e4ckage av hydraulv\u00e4tska. Operat\u00f6rer b\u00f6r \u00f6vervaka t\u00e4tningarnas skick och planera f\u00f6r byten med de intervall som tillverkaren f\u00f6resl\u00e5r. Kalibreringskontroller \u00e4r ocks\u00e5 viktiga f\u00f6r att s\u00e4kerst\u00e4lla att cylindern fungerar enligt tillverkarens specifikationer, vilket f\u00f6rb\u00e4ttrar s\u00e4kerhet och effektivitet.<\/h3>\n<\/li>\n<\/ul>\n<h2>S\u00e4kerhetsaspekter och milj\u00f6faktorer<\/h2>\n<p>Vid anv\u00e4ndning av hydraulcylindrar \u00e4r s\u00e4kerhets\u00e5tg\u00e4rder av st\u00f6rsta vikt. Operat\u00f6rer b\u00f6r utbildas f\u00f6r att k\u00e4nna igen potentiella faror, inklusive l\u00e4ckage av hydraulv\u00e4tska och fel p\u00e5 utrustningen. Regelbundna s\u00e4kerhets\u00f6vningar och utbildningar kan \u00f6ka medvetenheten och beredskapen bland personalen.<\/p>\n<p>Dessutom b\u00f6r milj\u00f6faktorer beaktas vid konstruktion och drift av hydrauliska system. Utrustning b\u00f6r underh\u00e5llas f\u00f6r att minimera l\u00e4ckage och spill av hydraulv\u00e4tskor, vilket kan ha skadliga effekter p\u00e5 milj\u00f6n. Att anv\u00e4nda milj\u00f6v\u00e4nliga hydraulv\u00e4tskor kan ytterligare minska den ekologiska p\u00e5verkan.<\/p>\n<h2>Fels\u00f6kning och vanliga problem<\/h2>\n<ul>\n<li>\n<h3>L\u00e4ckageproblem<\/h3>\n<p>    L\u00e4ckage av hydraulv\u00e4tska kan uppst\u00e5 p\u00e5 grund av slitna t\u00e4tningar eller skadade komponenter. Regelbundna inspektioner och snabba t\u00e4tningsbyten \u00e4r avg\u00f6rande f\u00f6r att f\u00f6rhindra betydande l\u00e4ckor som kan leda till driftstopp.<\/h3>\n<\/li>\n<li>\n<h3>Otillr\u00e4cklig str\u00f6m<\/h3>\n<p>    Om hydraulsystemet inte levererar tillr\u00e4cklig kraft kan det tyda p\u00e5 l\u00e5ga v\u00e4tskeniv\u00e5er, luft i systemet eller problem med pumpen. Operat\u00f6rer b\u00f6r kontrollera v\u00e4tskeniv\u00e5erna regelbundet och lufta systemet vid behov f\u00f6r att eliminera luftfickor.<\/h3>\n<\/li>\n<li>\n<h3>Onormalt buller eller vibrationer<\/h3>\n<p>    Ovanliga ljud eller vibrationer under drift kan tyda p\u00e5 feljustering eller slitage p\u00e5 komponenter. Dessa problem kr\u00e4ver omedelbar inspektion f\u00f6r att undvika ytterligare skador och s\u00e4kerst\u00e4lla s\u00e4ker drift.<\/h3>\n<\/li>\n<\/ul>\n<p>F\u00f6r att effektivt diagnostisera och l\u00f6sa problem b\u00f6r operat\u00f6rer f\u00f6ra en v\u00e4l dokumenterad underh\u00e5llslogg och f\u00f6lja tillverkarens riktlinjer. F\u00f6rebyggande \u00e5tg\u00e4rder, s\u00e5som rutininspektioner och snabba reparationer, kan avsev\u00e4rt minska sannolikheten f\u00f6r att st\u00f6ta p\u00e5 allvarliga problem.<\/p>\n<p><img decoding=\"async\" src=\"https:\/\/www.hydraulic-cylinders.net\/wp-content\/uploads\/2025\/04\/songte-bushings-with-all-kinds-of-excavator-models.webp\" alt=\"Gr\u00e4vmaskinsmodellbussningar\"><\/p>\n<h2>Om v\u00e5rt f\u00f6retag<\/h2>\n<p>Vi \u00e4r en ledande tillverkare av hydraulcylindrar f\u00f6r reservdelar och specialiserar oss p\u00e5 ett brett utbud av produkter som riktar sig till b\u00e5de inhemska och internationella marknader. V\u00e5rt engagemang f\u00f6r excellens st\u00f6ds av en sofistikerad tillverkningsstrategi som betonar precision och kvalitetskontroll. Genom att utnyttja avancerad tillverkningsutrustning och en skicklig arbetsstyrka f\u00f6rb\u00e4ttrar vi kontinuerligt v\u00e5r produktionskapacitet f\u00f6r att m\u00f6ta olika kunders behov.<\/p>\n<p>V\u00e5rt produktsortiment omfattar olika hydraulcylindrar konstruerade f\u00f6r h\u00e5llbarhet och tillf\u00f6rlitlighet. Vi f\u00f6ljer internationella standarder och certifieringar, vilket s\u00e4kerst\u00e4ller att v\u00e5ra produkter uppfyller de h\u00f6gsta branschstandarderna. Dessutom erbjuder vi kundanpassade l\u00f6sningar anpassade till specifika driftskrav, vilket f\u00f6rb\u00e4ttrar v\u00e5ra kunders maskiners prestanda.<\/p>\n<p>V\u00e5r eftermarknadsservice \u00e4r helt\u00e4ckande och ger kunderna kontinuerligt st\u00f6d och v\u00e4gledning. Vi str\u00e4var efter att bygga l\u00e5ngsiktiga relationer med v\u00e5ra kunder genom att erbjuda exceptionell service och ett engagemang f\u00f6r kvalitet.<\/p>\n<p><img decoding=\"async\" src=\"https:\/\/www.hydraulic-cylinders.net\/wp-content\/uploads\/2025\/04\/songte-company-4.webp\" alt=\"F\u00f6retags\u00f6versikt\"><br \/>\n<img decoding=\"async\" src=\"https:\/\/www.hydraulic-cylinders.net\/wp-content\/uploads\/2025\/04\/songte-company-3.webp\" alt=\"Tillverkningsanl\u00e4ggningar\"><\/p>\n<p>F\u00f6rfattare: lyl<\/p>","protected":false},"excerpt":{"rendered":"<p>Boom Cylinder For Volwa Large Excavator DLS360-8B Overview of Boom Cylinders The Boom Cylinder for the Volwa Large Excavator DLS360-8B is a crucial hydraulic component that plays a vital role in the operation of heavy machinery. Specifically designed for controlling the movement of the excavator&#8217;s boom, this hydraulic cylinder allows the attachment to elevate, lower, [&hellip;]<\/p>","protected":false},"featured_media":17878,"comment_status":"open","ping_status":"closed","template":"","meta":{"_et_pb_use_builder":"","_et_pb_old_content":"","_et_gb_content_width":""},"product_brand":[],"product_cat":[1546],"product_tag":[1547,1496],"class_list":{"0":"post-19615","1":"product","2":"type-product","3":"status-publish","4":"has-post-thumbnail","6":"product_cat-boom-cylinders","7":"product_tag-boom-cylinders","8":"product_tag-hydraulic-cylinders","10":"first","11":"instock","12":"shipping-taxable","13":"product-type-simple"},"amp_enabled":true,"_links":{"self":[{"href":"https:\/\/www.hydraulic-cylinders.net\/sv\/wp-json\/wp\/v2\/product\/19615","targetHints":{"allow":["GET"]}}],"collection":[{"href":"https:\/\/www.hydraulic-cylinders.net\/sv\/wp-json\/wp\/v2\/product"}],"about":[{"href":"https:\/\/www.hydraulic-cylinders.net\/sv\/wp-json\/wp\/v2\/types\/product"}],"replies":[{"embeddable":true,"href":"https:\/\/www.hydraulic-cylinders.net\/sv\/wp-json\/wp\/v2\/comments?post=19615"}],"wp:featuredmedia":[{"embeddable":true,"href":"https:\/\/www.hydraulic-cylinders.net\/sv\/wp-json\/wp\/v2\/media\/17878"}],"wp:attachment":[{"href":"https:\/\/www.hydraulic-cylinders.net\/sv\/wp-json\/wp\/v2\/media?parent=19615"}],"wp:term":[{"taxonomy":"product_brand","embeddable":true,"href":"https:\/\/www.hydraulic-cylinders.net\/sv\/wp-json\/wp\/v2\/product_brand?post=19615"},{"taxonomy":"product_cat","embeddable":true,"href":"https:\/\/www.hydraulic-cylinders.net\/sv\/wp-json\/wp\/v2\/product_cat?post=19615"},{"taxonomy":"product_tag","embeddable":true,"href":"https:\/\/www.hydraulic-cylinders.net\/sv\/wp-json\/wp\/v2\/product_tag?post=19615"}],"curies":[{"name":"wp","href":"https:\/\/api.w.org\/{rel}","templated":true}]}}