{"id":19616,"date":"2025-04-07T06:57:32","date_gmt":"2025-04-07T06:57:32","guid":{"rendered":"https:\/\/www.hydraulic-cylinders.net\/product\/boom-cylinder-for-volwa-large-excavator-dls450-8b\/"},"modified":"2025-04-07T06:57:34","modified_gmt":"2025-04-07T06:57:34","slug":"boom-cylinder-for-volwa-large-excavator-dls450-8b","status":"publish","type":"product","link":"https:\/\/www.hydraulic-cylinders.net\/sv\/produkt\/boom-cylinder-for-volwa-large-excavator-dls450-8b\/","title":{"rendered":"Bomcylinder f\u00f6r Volwa stor gr\u00e4vmaskin DLS450-8B"},"content":{"rendered":"<h1>Bomcylinder f\u00f6r Volwa stor gr\u00e4vmaskin DLS450-8B<\/h1>\n<h2>Produkt\u00f6versikt<\/h2>\n<p>De <strong>Bomcylinder f\u00f6r Volwa stor gr\u00e4vmaskin DLS450-8B<\/strong> \u00e4r en avg\u00f6rande komponent i hydraulsystemen i tunga maskiner. Denna typ av hydraulcylinder \u00e4r specifikt utformad f\u00f6r att styra r\u00f6relsen hos skopor i olika tunga maskiner som gr\u00e4vmaskiner, gr\u00e4vlastare och frontlastare. Den g\u00f6r att skopan kan lyftas, s\u00e4nkas och lutas, vilket underl\u00e4ttar materialhanteringsuppgifter effektivt. Skopcylindern \u00e4r avg\u00f6rande f\u00f6r att ge den kraft och r\u00f6relse som beh\u00f6vs f\u00f6r att driva dessa maskiner effektivt.<\/p>\n<p><img decoding=\"async\" src=\"https:\/\/www.hydraulic-cylinders.net\/wp-content\/uploads\/2025\/04\/songte-company-1.webp\" alt=\"Bomcylinder\" \/><\/p>\n<h2>Funktioner hos bomcylindern<\/h2>\n<ul>\n<li><strong>H\u00f6g styrka och h\u00e5llbarhet:<\/strong> Tillverkad av h\u00f6gh\u00e5llfast st\u00e5l eller aluminium, t\u00e5l denna cylinder h\u00f6gt tryck och tunga belastningar, vilket g\u00f6r den l\u00e4mplig f\u00f6r tuffa arbetsmilj\u00f6er. Dess design tar h\u00e4nsyn till slitstyrka och korrosionsbest\u00e4ndighet, vilket s\u00e4kerst\u00e4ller en l\u00e4ngre livsl\u00e4ngd.<\/li>\n<li><strong>Effektiv hydraulisk drift:<\/strong> Genom att utnyttja hydrauloljetrycket ger cylindern smidig ut- och indragning, vilket m\u00f6jligg\u00f6r snabb respons p\u00e5 kontrollkommandon och levererar kraftfulla tryck- och dragkrafter f\u00f6r hantering av tunga och komplexa uppgifter.<\/li>\n<li><strong>Olika typer:<\/strong> Finns i enkelverkande (hydraulisk funktion i en riktning) eller dubbelverkande (hydraulisk funktion i b\u00e5da riktningarna) alternativ f\u00f6r att m\u00f6ta varierande driftsbehov. Vissa modeller \u00e4r teleskopiska, vilket m\u00f6jligg\u00f6r st\u00f6rre utbyggnad utan att \u00f6ka de yttersta m\u00e5tten, perfekt f\u00f6r utrymmesbegr\u00e4nsade till\u00e4mpningar.<\/li>\n<li><strong>Anpassningsbara l\u00f6sningar:<\/strong> V\u00e5ra produkter kan perfekt ers\u00e4tta olika hydraulcylindrar och erbjuder flexibilitet f\u00f6r att m\u00f6ta specifika kundkrav.<\/li>\n<\/ul>\n<p><img decoding=\"async\" src=\"https:\/\/www.hydraulic-cylinders.net\/wp-content\/uploads\/2025\/04\/songte-cylinder-head-with-all-kinds-excavator-models.webp\" alt=\"Topplock\" \/><\/p>\n<h2>Anv\u00e4ndningsomr\u00e5den f\u00f6r bomcylindern<\/h2>\n<h3>Byggutrustning<\/h3>\n<p>I gr\u00e4vmaskiner \u00e4r bomcylindrar avg\u00f6rande f\u00f6r gr\u00e4vning, lastning och flyttning av jord eller skr\u00e4p. De hj\u00e4lper till att ge den kraft som kr\u00e4vs f\u00f6r att tr\u00e4nga igenom tuffa material, vilket g\u00f6r dem oumb\u00e4rliga f\u00f6r alla byggprojekt.<\/p>\n<h3>Jordbruksmaskiner<\/h3>\n<p>I frontlastare spelar bomcylindrar en avg\u00f6rande roll f\u00f6r att lyfta, skopa och transportera jord, h\u00f6 och andra material. Deras effektivitet \u00f6kar produktiviteten i jordbruksuppgifter, vilket g\u00f6r dem till en nyckelkomponent i jordbruksverksamheten.<\/p>\n<h3>Gr\u00e4vmaskiner<\/h3>\n<p>Vid gr\u00e4vning g\u00f6r bomcylindrar att skopan kan tr\u00e4nga ner i jorden effektivt, vilket underl\u00e4ttar gr\u00e4vningsarbetet. Deras design s\u00e4kerst\u00e4ller att de kan hantera de p\u00e5frestningar som dessa processer medf\u00f6r, vilket f\u00f6rb\u00e4ttrar maskinens totala prestanda.<\/p>\n<h3>Lastare<\/h3>\n<p>I frontlastare hj\u00e4lper dessa cylindrar till att lyfta och dumpa laster effektivt. Deras tillf\u00f6rlitliga funktion s\u00e4kerst\u00e4ller att material kan flyttas snabbt och med precision, vilket \u00e4r avg\u00f6rande f\u00f6r alla lastningsuppgifter.<\/p>\n<h2>Design\u00f6verv\u00e4ganden och urvalskriterier<\/h2>\n<h3>Lastkapacitet<\/h3>\n<p>N\u00e4r man v\u00e4ljer en bomcylinder \u00e4r det avg\u00f6rande att utv\u00e4rdera dess lastkapacitet. Cylindern m\u00e5ste kunna hantera de maximala belastningarna som kommer att uppst\u00e5 under drift. Korrekt bed\u00f6mning av lastkapaciteten s\u00e4kerst\u00e4ller s\u00e4ker och effektiv anv\u00e4ndning, vilket f\u00f6rhindrar potentiella fel som kan uppst\u00e5 vid \u00f6verbelastning.<\/p>\n<h3>T\u00e4tningssystem<\/h3>\n<p>T\u00e4tning \u00e4r en viktig aspekt av hydraulcylindrar. H\u00f6gkvalitativa t\u00e4tningar f\u00f6rhindrar l\u00e4ckage av hydraulv\u00e4tska, vilket kan leda till minskad prestanda och \u00f6kade underh\u00e5llskostnader. R\u00e4tt t\u00e4tningar kommer att \u00f6ka cylinderns livsl\u00e4ngd och bibeh\u00e5lla dess effektivitet \u00f6ver tid.<\/p>\n<h3>Varaktighet<\/h3>\n<p>H\u00e5llbarhet \u00e4r en viktig faktor, s\u00e4rskilt i tuffa arbetsmilj\u00f6er. Att v\u00e4lja material som motst\u00e5r slitage och korrosion kan avsev\u00e4rt f\u00f6rl\u00e4nga livsl\u00e4ngden p\u00e5 en bomcylinder. Regelbundna bed\u00f6mningar av materialets integritet hj\u00e4lper ocks\u00e5 till att f\u00f6rebyggande \u00e5tg\u00e4rda potentiella problem.<\/p>\n<h3>S\u00e4kerhetsfunktioner<\/h3>\n<p>S\u00e4kerheten i konstruktionen b\u00f6r aldrig kompromissas. Att integrera funktioner som tryckavlastningsventiler hj\u00e4lper till att f\u00f6rhindra cylinderfel. Att uppr\u00e4tth\u00e5lla driftss\u00e4kerhetsstandarder skyddar inte bara utrustningen utan \u00e4ven operat\u00f6rerna och omgivande personal.<\/p>\n<h3>Underh\u00e5llbarhet<\/h3>\n<p>Slutligen \u00e4r det avg\u00f6rande att underh\u00e5llet \u00e4r enkelt. En v\u00e4lkonstruerad cylinder b\u00f6r m\u00f6jligg\u00f6ra enkla inspektioner och service. Enkel \u00e5tkomst till komponenter som t\u00e4tningar och sm\u00f6rjmedel m\u00f6jligg\u00f6r rutinm\u00e4ssiga underh\u00e5llskontroller, vilket f\u00f6rl\u00e4nger produktens livsl\u00e4ngd.<\/p>\n<p><img decoding=\"async\" src=\"https:\/\/www.hydraulic-cylinders.net\/wp-content\/uploads\/2025\/04\/songte-oil-pipes-and-spare-parts.webp\" alt=\"Oljer\u00f6r och reservdelar\" \/><\/p>\n<h2>T\u00e4tning och sm\u00f6rjning<\/h2>\n<p>Att anv\u00e4nda olika t\u00e4tningskomponenter, s\u00e5som kolvt\u00e4tningar och kolvst\u00e5ngst\u00e4tningar, \u00e4r avg\u00f6rande f\u00f6r att bibeh\u00e5lla hydraulcylinderns integritet. T\u00e4tningar \u00e4r vanligtvis tillverkade av slitstarka material som polyuretan och nitrilgummi, utvalda f\u00f6r sin h\u00e5llbarhet och f\u00f6rm\u00e5ga att motst\u00e5 h\u00f6ga tryck. Cylinderhuset och de g\u00e4ngade \u00e4ndarna genomg\u00e5r precisionsbearbetning f\u00f6r att f\u00f6rb\u00e4ttra slitstyrkan. Regelbunden sm\u00f6rjning med l\u00e4mplig hydraulolja \u00e4r n\u00f6dv\u00e4ndig f\u00f6r att s\u00e4kerst\u00e4lla cylinderns smidiga drift och f\u00f6r att minimera slitage p\u00e5 r\u00f6rliga delar.<\/p>\n<h2>Regelbunden inspektion och f\u00f6rebyggande underh\u00e5ll<\/h2>\n<ul>\n<li><strong>Regelbundna inspektioner:<\/strong> Schemal\u00e4gg rutinm\u00e4ssiga visuella och funktionella kontroller f\u00f6r att identifiera tecken p\u00e5 slitage, l\u00e4ckage eller skador. Tidig uppt\u00e4ckt av problem kan f\u00f6rhindra kostsamma reparationer l\u00e4ngre fram.<\/li>\n<li><strong>Korrekt sm\u00f6rjning:<\/strong> S\u00e4kerst\u00e4ll att hydrauloljeniv\u00e5erna bibeh\u00e5lls. Sm\u00f6rjning fr\u00e4mjar optimal prestanda och minskar friktion mellan r\u00f6rliga delar, vilket minimerar slitage.<\/li>\n<li><strong>Byte av t\u00e4tning:<\/strong> Med tiden kan t\u00e4tningar f\u00f6rs\u00e4mras p\u00e5 grund av slitage eller milj\u00f6exponering. Kontrollera och byt ut t\u00e4tningarna regelbundet f\u00f6r att f\u00f6rhindra l\u00e4ckor och bibeh\u00e5lla effektiviteten.<\/li>\n<\/ul>\n<h2>Installationsriktlinjer<\/h2>\n<p>Korrekt installation av bomcylindern \u00e4r avg\u00f6rande f\u00f6r att s\u00e4kerst\u00e4lla tillf\u00f6rlitlig prestanda. B\u00f6rja med att se till att alla komponenter \u00e4r rena och fria fr\u00e5n skr\u00e4p. Anv\u00e4nd l\u00e4mpliga monteringsf\u00e4sten f\u00f6r att s\u00e4kra cylindern p\u00e5 plats och se till att den \u00e4r korrekt inriktad med maskinens driftskomponenter. F\u00f6lj tillverkarens specifikationer f\u00f6r \u00e5tdragningsmoment f\u00f6r att f\u00f6rhindra \u00f6ver\u00e5tdragning, vilket kan skada cylindern. Efter installationen, g\u00f6r en noggrann kontroll av alla kopplingar och anslutningar f\u00f6r att s\u00e4kerst\u00e4lla att de \u00e4r s\u00e4kra. Testa slutligen systemet under l\u00e5gt tryck f\u00f6re full drift f\u00f6r att s\u00e4kerst\u00e4lla att allt fungerar korrekt.<\/p>\n<p><img decoding=\"async\" src=\"https:\/\/www.hydraulic-cylinders.net\/wp-content\/uploads\/2025\/04\/songte-chushion-collar.webp\" alt=\"Kuddekrage\" \/><\/p>\n<h2>S\u00e4kerhetsaspekter och milj\u00f6faktorer<\/h2>\n<p>Vid anv\u00e4ndning av bomcylindrar \u00e4r det viktigt att f\u00f6lja s\u00e4kerhets\u00e5tg\u00e4rder. Operat\u00f6rer b\u00f6r utbildas i korrekt anv\u00e4ndning och hantering av hydraulisk utrustning f\u00f6r att minska riskerna. Dessutom b\u00f6r l\u00e4mpliga milj\u00f6rutiner f\u00f6ljas f\u00f6r att undvika spill av hydraulv\u00e4tska som kan skada ekosystem. Regelbunden utbildning i s\u00e4kerhetsprotokoll och underh\u00e5llspraxis fr\u00e4mjar en kultur av s\u00e4kerhet och ansvar bland operat\u00f6rerna.<\/p>\n<h2>Feldiagnos och vanliga problem<\/h2>\n<ul>\n<li><strong>V\u00e4tskel\u00e4ckage:<\/strong> Kontrollera t\u00e4tningar och anslutningar regelbundet. Byt ut skadade t\u00e4tningar omedelbart f\u00f6r att f\u00f6rhindra f\u00f6rlust av hydraulv\u00e4tska, vilket kan leda till minskad prestanda.<\/li>\n<li><strong>Bullrig drift:<\/strong> Ovanliga ljud kan tyda p\u00e5 otillr\u00e4cklig sm\u00f6rjning eller slitage p\u00e5 interna komponenter. Kontrollera sm\u00f6rjniv\u00e5erna och \u00f6verv\u00e4g en noggrann inspektion av cylindern.<\/li>\n<li><strong>Inkonsekvent r\u00f6relse:<\/strong> Om cylindern inte f\u00e4lls ut eller in smidigt kan det bero p\u00e5 luft i systemet eller otillr\u00e4ckliga hydraulv\u00e4tskeniv\u00e5er. Lufta systemet och fyll p\u00e5 hydraulv\u00e4tska vid behov.<\/li>\n<\/ul>\n<h2>Fels\u00f6kningstips<\/h2>\n<p>F\u00f6r att effektivt diagnostisera och l\u00f6sa problem \u00e4r det viktigt att f\u00f6lja en systematisk metod. B\u00f6rja med en visuell inspektion f\u00f6r att identifiera uppenbara tecken p\u00e5 slitage eller skador. F\u00f6r en logg \u00f6ver underh\u00e5llsaktiviteter f\u00f6r att sp\u00e5ra prestanda och problem \u00f6ver tid. Implementera ett regelbundet f\u00f6rebyggande underh\u00e5llsschema f\u00f6r att minimera potentiella problem och s\u00e4kerst\u00e4lla optimal funktionalitet. Slutligen, se tillverkarens riktlinjer f\u00f6r specifika fels\u00f6kningsprocedurer och rekommendationer.<\/p>\n<p><img decoding=\"async\" src=\"https:\/\/www.hydraulic-cylinders.net\/wp-content\/uploads\/2025\/04\/songte-bushings-with-all-kinds-of-excavator-models.webp\" alt=\"Bussningar\" \/><\/p>\n<h2>Om v\u00e5rt f\u00f6retag<\/h2>\n<p>Vi \u00e4r en tillverkare som specialiserar oss p\u00e5 hydraulcylindrar f\u00f6r reservdelar. V\u00e5rt omfattande produktsortiment har gjort oss till en av de ledande tillverkarna och grossisterna av hydraulcylindrar p\u00e5 b\u00e5de den inhemska och internationella marknaden. Vi f\u00f6ljer principen om excellens och anv\u00e4nder en detaljerad strategi f\u00f6r tillverkning i verkstaden. Med fokus p\u00e5 teknisk talang, avancerad digital tillverkningsutrustning och specialiserade inspektionssystem f\u00f6rb\u00e4ttrar vi kontinuerligt v\u00e5r produktionskapacitet. V\u00e5rt engagemang f\u00f6r h\u00f6g effektivitet, precision och kvalitet s\u00e4kerst\u00e4ller att vi m\u00f6ter v\u00e5ra kunders olika behov.<\/p>\n<p><img decoding=\"async\" src=\"https:\/\/www.hydraulic-cylinders.net\/wp-content\/uploads\/2025\/04\/songte-company-4.webp\" alt=\"F\u00f6retags\u00f6versikt\" \/><br \/>\n<img decoding=\"async\" src=\"https:\/\/www.hydraulic-cylinders.net\/wp-content\/uploads\/2025\/04\/songte-company-3.webp\" alt=\"F\u00f6retagsfaciliteter\" \/><\/p>\n<p>F\u00f6rfattare: lyl<\/p>","protected":false},"excerpt":{"rendered":"<p>Boom Cylinder For Volwa Large Excavator DLS450-8B Product Overview The Boom Cylinder for Volwa Large Excavator DLS450-8B is a crucial component in the hydraulic systems of heavy machinery. This type of hydraulic cylinder is specifically designed to control the movement of buckets in various heavy equipment like excavators, backhoe loaders, and front-end loaders. It enables [&hellip;]<\/p>","protected":false},"featured_media":17879,"comment_status":"open","ping_status":"closed","template":"","meta":{"_et_pb_use_builder":"","_et_pb_old_content":"","_et_gb_content_width":""},"product_brand":[],"product_cat":[1546],"product_tag":[1547,1496],"class_list":{"0":"post-19616","1":"product","2":"type-product","3":"status-publish","4":"has-post-thumbnail","6":"product_cat-boom-cylinders","7":"product_tag-boom-cylinders","8":"product_tag-hydraulic-cylinders","10":"first","11":"instock","12":"shipping-taxable","13":"product-type-simple"},"amp_enabled":true,"_links":{"self":[{"href":"https:\/\/www.hydraulic-cylinders.net\/sv\/wp-json\/wp\/v2\/product\/19616","targetHints":{"allow":["GET"]}}],"collection":[{"href":"https:\/\/www.hydraulic-cylinders.net\/sv\/wp-json\/wp\/v2\/product"}],"about":[{"href":"https:\/\/www.hydraulic-cylinders.net\/sv\/wp-json\/wp\/v2\/types\/product"}],"replies":[{"embeddable":true,"href":"https:\/\/www.hydraulic-cylinders.net\/sv\/wp-json\/wp\/v2\/comments?post=19616"}],"wp:featuredmedia":[{"embeddable":true,"href":"https:\/\/www.hydraulic-cylinders.net\/sv\/wp-json\/wp\/v2\/media\/17879"}],"wp:attachment":[{"href":"https:\/\/www.hydraulic-cylinders.net\/sv\/wp-json\/wp\/v2\/media?parent=19616"}],"wp:term":[{"taxonomy":"product_brand","embeddable":true,"href":"https:\/\/www.hydraulic-cylinders.net\/sv\/wp-json\/wp\/v2\/product_brand?post=19616"},{"taxonomy":"product_cat","embeddable":true,"href":"https:\/\/www.hydraulic-cylinders.net\/sv\/wp-json\/wp\/v2\/product_cat?post=19616"},{"taxonomy":"product_tag","embeddable":true,"href":"https:\/\/www.hydraulic-cylinders.net\/sv\/wp-json\/wp\/v2\/product_tag?post=19616"}],"curies":[{"name":"wp","href":"https:\/\/api.w.org\/{rel}","templated":true}]}}