{"id":19627,"date":"2025-04-07T06:58:16","date_gmt":"2025-04-07T06:58:16","guid":{"rendered":"https:\/\/www.hydraulic-cylinders.net\/product\/boom-cylinder-for-volwa-cane-unloader-dls818-9a\/"},"modified":"2025-04-07T06:58:19","modified_gmt":"2025-04-07T06:58:19","slug":"boom-cylinder-for-volwa-cane-unloader-dls818-9a","status":"publish","type":"product","link":"https:\/\/www.hydraulic-cylinders.net\/sv\/produkt\/boom-cylinder-for-volwa-cane-unloader-dls818-9a\/","title":{"rendered":"Bomcylinder f\u00f6r Volwa-r\u00f6ravlastare DLS818-9A"},"content":{"rendered":"<h1>Bomcylinder f\u00f6r Volwa-r\u00f6ravlastare DLS818-9A<\/h1>\n<h2>Produkt\u00f6versikt<\/h2>\n<p>Bomcylindern f\u00f6r Volwa Cane Unloader DLS818-9A \u00e4r en avg\u00f6rande komponent i hydrauliska system, speciellt utformad f\u00f6r att styra r\u00f6relsen hos skopor i olika tunga maskiner som gr\u00e4vmaskiner, gr\u00e4vlastare och frontlastare. Denna hydraulcylinder g\u00f6r att skopan kan lyftas, s\u00e4nkas och lutas, vilket underl\u00e4ttar effektiva materialhanteringsuppgifter. Som en typ av hydrauliskt st\u00e4lldon omvandlar den hydraulisk energi till mekanisk kraft, vilket g\u00f6r det m\u00f6jligt f\u00f6r operat\u00f6rer att utf\u00f6ra uppgifter med precision och kraft.<\/p>\n<p><img decoding=\"async\" src=\"https:\/\/www.hydraulic-cylinders.net\/wp-content\/uploads\/2025\/04\/songte-company-1.webp\" alt=\"Hydraulcylinder\" \/><\/p>\n<h3>Definition och funktion<\/h3>\n<p>Bomcylindrar \u00e4r viktiga vid drift av tunga maskiner, d\u00e4r de styr skopans r\u00f6relse. Denna hydraulcylinder spelar en viktig roll vid gr\u00e4vning, lyftning och transport av material. Genom att anv\u00e4nda hydraulv\u00e4tska under tryck ger bomcylindrar den kraft som kr\u00e4vs f\u00f6r att utf\u00f6ra olika operationer, vilket s\u00e4kerst\u00e4ller att uppgifter kan utf\u00f6ras effektivt och s\u00e4kert.<\/p>\n<h2>Funktioner hos bomcylindern<\/h2>\n<ul>\n<li><strong>H\u00f6g styrka och h\u00e5llbarhet:<\/strong> Dessa cylindrar \u00e4r tillverkade av h\u00f6gh\u00e5llfast st\u00e5l eller aluminium och t\u00e5l h\u00f6ga tryck och tunga belastningar, vilket g\u00f6r dem l\u00e4mpliga f\u00f6r tuffa arbetsmilj\u00f6er. Deras design betonar slitstyrka och korrosionsskydd, vilket f\u00f6rl\u00e4nger deras livsl\u00e4ngd.<\/li>\n<li><strong>Effektiv hydraulisk drift:<\/strong> Bomcylindern m\u00f6jligg\u00f6r smidig ut- och ink\u00f6rning tack vare hydrauloljetryck, vilket m\u00f6jligg\u00f6r snabb respons p\u00e5 f\u00f6rarens kommandon och ger betydande tryck- och dragkraft f\u00f6r tunga uppgifter.<\/li>\n<li><strong>Olika typer:<\/strong> Dessa cylindrar finns i enkelverkande (i en riktning) eller dubbelverkande (i b\u00e5da riktningarna) konfigurationer och kan uppfylla olika driftsbehov. Vissa modeller \u00e4r teleskopiska, vilket m\u00f6jligg\u00f6r st\u00f6rre utdrag utan att \u00f6ka de yttre m\u00e5tten, perfekt f\u00f6r tr\u00e5nga utrymmen.<\/li>\n<li><strong>Anpassad tillverkning:<\/strong> V\u00e5rt f\u00f6retag specialiserar sig p\u00e5 att producera dessa cylindrar och erbjuder perfekta ers\u00e4ttningar f\u00f6r befintliga hydraulcylindrar med garanterad kompatibilitet och prestanda.<\/li>\n<\/ul>\n<p><img decoding=\"async\" src=\"https:\/\/www.hydraulic-cylinders.net\/wp-content\/uploads\/2025\/04\/songte-cylinder-head-with-all-kinds-excavator-models.webp\" alt=\"Topplock\" \/><\/p>\n<h2>Applikationer<\/h2>\n<h3>Byggutrustning<\/h3>\n<p>I gr\u00e4vmaskiner \u00e4r bomcylindrar avg\u00f6rande f\u00f6r gr\u00e4vning, lastning och f\u00f6rflyttning av jord eller skr\u00e4p. De g\u00f6r det m\u00f6jligt f\u00f6r f\u00f6rare att utf\u00f6ra uppgifter med precision, vilket \u00f6kar produktiviteten p\u00e5 byggarbetsplatser. I gr\u00e4vlastare assisterar de vid b\u00e5de gr\u00e4vning och lyft, vilket g\u00f6r dem till m\u00e5ngsidiga maskiner som \u00e4r viktiga f\u00f6r olika uppgifter.<\/p>\n<h3>Jordbruksmaskiner<\/h3>\n<p>I frontlastare anv\u00e4nds bomcylindrar f\u00f6r att skopa, lyfta och transportera jord, h\u00f6 och andra material. Deras f\u00f6rm\u00e5ga att hantera tunga laster effektivt g\u00f6r dem oumb\u00e4rliga i jordbruksverksamhet och hj\u00e4lper lantbrukare i sina dagliga uppgifter.<\/p>\n<h3>Gr\u00e4vmaskiner<\/h3>\n<p>I gr\u00e4vmaskiner g\u00f6r bomcylindern att skopan kan tr\u00e4nga ner i marken, vilket underl\u00e4ttar gr\u00e4vningen. Dess design m\u00f6jligg\u00f6r exakt kontroll, vilket \u00e4r avg\u00f6rande f\u00f6r uppgifter som kr\u00e4ver noggrann gr\u00e4vning utan att skada omgivande omr\u00e5den.<\/p>\n<h3>Lastare<\/h3>\n<p>Hos frontlastare hj\u00e4lper bomcylindrar till att lyfta och dumpa material effektivt. Deras robusta konstruktion s\u00e4kerst\u00e4ller att de kan hantera vikten av tunga laster, vilket g\u00f6r dem viktiga f\u00f6r bygg- och landskapsprojekt.<\/p>\n<h2>Design\u00f6verv\u00e4ganden<\/h2>\n<h3>Lastkapacitet<\/h3>\n<p>Bomcylinderns lastkapacitet \u00e4r av st\u00f6rsta vikt. Den avg\u00f6r den maximala vikt som cylindern s\u00e4kert kan lyfta och hantera. Tillverkare m\u00e5ste s\u00e4kerst\u00e4lla att cylinderns material och konstruktion kan motst\u00e5 de p\u00e5frestningar som uts\u00e4tts under drift. Att ber\u00e4kna den erforderliga lastkapaciteten baserat p\u00e5 maskinens specifikationer hj\u00e4lper till att v\u00e4lja r\u00e4tt cylinder.<\/p>\n<h3>T\u00e4tning<\/h3>\n<p>T\u00e4tning \u00e4r avg\u00f6rande f\u00f6r att uppr\u00e4tth\u00e5lla hydraultrycket och f\u00f6rhindra v\u00e4tskel\u00e4ckage. H\u00f6gkvalitativa t\u00e4tningar och packningar tillverkade av slitstarka material som polyuretan och nitrilgummi \u00e4r avg\u00f6rande f\u00f6r att \u00f6ka cylinderns livsl\u00e4ngd. Regelbunden inspektion och underh\u00e5ll av t\u00e4tningar kan f\u00f6rhindra kostsamma reparationer och driftstopp.<\/p>\n<h3>Varaktighet<\/h3>\n<p>H\u00e5llbarhet \u00e4r en nyckelfaktor vid valet av en bomcylinder. Materialen som anv\u00e4nds \u00e4r konstruerade f\u00f6r att motst\u00e5 tuffa f\u00f6rh\u00e5llanden och m\u00e5ste motst\u00e5 slitage och korrosion. Tillverkningsprocessen, inklusive ytbehandlingar, spelar en viktig roll i cylinderns livsl\u00e4ngd och s\u00e4kerst\u00e4ller att den kan fungera effektivt i kr\u00e4vande milj\u00f6er.<\/p>\n<h3>S\u00e4kerhet<\/h3>\n<p>S\u00e4kerhet \u00e4r av st\u00f6rsta vikt n\u00e4r man arbetar med hydrauliska system. Bomcylindrar b\u00f6r vara konstruerade med inbyggda s\u00e4kerhetsfunktioner f\u00f6r att f\u00f6rhindra olyckor. Detta inkluderar tryckavlastningsventiler och s\u00e4kerhetsmekanismer som f\u00f6rhindrar katastrofala fel under drift.<\/p>\n<h3>Underh\u00e5ll<\/h3>\n<p>Enkelt underh\u00e5ll \u00e4r en viktig designaspekt. En v\u00e4lkonstruerad bomcylinder m\u00f6jligg\u00f6r enkel \u00e5tkomst till komponenter f\u00f6r rutinkontroller och reparationer. Att f\u00f6renkla underh\u00e5llsprocessen kan bidra till att minska stillest\u00e5ndstiden och \u00f6ka driftseffektiviteten.<\/p>\n<p><img decoding=\"async\" src=\"https:\/\/www.hydraulic-cylinders.net\/wp-content\/uploads\/2025\/04\/songte-oil-pipes-and-spare-parts.webp\" alt=\"Oljer\u00f6r och reservdelar\" \/><\/p>\n<h2>T\u00e4tning och sm\u00f6rjning<\/h2>\n<p>Korrekt t\u00e4tning och sm\u00f6rjning \u00e4r avg\u00f6rande f\u00f6r bomcylindrarnas prestanda. Olika t\u00e4tningselement, s\u00e5som kolvt\u00e4tningar och st\u00e5ngt\u00e4tningar, anv\u00e4nds f\u00f6r att bibeh\u00e5lla hydraulisk integritet. T\u00e4tningar tillverkade av n\u00f6tningsbest\u00e4ndiga material som polyuretan och nitrilgummi v\u00e4ljs ofta f\u00f6r sin h\u00e5llbarhet.<\/p>\n<p>Cylinderhuset och de g\u00e4ngade \u00e4ndytorna genomg\u00e5r finbearbetning f\u00f6r att f\u00f6rb\u00e4ttra slitstyrkan, vilket s\u00e4kerst\u00e4ller att dessa komponenter h\u00e5ller l\u00e4nge. Regelbunden sm\u00f6rjning med hydraulolja \u00e4r avg\u00f6rande, eftersom det minimerar friktion och slitage, f\u00f6rl\u00e4nger cylinderns livsl\u00e4ngd och bibeh\u00e5ller dess driftseffektivitet.<\/p>\n<h2>Regelbundna inspektioner och f\u00f6rebyggande underh\u00e5ll<\/h2>\n<ul>\n<li><strong>Rutininspektioner:<\/strong> Regelbundna visuella och mekaniska inspektioner av bomcylindern \u00e4r n\u00f6dv\u00e4ndiga f\u00f6r att uppt\u00e4cka tecken p\u00e5 slitage eller skador. F\u00f6rare b\u00f6r leta efter l\u00e4ckor, korrosion och ovanliga ljud under drift.<\/li>\n<li><strong>Sm\u00f6rjning:<\/strong> S\u00e4kerst\u00e4ll att cylindern \u00e4r tillr\u00e4ckligt smord med l\u00e4mplig hydraulolja. Bristande sm\u00f6rjning kan leda till \u00f6kat slitage och minskad verkningsgrad.<\/li>\n<li><strong>Byte av t\u00e4tning:<\/strong> Med tiden kan t\u00e4tningar f\u00f6rs\u00e4mras och beh\u00f6va bytas ut. Regelbundna kontroller kan hj\u00e4lpa till att identifiera n\u00e4r t\u00e4tningar beh\u00f6ver bytas f\u00f6r att f\u00f6rhindra l\u00e4ckage och f\u00f6rlust av hydraultryck.<\/li>\n<\/ul>\n<h2>Installationsriktlinjer<\/h2>\n<p>Korrekt installation av bomcylindern \u00e4r avg\u00f6rande f\u00f6r optimal prestanda. H\u00e4r \u00e4r n\u00e5gra riktlinjer att f\u00f6lja:<\/p>\n<ul>\n<li><strong>Inriktning:<\/strong> S\u00e4kerst\u00e4ll att cylindern \u00e4r korrekt justerad under installationen. Feljustering kan leda till oj\u00e4mnt slitage och minskad effektivitet.<\/li>\n<li><strong>Anv\u00e4nd l\u00e4mpliga monteringsf\u00e4sten:<\/strong> Anv\u00e4nd l\u00e4mpliga monteringsf\u00e4sten f\u00f6r att f\u00e4sta cylindern ordentligt och se till att den \u00e4r stabil under drift.<\/li>\n<li><strong>Hydrauliska anslutningar:<\/strong> Anslut hydraulledningarna ordentligt och kontrollera om det finns l\u00e4ckor. Korrekta anslutningar \u00e4r avg\u00f6rande f\u00f6r att bibeh\u00e5lla hydraultrycket.<\/li>\n<li><strong>Testning:<\/strong> Efter installationen, testa cylindern under kontrollerade f\u00f6rh\u00e5llanden f\u00f6r att s\u00e4kerst\u00e4lla att den fungerar smidigt och utan l\u00e4ckor.<\/li>\n<li><strong>F\u00f6lj tillverkarens riktlinjer:<\/strong> Se alltid tillverkarens installationsmanual f\u00f6r specifika instruktioner och rekommendationer.<\/li>\n<\/ul>\n<p><img decoding=\"async\" src=\"https:\/\/www.hydraulic-cylinders.net\/wp-content\/uploads\/2025\/04\/songte-chushion-collar.webp\" alt=\"Kuddekrage\" \/><\/p>\n<h2>S\u00e4kerhetsaspekter och milj\u00f6faktorer<\/h2>\n<p>S\u00e4kerhets\u00e5tg\u00e4rder \u00e4r avg\u00f6rande vid anv\u00e4ndning av bomcylindrar i arbetet. Operat\u00f6rer b\u00f6r utbildas i att f\u00f6lja s\u00e4kerhetsprotokoll f\u00f6r att f\u00f6rhindra olyckor. Korrekt skydd, signalering och kommunikation b\u00f6r uppr\u00e4tth\u00e5llas f\u00f6r att s\u00e4kerst\u00e4lla en s\u00e4ker arbetsmilj\u00f6. Dessutom \u00e4r det viktigt att beakta milj\u00f6faktorer som v\u00e4tskespill och hantering av hydraulolja f\u00f6r att minimera milj\u00f6p\u00e5verkan.<\/p>\n<h2>Feldiagnos och vanliga problem<\/h2>\n<ul>\n<li><strong>L\u00e4ckage:<\/strong> V\u00e4tskel\u00e4ckage fr\u00e5n cylindern \u00e4r ett vanligt problem som kan bero p\u00e5 slitna t\u00e4tningar eller felaktig installation. Att identifiera k\u00e4llan till l\u00e4ckan \u00e4r viktigt f\u00f6r att kunna reparera i tid.<\/li>\n<li><strong>Svarsl\u00f6s operation:<\/strong> Om bomcylindern inte svarar p\u00e5 kommandon kan det tyda p\u00e5 ett problem med hydraultrycket eller ett felaktigt styrsystem. Det rekommenderas att kontrollera hydraulv\u00e4tskeniv\u00e5erna och styrventilens funktion.<\/li>\n<li><strong>\u00d6verhettning:<\/strong> \u00d6verhettning kan uppst\u00e5 p\u00e5 grund av f\u00f6r h\u00f6g belastning eller otillr\u00e4cklig sm\u00f6rjning. Att \u00f6vervaka driftstemperaturen och s\u00e4kerst\u00e4lla korrekt sm\u00f6rjning kan f\u00f6rhindra detta problem.<\/li>\n<\/ul>\n<h2>Fels\u00f6kningstips<\/h2>\n<p>F\u00f6r att effektivt diagnostisera och l\u00f6sa problem med bomcylindern, \u00f6verv\u00e4g dessa tips:<\/p>\n<ul>\n<li>Kontrollera regelbundet tecken p\u00e5 slitage eller skador och utf\u00f6r underh\u00e5ll omedelbart f\u00f6r att f\u00f6rhindra eskalering av mindre problem.<\/li>\n<li>Bibeh\u00e5ll r\u00e4tt hydraulv\u00e4tskeniv\u00e5er och se till att v\u00e4tskan \u00e4r ren och l\u00e4mplig f\u00f6r anv\u00e4ndning i systemet.<\/li>\n<li>Implementera f\u00f6rebyggande \u00e5tg\u00e4rder som rutininspektioner och snabba byten av t\u00e4tningar och komponenter f\u00f6r att minimera risken f\u00f6r fel.<\/li>\n<\/ul>\n<p><img decoding=\"async\" src=\"https:\/\/www.hydraulic-cylinders.net\/wp-content\/uploads\/2025\/04\/songte-bushings-with-all-kinds-of-excavator-models.webp\" alt=\"Bussningar\" \/><\/p>\n<h2>Om v\u00e5rt f\u00f6retag<\/h2>\n<p>Vi \u00e4r en ledande tillverkare och grossist av hydraulcylindrar och har \u00e5tagit oss att erbjuda ett brett utbud av produkter p\u00e5 den inhemska och internationella marknaden. V\u00e5rt f\u00f6retag f\u00f6ljer exceptionella kvalitetsstandarder och utnyttjar f\u00f6rfinade tillverkningsstrategier och avancerade produktionsledningstekniker.<\/p>\n<p>V\u00e5r expertis ligger i att anst\u00e4lla skickliga tekniker, anv\u00e4nda avancerad digital tillverkningsutrustning och implementera professionella testsystem. Detta fokus g\u00f6r det m\u00f6jligt f\u00f6r oss att kontinuerligt f\u00f6rb\u00e4ttra v\u00e5ra tillverkningsplattformar och s\u00e4kerst\u00e4lla kvalitetsproduktionslinjer f\u00f6r v\u00e5ra produkter. V\u00e5r starka innovationsf\u00f6rm\u00e5ga, i kombination med principer f\u00f6r h\u00f6g effektivitet, precision och kvalitet, g\u00f6r det m\u00f6jligt f\u00f6r oss att effektivt m\u00f6ta olika kunders behov.<\/p>\n<p><img decoding=\"async\" src=\"https:\/\/www.hydraulic-cylinders.net\/wp-content\/uploads\/2025\/04\/songte-company-4.webp\" alt=\"F\u00f6retags\u00f6versikt\" \/><br \/>\n<img decoding=\"async\" src=\"https:\/\/www.hydraulic-cylinders.net\/wp-content\/uploads\/2025\/04\/songte-company-3.webp\" alt=\"Tillverkningsanl\u00e4ggning\" \/><\/p>\n<p>V\u00e5rt engagemang f\u00f6r professionalism \u00e5terspeglas i v\u00e5ra internationella certifieringar, skr\u00e4ddarsydda tj\u00e4nster, avancerade produktionsutrustning och dedikerade eftermarknadssupport, vilket s\u00e4kerst\u00e4ller kundn\u00f6jdhet och f\u00f6rtroende f\u00f6r v\u00e5ra produkter.<\/p>\n<p>F\u00f6rfattare: lyl<\/p>","protected":false},"excerpt":{"rendered":"<p>Boom Cylinder For Volwa Cane Unloader DLS818-9A Product Overview The Boom Cylinder for the Volwa Cane Unloader DLS818-9A is a crucial component in hydraulic systems, specifically designed for controlling the movement of buckets in various heavy machinery such as excavators, backhoe loaders, and front loaders. This hydraulic cylinder enables the bucket to lift, lower, and [&hellip;]<\/p>","protected":false},"featured_media":17875,"comment_status":"open","ping_status":"closed","template":"","meta":{"_et_pb_use_builder":"","_et_pb_old_content":"","_et_gb_content_width":""},"product_brand":[],"product_cat":[1546],"product_tag":[1547,1496],"class_list":{"0":"post-19627","1":"product","2":"type-product","3":"status-publish","4":"has-post-thumbnail","6":"product_cat-boom-cylinders","7":"product_tag-boom-cylinders","8":"product_tag-hydraulic-cylinders","10":"first","11":"instock","12":"shipping-taxable","13":"product-type-simple"},"amp_enabled":true,"_links":{"self":[{"href":"https:\/\/www.hydraulic-cylinders.net\/sv\/wp-json\/wp\/v2\/product\/19627","targetHints":{"allow":["GET"]}}],"collection":[{"href":"https:\/\/www.hydraulic-cylinders.net\/sv\/wp-json\/wp\/v2\/product"}],"about":[{"href":"https:\/\/www.hydraulic-cylinders.net\/sv\/wp-json\/wp\/v2\/types\/product"}],"replies":[{"embeddable":true,"href":"https:\/\/www.hydraulic-cylinders.net\/sv\/wp-json\/wp\/v2\/comments?post=19627"}],"wp:featuredmedia":[{"embeddable":true,"href":"https:\/\/www.hydraulic-cylinders.net\/sv\/wp-json\/wp\/v2\/media\/17875"}],"wp:attachment":[{"href":"https:\/\/www.hydraulic-cylinders.net\/sv\/wp-json\/wp\/v2\/media?parent=19627"}],"wp:term":[{"taxonomy":"product_brand","embeddable":true,"href":"https:\/\/www.hydraulic-cylinders.net\/sv\/wp-json\/wp\/v2\/product_brand?post=19627"},{"taxonomy":"product_cat","embeddable":true,"href":"https:\/\/www.hydraulic-cylinders.net\/sv\/wp-json\/wp\/v2\/product_cat?post=19627"},{"taxonomy":"product_tag","embeddable":true,"href":"https:\/\/www.hydraulic-cylinders.net\/sv\/wp-json\/wp\/v2\/product_tag?post=19627"}],"curies":[{"name":"wp","href":"https:\/\/api.w.org\/{rel}","templated":true}]}}