{"id":1963,"date":"2023-10-23T05:36:34","date_gmt":"2023-10-23T05:36:34","guid":{"rendered":"https:\/\/hydraulic-cylinders.net\/?post_type=product&#038;p=1963"},"modified":"2023-10-23T05:36:45","modified_gmt":"2023-10-23T05:36:45","slug":"v30d-series-axial-piston-variable-displacement-hydraulic-pump","status":"publish","type":"product","link":"https:\/\/www.hydraulic-cylinders.net\/sv\/produkt\/v30d-series-axial-piston-variable-displacement-hydraulic-pump\/","title":{"rendered":"V30D-serien axialkolvshydraulpump med variabelt slagvolym"},"content":{"rendered":"<h1 style=\"text-align: center;\"><strong>V30D-serien axialkolvshydraulpump med variabelt slagvolym<\/strong><\/h1>\n<p><img loading=\"lazy\" decoding=\"async\" class=\"aligncenter wp-image-1974\" src=\"https:\/\/hydraulic-cylinders.net\/wp-content\/uploads\/2023\/10\/v30d-series-axial-piston-variable-displacement-pump-1-300x300.webp\" alt=\"\" width=\"400\" height=\"400\" \/><\/p>\n<p>V30D-seriens hydraulpump med variabelt slagvolym och axialkolv \u00e4r en toppmodern l\u00f6sning utformad f\u00f6r att leverera exceptionell prestanda och effektivitet i olika hydrauliska applikationer. Med sin avancerade teknik, m\u00e5ngsidiga design och exakta styrning \u00e4r denna hydraulpump banbrytande i branschen.<\/p>\n<p>V30D-seriens hydraulpump med variabelt deplacement och axialkolv s\u00e4tter en ny standard f\u00f6r effektivitet och prestanda i hydraulsystem. Med sin variabla deplacementteknik, h\u00f6ga prestanda och m\u00e5ngsidiga design erbjuder denna pump \u00f6verl\u00e4gsen kontroll och optimerad energianv\u00e4ndning. Genom att f\u00f6lja de rekommenderade anv\u00e4ndningsmetoderna och regelbundna underh\u00e5llspraxis kommer V30D-seriens pump att forts\u00e4tta leverera exceptionell effektivitet och kraft, vilket bidrar till framg\u00e5ngen f\u00f6r olika industriella applikationer. Utnyttja kraften och effektiviteten hos V30D-seriens hydraulpump med variabelt deplacement och axialkolv f\u00f6r att h\u00f6ja prestandan hos ditt hydraulsystem.<\/p>\n<p>V30D-serien axialkolvpump med variabelt slagvolym Viktiga egenskaper:<\/p>\n<ul>\n<li>Teknik f\u00f6r variabelt deplacement: Pumpen i V30D-serien anv\u00e4nder den senaste tekniken f\u00f6r variabelt deplacement, vilket g\u00f6r att pumpens effekt kan justeras baserat p\u00e5 systemets behov. Denna funktion s\u00e4kerst\u00e4ller optimal energianv\u00e4ndning, vilket resulterar i \u00f6kad effektivitet och minskad str\u00f6mf\u00f6rbrukning.<\/li>\n<li>H\u00f6g prestanda: Denna hydraulpump s\u00e4tter nya standarder n\u00e4r det g\u00e4ller prestanda. Med ett brett utbud av driftstryck och hastigheter ger pumpen i V30D-serien exakt styrning och effektiv kraftleverans, vilket m\u00f6jligg\u00f6r \u00f6verl\u00e4gsen systemprestanda och produktivitet.<\/li>\n<li>M\u00e5ngsidig design: Pumpen i V30D-serien \u00e4r konstruerad f\u00f6r att passa olika hydrauliska system och till\u00e4mpningar. Den erbjuder flexibilitet i monteringsalternativ, v\u00e4tskekompatibilitet och styrmetoder, vilket g\u00f6r den l\u00e4mplig f\u00f6r ett brett spektrum av industrier och maskiner.<\/li>\n<li>Effektivitet vid alla belastningar: Pumpen i V30D-serien s\u00e4kerst\u00e4ller effektivitet \u00f6ver ett brett belastningsomr\u00e5de tack vare sin variabla deplacementfunktion. Den justerar automatiskt effekten f\u00f6r att matcha systemets krav, vilket minimerar energif\u00f6rluster och maximerar produktiviteten.<\/li>\n<\/ul>\n<h2><strong>V30D-serien axialkolvs hydraulpump med variabel slagvolym Parameter:<\/strong><\/h2>\n<table class=\"table table-bordered table-hover table-colored\">\n<tbody>\n<tr class=\"firstRow\">\n<td colspan=\"1\" rowspan=\"2\" align=\"center\" valign=\"middle\">Storlek<\/td>\n<td rowspan=\"2\" align=\"center\" valign=\"middle\">Slagvolym cc\/varv<\/td>\n<td colspan=\"2\" rowspan=\"1\" align=\"center\" valign=\"middle\">Tryckst\u00e5ng<\/td>\n<td colspan=\"2\" rowspan=\"1\" align=\"center\" valign=\"middle\">Rotationshastighet r\/min<\/td>\n<\/tr>\n<tr>\n<td align=\"center\" valign=\"middle\">Betygsatt<\/td>\n<td align=\"center\" valign=\"middle\">Topp<\/td>\n<td align=\"center\" valign=\"middle\">Max f\u00f6r sj\u00e4lvsugande<sup>*1<\/sup><\/td>\n<td align=\"center\" valign=\"middle\">Max<sup>*2<\/sup><\/td>\n<\/tr>\n<tr>\n<td align=\"center\" valign=\"middle\">\u00a0V30D45<\/td>\n<td align=\"center\" valign=\"middle\">45<\/td>\n<td align=\"center\" valign=\"middle\">350<\/td>\n<td align=\"center\" valign=\"middle\">420<\/td>\n<td align=\"center\" valign=\"middle\">2600<\/td>\n<td align=\"center\" valign=\"middle\">3600<\/td>\n<\/tr>\n<tr>\n<td align=\"center\" valign=\"middle\">\u00a0V30D75<\/td>\n<td align=\"center\" valign=\"middle\">75<\/td>\n<td align=\"center\" valign=\"middle\">350<\/td>\n<td align=\"center\" valign=\"middle\">420<\/td>\n<td align=\"center\" valign=\"middle\">2400<\/td>\n<td align=\"center\" valign=\"middle\">3200<\/td>\n<\/tr>\n<tr>\n<td align=\"center\" valign=\"middle\">\u00a0V30D95<\/td>\n<td align=\"center\" valign=\"middle\">96<\/td>\n<td align=\"center\" valign=\"middle\">350<\/td>\n<td align=\"center\" valign=\"middle\">420<\/td>\n<td align=\"center\" valign=\"middle\">2200<\/td>\n<td align=\"center\" valign=\"middle\">2900<\/td>\n<\/tr>\n<tr>\n<td align=\"center\" valign=\"middle\">\u00a0V30D115<\/td>\n<td align=\"center\" valign=\"middle\">115<\/td>\n<td align=\"center\" valign=\"middle\">250<\/td>\n<td align=\"center\" valign=\"middle\">300<\/td>\n<td align=\"center\" valign=\"middle\">2000<\/td>\n<td align=\"center\" valign=\"middle\">2800<\/td>\n<\/tr>\n<tr>\n<td align=\"center\" valign=\"middle\">\u00a0V30D140<\/td>\n<td align=\"center\" valign=\"middle\">142<\/td>\n<td align=\"center\" valign=\"middle\">350<\/td>\n<td align=\"center\" valign=\"middle\">420<\/td>\n<td align=\"center\" valign=\"middle\">2200<\/td>\n<td align=\"center\" valign=\"middle\">2600<\/td>\n<\/tr>\n<tr>\n<td align=\"center\" valign=\"middle\">\u00a0V30D160<\/td>\n<td align=\"center\" valign=\"middle\">164<\/td>\n<td align=\"center\" valign=\"middle\">250<\/td>\n<td align=\"center\" valign=\"middle\">300<\/td>\n<td align=\"center\" valign=\"middle\">1900<\/td>\n<td align=\"center\" valign=\"middle\">2500<\/td>\n<\/tr>\n<tr>\n<td align=\"center\" valign=\"middle\">\u00a0V30D250<\/td>\n<td align=\"center\" valign=\"middle\">250<\/td>\n<td align=\"center\" valign=\"middle\">350<\/td>\n<td align=\"center\" valign=\"middle\">420<\/td>\n<td align=\"center\" valign=\"middle\">1800<\/td>\n<td align=\"center\" valign=\"middle\">2000<\/td>\n<\/tr>\n<tr>\n<td align=\"center\" valign=\"middle\">V30D520<\/td>\n<td align=\"center\" valign=\"middle\">520<\/td>\n<td align=\"center\" valign=\"middle\">400<\/td>\n<td align=\"center\" valign=\"middle\">450<\/td>\n<td align=\"center\" valign=\"middle\">1500<\/td>\n<td align=\"center\" valign=\"middle\">1800<\/td>\n<\/tr>\n<\/tbody>\n<\/table>\n<h2><strong>F\u00f6rdelar med V30D-seriens axialkolvshydrauliska pumpar med variabel slagvolym:<\/strong><\/h2>\n<p>\u2022 Anv\u00e4nds i hydrauliska system med \u00f6ppen krets<br \/>\n\u2022 L\u00e5gt ljud<br \/>\n\u2022 Flera styrmoduler<br \/>\n\u2022 Ger tillr\u00e4ckligt vridmoment f\u00f6r den bakre pumpen n\u00e4r en tandempump beh\u00f6vs<\/p>\n<h2><strong>V30D-serien axialkolvshydraulpump med variabelt slagvolym <\/strong><strong>Ans\u00f6kan:<\/strong><\/h2>\n<p><img loading=\"lazy\" decoding=\"async\" class=\"alignnone wp-image-1976 size-full\" src=\"https:\/\/hydraulic-cylinders.net\/wp-content\/uploads\/2023\/10\/v30d-series-axial-piston-variable-displacement-pump-2.webp\" alt=\"\" width=\"1144\" height=\"394\" srcset=\"https:\/\/hydraulic-cylinders.net\/wp-content\/uploads\/2023\/10\/v30d-series-axial-piston-variable-displacement-pump-2.webp 1144w, https:\/\/hydraulic-cylinders.net\/wp-content\/uploads\/2023\/10\/v30d-series-axial-piston-variable-displacement-pump-2-980x338.webp 980w, https:\/\/hydraulic-cylinders.net\/wp-content\/uploads\/2023\/10\/v30d-series-axial-piston-variable-displacement-pump-2-480x165.webp 480w\" sizes=\"(min-width: 0px) and (max-width: 480px) 480px, (min-width: 481px) and (max-width: 980px) 980px, (min-width: 981px) 1144px, 100vw\" \/><\/p>\n<h2><strong>Anv\u00e4ndningsmetod f\u00f6r V30D-serien axialkolvs hydraulpump med variabel deplacement<\/strong><strong>:<\/strong><\/h2>\n<ul>\n<li><strong>Installation och integration:<\/strong> V\u00e4lj en l\u00e4mplig plats i hydraulsystemet f\u00f6r att installera V30D-seriens axialkolvshydraulpump med variabelt deplacement. S\u00e4kerst\u00e4ll korrekt uppriktning och montera pumpen ordentligt med l\u00e4mpliga f\u00e4sten eller tillbeh\u00f6r. Anslut pumpen till hydraulsystemet med kompatibla kopplingar och slangar och s\u00e4kerst\u00e4ll l\u00e4ckagefria anslutningar.<\/li>\n<li><strong>V\u00e4tskekompatibilitet:<\/strong> Kontrollera att hydraulv\u00e4tskan som anv\u00e4nds i systemet \u00e4r kompatibel med V30D-seriens pump. Se tillverkarens rekommenderade v\u00e4tsketyp, viskositet och temperaturomr\u00e5de. \u00d6vervaka och underh\u00e5ll hydraulv\u00e4tskan regelbundet f\u00f6r att s\u00e4kerst\u00e4lla optimal pumpdrift och livsl\u00e4ngd.<\/li>\n<li><strong>Kontroll och justering:<\/strong> Bekanta dig med de styralternativ som finns med V30D-seriens pump. Beroende p\u00e5 den specifika modellen kan den erbjuda olika styrmetoder, s\u00e5som manuell, proportionell eller elektronisk styrning. F\u00f6rst\u00e5 de rekommenderade styrinst\u00e4llningarna och justera dem d\u00e4refter f\u00f6r att optimera pumpens prestanda.<\/li>\n<li><strong>Systemoptimering:<\/strong> V30D-seriens pump m\u00f6jligg\u00f6r systemoptimering genom att justera pumpens deplacement f\u00f6r att matcha belastningskraven. Dra nytta av denna funktion f\u00f6r att maximera energieffektiviteten och systemets totala prestanda.<\/li>\n<\/ul>\n<h2><strong>Hur man luftar en hydraulcylinder utan luftningsventil?<\/strong><\/h2>\n<p>Att lufta en hydraulcylinder utan luftningsventil kan vara lite mer utmanande, men det \u00e4r fortfarande m\u00f6jligt. H\u00e4r \u00e4r en steg-f\u00f6r-steg-guide om hur man luftar en hydraulcylinder utan luftningsventil:<\/p>\n<ol>\n<li><strong>S\u00e4kerhet f\u00f6rst:<\/strong> Innan arbete p\u00e5b\u00f6rjas p\u00e5 hydraulcylindern, se till att systemet \u00e4r tryckl\u00f6st. St\u00e4ng av str\u00f6mf\u00f6rs\u00f6rjningen och avlasta eventuellt kvarvarande tryck genom att aktivera tryckavlastningsventilen eller k\u00f6ra systemet till sin maximala ut- eller indragningspunkt.<\/li>\n<li><strong>Placera cylindern:<\/strong> Placera hydraulcylindern i en position d\u00e4r luftbubblor l\u00e4tt kan stiga till den h\u00f6gsta punkten. Detta inneb\u00e4r vanligtvis att cylindern ska vara vertikal med st\u00e5ngen pekande upp\u00e5t.<\/li>\n<li><strong>Ta bort kopplingen:<\/strong> Lokalisera kopplingen som ansluter hydraulledningen till cylindern. Anv\u00e4nd l\u00e4mpliga verktyg f\u00f6r att koppla bort och ta bort kopplingen. Var beredd p\u00e5 att hydraulv\u00e4tska kan l\u00e4cka ut under denna process, s\u00e5 ha en beh\u00e5llare eller trasor redo f\u00f6r att f\u00e5nga upp eventuella spill.<\/li>\n<li><strong>Lyft cylindern:<\/strong> Om m\u00f6jligt, h\u00f6j cylindern till sitt maximala utf\u00e4llningsl\u00e4ge. Detta hj\u00e4lper till att minimera m\u00e4ngden luft som \u00e4r inst\u00e4ngd inuti cylindern.<\/li>\n<li><strong>Tryck p\u00e5 cylindern:<\/strong> Knacka l\u00e4tt p\u00e5 sidorna av cylindern med en gummiklubba eller en mjuk hammare. Detta hj\u00e4lper till att f\u00e5 bort eventuella luftbubblor som kan ha fastnat inuti cylindern. B\u00f6rja underifr\u00e5n och arbeta dig upp\u00e5t, knacka runt cylinderns omkrets.<\/li>\n<li><strong>Cykla cylindern:<\/strong> Man\u00f6vrera hydraulsystemet f\u00f6r att cykla cylindern n\u00e5gra g\u00e5nger. Dra ut och in cylindern helt, s\u00e5 att hydraulv\u00e4tskan kan fl\u00f6da igenom och eventuellt trycka ut eventuella luftbubblor. Upprepa denna process flera g\u00e5nger f\u00f6r att s\u00e4kerst\u00e4lla noggrann luftning.<\/li>\n<li><strong>\u00c5teranslut kopplingen:<\/strong> N\u00e4r du har cyklat cylindern och k\u00e4nner att det mesta av luften har t\u00f6mts ut, anslut kopplingen till hydraulledningen igen. Se till att den \u00e4r ordentligt \u00e5tdragen men inte f\u00f6r h\u00e5rt, eftersom det kan skada kopplingen eller orsaka l\u00e4ckage.<\/li>\n<li><strong>Testa cylindern:<\/strong> Efter att cylindern har luftats, testa dess funktion genom att dra ut och in den helt. \u00d6vervaka cylindern f\u00f6r tecken p\u00e5 luftbubblor eller onormalt beteende. Om du m\u00e4rker n\u00e5gra problem, upprepa luftningsprocessen eller s\u00f6k hj\u00e4lp fr\u00e5n en hydraulikexpert.<\/li>\n<\/ol>\n<h2><strong>Fabrikens kapacitet och kapacitet:<\/strong><\/h2>\n<h3>(1) Montering<\/h3>\n<p>Vi har en f\u00f6rstklassig oberoende forsknings- och utvecklingsplattform. Verkstaden f\u00f6r tillverkning av hydraulcylindrar har fyra halvautomatiska monteringslinjer f\u00f6r lyftcylindrar och en automatisk monteringslinje f\u00f6r tiltcylindrar, med en planerad \u00e5rlig produktionskapacitet p\u00e5 1 miljon enheter. Specialcylinderverkstaden \u00e4r utrustad med olika specifikationer f\u00f6r ett halvautomatiskt reng\u00f6ringsmonteringssystem med en planerad \u00e5rlig produktionskapacitet p\u00e5 200 000 och utrustad med k\u00e4nd CNC-bearbetningsutrustning, ett fleroperationscenter, en specialutrustning f\u00f6r h\u00f6gprecisionscylindrar, en robotsvetsmaskin, en automatisk reng\u00f6ringsmaskin, en automatisk cylindermonteringsmaskin och en automatisk produktionslinje f\u00f6r m\u00e5lning. Befintlig kritisk utrustning p\u00e5 mer \u00e4n 300 set (set). Optimal allokering och effektiv anv\u00e4ndning av utrustningsresurser s\u00e4kerst\u00e4ller produkternas noggrannhetskrav och uppfyller produkternas h\u00f6ga kvalitetsbehov.<\/p>\n<p><img loading=\"lazy\" decoding=\"async\" class=\"alignnone wp-image-626\" src=\"https:\/\/hydraulic-cylinders.net\/wp-content\/uploads\/2023\/08\/hydraulic-cylinder-product-1-300x158.webp\" alt=\"\" width=\"495\" height=\"260\" srcset=\"https:\/\/hydraulic-cylinders.net\/wp-content\/uploads\/2023\/08\/hydraulic-cylinder-product-1-300x158.webp 495w, https:\/\/hydraulic-cylinders.net\/wp-content\/uploads\/2023\/08\/hydraulic-cylinder-product-1-480x252.webp 480w\" sizes=\"(min-width: 0px) and (max-width: 480px) 480px, (min-width: 481px) 495px, 100vw\" \/> <img loading=\"lazy\" decoding=\"async\" class=\"alignnone wp-image-627\" src=\"https:\/\/hydraulic-cylinders.net\/wp-content\/uploads\/2023\/08\/hydraulic-cylinder-product-2-300x189.webp\" alt=\"\" width=\"413\" height=\"260\" \/><\/p>\n<h3>(2) Maskinbearbetning<\/h3>\n<p>Bearbetningsverkstaden \u00e4r utrustad med en specialanpassad svarvcentral f\u00f6r lutande r\u00e4ls, bearbetningscenter, h\u00f6ghastighetsh\u00f6nsmaskin, svetsrobot och annan relaterad utrustning, som kan hantera bearbetning av cylinderr\u00f6r med en maximal innerdiameter p\u00e5 400 mm och en maximal l\u00e4ngd p\u00e5 6 meter.<\/p>\n<p><img loading=\"lazy\" decoding=\"async\" class=\"alignnone wp-image-628 size-large\" src=\"https:\/\/hydraulic-cylinders.net\/wp-content\/uploads\/2023\/08\/hydraulic-cylinder-product-3-1024x391.webp\" alt=\"\" width=\"1024\" height=\"391\" srcset=\"https:\/\/hydraulic-cylinders.net\/wp-content\/uploads\/2023\/08\/hydraulic-cylinder-product-3-980x374.webp 980w, https:\/\/hydraulic-cylinders.net\/wp-content\/uploads\/2023\/08\/hydraulic-cylinder-product-3-480x183.webp 480w\" sizes=\"(min-width: 0px) and (max-width: 480px) 480px, (min-width: 481px) and (max-width: 980px) 980px, (min-width: 981px) 1024px, 100vw\" \/><\/p>\n<h3>(3) Svetsning<\/h3>\n<p><img loading=\"lazy\" decoding=\"async\" class=\"alignnone wp-image-629 size-large\" src=\"https:\/\/hydraulic-cylinders.net\/wp-content\/uploads\/2023\/08\/hydraulic-cylinder-product-4-1024x510.webp\" alt=\"\" width=\"1024\" height=\"510\" srcset=\"https:\/\/hydraulic-cylinders.net\/wp-content\/uploads\/2023\/08\/hydraulic-cylinder-product-4-980x488.webp 980w, https:\/\/hydraulic-cylinders.net\/wp-content\/uploads\/2023\/08\/hydraulic-cylinder-product-4-480x239.webp 480w\" sizes=\"(min-width: 0px) and (max-width: 480px) 480px, (min-width: 481px) and (max-width: 980px) 980px, (min-width: 981px) 1024px, 100vw\" \/><\/p>\n<h3>(4) M\u00e5lning och ytbehandling<\/h3>\n<p>Med sm\u00e5 och medelstora cylindriska automatiska vattenbaserade f\u00e4rgbel\u00e4ggningslinjer, f\u00f6r att uppn\u00e5 automatisk robotlastning och lossning samt automatisk sprutning, \u00e4r den designade kapaciteten 4000 stycken per skift;<br \/>\nVi har \u00e4ven en halvautomatisk f\u00e4rgproduktionslinje f\u00f6r stora cylindrar som drivs av en sl\u00e4pkedja, med en designkapacitet p\u00e5 60 l\u00e5dor per skift.<\/p>\n<p><img loading=\"lazy\" decoding=\"async\" class=\"alignnone wp-image-630\" src=\"https:\/\/hydraulic-cylinders.net\/wp-content\/uploads\/2023\/08\/hydraulic-cylinder-product-5-300x213.webp\" alt=\"\" width=\"366\" height=\"260\" \/> <img loading=\"lazy\" decoding=\"async\" class=\"alignnone wp-image-631\" src=\"https:\/\/hydraulic-cylinders.net\/wp-content\/uploads\/2023\/08\/hydraulic-cylinder-product-6-300x225.webp\" alt=\"\" width=\"347\" height=\"260\" \/><\/p>\n<h3>(5) Testning<\/h3>\n<p>Vi har f\u00f6rstklassiga inspektionsanl\u00e4ggningar och testb\u00e4ddar f\u00f6r att s\u00e4kerst\u00e4lla att cylinderns prestanda uppfyller kraven.<\/p>\n<p><img loading=\"lazy\" decoding=\"async\" class=\"alignnone wp-image-632\" src=\"https:\/\/hydraulic-cylinders.net\/wp-content\/uploads\/2023\/08\/hydraulic-cylinder-product-8-300x200.webp\" alt=\"\" width=\"389\" height=\"260\" \/><\/p>\n<p>&nbsp;<\/p>\n<p>&nbsp;<\/p>\n<p>Vi \u00e4r en av de b\u00e4sta tillverkarna av hydraulcylindrar. Vi kan erbjuda ett helt\u00e4ckande utbud av hydraulcylindrar. Vi tillhandah\u00e5ller \u00e4ven motsvarande <a href=\"https:\/\/hzpt.com\/agricultural-pto-gearbox\/\" target=\"_blank\" rel=\"noopener\">jordbruksv\u00e4xell\u00e5dor<\/a>Vi har exporterat v\u00e5ra produkter till kunder \u00f6ver hela v\u00e4rlden och f\u00e5tt ett gott rykte tack vare v\u00e5r \u00f6verl\u00e4gsna produktkvalitet och kundservice. Vi v\u00e4lkomnar kunder b\u00e5de hemma och utomlands att kontakta oss f\u00f6r att f\u00f6rhandla aff\u00e4rer, utbyta information och <a href=\"https:\/\/www.hydraulic-cylinders.net\/sv\/contact-us\/\">samarbeta med oss<\/a>!<\/p>\n<p>&nbsp;<\/p>","protected":false},"excerpt":{"rendered":"<p>V30D Series Axial Piston Variable Displacement Hydraulic Pump The V30D series axial piston variable displacement hydraulic pump is a state-of-the-art solution designed to deliver exceptional performance and efficiency in various hydraulic applications. With its advanced engineering, versatile design, and precise control, this hydraulic pump is a game-changer in the industry. The V30D series axial piston [&hellip;]<\/p>","protected":false},"featured_media":1975,"comment_status":"open","ping_status":"closed","template":"","meta":{"_et_pb_use_builder":"","_et_pb_old_content":"","_et_gb_content_width":""},"product_brand":[],"product_cat":[1425],"product_tag":[1426],"class_list":{"0":"post-1963","1":"product","2":"type-product","3":"status-publish","4":"has-post-thumbnail","6":"product_cat-piston-pump","7":"product_tag-hydraulic-pump","9":"first","10":"instock","11":"shipping-taxable","12":"product-type-simple"},"amp_enabled":true,"_links":{"self":[{"href":"https:\/\/www.hydraulic-cylinders.net\/sv\/wp-json\/wp\/v2\/product\/1963","targetHints":{"allow":["GET"]}}],"collection":[{"href":"https:\/\/www.hydraulic-cylinders.net\/sv\/wp-json\/wp\/v2\/product"}],"about":[{"href":"https:\/\/www.hydraulic-cylinders.net\/sv\/wp-json\/wp\/v2\/types\/product"}],"replies":[{"embeddable":true,"href":"https:\/\/www.hydraulic-cylinders.net\/sv\/wp-json\/wp\/v2\/comments?post=1963"}],"wp:featuredmedia":[{"embeddable":true,"href":"https:\/\/www.hydraulic-cylinders.net\/sv\/wp-json\/wp\/v2\/media\/1975"}],"wp:attachment":[{"href":"https:\/\/www.hydraulic-cylinders.net\/sv\/wp-json\/wp\/v2\/media?parent=1963"}],"wp:term":[{"taxonomy":"product_brand","embeddable":true,"href":"https:\/\/www.hydraulic-cylinders.net\/sv\/wp-json\/wp\/v2\/product_brand?post=1963"},{"taxonomy":"product_cat","embeddable":true,"href":"https:\/\/www.hydraulic-cylinders.net\/sv\/wp-json\/wp\/v2\/product_cat?post=1963"},{"taxonomy":"product_tag","embeddable":true,"href":"https:\/\/www.hydraulic-cylinders.net\/sv\/wp-json\/wp\/v2\/product_tag?post=1963"}],"curies":[{"name":"wp","href":"https:\/\/api.w.org\/{rel}","templated":true}]}}