{"id":1964,"date":"2023-10-23T06:46:13","date_gmt":"2023-10-23T06:46:13","guid":{"rendered":"https:\/\/hydraulic-cylinders.net\/?post_type=product&#038;p=1964"},"modified":"2023-10-23T06:46:14","modified_gmt":"2023-10-23T06:46:14","slug":"v30e-series-axial-piston-variable-displacement-hydraulic-pump","status":"publish","type":"product","link":"https:\/\/www.hydraulic-cylinders.net\/sv\/produkt\/v30e-series-axial-piston-variable-displacement-hydraulic-pump\/","title":{"rendered":"V30E-serien axialkolvshydraulpump med variabelt slagvolym"},"content":{"rendered":"<h1 style=\"text-align: center;\"><strong>V30E-serien axialkolvshydraulpump med variabelt slagvolym<\/strong><\/h1>\n<p><img loading=\"lazy\" decoding=\"async\" class=\"aligncenter wp-image-1977\" src=\"https:\/\/hydraulic-cylinders.net\/wp-content\/uploads\/2023\/10\/v30e-series-axial-piston-variable-displacement-pump-1-300x300.webp\" alt=\"\" width=\"400\" height=\"400\" \/><\/p>\n<p>V30E-seriens hydraulpump med variabelt slagvolym och axialkolv \u00e4r en exceptionell l\u00f6sning utformad f\u00f6r att h\u00f6ja prestandan och effektiviteten hos hydrauliska system. Med sina avancerade funktioner, exakta styrning och robusta konstruktion s\u00e4tter denna hydraulpump en ny standard i branschen.<\/p>\n<p>V30E-seriens hydraulpump med variabelt deplacement och axialkolv \u00e4r banbrytande inom hydraulsystem. Dess variabla deplacementkapacitet, h\u00f6ga prestanda och m\u00e5ngsidiga design erbjuder exakt kontroll, f\u00f6rb\u00e4ttrad effektivitet och exceptionell kraftleverans. Genom att f\u00f6lja de rekommenderade anv\u00e4ndningsmetoderna och regelbundna underh\u00e5llspraxis kommer V30E-seriens pump att forts\u00e4tta leverera enast\u00e5ende prestanda, effektivitet och tillf\u00f6rlitlighet. Omfamna kraften och effektiviteten hos V30E-seriens hydraulpump med variabelt deplacement och axialkolv f\u00f6r att frig\u00f6ra hela potentialen i ditt hydraulsystem.<\/p>\n<p>V30E-serien axialkolvshydraulpump med variabelt slagvolym, viktiga egenskaper:<\/p>\n<ul>\n<li>Variabel slagvolym: Pumpen i V30E-serien har avancerad teknik f\u00f6r variabel slagvolym, vilket g\u00f6r att den kan justera sin effekt efter systemets behov. Denna funktion s\u00e4kerst\u00e4ller optimal energianv\u00e4ndning, f\u00f6rb\u00e4ttrar effektiviteten och minskar str\u00f6mf\u00f6rbrukningen.<\/li>\n<li>H\u00f6g prestanda och kraft: Med sin exceptionella design och konstruktion levererar pumpen i V30E-serien enast\u00e5ende prestanda och kraft. Den fungerar s\u00f6ml\u00f6st \u00f6ver olika tryck och hastigheter, vilket ger exakt styrning och effektiv kraftleverans f\u00f6r \u00f6verl\u00e4gsen systemprestanda.<\/li>\n<li>M\u00e5ngsidig design f\u00f6r olika till\u00e4mpningar: Pumpen i V30E-serien \u00e4r konstruerad f\u00f6r att anpassa sig till olika hydrauliska system och till\u00e4mpningar. Den erbjuder m\u00e5ngsidighet i monteringsalternativ, v\u00e4tskekompatibilitet och styrmetoder, vilket g\u00f6r den l\u00e4mplig f\u00f6r olika industrier och maskiner.<\/li>\n<li>Effektivitet vid alla belastningar: Den variabla deplacementfunktionen hos V30E-seriens pump s\u00e4kerst\u00e4ller effektivitet \u00f6ver ett brett belastningsomr\u00e5de. Den minimerar energif\u00f6rluster och produktivitet, \u00e4ven under varierande driftsf\u00f6rh\u00e5llanden genom att automatiskt justera effekten f\u00f6r att matcha systemets krav.<\/li>\n<\/ul>\n<h2><strong>V30E-serien axialkolvs hydraulpump med variabel slagvolym Parameter:<\/strong><\/h2>\n<table class=\"table table-bordered table-hover table-colored\">\n<tbody>\n<tr class=\"firstRow\">\n<td colspan=\"1\" rowspan=\"2\" align=\"center\" valign=\"middle\">Storlek<\/td>\n<td rowspan=\"2\" align=\"center\" valign=\"middle\">Slagvolym cc\/varv<\/td>\n<td colspan=\"2\" rowspan=\"1\" align=\"center\" valign=\"middle\">Tryckst\u00e5ng<\/td>\n<td colspan=\"2\" rowspan=\"1\" align=\"center\" valign=\"middle\">Rotationshastighet r\/min<\/td>\n<\/tr>\n<tr>\n<td align=\"center\" valign=\"middle\">Betygsatt<\/td>\n<td align=\"center\" valign=\"middle\">Topp<\/td>\n<td align=\"center\" valign=\"middle\">Max f\u00f6r sj\u00e4lvsugande<sup>*1<\/sup><\/td>\n<td align=\"center\" valign=\"middle\">Max<sup>*2<\/sup><\/td>\n<\/tr>\n<tr>\n<td align=\"center\" valign=\"middle\">V30E75<\/td>\n<td align=\"center\" valign=\"middle\">75<\/td>\n<td align=\"center\" valign=\"middle\">400<\/td>\n<td align=\"center\" valign=\"middle\">450<\/td>\n<td align=\"center\" valign=\"middle\">2800<\/td>\n<td align=\"center\" valign=\"middle\">3000<\/td>\n<\/tr>\n<tr>\n<td align=\"center\" valign=\"middle\">V30E95<\/td>\n<td align=\"center\" valign=\"middle\">98<\/td>\n<td align=\"center\" valign=\"middle\">350<\/td>\n<td align=\"center\" valign=\"middle\">420<\/td>\n<td align=\"center\" valign=\"middle\">2500<\/td>\n<td align=\"center\" valign=\"middle\">2900<\/td>\n<\/tr>\n<tr>\n<td align=\"center\" valign=\"middle\">\u00a0V30E160<\/td>\n<td align=\"center\" valign=\"middle\">160<\/td>\n<td align=\"center\" valign=\"middle\">350<\/td>\n<td align=\"center\" valign=\"middle\">420<\/td>\n<td align=\"center\" valign=\"middle\">2100<\/td>\n<td align=\"center\" valign=\"middle\">2500<\/td>\n<\/tr>\n<tr>\n<td align=\"center\" valign=\"middle\">\u00a0V30E270<\/td>\n<td align=\"center\" valign=\"middle\">270<\/td>\n<td align=\"center\" valign=\"middle\">350<\/td>\n<td align=\"center\" valign=\"middle\">420<\/td>\n<td align=\"center\" valign=\"middle\">1800<\/td>\n<td align=\"center\" valign=\"middle\">2000<\/td>\n<\/tr>\n<tr>\n<td align=\"center\" valign=\"middle\">\u00a0V30E280<\/td>\n<td align=\"center\" valign=\"middle\">280<\/td>\n<td align=\"center\" valign=\"middle\">350<\/td>\n<td align=\"center\" valign=\"middle\">420<\/td>\n<td align=\"center\" valign=\"middle\">2300<\/td>\n<td align=\"center\" valign=\"middle\">2300<\/td>\n<\/tr>\n<\/tbody>\n<\/table>\n<h2><strong>F\u00f6rdelar med V30E-seriens axialkolvshydrauliska pumpar med variabel slagvolym:<\/strong><\/h2>\n<p>\u2022 Anv\u00e4nds i hydrauliska system med \u00f6ppen krets<br \/>\n\u2022 L\u00e5gt ljud<br \/>\n\u2022 Flera styrmoduler<br \/>\n\u2022 Stark struktur<br \/>\n\u2022 Kompakt struktur, h\u00f6g effektt\u00e4thet<br \/>\n\u2022 L\u00e5ng livsl\u00e4ngd<\/p>\n<h2><strong>V30E-serien axialkolvshydraulpump med variabelt slagvolym <\/strong><strong>Ans\u00f6kan:<\/strong><\/h2>\n<p><img loading=\"lazy\" decoding=\"async\" class=\"alignnone wp-image-1976 size-full\" src=\"https:\/\/hydraulic-cylinders.net\/wp-content\/uploads\/2023\/10\/v30d-series-axial-piston-variable-displacement-pump-2.webp\" alt=\"\" width=\"1144\" height=\"394\" srcset=\"https:\/\/hydraulic-cylinders.net\/wp-content\/uploads\/2023\/10\/v30d-series-axial-piston-variable-displacement-pump-2.webp 1144w, https:\/\/hydraulic-cylinders.net\/wp-content\/uploads\/2023\/10\/v30d-series-axial-piston-variable-displacement-pump-2-980x338.webp 980w, https:\/\/hydraulic-cylinders.net\/wp-content\/uploads\/2023\/10\/v30d-series-axial-piston-variable-displacement-pump-2-480x165.webp 480w\" sizes=\"(min-width: 0px) and (max-width: 480px) 480px, (min-width: 481px) and (max-width: 980px) 980px, (min-width: 981px) 1144px, 100vw\" \/><\/p>\n<h2><strong>Anv\u00e4ndningsmetod f\u00f6r V30E-serien axialkolvs hydraulpump med variabel deplacement<\/strong><strong>:<\/strong><\/h2>\n<ul>\n<li><strong>Installation och integration:<\/strong> V\u00e4lj en l\u00e4mplig plats i hydraulsystemet f\u00f6r att installera V30E-seriens axialkolvshydraulpump med variabelt deplacement. S\u00e4kerst\u00e4ll korrekt uppriktning och montera pumpen ordentligt med l\u00e4mpliga f\u00e4sten eller tillbeh\u00f6r. Anslut pumpen till hydraulsystemet med kompatibla kopplingar och slangar och s\u00e4kerst\u00e4ll l\u00e4ckagefria anslutningar.<\/li>\n<li><strong>V\u00e4tskekompatibilitet:<\/strong> Kontrollera att hydraulv\u00e4tskan som anv\u00e4nds i systemet \u00e4r kompatibel med V30E-seriens pump. Se tillverkarens rekommenderade v\u00e4tsketyp, viskositet och temperaturomr\u00e5de. \u00d6vervaka och underh\u00e5ll hydraulv\u00e4tskan regelbundet f\u00f6r att s\u00e4kerst\u00e4lla optimal pumpdrift och livsl\u00e4ngd.<\/li>\n<li><strong>Kontroll och justering:<\/strong> Bekanta dig med de styralternativ som finns med V30E-seriens pump. Beroende p\u00e5 den specifika modellen kan den erbjuda olika styrmetoder, s\u00e5som manuell, proportionell eller elektronisk styrning. F\u00f6rst\u00e5 de rekommenderade styrinst\u00e4llningarna och justera dem d\u00e4refter f\u00f6r att optimera pumpens prestanda.<\/li>\n<li><strong>Systemoptimering:<\/strong> V30E-seriens pump m\u00f6jligg\u00f6r systemoptimering genom att justera pumpens deplacement f\u00f6r att matcha belastningskraven. Dra nytta av denna funktion f\u00f6r att maximera energieffektiviteten och systemets totala prestanda.<\/li>\n<\/ul>\n<h2><strong>Hur man demonterar en hydraulcylinder?<\/strong><\/h2>\n<p>Demontering av en hydraulcylinder kr\u00e4ver noggrann hantering och kunskap om cylinderns komponenter. H\u00e4r \u00e4r en allm\u00e4n guide som hj\u00e4lper dig att demontera en hydraulcylinder:<\/p>\n<ol>\n<li><strong>S\u00e4kerhet f\u00f6rst:<\/strong> Innan demonteringsprocessen p\u00e5b\u00f6rjas, se till att hydraulsystemet \u00e4r tryckl\u00f6st och att hydraulv\u00e4tskan \u00e4r helt dr\u00e4nerad. Anv\u00e4nd l\u00e4mplig personlig skyddsutrustning, s\u00e5som handskar och skyddsglas\u00f6gon, f\u00f6r att skydda dig mot potentiella faror.<\/li>\n<li><strong>Samla verktyg och utrustning:<\/strong> F\u00f6rbered n\u00f6dv\u00e4ndiga verktyg och utrustning f\u00f6r demontering. Detta kan inkludera skiftnycklar, hylsor, t\u00e4nger, en gummiklubba, ett brytj\u00e4rn och en ren arbetsyta.<\/li>\n<li><strong>Cylinderf\u00f6rberedelse:<\/strong> Ta bort alla externa tillbeh\u00f6r fr\u00e5n hydraulcylindern, s\u00e5som monteringsf\u00e4sten eller slangar. Reng\u00f6r cylinderns utsida f\u00f6r att f\u00f6rhindra att smuts eller skr\u00e4p tr\u00e4nger in under demonteringen.<\/li>\n<li><strong>Koppla bort hydrauliska ledningar:<\/strong> Identifiera de hydrauliska ledningar som \u00e4r anslutna till cylindern. Anv\u00e4nd l\u00e4mpliga verktyg f\u00f6r att koppla bort kopplingarna eller kopplingarna och se till att du samlar upp eventuell kvarvarande hydraulv\u00e4tska i en l\u00e4mplig beh\u00e5llare.<\/li>\n<li><strong>Ta bort \u00e4ndk\u00e5por och f\u00e4stbultar:<\/strong> Lokalisera \u00e4ndk\u00e5porna p\u00e5 cylindern. Dessa \u00e4r vanligtvis f\u00e4sta med f\u00e4stbultar eller skruvar. Ta bort f\u00e4stbultarna f\u00f6r att lossa \u00e4ndk\u00e5porna med l\u00e4mpliga verktyg.<\/li>\n<li><strong>Utl\u00f6sningskolv och st\u00e5ng:<\/strong> N\u00e4r \u00e4ndk\u00e5porna \u00e4r borttagna ska kolv- och st\u00e5ngenheten vara \u00e5tkomlig. Knacka p\u00e5 st\u00e5ngen med en gummiklubba f\u00f6r att lossa den fr\u00e5n cylindern. Dra l\u00e5ngsamt ut kolv- och st\u00e5ngenheten ur cylinderloppet. Observera eventuella t\u00e4tningar eller lager som kan medf\u00f6lja.<\/li>\n<li><strong>Inspektera och byt ut komponenter:<\/strong> N\u00e4r cylindern \u00e4r demonterad, kontrollera noggrant varje komponent f\u00f6r slitage, skador eller l\u00e4ckor. Byt ut alla slitna eller skadade t\u00e4tningar, lager eller andra detaljer. Reng\u00f6r alla delar noggrant med ett l\u00e4mpligt l\u00f6sningsmedel.<\/li>\n<li><strong>\u00c5termontering:<\/strong> F\u00f6r att montera tillbaka hydraulcylindern, f\u00f6lj demonteringsordningen i omv\u00e4nd ordning. Sm\u00f6rj t\u00e4tningarna och komponenterna med hydraulv\u00e4tska f\u00f6r att s\u00e4kerst\u00e4lla smidig montering. Var noga med att justera kolv- och st\u00e5ngenheten korrekt i cylinderloppet. F\u00e4st \u00e4ndk\u00e5porna med f\u00e4stbultarna och se till att \u00e5tdragningsmomentet \u00e4r korrekt.<\/li>\n<li><strong>Testa och installera om:<\/strong> Efter \u00e5termontering, inspektera cylindern noggrant f\u00f6r att s\u00e4kerst\u00e4lla att alla komponenter \u00e4r korrekt monterade. \u00c5teranslut hydraulledningarna och trycks\u00e4tt systemet gradvis. Kontrollera eventuella l\u00e4ckor eller onormala funktioner. Om allt fungerar korrekt, montera tillbaka hydraulcylindern p\u00e5 sin avsedda plats.<\/li>\n<\/ol>\n<h2><strong>Fabrikens kapacitet och kapacitet:<\/strong><\/h2>\n<h3>(1) Montering<\/h3>\n<p>Vi har en f\u00f6rstklassig oberoende forsknings- och utvecklingsplattform. Verkstaden f\u00f6r tillverkning av hydraulcylindrar har fyra halvautomatiska monteringslinjer f\u00f6r lyftcylindrar och en automatisk monteringslinje f\u00f6r tiltcylindrar, med en planerad \u00e5rlig produktionskapacitet p\u00e5 1 miljon enheter. Specialcylinderverkstaden \u00e4r utrustad med olika specifikationer f\u00f6r ett halvautomatiskt reng\u00f6ringsmonteringssystem med en planerad \u00e5rlig produktionskapacitet p\u00e5 200 000 och utrustad med k\u00e4nd CNC-bearbetningsutrustning, ett fleroperationscenter, en specialutrustning f\u00f6r h\u00f6gprecisionscylindrar, en robotsvetsmaskin, en automatisk reng\u00f6ringsmaskin, en automatisk cylindermonteringsmaskin och en automatisk produktionslinje f\u00f6r m\u00e5lning. Befintlig kritisk utrustning p\u00e5 mer \u00e4n 300 set (set). Optimal allokering och effektiv anv\u00e4ndning av utrustningsresurser s\u00e4kerst\u00e4ller produkternas noggrannhetskrav och uppfyller produkternas h\u00f6ga kvalitetsbehov.<\/p>\n<p><img loading=\"lazy\" decoding=\"async\" class=\"alignnone wp-image-626\" src=\"https:\/\/hydraulic-cylinders.net\/wp-content\/uploads\/2023\/08\/hydraulic-cylinder-product-1-300x158.webp\" alt=\"\" width=\"495\" height=\"260\" srcset=\"https:\/\/hydraulic-cylinders.net\/wp-content\/uploads\/2023\/08\/hydraulic-cylinder-product-1-300x158.webp 495w, https:\/\/hydraulic-cylinders.net\/wp-content\/uploads\/2023\/08\/hydraulic-cylinder-product-1-480x252.webp 480w\" sizes=\"(min-width: 0px) and (max-width: 480px) 480px, (min-width: 481px) 495px, 100vw\" \/> <img loading=\"lazy\" decoding=\"async\" class=\"alignnone wp-image-627\" src=\"https:\/\/hydraulic-cylinders.net\/wp-content\/uploads\/2023\/08\/hydraulic-cylinder-product-2-300x189.webp\" alt=\"\" width=\"413\" height=\"260\" \/><\/p>\n<h3>(2) Maskinbearbetning<\/h3>\n<p>Bearbetningsverkstaden \u00e4r utrustad med en specialanpassad svarvcentral f\u00f6r lutande r\u00e4ls, bearbetningscenter, h\u00f6ghastighetsh\u00f6nsmaskin, svetsrobot och annan relaterad utrustning, som kan hantera bearbetning av cylinderr\u00f6r med en maximal innerdiameter p\u00e5 400 mm och en maximal l\u00e4ngd p\u00e5 6 meter.<\/p>\n<p><img loading=\"lazy\" decoding=\"async\" class=\"alignnone wp-image-628 size-large\" src=\"https:\/\/hydraulic-cylinders.net\/wp-content\/uploads\/2023\/08\/hydraulic-cylinder-product-3-1024x391.webp\" alt=\"\" width=\"1024\" height=\"391\" srcset=\"https:\/\/hydraulic-cylinders.net\/wp-content\/uploads\/2023\/08\/hydraulic-cylinder-product-3-980x374.webp 980w, https:\/\/hydraulic-cylinders.net\/wp-content\/uploads\/2023\/08\/hydraulic-cylinder-product-3-480x183.webp 480w\" sizes=\"(min-width: 0px) and (max-width: 480px) 480px, (min-width: 481px) and (max-width: 980px) 980px, (min-width: 981px) 1024px, 100vw\" \/><\/p>\n<h3>(3) Svetsning<\/h3>\n<p><img loading=\"lazy\" decoding=\"async\" class=\"alignnone wp-image-629 size-large\" src=\"https:\/\/hydraulic-cylinders.net\/wp-content\/uploads\/2023\/08\/hydraulic-cylinder-product-4-1024x510.webp\" alt=\"\" width=\"1024\" height=\"510\" srcset=\"https:\/\/hydraulic-cylinders.net\/wp-content\/uploads\/2023\/08\/hydraulic-cylinder-product-4-980x488.webp 980w, https:\/\/hydraulic-cylinders.net\/wp-content\/uploads\/2023\/08\/hydraulic-cylinder-product-4-480x239.webp 480w\" sizes=\"(min-width: 0px) and (max-width: 480px) 480px, (min-width: 481px) and (max-width: 980px) 980px, (min-width: 981px) 1024px, 100vw\" \/><\/p>\n<h3>(4) M\u00e5lning och ytbehandling<\/h3>\n<p>Med sm\u00e5 och medelstora cylindriska automatiska vattenbaserade f\u00e4rgbel\u00e4ggningslinjer, f\u00f6r att uppn\u00e5 automatisk robotlastning och lossning samt automatisk sprutning, \u00e4r den designade kapaciteten 4000 stycken per skift;<br \/>\nVi har \u00e4ven en halvautomatisk f\u00e4rgproduktionslinje f\u00f6r stora cylindrar som drivs av en sl\u00e4pkedja, med en designkapacitet p\u00e5 60 l\u00e5dor per skift.<\/p>\n<p><img loading=\"lazy\" decoding=\"async\" class=\"alignnone wp-image-630\" src=\"https:\/\/hydraulic-cylinders.net\/wp-content\/uploads\/2023\/08\/hydraulic-cylinder-product-5-300x213.webp\" alt=\"\" width=\"366\" height=\"260\" \/> <img loading=\"lazy\" decoding=\"async\" class=\"alignnone wp-image-631\" src=\"https:\/\/hydraulic-cylinders.net\/wp-content\/uploads\/2023\/08\/hydraulic-cylinder-product-6-300x225.webp\" alt=\"\" width=\"347\" height=\"260\" \/><\/p>\n<h3>(5) Testning<\/h3>\n<p>Vi har f\u00f6rstklassiga inspektionsanl\u00e4ggningar och testb\u00e4ddar f\u00f6r att s\u00e4kerst\u00e4lla att cylinderns prestanda uppfyller kraven.<\/p>\n<p><img loading=\"lazy\" decoding=\"async\" class=\"alignnone wp-image-632\" src=\"https:\/\/hydraulic-cylinders.net\/wp-content\/uploads\/2023\/08\/hydraulic-cylinder-product-8-300x200.webp\" alt=\"\" width=\"389\" height=\"260\" \/><\/p>\n<p>&nbsp;<\/p>\n<p>&nbsp;<\/p>\n<p>Vi \u00e4r en av de b\u00e4sta tillverkarna av hydraulcylindrar. Vi kan erbjuda ett helt\u00e4ckande utbud av hydraulcylindrar. Vi tillhandah\u00e5ller \u00e4ven motsvarande <a href=\"https:\/\/hzpt.com\/agricultural-pto-gearbox\/\" target=\"_blank\" rel=\"noopener\">jordbruksv\u00e4xell\u00e5dor<\/a>Vi har exporterat v\u00e5ra produkter till kunder \u00f6ver hela v\u00e4rlden och f\u00e5tt ett gott rykte tack vare v\u00e5r \u00f6verl\u00e4gsna produktkvalitet och kundservice. Vi v\u00e4lkomnar kunder b\u00e5de hemma och utomlands att kontakta oss f\u00f6r att f\u00f6rhandla aff\u00e4rer, utbyta information och <a href=\"https:\/\/www.hydraulic-cylinders.net\/sv\/contact-us\/\">samarbeta med oss<\/a>!<\/p>\n<p>&nbsp;<\/p>","protected":false},"excerpt":{"rendered":"<p>V30E Series Axial Piston Variable Displacement Hydraulic Pump The V30E series axial piston variable displacement hydraulic pump is an exceptional solution designed to elevate the performance and efficiency of hydraulic systems. With its advanced features, precise control, and robust construction, this hydraulic pump sets a new standard in the industry. The V30E series axial piston [&hellip;]<\/p>","protected":false},"featured_media":1978,"comment_status":"open","ping_status":"closed","template":"","meta":{"_et_pb_use_builder":"","_et_pb_old_content":"","_et_gb_content_width":""},"product_brand":[],"product_cat":[1425],"product_tag":[1426],"class_list":{"0":"post-1964","1":"product","2":"type-product","3":"status-publish","4":"has-post-thumbnail","6":"product_cat-piston-pump","7":"product_tag-hydraulic-pump","9":"first","10":"instock","11":"shipping-taxable","12":"product-type-simple"},"amp_enabled":true,"_links":{"self":[{"href":"https:\/\/www.hydraulic-cylinders.net\/sv\/wp-json\/wp\/v2\/product\/1964","targetHints":{"allow":["GET"]}}],"collection":[{"href":"https:\/\/www.hydraulic-cylinders.net\/sv\/wp-json\/wp\/v2\/product"}],"about":[{"href":"https:\/\/www.hydraulic-cylinders.net\/sv\/wp-json\/wp\/v2\/types\/product"}],"replies":[{"embeddable":true,"href":"https:\/\/www.hydraulic-cylinders.net\/sv\/wp-json\/wp\/v2\/comments?post=1964"}],"wp:featuredmedia":[{"embeddable":true,"href":"https:\/\/www.hydraulic-cylinders.net\/sv\/wp-json\/wp\/v2\/media\/1978"}],"wp:attachment":[{"href":"https:\/\/www.hydraulic-cylinders.net\/sv\/wp-json\/wp\/v2\/media?parent=1964"}],"wp:term":[{"taxonomy":"product_brand","embeddable":true,"href":"https:\/\/www.hydraulic-cylinders.net\/sv\/wp-json\/wp\/v2\/product_brand?post=1964"},{"taxonomy":"product_cat","embeddable":true,"href":"https:\/\/www.hydraulic-cylinders.net\/sv\/wp-json\/wp\/v2\/product_cat?post=1964"},{"taxonomy":"product_tag","embeddable":true,"href":"https:\/\/www.hydraulic-cylinders.net\/sv\/wp-json\/wp\/v2\/product_tag?post=1964"}],"curies":[{"name":"wp","href":"https:\/\/api.w.org\/{rel}","templated":true}]}}