{"id":19647,"date":"2025-04-07T06:59:25","date_gmt":"2025-04-07T06:59:25","guid":{"rendered":"https:\/\/www.hydraulic-cylinders.net\/product\/boom-cylinder-for-bonny-wzy32-7\/"},"modified":"2025-04-07T06:59:28","modified_gmt":"2025-04-07T06:59:28","slug":"boom-cylinder-for-bonny-wzy32-7","status":"publish","type":"product","link":"https:\/\/www.hydraulic-cylinders.net\/sv\/produkt\/boom-cylinder-for-bonny-wzy32-7\/","title":{"rendered":"Bomcylinder f\u00f6r Bonny WZY32-7"},"content":{"rendered":"<h1>Bomcylinder f\u00f6r Bonny WZY32-7<\/h1>\n<h2>Introduktion till bomcylindrar<\/h2>\n<p>Bomcylindern, speciellt utformad f\u00f6r tunga maskiner som Bonny WZY32-7, \u00e4r en viktig komponent i hydrauliska system. Dessa cylindrar ansvarar f\u00f6r att styra skopans r\u00f6relse i olika tunga maskiner som gr\u00e4vmaskiner, gr\u00e4vlastare och frontlastare. De g\u00f6r att skopan kan lyftas, s\u00e4nkas och lutas, vilket underl\u00e4ttar materialhanteringsuppgifter effektivt.<\/p>\n<p>Bomcylindrar \u00e4r konstruerade som hydraulcylindrar och anv\u00e4nder hydraulv\u00e4tska f\u00f6r att skapa r\u00f6relse. Genom att omvandla hydraultryck till mekanisk kraft ger de den kraft som kr\u00e4vs f\u00f6r att utf\u00f6ra kr\u00e4vande operationer. Den robusta konstruktionen s\u00e4kerst\u00e4ller tillf\u00f6rlitlighet under h\u00f6ga belastningsf\u00f6rh\u00e5llanden, vilket g\u00f6r dem viktiga inom bygg, jordbruk och andra tunga till\u00e4mpningar.<\/p>\n<p><img decoding=\"async\" src=\"https:\/\/www.hydraulic-cylinders.net\/wp-content\/uploads\/2025\/04\/songte-company-1.webp\" alt=\"Bomcylinder\"><\/p>\n<h2>Viktiga funktioner hos bomcylindern<\/h2>\n<ul>\n<li>\n<h3>H\u00f6g styrka och h\u00e5llbarhet<\/h3>\n<p>Tillverkade av h\u00f6gh\u00e5llfast st\u00e5l eller aluminium, klarar dessa cylindrar h\u00f6ga tryck och tunga belastningar. Deras design tar h\u00e4nsyn till slitstyrka och korrosionsbest\u00e4ndighet, vilket avsev\u00e4rt f\u00f6rl\u00e4nger deras livsl\u00e4ngd.<\/p>\n<\/li>\n<li>\n<h3>Effektiv hydraulisk drift<\/h3>\n<p>Genom att utnyttja hydrauloljans tryck ger bomcylindrar smidig ut- och ink\u00f6rning. De reagerar snabbt p\u00e5 kontrollkommandon och levererar kraftfulla tryck- och dragkrafter som \u00e4r avg\u00f6rande f\u00f6r att hantera tunga och komplexa uppgifter.<\/p>\n<\/li>\n<li>\n<h3>Olika typer<\/h3>\n<p>Dessa cylindrar finns tillg\u00e4ngliga i enkelverkande (med hydraultryck i en riktning) eller dubbelverkande (med hydraultryck i b\u00e5da riktningarna) konfigurationer. Vissa modeller har en teleskopisk design, vilket m\u00f6jligg\u00f6r st\u00f6rre f\u00f6rl\u00e4ngning utan att \u00f6ka de yttre m\u00e5tten, perfekt f\u00f6r applikationer med begr\u00e4nsat utrymme.<\/p>\n<\/li>\n<li>\n<h3>Anpassad tillverkning<\/h3>\n<p>Vi kan tillverka den h\u00e4r produkten f\u00f6r att perfekt ers\u00e4tta befintliga hydraulcylindrar, vilket s\u00e4kerst\u00e4ller kompatibilitet och prestanda f\u00f6r olika modeller och applikationer.<\/p>\n<\/li>\n<\/ul>\n<p><img decoding=\"async\" src=\"https:\/\/www.hydraulic-cylinders.net\/wp-content\/uploads\/2025\/04\/songte-cylinder-head-with-all-kinds-excavator-models.webp\" alt=\"Bomcylinder f\u00f6r gr\u00e4vmaskiner\"><\/p>\n<h2>Anv\u00e4ndningsomr\u00e5den f\u00f6r bomcylindrar<\/h2>\n<h3>Byggutrustning<\/h3>\n<p>I gr\u00e4vmaskiner \u00e4r bomcylindrar avg\u00f6rande f\u00f6r gr\u00e4vning, lastning och f\u00f6rflyttning av jord eller skr\u00e4p. De s\u00e4kerst\u00e4ller optimal prestanda under gr\u00e4vningsarbeten, vilket m\u00f6jligg\u00f6r exakt kontroll och r\u00f6relse av skopan. I gr\u00e4vlastare hj\u00e4lper dessa cylindrar till vid b\u00e5de gr\u00e4vning och lyftning, vilket \u00f6kar maskinens m\u00e5ngsidighet.<\/p>\n<h3>Jordbruksmaskiner<\/h3>\n<p>Frontlastare anv\u00e4nder bomcylindrar f\u00f6r att effektivt skopa, lyfta och transportera jord, h\u00f6 och andra material. Hydraulkraften g\u00f6r det m\u00f6jligt f\u00f6r lantbrukare att hantera tunga laster med l\u00e4tthet, vilket f\u00f6rb\u00e4ttrar produktiviteten p\u00e5 g\u00e5rden.<\/p>\n<h3>Gr\u00e4vmaskiner<\/h3>\n<p>I gr\u00e4vmaskiner underl\u00e4ttar bomcylindern gr\u00e4vningen genom att l\u00e5ta skopan tr\u00e4nga ner i jorden. Denna f\u00f6rm\u00e5ga \u00e4r avg\u00f6rande f\u00f6r effektiv gr\u00e4vning, s\u00e4rskilt i utmanande terr\u00e4ng d\u00e4r precision kr\u00e4vs.<\/p>\n<h3>Lastare<\/h3>\n<p>Frontlastare drar nytta av bomcylindrar f\u00f6r att lyfta och dumpa laster effektivt. Den hydrauliska funktionen g\u00f6r det m\u00f6jligt f\u00f6r f\u00f6rare att hantera material med precision, vilket g\u00f6r dem till en viktig komponent i bygg- och materialhanteringsuppgifter.<\/p>\n<h2>Design\u00f6verv\u00e4ganden och urvalskriterier<\/h2>\n<h3>Lastkapacitet<\/h3>\n<p>Det \u00e4r avg\u00f6rande att f\u00f6rst\u00e5 bomcylinderns lastkapacitet f\u00f6r att s\u00e4kerst\u00e4lla att den kan hantera kraven i specifika till\u00e4mpningar. Att v\u00e4lja en cylinder med otillr\u00e4cklig lastkapacitet kan leda till fel, vilket potentiellt kan orsaka olyckor och skador p\u00e5 utrustningen.<\/p>\n<h3>T\u00e4tning<\/h3>\n<p>Effektiv t\u00e4tning \u00e4r avg\u00f6rande f\u00f6r att uppr\u00e4tth\u00e5lla hydraultrycket och f\u00f6rhindra v\u00e4tskel\u00e4ckage. Kvalitetst\u00e4tningar tillverkade av h\u00e5llbara material \u00e4r avg\u00f6rande f\u00f6r att s\u00e4kerst\u00e4lla bomcylinderns livsl\u00e4ngd och effektivitet.<\/p>\n<h3>Varaktighet<\/h3>\n<p>H\u00e5llbarhet \u00e4r en viktig faktor vid konstruktionen av bomcylindrar. De m\u00e5ste t\u00e5la tuffa arbetsf\u00f6rh\u00e5llanden, inklusive exponering f\u00f6r damm, fukt och varierande temperaturer. Att v\u00e4lja h\u00f6gkvalitativa material f\u00f6rb\u00e4ttrar den totala h\u00e5llbarheten.<\/p>\n<h3>S\u00e4kerhet<\/h3>\n<p>S\u00e4kerhetsfunktioner b\u00f6r prioriteras vid design och val av bomcylindrar. Genom att implementera s\u00e4kerhets\u00e5tg\u00e4rder som tryckavlastningsventiler kan \u00f6verbelastning och potentiella fel f\u00f6rhindras, vilket s\u00e4kerst\u00e4ller s\u00e4krare drift.<\/p>\n<h3>Underh\u00e5llbarhet<\/h3>\n<p>Slutligen \u00e4r det avg\u00f6rande att man v\u00e4ljer en bomcylinder hur enkelt det \u00e4r att underh\u00e5lla. Konstruktioner som underl\u00e4ttar enkel \u00e5tkomst f\u00f6r reparationer och rutinunderh\u00e5ll kan avsev\u00e4rt minska stillest\u00e5ndstid och driftskostnader.<\/p>\n<p><img decoding=\"async\" src=\"https:\/\/www.hydraulic-cylinders.net\/wp-content\/uploads\/2025\/04\/songte-oil-pipes-and-spare-parts.webp\" alt=\"Hydrauliska komponenter\"><\/p>\n<h2>T\u00e4tning och sm\u00f6rjning<\/h2>\n<p>Korrekt t\u00e4tning \u00e4r avg\u00f6rande f\u00f6r bomcylindrarnas prestanda. Olika t\u00e4tningar, s\u00e5som kolvt\u00e4tningar och st\u00e5ngt\u00e4tningar, anv\u00e4nds f\u00f6r att uppr\u00e4tth\u00e5lla hydraultrycket. T\u00e4tningar tillverkade av slitstarka material som polyuretan och nitrilgummi ger optimal prestanda. Dessutom genomg\u00e5r cylinderhuset och de g\u00e4ngade \u00e4ndarna finbearbetning f\u00f6r att f\u00f6rb\u00e4ttra slitstyrkan.<\/p>\n<p>Regelbunden sm\u00f6rjning \u00e4r n\u00f6dv\u00e4ndig och kr\u00e4ver regelbunden tillsats av hydraulolja. Detta underh\u00e5llssteg bidrar inte bara till smidig drift utan f\u00f6rhindrar \u00e4ven slitage p\u00e5 r\u00f6rliga delar, vilket f\u00f6rl\u00e4nger cylinderns livsl\u00e4ngd.<\/p>\n<h2>Regelbunden inspektion och f\u00f6rebyggande underh\u00e5ll<\/h2>\n<ul>\n<li>\n<h3>Rutininspektioner<\/h3>\n<p>Regelbundna inspektioner kan identifiera slitage och potentiella problem innan de eskalerar. Leta efter tecken p\u00e5 l\u00e4ckor, korrosion eller ovanliga ljud under drift.<\/p>\n<\/li>\n<li>\n<h3>Korrekt sm\u00f6rjning<\/h3>\n<p>Regelbunden sm\u00f6rjning av cylinderkomponenterna s\u00e4kerst\u00e4ller smidig drift och minimerar friktion, vilket f\u00f6rl\u00e4nger cylinderns livsl\u00e4ngd.<\/p>\n<\/li>\n<li>\n<h3>Byte av t\u00e4tning<\/h3>\n<p>Med tiden kan t\u00e4tningar slitas ut och f\u00f6rlora sin effektivitet. Regelbunden kontroll och byte av t\u00e4tningar kan bidra till att bibeh\u00e5lla hydraulisk effektivitet och f\u00f6rhindra l\u00e4ckor.<\/p>\n<\/li>\n<\/ul>\n<h2>Installationsriktlinjer<\/h2>\n<p>Korrekt installation av bomcylindern \u00e4r avg\u00f6rande f\u00f6r optimal prestanda. B\u00f6rja med att se till att alla komponenter \u00e4r rena och fria fr\u00e5n skr\u00e4p. Korrekt inriktning av cylindern \u00e4r avg\u00f6rande; felinriktning kan leda till f\u00f6r tidigt slitage. Anv\u00e4nd l\u00e4mpliga monteringsf\u00e4sten f\u00f6r att s\u00e4kra cylindern och se till att den sitter ordentligt p\u00e5 plats. F\u00f6lj tillverkarens riktlinjer f\u00f6r \u00e5tdragningsmoment vid \u00e5tdragning av bultar och anslutningar.<\/p>\n<p>Det \u00e4r viktigt att noggrant kontrollera alla hydrauliska anslutningar f\u00f6r l\u00e4ckor efter installationen. G\u00f6r en provk\u00f6rning efter installationen f\u00f6r att verifiera att cylindern fungerar smidigt utan oregelbundenheter.<\/p>\n<h2>Vanliga underh\u00e5llsuppgifter<\/h2>\n<ul>\n<li>\n<h3>Regelbundna inspektioner<\/h3>\n<p>Rutininspektioner b\u00f6r fokusera p\u00e5 t\u00e4tningarnas och hydraulsystemets skick. \u00c5tg\u00e4rda eventuella tecken p\u00e5 slitage omedelbart f\u00f6r att bibeh\u00e5lla funktionaliteten.<\/p>\n<\/li>\n<li>\n<h3>L\u00e4mplig sm\u00f6rjning<\/h3>\n<p>Det \u00e4r viktigt att anv\u00e4nda r\u00e4tt typ och m\u00e4ngd hydraulolja f\u00f6r sm\u00f6rjning. Se till att oljan \u00e4r ren f\u00f6r att f\u00f6rhindra kontaminering och slitage.<\/p>\n<\/li>\n<li>\n<h3>Byte och kalibrering av t\u00e4tning<\/h3>\n<p>Byt regelbundet ut t\u00e4tningar som en del av underh\u00e5llskontroller. Kalibrering av hydraulsystemet b\u00f6r ocks\u00e5 utf\u00f6ras f\u00f6r att s\u00e4kerst\u00e4lla optimal prestanda.<\/p>\n<\/li>\n<\/ul>\n<p><img decoding=\"async\" src=\"https:\/\/www.hydraulic-cylinders.net\/wp-content\/uploads\/2025\/04\/songte-chushion-collar.webp\" alt=\"Kuddekrage\"><\/p>\n<h2>S\u00e4kerhetsaspekter och milj\u00f6faktorer<\/h2>\n<p>Det \u00e4r avg\u00f6rande att implementera s\u00e4kerhets\u00e5tg\u00e4rder vid anv\u00e4ndning av bomcylindrar. Operat\u00f6rer b\u00f6r utbildas f\u00f6r att hantera utrustning p\u00e5 ett s\u00e4kert s\u00e4tt, inklusive att f\u00f6rst\u00e5 viktbegr\u00e4nsningar och korrekt anv\u00e4ndning av hydraulsystem. Regelbundet underh\u00e5ll och efterlevnad av s\u00e4kerhetsprotokoll kan avsev\u00e4rt minska risken f\u00f6r olyckor.<\/p>\n<h2>Feldiagnos och vanliga problem<\/h2>\n<ul>\n<li>\n<h3>Hydrauliska l\u00e4ckor<\/h3>\n<p>L\u00e4ckage kan tyda p\u00e5 slitna t\u00e4tningar eller skadade komponenter. Inspektera t\u00e4tningar och kopplingar, dra \u00e5t eller byt ut dem vid behov f\u00f6r att f\u00f6rhindra v\u00e4tskef\u00f6rlust.<\/p>\n<\/li>\n<li>\n<h3>L\u00e5ngsam drift<\/h3>\n<p>Om bomcylindern arbetar l\u00e5ngsamt, kontrollera hydraulv\u00e4tskeniv\u00e5erna och se till att det inte finns n\u00e5gra blockeringar i ledningarna. Luft i systemet kan ocks\u00e5 orsaka l\u00e5ngsam drift.<\/p>\n<\/li>\n<li>\n<h3>Ovanliga ljud<\/h3>\n<p>Ovanliga ljud under drift kan tyda p\u00e5 interna skador eller l\u00e5g hydraulv\u00e4tska. Unders\u00f6k omedelbart f\u00f6r att undvika allvarliga skador.<\/p>\n<\/li>\n<\/ul>\n<p>Genom att f\u00f6lja dessa diagnostiska tips kan f\u00f6rare effektivt fels\u00f6ka problem och bibeh\u00e5lla bomcylindrarnas h\u00f6gsta prestanda.<\/p>\n<h2>F\u00f6retags\u00f6versikt<\/h2>\n<p>Vi \u00e4r en tillverkare som specialiserar oss p\u00e5 hydrauliska reservcylindrar, med ett varierat produktsortiment som positionerar oss som en ledande producent och grossist p\u00e5 b\u00e5de inhemska och internationella marknader. V\u00e5rt engagemang f\u00f6r excellens \u00e5terspeglas i v\u00e5ra f\u00f6rfinade tillverkningsprocesser och efterlevnad av h\u00f6ga kvalitetsstandarder.<\/p>\n<p>Vi anv\u00e4nder oss av skicklig arbetsstyrka, avancerad digital tillverkningsutrustning och robusta testsystem f\u00f6r att f\u00f6rb\u00e4ttra v\u00e5r produktionskapacitet. V\u00e5rt fokus p\u00e5 h\u00f6g effektivitet, precision och kvalitet g\u00f6r det m\u00f6jligt f\u00f6r oss att effektivt m\u00f6ta v\u00e5ra kunders olika behov.<\/p>\n<p>Dessutom erbjuder vi skr\u00e4ddarsydda tj\u00e4nster som s\u00e4kerst\u00e4ller att v\u00e5ra produkter uppfyller specifika applikationskrav. V\u00e5ra internationella certifieringar bekr\u00e4ftar v\u00e5rt engagemang f\u00f6r kvalitet och tillf\u00f6rlitlighet, medan v\u00e5r dedikerade eftermarknadssupport s\u00e4kerst\u00e4ller kundn\u00f6jdhet.<\/p>\n<p><img decoding=\"async\" src=\"https:\/\/www.hydraulic-cylinders.net\/wp-content\/uploads\/2025\/04\/songte-company-4.webp\" alt=\"F\u00f6retagsbild\"><br \/>\n<img decoding=\"async\" src=\"https:\/\/www.hydraulic-cylinders.net\/wp-content\/uploads\/2025\/04\/songte-company-3.webp\" alt=\"F\u00f6retagsbild\"><\/p>\n<p>F\u00f6rfattare: lyl<\/p>","protected":false},"excerpt":{"rendered":"<p>Boom Cylinder For Bonny WZY32-7 Introduction to Boom Cylinders The boom cylinder, specifically designed for heavy machinery like the Bonny WZY32-7, is an essential component within hydraulic systems. These cylinders are responsible for controlling the movement of the bucket in various heavy equipment such as excavators, backhoe loaders, and front-end loaders. They enable the bucket [&hellip;]<\/p>","protected":false},"featured_media":17880,"comment_status":"open","ping_status":"closed","template":"","meta":{"_et_pb_use_builder":"","_et_pb_old_content":"","_et_gb_content_width":""},"product_brand":[],"product_cat":[1546],"product_tag":[1547,1496],"class_list":{"0":"post-19647","1":"product","2":"type-product","3":"status-publish","4":"has-post-thumbnail","6":"product_cat-boom-cylinders","7":"product_tag-boom-cylinders","8":"product_tag-hydraulic-cylinders","10":"first","11":"instock","12":"shipping-taxable","13":"product-type-simple"},"amp_enabled":true,"_links":{"self":[{"href":"https:\/\/www.hydraulic-cylinders.net\/sv\/wp-json\/wp\/v2\/product\/19647","targetHints":{"allow":["GET"]}}],"collection":[{"href":"https:\/\/www.hydraulic-cylinders.net\/sv\/wp-json\/wp\/v2\/product"}],"about":[{"href":"https:\/\/www.hydraulic-cylinders.net\/sv\/wp-json\/wp\/v2\/types\/product"}],"replies":[{"embeddable":true,"href":"https:\/\/www.hydraulic-cylinders.net\/sv\/wp-json\/wp\/v2\/comments?post=19647"}],"wp:featuredmedia":[{"embeddable":true,"href":"https:\/\/www.hydraulic-cylinders.net\/sv\/wp-json\/wp\/v2\/media\/17880"}],"wp:attachment":[{"href":"https:\/\/www.hydraulic-cylinders.net\/sv\/wp-json\/wp\/v2\/media?parent=19647"}],"wp:term":[{"taxonomy":"product_brand","embeddable":true,"href":"https:\/\/www.hydraulic-cylinders.net\/sv\/wp-json\/wp\/v2\/product_brand?post=19647"},{"taxonomy":"product_cat","embeddable":true,"href":"https:\/\/www.hydraulic-cylinders.net\/sv\/wp-json\/wp\/v2\/product_cat?post=19647"},{"taxonomy":"product_tag","embeddable":true,"href":"https:\/\/www.hydraulic-cylinders.net\/sv\/wp-json\/wp\/v2\/product_tag?post=19647"}],"curies":[{"name":"wp","href":"https:\/\/api.w.org\/{rel}","templated":true}]}}