{"id":19650,"date":"2025-04-07T06:59:33","date_gmt":"2025-04-07T06:59:33","guid":{"rendered":"https:\/\/www.hydraulic-cylinders.net\/product\/boom-cylinder-for-bonny-ce400-5-400-7\/"},"modified":"2025-04-07T06:59:36","modified_gmt":"2025-04-07T06:59:36","slug":"boom-cylinder-for-bonny-ce400-5-400-7","status":"publish","type":"product","link":"https:\/\/www.hydraulic-cylinders.net\/sv\/produkt\/boom-cylinder-for-bonny-ce400-5-400-7\/","title":{"rendered":"Bomcylinder f\u00f6r Bonny CE400-5\/400-7"},"content":{"rendered":"<h1>Bomcylinder f\u00f6r Bonny CE400-5\/400-7<\/h1>\n<h2>Introduktion till bomcylinder<\/h2>\n<p>Bomcylindern, speciellt utformad f\u00f6r modellerna Bonny CE400-5 och CE400-7, spelar en avg\u00f6rande roll i hydraulsystem som anv\u00e4nds i tunga maskiner. Denna hydraulcylinder \u00e4r avg\u00f6rande f\u00f6r att styra skopans r\u00f6relse i olika utrustningar som gr\u00e4vmaskiner, gr\u00e4vlastare och frontlastare. Den g\u00f6r att skopan kan lyftas, s\u00e4nkas och lutas, vilket underl\u00e4ttar effektiva materialhanteringsuppgifter.<\/p>\n<p><img decoding=\"async\" src=\"https:\/\/www.hydraulic-cylinders.net\/wp-content\/uploads\/2025\/04\/songte-company-1.webp\" alt=\"Bomcylinder\" \/><\/p>\n<h3>Definition och \u00f6versikt<\/h3>\n<p>En skopcylinder \u00e4r en typ av hydraulcylinder som \u00e4r speciellt utformad f\u00f6r att man\u00f6vrera en skopa p\u00e5 tunga maskiner. Den \u00e4r avg\u00f6rande f\u00f6r uppgifter som gr\u00e4vning, lyftning och transport av material. Den hydrauliska mekanismen m\u00f6jligg\u00f6r smidiga och kraftfulla r\u00f6relser, vilket \u00f6kar produktiviteten och effektiviteten p\u00e5 byggarbetsplatser och andra till\u00e4mpningar. Konstruktionen av dessa cylindrar s\u00e4kerst\u00e4ller att de t\u00e5l h\u00f6ga tryck och tunga belastningar, vilket g\u00f6r dem oumb\u00e4rliga inom bygg- och jordbrukssektorn.<\/p>\n<h2>Funktioner hos bomcylindern<\/h2>\n<ul>\n<li><strong>H\u00f6g styrka och h\u00e5llbarhet:<\/strong> Tillverkade av h\u00f6gh\u00e5llfast st\u00e5l eller aluminium, t\u00e5l dessa cylindrar h\u00f6gt tryck och tunga belastningar, \u00e4r l\u00e4mpliga f\u00f6r tuffa arbetsmilj\u00f6er, med design\u00f6verv\u00e4ganden f\u00f6r slitstyrka och korrosionsskydd f\u00f6r att f\u00f6rl\u00e4nga livsl\u00e4ngden.<\/li>\n<li><strong>Effektiv hydraulisk drift:<\/strong> Anv\u00e4nder hydrauliskt oljetryck f\u00f6r smidig ut- och indragning, vilket ger snabb respons p\u00e5 kontrollkommandon och levererar starka tryck- och dragkrafter, idealiskt f\u00f6r hantering av tunga material och komplexa uppgifter.<\/li>\n<li><strong>Olika typer:<\/strong> Finns i enkelverkande (hydraulisk anv\u00e4ndning i en riktning) eller dubbelverkande (hydraulisk anv\u00e4ndning i b\u00e5da riktningarna) konfigurationer f\u00f6r att m\u00f6ta olika driftsbehov. Vissa modeller \u00e4r teleskopiska, vilket m\u00f6jligg\u00f6r st\u00f6rre utbyggnad utan att \u00f6ka de yttre m\u00e5tten, perfekt f\u00f6r applikationer med begr\u00e4nsat utrymme.<\/li>\n<li><strong>Anpassningsbara alternativ:<\/strong> V\u00e5ra tillverkningsm\u00f6jligheter m\u00f6jligg\u00f6r skr\u00e4ddarsydda l\u00f6sningar anpassade till specifika maskiner och driftskrav, vilket s\u00e4kerst\u00e4ller optimal prestanda och integration med befintliga system.<\/li>\n<li><strong>Omfattande ers\u00e4ttningsl\u00f6sningar:<\/strong> V\u00e5ra produkter fungerar som perfekta ers\u00e4ttare f\u00f6r befintliga hydraulcylindrar, vilket s\u00e4kerst\u00e4ller kompatibilitet och tillf\u00f6rlitlighet.<\/li>\n<\/ul>\n<p><img decoding=\"async\" src=\"https:\/\/www.hydraulic-cylinders.net\/wp-content\/uploads\/2025\/04\/songte-cylinder-head-with-all-kinds-excavator-models.webp\" alt=\"Hydrauliska cylindermodeller\" \/><\/p>\n<h2>Anv\u00e4ndningsomr\u00e5den f\u00f6r bomcylindern<\/h2>\n<h3>Byggutrustning<\/h3>\n<p>I gr\u00e4vmaskiner \u00e4r bomcylindrar avg\u00f6rande f\u00f6r gr\u00e4vning, lastning och f\u00f6rflyttning av jord eller skr\u00e4p. Deras f\u00f6rm\u00e5ga att ge exakt kontroll g\u00f6r det m\u00f6jligt f\u00f6r f\u00f6rare att utf\u00f6ra uppgifter effektivt, maximera produktiviteten och minimera stillest\u00e5ndstiden. Kraften hos dessa cylindrar g\u00f6r det m\u00f6jligt f\u00f6r dem att hantera olika material, vilket g\u00f6r dem viktiga f\u00f6r byggprojekt.<\/p>\n<h3>Jordbruksmaskiner<\/h3>\n<p>I frontlastare anv\u00e4nds bomcylindrar f\u00f6r att skopa, lyfta och transportera jord, h\u00f6 och andra material. Deras robusta design s\u00e4kerst\u00e4ller att de kan hantera kraven i jordbruksarbetet och ger p\u00e5litlig prestanda f\u00f6r jordbrukare som \u00e4r beroende av dessa maskiner f\u00f6r den dagliga driften.<\/p>\n<h3>Gr\u00e4vmaskiner<\/h3>\n<p>Gr\u00e4vmaskiner f\u00f6rlitar sig p\u00e5 bomcylindrar f\u00f6r att tr\u00e4nga ner i jorden vid gr\u00e4vning. Dessa cylindrar m\u00f6jligg\u00f6r djup gr\u00e4vning, vilket g\u00f6r att f\u00f6rarna effektivt kan n\u00e5 n\u00f6dv\u00e4ndiga djup. Precisionen och styrkan som dessa hydrauliska komponenter ger \u00e4r avg\u00f6rande f\u00f6r framg\u00e5ngsrika gr\u00e4vuppgifter.<\/p>\n<h3>Lastare<\/h3>\n<p>Hos frontlastare hj\u00e4lper bomcylindrar till att lyfta och dumpa laster effektivt. Deras f\u00f6rm\u00e5ga att ge betydande lyftkraft s\u00e4kerst\u00e4ller att f\u00f6rarna kan utf\u00f6ra sitt arbete med l\u00e4tthet, vilket f\u00f6rb\u00e4ttrar den totala driftseffektiviteten.<\/p>\n<h2>Design\u00f6verv\u00e4ganden och urvalskriterier<\/h2>\n<h3>Lastkapacitet<\/h3>\n<p>N\u00e4r man v\u00e4ljer en bomcylinder \u00e4r det viktigt att f\u00f6rst\u00e5 dess lastkapacitet. Cylindern m\u00e5ste kunna hantera de maximala belastningar som f\u00f6rv\u00e4ntas under drift utan att kompromissa med s\u00e4kerhet eller prestanda. \u00d6verbelastning kan leda till cylinderfel, vilket orsakar skador p\u00e5 b\u00e5de utrustningen och f\u00f6raren.<\/p>\n<h3>T\u00e4tning<\/h3>\n<p>Effektiv t\u00e4tning \u00e4r avg\u00f6rande f\u00f6r att bibeh\u00e5lla hydraultrycket och f\u00f6rhindra l\u00e4ckage. H\u00f6gkvalitativa t\u00e4tningar s\u00e4kerst\u00e4ller att hydrauloljan f\u00f6rblir kvar i cylindern, vilket maximerar effektiviteten och minimerar behovet av frekvent underh\u00e5ll. T\u00e4tningar m\u00e5ste v\u00e4ljas baserat p\u00e5 deras kompatibilitet med hydraulv\u00e4tskor och deras f\u00f6rm\u00e5ga att motst\u00e5 slitage.<\/p>\n<h3>Varaktighet<\/h3>\n<p>H\u00e5llbarhet \u00e4r en nyckelfaktor vid konstruktionen av bomcylindrar. De m\u00e5ste kunna motst\u00e5 slitage fr\u00e5n konstant drift i kr\u00e4vande milj\u00f6er. Materialen som anv\u00e4nds i konstruktionen b\u00f6r vara av h\u00f6g kvalitet och behandlade f\u00f6r att \u00f6ka deras livsl\u00e4ngd mot korrosion och andra skadliga faktorer.<\/p>\n<h3>S\u00e4kerhet<\/h3>\n<p>S\u00e4kerhet \u00e4r av st\u00f6rsta vikt vid konstruktionen av hydraulcylindrar. Funktioner som \u00f6verbelastningsskydd och n\u00f6dstoppsmekanismer \u00e4r avg\u00f6rande f\u00f6r att f\u00f6rhindra olyckor under drift. Regelbundna s\u00e4kerhetsrevisioner och efterlevnad av branschstandarder spelar en viktig roll f\u00f6r att s\u00e4kerst\u00e4lla operat\u00f6rernas s\u00e4kerhet.<\/p>\n<h3>Underh\u00e5ll<\/h3>\n<p>Underh\u00e5lls\u00e5tg\u00e4rder \u00e4r avg\u00f6rande f\u00f6r bomcylindrarnas livsl\u00e4ngd. En design som m\u00f6jligg\u00f6r enkel \u00e5tkomst till komponenter f\u00f6r regelbunden kontroll och service kan avsev\u00e4rt minska driftstoppen. Noggrann planering av underh\u00e5llsscheman hj\u00e4lper till att f\u00f6rhindra pl\u00f6tsliga fel.<\/p>\n<p><img decoding=\"async\" src=\"https:\/\/www.hydraulic-cylinders.net\/wp-content\/uploads\/2025\/04\/songte-oil-pipes-and-spare-parts.webp\" alt=\"Hydrauliska komponenter\" \/><\/p>\n<h2>T\u00e4tning och sm\u00f6rjning<\/h2>\n<p>Korrekt t\u00e4tning och sm\u00f6rjning \u00e4r avg\u00f6rande f\u00f6r bomcylindrars prestanda. Olika t\u00e4tningar, s\u00e5som kolvt\u00e4tningar och st\u00e5ngt\u00e4tningar, \u00e4r utformade f\u00f6r att f\u00f6rhindra l\u00e4ckage och bibeh\u00e5lla trycket. Att v\u00e4lja material som polyuretan och nitrilgummi f\u00f6rb\u00e4ttrar h\u00e5llbarheten mot slitage. Precisionsbearbetning av cylinderhuset och g\u00e4ngade \u00e4ndar f\u00f6rb\u00e4ttrar slitstyrkan, vilket s\u00e4kerst\u00e4ller en l\u00e4ngre livsl\u00e4ngd. Regelbunden sm\u00f6rjning med hydraulolja \u00e4r avg\u00f6rande f\u00f6r att minska friktion och slitage p\u00e5 r\u00f6rliga delar, vilket f\u00f6rb\u00e4ttrar cylinderns effektivitet och funktionalitet.<\/p>\n<h2>F\u00f6rebyggande underh\u00e5lls\u00e5tg\u00e4rder<\/h2>\n<ul>\n<li><strong>Regelbundna inspektioner:<\/strong> Att utf\u00f6ra regelbundna inspektioner hj\u00e4lper till att identifiera potentiella problem tidigt, vilket f\u00f6rhindrar kostsamma reparationer och driftstopp. Leta efter tecken p\u00e5 slitage, l\u00e4ckor eller andra avvikelser.<\/li>\n<li><strong>L\u00e4mplig sm\u00f6rjning:<\/strong> Se till att hydrauloljeniv\u00e5erna \u00e4r tillr\u00e4ckliga och att oljan \u00e4r av r\u00e4tt kvalitet. Detta minskar friktion och slitage, vilket f\u00f6rl\u00e4nger cylinderns livsl\u00e4ngd.<\/li>\n<li><strong>Byte av t\u00e4tning:<\/strong> Kontrollera regelbundet t\u00e4tningarna f\u00f6r slitage och byt ut dem vid behov f\u00f6r att bibeh\u00e5lla hydraultrycket och f\u00f6rhindra l\u00e4ckage.<\/li>\n<\/ul>\n<h2>Installationsriktlinjer<\/h2>\n<p>Korrekt installation av bomcylindrar \u00e4r avg\u00f6rande f\u00f6r optimal prestanda. B\u00f6rja med att s\u00e4kerst\u00e4lla att monteringspunkterna p\u00e5 b\u00e5de cylindern och maskinen \u00e4r rena och fria fr\u00e5n skr\u00e4p. Anv\u00e4nd l\u00e4mpliga justeringsverktyg f\u00f6r att s\u00e4kerst\u00e4lla att cylindern \u00e4r perfekt justerad med monteringsf\u00e4stena. Anv\u00e4nd n\u00f6dv\u00e4ndig h\u00e5rdvara f\u00f6r att f\u00e4sta cylindern ordentligt p\u00e5 plats och se till att den har ett bra st\u00f6d under drift. Efter installationen, kontrollera att hydrauliska anslutningar \u00e4r korrekta och fyll systemet med hydraulolja enligt tillverkarens specifikationer. Slutligen, utf\u00f6r en testk\u00f6rning f\u00f6r att verifiera att cylindern fungerar smidigt utan l\u00e4ckor.<\/p>\n<p><img decoding=\"async\" src=\"https:\/\/www.hydraulic-cylinders.net\/wp-content\/uploads\/2025\/04\/songte-chushion-collar.webp\" alt=\"Kuddekrage\" \/><\/p>\n<h2>Underh\u00e5llsuppgifter<\/h2>\n<ul>\n<li><strong>Regelbundna inspektioner:<\/strong> Regelbundna inspektioner hj\u00e4lper till att identifiera slitage och potentiella fel. Kontroll av tecken p\u00e5 l\u00e4ckor eller korrosion kan f\u00f6rhindra ov\u00e4ntade driftstopp. Schemal\u00e4gg inspektioner baserat p\u00e5 anv\u00e4ndning f\u00f6r att s\u00e4kerst\u00e4lla tillr\u00e4cklig \u00f6vervakning.<\/li>\n<li><strong>Korrekt sm\u00f6rjning:<\/strong> Sm\u00f6rjning av r\u00f6rliga delar minskar friktion och slitage, vilket \u00f6kar bomcylinderns livsl\u00e4ngd. Anv\u00e4nd rekommenderad hydraulolja och f\u00f6lj tillverkarens riktlinjer f\u00f6r sm\u00f6rjintervall.<\/li>\n<li><strong>Byte av t\u00e4tning:<\/strong> Kontrollera regelbundet t\u00e4tningarna f\u00f6r att se om de \u00e4r slitna. Genom att byta ut slitna t\u00e4tningar snabbt bibeh\u00e5lls hydraultrycket och l\u00e4ckage f\u00f6rhindras, vilket s\u00e4kerst\u00e4ller problemfri drift.<\/li>\n<\/ul>\n<h2>S\u00e4kerhetsaspekter och milj\u00f6faktorer<\/h2>\n<p>Det \u00e4r viktigt att vidta s\u00e4kerhets\u00e5tg\u00e4rder vid anv\u00e4ndning av bomcylindrar. Operat\u00f6rer b\u00f6r utbildas f\u00f6r att f\u00f6rst\u00e5 utrustningens begr\u00e4nsningar och f\u00f6lja lastkapaciteten. S\u00e4kerhetsutrustning och riktlinjer b\u00f6r f\u00f6ljas strikt f\u00f6r att f\u00f6rhindra olyckor. Milj\u00f6m\u00e4ssigt \u00e4r det avg\u00f6rande att hantera spill och l\u00e4ckor av hydraulolja f\u00f6r att minimera p\u00e5verkan. Anv\u00e4ndning av milj\u00f6v\u00e4nliga hydraulv\u00e4tskor kan ocks\u00e5 minska milj\u00f6riskerna i samband med hydrauliska maskiner.<\/p>\n<h2>Fels\u00f6kning och vanliga problem<\/h2>\n<ul>\n<li><strong>L\u00e4ckage:<\/strong> L\u00e4ckage kan uppst\u00e5 p\u00e5 grund av slitna t\u00e4tningar eller skadade slangar. Kontrollera om det finns oljefl\u00e4ckar under utrustningen och inspektera t\u00e4tningarna f\u00f6r tecken p\u00e5 slitage.<\/li>\n<li><strong>Svarsl\u00f6s cylinder:<\/strong> Om cylindern inte reagerar, kontrollera hydraulv\u00e4tskeniv\u00e5erna och se till att det inte finns n\u00e5gra blockeringar i hydraulledningarna.<\/li>\n<li><strong>\u00d6verdrivet buller:<\/strong> Ovanliga ljud kan tyda p\u00e5 luft i hydraulsystemet. Lufta systemet f\u00f6r att sl\u00e4ppa ut luft och s\u00e4kerst\u00e4lla problemfri drift.<\/li>\n<\/ul>\n<h2>Fels\u00f6kningstips<\/h2>\n<p>F\u00f6r att effektivt diagnostisera och l\u00f6sa problem med bomcylindern, b\u00f6rja med att kontrollera hydraulv\u00e4tskeniv\u00e5erna och leta efter l\u00e4ckor. Se till att anslutningarna \u00e4r \u00e5tdragna och fria fr\u00e5n slitage. Regelbundet f\u00f6rebyggande underh\u00e5ll kan mildra vanliga problem. Om problemen kvarst\u00e5r, kontakta en fackman f\u00f6r att utf\u00f6ra en grundlig inspektion och reparation. Att f\u00f6ra logg \u00f6ver underh\u00e5llsaktiviteter och observationer kan hj\u00e4lpa till att identifiera m\u00f6nster och f\u00f6rhindra framtida problem.<\/p>\n<p><img decoding=\"async\" src=\"https:\/\/www.hydraulic-cylinders.net\/wp-content\/uploads\/2025\/04\/songte-bushings-with-all-kinds-of-excavator-models.webp\" alt=\"Bussningsmodeller\" \/><\/p>\n<h2>Om v\u00e5rt f\u00f6retag<\/h2>\n<p>Vi \u00e4r en ledande tillverkare och distribut\u00f6r av hydraulcylindrar f\u00f6r reservdelar och erbjuder ett omfattande produktsortiment till den inhemska och internationella marknaden. V\u00e5rt engagemang f\u00f6r excellens understryks av v\u00e5ra f\u00f6rfinade tillverkningsstrategier och integrationen av avancerad teknik. Genom att anv\u00e4nda skickliga yrkesm\u00e4n, digital h\u00f6gkvalitativ tillverkningsutrustning och specialiserade testsystem f\u00f6rb\u00e4ttrar vi kontinuerligt v\u00e5r produktionskapacitet och produktkvalitet. V\u00e5rt fokus p\u00e5 effektivitet, precision och h\u00f6g kvalitet g\u00f6r det m\u00f6jligt f\u00f6r oss att m\u00f6ta olika kunders behov.<\/p>\n<p><img decoding=\"async\" src=\"https:\/\/www.hydraulic-cylinders.net\/wp-content\/uploads\/2025\/04\/songte-company-4.webp\" alt=\"F\u00f6retags\u00f6versikt\" \/><br \/>\n<img decoding=\"async\" src=\"https:\/\/www.hydraulic-cylinders.net\/wp-content\/uploads\/2025\/04\/songte-company-3.webp\" alt=\"Tillverkningsprocess\" \/><\/p>\n<p>Vi \u00e4r stolta \u00f6ver v\u00e5rt professionella tillv\u00e4gag\u00e5ngss\u00e4tt, internationella certifieringar och kundanpassningstj\u00e4nster. V\u00e5ra produktionsanl\u00e4ggningar \u00e4r utrustade med avancerade maskiner f\u00f6r att s\u00e4kerst\u00e4lla h\u00f6gkvalitativa resultat, medan v\u00e5r eftermarknadsservice garanterar kundn\u00f6jdhet och support.<\/p>\n<p>F\u00f6rfattare: lyl<\/p>","protected":false},"excerpt":{"rendered":"<p>Boom Cylinder For Bonny CE400-5\/400-7 Introduction to Boom Cylinder The Boom Cylinder, specifically designed for the Bonny CE400-5 and CE400-7 models, plays a crucial role in hydraulic systems used in heavy machinery. This hydraulic cylinder is essential for controlling the movement of a bucket in various equipment such as excavators, backhoe loaders, and front loaders. [&hellip;]<\/p>","protected":false},"featured_media":17868,"comment_status":"open","ping_status":"closed","template":"","meta":{"_et_pb_use_builder":"","_et_pb_old_content":"","_et_gb_content_width":""},"product_brand":[],"product_cat":[1546],"product_tag":[1547,1496],"class_list":{"0":"post-19650","1":"product","2":"type-product","3":"status-publish","4":"has-post-thumbnail","6":"product_cat-boom-cylinders","7":"product_tag-boom-cylinders","8":"product_tag-hydraulic-cylinders","10":"first","11":"instock","12":"shipping-taxable","13":"product-type-simple"},"amp_enabled":true,"_links":{"self":[{"href":"https:\/\/www.hydraulic-cylinders.net\/sv\/wp-json\/wp\/v2\/product\/19650","targetHints":{"allow":["GET"]}}],"collection":[{"href":"https:\/\/www.hydraulic-cylinders.net\/sv\/wp-json\/wp\/v2\/product"}],"about":[{"href":"https:\/\/www.hydraulic-cylinders.net\/sv\/wp-json\/wp\/v2\/types\/product"}],"replies":[{"embeddable":true,"href":"https:\/\/www.hydraulic-cylinders.net\/sv\/wp-json\/wp\/v2\/comments?post=19650"}],"wp:featuredmedia":[{"embeddable":true,"href":"https:\/\/www.hydraulic-cylinders.net\/sv\/wp-json\/wp\/v2\/media\/17868"}],"wp:attachment":[{"href":"https:\/\/www.hydraulic-cylinders.net\/sv\/wp-json\/wp\/v2\/media?parent=19650"}],"wp:term":[{"taxonomy":"product_brand","embeddable":true,"href":"https:\/\/www.hydraulic-cylinders.net\/sv\/wp-json\/wp\/v2\/product_brand?post=19650"},{"taxonomy":"product_cat","embeddable":true,"href":"https:\/\/www.hydraulic-cylinders.net\/sv\/wp-json\/wp\/v2\/product_cat?post=19650"},{"taxonomy":"product_tag","embeddable":true,"href":"https:\/\/www.hydraulic-cylinders.net\/sv\/wp-json\/wp\/v2\/product_tag?post=19650"}],"curies":[{"name":"wp","href":"https:\/\/api.w.org\/{rel}","templated":true}]}}